{"id":5517,"date":"1970-01-01T00:00:00","date_gmt":"1970-01-01T00:00:00","guid":{"rendered":"https:\/\/elfsight.com\/it\/?page_id=5517"},"modified":"2024-11-12T08:07:35","modified_gmt":"2024-11-12T08:07:35","slug":"squarespace","status":"publish","type":"page","link":"https:\/\/elfsight.com\/it\/qr-code-widget\/squarespace\/","title":{"rendered":"QR Code &#8211; Squarespace"},"content":{"rendered":"<div class=\"application-platform-content-item-description application-platform-content-item\" id=\"description\" data-nav-section=\"description\"> <h2>Incorpora il codice QR su Squarespace con il widget Elfsight<\/h2> <p>Elfsight QR Code \u00e8 un potente plugin per Squarespace che ti consente di reindirizzare istantaneamente utenti a qualsiasi sito, condividi un collegamento, la tua posizione, un&#8217;e-mail, un file e molto altro. Il plugin \u00e8 estremamente regolabile: puoi allegare un titolo, una didascalia, scegliere l&#8217;icona e il tipo di logo dalla nostra libreria o caricarne uno tuo, ridipingere il testo, lo sfondo, la cornice e modificare le dimensioni del widget nel modo in cui si adatta al tuo sito web. Tutto quello che devi fare \u00e8 iniziare a dare forma al tuo strumento personalizzato: l&#8217;installazione non \u00e8 sofisticata e non richieder\u00e0 alcuna competenza di codifica da parte tua. <\/p> <p><b>Integra il generatore di codici QR nel tuo sito web Squarespace e porta i visitatori direttamente dove desideri e ottimizza il consumo di contenuti<\/b><\/p> <\/div> <div class=\"application-platform-content-item-features application-platform-content-item\" id=\"features\" data-nav-section=\"features\"> <h2>Visualizza l&#8217;elenco delle funzionalit\u00e0 pi\u00f9 importanti: <\/h2> <ul><li>Accesso immediato ai tuoi contenuti<\/li><li>Allega qualsiasi testo<\/li><li>8 loghi commutabili <\/li><li>15 icone intercambiabili disponibili<\/li><li>Ricolora tutte le parti del widget<\/li><\/ul><p><a href=\"#demo\">Prova tutte le funzionalit\u00e0 di personalizzazione per intero demo in primo piano<\/a><\/p> <\/div> <div class=\"application-platform-content-item-installation application-platform-content-item\" id=\"installation\" data-nav-section=\"installation\"> <h2>Come aggiungere il codice QR al mio sito web Squarespace?<\/h2> <p>Applica semplicemente le istruzioni seguenti per integrare il plugin.<\/p> <ol><li><b>Apri la nostra demo gratuita e inizia a dare forma al tuo plugin personalizzato.<\/b><br> Specifica il design e le funzionalit\u00e0 preferite del widget e salva le correzioni.<\/p> li&gt; <li><b>Ricevi il codice individuale esposto nel box su Elfsight Apps. <\/b><br> Dopo aver completato la configurazione del tuo widget, copia il codice personale nella casella visualizzata e conservalo per necessit\u00e0 future.<\/li> <li><b>Avvia l&#8217;applicazione del plugin sul sito web di Squarespace. <\/b><br> Inserisci il codice che hai salvato in precedenza nella tua home page e applica le correzioni.<\/li> <li><b>Il gioco \u00e8 fatto! L&#8217;integrazione \u00e8 completamente terminata.<\/b><br> Vai al tuo sito per controllare le prestazioni del plugin.<\/li><\/ol> <p>A condizione di gestire richieste o di incontrare alcune difficolt\u00e0, fai domanda per il nostro team di assistenza clienti. I nostri consulenti saranno felici di risolvere tutti i problemi che potresti avere con il plugin.<\/p> <div class=\"faq\" data-component=\"FAQ\"><div class=\"faq-item\">\r\n\t\t\t\t\t<div class=\"faq-item-question\">\r\n\t\t\t\t\t\t<h3 class=\"faq-item-question-text\">Esiste un modo per incorporare il codice QR nel mio sito web Squarespace senza conoscere la programmazione?<\/h3>\r\n\r\n\t\t\t\t\t\t<div class=\"faq-item-question-icon\"><\/div>\r\n\t\t\t\t\t<\/div>\r\n\r\n\t\t\t\t\t<div class=\"faq-item-answer\">\r\n\t\t\t\t\t\t<div class=\"faq-item-answer-text\"> <p> Elfsight presenta una soluzione che consente agli utenti di creare da soli un&#8217;app QR Code, scopri quanto \u00e8 semplice il processo: vai all&#8217;editor live per creare una sezione del codice QR che desideri incorporare nella tua pagina web Squarespace. Scegli uno dei modelli predefiniti e modifica le impostazioni del codice QR, modifica il layout e il colore degli elementi, aggiungi i tuoi contenuti, senza codifica. Salva il codice QR e ottieni il relativo codice di installazione, che pu\u00f2 essere facilmente incorporato nel sito Squarespace all&#8217;interno di un piano gratuito. Lavorando nel nostro semplice editor, ogni utente di Internet pu\u00f2 creare un codice QR e incorporarlo facilmente in qualsiasi sito Squarespace. Non \u00e8 necessario sottoscrivere un abbonamento a pagamento o inviare le credenziali della carta per accedere al servizio Elfsight. Se riscontri problemi di qualsiasi tipo, non esitare a rivolgerti al nostro team di supporto tecnico.<\/p> <\/div>\r\n\t\t\t\t\t<\/div>\r\n\t\t\t\t<\/div> <\/div><\/div>","protected":false},"excerpt":{"rendered":"","protected":false},"author":9,"featured_media":0,"parent":2541,"menu_order":0,"comment_status":"closed","ping_status":"closed","template":"templates\/template-application-platform.php","meta":{"publish_to_discourse":"","publish_post_category":"","wpdc_auto_publish_overridden":"","wpdc_topic_tags":"","wpdc_pin_topic":"","wpdc_pin_until":"","discourse_post_id":"","discourse_permalink":"","wpdc_publishing_response":"","wpdc_publishing_error":"","footnotes":""},"class_list":["post-5517","page","type-page","status-publish","hentry"],"yoast_head":"<!-- This site is optimized with the Yoast SEO plugin v25.3.1 - https:\/\/yoast.com\/wordpress\/plugins\/seo\/ -->\n<title>Generatore di codici QR: aggiungi il plug-in di codici QR a Squarespace [2025]<\/title>\n<meta name=\"description\" content=\"Crea rapidamente il tuo generatore di codici QR personalizzato per il sito web Squarespace. Applica semplicemente la nostra demo e il tuo plugin verr\u00e0 creato in meno di due minuti.\" \/>\n<meta name=\"robots\" content=\"index, follow, max-snippet:-1, max-image-preview:large, max-video-preview:-1\" \/>\n<link rel=\"canonical\" href=\"https:\/\/elfsight.com\/it\/qr-code-widget\/squarespace\/\" \/>\n<meta property=\"og:locale\" content=\"it_IT\" \/>\n<meta property=\"og:type\" content=\"article\" \/>\n<meta property=\"og:title\" content=\"Generatore di codici QR: aggiungi il plug-in di codici QR a Squarespace [2025]\" \/>\n<meta property=\"og:description\" content=\"Crea rapidamente il tuo generatore di codici QR personalizzato per il sito web Squarespace. Applica semplicemente la nostra demo e il tuo plugin verr\u00e0 creato in meno di due minuti.\" \/>\n<meta property=\"og:url\" content=\"https:\/\/elfsight.com\/it\/qr-code-widget\/squarespace\/\" \/>\n<meta property=\"og:site_name\" content=\"Elfsight IT\" \/>\n<meta property=\"article:modified_time\" content=\"2024-11-12T08:07:35+00:00\" \/>\n<meta name=\"twitter:card\" content=\"summary_large_image\" \/>\n<meta name=\"twitter:label1\" content=\"Tempo di lettura stimato\" \/>\n\t<meta name=\"twitter:data1\" content=\"3 minuti\" \/>\n<!-- \/ Yoast SEO plugin. -->","yoast_head_json":{"title":"Generatore di codici QR: aggiungi il plug-in di codici QR a Squarespace [2025]","description":"Crea rapidamente il tuo generatore di codici QR personalizzato per il sito web Squarespace. Applica semplicemente la nostra demo e il tuo plugin verr\u00e0 creato in meno di due minuti.","robots":{"index":"index","follow":"follow","max-snippet":"max-snippet:-1","max-image-preview":"max-image-preview:large","max-video-preview":"max-video-preview:-1"},"canonical":"https:\/\/elfsight.com\/it\/qr-code-widget\/squarespace\/","og_locale":"it_IT","og_type":"article","og_title":"Generatore di codici QR: aggiungi il plug-in di codici QR a Squarespace [2025]","og_description":"Crea rapidamente il tuo generatore di codici QR personalizzato per il sito web Squarespace. Applica semplicemente la nostra demo e il tuo plugin verr\u00e0 creato in meno di due minuti.","og_url":"https:\/\/elfsight.com\/it\/qr-code-widget\/squarespace\/","og_site_name":"Elfsight IT","article_modified_time":"2024-11-12T08:07:35+00:00","twitter_card":"summary_large_image","twitter_misc":{"Tempo di lettura stimato":"3 minuti"},"schema":{"@context":"https:\/\/schema.org","@graph":[{"@type":"WebPage","@id":"https:\/\/elfsight.com\/it\/qr-code-widget\/squarespace\/","url":"https:\/\/elfsight.com\/it\/qr-code-widget\/squarespace\/","name":"Generatore di codici QR: aggiungi il plug-in di codici QR a Squarespace [2025]","isPartOf":{"@id":"https:\/\/elfsight.com\/it\/#website"},"datePublished":"1970-01-01T00:00:00+00:00","dateModified":"2024-11-12T08:07:35+00:00","description":"Crea rapidamente il tuo generatore di codici QR personalizzato per il sito web Squarespace. Applica semplicemente la nostra demo e il tuo plugin verr\u00e0 creato in meno di due minuti.","breadcrumb":{"@id":"https:\/\/elfsight.com\/it\/qr-code-widget\/squarespace\/#breadcrumb"},"inLanguage":"it-IT","potentialAction":[{"@type":"ReadAction","target":["https:\/\/elfsight.com\/it\/qr-code-widget\/squarespace\/"]}]},{"@type":"BreadcrumbList","@id":"https:\/\/elfsight.com\/it\/qr-code-widget\/squarespace\/#breadcrumb","itemListElement":[{"@type":"ListItem","position":1,"name":"Home","item":"https:\/\/elfsight.com\/it\/"},{"@type":"ListItem","position":2,"name":"QR Code","item":"https:\/\/elfsight.com\/it\/qr-code-widget\/"},{"@type":"ListItem","position":3,"name":"QR Code &#8211; Squarespace"}]},{"@type":"WebSite","@id":"https:\/\/elfsight.com\/it\/#website","url":"https:\/\/elfsight.com\/it\/","name":"Elfsight IT","description":"Just another Elfsight Sites site","potentialAction":[{"@type":"SearchAction","target":{"@type":"EntryPoint","urlTemplate":"https:\/\/elfsight.com\/it\/?s={search_term_string}"},"query-input":{"@type":"PropertyValueSpecification","valueRequired":true,"valueName":"search_term_string"}}],"inLanguage":"it-IT"}]}},"meta_box":{"industry":"","seo_heading":"","heading":"","description":"","cta_heading":"","cta_description":"","application":"2539","h1":"Generatore di codici QR di Squarespace","h1_caption":"Genera e visualizza un codice QR per accedere facilmente a URL, Wi-Fi, biglietti da visita e altro nel tuo sito web Squarespace senza sforzo.","application_category":[],"applications_title":"","applications_request_title":"","applications_request_button_text":"","hero_text":"","hero_video":"","hero_video_schema_markup":"","selling_points_title":"","selling_points_caption":"","selling_points":[],"selling_points_cta_text":"","features_title":"","features":"","ed_cta_examples_text":"","ed_cta_examples_hidden":"","ed_cta_demo_text":"","ed_cta_demo_hidden":"","why_caption":"","why_editor_title":"","why_editor_text":"","why_team_title":"","why_team_text":"","why_service_title":"","why_service_text":"","template_catalog_visible":"","template_catalog_title":"","template_catalog_text":"","template_catalog_categories_visible":"","demo_title":"Crea il tuo plugin per codice QR","demo_caption":"Configura il tuo codice QR e aggiungilo gratuitamente al tuo sito web Squarespace!","default_faq_hidden":"","app_template_category":[],"platform":"43","template_public_id":"","codecanyon_url":"","codecanyon_item_id":"","codecanyon_price":"","pricing_caption":"","pricing_elfsight_apps_hide_column":"","pricing_elfsight_apps_url":"","pricing_codecanyon_price_caption":"","integration_category":[],"integration_request_title":"","integration_request_cta":"","integration_platform":"","integrations":[],"platform_category":[],"video_schema_markup":"","price":"da $ 0 al mese","trial":"","benefits":[{"text":"Aiuto per l'installazione gratuito"},{"text":"Supporto premium"},{"text":"Garanzia di rimborso di 14 giorni"},{"text":"Futuri aggiornamenti gratuiti"}],"button_url":"#demo","button_target_blank":"","button_nofollow":"","attributes":[{"name":"Installazioni"},{"name":"Reattivo","content":"S\u00cc"},{"name":"Browser compatibili","content":"Firefox, Safari, Opera, Chrome, Edge"}],"tags":[],"tags_disable_links":"","hide_more_platforms":"","video_object":"","demo_hide_cta":"","demo_hide_cloud_options":"","pricing_title":"","pricing":[{"pricing_icon":"platform","pricing_title":"Elfsight Apps","pricing_title_caption":"Versione multipiattaforma che funziona su qualsiasi sito","pricing_price":"da $ 0 \/ mese","pricing_price_caption":"inizia con il piano gratuito","pricing_benefits":[{"text":"Domini illimitati"},{"text":"Supporto aziendale gratuito"},{"text":"Supporto gratuito per l'installazione"},{"text":"Progettazione flessibile"}],"pricing_button_text":"Aggiungi al sito web","pricing_button_url":"#demo"}],"related_apps_title":"","related_apps_hidden":"","author":"","image":[],"title":"","job":"","social_networks":[]},"_links":{"self":[{"href":"https:\/\/elfsight.com\/it\/wp-json\/wp\/v2\/pages\/5517","targetHints":{"allow":["GET"]}}],"collection":[{"href":"https:\/\/elfsight.com\/it\/wp-json\/wp\/v2\/pages"}],"about":[{"href":"https:\/\/elfsight.com\/it\/wp-json\/wp\/v2\/types\/page"}],"author":[{"embeddable":true,"href":"https:\/\/elfsight.com\/it\/wp-json\/wp\/v2\/users\/9"}],"replies":[{"embeddable":true,"href":"https:\/\/elfsight.com\/it\/wp-json\/wp\/v2\/comments?post=5517"}],"version-history":[{"count":1,"href":"https:\/\/elfsight.com\/it\/wp-json\/wp\/v2\/pages\/5517\/revisions"}],"predecessor-version":[{"id":5521,"href":"https:\/\/elfsight.com\/it\/wp-json\/wp\/v2\/pages\/5517\/revisions\/5521"}],"up":[{"embeddable":true,"href":"https:\/\/elfsight.com\/it\/wp-json\/wp\/v2\/pages\/2541"}],"wp:attachment":[{"href":"https:\/\/elfsight.com\/it\/wp-json\/wp\/v2\/media?parent=5517"}],"curies":[{"name":"wp","href":"https:\/\/api.w.org\/{rel}","templated":true}]}}