{"id":5516,"date":"1970-01-01T00:00:00","date_gmt":"1970-01-01T00:00:00","guid":{"rendered":"https:\/\/elfsight.com\/it\/?page_id=5516"},"modified":"2024-11-12T08:07:35","modified_gmt":"2024-11-12T08:07:35","slug":"webflow","status":"publish","type":"page","link":"https:\/\/elfsight.com\/it\/qr-code-widget\/webflow\/","title":{"rendered":"QR Code &#8211; Webflow"},"content":{"rendered":"<div class=\"application-platform-content-item-description application-platform-content-item\" id=\"description\" data-nav-section=\"description\"> <h2>Incorpora il codice QR su Webflow con il widget Elfsight<\/h2> <p>Il codice QR \u00e8 un potente strumento per Webflow che ti consente di reindirizzare immediatamente utenti a qualsiasi pagina Web, condividere un URL, una posizione, un&#8217;e-mail, qualsiasi file e altro ancora. Il widget \u00e8 straordinariamente personalizzabile: puoi allegare un titolo, una didascalia, selezionare l&#8217;icona e il logo pi\u00f9 adatti dalla nostra libreria o caricarne uno tuo, ridipingere il testo, lo sfondo, la cornice e regolare le dimensioni in modo che si adattino al tuo sito web. Tutto quello che resta da fare \u00e8 iniziare a creare lo strumento: l&#8217;installazione non \u00e8 sofisticata e non richieder\u00e0 alcuna competenza di codifica da parte tua. <\/p> <p><b>Inserisci il generatore di codici QR Elfsight nel tuo sito web e porta gli utenti direttamente dove vuoi che siano e semplifica l&#8217;utilizzo dei contenuti<\/b><\/p> <\/div> <div class=\"application-platform-content-item- features application-platform-content-item\" id=\" features\" data-nav-section=\" features\"> <h2>Offriamo funzionalit\u00e0 potenti e veloci, visualizzane alcune: <\/h2> <ul><li>Accesso immediato ai contenuti che hai caricato<\/li><li>Aggiungi qualsiasi testo<\/li> <li>8 loghi intercambiabili<\/li><li>15 icone intercambiabili disponibili<\/li><li>Ricolora tutte le parti del widget<\/li><\/ul><p><a href=\"#demo\">Tu puoi verificare cosa offre il widget con l&#8217;aiuto della demo<\/a><\/p> <\/div> <div class=\"application-platform-content-item-installation application-platform-content-item\" id=\"installation\" data-nav-section=\"installation\"> <h2>Come incorporo il codice QR sul mio sito Webflow? <\/h2> <p>Basta applicare le istruzioni seguenti per attivare il widget.<\/p> <ol><li><b>Utilizza il nostro configuratore gratuito e inizia a creare il tuo widget unico. <\/b><br> Trova l&#8217;aspetto e le funzionalit\u00e0 personalizzate del widget e salva le modifiche. <\/li> <li><b>Ottieni il tuo codice individuale esposto nella vedova su Elfsight Apps. <\/b><br> Subito dopo aver completato la configurazione del plug-in, copia il codice individuale nella finestra visualizzata e salvalo per un utilizzo futuro. <\/li> <li><b>Inizia a utilizzare lo strumento sul sito Webflow. <\/b><br> Implementa il codice salvato di recente nel tuo sito web e salva le modifiche. <\/li> <li><b>Fatto! La configurazione \u00e8 completamente terminata. <\/b><br> Vai alla tua pagina per vedere in azione come funziona il widget. <\/li><\/ol> <p>Se incontri domande o incontri ostacoli, non aver paura di rivolgerti al nostro personale del servizio clienti. I nostri consulenti non vedono l&#8217;ora di risolvere tutte le domande che potresti avere con lo strumento. <\/p> <div class=\"faq\" data-component=\"FAQ\"><div class=\"faq-item\">\r\n\t\t\t\t\t<div class=\"faq-item-question\">\r\n\t\t\t\t\t\t<h3 class=\"faq-item-question-text\">In che modo posso aggiungere il codice QR al mio flusso web senza scrivere codice?<\/h3>\r\n\r\n\t\t\t\t\t\t<div class=\"faq-item-question-icon\"><\/div>\r\n\t\t\t\t\t<\/div>\r\n\r\n\t\t\t\t\t<div class=\"faq-item-answer\">\r\n\t\t\t\t\t\t<div class=\"faq-item-answer-text\"> <p>La societ\u00e0 Elfsight fornisce una soluzione cloud che consente ai proprietari dei siti di creare autonomamente un plug-in del codice QR, scopri i passaggi semplici: inizia a lavorare direttamente nell&#8217;editor live per generare un widget codice QR che desideri aggiungere alla pagina web Webflow. Scegli uno dei modelli predefiniti e modifica le impostazioni del codice QR, aggiungi i tuoi contenuti, modifica il layout e la combinazione di colori senza esperienza di codifica. Salva le impostazioni che hai effettuato sul QR Code e ottieni il relativo codice per l&#8217;installazione, che puoi aggiungere facilmente e gratuitamente in qualsiasi sito Webflow. Con il nostro editor facile da usare ogni utente di Internet pu\u00f2 creare un codice QR e includerlo semplicemente in qualsiasi home page di Webflow. Non \u00e8 necessario pagare o rivelare le credenziali della tua carta per accedere al servizio Elfsight. Se riscontri problemi di qualsiasi tipo, non esitare a contattare il nostro staff di supporto tecnico.<\/p> <\/div>\r\n\t\t\t\t\t<\/div>\r\n\t\t\t\t<\/div> <\/div><\/div>","protected":false},"excerpt":{"rendered":"","protected":false},"author":9,"featured_media":0,"parent":2541,"menu_order":0,"comment_status":"closed","ping_status":"closed","template":"templates\/template-application-platform.php","meta":{"publish_to_discourse":"","publish_post_category":"","wpdc_auto_publish_overridden":"","wpdc_topic_tags":"","wpdc_pin_topic":"","wpdc_pin_until":"","discourse_post_id":"","discourse_permalink":"","wpdc_publishing_response":"","wpdc_publishing_error":"","footnotes":""},"class_list":["post-5516","page","type-page","status-publish","hentry"],"yoast_head":"<!-- This site is optimized with the Yoast SEO plugin v25.3.1 - https:\/\/yoast.com\/wordpress\/plugins\/seo\/ -->\n<title>Generatore di codici QR: aggiungi il widget del codice QR a Webflow [2025]<\/title>\n<meta name=\"description\" content=\"Crea facilmente il tuo generatore di codici QR personalizzato per il sito Webflow. Applica semplicemente la nostra demo attiva e il tuo widget verr\u00e0 creato in meno di due minuti.\" \/>\n<meta name=\"robots\" content=\"index, follow, max-snippet:-1, max-image-preview:large, max-video-preview:-1\" \/>\n<link rel=\"canonical\" href=\"https:\/\/elfsight.com\/it\/qr-code-widget\/webflow\/\" \/>\n<meta property=\"og:locale\" content=\"it_IT\" \/>\n<meta property=\"og:type\" content=\"article\" \/>\n<meta property=\"og:title\" content=\"Generatore di codici QR: aggiungi il widget del codice QR a Webflow [2025]\" \/>\n<meta property=\"og:description\" content=\"Crea facilmente il tuo generatore di codici QR personalizzato per il sito Webflow. Applica semplicemente la nostra demo attiva e il tuo widget verr\u00e0 creato in meno di due minuti.\" \/>\n<meta property=\"og:url\" content=\"https:\/\/elfsight.com\/it\/qr-code-widget\/webflow\/\" \/>\n<meta property=\"og:site_name\" content=\"Elfsight IT\" \/>\n<meta property=\"article:modified_time\" content=\"2024-11-12T08:07:35+00:00\" \/>\n<meta name=\"twitter:card\" content=\"summary_large_image\" \/>\n<meta name=\"twitter:label1\" content=\"Tempo di lettura stimato\" \/>\n\t<meta name=\"twitter:data1\" content=\"3 minuti\" \/>\n<!-- \/ Yoast SEO plugin. -->","yoast_head_json":{"title":"Generatore di codici QR: aggiungi il widget del codice QR a Webflow [2025]","description":"Crea facilmente il tuo generatore di codici QR personalizzato per il sito Webflow. Applica semplicemente la nostra demo attiva e il tuo widget verr\u00e0 creato in meno di due minuti.","robots":{"index":"index","follow":"follow","max-snippet":"max-snippet:-1","max-image-preview":"max-image-preview:large","max-video-preview":"max-video-preview:-1"},"canonical":"https:\/\/elfsight.com\/it\/qr-code-widget\/webflow\/","og_locale":"it_IT","og_type":"article","og_title":"Generatore di codici QR: aggiungi il widget del codice QR a Webflow [2025]","og_description":"Crea facilmente il tuo generatore di codici QR personalizzato per il sito Webflow. Applica semplicemente la nostra demo attiva e il tuo widget verr\u00e0 creato in meno di due minuti.","og_url":"https:\/\/elfsight.com\/it\/qr-code-widget\/webflow\/","og_site_name":"Elfsight IT","article_modified_time":"2024-11-12T08:07:35+00:00","twitter_card":"summary_large_image","twitter_misc":{"Tempo di lettura stimato":"3 minuti"},"schema":{"@context":"https:\/\/schema.org","@graph":[{"@type":"WebPage","@id":"https:\/\/elfsight.com\/it\/qr-code-widget\/webflow\/","url":"https:\/\/elfsight.com\/it\/qr-code-widget\/webflow\/","name":"Generatore di codici QR: aggiungi il widget del codice QR a Webflow [2025]","isPartOf":{"@id":"https:\/\/elfsight.com\/it\/#website"},"datePublished":"1970-01-01T00:00:00+00:00","dateModified":"2024-11-12T08:07:35+00:00","description":"Crea facilmente il tuo generatore di codici QR personalizzato per il sito Webflow. Applica semplicemente la nostra demo attiva e il tuo widget verr\u00e0 creato in meno di due minuti.","breadcrumb":{"@id":"https:\/\/elfsight.com\/it\/qr-code-widget\/webflow\/#breadcrumb"},"inLanguage":"it-IT","potentialAction":[{"@type":"ReadAction","target":["https:\/\/elfsight.com\/it\/qr-code-widget\/webflow\/"]}]},{"@type":"BreadcrumbList","@id":"https:\/\/elfsight.com\/it\/qr-code-widget\/webflow\/#breadcrumb","itemListElement":[{"@type":"ListItem","position":1,"name":"Home","item":"https:\/\/elfsight.com\/it\/"},{"@type":"ListItem","position":2,"name":"QR Code","item":"https:\/\/elfsight.com\/it\/qr-code-widget\/"},{"@type":"ListItem","position":3,"name":"QR Code &#8211; Webflow"}]},{"@type":"WebSite","@id":"https:\/\/elfsight.com\/it\/#website","url":"https:\/\/elfsight.com\/it\/","name":"Elfsight IT","description":"Just another Elfsight Sites site","potentialAction":[{"@type":"SearchAction","target":{"@type":"EntryPoint","urlTemplate":"https:\/\/elfsight.com\/it\/?s={search_term_string}"},"query-input":{"@type":"PropertyValueSpecification","valueRequired":true,"valueName":"search_term_string"}}],"inLanguage":"it-IT"}]}},"meta_box":{"industry":"","seo_heading":"","heading":"","description":"","cta_heading":"","cta_description":"","application":"2539","h1":"Generatore di codici QR del flusso web","h1_caption":"Genera e visualizza un codice QR per accedere facilmente a URL, Wi-Fi, biglietti da visita e altro nel tuo sito Web Webflow senza sforzo.","application_category":[],"applications_title":"","applications_request_title":"","applications_request_button_text":"","hero_text":"","hero_video":"","hero_video_schema_markup":"","selling_points_title":"","selling_points_caption":"","selling_points":[],"selling_points_cta_text":"","features_title":"","features":"","ed_cta_examples_text":"","ed_cta_examples_hidden":"","ed_cta_demo_text":"","ed_cta_demo_hidden":"","why_caption":"","why_editor_title":"","why_editor_text":"","why_team_title":"","why_team_text":"","why_service_title":"","why_service_text":"","template_catalog_visible":"","template_catalog_title":"","template_catalog_text":"","template_catalog_categories_visible":"","demo_title":"Crea il tuo widget Codice QR","demo_caption":"Configura il tuo codice QR e aggiungilo gratuitamente al tuo sito Webflow!","default_faq_hidden":"","app_template_category":[],"platform":"44","template_public_id":"","codecanyon_url":"","codecanyon_item_id":"","codecanyon_price":"","pricing_caption":"","pricing_elfsight_apps_hide_column":"","pricing_elfsight_apps_url":"","pricing_codecanyon_price_caption":"","integration_category":[],"integration_request_title":"","integration_request_cta":"","integration_platform":"","integrations":[],"platform_category":[],"video_schema_markup":"","price":"da $ 0 al mese","trial":"","benefits":[{"text":"Servizio di installazione gratuito"},{"text":"Supporto eccezionale"},{"text":"Garanzia di rimborso di 14 giorni"},{"text":"Sviluppo continuo"}],"button_url":"#demo","button_target_blank":"","button_nofollow":"","attributes":[{"name":"Installazioni"},{"name":"Reattivo","content":"S\u00cc"},{"name":"Browser compatibili","content":"Firefox, Safari, Opera, Chrome, Edge"}],"tags":[],"tags_disable_links":"","hide_more_platforms":"","video_object":"","demo_hide_cta":"","demo_hide_cloud_options":"","pricing_title":"","pricing":[{"pricing_icon":"platform","pricing_title":"Elfsight Apps","pricing_title_caption":"Soluzione multipiattaforma adatta a qualsiasi sito","pricing_price":"da $ 0 \/ mese","pricing_price_caption":"inizia con il piano gratuito","pricing_benefits":[{"text":"Numero illimitato di domini"},{"text":"Assistenza gratuita e puntuale"},{"text":"Aiuto per l'installazione gratuito"},{"text":"Offerta speciale per pi\u00f9 app"}],"pricing_button_text":"Aggiungi al sito web","pricing_button_url":"#demo"}],"related_apps_title":"","related_apps_hidden":"","author":"","image":[],"title":"","job":"","social_networks":[]},"_links":{"self":[{"href":"https:\/\/elfsight.com\/it\/wp-json\/wp\/v2\/pages\/5516","targetHints":{"allow":["GET"]}}],"collection":[{"href":"https:\/\/elfsight.com\/it\/wp-json\/wp\/v2\/pages"}],"about":[{"href":"https:\/\/elfsight.com\/it\/wp-json\/wp\/v2\/types\/page"}],"author":[{"embeddable":true,"href":"https:\/\/elfsight.com\/it\/wp-json\/wp\/v2\/users\/9"}],"replies":[{"embeddable":true,"href":"https:\/\/elfsight.com\/it\/wp-json\/wp\/v2\/comments?post=5516"}],"version-history":[{"count":1,"href":"https:\/\/elfsight.com\/it\/wp-json\/wp\/v2\/pages\/5516\/revisions"}],"predecessor-version":[{"id":5520,"href":"https:\/\/elfsight.com\/it\/wp-json\/wp\/v2\/pages\/5516\/revisions\/5520"}],"up":[{"embeddable":true,"href":"https:\/\/elfsight.com\/it\/wp-json\/wp\/v2\/pages\/2541"}],"wp:attachment":[{"href":"https:\/\/elfsight.com\/it\/wp-json\/wp\/v2\/media?parent=5516"}],"curies":[{"name":"wp","href":"https:\/\/api.w.org\/{rel}","templated":true}]}}