{"id":5514,"date":"2024-05-03T06:45:10","date_gmt":"2024-05-03T06:45:10","guid":{"rendered":"https:\/\/elfsight.com\/it\/?page_id=5514"},"modified":"2024-11-12T08:07:27","modified_gmt":"2024-11-12T08:07:27","slug":"weebly","status":"publish","type":"page","link":"https:\/\/elfsight.com\/it\/qr-code-widget\/weebly\/","title":{"rendered":"QR Code &#8211; Weebly"},"content":{"rendered":"<div class=\"application-platform-content-item-description application-platform-content-item\" id=\"description\" data-nav-section=\"description\"> <h2>Descrizione<\/h2> <p>Il generatore di codici QR \u00e8 uno strumento straordinario per Weebly che ti consente di reindirizzare rapidamente i tuoi visitatori a qualsiasi sito web, condividere un collegamento, una posizione, un&#8217;e-mail, un file e altro ancora. Il widget \u00e8 estremamente personalizzabile: sei libero di allegare un titolo, una didascalia, scegliere l&#8217;icona e il logo utilizzando la nostra libreria o caricarne uno tuo, ricolorare il testo, lo sfondo, la cornice e modificare le dimensioni nel modo pi\u00f9 adatto al tuo sito web. Tutto quello che resta da fare \u00e8 iniziare a creare il widget: l&#8217;installazione non \u00e8 sofisticata e non richieder\u00e0 competenze di codifica da parte tua. <\/p> <p><b>Inserisci il codice QR nel tuo sito web e reindirizza i visitatori direttamente dove desideri e ottimizza la fruizione dei contenuti<\/b><\/p> <\/div> <div class=\"application-platform-content-item-features  application-platform-content-item\" id=\"features \" data-nav-section=\"features \"> <h2>Ecco le caratteristiche di base del widget: <\/h2> <ul><li>Accesso immediato ai contenuti che hai caricato<\/li><li>Aggiungi qualsiasi testo<\/li><li>8 commutabile loghi<\/li><li>Quindici icone scambiabili tra cui scegliere<\/li><li>Ridipingere tutte le parti<\/li><\/ul><p><a href=\"#demo\">Puoi provare funzionalit\u00e0 complete del widget nella demo in questa pagina<\/a><\/p> <\/div> <div class=\"application-platform-content-item-installation application-platform-content-item\" id=\"installation\" data-nav-section=\"installation\"> <h2>Come incorporare il codice QR nella mia pagina web Weebly? <\/h2> <p>Segui semplicemente i passaggi descritti di seguito per incorporare il plugin. <\/p> <ol><li><b>Lancia il nostro configuratore gratuito e inizia a dare forma alla tua app personalizzata. <\/b><br> Scegli l&#8217;interfaccia e gli aspetti personalizzati dell&#8217;app e salva tutte le modifiche. <\/li> <li><b>Ricevi il tuo codice personale che appare nell&#8217;apposito modulo su Elfsight Apps. <\/b><br> Subito dopo aver completato la creazione della tua app, copia il codice individuale nella finestra visualizzata e salvalo per un utilizzo successivo. <\/li> <li><b>Accedi all&#8217;utilizzo dell&#8217;app sulla tua pagina web Weebly. <\/b><br> Inserisci il codice copiato di recente nella tua pagina e salva le correzioni. <\/li> <li><b>Il gioco \u00e8 fatto! L&#8217;integrazione \u00e8 completamente compiuta. <\/b><br> Apri il tuo sito web per verificare il funzionamento dell&#8217;app. <\/li><\/ol><p>Se dovessi riscontrare qualche problema, sentiti libero di chiedere assistenza al nostro team di supporto. I nostri specialisti non vedono l&#8217;ora di risolvere tutte le domande che potresti avere sul prodotto. <\/p> <div class=\"faq\" data-component=\"FAQ\"><div class=\"faq-item\">\r\n\t\t\t\t\t<div class=\"faq-item-question\">\r\n\t\t\t\t\t\t<h3 class=\"faq-item-question-text\">Esiste un'opzione per aggiungere il codice QR alla mia home page di Weebly senza competenze di codifica?<\/h3>\r\n\r\n\t\t\t\t\t\t<div class=\"faq-item-question-icon\"><\/div>\r\n\t\t\t\t\t<\/div>\r\n\r\n\t\t\t\t\t<div class=\"faq-item-answer\">\r\n\t\t\t\t\t\t<div class=\"faq-item-answer-text\"> <p>Elfsight offre una soluzione che consente alle persone di creare da soli un widget di codice QR, vedere il semplice guida: inizia a lavorare direttamente nell&#8217;editor live per generare un widget QR Code che vorresti vedere sul sito web Weebly. Scegli uno dei modelli predefiniti e modifica le impostazioni del codice QR, aggiungi i tuoi contenuti, modifica il layout e i colori senza esperienza di codifica. Salva il codice QR e ottieni il suo codice per l&#8217;incorporamento, che potrai includere facilmente e gratuitamente nel sito Weebly. Utilizzando il nostro configuratore intuitivo qualsiasi utente di Internet pu\u00f2 creare un codice QR e includerlo facilmente nella pagina web di Weebly. Non \u00e8 necessario sottoscrivere un abbonamento a pagamento o rivelare le credenziali della propria carta per accedere all&#8217;Editor. Se riscontri problemi in qualsiasi momento, non esitare a contattare la nostra assistenza clienti.<\/p> <\/div>\r\n\t\t\t\t\t<\/div>\r\n\t\t\t\t<\/div> <\/div><\/div>","protected":false},"excerpt":{"rendered":"","protected":false},"author":9,"featured_media":0,"parent":2541,"menu_order":0,"comment_status":"closed","ping_status":"closed","template":"templates\/template-application-platform.php","meta":{"publish_to_discourse":"","publish_post_category":"","wpdc_auto_publish_overridden":"","wpdc_topic_tags":"","wpdc_pin_topic":"","wpdc_pin_until":"","discourse_post_id":"","discourse_permalink":"","wpdc_publishing_response":"","wpdc_publishing_error":"","footnotes":""},"class_list":["post-5514","page","type-page","status-publish","hentry"],"yoast_head":"<!-- This site is optimized with the Yoast SEO plugin v25.3.1 - https:\/\/yoast.com\/wordpress\/plugins\/seo\/ -->\n<title>Generatore di codici QR - Crea codice QR per il sito Web Weebly [2025]<\/title>\n<meta name=\"description\" content=\"Costruisci facilmente il tuo generatore di codici QR unico per il sito Weebly. Utilizza semplicemente la nostra demo attiva e la tua app verr\u00e0 creata in meno di due minuti.\" \/>\n<meta name=\"robots\" content=\"index, follow, max-snippet:-1, max-image-preview:large, max-video-preview:-1\" \/>\n<link rel=\"canonical\" href=\"https:\/\/elfsight.com\/it\/qr-code-widget\/weebly\/\" \/>\n<meta property=\"og:locale\" content=\"it_IT\" \/>\n<meta property=\"og:type\" content=\"article\" \/>\n<meta property=\"og:title\" content=\"Generatore di codici QR - Crea codice QR per il sito Web Weebly [2025]\" \/>\n<meta property=\"og:description\" content=\"Costruisci facilmente il tuo generatore di codici QR unico per il sito Weebly. Utilizza semplicemente la nostra demo attiva e la tua app verr\u00e0 creata in meno di due minuti.\" \/>\n<meta property=\"og:url\" content=\"https:\/\/elfsight.com\/it\/qr-code-widget\/weebly\/\" \/>\n<meta property=\"og:site_name\" content=\"Elfsight IT\" \/>\n<meta property=\"article:modified_time\" content=\"2024-11-12T08:07:27+00:00\" \/>\n<meta name=\"twitter:card\" content=\"summary_large_image\" \/>\n<meta name=\"twitter:label1\" content=\"Tempo di lettura stimato\" \/>\n\t<meta name=\"twitter:data1\" content=\"3 minuti\" \/>\n<!-- \/ Yoast SEO plugin. -->","yoast_head_json":{"title":"Generatore di codici QR - Crea codice QR per il sito Web Weebly [2025]","description":"Costruisci facilmente il tuo generatore di codici QR unico per il sito Weebly. Utilizza semplicemente la nostra demo attiva e la tua app verr\u00e0 creata in meno di due minuti.","robots":{"index":"index","follow":"follow","max-snippet":"max-snippet:-1","max-image-preview":"max-image-preview:large","max-video-preview":"max-video-preview:-1"},"canonical":"https:\/\/elfsight.com\/it\/qr-code-widget\/weebly\/","og_locale":"it_IT","og_type":"article","og_title":"Generatore di codici QR - Crea codice QR per il sito Web Weebly [2025]","og_description":"Costruisci facilmente il tuo generatore di codici QR unico per il sito Weebly. Utilizza semplicemente la nostra demo attiva e la tua app verr\u00e0 creata in meno di due minuti.","og_url":"https:\/\/elfsight.com\/it\/qr-code-widget\/weebly\/","og_site_name":"Elfsight IT","article_modified_time":"2024-11-12T08:07:27+00:00","twitter_card":"summary_large_image","twitter_misc":{"Tempo di lettura stimato":"3 minuti"},"schema":{"@context":"https:\/\/schema.org","@graph":[{"@type":"WebPage","@id":"https:\/\/elfsight.com\/it\/qr-code-widget\/weebly\/","url":"https:\/\/elfsight.com\/it\/qr-code-widget\/weebly\/","name":"Generatore di codici QR - Crea codice QR per il sito Web Weebly [2025]","isPartOf":{"@id":"https:\/\/elfsight.com\/it\/#website"},"datePublished":"2024-05-03T06:45:10+00:00","dateModified":"2024-11-12T08:07:27+00:00","description":"Costruisci facilmente il tuo generatore di codici QR unico per il sito Weebly. Utilizza semplicemente la nostra demo attiva e la tua app verr\u00e0 creata in meno di due minuti.","breadcrumb":{"@id":"https:\/\/elfsight.com\/it\/qr-code-widget\/weebly\/#breadcrumb"},"inLanguage":"it-IT","potentialAction":[{"@type":"ReadAction","target":["https:\/\/elfsight.com\/it\/qr-code-widget\/weebly\/"]}]},{"@type":"BreadcrumbList","@id":"https:\/\/elfsight.com\/it\/qr-code-widget\/weebly\/#breadcrumb","itemListElement":[{"@type":"ListItem","position":1,"name":"Home","item":"https:\/\/elfsight.com\/it\/"},{"@type":"ListItem","position":2,"name":"QR Code","item":"https:\/\/elfsight.com\/it\/qr-code-widget\/"},{"@type":"ListItem","position":3,"name":"QR Code &#8211; Weebly"}]},{"@type":"WebSite","@id":"https:\/\/elfsight.com\/it\/#website","url":"https:\/\/elfsight.com\/it\/","name":"Elfsight IT","description":"Just another Elfsight Sites site","potentialAction":[{"@type":"SearchAction","target":{"@type":"EntryPoint","urlTemplate":"https:\/\/elfsight.com\/it\/?s={search_term_string}"},"query-input":{"@type":"PropertyValueSpecification","valueRequired":true,"valueName":"search_term_string"}}],"inLanguage":"it-IT"}]}},"meta_box":{"industry":"","seo_heading":"","heading":"","description":"","cta_heading":"","cta_description":"","application":"2539","h1":"Generatore di codici QR Weebly","h1_caption":"Genera e visualizza un codice QR per accedere facilmente a URL, Wi-Fi, biglietti da visita e altro nel tuo sito Web Weebly senza sforzo.","application_category":[],"applications_title":"","applications_request_title":"","applications_request_button_text":"","hero_text":"","hero_video":"","hero_video_schema_markup":"","selling_points_title":"","selling_points_caption":"","selling_points":[],"selling_points_cta_text":"","features_title":"","features":"","ed_cta_examples_text":"","ed_cta_examples_hidden":"","ed_cta_demo_text":"","ed_cta_demo_hidden":"","why_caption":"","why_editor_title":"","why_editor_text":"","why_team_title":"","why_team_text":"","why_service_title":"","why_service_text":"","template_catalog_visible":"","template_catalog_title":"","template_catalog_text":"","template_catalog_categories_visible":"","demo_title":"Crea la tua app per codici QR","demo_caption":"Configura il tuo codice QR e aggiungilo gratuitamente al tuo sito Weebly!","default_faq_hidden":"","app_template_category":[],"platform":"45","template_public_id":"","codecanyon_url":"","codecanyon_item_id":"","codecanyon_price":"","pricing_caption":"","pricing_elfsight_apps_hide_column":"","pricing_elfsight_apps_url":"","pricing_codecanyon_price_caption":"","integration_category":[],"integration_request_title":"","integration_request_cta":"","integration_platform":"","integrations":[],"platform_category":[],"video_schema_markup":"","price":"da $ 0 al mese","trial":"","benefits":[{"text":"Aiuto per l'installazione gratuito"},{"text":"Supporto eccezionale"},{"text":"Garanzia di rimborso di 14 giorni"},{"text":"Futuri aggiornamenti gratuiti"}],"button_url":"#demo","button_target_blank":"","button_nofollow":"","attributes":[{"name":"Installazioni"},{"name":"Reattivo","content":"S\u00cc"},{"name":"Browser compatibili","content":"Opera, Firefox, Edge, Safari, Chrome"}],"tags":[],"tags_disable_links":"","hide_more_platforms":"","video_object":"","demo_hide_cta":"","demo_hide_cloud_options":"","pricing_title":"","pricing":[{"pricing_icon":"platform","pricing_title":"Elfsight Apps","pricing_title_caption":"Soluzione digitale indipendente dalla piattaforma che funziona su qualsiasi sito","pricing_price":"da $ 0 \/ mese","pricing_price_caption":"inizia con un piano gratuito","pricing_benefits":[{"text":"Domini illimitati"},{"text":"Supporto aziendale professionale e ben documentato"},{"text":"Aiuto per l'installazione gratuito"},{"text":"Progettazione flessibile"}],"pricing_button_text":"Aggiungi al sito web","pricing_button_url":"#demo"}],"related_apps_title":"","related_apps_hidden":"","author":"","image":[],"title":"","job":"","social_networks":[]},"_links":{"self":[{"href":"https:\/\/elfsight.com\/it\/wp-json\/wp\/v2\/pages\/5514","targetHints":{"allow":["GET"]}}],"collection":[{"href":"https:\/\/elfsight.com\/it\/wp-json\/wp\/v2\/pages"}],"about":[{"href":"https:\/\/elfsight.com\/it\/wp-json\/wp\/v2\/types\/page"}],"author":[{"embeddable":true,"href":"https:\/\/elfsight.com\/it\/wp-json\/wp\/v2\/users\/9"}],"replies":[{"embeddable":true,"href":"https:\/\/elfsight.com\/it\/wp-json\/wp\/v2\/comments?post=5514"}],"version-history":[{"count":1,"href":"https:\/\/elfsight.com\/it\/wp-json\/wp\/v2\/pages\/5514\/revisions"}],"predecessor-version":[{"id":5518,"href":"https:\/\/elfsight.com\/it\/wp-json\/wp\/v2\/pages\/5514\/revisions\/5518"}],"up":[{"embeddable":true,"href":"https:\/\/elfsight.com\/it\/wp-json\/wp\/v2\/pages\/2541"}],"wp:attachment":[{"href":"https:\/\/elfsight.com\/it\/wp-json\/wp\/v2\/media?parent=5514"}],"curies":[{"name":"wp","href":"https:\/\/api.w.org\/{rel}","templated":true}]}}