{"id":5509,"date":"1970-01-01T00:00:00","date_gmt":"1970-01-01T00:00:00","guid":{"rendered":"https:\/\/elfsight.com\/it\/?page_id=5509"},"modified":"2024-11-12T08:07:27","modified_gmt":"2024-11-12T08:07:27","slug":"wix","status":"publish","type":"page","link":"https:\/\/elfsight.com\/it\/qr-code-widget\/wix\/","title":{"rendered":"QR Code &#8211; Wix"},"content":{"rendered":"<div class=\"application-platform-content-item-description application-platform-content-item\" id=\"description\" data-nav-section=\"description\"> <h2>Descrizione<\/h2> <p>Il generatore di codici QR \u00e8 un potente strumento per Wix che ti consente di reindirizzare rapidamente i tuoi visitatori a qualsiasi sito web, condividere un URL, una posizione, un&#8217;e-mail, un file e altro ancora. Il plugin \u00e8 altamente personalizzabile: puoi aggiungere un titolo, una didascalia esplicativa, selezionare l&#8217;icona e il logo utilizzando la nostra libreria o prenderne uno tuo, ricolorare il testo, lo sfondo, la cornice e modificare le dimensioni nel modo desiderato. Tutto quello che devi fare \u00e8 iniziare a creare la tua funzionalit\u00e0 personalizzata: l&#8217;installazione non \u00e8 sofisticata e non richiede competenze di codifica. <\/p> <p><b>Incorpora il codice QR Elfsight nella tua pagina web e reindirizza gli utenti direttamente dove ne hai bisogno e semplifica il consumo di contenuti<\/b><\/p> <\/div> <div class=\"application-platform-content-item- features application-platform-content-item\" id=\" features\" data-nav-section=\" features\"> <h2>Queste sono solo alcune delle funzionalit\u00e0 dell&#8217;app: <\/h2> <ul><li>Accesso immediato ai contenuti che hai caricato<\/li><li>Aggiungi qualsiasi testo<\/li><li>Otto loghi intercambiabili<\/li><li>15 icone intercambiabili disponibili<\/li><li>Ricolora tutte le parti del widget<\/li><\/ul><p><a href=\"#demo\">Esplora tutte le opzioni di personalizzazione nella demo completamente funzionante<\/a><\/p> <\/div> <div class=\"application-platform-content-item-installation application-platform-content-item\" id=\"installation\" data-nav-section=\"installation\"> <h2>Come aggiungere il codice QR al sito web Wix?<\/h2> <p>Basta fare un paio di passaggi descritti di seguito per integrare l&#8217;app. <\/p> <ol><li><b>Gestione della nostra demo gratuita, inizia a dare forma al tuo strumento personalizzato.<\/b><br> Trova il layout preferibile e le caratteristiche funzionali dell&#8217;app e salva le modifiche.<\/li> <li><b>Ottieni il tuo codice individuale che appare nella vedova delle app Elfsight.<\/b><br> Al termine della generazione del tuo strumento personale, copia il codice personale nella casella visualizzata e salvalo per un ulteriore utilizzo .<\/li> <li><b>Avvia l&#8217;utilizzo dello strumento sulla pagina web Wix.<\/b><br> Inserisci il codice salvato in precedenza nella tua pagina web e salva i miglioramenti.<\/li> <li><b>L&#8217;installazione \u00e8 stata completata.<\/b><br> Vai alla tua pagina per dare un&#8217;occhiata a come funziona il widget.<\/li><\/ol> <p>A condizione di riscontrare domande o incorrere in alcune complicazioni, ti preghiamo di contattare il nostro team di supporto. Il nostro personale non vede l&#8217;ora di aiutarti con tutti i problemi che potresti avere con il plugin. <\/p> <div class=\"faq\" data-component=\"FAQ\"><div class=\"faq-item\">\r\n\t\t\t\t\t<div class=\"faq-item-question\">\r\n\t\t\t\t\t\t<h3 class=\"faq-item-question-text\">In che modo \u00e8 possibile aggiungere un codice QR alla mia pagina web Wix senza conoscenze di codifica?<\/h3>\r\n\r\n\t\t\t\t\t\t<div class=\"faq-item-question-icon\"><\/div>\r\n\t\t\t\t\t<\/div>\r\n\r\n\t\t\t\t\t<div class=\"faq-item-answer\">\r\n\t\t\t\t\t\t<div class=\"faq-item-answer-text\"> <p>Elfsight offre una soluzione che ti consente di creare tu stesso una sezione di codice QR , consulta le semplici istruzioni: Inizia a lavorare direttamente nell&#8217;editor online per generare un&#8217;app QR Code che desideri includere nella home page di Wix. Scegli uno dei nostri modelli predefiniti e regola le impostazioni del codice QR, modifica il layout e i colori inclusi i tuoi contenuti, senza esperienza di codifica. Salva le impostazioni che hai effettuato sul QR Code e ottieni il codice di installazione, che pu\u00f2 essere facilmente incorporato gratuitamente nella pagina web di Wix. Utilizzando il nostro semplice configuratore, ogni utente di Internet pu\u00f2 creare un&#8217;app QR Code online e incollarla facilmente sul sito Web Wix. Non devi pagare o inviare i dati della tua carta per entrare nel nostro Editor. Se riscontri problemi in qualsiasi momento, vai avanti e parla con il nostro staff di supporto.<\/p> <\/div>\r\n\t\t\t\t\t<\/div>\r\n\t\t\t\t<\/div> <\/div><\/div>","protected":false},"excerpt":{"rendered":"","protected":false},"author":9,"featured_media":0,"parent":2541,"menu_order":0,"comment_status":"closed","ping_status":"closed","template":"templates\/template-application-platform.php","meta":{"publish_to_discourse":"","publish_post_category":"","wpdc_auto_publish_overridden":"","wpdc_topic_tags":"","wpdc_pin_topic":"","wpdc_pin_until":"","discourse_post_id":"","discourse_permalink":"","wpdc_publishing_response":"","wpdc_publishing_error":"","footnotes":""},"class_list":["post-5509","page","type-page","status-publish","hentry"],"yoast_head":"<!-- This site is optimized with the Yoast SEO plugin v25.3.1 - https:\/\/yoast.com\/wordpress\/plugins\/seo\/ -->\n<title>Generatore di codici QR: aggiungi il codice QR al sito web Wix [2025]<\/title>\n<meta name=\"description\" content=\"Crea facilmente il tuo generatore di codici QR univoco per la pagina web Wix. Usa semplicemente la nostra pratica demo e la tua app sar\u00e0 pronta in meno di un minuto.\" \/>\n<meta name=\"robots\" content=\"index, follow, max-snippet:-1, max-image-preview:large, max-video-preview:-1\" \/>\n<link rel=\"canonical\" href=\"https:\/\/elfsight.com\/it\/qr-code-widget\/wix\/\" \/>\n<meta property=\"og:locale\" content=\"it_IT\" \/>\n<meta property=\"og:type\" content=\"article\" \/>\n<meta property=\"og:title\" content=\"Generatore di codici QR: aggiungi il codice QR al sito web Wix [2025]\" \/>\n<meta property=\"og:description\" content=\"Crea facilmente il tuo generatore di codici QR univoco per la pagina web Wix. Usa semplicemente la nostra pratica demo e la tua app sar\u00e0 pronta in meno di un minuto.\" \/>\n<meta property=\"og:url\" content=\"https:\/\/elfsight.com\/it\/qr-code-widget\/wix\/\" \/>\n<meta property=\"og:site_name\" content=\"Elfsight IT\" \/>\n<meta property=\"article:modified_time\" content=\"2024-11-12T08:07:27+00:00\" \/>\n<meta name=\"twitter:card\" content=\"summary_large_image\" \/>\n<meta name=\"twitter:label1\" content=\"Tempo di lettura stimato\" \/>\n\t<meta name=\"twitter:data1\" content=\"3 minuti\" \/>\n<!-- \/ Yoast SEO plugin. -->","yoast_head_json":{"title":"Generatore di codici QR: aggiungi il codice QR al sito web Wix [2025]","description":"Crea facilmente il tuo generatore di codici QR univoco per la pagina web Wix. Usa semplicemente la nostra pratica demo e la tua app sar\u00e0 pronta in meno di un minuto.","robots":{"index":"index","follow":"follow","max-snippet":"max-snippet:-1","max-image-preview":"max-image-preview:large","max-video-preview":"max-video-preview:-1"},"canonical":"https:\/\/elfsight.com\/it\/qr-code-widget\/wix\/","og_locale":"it_IT","og_type":"article","og_title":"Generatore di codici QR: aggiungi il codice QR al sito web Wix [2025]","og_description":"Crea facilmente il tuo generatore di codici QR univoco per la pagina web Wix. Usa semplicemente la nostra pratica demo e la tua app sar\u00e0 pronta in meno di un minuto.","og_url":"https:\/\/elfsight.com\/it\/qr-code-widget\/wix\/","og_site_name":"Elfsight IT","article_modified_time":"2024-11-12T08:07:27+00:00","twitter_card":"summary_large_image","twitter_misc":{"Tempo di lettura stimato":"3 minuti"},"schema":{"@context":"https:\/\/schema.org","@graph":[{"@type":"WebPage","@id":"https:\/\/elfsight.com\/it\/qr-code-widget\/wix\/","url":"https:\/\/elfsight.com\/it\/qr-code-widget\/wix\/","name":"Generatore di codici QR: aggiungi il codice QR al sito web Wix [2025]","isPartOf":{"@id":"https:\/\/elfsight.com\/it\/#website"},"datePublished":"1970-01-01T00:00:00+00:00","dateModified":"2024-11-12T08:07:27+00:00","description":"Crea facilmente il tuo generatore di codici QR univoco per la pagina web Wix. Usa semplicemente la nostra pratica demo e la tua app sar\u00e0 pronta in meno di un minuto.","breadcrumb":{"@id":"https:\/\/elfsight.com\/it\/qr-code-widget\/wix\/#breadcrumb"},"inLanguage":"it-IT","potentialAction":[{"@type":"ReadAction","target":["https:\/\/elfsight.com\/it\/qr-code-widget\/wix\/"]}]},{"@type":"BreadcrumbList","@id":"https:\/\/elfsight.com\/it\/qr-code-widget\/wix\/#breadcrumb","itemListElement":[{"@type":"ListItem","position":1,"name":"Home","item":"https:\/\/elfsight.com\/it\/"},{"@type":"ListItem","position":2,"name":"QR Code","item":"https:\/\/elfsight.com\/it\/qr-code-widget\/"},{"@type":"ListItem","position":3,"name":"QR Code &#8211; Wix"}]},{"@type":"WebSite","@id":"https:\/\/elfsight.com\/it\/#website","url":"https:\/\/elfsight.com\/it\/","name":"Elfsight IT","description":"Just another Elfsight Sites site","potentialAction":[{"@type":"SearchAction","target":{"@type":"EntryPoint","urlTemplate":"https:\/\/elfsight.com\/it\/?s={search_term_string}"},"query-input":{"@type":"PropertyValueSpecification","valueRequired":true,"valueName":"search_term_string"}}],"inLanguage":"it-IT"}]}},"meta_box":{"industry":"","seo_heading":"","heading":"","description":"","cta_heading":"","cta_description":"","application":"2539","h1":"Applicazione Wix QRCode","h1_caption":"Genera e visualizza un codice QR per accedere facilmente a URL, Wi-Fi, biglietti da visita e altro nel tuo sito Web Wix senza sforzo.","application_category":[],"applications_title":"","applications_request_title":"","applications_request_button_text":"","hero_text":"","hero_video":"","hero_video_schema_markup":"","selling_points_title":"","selling_points_caption":"","selling_points":[],"selling_points_cta_text":"","features_title":"","features":"","ed_cta_examples_text":"","ed_cta_examples_hidden":"","ed_cta_demo_text":"","ed_cta_demo_hidden":"","why_caption":"","why_editor_title":"","why_editor_text":"","why_team_title":"","why_team_text":"","why_service_title":"","why_service_text":"","template_catalog_visible":"","template_catalog_title":"","template_catalog_text":"","template_catalog_categories_visible":"","demo_title":"Crea la tua app per codici QR","demo_caption":"Configura il tuo codice QR e aggiungilo gratuitamente al tuo sito Wix!","default_faq_hidden":"","app_template_category":[],"platform":"29","template_public_id":"","codecanyon_url":"","codecanyon_item_id":"","codecanyon_price":"","pricing_caption":"","pricing_elfsight_apps_hide_column":"","pricing_elfsight_apps_url":"","pricing_codecanyon_price_caption":"","integration_category":[],"integration_request_title":"","integration_request_cta":"","integration_platform":"","integrations":[],"platform_category":[],"video_schema_markup":"","price":"da $ 0 al mese","trial":"","benefits":[{"text":"Servizio di installazione gratuito"},{"text":"Supporto premium"},{"text":"Garanzia di rimborso di 14 giorni"},{"text":"Aggiornamenti continui"}],"button_url":"#demo","button_target_blank":"","button_nofollow":"","attributes":[{"name":"Installazioni"},{"name":"Reattivo","content":"S\u00cc"},{"name":"Browser compatibili","content":"Safari, Opera, Chrome, Firefox, Edge"}],"tags":[],"tags_disable_links":"","hide_more_platforms":"","video_object":"","demo_hide_cta":"","demo_hide_cloud_options":"","pricing_title":"","pricing":[{"pricing_icon":"platform","pricing_title":"Elfsight Apps","pricing_title_caption":"Software multipiattaforma che funziona su qualsiasi sito web","pricing_price":"da $ 0 \/ mese","pricing_price_caption":"inizia con il piano gratuito","pricing_benefits":[{"text":"Numero illimitato di domini"},{"text":"Supporto dedicato"},{"text":"Supporto per l'installazione senza costi"},{"text":"Completamente personalizzabile"}],"pricing_button_text":"Aggiungi al sito web","pricing_button_url":"#demo"}],"related_apps_title":"","related_apps_hidden":"","author":"","image":[],"title":"","job":"","social_networks":[]},"_links":{"self":[{"href":"https:\/\/elfsight.com\/it\/wp-json\/wp\/v2\/pages\/5509","targetHints":{"allow":["GET"]}}],"collection":[{"href":"https:\/\/elfsight.com\/it\/wp-json\/wp\/v2\/pages"}],"about":[{"href":"https:\/\/elfsight.com\/it\/wp-json\/wp\/v2\/types\/page"}],"author":[{"embeddable":true,"href":"https:\/\/elfsight.com\/it\/wp-json\/wp\/v2\/users\/9"}],"replies":[{"embeddable":true,"href":"https:\/\/elfsight.com\/it\/wp-json\/wp\/v2\/comments?post=5509"}],"version-history":[{"count":1,"href":"https:\/\/elfsight.com\/it\/wp-json\/wp\/v2\/pages\/5509\/revisions"}],"predecessor-version":[{"id":5513,"href":"https:\/\/elfsight.com\/it\/wp-json\/wp\/v2\/pages\/5509\/revisions\/5513"}],"up":[{"embeddable":true,"href":"https:\/\/elfsight.com\/it\/wp-json\/wp\/v2\/pages\/2541"}],"wp:attachment":[{"href":"https:\/\/elfsight.com\/it\/wp-json\/wp\/v2\/media?parent=5509"}],"curies":[{"name":"wp","href":"https:\/\/api.w.org\/{rel}","templated":true}]}}