{"id":5506,"date":"1970-01-01T00:00:00","date_gmt":"1970-01-01T00:00:00","guid":{"rendered":"https:\/\/elfsight.com\/it\/?page_id=5506"},"modified":"2025-03-23T20:21:47","modified_gmt":"2025-03-23T20:21:47","slug":"google-sites","status":"publish","type":"page","link":"https:\/\/elfsight.com\/it\/qr-code-widget\/google-sites\/","title":{"rendered":"QR Code &#8211; Google Sites"},"content":{"rendered":"\n<div class=\"application-platform-content-item-description application-platform-content-item\" id=\"description\" data-nav-section=\"description\"> <h2>Incorpora il codice QR su Google Sites con il widget Elfsight<\/h2> <p>Elfsight QR Code \u00e8 uno strumento straordinario per Google Sites che ti consente reindirizza istantaneamente gli utenti a qualsiasi sito Web, condividi un collegamento, una posizione, un&#8217;e-mail, qualsiasi file e molto altro. Lo strumento \u00e8 estremamente regolabile: sei libero di aggiungere un titolo, una didascalia, selezionare l&#8217;icona e il tipo di logo dalla nostra libreria o prenderne uno tuo, ricolorare il testo, lo sfondo, la cornice e regolare le dimensioni nel modo desiderato. Tutto ci\u00f2 che resta da fare \u00e8 iniziare a creare il widget: l&#8217;installazione \u00e8 semplicissima e non richiede competenze di codifica. <\/p> <p><b>Integra il codice QR Elfsight nella tua pagina web e reindirizza i visitatori direttamente dove desideri e semplifica il consumo di contenuti<\/b><\/p> <\/div> <div class=\"application-platform-content-item- features application-platform-content-item\" id=\" features\" data-nav-section=\" features\"> <h2>Consulta l&#8217;elenco delle funzionalit\u00e0 pi\u00f9 utili: <\/h2> <ul><li>Accesso immediato ai contenuti che hai caricato<\/li><li>Aggiungi qualsiasi testo<\/li><li>Otto loghi scambiabili<\/li><li>Quindici icone intercambiabili tra cui scegliere<\/li><li>Ridipingi tutti gli elementi<\/li><\/ul><p><a href=\"#demo\">Prova tutte le impostazioni nella demo completa<\/a><\/p> <\/div> <div class=\"application-platform-content-item-installation application-platform-content-item\" id=\"installation\" data-nav-section=\"installation\"> <h2>Come posso aggiungere il codice QR al mio sito web di Google Sites? <\/h2> <p>Segui semplicemente un paio di passaggi indicati di seguito per aggiungere lo strumento. <\/p> <ol><li><b>Lancia la nostra demo gratuita e inizia a creare il tuo widget. <\/b><br> Scegli il design e le funzionalit\u00e0 adatte del plugin e salva le modifiche. <\/li> <li><b>Copia il codice individuale mostrato nella vedova su Elfsight Apps. <\/b><br> Una volta completata la creazione del widget, copia il codice individuale nella finestra visualizzata e conservalo per un uso successivo. <\/li> <li><b>Accedi utilizzando lo strumento sul sito web di Google Sites. <\/b><br> Incolla il codice salvato in precedenza nella tua pagina e salva le correzioni. <\/li> <li><b>L&#8217;installazione \u00e8 completamente completata. <\/b><br> Vai al tuo sito per vedere in azione il funzionamento del widget. <\/li><\/ol> <div class=\"tip-yellow tip\"><b>A causa delle peculiarit\u00e0 del funzionamento di Google Sites, il widget potrebbe avere un aspetto diverso dalla demo online. Ci scusiamo per gli eventuali disagi causati.<\/b><\/div><p>A condizione di dover affrontare domande o affrontare alcuni ostacoli, non aver paura di contattare il nostro team di assistenza clienti. Il nostro personale \u00e8 desideroso di aiutarti con tutti i problemi che potresti avere con il widget. <\/p> <div class=\"faq\" data-component=\"FAQ\"><div class=\"faq-item\">\r\n\t\t\t\t\t<div class=\"faq-item-question\">\r\n\t\t\t\t\t\t<h3 class=\"faq-item-question-text\">In che modo posso incorporare il codice QR nel mio sito Google Sites senza conoscenze di codifica?<\/h3>\r\n\r\n\t\t\t\t\t\t<div class=\"faq-item-question-icon\"><\/div>\r\n\t\t\t\t\t<\/div>\r\n\r\n\t\t\t\t\t<div class=\"faq-item-answer\">\r\n\t\t\t\t\t\t<div class=\"faq-item-answer-text\"> <p>Elfsight offre una soluzione che ti consente di creare tu stesso un widget di codice QR, scopri quanto \u00e8 semplice il processo: lavora direttamente nella demo live per creare un widget del codice QR che desideri venga visualizzato sul tuo sito web di Google Sites. Clicca su uno dei tanti template predefiniti e modifica le impostazioni del QR Code, aggiungi i tuoi contenuti, trasforma il layout e il colore degli elementi senza codifica. Salva il codice QR e ottieni il codice per l&#8217;incorporamento, che puoi semplicemente includere nel sito web di Google Sites utilizzando un piano gratuito. Lavorando nel nostro semplice editor, ogni utente di Internet pu\u00f2 creare un&#8217;app QR Code online e incorporarla facilmente in qualsiasi pagina web di Google Sites. Non \u00e8 necessario pagare n\u00e9 inserire le credenziali della carta per accedere al servizio. Se incontri ostacoli di qualsiasi tipo, non esitare a contattare il nostro supporto tecnico clienti.<\/p> <\/div>\r\n\t\t\t\t\t<\/div>\r\n\t\t\t\t<\/div> <\/div><\/div>\n","protected":false},"excerpt":{"rendered":"","protected":false},"author":9,"featured_media":0,"parent":2541,"menu_order":0,"comment_status":"closed","ping_status":"closed","template":"templates\/template-application-platform.php","meta":{"publish_to_discourse":"","publish_post_category":"","wpdc_auto_publish_overridden":"","wpdc_topic_tags":"","wpdc_pin_topic":"","wpdc_pin_until":"","discourse_post_id":"","discourse_permalink":"","wpdc_publishing_response":"","wpdc_publishing_error":"","footnotes":""},"class_list":["post-5506","page","type-page","status-publish","hentry"],"yoast_head":"<!-- This site is optimized with the Yoast SEO plugin v25.3.1 - https:\/\/yoast.com\/wordpress\/plugins\/seo\/ -->\n<title>Codice QR: aggiungi il widget del codice QR a Google Sites (2025)<\/title>\n<meta name=\"description\" content=\"Crea rapidamente il tuo codice QR personalizzato per il sito Google Sites. Usa la nostra pratica demo e la tua app verr\u00e0 creata in meno di due minuti.\" \/>\n<meta name=\"robots\" content=\"index, follow, max-snippet:-1, max-image-preview:large, max-video-preview:-1\" \/>\n<link rel=\"canonical\" href=\"https:\/\/elfsight.com\/it\/qr-code-widget\/google-sites\/\" \/>\n<meta property=\"og:locale\" content=\"it_IT\" \/>\n<meta property=\"og:type\" content=\"article\" \/>\n<meta property=\"og:title\" content=\"Codice QR: aggiungi il widget del codice QR a Google Sites (2025)\" \/>\n<meta property=\"og:description\" content=\"Crea rapidamente il tuo codice QR personalizzato per il sito Google Sites. Usa la nostra pratica demo e la tua app verr\u00e0 creata in meno di due minuti.\" \/>\n<meta property=\"og:url\" content=\"https:\/\/elfsight.com\/it\/qr-code-widget\/google-sites\/\" \/>\n<meta property=\"og:site_name\" content=\"Elfsight IT\" \/>\n<meta property=\"article:modified_time\" content=\"2025-03-23T20:21:47+00:00\" \/>\n<meta name=\"twitter:card\" content=\"summary_large_image\" \/>\n<meta name=\"twitter:label1\" content=\"Tempo di lettura stimato\" \/>\n\t<meta name=\"twitter:data1\" content=\"3 minuti\" \/>\n<!-- \/ Yoast SEO plugin. -->","yoast_head_json":{"title":"Codice QR: aggiungi il widget del codice QR a Google Sites (2025)","description":"Crea rapidamente il tuo codice QR personalizzato per il sito Google Sites. Usa la nostra pratica demo e la tua app verr\u00e0 creata in meno di due minuti.","robots":{"index":"index","follow":"follow","max-snippet":"max-snippet:-1","max-image-preview":"max-image-preview:large","max-video-preview":"max-video-preview:-1"},"canonical":"https:\/\/elfsight.com\/it\/qr-code-widget\/google-sites\/","og_locale":"it_IT","og_type":"article","og_title":"Codice QR: aggiungi il widget del codice QR a Google Sites (2025)","og_description":"Crea rapidamente il tuo codice QR personalizzato per il sito Google Sites. Usa la nostra pratica demo e la tua app verr\u00e0 creata in meno di due minuti.","og_url":"https:\/\/elfsight.com\/it\/qr-code-widget\/google-sites\/","og_site_name":"Elfsight IT","article_modified_time":"2025-03-23T20:21:47+00:00","twitter_card":"summary_large_image","twitter_misc":{"Tempo di lettura stimato":"3 minuti"},"schema":{"@context":"https:\/\/schema.org","@graph":[{"@type":"WebPage","@id":"https:\/\/elfsight.com\/it\/qr-code-widget\/google-sites\/","url":"https:\/\/elfsight.com\/it\/qr-code-widget\/google-sites\/","name":"Codice QR: aggiungi il widget del codice QR a Google Sites (2025)","isPartOf":{"@id":"https:\/\/elfsight.com\/it\/#website"},"datePublished":"1970-01-01T00:00:00+00:00","dateModified":"2025-03-23T20:21:47+00:00","description":"Crea rapidamente il tuo codice QR personalizzato per il sito Google Sites. Usa la nostra pratica demo e la tua app verr\u00e0 creata in meno di due minuti.","breadcrumb":{"@id":"https:\/\/elfsight.com\/it\/qr-code-widget\/google-sites\/#breadcrumb"},"inLanguage":"it-IT","potentialAction":[{"@type":"ReadAction","target":["https:\/\/elfsight.com\/it\/qr-code-widget\/google-sites\/"]}]},{"@type":"BreadcrumbList","@id":"https:\/\/elfsight.com\/it\/qr-code-widget\/google-sites\/#breadcrumb","itemListElement":[{"@type":"ListItem","position":1,"name":"Home","item":"https:\/\/elfsight.com\/it\/"},{"@type":"ListItem","position":2,"name":"QR Code","item":"https:\/\/elfsight.com\/it\/qr-code-widget\/"},{"@type":"ListItem","position":3,"name":"QR Code &#8211; Google Sites"}]},{"@type":"WebSite","@id":"https:\/\/elfsight.com\/it\/#website","url":"https:\/\/elfsight.com\/it\/","name":"Elfsight IT","description":"Just another Elfsight Sites site","potentialAction":[{"@type":"SearchAction","target":{"@type":"EntryPoint","urlTemplate":"https:\/\/elfsight.com\/it\/?s={search_term_string}"},"query-input":{"@type":"PropertyValueSpecification","valueRequired":true,"valueName":"search_term_string"}}],"inLanguage":"it-IT"}]}},"meta_box":{"industry":"","seo_heading":"","heading":"","description":"","cta_heading":"","cta_description":"","application":"2539","h1":"Widget Codice QR di Google Sites","h1_caption":"Genera e visualizza un codice QR per accedere facilmente a URL, Wi-Fi, biglietti da visita e altro ancora nei tuoi siti Google senza sforzo.","application_category":[],"applications_title":"","applications_request_title":"","applications_request_button_text":"","hero_text":"","hero_video":"","hero_video_schema_markup":"","selling_points_title":"","selling_points_caption":"","selling_points":[],"selling_points_cta_text":"","features_title":"","features":"","ed_cta_examples_text":"","ed_cta_examples_hidden":"","ed_cta_demo_text":"","ed_cta_demo_hidden":"","why_caption":"","why_editor_title":"","why_editor_text":"","why_team_title":"","why_team_text":"","why_service_title":"","why_service_text":"","template_catalog_visible":"0","template_catalog_title":"","template_catalog_text":"","template_catalog_categories_visible":"","demo_title":"Crea il tuo widget Codice QR","demo_caption":"Configura il tuo codice QR e aggiungilo gratuitamente al tuo sito web Google Sites!","default_faq_hidden":"","app_template_category":[],"platform":"105","template_public_id":"","codecanyon_url":"","codecanyon_item_id":"","codecanyon_price":"","pricing_caption":"","pricing_elfsight_apps_hide_column":"","pricing_elfsight_apps_url":"","pricing_codecanyon_price_caption":"","integration_category":[],"integration_request_title":"","integration_request_cta":"","integration_platform":"","integrations":[],"platform_category":[],"video_schema_markup":"","price":"da $ 0 al mese","trial":"","benefits":[{"text":"Aiuto per l'installazione gratuito"},{"text":"Assistenza clienti con esperienza"},{"text":"Garanzia di rimborso di 14 giorni"},{"text":"Aggiornamento costante"}],"button_url":"#demo","button_target_blank":"0","button_nofollow":"0","attributes":[{"name":"Installazioni"},{"name":"Reattivo","content":"S\u00cc"},{"name":"Browser compatibili","content":"Firefox, Safari, Opera, Chrome, Edge"}],"tags":[],"tags_disable_links":"0","hide_more_platforms":"0","video_object":"","demo_hide_cta":"0","demo_hide_cloud_options":"0","pricing_title":"","pricing":[{"pricing_icon":"platform","pricing_title":"Elfsight Apps","pricing_title_caption":"Versione indipendente dalla piattaforma","pricing_price":"da $ 0 \/ mese","pricing_price_caption":"inizia con il piano gratuito","pricing_benefits":[{"text":"Siti web illimitati"},{"text":"Supporto rapido e puntuale"},{"text":"Aiuto gratuito per l'installazione"},{"text":"Offerta speciale per pi\u00f9 app"}],"pricing_button_text":"Aggiungi al sito web","pricing_button_url":"#demo"}],"related_apps_title":"","related_apps_hidden":"0","author":"","image":[],"title":"","job":"","social_networks":[]},"_links":{"self":[{"href":"https:\/\/elfsight.com\/it\/wp-json\/wp\/v2\/pages\/5506","targetHints":{"allow":["GET"]}}],"collection":[{"href":"https:\/\/elfsight.com\/it\/wp-json\/wp\/v2\/pages"}],"about":[{"href":"https:\/\/elfsight.com\/it\/wp-json\/wp\/v2\/types\/page"}],"author":[{"embeddable":true,"href":"https:\/\/elfsight.com\/it\/wp-json\/wp\/v2\/users\/9"}],"replies":[{"embeddable":true,"href":"https:\/\/elfsight.com\/it\/wp-json\/wp\/v2\/comments?post=5506"}],"version-history":[{"count":2,"href":"https:\/\/elfsight.com\/it\/wp-json\/wp\/v2\/pages\/5506\/revisions"}],"predecessor-version":[{"id":9828,"href":"https:\/\/elfsight.com\/it\/wp-json\/wp\/v2\/pages\/5506\/revisions\/9828"}],"up":[{"embeddable":true,"href":"https:\/\/elfsight.com\/it\/wp-json\/wp\/v2\/pages\/2541"}],"wp:attachment":[{"href":"https:\/\/elfsight.com\/it\/wp-json\/wp\/v2\/media?parent=5506"}],"curies":[{"name":"wp","href":"https:\/\/api.w.org\/{rel}","templated":true}]}}