{"id":5499,"date":"1970-01-01T00:00:00","date_gmt":"1970-01-01T00:00:00","guid":{"rendered":"https:\/\/elfsight.com\/it\/?page_id=5499"},"modified":"2024-11-11T11:21:04","modified_gmt":"2024-11-11T11:21:04","slug":"jimdo","status":"publish","type":"page","link":"https:\/\/elfsight.com\/it\/qr-code-widget\/jimdo\/","title":{"rendered":"QR Code &#8211; Jimdo"},"content":{"rendered":"<div class=\"application-platform-content-item-description application-platform-content-item\" id=\"description\" data-nav-section=\"description\"><h2>Descrizione<\/h2> <p>Elfsight QR Code \u00e8 uno strumento straordinario che ti consente di reindirizzare immediatamente gli utenti a qualsiasi pagina web, condividere un URL , la tua posizione, l&#8217;e-mail, qualsiasi file e altro ancora. Lo strumento \u00e8 estremamente regolabile: puoi aggiungere un titolo, una didascalia esplicativa, scegliere l&#8217;icona e il logo pi\u00f9 adatti utilizzando la nostra libreria o crearne uno tuo, ricolorare il testo, lo sfondo, la cornice e modificare le dimensioni del widget nel modo desiderato. Tutto ci\u00f2 che resta da fare \u00e8 iniziare a creare la tua funzionalit\u00e0 personalizzata: l&#8217;installazione \u00e8 semplicissima e non richieder\u00e0 alcuna abilit\u00e0 di codifica. <\/p> <p><b>Rendi il tuo sito web pi\u00f9 efficiente per le attivit\u00e0 aziendali con l&#8217;aiuto del codice QR.<\/b><\/p> <\/div> <div class=\"application-platform-content-item-features application-platform-content-item\" id=\"features\" data-nav-section=\"features\"> <h2>I pi\u00f9 offrono preziose funzionalit\u00e0 widget<\/h2> <ul><li>Accesso immediato ai tuoi contenuti<\/li><li>Possibilit\u00e0 di condividere URL, posizioni, file, profili di social media e molto altro<\/li><li> Aggiungi qualsiasi testo<\/li><li>8 loghi scambiabili<\/li><li>Possibilit\u00e0 di caricare il tuo logo personalizzato<\/li><li>15 icone scambiabili disponibili<\/li><li>Cornici per presentare il codice nel modo pi\u00f9 efficace<\/li><li>Modificare la dimensione del codice<\/li><li>Modificare la dimensione del testo<\/li><li>Aggiungere una didascalia<\/li><\/ul><p><a href=\"#demo\">Esplora tutte le opzioni di personalizzazione nella demo funzionale al 100%<\/a><\/p> <\/div> <div class=\"application-platform-content-item-installation application-platform-content-item\" id=\"installation\" data-nav-section=\"installation\"> <h2>Come aggiungere il codice QR alla pagina web Jimdo ? <\/h2> <p>Segui semplicemente le istruzioni seguenti per iniziare a lavorare con il widget. <\/p> <ol><li><b>Utilizza il nostro editor gratuito e inizia a modellare il tuo strumento personalizzato. <\/b><br> Scegli il modulo personalizzato e le opzioni del widget e applica le correzioni. <\/li> <li><b>Ricevi il codice individuale che \u00e8 mostrato nell&#8217;apposito modulo su Elfsight Apps. <\/b><br> Non appena la personalizzazione del tuo widget personale sar\u00e0 terminata, copia il codice personale nella casella visualizzata e conservalo per un utilizzo successivo. <\/li> <li><b>Inizia a utilizzare il widget sul sito Jimdo. <\/b><br> Aggiungi il codice che hai copiato in precedenza nella tua pagina web e salva le modifiche. <\/li> <li><b>La configurazione \u00e8 stata completata. <\/b><br> Visita la tua pagina web per dare un&#8217;occhiata a come viene eseguito il widget. <\/li><\/ol> <p>Supponendo che tu abbia qualche problema, non aver paura di rivolgerti al nostro personale di supporto. Il nostro personale non vede l&#8217;ora di aiutarti con tutte le domande che potresti avere sul prodotto. <\/p> <div class=\"faq\" data-component=\"FAQ\"><div class=\"faq-item\">\r\n\t\t\t\t\t<div class=\"faq-item-question\">\r\n\t\t\t\t\t\t<h3 class=\"faq-item-question-text\">Esiste un metodo per aggiungere QR Code al mio sito Jimdo senza esperienza di codifica?<\/h3>\r\n\r\n\t\t\t\t\t\t<div class=\"faq-item-question-icon\"><\/div>\r\n\t\t\t\t\t<\/div>\r\n\r\n\t\t\t\t\t<div class=\"faq-item-answer\">\r\n\t\t\t\t\t\t<div class=\"faq-item-answer-text\"> <p>Elfsight offre una soluzione che consente agli utenti di creare da soli un plugin QR Code, scopri come \u00e8 semplice: inizia a lavorare direttamente nella demo online per creare la sezione del codice QR che vorresti vedere sulla home page di Jimdo. Scegli uno dei nostri modelli predefiniti e regola le impostazioni del codice QR, modifica il layout e la combinazione di colori aggiungi i tuoi contenuti, senza esperienza di codifica. Salva il QR Code e ottieni il codice di installazione del widget, che potrai facilmente incorporare in qualsiasi sito Jimdo utilizzando un piano gratuito. Con il semplice configuratore qualsiasi utente di Internet pu\u00f2 creare un plugin per codici QR e incollarlo facilmente sul sito Jimdo. Non devi pagare o rivelare i dati della tua carta per poter entrare nel nostro Editor. Se riscontri problemi in qualsiasi momento, non esitare a contattare il nostro personale di supporto.<\/p> <\/div>\r\n\t\t\t\t\t<\/div>\r\n\t\t\t\t<\/div> <\/div><\/div>","protected":false},"excerpt":{"rendered":"","protected":false},"author":9,"featured_media":0,"parent":2541,"menu_order":0,"comment_status":"closed","ping_status":"closed","template":"templates\/template-application-platform.php","meta":{"publish_to_discourse":"","publish_post_category":"","wpdc_auto_publish_overridden":"","wpdc_topic_tags":"","wpdc_pin_topic":"","wpdc_pin_until":"","discourse_post_id":"","discourse_permalink":"","wpdc_publishing_response":"","wpdc_publishing_error":"","footnotes":""},"class_list":["post-5499","page","type-page","status-publish","hentry"],"yoast_head":"<!-- This site is optimized with the Yoast SEO plugin v25.3.1 - https:\/\/yoast.com\/wordpress\/plugins\/seo\/ -->\n<title>Generatore di codici QR - Aggiungi il plugin di codici QR a Jimdo [2025]<\/title>\n<meta name=\"description\" content=\"Costruisci rapidamente il tuo generatore di codici QR personalizzato per il sito Jimdo. Applica semplicemente la nostra demo e il tuo plugin verr\u00e0 creato in meno di due minuti.\" \/>\n<meta name=\"robots\" content=\"index, follow, max-snippet:-1, max-image-preview:large, max-video-preview:-1\" \/>\n<link rel=\"canonical\" href=\"https:\/\/elfsight.com\/it\/qr-code-widget\/jimdo\/\" \/>\n<meta property=\"og:locale\" content=\"it_IT\" \/>\n<meta property=\"og:type\" content=\"article\" \/>\n<meta property=\"og:title\" content=\"Generatore di codici QR - Aggiungi il plugin di codici QR a Jimdo [2025]\" \/>\n<meta property=\"og:description\" content=\"Costruisci rapidamente il tuo generatore di codici QR personalizzato per il sito Jimdo. Applica semplicemente la nostra demo e il tuo plugin verr\u00e0 creato in meno di due minuti.\" \/>\n<meta property=\"og:url\" content=\"https:\/\/elfsight.com\/it\/qr-code-widget\/jimdo\/\" \/>\n<meta property=\"og:site_name\" content=\"Elfsight IT\" \/>\n<meta property=\"article:modified_time\" content=\"2024-11-11T11:21:04+00:00\" \/>\n<meta name=\"twitter:card\" content=\"summary_large_image\" \/>\n<meta name=\"twitter:label1\" content=\"Tempo di lettura stimato\" \/>\n\t<meta name=\"twitter:data1\" content=\"3 minuti\" \/>\n<!-- \/ Yoast SEO plugin. -->","yoast_head_json":{"title":"Generatore di codici QR - Aggiungi il plugin di codici QR a Jimdo [2025]","description":"Costruisci rapidamente il tuo generatore di codici QR personalizzato per il sito Jimdo. Applica semplicemente la nostra demo e il tuo plugin verr\u00e0 creato in meno di due minuti.","robots":{"index":"index","follow":"follow","max-snippet":"max-snippet:-1","max-image-preview":"max-image-preview:large","max-video-preview":"max-video-preview:-1"},"canonical":"https:\/\/elfsight.com\/it\/qr-code-widget\/jimdo\/","og_locale":"it_IT","og_type":"article","og_title":"Generatore di codici QR - Aggiungi il plugin di codici QR a Jimdo [2025]","og_description":"Costruisci rapidamente il tuo generatore di codici QR personalizzato per il sito Jimdo. Applica semplicemente la nostra demo e il tuo plugin verr\u00e0 creato in meno di due minuti.","og_url":"https:\/\/elfsight.com\/it\/qr-code-widget\/jimdo\/","og_site_name":"Elfsight IT","article_modified_time":"2024-11-11T11:21:04+00:00","twitter_card":"summary_large_image","twitter_misc":{"Tempo di lettura stimato":"3 minuti"},"schema":{"@context":"https:\/\/schema.org","@graph":[{"@type":"WebPage","@id":"https:\/\/elfsight.com\/it\/qr-code-widget\/jimdo\/","url":"https:\/\/elfsight.com\/it\/qr-code-widget\/jimdo\/","name":"Generatore di codici QR - Aggiungi il plugin di codici QR a Jimdo [2025]","isPartOf":{"@id":"https:\/\/elfsight.com\/it\/#website"},"datePublished":"1970-01-01T00:00:00+00:00","dateModified":"2024-11-11T11:21:04+00:00","description":"Costruisci rapidamente il tuo generatore di codici QR personalizzato per il sito Jimdo. Applica semplicemente la nostra demo e il tuo plugin verr\u00e0 creato in meno di due minuti.","breadcrumb":{"@id":"https:\/\/elfsight.com\/it\/qr-code-widget\/jimdo\/#breadcrumb"},"inLanguage":"it-IT","potentialAction":[{"@type":"ReadAction","target":["https:\/\/elfsight.com\/it\/qr-code-widget\/jimdo\/"]}]},{"@type":"BreadcrumbList","@id":"https:\/\/elfsight.com\/it\/qr-code-widget\/jimdo\/#breadcrumb","itemListElement":[{"@type":"ListItem","position":1,"name":"Home","item":"https:\/\/elfsight.com\/it\/"},{"@type":"ListItem","position":2,"name":"QR Code","item":"https:\/\/elfsight.com\/it\/qr-code-widget\/"},{"@type":"ListItem","position":3,"name":"QR Code &#8211; Jimdo"}]},{"@type":"WebSite","@id":"https:\/\/elfsight.com\/it\/#website","url":"https:\/\/elfsight.com\/it\/","name":"Elfsight IT","description":"Just another Elfsight Sites site","potentialAction":[{"@type":"SearchAction","target":{"@type":"EntryPoint","urlTemplate":"https:\/\/elfsight.com\/it\/?s={search_term_string}"},"query-input":{"@type":"PropertyValueSpecification","valueRequired":true,"valueName":"search_term_string"}}],"inLanguage":"it-IT"}]}},"meta_box":{"industry":"","seo_heading":"","heading":"","description":"","cta_heading":"","cta_description":"","application":"2539","h1":"Widget generatore di codici QR Jimdo","h1_caption":"Genera e visualizza un codice QR per accedere facilmente a URL, Wi-Fi, biglietti da visita e altro nel tuo sito Jimdo senza sforzo.","application_category":[],"applications_title":"","applications_request_title":"","applications_request_button_text":"","hero_text":"","hero_video":"","hero_video_schema_markup":"","selling_points_title":"","selling_points_caption":"","selling_points":[],"selling_points_cta_text":"","features_title":"","features":"","ed_cta_examples_text":"","ed_cta_examples_hidden":"","ed_cta_demo_text":"","ed_cta_demo_hidden":"","why_caption":"","why_editor_title":"","why_editor_text":"","why_team_title":"","why_team_text":"","why_service_title":"","why_service_text":"","template_catalog_visible":"","template_catalog_title":"","template_catalog_text":"","template_catalog_categories_visible":"","demo_title":"Crea il tuo widget Codice QR","demo_caption":"Configura il tuo QR Code e aggiungilo gratuitamente al tuo sito Jimdo!","default_faq_hidden":"","app_template_category":[],"platform":"55","template_public_id":"","codecanyon_url":"","codecanyon_item_id":"","codecanyon_price":"","pricing_caption":"","pricing_elfsight_apps_hide_column":"","pricing_elfsight_apps_url":"","pricing_codecanyon_price_caption":"","integration_category":[],"integration_request_title":"","integration_request_cta":"","integration_platform":"","integrations":[],"platform_category":[],"video_schema_markup":"","price":"da $ 0 al mese","trial":"","benefits":[{"text":"Aiuto per l'installazione gratuito"},{"text":"Supporto premium"},{"text":"Garanzia di rimborso di 14 giorni"},{"text":"Aggiornamenti regolari"}],"button_url":"#demo","button_target_blank":"","button_nofollow":"","attributes":[{"name":"Installazioni"},{"name":"Reattivo","content":"S\u00cc"},{"name":"Browser compatibili","content":"Firefox, Safari, Opera, Chrome, Edge"}],"tags":[],"tags_disable_links":"","hide_more_platforms":"","video_object":"","demo_hide_cta":"","demo_hide_cloud_options":"","pricing_title":"","pricing":[{"pricing_icon":"platform","pricing_title":"Elfsight Apps","pricing_title_caption":"Soluzione digitale multipiattaforma adatta a qualsiasi sito web","pricing_price":"da $ 0 \/ mese","pricing_price_caption":"inizia con il piano gratuito","pricing_benefits":[{"text":"Numero illimitato di domini"},{"text":"Assistenza clienti professionale"},{"text":"Servizio di installazione gratuito"},{"text":"100% personalizzabile"}],"pricing_button_text":"Aggiungi al sito web","pricing_button_url":"#demo"}],"related_apps_title":"","related_apps_hidden":"","author":"","image":[],"title":"","job":"","social_networks":[]},"_links":{"self":[{"href":"https:\/\/elfsight.com\/it\/wp-json\/wp\/v2\/pages\/5499","targetHints":{"allow":["GET"]}}],"collection":[{"href":"https:\/\/elfsight.com\/it\/wp-json\/wp\/v2\/pages"}],"about":[{"href":"https:\/\/elfsight.com\/it\/wp-json\/wp\/v2\/types\/page"}],"author":[{"embeddable":true,"href":"https:\/\/elfsight.com\/it\/wp-json\/wp\/v2\/users\/9"}],"replies":[{"embeddable":true,"href":"https:\/\/elfsight.com\/it\/wp-json\/wp\/v2\/comments?post=5499"}],"version-history":[{"count":1,"href":"https:\/\/elfsight.com\/it\/wp-json\/wp\/v2\/pages\/5499\/revisions"}],"predecessor-version":[{"id":5503,"href":"https:\/\/elfsight.com\/it\/wp-json\/wp\/v2\/pages\/5499\/revisions\/5503"}],"up":[{"embeddable":true,"href":"https:\/\/elfsight.com\/it\/wp-json\/wp\/v2\/pages\/2541"}],"wp:attachment":[{"href":"https:\/\/elfsight.com\/it\/wp-json\/wp\/v2\/media?parent=5499"}],"curies":[{"name":"wp","href":"https:\/\/api.w.org\/{rel}","templated":true}]}}