{"id":5485,"date":"1970-01-01T00:00:00","date_gmt":"1970-01-01T00:00:00","guid":{"rendered":"https:\/\/elfsight.com\/it\/?page_id=5485"},"modified":"2024-11-12T13:21:37","modified_gmt":"2024-11-12T13:21:37","slug":"webnode","status":"publish","type":"page","link":"https:\/\/elfsight.com\/it\/pricing-table-plugin\/webnode\/","title":{"rendered":"Pricing Table &#8211; Webnode"},"content":{"rendered":"<div class=\"application-platform-content-item-description application-platform-content-item\" id=\"description\" data-nav-section=\"description\"><h2>Descrizione<\/h2><p>Il prezzo ha uno dei ruoli pi\u00f9 importanti nel convincere i visitatori a effettuare un acquisto o un ordine. Il nostro plugin non solo consente agli acquirenti del sito web di vedere e confrontare diverse opzioni di prezzo in modo facile e veloce. Aiuta anche a migliorare la conversione grazie alle tendenze pi\u00f9 recenti incluse nelle opzioni di design e modelli.<\/p><p><b>Aumenta enormemente le vendite del tuo sito, utilizzando prezzi avanzati.<\/b><\/p><ul><li><b>Lascia che i clienti compiano un percorso di acquisto fino alla fine<\/b>.<br>Mostra nel modo pi\u00f9 semplice ed efficiente i dati di cui i tuoi futuri clienti hanno bisogno e aiutali a prendere la decisione adeguata.<\/li><li><b>Personalizzazione rapida ed efficace<\/b>.<br>Grazie all&#8217;ampia variet\u00e0 di impostazioni, che ti consentono di configurare vari tipi di prezzi in diversi passaggi, troverai quello che sar\u00e0 pi\u00f9 efficace per il tuo sito. <\/li><li><b>Fornisci maggiori dettagli sulle tue offerte<\/b>.<br>Descrivi tutte le tue condizioni di prezzo e visualizza i piani tramite un plugin personalizzato, in modo che i clienti possano vedere e analizzare rapidamente le possibili condizioni.<\/li><\/ul><\/div><div class=\"application-platform-content-item-features application-platform-content-item\" id=\"features\" data-nav-section=\"features\"><h2>Caratteristiche<\/h2><p>I vantaggi che rendono il nostro plugin la migliore tabella dei prezzi per i siti web Webnode.<\/p><ul><li>6 elementi di colonna predefiniti che possono essere organizzati e personalizzati per ottenere l&#8217;aspetto perfetto;<\/li><li>Elenco delle funzionalit\u00e0 regolabili, completo di icone delle funzionalit\u00e0, suggerimenti e numero illimitato di funzionalit\u00e0;<\/li><li> Gli elementi colorati di ciascuna colonna possono essere personalizzati individualmente;<\/li><li>Raggio e larghezza del bordo del pulsante personalizzabili;<\/li><li>Layout ottimizzato per dispositivi mobili.<\/li><\/ul><p><a href=\" #demo\">Puoi scoprire tutti i vantaggi nella demo live<\/a><\/p><\/div><div class=\"application-platform-content-item-installation application-platform-content-item\" id=\"installation\" data-nav-section=\"installation\"><h2>Come aggiungere la tabella dei prezzi al sito Webnode<\/h2><p>Un&#8217;istruzione su come impostare il nostro plugin. Per realizzarlo, non avrai bisogno di competenze di programmazione e non ci vorr\u00e0 molto tempo. Solo pochi semplici passaggi e 2 minuti.<\/p><ol><li><b>Crea la tua tabella dei prezzi personalizzata<\/b>.<br> Utilizzando il nostro editor gratuito, assembla un plugin con layout e funzioni preferibili.<\/li><li><b>Ricevi il codice per l&#8217;integrazione del plug-in<\/b>.<br> Dopo aver configurato il widget, ricevi il codice per il plug-in dei prezzi dalla notifica visualizzata sulle app Elfsight.<\/li><li><b>Incorpora il plugin nel sito Webnode<\/b>.<br> Integra il plugin nella posizione necessaria della pagina e pubblica le modifiche.<\/li><li><b>Fatto!<\/b><br> Entra il tuo sito web per vedere i tuoi prezzi.<\/li><\/ol><p>Hai domande sull&#8217;integrazione del plugin? Guarda il nostro tutorial completo o contatta il nostro centro assistenza e saremo felici di aiutarti.<\/p><div class=\"faq\" data-component=\"FAQ\"> <div class=\"faq-item\">\r\n\t\t\t\t\t<div class=\"faq-item-question\">\r\n\t\t\t\t\t\t<h3 class=\"faq-item-question-text\">Come posso aggiungere una tabella dei prezzi al mio sito Webnode senza competenze di programmazione?<\/h3>\r\n\r\n\t\t\t\t\t\t<div class=\"faq-item-question-icon\"><\/div>\r\n\t\t\t\t\t<\/div>\r\n\r\n\t\t\t\t\t<div class=\"faq-item-answer\">\r\n\t\t\t\t\t\t<div class=\"faq-item-answer-text\"> <p>Elfsight fornisce una soluzione SaaS che ti consente di creare tu stesso un widget Tabella dei prezzi, scopri quanto \u00e8 semplice il processo: lavora direttamente nell&#8217;editor online per creare un widget della Tabella dei prezzi che vorresti vedere sul tuo sito Webnode. Scegli uno dei modelli predefiniti e regola le impostazioni della tabella dei prezzi, aggiungi i tuoi contenuti, modifica il layout e i colori senza alcuna competenza di codifica. Salva la tabella dei prezzi e copia il codice di installazione, che potrai aggiungere facilmente al tuo sito Webnode senza dover acquistare un piano a pagamento. Con il nostro editor intuitivo qualsiasi utente di Internet pu\u00f2 creare un widget della tabella dei prezzi online e incorporarlo facilmente nel proprio sito Webnode. Non \u00e8 necessario pagare o inserire le credenziali della carta per accedere al servizio. In caso di problemi in qualsiasi momento, non esitate a contattare il nostro team di supporto tecnico.<\/p> <\/div>\r\n\t\t\t\t\t<\/div>\r\n\t\t\t\t<\/div> <\/div> <\/div>","protected":false},"excerpt":{"rendered":"","protected":false},"author":9,"featured_media":0,"parent":1297,"menu_order":0,"comment_status":"closed","ping_status":"closed","template":"templates\/template-application-platform.php","meta":{"publish_to_discourse":"","publish_post_category":"","wpdc_auto_publish_overridden":"","wpdc_topic_tags":"","wpdc_pin_topic":"","wpdc_pin_until":"","discourse_post_id":"","discourse_permalink":"","wpdc_publishing_response":"","wpdc_publishing_error":"","footnotes":""},"class_list":["post-5485","page","type-page","status-publish","hentry"],"yoast_head":"<!-- This site is optimized with the Yoast SEO plugin v25.3.1 - https:\/\/yoast.com\/wordpress\/plugins\/seo\/ -->\n<title>Tabella dei prezzi - Aggiungi il widget dei prezzi al sito Webnode<\/title>\n<meta name=\"description\" content=\"Configura il plugin della tabella dei prezzi per Webnode in solo 1 minuto. Controlla tutti i vantaggi pi\u00f9 importanti del miglior widget di prezzo nella demo gratuita.\" \/>\n<meta name=\"robots\" content=\"index, follow, max-snippet:-1, max-image-preview:large, max-video-preview:-1\" \/>\n<link rel=\"canonical\" href=\"https:\/\/elfsight.com\/it\/pricing-table-plugin\/webnode\/\" \/>\n<meta property=\"og:locale\" content=\"it_IT\" \/>\n<meta property=\"og:type\" content=\"article\" \/>\n<meta property=\"og:title\" content=\"Tabella dei prezzi - Aggiungi il widget dei prezzi al sito Webnode\" \/>\n<meta property=\"og:description\" content=\"Configura il plugin della tabella dei prezzi per Webnode in solo 1 minuto. Controlla tutti i vantaggi pi\u00f9 importanti del miglior widget di prezzo nella demo gratuita.\" \/>\n<meta property=\"og:url\" content=\"https:\/\/elfsight.com\/it\/pricing-table-plugin\/webnode\/\" \/>\n<meta property=\"og:site_name\" content=\"Elfsight IT\" \/>\n<meta property=\"article:modified_time\" content=\"2024-11-12T13:21:37+00:00\" \/>\n<meta name=\"twitter:card\" content=\"summary_large_image\" \/>\n<meta name=\"twitter:label1\" content=\"Tempo di lettura stimato\" \/>\n\t<meta name=\"twitter:data1\" content=\"3 minuti\" \/>\n<!-- \/ Yoast SEO plugin. -->","yoast_head_json":{"title":"Tabella dei prezzi - Aggiungi il widget dei prezzi al sito Webnode","description":"Configura il plugin della tabella dei prezzi per Webnode in solo 1 minuto. Controlla tutti i vantaggi pi\u00f9 importanti del miglior widget di prezzo nella demo gratuita.","robots":{"index":"index","follow":"follow","max-snippet":"max-snippet:-1","max-image-preview":"max-image-preview:large","max-video-preview":"max-video-preview:-1"},"canonical":"https:\/\/elfsight.com\/it\/pricing-table-plugin\/webnode\/","og_locale":"it_IT","og_type":"article","og_title":"Tabella dei prezzi - Aggiungi il widget dei prezzi al sito Webnode","og_description":"Configura il plugin della tabella dei prezzi per Webnode in solo 1 minuto. Controlla tutti i vantaggi pi\u00f9 importanti del miglior widget di prezzo nella demo gratuita.","og_url":"https:\/\/elfsight.com\/it\/pricing-table-plugin\/webnode\/","og_site_name":"Elfsight IT","article_modified_time":"2024-11-12T13:21:37+00:00","twitter_card":"summary_large_image","twitter_misc":{"Tempo di lettura stimato":"3 minuti"},"schema":{"@context":"https:\/\/schema.org","@graph":[{"@type":"WebPage","@id":"https:\/\/elfsight.com\/it\/pricing-table-plugin\/webnode\/","url":"https:\/\/elfsight.com\/it\/pricing-table-plugin\/webnode\/","name":"Tabella dei prezzi - Aggiungi il widget dei prezzi al sito Webnode","isPartOf":{"@id":"https:\/\/elfsight.com\/it\/#website"},"datePublished":"1970-01-01T00:00:00+00:00","dateModified":"2024-11-12T13:21:37+00:00","description":"Configura il plugin della tabella dei prezzi per Webnode in solo 1 minuto. Controlla tutti i vantaggi pi\u00f9 importanti del miglior widget di prezzo nella demo gratuita.","breadcrumb":{"@id":"https:\/\/elfsight.com\/it\/pricing-table-plugin\/webnode\/#breadcrumb"},"inLanguage":"it-IT","potentialAction":[{"@type":"ReadAction","target":["https:\/\/elfsight.com\/it\/pricing-table-plugin\/webnode\/"]}]},{"@type":"BreadcrumbList","@id":"https:\/\/elfsight.com\/it\/pricing-table-plugin\/webnode\/#breadcrumb","itemListElement":[{"@type":"ListItem","position":1,"name":"Home","item":"https:\/\/elfsight.com\/it\/"},{"@type":"ListItem","position":2,"name":"Pricing Table","item":"https:\/\/elfsight.com\/it\/pricing-table-plugin\/"},{"@type":"ListItem","position":3,"name":"Pricing Table &#8211; Webnode"}]},{"@type":"WebSite","@id":"https:\/\/elfsight.com\/it\/#website","url":"https:\/\/elfsight.com\/it\/","name":"Elfsight IT","description":"Just another Elfsight Sites site","potentialAction":[{"@type":"SearchAction","target":{"@type":"EntryPoint","urlTemplate":"https:\/\/elfsight.com\/it\/?s={search_term_string}"},"query-input":{"@type":"PropertyValueSpecification","valueRequired":true,"valueName":"search_term_string"}}],"inLanguage":"it-IT"}]}},"meta_box":{"industry":"","seo_heading":"","heading":"","description":"","cta_heading":"","cta_description":"","application":"1296","h1":"Plugin della tabella dei prezzi per Webnode","h1_caption":"Presenta le tue opzioni di prezzo in modo chiaro e accattivante, aiutando i clienti a scegliere facilmente il piano giusto per le loro esigenze nel tuo sito Webnode.","application_category":[],"applications_title":"","applications_request_title":"","applications_request_button_text":"","hero_text":"","hero_video":"","hero_video_schema_markup":"","selling_points_title":"","selling_points_caption":"","selling_points":[],"selling_points_cta_text":"","features_title":"","features":"","ed_cta_examples_text":"","ed_cta_examples_hidden":"","ed_cta_demo_text":"","ed_cta_demo_hidden":"","why_caption":"","why_editor_title":"","why_editor_text":"","why_team_title":"","why_team_text":"","why_service_title":"","why_service_text":"","template_catalog_visible":"","template_catalog_title":"","template_catalog_text":"","template_catalog_categories_visible":"","demo_title":"Crea il tuo widget Tabella dei prezzi","demo_caption":"Configura la tua tabella dei prezzi e aggiungila gratuitamente al tuo sito Webnode!","default_faq_hidden":"","app_template_category":[],"platform":"47","template_public_id":"","codecanyon_url":"","codecanyon_item_id":"","codecanyon_price":"","pricing_caption":"","pricing_elfsight_apps_hide_column":"","pricing_elfsight_apps_url":"","pricing_codecanyon_price_caption":"","integration_category":[],"integration_request_title":"","integration_request_cta":"","integration_platform":"","integrations":[],"platform_category":[],"video_schema_markup":"","price":"da $ 0 al mese","trial":"","benefits":[{"text":"Assistenza gratuita per l'installazione"},{"text":"Assistenza clienti con esperienza"},{"text":"Garanzia di rimborso di 14 giorni"},{"text":"Aggiornamenti futuri"}],"button_url":"#demo","button_target_blank":"","button_nofollow":"","attributes":[{"name":"Installazioni"},{"name":"Reattivo","content":"S\u00cc"},{"name":"Browser compatibili","content":"Firefox, Safari, Opera, Chrome, Edge"}],"tags":[],"tags_disable_links":"","hide_more_platforms":"","video_object":"","demo_hide_cta":"","demo_hide_cloud_options":"","pricing_title":"","pricing":[{"pricing_icon":"platform","pricing_title":"Elfsight Apps","pricing_title_caption":"Soluzione multipiattaforma","pricing_price":"da $ 0 \/ mese","pricing_price_caption":"inizia con il piano gratuito","pricing_benefits":[{"text":"Siti web illimitati"},{"text":"Supporto 24 ore su 24, 7 giorni su 7"},{"text":"Assistenza per l'installazione gratuita"},{"text":"Prezzo speciale per pi\u00f9 app"}],"pricing_button_text":"Aggiungi al sito web","pricing_button_url":"#demo"}],"related_apps_title":"","related_apps_hidden":"","author":"","image":[],"title":"","job":"","social_networks":[]},"_links":{"self":[{"href":"https:\/\/elfsight.com\/it\/wp-json\/wp\/v2\/pages\/5485","targetHints":{"allow":["GET"]}}],"collection":[{"href":"https:\/\/elfsight.com\/it\/wp-json\/wp\/v2\/pages"}],"about":[{"href":"https:\/\/elfsight.com\/it\/wp-json\/wp\/v2\/types\/page"}],"author":[{"embeddable":true,"href":"https:\/\/elfsight.com\/it\/wp-json\/wp\/v2\/users\/9"}],"replies":[{"embeddable":true,"href":"https:\/\/elfsight.com\/it\/wp-json\/wp\/v2\/comments?post=5485"}],"version-history":[{"count":1,"href":"https:\/\/elfsight.com\/it\/wp-json\/wp\/v2\/pages\/5485\/revisions"}],"predecessor-version":[{"id":5489,"href":"https:\/\/elfsight.com\/it\/wp-json\/wp\/v2\/pages\/5485\/revisions\/5489"}],"up":[{"embeddable":true,"href":"https:\/\/elfsight.com\/it\/wp-json\/wp\/v2\/pages\/1297"}],"wp:attachment":[{"href":"https:\/\/elfsight.com\/it\/wp-json\/wp\/v2\/media?parent=5485"}],"curies":[{"name":"wp","href":"https:\/\/api.w.org\/{rel}","templated":true}]}}