{"id":5484,"date":"1970-01-01T00:00:00","date_gmt":"1970-01-01T00:00:00","guid":{"rendered":"https:\/\/elfsight.com\/it\/?page_id=5484"},"modified":"2025-03-21T08:48:54","modified_gmt":"2025-03-21T08:48:54","slug":"squarespace","status":"publish","type":"page","link":"https:\/\/elfsight.com\/it\/pricing-table-plugin\/squarespace\/","title":{"rendered":"Pricing Table &#8211; Squarespace"},"content":{"rendered":"\n<div class=\"application-platform-content-item-description application-platform-content-item\" id=\"description\" data-nav-section=\"description\"><h2>Incorpora la tabella dei prezzi su Squarespace con il widget Elfsight<\/h2><p>I prezzi sono diventati uno dei fattori chiave per convincere gli utenti a creare un acquistare. Il widget Elfsight non solo offre agli acquirenti del sito Web la possibilit\u00e0 di apprendere e confrontare rapidamente le offerte di prezzo. Contribuisce inoltre a migliorare la conversione utilizzando i pi\u00f9 recenti trucchi nell&#8217;interfaccia e nella modellazione.<\/p><p><b>Porta le vendite del tuo sito web a un livello superiore, con l&#8217;aiuto di prezzi efficaci.<\/b><\/p><ul><li><b>Avere pi\u00f9 clienti<\/b>.<br>Sfrutta le tendenze pi\u00f9 avanzate dell&#8217;interfaccia, per escludere eventuali malintesi che i tuoi clienti potrebbero avere mentre prendono una decisione di acquisto e ottenere il massimo conversione.<\/li><li><b>Personalizzare il widget in solo 1 minuto<\/b>.<br>Spendi solo pochi minuti per creare un widget ideale. Scegli le configurazioni necessarie di design e informazioni per visualizzarle in solo un paio di clic.<\/li><li><b>Scrivi tutti i dettagli sui tuoi piani tariffari<\/b>.<br>Fornisci maggiori dettagli sulle tue condizioni di prezzo e aggiungi i tuoi piani a un widget personale, in modo che i clienti possano vedere e confrontare le possibili tariffe.<\/li><\/ul><\/div><div class=\"application-platform-content-item-features application-platform-content-item\" id=\"features\" data-nav-section=\"features\"><h2>Caratteristiche principali del widget Tabella dei prezzi<\/h2><p>Le caratteristiche che trasformano il nostro widget nella migliore tabella dei prezzi per i siti web Squarespace.<\/p><ul><li>2 tipi predefiniti di raggio del bordo e 4 tipi predefiniti di larghezza del bordo;<\/li><li>Elenco delle funzionalit\u00e0 regolabili, completo di icone delle funzionalit\u00e0, suggerimenti e numero illimitato di funzionalit\u00e0;<\/li><li>3 stili di funzionalit\u00e0 predefiniti;<\/li><li>Collegamento del pulsante alla pagina richiesta;<\/li><li>Layout ottimizzato per dispositivi mobili.<\/li><\/ul><p><a href=\"#demo\">Puoi studiare tutti i vantaggi con il configuratore live help<\/a><\/p><\/div><div class=\"application-platform-content-item-installation application-platform-content-item\" id=\"installation\" data-nav-section=\"installation\"><h2>Come aggiungere la tabella dei prezzi al sito web di Squarespace<\/h2><div class=\"video-container\"><iframe width=\"560\" height=\"315\" src=\"https:\/\/www.youtube.com\/embed\/Z4wm8dOO78k?si=YKPslekIZB4yFnCp\" frameborder=\"0\" allow=\"accelerometer; autoplay; clipboard-write; encrypted-media; gyroscope; picture-in-picture; web-share\" allowfullscreen><\/iframe><\/div><p>Un manuale sull&#8217;installazione del nostro widget. Per eseguirlo, non avrai bisogno di conoscenze di programmazione o di molto tempo. Solo 4 semplici passaggi e 3 minuti.<\/p><ol><li><b>Crea la tua tabella dei prezzi unica<\/b>.<br> Con la nostra demo gratuita, crea un plugin con l&#8217;aspetto e le funzioni necessarie.<\/li><li><b>Acquisisci il codice per visualizzare il plug-in<\/b>.<br> Dopo l&#8217;ottimizzazione del widget, ottieni il codice per il plug-in dei prezzi dalla notifica popup sulle app Elfsight.<\/li><li><b> Posiziona il plug-in sul sito Web SquareSpace<\/b>.<br> Posiziona il plug-in nel punto richiesto della pagina e pubblica le modifiche.<\/li><li><b>Hai completato con successo l&#8217;installazione<\/b>.<br> Visita il tuo sito web per verificare i prezzi.<\/li><\/ol><p>Hai domande durante la creazione del tuo widget? Controlla le nostre istruzioni complete \u00ab<a href=\"https:\/\/elfsight.com\/tutorials\/how-to-add-pricing-table-to-squarespace\/\" target=\"_blank\" rel=\"noopener noreferrer\">Come integrare tabella dei prezzi in Squarespace<\/a>\u00bb o contatta il nostro team di supporto, saremo lieti di aiutarti con qualsiasi problema!<\/p><div class=\"faq\" data-component=\"FAQ\"> <div class=\"faq-item\">\r\n\t\t\t\t\t<div class=\"faq-item-question\">\r\n\t\t\t\t\t\t<h3 class=\"faq-item-question-text\">Come posso aggiungere una tabella dei prezzi al mio sito web Squarespace senza competenze di codifica?<\/h3>\r\n\r\n\t\t\t\t\t\t<div class=\"faq-item-question-icon\"><\/div>\r\n\t\t\t\t\t<\/div>\r\n\r\n\t\t\t\t\t<div class=\"faq-item-answer\">\r\n\t\t\t\t\t\t<div class=\"faq-item-answer-text\"> <p>Elfsight fornisce una soluzione SaaS che ti consente di creare tu stesso un widget Tabella dei prezzi, scopri quanto \u00e8 semplice il processo: lavora direttamente nell&#8217;editor online per creare un widget Tabella dei prezzi che vorresti vedere sul tuo Squarespace sito web. Scegli uno dei modelli predefiniti e regola le impostazioni della tabella dei prezzi, aggiungi i tuoi contenuti, modifica il layout e i colori senza alcuna competenza di codifica. Salva la tabella dei prezzi e copia il codice di installazione, che potrai facilmente incorporare nel tuo sito web Squarespace senza la necessit\u00e0 di acquistare un piano a pagamento. Con il nostro editor intuitivo qualsiasi utente di Internet pu\u00f2 creare un widget Tabella dei prezzi online e incorporarlo facilmente nel proprio sito web Squarespace. Non \u00e8 necessario pagare o inserire le credenziali della carta per accedere al servizio. In caso di problemi in qualsiasi momento, non esitate a contattare il nostro team di supporto tecnico.<\/p> <\/div>\r\n\t\t\t\t\t<\/div>\r\n\t\t\t\t<\/div> <\/div> <\/div>\n","protected":false},"excerpt":{"rendered":"","protected":false},"author":9,"featured_media":0,"parent":1297,"menu_order":0,"comment_status":"closed","ping_status":"closed","template":"templates\/template-application-platform.php","meta":{"publish_to_discourse":"","publish_post_category":"","wpdc_auto_publish_overridden":"","wpdc_topic_tags":"","wpdc_pin_topic":"","wpdc_pin_until":"","discourse_post_id":"","discourse_permalink":"","wpdc_publishing_response":"","wpdc_publishing_error":"","footnotes":""},"class_list":["post-5484","page","type-page","status-publish","hentry"],"yoast_head":"<!-- This site is optimized with the Yoast SEO plugin v25.3.1 - https:\/\/yoast.com\/wordpress\/plugins\/seo\/ -->\n<title>Tabella dei prezzi: aggiungi il widget Prezzi al sito web di Squarespace<\/title>\n<meta name=\"description\" content=\"Installa il plug-in Tabella prezzi per Squarespace in soli 3 minuti. Scopri tutte le caratteristiche chiave del miglior plugin per i prezzi nella demo gratuita.\" \/>\n<meta name=\"robots\" content=\"index, follow, max-snippet:-1, max-image-preview:large, max-video-preview:-1\" \/>\n<link rel=\"canonical\" href=\"https:\/\/elfsight.com\/it\/pricing-table-plugin\/squarespace\/\" \/>\n<meta property=\"og:locale\" content=\"it_IT\" \/>\n<meta property=\"og:type\" content=\"article\" \/>\n<meta property=\"og:title\" content=\"Tabella dei prezzi: aggiungi il widget Prezzi al sito web di Squarespace\" \/>\n<meta property=\"og:description\" content=\"Installa il plug-in Tabella prezzi per Squarespace in soli 3 minuti. Scopri tutte le caratteristiche chiave del miglior plugin per i prezzi nella demo gratuita.\" \/>\n<meta property=\"og:url\" content=\"https:\/\/elfsight.com\/it\/pricing-table-plugin\/squarespace\/\" \/>\n<meta property=\"og:site_name\" content=\"Elfsight IT\" \/>\n<meta property=\"article:modified_time\" content=\"2025-03-21T08:48:54+00:00\" \/>\n<meta name=\"twitter:card\" content=\"summary_large_image\" \/>\n<meta name=\"twitter:label1\" content=\"Tempo di lettura stimato\" \/>\n\t<meta name=\"twitter:data1\" content=\"4 minuti\" \/>\n<!-- \/ Yoast SEO plugin. -->","yoast_head_json":{"title":"Tabella dei prezzi: aggiungi il widget Prezzi al sito web di Squarespace","description":"Installa il plug-in Tabella prezzi per Squarespace in soli 3 minuti. Scopri tutte le caratteristiche chiave del miglior plugin per i prezzi nella demo gratuita.","robots":{"index":"index","follow":"follow","max-snippet":"max-snippet:-1","max-image-preview":"max-image-preview:large","max-video-preview":"max-video-preview:-1"},"canonical":"https:\/\/elfsight.com\/it\/pricing-table-plugin\/squarespace\/","og_locale":"it_IT","og_type":"article","og_title":"Tabella dei prezzi: aggiungi il widget Prezzi al sito web di Squarespace","og_description":"Installa il plug-in Tabella prezzi per Squarespace in soli 3 minuti. Scopri tutte le caratteristiche chiave del miglior plugin per i prezzi nella demo gratuita.","og_url":"https:\/\/elfsight.com\/it\/pricing-table-plugin\/squarespace\/","og_site_name":"Elfsight IT","article_modified_time":"2025-03-21T08:48:54+00:00","twitter_card":"summary_large_image","twitter_misc":{"Tempo di lettura stimato":"4 minuti"},"schema":{"@context":"https:\/\/schema.org","@graph":[{"@type":"WebPage","@id":"https:\/\/elfsight.com\/it\/pricing-table-plugin\/squarespace\/","url":"https:\/\/elfsight.com\/it\/pricing-table-plugin\/squarespace\/","name":"Tabella dei prezzi: aggiungi il widget Prezzi al sito web di Squarespace","isPartOf":{"@id":"https:\/\/elfsight.com\/it\/#website"},"datePublished":"1970-01-01T00:00:00+00:00","dateModified":"2025-03-21T08:48:54+00:00","description":"Installa il plug-in Tabella prezzi per Squarespace in soli 3 minuti. Scopri tutte le caratteristiche chiave del miglior plugin per i prezzi nella demo gratuita.","breadcrumb":{"@id":"https:\/\/elfsight.com\/it\/pricing-table-plugin\/squarespace\/#breadcrumb"},"inLanguage":"it-IT","potentialAction":[{"@type":"ReadAction","target":["https:\/\/elfsight.com\/it\/pricing-table-plugin\/squarespace\/"]}]},{"@type":"BreadcrumbList","@id":"https:\/\/elfsight.com\/it\/pricing-table-plugin\/squarespace\/#breadcrumb","itemListElement":[{"@type":"ListItem","position":1,"name":"Home","item":"https:\/\/elfsight.com\/it\/"},{"@type":"ListItem","position":2,"name":"Pricing Table","item":"https:\/\/elfsight.com\/it\/pricing-table-plugin\/"},{"@type":"ListItem","position":3,"name":"Pricing Table &#8211; Squarespace"}]},{"@type":"WebSite","@id":"https:\/\/elfsight.com\/it\/#website","url":"https:\/\/elfsight.com\/it\/","name":"Elfsight IT","description":"Just another Elfsight Sites site","potentialAction":[{"@type":"SearchAction","target":{"@type":"EntryPoint","urlTemplate":"https:\/\/elfsight.com\/it\/?s={search_term_string}"},"query-input":{"@type":"PropertyValueSpecification","valueRequired":true,"valueName":"search_term_string"}}],"inLanguage":"it-IT"}]}},"meta_box":{"industry":"","seo_heading":"","heading":"","description":"","cta_heading":"","cta_description":"","application":"1296","h1":"Widget Tabella dei prezzi per Squarespace","h1_caption":"Presenta le tue opzioni di prezzo in modo chiaro e accattivante, aiutando i clienti a scegliere facilmente il piano giusto per le loro esigenze nel tuo sito web Squarespace.","application_category":[],"applications_title":"","applications_request_title":"","applications_request_button_text":"","hero_text":"","hero_video":"","hero_video_schema_markup":"","selling_points_title":"","selling_points_caption":"","selling_points":[],"selling_points_cta_text":"","features_title":"","features":"","ed_cta_examples_text":"","ed_cta_examples_hidden":"","ed_cta_demo_text":"","ed_cta_demo_hidden":"","why_caption":"","why_editor_title":"","why_editor_text":"","why_team_title":"","why_team_text":"","why_service_title":"","why_service_text":"","template_catalog_visible":"0","template_catalog_title":"","template_catalog_text":"","template_catalog_categories_visible":"","demo_title":"Crea il tuo plugin per la tabella dei prezzi","demo_caption":"Configura la tua tabella dei prezzi e aggiungila gratuitamente al tuo sito web Squarespace!","default_faq_hidden":"","app_template_category":[],"platform":"43","template_public_id":"","codecanyon_url":"","codecanyon_item_id":"","codecanyon_price":"","pricing_caption":"","pricing_elfsight_apps_hide_column":"","pricing_elfsight_apps_url":"","pricing_codecanyon_price_caption":"","integration_category":[],"integration_request_title":"","integration_request_cta":"","integration_platform":"","integrations":[],"platform_category":[],"video_schema_markup":"","price":"da $ 0 al mese","trial":"","benefits":[{"text":"Assistenza per l'installazione gratuita"},{"text":"Servizio clienti professionale"},{"text":"Garanzia di rimborso di 14 giorni"},{"text":"Miglioramenti continui"}],"button_url":"#demo","button_target_blank":"0","button_nofollow":"0","attributes":[{"name":"Installazioni"},{"name":"Reattivo","content":"S\u00cc"},{"name":"Browser compatibili","content":"Firefox, Safari, Opera, Chrome, Edge"}],"tags":[],"tags_disable_links":"0","hide_more_platforms":"0","video_object":"","demo_hide_cta":"0","demo_hide_cloud_options":"0","pricing_title":"","pricing":[{"pricing_icon":"platform","pricing_title":"Elfsight Apps","pricing_title_caption":"Soluzione multipiattaforma adatta a qualsiasi sito","pricing_price":"da $ 0 \/ mese","pricing_price_caption":"inizia con un piano gratuito","pricing_benefits":[{"text":"Domini illimitati"},{"text":"Supporto aziendale gratuito e ben documentato"},{"text":"Servizio di installazione gratuito"},{"text":"100% personalizzabile"}],"pricing_button_text":"Aggiungi al sito web","pricing_button_url":"#demo"}],"related_apps_title":"","related_apps_hidden":"0","author":"","image":[],"title":"","job":"","social_networks":[]},"_links":{"self":[{"href":"https:\/\/elfsight.com\/it\/wp-json\/wp\/v2\/pages\/5484","targetHints":{"allow":["GET"]}}],"collection":[{"href":"https:\/\/elfsight.com\/it\/wp-json\/wp\/v2\/pages"}],"about":[{"href":"https:\/\/elfsight.com\/it\/wp-json\/wp\/v2\/types\/page"}],"author":[{"embeddable":true,"href":"https:\/\/elfsight.com\/it\/wp-json\/wp\/v2\/users\/9"}],"replies":[{"embeddable":true,"href":"https:\/\/elfsight.com\/it\/wp-json\/wp\/v2\/comments?post=5484"}],"version-history":[{"count":3,"href":"https:\/\/elfsight.com\/it\/wp-json\/wp\/v2\/pages\/5484\/revisions"}],"predecessor-version":[{"id":9536,"href":"https:\/\/elfsight.com\/it\/wp-json\/wp\/v2\/pages\/5484\/revisions\/9536"}],"up":[{"embeddable":true,"href":"https:\/\/elfsight.com\/it\/wp-json\/wp\/v2\/pages\/1297"}],"wp:attachment":[{"href":"https:\/\/elfsight.com\/it\/wp-json\/wp\/v2\/media?parent=5484"}],"curies":[{"name":"wp","href":"https:\/\/api.w.org\/{rel}","templated":true}]}}