{"id":5483,"date":"1970-01-01T00:00:00","date_gmt":"1970-01-01T00:00:00","guid":{"rendered":"https:\/\/elfsight.com\/it\/?page_id=5483"},"modified":"2024-11-12T13:21:37","modified_gmt":"2024-11-12T13:21:37","slug":"opencart","status":"publish","type":"page","link":"https:\/\/elfsight.com\/it\/pricing-table-plugin\/opencart\/","title":{"rendered":"Pricing Table &#8211; OpenCart"},"content":{"rendered":"<div class=\"application-platform-content-item-description application-platform-content-item\" id=\"description\" data-nav-section=\"description\"><h2>Descrizione<\/h2><p>Il prezzo gioca uno dei ruoli fondamentali nel motivare i clienti all&#8217;acquisto. Il modulo del nostro team non solo consente agli utenti della pagina di conoscere rapidamente le tue opzioni di prezzo. Contribuisce inoltre ad aumentare la conversione grazie alle ultime tecniche di design e modelli.<\/p><p><b>Porta le vendite del tuo sito web a un livello diverso, utilizzando prezzi efficaci.<\/b><\/p><ul><li><b>Aiuta gli utenti a completare un acquisto<\/b>.<br>Mostra in un formato chiaro i dati che i tuoi potenziali clienti stanno cercando e convincili a fare la scelta giusta.<\/li><li><b>Creazione di un modulo in soli 90 secondi<\/b>.<br>Spendi solo pochi minuti per generare un modulo ideale. Personalizza i parametri dell&#8217;interfaccia e aggiungi informazioni dettagliate per visualizzarle in pochi secondi.<\/li><li><b>Rendi i tuoi prezzi interessanti per i clienti<\/b>.<br>Ottieni il meglio dall&#8217;assortimento di colori, mostra diversi componenti, visualizzare immagini, per rendere i prezzi interessanti per i visitatori e stimolare gli acquisti.<\/li><\/ul><\/div><div class=\"application-platform-content-item-features application-platform-content-item\" id=\"features\" data-nav-section=\"features\"><h2>Caratteristiche<\/h2><p>I vantaggi che trasformano il nostro modulo nella migliore tabella dei prezzi per i siti Web OpenCart.<\/p><ul><li>2 tipi predefiniti di raggio del bordo e 4 tipi predefiniti di larghezza del bordo;<\/li><li>Elenco delle funzionalit\u00e0 regolabili, completo di icone di funzionalit\u00e0, suggerimenti e un numero illimitato di funzionalit\u00e0;<\/li><li>Gli elementi cromatici di ciascuna colonna possono essere personalizzati individualmente;<\/li><li>Collegamento del pulsante alla pagina richiesta;<\/li><li>Carattere personalizzabile dimensioni e peso.<\/li><\/ul><p><a href=\"#demo\">Puoi testare tutti i vantaggi nel configuratore live<\/a><\/p><\/div><div class=\"application-platform-content-item- installazione application-platform-content-item\" id=\" installazione\" data-nav-section=\" installazione\"><h2>Come aggiungere il modulo Tabella dei prezzi al sito Web OpenCart<\/h2><p>Segui semplicemente le istruzioni seguenti per integrare lo strumento su OpenCart.<\/p> <ol><li><b>Apri il nostro editor e inizia a creare la tua estensione personalizzata. <\/b><br> Scegli l&#8217;interfaccia e le caratteristiche adatte del widget e salva le correzioni. <\/li> <li><b>Copia il codice personale esposto nell&#8217;apposito form su Elfsight Apps. <\/b><br> Dopo aver stabilito la tua tabella prezzi personale, copia il codice personale nella finestra visualizzata e salvalo per necessit\u00e0 successive. <\/li> <li><b>Inizia a utilizzare l&#8217;estensione sul sito Web OpenCart. <\/b><br> Integra il codice che hai copiato in precedenza nella tua pagina e salva le modifiche. <\/li> <li><b>La configurazione \u00e8 completamente completata. <\/b><br> Vai al tuo sito per esaminare le prestazioni dell&#8217;estensione. <\/li><\/ol> <p>non ci vorr\u00e0 molto tempo. Basta eseguire diversi passaggi rapidi che non richiederanno pi\u00f9 di 3 minuti.<br>Hai problemi con la generazione del modulo? Consulta le nostre istruzioni complete \u00ab<a href=\"https:\/\/elfsight.com\/tutorials\/how-to-add-pricing-table-to-opencart\/\" target=\"_blank\" rel=\"noopener noreferrer\">Come integrare tabella dei prezzi in un OpenCart<\/a>\u00bb o contatta il nostro team di supporto, che ti aiuter\u00e0 con qualsiasi domanda.<\/p><div class=\"faq\" data-component=\"FAQ\"> <div class=\"faq-item\">\r\n\t\t\t\t\t<div class=\"faq-item-question\">\r\n\t\t\t\t\t\t<h3 class=\"faq-item-question-text\">Come posso aggiungere una tabella dei prezzi al mio sito web OpenCart senza competenze di codifica? <\/h3>\r\n\r\n\t\t\t\t\t\t<div class=\"faq-item-question-icon\"><\/div>\r\n\t\t\t\t\t<\/div>\r\n\r\n\t\t\t\t\t<div class=\"faq-item-answer\">\r\n\t\t\t\t\t\t<div class=\"faq-item-answer-text\"> <p>Elfsight fornisce una soluzione SaaS che ti consente di creare tu stesso un widget Tabella dei prezzi, scopri quanto \u00e8 semplice il processo: lavora direttamente nell&#8217;editor online per creare un widget Tabella dei prezzi che vorresti vedere sul tuo sito web OpenCart. Scegli uno dei modelli predefiniti e regola le impostazioni della tabella dei prezzi, aggiungi i tuoi contenuti, modifica il layout e i colori senza alcuna competenza di codifica. Salva la tabella dei prezzi e copia il codice di installazione, in modo da poterlo aggiungere facilmente al tuo sito Web OpenCart senza acquistare una versione a pagamento. Con il nostro editor intuitivo qualsiasi utente di Internet pu\u00f2 creare un widget della tabella dei prezzi online e incorporarlo facilmente nel proprio sito Web OpenCart. Non \u00e8 necessario pagare o inserire le credenziali della carta per accedere al servizio. In caso di problemi in qualsiasi momento, non esitate a contattare il nostro team di supporto tecnico.<\/p> <\/div>\r\n\t\t\t\t\t<\/div>\r\n\t\t\t\t<\/div> <\/div> <\/div>","protected":false},"excerpt":{"rendered":"","protected":false},"author":9,"featured_media":0,"parent":1297,"menu_order":0,"comment_status":"closed","ping_status":"closed","template":"templates\/template-application-platform.php","meta":{"publish_to_discourse":"","publish_post_category":"","wpdc_auto_publish_overridden":"","wpdc_topic_tags":"","wpdc_pin_topic":"","wpdc_pin_until":"","discourse_post_id":"","discourse_permalink":"","wpdc_publishing_response":"","wpdc_publishing_error":"","footnotes":""},"class_list":["post-5483","page","type-page","status-publish","hentry"],"yoast_head":"<!-- This site is optimized with the Yoast SEO plugin v25.3.1 - https:\/\/yoast.com\/wordpress\/plugins\/seo\/ -->\n<title>Tabella dei prezzi: aggiungi l&#039;estensione dei prezzi al sito Web OpenCart<\/title>\n<meta name=\"description\" content=\"Installa il modulo Tabella dei prezzi per OpenCart in soli 2 minuti. Controlla tutti i principali vantaggi della migliore estensione di prezzo nell&#039;editor gratuito.\" \/>\n<meta name=\"robots\" content=\"index, follow, max-snippet:-1, max-image-preview:large, max-video-preview:-1\" \/>\n<link rel=\"canonical\" href=\"https:\/\/elfsight.com\/it\/pricing-table-plugin\/opencart\/\" \/>\n<meta property=\"og:locale\" content=\"it_IT\" \/>\n<meta property=\"og:type\" content=\"article\" \/>\n<meta property=\"og:title\" content=\"Tabella dei prezzi: aggiungi l&#039;estensione dei prezzi al sito Web OpenCart\" \/>\n<meta property=\"og:description\" content=\"Installa il modulo Tabella dei prezzi per OpenCart in soli 2 minuti. Controlla tutti i principali vantaggi della migliore estensione di prezzo nell&#039;editor gratuito.\" \/>\n<meta property=\"og:url\" content=\"https:\/\/elfsight.com\/it\/pricing-table-plugin\/opencart\/\" \/>\n<meta property=\"og:site_name\" content=\"Elfsight IT\" \/>\n<meta property=\"article:modified_time\" content=\"2024-11-12T13:21:37+00:00\" \/>\n<meta name=\"twitter:card\" content=\"summary_large_image\" \/>\n<meta name=\"twitter:label1\" content=\"Tempo di lettura stimato\" \/>\n\t<meta name=\"twitter:data1\" content=\"3 minuti\" \/>\n<!-- \/ Yoast SEO plugin. -->","yoast_head_json":{"title":"Tabella dei prezzi: aggiungi l'estensione dei prezzi al sito Web OpenCart","description":"Installa il modulo Tabella dei prezzi per OpenCart in soli 2 minuti. Controlla tutti i principali vantaggi della migliore estensione di prezzo nell'editor gratuito.","robots":{"index":"index","follow":"follow","max-snippet":"max-snippet:-1","max-image-preview":"max-image-preview:large","max-video-preview":"max-video-preview:-1"},"canonical":"https:\/\/elfsight.com\/it\/pricing-table-plugin\/opencart\/","og_locale":"it_IT","og_type":"article","og_title":"Tabella dei prezzi: aggiungi l'estensione dei prezzi al sito Web OpenCart","og_description":"Installa il modulo Tabella dei prezzi per OpenCart in soli 2 minuti. Controlla tutti i principali vantaggi della migliore estensione di prezzo nell'editor gratuito.","og_url":"https:\/\/elfsight.com\/it\/pricing-table-plugin\/opencart\/","og_site_name":"Elfsight IT","article_modified_time":"2024-11-12T13:21:37+00:00","twitter_card":"summary_large_image","twitter_misc":{"Tempo di lettura stimato":"3 minuti"},"schema":{"@context":"https:\/\/schema.org","@graph":[{"@type":"WebPage","@id":"https:\/\/elfsight.com\/it\/pricing-table-plugin\/opencart\/","url":"https:\/\/elfsight.com\/it\/pricing-table-plugin\/opencart\/","name":"Tabella dei prezzi: aggiungi l'estensione dei prezzi al sito Web OpenCart","isPartOf":{"@id":"https:\/\/elfsight.com\/it\/#website"},"datePublished":"1970-01-01T00:00:00+00:00","dateModified":"2024-11-12T13:21:37+00:00","description":"Installa il modulo Tabella dei prezzi per OpenCart in soli 2 minuti. Controlla tutti i principali vantaggi della migliore estensione di prezzo nell'editor gratuito.","breadcrumb":{"@id":"https:\/\/elfsight.com\/it\/pricing-table-plugin\/opencart\/#breadcrumb"},"inLanguage":"it-IT","potentialAction":[{"@type":"ReadAction","target":["https:\/\/elfsight.com\/it\/pricing-table-plugin\/opencart\/"]}]},{"@type":"BreadcrumbList","@id":"https:\/\/elfsight.com\/it\/pricing-table-plugin\/opencart\/#breadcrumb","itemListElement":[{"@type":"ListItem","position":1,"name":"Home","item":"https:\/\/elfsight.com\/it\/"},{"@type":"ListItem","position":2,"name":"Pricing Table","item":"https:\/\/elfsight.com\/it\/pricing-table-plugin\/"},{"@type":"ListItem","position":3,"name":"Pricing Table &#8211; OpenCart"}]},{"@type":"WebSite","@id":"https:\/\/elfsight.com\/it\/#website","url":"https:\/\/elfsight.com\/it\/","name":"Elfsight IT","description":"Just another Elfsight Sites site","potentialAction":[{"@type":"SearchAction","target":{"@type":"EntryPoint","urlTemplate":"https:\/\/elfsight.com\/it\/?s={search_term_string}"},"query-input":{"@type":"PropertyValueSpecification","valueRequired":true,"valueName":"search_term_string"}}],"inLanguage":"it-IT"}]}},"meta_box":{"industry":"","seo_heading":"","heading":"","description":"","cta_heading":"","cta_description":"","application":"1296","h1":"Estensione della tabella dei prezzi per OpenCart","h1_caption":"Presenta le tue opzioni di prezzo in modo chiaro e accattivante, aiutando i clienti a scegliere facilmente il piano giusto per le loro esigenze nel tuo sito Web Opencart.","application_category":[],"applications_title":"","applications_request_title":"","applications_request_button_text":"","hero_text":"","hero_video":"","hero_video_schema_markup":"","selling_points_title":"","selling_points_caption":"","selling_points":[],"selling_points_cta_text":"","features_title":"","features":"","ed_cta_examples_text":"","ed_cta_examples_hidden":"","ed_cta_demo_text":"","ed_cta_demo_hidden":"","why_caption":"","why_editor_title":"","why_editor_text":"","why_team_title":"","why_team_text":"","why_service_title":"","why_service_text":"","template_catalog_visible":"","template_catalog_title":"","template_catalog_text":"","template_catalog_categories_visible":"","demo_title":"Crea la tua estensione della tabella dei prezzi","demo_caption":"Configura la tua tabella dei prezzi e aggiungila gratuitamente al tuo sito Web OpenCart!","default_faq_hidden":"","app_template_category":[],"platform":"41","template_public_id":"","codecanyon_url":"","codecanyon_item_id":"","codecanyon_price":"","pricing_caption":"","pricing_elfsight_apps_hide_column":"","pricing_elfsight_apps_url":"","pricing_codecanyon_price_caption":"","integration_category":[],"integration_request_title":"","integration_request_cta":"","integration_platform":"","integrations":[],"platform_category":[],"video_schema_markup":"","price":"da $ 0 al mese","trial":"","benefits":[{"text":"Aiuto per l'installazione gratuito"},{"text":"Supporto eccezionale"},{"text":"Garanzia di rimborso di 14 giorni"},{"text":"Aggiornamenti gratuiti a vita"}],"button_url":"#demo","button_target_blank":"","button_nofollow":"","attributes":[{"name":"Installazioni"},{"name":"Reattivo","content":"S\u00cc"},{"name":"Browser compatibili","content":"IE11, Firefox, Safari, Opera, Chrome, Edge"}],"tags":[],"tags_disable_links":"","hide_more_platforms":"","video_object":"","demo_hide_cta":"","demo_hide_cloud_options":"","pricing_title":"","pricing":[{"pricing_icon":"platform","pricing_title":"Elfsight Apps","pricing_title_caption":"Soluzione digitale multipiattaforma che funziona su qualsiasi sito web","pricing_price":"da $ 0 \/ mese","pricing_price_caption":"inizia con il piano gratuito","pricing_benefits":[{"text":"Siti web illimitati"},{"text":"Supporto aziendale gratuito"},{"text":"Assistenza per l'installazione gratuita"},{"text":"Progettazione flessibile"}],"pricing_button_text":"Aggiungi al sito web","pricing_button_url":"#demo"}],"related_apps_title":"","related_apps_hidden":"","author":"","image":[],"title":"","job":"","social_networks":[]},"_links":{"self":[{"href":"https:\/\/elfsight.com\/it\/wp-json\/wp\/v2\/pages\/5483","targetHints":{"allow":["GET"]}}],"collection":[{"href":"https:\/\/elfsight.com\/it\/wp-json\/wp\/v2\/pages"}],"about":[{"href":"https:\/\/elfsight.com\/it\/wp-json\/wp\/v2\/types\/page"}],"author":[{"embeddable":true,"href":"https:\/\/elfsight.com\/it\/wp-json\/wp\/v2\/users\/9"}],"replies":[{"embeddable":true,"href":"https:\/\/elfsight.com\/it\/wp-json\/wp\/v2\/comments?post=5483"}],"version-history":[{"count":1,"href":"https:\/\/elfsight.com\/it\/wp-json\/wp\/v2\/pages\/5483\/revisions"}],"predecessor-version":[{"id":5487,"href":"https:\/\/elfsight.com\/it\/wp-json\/wp\/v2\/pages\/5483\/revisions\/5487"}],"up":[{"embeddable":true,"href":"https:\/\/elfsight.com\/it\/wp-json\/wp\/v2\/pages\/1297"}],"wp:attachment":[{"href":"https:\/\/elfsight.com\/it\/wp-json\/wp\/v2\/media?parent=5483"}],"curies":[{"name":"wp","href":"https:\/\/api.w.org\/{rel}","templated":true}]}}