{"id":5477,"date":"1970-01-01T00:00:00","date_gmt":"1970-01-01T00:00:00","guid":{"rendered":"https:\/\/elfsight.com\/it\/?page_id=5477"},"modified":"2024-11-12T13:21:29","modified_gmt":"2024-11-12T13:21:29","slug":"magento","status":"publish","type":"page","link":"https:\/\/elfsight.com\/it\/pricing-table-plugin\/magento\/","title":{"rendered":"Pricing Table &#8211; Magento"},"content":{"rendered":"<div class=\"application-platform-content-item-description application-platform-content-item\" id=\"description\" data-nav-section=\"description\"><h2>Descrizione<\/h2><p>Il prezzo gioca uno dei ruoli principali nel motivare i clienti all&#8217;acquisto. L&#8217;estensione del nostro team non solo consente agli utenti della pagina di conoscere le opzioni di prezzo disponibili in modo semplice e rapido. Contribuisce inoltre ad aumentare la conversione grazie agli ultimi trucchi di progettazione e configurazione.<\/p><p><b>Aumenta le vendite del tuo sito a un livello superiore, utilizzando prezzi potenti.<\/b><\/p><ul><li><b>Offri ai tuoi clienti tutto ci\u00f2 che serve per effettuare un acquisto<\/b>.<br>Aggiungi le informazioni che i tuoi futuri clienti stanno cercando in un formato chiaro e disponibile e aiutali a fare la scelta che gradiranno. <\/li><li><b>Impostazione dell&#8217;estensione in soli 50 secondi<\/b>.<br>Dedica un paio di minuti per impostare l&#8217;estensione migliore. Scegli tutte le configurazioni desiderate di design e informazioni dettagliate per mostrarle in solo un paio di clic.<\/li><li><b>Mostra maggiori informazioni sulle tue offerte<\/b>.<br>Fornisci il massimo delle informazioni su tutti i tuoi prezzi condizioni e inseriscile nella tua estensione, in modo che i lettori possano studiare e verificare i piani disponibili.<\/li><\/ul><\/div><div class=\"application-platform-content-item-features application-platform-content-item\" id=\"features\" data-nav-section=\"features\"><h2>Funzionalit\u00e0<\/h2><p> I punti che trasformano la nostra estensione nella migliore tabella dei prezzi per i siti Web Magento.<\/p><ul><li>6 elementi di colonne predefiniti che possono essere organizzati e personalizzati per ottenere l&#8217;aspetto perfetto;<\/li><li>Funzioni regolabili elenco, completo di icone di funzionalit\u00e0, suggerimenti e numero illimitato di funzionalit\u00e0;<\/li><li>3 stili di funzionalit\u00e0 predefiniti;<\/li><li>Collegamento del Button alla pagina richiesta;<\/li><li>Ottimizzato per dispositivi mobili layout.<\/li><\/ul><p><a href=\"#demo\">Puoi scoprire tutti i vantaggi utilizzando il configuratore live<\/a><\/p><\/div><div class=\"application-platform-content-item-installation application-platform-content-item\" id=\"installation\" data-nav-section=\"installation\"><h2>Come creare una tabella dei prezzi per il sito web Magento<\/h2><p>Segui semplicemente i passaggi descritti di seguito per incorporare lo strumento su Magento.<\/p> <ol><li><b>Gestisci il nostro configuratore gratuito e inizia a creare il tuo widget personalizzato. <\/b><br> Specifica il layout e le funzionalit\u00e0 preferite dell&#8217;estensione e applica le modifiche. <\/li> <li><b>Ricevi il tuo codice univoco rivelato nell&#8217;apposito modulo su Elfsight Apps. <\/b><br> Una volta completata la personalizzazione della tua estensione personale della tabella dei prezzi, copia il codice individuale nella finestra visualizzata e salvalo per un utilizzo futuro. <\/li> <li><b>Accedi all&#8217;utilizzo dello strumento sul sito web Magento. <\/b><br> Inserisci il codice che hai salvato in precedenza nella tua home page e salva i miglioramenti. <\/li> <li><b>Il gioco \u00e8 fatto! L&#8217;incorporamento \u00e8 stato completamente eseguito. <\/b><br> Visita la tua pagina web per verificare il funzionamento dello strumento. <\/li><\/ol><p>Riscontri problemi durante la configurazione della tua estensione? Consulta la nostra guida completa \u00ab<a href=\"https:\/\/elfsight.com\/tutorials\/how-to-add-pricing-table-to-magento\/\" target=\"_blank\" rel=\"noopener noreferrer\">Come inserire tabella dei prezzi in un Magento<\/a>\u00bb o contatta il nostro servizio clienti, che risolver\u00e0 rapidamente eventuali problemi.<\/p><\/div><div class=\"faq\" data-component=\"FAQ\"><div class=\"faq-item\">\r\n\t\t\t\t\t<div class=\"faq-item-question\">\r\n\t\t\t\t\t\t<h3 class=\"faq-item-question-text\">Come posso aggiungere una tabella dei prezzi al mio sito web Magento? <\/h3>\r\n\r\n\t\t\t\t\t\t<div class=\"faq-item-question-icon\"><\/div>\r\n\t\t\t\t\t<\/div>\r\n\r\n\t\t\t\t\t<div class=\"faq-item-answer\">\r\n\t\t\t\t\t\t<div class=\"faq-item-answer-text\"><p>La costruzione del widget viene eseguita sulle pagine Elfsight e non \u00e8 necessario imparare a programmare. Apri la demo attiva per personalizzare la tua app, ottenere il codice e implementarlo sul tuo sito. <\/p><\/div>\r\n\t\t\t\t\t<\/div>\r\n\t\t\t\t<\/div><div class=\"faq-item\">\r\n\t\t\t\t\t<div class=\"faq-item-question\">\r\n\t\t\t\t\t\t<h3 class=\"faq-item-question-text\">I modi migliori per utilizzare l'integrazione dei prezzi<\/h3>\r\n\r\n\t\t\t\t\t\t<div class=\"faq-item-question-icon\"><\/div>\r\n\t\t\t\t\t<\/div>\r\n\r\n\t\t\t\t\t<div class=\"faq-item-answer\">\r\n\t\t\t\t\t\t<div class=\"faq-item-answer-text\"><p>Ti forniremo molte possibilit\u00e0 di personalizzazione: widget a lunghezza intera da incorporare nella zona dei contenuti , widget mobili con funzionalit\u00e0 di scorrimento, miniature per il pi\u00e8 di pagina del tuo sito web, intestazione e tutti i tipi di possibilit\u00e0 verticali per barre laterali e menu. <\/p><\/div>\r\n\t\t\t\t\t<\/div>\r\n\t\t\t\t<\/div><div class=\"faq-item\">\r\n\t\t\t\t\t<div class=\"faq-item-question\">\r\n\t\t\t\t\t\t<h3 class=\"faq-item-question-text\">Come posso creare una tabella dei piani di servizio o dei prezzi comparativi con l'aiuto dell'editor? <\/h3>\r\n\r\n\t\t\t\t\t\t<div class=\"faq-item-question-icon\"><\/div>\r\n\t\t\t\t\t<\/div>\r\n\r\n\t\t\t\t\t<div class=\"faq-item-answer\">\r\n\t\t\t\t\t\t<div class=\"faq-item-answer-text\"><p>Puoi creare qualsiasi variante del widget. Nell&#8217;editor \u00e8 disponibile un&#8217;ampia gamma di layout e tutti possono essere rapidamente personalizzati nel modo che preferisci. <\/p><\/div>\r\n\t\t\t\t\t<\/div>\r\n\t\t\t\t<\/div><\/div>","protected":false},"excerpt":{"rendered":"","protected":false},"author":9,"featured_media":0,"parent":1297,"menu_order":0,"comment_status":"closed","ping_status":"closed","template":"templates\/template-application-platform.php","meta":{"publish_to_discourse":"","publish_post_category":"","wpdc_auto_publish_overridden":"","wpdc_topic_tags":"","wpdc_pin_topic":"","wpdc_pin_until":"","discourse_post_id":"","discourse_permalink":"","wpdc_publishing_response":"","wpdc_publishing_error":"","footnotes":""},"class_list":["post-5477","page","type-page","status-publish","hentry"],"yoast_head":"<!-- This site is optimized with the Yoast SEO plugin v25.3.1 - https:\/\/yoast.com\/wordpress\/plugins\/seo\/ -->\n<title>Tabella dei prezzi: aggiungi l&#039;estensione dei prezzi al sito Web Magento<\/title>\n<meta name=\"description\" content=\"Ottieni il plugin della tabella dei prezzi per Magento in soli 3 minuti. Controlla tutte le funzionalit\u00e0 principali del miglior plug-in per i prezzi nell&#039;editor gratuito.\" \/>\n<meta name=\"robots\" content=\"index, follow, max-snippet:-1, max-image-preview:large, max-video-preview:-1\" \/>\n<link rel=\"canonical\" href=\"https:\/\/elfsight.com\/it\/pricing-table-plugin\/magento\/\" \/>\n<meta property=\"og:locale\" content=\"it_IT\" \/>\n<meta property=\"og:type\" content=\"article\" \/>\n<meta property=\"og:title\" content=\"Tabella dei prezzi: aggiungi l&#039;estensione dei prezzi al sito Web Magento\" \/>\n<meta property=\"og:description\" content=\"Ottieni il plugin della tabella dei prezzi per Magento in soli 3 minuti. Controlla tutte le funzionalit\u00e0 principali del miglior plug-in per i prezzi nell&#039;editor gratuito.\" \/>\n<meta property=\"og:url\" content=\"https:\/\/elfsight.com\/it\/pricing-table-plugin\/magento\/\" \/>\n<meta property=\"og:site_name\" content=\"Elfsight IT\" \/>\n<meta property=\"article:modified_time\" content=\"2024-11-12T13:21:29+00:00\" \/>\n<meta name=\"twitter:card\" content=\"summary_large_image\" \/>\n<meta name=\"twitter:label1\" content=\"Tempo di lettura stimato\" \/>\n\t<meta name=\"twitter:data1\" content=\"3 minuti\" \/>\n<!-- \/ Yoast SEO plugin. -->","yoast_head_json":{"title":"Tabella dei prezzi: aggiungi l'estensione dei prezzi al sito Web Magento","description":"Ottieni il plugin della tabella dei prezzi per Magento in soli 3 minuti. Controlla tutte le funzionalit\u00e0 principali del miglior plug-in per i prezzi nell'editor gratuito.","robots":{"index":"index","follow":"follow","max-snippet":"max-snippet:-1","max-image-preview":"max-image-preview:large","max-video-preview":"max-video-preview:-1"},"canonical":"https:\/\/elfsight.com\/it\/pricing-table-plugin\/magento\/","og_locale":"it_IT","og_type":"article","og_title":"Tabella dei prezzi: aggiungi l'estensione dei prezzi al sito Web Magento","og_description":"Ottieni il plugin della tabella dei prezzi per Magento in soli 3 minuti. Controlla tutte le funzionalit\u00e0 principali del miglior plug-in per i prezzi nell'editor gratuito.","og_url":"https:\/\/elfsight.com\/it\/pricing-table-plugin\/magento\/","og_site_name":"Elfsight IT","article_modified_time":"2024-11-12T13:21:29+00:00","twitter_card":"summary_large_image","twitter_misc":{"Tempo di lettura stimato":"3 minuti"},"schema":{"@context":"https:\/\/schema.org","@graph":[{"@type":"WebPage","@id":"https:\/\/elfsight.com\/it\/pricing-table-plugin\/magento\/","url":"https:\/\/elfsight.com\/it\/pricing-table-plugin\/magento\/","name":"Tabella dei prezzi: aggiungi l'estensione dei prezzi al sito Web Magento","isPartOf":{"@id":"https:\/\/elfsight.com\/it\/#website"},"datePublished":"1970-01-01T00:00:00+00:00","dateModified":"2024-11-12T13:21:29+00:00","description":"Ottieni il plugin della tabella dei prezzi per Magento in soli 3 minuti. Controlla tutte le funzionalit\u00e0 principali del miglior plug-in per i prezzi nell'editor gratuito.","breadcrumb":{"@id":"https:\/\/elfsight.com\/it\/pricing-table-plugin\/magento\/#breadcrumb"},"inLanguage":"it-IT","potentialAction":[{"@type":"ReadAction","target":["https:\/\/elfsight.com\/it\/pricing-table-plugin\/magento\/"]}]},{"@type":"BreadcrumbList","@id":"https:\/\/elfsight.com\/it\/pricing-table-plugin\/magento\/#breadcrumb","itemListElement":[{"@type":"ListItem","position":1,"name":"Home","item":"https:\/\/elfsight.com\/it\/"},{"@type":"ListItem","position":2,"name":"Pricing Table","item":"https:\/\/elfsight.com\/it\/pricing-table-plugin\/"},{"@type":"ListItem","position":3,"name":"Pricing Table &#8211; Magento"}]},{"@type":"WebSite","@id":"https:\/\/elfsight.com\/it\/#website","url":"https:\/\/elfsight.com\/it\/","name":"Elfsight IT","description":"Just another Elfsight Sites site","potentialAction":[{"@type":"SearchAction","target":{"@type":"EntryPoint","urlTemplate":"https:\/\/elfsight.com\/it\/?s={search_term_string}"},"query-input":{"@type":"PropertyValueSpecification","valueRequired":true,"valueName":"search_term_string"}}],"inLanguage":"it-IT"}]}},"meta_box":{"industry":"","seo_heading":"","heading":"","description":"","cta_heading":"","cta_description":"","application":"1296","h1":"Estensione della tabella dei prezzi per Magento","h1_caption":"Presenta le tue opzioni di prezzo in modo chiaro e accattivante, aiutando i clienti a scegliere facilmente il piano giusto per le loro esigenze nel tuo sito web Magento.","application_category":[],"applications_title":"","applications_request_title":"","applications_request_button_text":"","hero_text":"","hero_video":"","hero_video_schema_markup":"","selling_points_title":"","selling_points_caption":"","selling_points":[],"selling_points_cta_text":"","features_title":"","features":"","ed_cta_examples_text":"","ed_cta_examples_hidden":"","ed_cta_demo_text":"","ed_cta_demo_hidden":"","why_caption":"","why_editor_title":"","why_editor_text":"","why_team_title":"","why_team_text":"","why_service_title":"","why_service_text":"","template_catalog_visible":"","template_catalog_title":"","template_catalog_text":"","template_catalog_categories_visible":"","demo_title":"Crea la tua estensione della tabella dei prezzi","demo_caption":"Configura la tua tabella dei prezzi e aggiungila gratuitamente al tuo sito Magento!","default_faq_hidden":"","app_template_category":[],"platform":"39","template_public_id":"","codecanyon_url":"","codecanyon_item_id":"","codecanyon_price":"","pricing_caption":"","pricing_elfsight_apps_hide_column":"","pricing_elfsight_apps_url":"","pricing_codecanyon_price_caption":"","integration_category":[],"integration_request_title":"","integration_request_cta":"","integration_platform":"","integrations":[],"platform_category":[],"video_schema_markup":"","price":"da $ 0 al mese","trial":"","benefits":[{"text":"Servizio di installazione gratuito"},{"text":"Servizio clienti professionale"},{"text":"Garanzia di rimborso di 14 giorni"},{"text":"Miglioramenti gratuiti a vita"}],"button_url":"#demo","button_target_blank":"","button_nofollow":"","attributes":[{"name":"Installazioni"},{"name":"Reattivo","content":"S\u00cc"},{"name":"Browser compatibili","content":"Firefox, Safari, Opera, Chrome, Edge"}],"tags":[],"tags_disable_links":"","hide_more_platforms":"","video_object":"","demo_hide_cta":"","demo_hide_cloud_options":"","pricing_title":"","pricing":[{"pricing_icon":"platform","pricing_title":"Elfsight Apps","pricing_title_caption":"Software multipiattaforma che funziona su qualsiasi sito web","pricing_price":"da $ 0 \/ mese","pricing_price_caption":"inizia con un piano gratuito","pricing_benefits":[{"text":"Siti web illimitati"},{"text":"Supporto aziendale premium e ben documentato"},{"text":"Aiuto gratuito per l'installazione"},{"text":"Completamente personalizzabile"}],"pricing_button_text":"Aggiungi al sito web","pricing_button_url":"#demo"}],"related_apps_title":"","related_apps_hidden":"","author":"","image":[],"title":"","job":"","social_networks":[]},"_links":{"self":[{"href":"https:\/\/elfsight.com\/it\/wp-json\/wp\/v2\/pages\/5477","targetHints":{"allow":["GET"]}}],"collection":[{"href":"https:\/\/elfsight.com\/it\/wp-json\/wp\/v2\/pages"}],"about":[{"href":"https:\/\/elfsight.com\/it\/wp-json\/wp\/v2\/types\/page"}],"author":[{"embeddable":true,"href":"https:\/\/elfsight.com\/it\/wp-json\/wp\/v2\/users\/9"}],"replies":[{"embeddable":true,"href":"https:\/\/elfsight.com\/it\/wp-json\/wp\/v2\/comments?post=5477"}],"version-history":[{"count":1,"href":"https:\/\/elfsight.com\/it\/wp-json\/wp\/v2\/pages\/5477\/revisions"}],"predecessor-version":[{"id":5481,"href":"https:\/\/elfsight.com\/it\/wp-json\/wp\/v2\/pages\/5477\/revisions\/5481"}],"up":[{"embeddable":true,"href":"https:\/\/elfsight.com\/it\/wp-json\/wp\/v2\/pages\/1297"}],"wp:attachment":[{"href":"https:\/\/elfsight.com\/it\/wp-json\/wp\/v2\/media?parent=5477"}],"curies":[{"name":"wp","href":"https:\/\/api.w.org\/{rel}","templated":true}]}}