{"id":5476,"date":"1970-01-01T00:00:00","date_gmt":"1970-01-01T00:00:00","guid":{"rendered":"https:\/\/elfsight.com\/it\/?page_id=5476"},"modified":"2024-11-12T13:21:29","modified_gmt":"2024-11-12T13:21:29","slug":"joomla","status":"publish","type":"page","link":"https:\/\/elfsight.com\/it\/pricing-table-plugin\/joomla\/","title":{"rendered":"Pricing Table &#8211; Joomla"},"content":{"rendered":"<div class=\"application-platform-content-item-description application-platform-content-item\" id=\"description\" data-nav-section=\"description\"><h2>Descrizione<\/h2><p>Il prezzo gioca uno dei ruoli fondamentali nel motivare i clienti all&#8217;acquisto. Il modulo Elfsight non solo aiuta i clienti della pagina a studiare e comprendere rapidamente le tue offerte di prezzo. Aiuta anche ad aumentare la conversione grazie alle ultime tendenze nell&#8217;interfaccia e nei modelli.<\/p><p><b>Aumenta le vendite del tuo sito con l&#8217;aiuto di prezzi efficaci.<\/b><\/p><ul><li><b>Aiuta gli utenti a concludere il loro percorso di acquisto con una decisione positiva<\/b>.<br>Mostra tutti i dati che i tuoi potenziali clienti stanno cercando in modo semplice ed efficace e aiutali a fare la scelta giusta.<\/li><li><b>Personalizzazione rapida ed efficace<\/b>.<br>Con una ricca variet\u00e0 di opzioni che consentono di generare tutti i possibili set di prezzi in soli 3 clic, troverai sicuramente quello che sar\u00e0 altamente efficace per te.<\/b> li&gt;<li><b>Fornisci informazioni complete sulle tue offerte<\/b>.<br>Racconta tutta la storia di ciascuno dei tuoi piani tariffari e dimostrali nel tuo modulo, in modo che i clienti possano facilmente cercare e verificare le tue condizioni. <\/li><\/ul><\/div><div class=\"application-platform-content-item-features application-platform-content-item\" id=\"features\" data-nav-section=\"features\"><h2>Caratteristiche<\/h2><p>Le funzionalit\u00e0 che trasformano il nostro modulo nella migliore tabella dei prezzi per i siti Web Joomla.<\/p> <ul><li>2 tipi predefiniti di raggio del bordo e 4 tipi predefiniti di larghezza del bordo;<\/li><li>Elenco delle funzionalit\u00e0 regolabili, completo di icone delle funzionalit\u00e0, suggerimenti e numero illimitato di funzionalit\u00e0;<\/li><li> 2 tipi di allineamento di funzionalit\u00e0 predefiniti;<\/li><li>Collegamento del pulsante alla pagina richiesta;<\/li><li>Layout ottimizzato per dispositivi mobili.<\/li><\/ul><p><a href=\"#demo \">Puoi studiare tutti i vantaggi nell&#8217;editor live<\/a><\/p><\/div><div class=\"application-platform-content-item-installation application-platform-content-item\" id=\"installation\" data-nav-section=\"installation\"><h2>Come aggiungere la tabella dei prezzi al sito web Joomla<\/h2><p>Semplicemente segui le istruzioni seguenti per aggiungere l&#8217;estensione su Joomla.<\/p> <ol><li><b>Gestisci la nostra demo gratuita e inizia a creare la tua estensione della tabella dei prezzi personalizzata. <\/b><br> Scegli l&#8217;aspetto selezionato e i tratti funzionali dello strumento e applica le modifiche. <\/li> <li><b>Fai apparire il tuo codice personale nella finestra delle App Elfsight. <\/b><br> Una volta terminata la configurazione del tuo strumento, copia il codice personale nel popup visualizzato e conservalo per un&#8217;occasione successiva. <\/li> <li><b>Avvia l&#8217;utilizzo dello strumento sul tuo sito Joomla. <\/b><br> Incorpora il codice copiato in precedenza nel tuo sito web e applica le modifiche. <\/li> <li><b>Fatto! L&#8217;incorporamento \u00e8 terminato con successo. <\/b><br> Vai al tuo sito web per vedere le prestazioni del widget. <\/li><\/ol><p>Hai problemi con l&#8217;aggiunta del modulo? Studia il nostro tutorial completo \u00ab<a href=\"https:\/\/elfsight.com\/tutorials\/how-to-add-pricing-table-to-joomla\/\" target=\"_blank\" rel=\"noopener noreferrer\">Come integrare tabella dei prezzi in un Joomla<\/a>\u00bb o rivolgiti al nostro supporto clienti, che risolver\u00e0 con piacere tutti i tipi di problemi.<\/p><div class=\"faq\" data-component=\"FAQ\"> <div class=\"faq-item\">\r\n\t\t\t\t\t<div class=\"faq-item-question\">\r\n\t\t\t\t\t\t<h3 class=\"faq-item-question-text\">Come aggiungere una tabella dei prezzi al mio sito web Joomla senza scrivere codice skills?<\/h3>\r\n\r\n\t\t\t\t\t\t<div class=\"faq-item-question-icon\"><\/div>\r\n\t\t\t\t\t<\/div>\r\n\r\n\t\t\t\t\t<div class=\"faq-item-answer\">\r\n\t\t\t\t\t\t<div class=\"faq-item-answer-text\"> <p>Elfsight fornisce una soluzione SaaS che ti consente di creare tu stesso un widget della tabella dei prezzi, scopri quanto \u00e8 semplice il processo: lavora direttamente nell&#8217;editor online per creare un widget della tabella dei prezzi che vorresti vedere sul tuo sito web Joomla . Scegli uno dei modelli predefiniti e regola le impostazioni della tabella dei prezzi, aggiungi i tuoi contenuti, modifica il layout e i colori senza alcuna competenza di codifica. Salva la tabella dei prezzi e copia il suo codice di installazione, che potrai semplicemente includere nel tuo sito Joomla senza dover acquistare una versione a pagamento. Con il nostro editor intuitivo qualsiasi utente di Internet pu\u00f2 creare un widget della tabella dei prezzi online e incorporarlo facilmente nel proprio sito Web Joomla. Non \u00e8 necessario pagare o inserire le credenziali della carta per accedere al servizio. In caso di problemi in qualsiasi momento, non esitate a contattare il nostro team di supporto tecnico.<\/p> <\/div>\r\n\t\t\t\t\t<\/div>\r\n\t\t\t\t<\/div> <\/div> <\/div>","protected":false},"excerpt":{"rendered":"","protected":false},"author":9,"featured_media":0,"parent":1297,"menu_order":0,"comment_status":"closed","ping_status":"closed","template":"templates\/template-application-platform.php","meta":{"publish_to_discourse":"","publish_post_category":"","wpdc_auto_publish_overridden":"","wpdc_topic_tags":"","wpdc_pin_topic":"","wpdc_pin_until":"","discourse_post_id":"","discourse_permalink":"","wpdc_publishing_response":"","wpdc_publishing_error":"","footnotes":""},"class_list":["post-5476","page","type-page","status-publish","hentry"],"yoast_head":"<!-- This site is optimized with the Yoast SEO plugin v25.3.1 - https:\/\/yoast.com\/wordpress\/plugins\/seo\/ -->\n<title>Tabella dei prezzi: aggiungi l&#039;estensione dei prezzi al sito Web Joomla<\/title>\n<meta name=\"description\" content=\"Aggiungi l&#039;estensione della tabella dei prezzi per Joomla in soli 2 minuti. Controlla tutti i solidi vantaggi del miglior modulo di prezzo nel pannello gratuito.\" \/>\n<meta name=\"robots\" content=\"index, follow, max-snippet:-1, max-image-preview:large, max-video-preview:-1\" \/>\n<link rel=\"canonical\" href=\"https:\/\/elfsight.com\/it\/pricing-table-plugin\/joomla\/\" \/>\n<meta property=\"og:locale\" content=\"it_IT\" \/>\n<meta property=\"og:type\" content=\"article\" \/>\n<meta property=\"og:title\" content=\"Tabella dei prezzi: aggiungi l&#039;estensione dei prezzi al sito Web Joomla\" \/>\n<meta property=\"og:description\" content=\"Aggiungi l&#039;estensione della tabella dei prezzi per Joomla in soli 2 minuti. Controlla tutti i solidi vantaggi del miglior modulo di prezzo nel pannello gratuito.\" \/>\n<meta property=\"og:url\" content=\"https:\/\/elfsight.com\/it\/pricing-table-plugin\/joomla\/\" \/>\n<meta property=\"og:site_name\" content=\"Elfsight IT\" \/>\n<meta property=\"article:modified_time\" content=\"2024-11-12T13:21:29+00:00\" \/>\n<meta name=\"twitter:card\" content=\"summary_large_image\" \/>\n<meta name=\"twitter:label1\" content=\"Tempo di lettura stimato\" \/>\n\t<meta name=\"twitter:data1\" content=\"3 minuti\" \/>\n<!-- \/ Yoast SEO plugin. -->","yoast_head_json":{"title":"Tabella dei prezzi: aggiungi l'estensione dei prezzi al sito Web Joomla","description":"Aggiungi l'estensione della tabella dei prezzi per Joomla in soli 2 minuti. Controlla tutti i solidi vantaggi del miglior modulo di prezzo nel pannello gratuito.","robots":{"index":"index","follow":"follow","max-snippet":"max-snippet:-1","max-image-preview":"max-image-preview:large","max-video-preview":"max-video-preview:-1"},"canonical":"https:\/\/elfsight.com\/it\/pricing-table-plugin\/joomla\/","og_locale":"it_IT","og_type":"article","og_title":"Tabella dei prezzi: aggiungi l'estensione dei prezzi al sito Web Joomla","og_description":"Aggiungi l'estensione della tabella dei prezzi per Joomla in soli 2 minuti. Controlla tutti i solidi vantaggi del miglior modulo di prezzo nel pannello gratuito.","og_url":"https:\/\/elfsight.com\/it\/pricing-table-plugin\/joomla\/","og_site_name":"Elfsight IT","article_modified_time":"2024-11-12T13:21:29+00:00","twitter_card":"summary_large_image","twitter_misc":{"Tempo di lettura stimato":"3 minuti"},"schema":{"@context":"https:\/\/schema.org","@graph":[{"@type":"WebPage","@id":"https:\/\/elfsight.com\/it\/pricing-table-plugin\/joomla\/","url":"https:\/\/elfsight.com\/it\/pricing-table-plugin\/joomla\/","name":"Tabella dei prezzi: aggiungi l'estensione dei prezzi al sito Web Joomla","isPartOf":{"@id":"https:\/\/elfsight.com\/it\/#website"},"datePublished":"1970-01-01T00:00:00+00:00","dateModified":"2024-11-12T13:21:29+00:00","description":"Aggiungi l'estensione della tabella dei prezzi per Joomla in soli 2 minuti. Controlla tutti i solidi vantaggi del miglior modulo di prezzo nel pannello gratuito.","breadcrumb":{"@id":"https:\/\/elfsight.com\/it\/pricing-table-plugin\/joomla\/#breadcrumb"},"inLanguage":"it-IT","potentialAction":[{"@type":"ReadAction","target":["https:\/\/elfsight.com\/it\/pricing-table-plugin\/joomla\/"]}]},{"@type":"BreadcrumbList","@id":"https:\/\/elfsight.com\/it\/pricing-table-plugin\/joomla\/#breadcrumb","itemListElement":[{"@type":"ListItem","position":1,"name":"Home","item":"https:\/\/elfsight.com\/it\/"},{"@type":"ListItem","position":2,"name":"Pricing Table","item":"https:\/\/elfsight.com\/it\/pricing-table-plugin\/"},{"@type":"ListItem","position":3,"name":"Pricing Table &#8211; Joomla"}]},{"@type":"WebSite","@id":"https:\/\/elfsight.com\/it\/#website","url":"https:\/\/elfsight.com\/it\/","name":"Elfsight IT","description":"Just another Elfsight Sites site","potentialAction":[{"@type":"SearchAction","target":{"@type":"EntryPoint","urlTemplate":"https:\/\/elfsight.com\/it\/?s={search_term_string}"},"query-input":{"@type":"PropertyValueSpecification","valueRequired":true,"valueName":"search_term_string"}}],"inLanguage":"it-IT"}]}},"meta_box":{"industry":"","seo_heading":"","heading":"","description":"","cta_heading":"","cta_description":"","application":"1296","h1":"Estensione della tabella dei prezzi per Joomla","h1_caption":"Presenta le tue opzioni di prezzo in modo chiaro e accattivante, aiutando i clienti a scegliere facilmente il piano giusto per le loro esigenze nel tuo sito web Joomla.","application_category":[],"applications_title":"","applications_request_title":"","applications_request_button_text":"","hero_text":"","hero_video":"","hero_video_schema_markup":"","selling_points_title":"","selling_points_caption":"","selling_points":[],"selling_points_cta_text":"","features_title":"","features":"","ed_cta_examples_text":"","ed_cta_examples_hidden":"","ed_cta_demo_text":"","ed_cta_demo_hidden":"","why_caption":"","why_editor_title":"","why_editor_text":"","why_team_title":"","why_team_text":"","why_service_title":"","why_service_text":"","template_catalog_visible":"","template_catalog_title":"","template_catalog_text":"","template_catalog_categories_visible":"","demo_title":"Crea il tuo plugin per la tabella dei prezzi","demo_caption":"Configura la tua tabella dei prezzi e aggiungila gratuitamente al tuo sito Joomla!","default_faq_hidden":"","app_template_category":[],"platform":"36","template_public_id":"","codecanyon_url":"","codecanyon_item_id":"","codecanyon_price":"","pricing_caption":"","pricing_elfsight_apps_hide_column":"","pricing_elfsight_apps_url":"","pricing_codecanyon_price_caption":"","integration_category":[],"integration_request_title":"","integration_request_cta":"","integration_platform":"","integrations":[],"platform_category":[],"video_schema_markup":"","price":"da $ 0 al mese","trial":"","benefits":[{"text":"Assistenza per l'installazione gratuita"},{"text":"Supporto eccezionale"},{"text":"Garanzia di rimborso di 14 giorni"},{"text":"Aggiornamenti gratuiti continui"}],"button_url":"#demo","button_target_blank":"","button_nofollow":"","attributes":[{"name":"Installazioni"},{"name":"Reattivo","content":"S\u00cc"},{"name":"Browser compatibili","content":"Firefox, Safari, Opera, Chrome, Edge"}],"tags":[],"tags_disable_links":"","hide_more_platforms":"","video_object":"","demo_hide_cta":"","demo_hide_cloud_options":"","pricing_title":"","pricing":[{"pricing_icon":"cloud","pricing_title":"Elfsight Apps","pricing_title_caption":"Soluzione indipendente dalla piattaforma che funziona su qualsiasi sito","pricing_price":"da $ 0 \/ mese","pricing_price_caption":"inizia con il piano gratuito","pricing_benefits":[{"text":"Domini illimitati"},{"text":"Supporto aziendale dedicato"},{"text":"Supporto gratuito per l'installazione"},{"text":"Prezzo da prendere per pi\u00f9 app"}],"pricing_button_text":"Aggiungi al sito web","pricing_button_url":"#demo"}],"related_apps_title":"","related_apps_hidden":"","author":"","image":[],"title":"","job":"","social_networks":[]},"_links":{"self":[{"href":"https:\/\/elfsight.com\/it\/wp-json\/wp\/v2\/pages\/5476","targetHints":{"allow":["GET"]}}],"collection":[{"href":"https:\/\/elfsight.com\/it\/wp-json\/wp\/v2\/pages"}],"about":[{"href":"https:\/\/elfsight.com\/it\/wp-json\/wp\/v2\/types\/page"}],"author":[{"embeddable":true,"href":"https:\/\/elfsight.com\/it\/wp-json\/wp\/v2\/users\/9"}],"replies":[{"embeddable":true,"href":"https:\/\/elfsight.com\/it\/wp-json\/wp\/v2\/comments?post=5476"}],"version-history":[{"count":1,"href":"https:\/\/elfsight.com\/it\/wp-json\/wp\/v2\/pages\/5476\/revisions"}],"predecessor-version":[{"id":5480,"href":"https:\/\/elfsight.com\/it\/wp-json\/wp\/v2\/pages\/5476\/revisions\/5480"}],"up":[{"embeddable":true,"href":"https:\/\/elfsight.com\/it\/wp-json\/wp\/v2\/pages\/1297"}],"wp:attachment":[{"href":"https:\/\/elfsight.com\/it\/wp-json\/wp\/v2\/media?parent=5476"}],"curies":[{"name":"wp","href":"https:\/\/api.w.org\/{rel}","templated":true}]}}