{"id":5475,"date":"1970-01-01T00:00:00","date_gmt":"1970-01-01T00:00:00","guid":{"rendered":"https:\/\/elfsight.com\/it\/?page_id=5475"},"modified":"2025-03-21T08:46:08","modified_gmt":"2025-03-21T08:46:08","slug":"html","status":"publish","type":"page","link":"https:\/\/elfsight.com\/it\/pricing-table-plugin\/html\/","title":{"rendered":"Pricing Table &#8211; HTML"},"content":{"rendered":"\n<div class=\"application-platform-content-item-description application-platform-content-item\" id=\"description\" data-nav-section=\"description\"><h2>Descrizione<\/h2><p>Il prezzo gioca uno dei ruoli principali nel convincere i visitatori a ordinare o acquistare dal tuo sito. Il widget del nostro team non solo consente ai tuoi acquirenti di apprendere e confrontare i piani tariffari disponibili in un lampo. Aiuta anche ad aumentare la conversione grazie alle tecniche pi\u00f9 innovative incluse nell&#8217;interfaccia e nei modelli.<\/p><p><b>Aumenta le vendite del tuo sito web a un livello diverso, utilizzando prezzi intelligenti.<\/b><\/p> <ul><li><b>Aiuta i clienti a effettuare un acquisto<\/b>.<br>Mostra le informazioni di cui i tuoi futuri clienti hanno bisogno nel modo pi\u00f9 chiaro e aiutali a prendere la decisione adeguata.<\/li><li> <b>Personalizzazione rapida ed efficiente<\/b>.<br>Avendo una ricca raccolta di impostazioni che ti consentono di configurare tutti i possibili tipi di prezzi in 2 passaggi, puoi creare il plug-in che sar\u00e0 totalmente venduto per il tuo sito .<\/li><li><b>Rendi i tuoi prezzi interessanti per gli utenti<\/b>.<br>Usa colori diversi, aggiungi unit\u00e0, mostra immagini, per rendere i tuoi prezzi divertenti per i clienti e produrre un forte effetto positivo su il risultato dell&#8217;acquisto.<\/li><\/ul><\/div><div class=\"application-platform-content-item-features application-platform-content-item\" id=\"features\" data-nav-section=\"features\"><h2>Caratteristiche<\/h2><p>Le caratteristiche che trasformano il nostro widget nella migliore tabella dei prezzi per i siti Web HTML. <\/p><ul><li>6 elementi di colonna predefiniti che possono essere organizzati e personalizzati per ottenere l&#8217;aspetto perfetto;<\/li><li>Elenco delle funzionalit\u00e0 regolabili, completo di icone delle funzionalit\u00e0, suggerimenti e numero illimitato di funzionalit\u00e0;<\/li><li>Gli elementi colorati di ciascuna colonna possono essere personalizzati individualmente;<\/li><li>Raggio e larghezza del bordo del pulsante personalizzabili<\/li><li>Layout ottimizzato per dispositivi mobili.<\/li><\/ul><p> <a href=\"#demo\">Puoi provare tutti i vantaggi nell&#8217;editor live<\/a><\/p><\/div><div class=\"application-platform-content-item-installation application-platform-content-item\" id=\"installation\" data-nav-section=\"installation\"><h2>Come creare una tabella dei prezzi per il sito Web HTML<\/h2><div class=\"video-container\"><iframe width=\"560\" height=\"315\" src=\"https:\/\/www.youtube.com\/embed\/cK2T6ohZcAU?si=JLGosS0pEJotYa49\" frameborder=\"0\" allow=\"accelerometer; autoplay; clipboard-write; encrypted-media; gyroscope; picture-in-picture; web-share\" allowfullscreen><\/iframe><\/div><p>Una guida all&#8217;installazione del widget Elfsight. Per eseguire questo processo, non \u00e8 necessaria esperienza nello sviluppo web o molto tempo. Solo pochi rapidi passaggi e 2 minuti di tempo.<\/p><ol><li><b>Genera il tuo widget prezzi unico<\/b>.<br> Tramite la nostra demo gratuita, genera un plugin con l&#8217;aspetto desiderato e impostazioni.<\/li><li><b>Ricevi il codice per incorporare il plugin<\/b>.<br> Dopo aver configurato il widget, ottieni il codice per la tabella dei prezzi dalla notifica apparsa sulle app Elfsight.<\/li><li><b>Aggiungi il widget alla pagina HTML<\/b>.<br> Apri il codice della pagina nell&#8217;editor HTML e inserisci il widget nella posizione necessaria (contenuto, pi\u00e8 di pagina, barra laterale ecc.), quindi pubblica le modifiche. <\/li><li><b>L&#8217;incorporamento \u00e8 riuscito!<\/b><br> Vai al sito web, per controllare il tuo lavoro.<\/li><\/ol><p>Problemi con la generazione del widget ? Studia la nostra guida completa \u00ab<a href=\"https:\/\/elfsight.com\/tutorials\/how-to-add-pricing-table-to-html\/\" target=\"_blank\" rel=\"noopener noreferrer\">Come aggiungere tabella dei prezzi in un HTML<\/a>\u00bb o lascia un messaggio al nostro team di supporto, che risolver\u00e0 tempestivamente tutti i tipi di problemi.<\/p><\/div><div class=\"faq\" data-component=\"FAQ\"><div class=\"faq-item\">\r\n\t\t\t\t\t<div class=\"faq-item-question\">\r\n\t\t\t\t\t\t<h3 class=\"faq-item-question-text\">In che modo posso aggiungere una tabella dei prezzi al sito Web HTML?<\/h3>\r\n\r\n\t\t\t\t\t\t<div class=\"faq-item-question-icon\"><\/div>\r\n\t\t\t\t\t<\/div>\r\n\r\n\t\t\t\t\t<div class=\"faq-item-answer\">\r\n\t\t\t\t\t\t<div class=\"faq-item-answer-text\"><p>La costruzione dello strumento viene eseguita sulle pagine Elfsight e non \u00e8 necessario scrivere codice. Applica la nostra demo online per personalizzare la tua app personale, acquisire il codice e incorporarlo nel tuo sito web. <\/p><\/div>\r\n\t\t\t\t\t<\/div>\r\n\t\t\t\t<\/div><div class=\"faq-item\">\r\n\t\t\t\t\t<div class=\"faq-item-question\">\r\n\t\t\t\t\t\t<h3 class=\"faq-item-question-text\">I modi migliori per utilizzare l'integrazione della tabella dei prezzi<\/h3>\r\n\r\n\t\t\t\t\t\t<div class=\"faq-item-question-icon\"><\/div>\r\n\t\t\t\t\t<\/div>\r\n\r\n\t\t\t\t\t<div class=\"faq-item-answer\">\r\n\t\t\t\t\t\t<div class=\"faq-item-answer-text\"><p>Ti garantiamo tantissime possibilit\u00e0 di regolazione: widget su vasta scala da incorporare nell&#8217;area dei contenuti, plugin mobili con opzioni di scorrimento, layout per pi\u00e8 di pagina, intestazione e tutti i tipi di opportunit\u00e0 verticali per barre laterali e menu. <\/p><\/div>\r\n\t\t\t\t\t<\/div>\r\n\t\t\t\t<\/div><div class=\"faq-item\">\r\n\t\t\t\t\t<div class=\"faq-item-question\">\r\n\t\t\t\t\t\t<h3 class=\"faq-item-question-text\">Posso creare una tabella di colonne o di confronto tramite l'agenzia del tuo editor? <\/h3>\r\n\r\n\t\t\t\t\t\t<div class=\"faq-item-question-icon\"><\/div>\r\n\t\t\t\t\t<\/div>\r\n\r\n\t\t\t\t\t<div class=\"faq-item-answer\">\r\n\t\t\t\t\t\t<div class=\"faq-item-answer-text\"><p>Sei libero di apportare eventuali modifiche al widget. Ci sono molti layout applicabili nell&#8217;editor e tutti possono essere rapidamente personalizzati proprio come preferisci. <\/p><\/div>\r\n\t\t\t\t\t<\/div>\r\n\t\t\t\t<\/div><\/div>\n","protected":false},"excerpt":{"rendered":"","protected":false},"author":9,"featured_media":0,"parent":1297,"menu_order":0,"comment_status":"closed","ping_status":"closed","template":"templates\/template-application-platform.php","meta":{"publish_to_discourse":"","publish_post_category":"","wpdc_auto_publish_overridden":"","wpdc_topic_tags":"","wpdc_pin_topic":"","wpdc_pin_until":"","discourse_post_id":"","discourse_permalink":"","wpdc_publishing_response":"","wpdc_publishing_error":"","footnotes":""},"class_list":["post-5475","page","type-page","status-publish","hentry"],"yoast_head":"<!-- This site is optimized with the Yoast SEO plugin v25.3.1 - https:\/\/yoast.com\/wordpress\/plugins\/seo\/ -->\n<title>Tabella dei prezzi: aggiungi il widget dei prezzi al sito Web HTML<\/title>\n<meta name=\"description\" content=\"Aggiungi il widget Tabella prezzi per HTML in soli 2 minuti. Controlla tutte le funzionalit\u00e0 principali del miglior plug-in per i prezzi nella demo gratuita.\" \/>\n<meta name=\"robots\" content=\"index, follow, max-snippet:-1, max-image-preview:large, max-video-preview:-1\" \/>\n<link rel=\"canonical\" href=\"https:\/\/elfsight.com\/it\/pricing-table-plugin\/html\/\" \/>\n<meta property=\"og:locale\" content=\"it_IT\" \/>\n<meta property=\"og:type\" content=\"article\" \/>\n<meta property=\"og:title\" content=\"Tabella dei prezzi: aggiungi il widget dei prezzi al sito Web HTML\" \/>\n<meta property=\"og:description\" content=\"Aggiungi il widget Tabella prezzi per HTML in soli 2 minuti. Controlla tutte le funzionalit\u00e0 principali del miglior plug-in per i prezzi nella demo gratuita.\" \/>\n<meta property=\"og:url\" content=\"https:\/\/elfsight.com\/it\/pricing-table-plugin\/html\/\" \/>\n<meta property=\"og:site_name\" content=\"Elfsight IT\" \/>\n<meta property=\"article:modified_time\" content=\"2025-03-21T08:46:08+00:00\" \/>\n<meta name=\"twitter:card\" content=\"summary_large_image\" \/>\n<meta name=\"twitter:label1\" content=\"Tempo di lettura stimato\" \/>\n\t<meta name=\"twitter:data1\" content=\"3 minuti\" \/>\n<!-- \/ Yoast SEO plugin. -->","yoast_head_json":{"title":"Tabella dei prezzi: aggiungi il widget dei prezzi al sito Web HTML","description":"Aggiungi il widget Tabella prezzi per HTML in soli 2 minuti. Controlla tutte le funzionalit\u00e0 principali del miglior plug-in per i prezzi nella demo gratuita.","robots":{"index":"index","follow":"follow","max-snippet":"max-snippet:-1","max-image-preview":"max-image-preview:large","max-video-preview":"max-video-preview:-1"},"canonical":"https:\/\/elfsight.com\/it\/pricing-table-plugin\/html\/","og_locale":"it_IT","og_type":"article","og_title":"Tabella dei prezzi: aggiungi il widget dei prezzi al sito Web HTML","og_description":"Aggiungi il widget Tabella prezzi per HTML in soli 2 minuti. Controlla tutte le funzionalit\u00e0 principali del miglior plug-in per i prezzi nella demo gratuita.","og_url":"https:\/\/elfsight.com\/it\/pricing-table-plugin\/html\/","og_site_name":"Elfsight IT","article_modified_time":"2025-03-21T08:46:08+00:00","twitter_card":"summary_large_image","twitter_misc":{"Tempo di lettura stimato":"3 minuti"},"schema":{"@context":"https:\/\/schema.org","@graph":[{"@type":"WebPage","@id":"https:\/\/elfsight.com\/it\/pricing-table-plugin\/html\/","url":"https:\/\/elfsight.com\/it\/pricing-table-plugin\/html\/","name":"Tabella dei prezzi: aggiungi il widget dei prezzi al sito Web HTML","isPartOf":{"@id":"https:\/\/elfsight.com\/it\/#website"},"datePublished":"1970-01-01T00:00:00+00:00","dateModified":"2025-03-21T08:46:08+00:00","description":"Aggiungi il widget Tabella prezzi per HTML in soli 2 minuti. Controlla tutte le funzionalit\u00e0 principali del miglior plug-in per i prezzi nella demo gratuita.","breadcrumb":{"@id":"https:\/\/elfsight.com\/it\/pricing-table-plugin\/html\/#breadcrumb"},"inLanguage":"it-IT","potentialAction":[{"@type":"ReadAction","target":["https:\/\/elfsight.com\/it\/pricing-table-plugin\/html\/"]}]},{"@type":"BreadcrumbList","@id":"https:\/\/elfsight.com\/it\/pricing-table-plugin\/html\/#breadcrumb","itemListElement":[{"@type":"ListItem","position":1,"name":"Home","item":"https:\/\/elfsight.com\/it\/"},{"@type":"ListItem","position":2,"name":"Pricing Table","item":"https:\/\/elfsight.com\/it\/pricing-table-plugin\/"},{"@type":"ListItem","position":3,"name":"Pricing Table &#8211; HTML"}]},{"@type":"WebSite","@id":"https:\/\/elfsight.com\/it\/#website","url":"https:\/\/elfsight.com\/it\/","name":"Elfsight IT","description":"Just another Elfsight Sites site","potentialAction":[{"@type":"SearchAction","target":{"@type":"EntryPoint","urlTemplate":"https:\/\/elfsight.com\/it\/?s={search_term_string}"},"query-input":{"@type":"PropertyValueSpecification","valueRequired":true,"valueName":"search_term_string"}}],"inLanguage":"it-IT"}]}},"meta_box":{"industry":"","seo_heading":"","heading":"","description":"","cta_heading":"","cta_description":"","application":"1296","h1":"Widget Tabella prezzi per HTML","h1_caption":"Presenta le tue opzioni di prezzo in modo chiaro e accattivante, aiutando i clienti a scegliere facilmente il piano giusto per le loro esigenze nel tuo sito Web HTML.","application_category":[],"applications_title":"","applications_request_title":"","applications_request_button_text":"","hero_text":"","hero_video":"","hero_video_schema_markup":"","selling_points_title":"","selling_points_caption":"","selling_points":[],"selling_points_cta_text":"","features_title":"","features":"","ed_cta_examples_text":"","ed_cta_examples_hidden":"","ed_cta_demo_text":"","ed_cta_demo_hidden":"","why_caption":"","why_editor_title":"","why_editor_text":"","why_team_title":"","why_team_text":"","why_service_title":"","why_service_text":"","template_catalog_visible":"0","template_catalog_title":"","template_catalog_text":"","template_catalog_categories_visible":"","demo_title":"Crea il tuo widget Tabella dei prezzi","demo_caption":"Configura la tua tabella dei prezzi e aggiungila gratuitamente al tuo sito Web HTML!","default_faq_hidden":"","app_template_category":[],"platform":"35","template_public_id":"","codecanyon_url":"","codecanyon_item_id":"","codecanyon_price":"","pricing_caption":"","pricing_elfsight_apps_hide_column":"","pricing_elfsight_apps_url":"","pricing_codecanyon_price_caption":"","integration_category":[],"integration_request_title":"","integration_request_cta":"","integration_platform":"","integrations":[],"platform_category":[],"video_schema_markup":"","price":"da $ 0 al mese","trial":"","benefits":[{"text":"Assistenza per l'installazione gratuita"},{"text":"Servizio clienti efficace"},{"text":"Garanzia di rimborso di 14 giorni"},{"text":"Futuri aggiornamenti gratuiti"}],"button_url":"#demo","button_target_blank":"0","button_nofollow":"0","attributes":[{"name":"Installazioni"},{"name":"Reattivo","content":"S\u00cc"},{"name":"Browser compatibili","content":"Firefox, Safari, Opera, Chrome, Edge"}],"tags":[],"tags_disable_links":"0","hide_more_platforms":"0","video_object":"","demo_hide_cta":"0","demo_hide_cloud_options":"0","pricing_title":"","pricing":[{"pricing_icon":"platform","pricing_title":"Elfsight Apps","pricing_title_caption":"Software indipendente dalla piattaforma che funziona su qualsiasi sito","pricing_price":"da $ 0 \/ mese","pricing_price_caption":"inizia con il piano gratuito","pricing_benefits":[{"text":"Siti web illimitati"},{"text":"Supporto aziendale premium"},{"text":"Servizio di installazione gratuito"},{"text":"Offerta speciale per pi\u00f9 app"}],"pricing_button_text":"Aggiungi al sito web","pricing_button_url":"#demo"}],"related_apps_title":"","related_apps_hidden":"0","author":"","image":[],"title":"","job":"","social_networks":[]},"_links":{"self":[{"href":"https:\/\/elfsight.com\/it\/wp-json\/wp\/v2\/pages\/5475","targetHints":{"allow":["GET"]}}],"collection":[{"href":"https:\/\/elfsight.com\/it\/wp-json\/wp\/v2\/pages"}],"about":[{"href":"https:\/\/elfsight.com\/it\/wp-json\/wp\/v2\/types\/page"}],"author":[{"embeddable":true,"href":"https:\/\/elfsight.com\/it\/wp-json\/wp\/v2\/users\/9"}],"replies":[{"embeddable":true,"href":"https:\/\/elfsight.com\/it\/wp-json\/wp\/v2\/comments?post=5475"}],"version-history":[{"count":3,"href":"https:\/\/elfsight.com\/it\/wp-json\/wp\/v2\/pages\/5475\/revisions"}],"predecessor-version":[{"id":9534,"href":"https:\/\/elfsight.com\/it\/wp-json\/wp\/v2\/pages\/5475\/revisions\/9534"}],"up":[{"embeddable":true,"href":"https:\/\/elfsight.com\/it\/wp-json\/wp\/v2\/pages\/1297"}],"wp:attachment":[{"href":"https:\/\/elfsight.com\/it\/wp-json\/wp\/v2\/media?parent=5475"}],"curies":[{"name":"wp","href":"https:\/\/api.w.org\/{rel}","templated":true}]}}