{"id":5469,"date":"1970-01-01T00:00:00","date_gmt":"1970-01-01T00:00:00","guid":{"rendered":"https:\/\/elfsight.com\/it\/?page_id=5469"},"modified":"2025-03-21T08:35:06","modified_gmt":"2025-03-21T08:35:06","slug":"blogger","status":"publish","type":"page","link":"https:\/\/elfsight.com\/it\/pricing-table-plugin\/blogger\/","title":{"rendered":"Pricing Table &#8211; Blogger"},"content":{"rendered":"\n<div class=\"application-platform-content-item-description application-platform-content-item\" id=\"description\" data-nav-section=\"description\"><h2>Descrizione<\/h2><p>Il prezzo gioca uno dei ruoli chiave nel motivare gli utenti all&#8217;acquisto. Il widget del nostro team non solo aiuta gli acquirenti del sito Web a esaminare e analizzare le offerte di prezzo disponibili molto rapidamente. Contribuisce inoltre ad aumentare la conversione grazie alle funzionalit\u00e0 avanzate dell&#8217;interfaccia e dei modelli.<\/p><p><b>Aumenta le vendite del tuo sito web alla fase successiva, con l&#8217;aiuto di prezzi efficaci.<\/b><\/p><ul><li><b>Trova pi\u00f9 clienti<\/b>.<br>Utilizza i trucchi pi\u00f9 potenti dell&#8217;interfaccia, per eliminare qualsiasi paura dei clienti mentre fanno un passo per acquistare e ottenere la massima conversione. <\/li><li><b>Impostazione del widget in soli 50 secondi<\/b>.<br>Concedi solo pochi minuti per modellare il widget migliore. Applica tutte le configurazioni necessarie di design e contenuti per mostrarli in pochi passaggi.<\/li><li><b>Rendi le tue offerte interessanti per i clienti<\/b>.<br>Scegli i colori, mostra una tabella e le immagini per rendere i tuoi prezzi divertenti per i clienti e influenzare positivamente il risultato d&#8217;acquisto.<\/li><\/ul><\/div><div class=\"application-platform-content-item-features application-platform-content-item\" id=\"features\" data-nav-section=\"features\"><h2>Caratteristiche<\/h2><p>Le caratteristiche che rendi il nostro widget la migliore tabella dei prezzi per i siti web Blogger.<\/p><ul><li>2 tipi predefiniti di raggio del bordo e 4 tipi predefiniti di larghezza del bordo;<\/li><li>Elenco delle funzionalit\u00e0 regolabili, completo di icone delle funzionalit\u00e0 , suggerimenti e un numero illimitato di funzionalit\u00e0;<\/li><li>Metti in primo piano qualsiasi colonna;<\/li><li>Raggio e larghezza del bordo del pulsante personalizzabili;<\/li><li>Layout ottimizzato per dispositivi mobili.<\/li><\/ul><p><a href=\"#demo\">Puoi testare tutti i vantaggi con l&#8217;aiuto della demo dal vivo<\/a><\/p><\/div><div class=\"application-platform-content-item-installation application-platform-content-item\" id=\"installation\" data-nav-section=\"installation\"><h2> Come aggiungere la tabella dei prezzi al sito web di Blogger<\/h2><div class=\"video-container\"><iframe width=\"560\" height=\"315\" src=\"https:\/\/www.youtube.com\/embed\/Fy40pvo-epU?si=TgzOyZEK-w5d8TK4\" frameborder=\"0\" allow=\"accelerometer; autoplay; clipboard-write; encrypted-media; gyroscope; picture-in-picture; web-share\" allowfullscreen><\/iframe><\/div><p>Un&#8217;istruzione su come incorporare il nostro widget in un sito Blogger. Per realizzare ci\u00f2, non \u00e8 necessario avere competenze nello sviluppo web o molto tempo. Solo un paio di semplici azioni e 2 minuti.<\/p><ol><li><b>Genera la tua tabella dei prezzi personalizzata<\/b>.<br> Con il nostro configuratore gratuito, crea un plugin con il modello desiderato e impostazioni.<\/li><li><b>Ricevi il codice per l&#8217;installazione del plug-in<\/b>.<br> Dopo la personalizzazione del widget, acquisisci il codice per il plug-in dei prezzi dalla finestra visualizzata sulle app Elfsight.<\/li><li><b>Incorpora il plug-in nel sito Web di Blogger<\/b>.<br> Posiziona il plug-in nella posizione desiderata del sito Web e pubblica i risultati.<\/li><li><b>Il gioco \u00e8 fatto!<\/b><br> Accedi al tuo sito per visualizzare i prezzi.<\/li><\/ol><p>Riscontri problemi con la configurazione del widget? Controlla le nostre istruzioni dettagliate \u00ab<a href=\"https:\/\/elfsight.com\/tutorials\/how-to-add-pricing-table-to-blogger\/\" target=\"_blank\" rel=\"noopener noreferrer\">Come visualizzare tabella dei prezzi in un Blogger<\/a>\u00bb o contatta il nostro team di supporto, che risolver\u00e0 ogni tipo di problema con piacere.<\/p><div class=\"faq\" data-component=\"FAQ\"> \n<div class=\"faq-item\">\r\n\t\t\t\t\t<div class=\"faq-item-question\">\r\n\t\t\t\t\t\t<h3 class=\"faq-item-question-text\">Come posso aggiungere una tabella dei prezzi al mio sito Blogger senza competenze di programmazione?<\/h3>\r\n\r\n\t\t\t\t\t\t<div class=\"faq-item-question-icon\"><\/div>\r\n\t\t\t\t\t<\/div>\r\n\r\n\t\t\t\t\t<div class=\"faq-item-answer\">\r\n\t\t\t\t\t\t<div class=\"faq-item-answer-text\"> \n<p>Elfsight offre una soluzione SaaS semplice che ti permette di creare facilmente un widget per la tabella dei prezzi. Ecco quanto \u00e8 facile il processo:<\/p>\n<ul>\n<li>Lavora direttamente nell&#8217;editor online per creare il widget della tabella dei prezzi che desideri utilizzare sul tuo sito Blogger.<\/li> \n<li>Scegli uno dei modelli disponibili, personalizza le impostazioni per la tabella dei prezzi, aggiungi i tuoi contenuti e modifica il layout e i colori \u2013 tutto senza competenze di programmazione.<\/li> \n<li>Salva la tabella dei prezzi e copia il codice di installazione, che puoi facilmente inserire nel tuo sito Blogger senza dover sottoscrivere un abbonamento a pagamento.<\/li> \n<\/ul>\n<p>Con il nostro editor intuitivo, ogni utente pu\u00f2 creare un widget per la tabella dei prezzi e inserirlo facilmente nel proprio sito Blogger. Non \u00e8 necessario pagare o inserire le tue informazioni di pagamento per accedere al servizio. Se hai bisogno di assistenza, il nostro team di supporto tecnico \u00e8 a tua disposizione.<\/p> \n<\/div>\r\n\t\t\t\t\t<\/div>\r\n\t\t\t\t<\/div> \n<\/div>\n<\/div>\n","protected":false},"excerpt":{"rendered":"","protected":false},"author":9,"featured_media":0,"parent":1297,"menu_order":0,"comment_status":"closed","ping_status":"closed","template":"templates\/template-application-platform.php","meta":{"publish_to_discourse":"","publish_post_category":"","wpdc_auto_publish_overridden":"","wpdc_topic_tags":"","wpdc_pin_topic":"","wpdc_pin_until":"","discourse_post_id":"","discourse_permalink":"","wpdc_publishing_response":"","wpdc_publishing_error":"","footnotes":""},"class_list":["post-5469","page","type-page","status-publish","hentry"],"yoast_head":"<!-- This site is optimized with the Yoast SEO plugin v25.3.1 - https:\/\/yoast.com\/wordpress\/plugins\/seo\/ -->\n<title>Tabella dei prezzi: aggiungi il widget dei prezzi al sito Web di Blogger<\/title>\n<meta name=\"description\" content=\"Installa il widget della tabella dei prezzi per Blogger in soli 2 minuti. Controlla tutte le caratteristiche pi\u00f9 importanti del miglior plugin per i prezzi nell&#039;editor gratuito.\" \/>\n<meta name=\"robots\" content=\"index, follow, max-snippet:-1, max-image-preview:large, max-video-preview:-1\" \/>\n<link rel=\"canonical\" href=\"https:\/\/elfsight.com\/it\/pricing-table-plugin\/blogger\/\" \/>\n<meta property=\"og:locale\" content=\"it_IT\" \/>\n<meta property=\"og:type\" content=\"article\" \/>\n<meta property=\"og:title\" content=\"Tabella dei prezzi: aggiungi il widget dei prezzi al sito Web di Blogger\" \/>\n<meta property=\"og:description\" content=\"Installa il widget della tabella dei prezzi per Blogger in soli 2 minuti. Controlla tutte le caratteristiche pi\u00f9 importanti del miglior plugin per i prezzi nell&#039;editor gratuito.\" \/>\n<meta property=\"og:url\" content=\"https:\/\/elfsight.com\/it\/pricing-table-plugin\/blogger\/\" \/>\n<meta property=\"og:site_name\" content=\"Elfsight IT\" \/>\n<meta property=\"article:modified_time\" content=\"2025-03-21T08:35:06+00:00\" \/>\n<meta name=\"twitter:card\" content=\"summary_large_image\" \/>\n<meta name=\"twitter:label1\" content=\"Tempo di lettura stimato\" \/>\n\t<meta name=\"twitter:data1\" content=\"4 minuti\" \/>\n<!-- \/ Yoast SEO plugin. -->","yoast_head_json":{"title":"Tabella dei prezzi: aggiungi il widget dei prezzi al sito Web di Blogger","description":"Installa il widget della tabella dei prezzi per Blogger in soli 2 minuti. Controlla tutte le caratteristiche pi\u00f9 importanti del miglior plugin per i prezzi nell'editor gratuito.","robots":{"index":"index","follow":"follow","max-snippet":"max-snippet:-1","max-image-preview":"max-image-preview:large","max-video-preview":"max-video-preview:-1"},"canonical":"https:\/\/elfsight.com\/it\/pricing-table-plugin\/blogger\/","og_locale":"it_IT","og_type":"article","og_title":"Tabella dei prezzi: aggiungi il widget dei prezzi al sito Web di Blogger","og_description":"Installa il widget della tabella dei prezzi per Blogger in soli 2 minuti. Controlla tutte le caratteristiche pi\u00f9 importanti del miglior plugin per i prezzi nell'editor gratuito.","og_url":"https:\/\/elfsight.com\/it\/pricing-table-plugin\/blogger\/","og_site_name":"Elfsight IT","article_modified_time":"2025-03-21T08:35:06+00:00","twitter_card":"summary_large_image","twitter_misc":{"Tempo di lettura stimato":"4 minuti"},"schema":{"@context":"https:\/\/schema.org","@graph":[{"@type":"WebPage","@id":"https:\/\/elfsight.com\/it\/pricing-table-plugin\/blogger\/","url":"https:\/\/elfsight.com\/it\/pricing-table-plugin\/blogger\/","name":"Tabella dei prezzi: aggiungi il widget dei prezzi al sito Web di Blogger","isPartOf":{"@id":"https:\/\/elfsight.com\/it\/#website"},"datePublished":"1970-01-01T00:00:00+00:00","dateModified":"2025-03-21T08:35:06+00:00","description":"Installa il widget della tabella dei prezzi per Blogger in soli 2 minuti. Controlla tutte le caratteristiche pi\u00f9 importanti del miglior plugin per i prezzi nell'editor gratuito.","breadcrumb":{"@id":"https:\/\/elfsight.com\/it\/pricing-table-plugin\/blogger\/#breadcrumb"},"inLanguage":"it-IT","potentialAction":[{"@type":"ReadAction","target":["https:\/\/elfsight.com\/it\/pricing-table-plugin\/blogger\/"]}]},{"@type":"BreadcrumbList","@id":"https:\/\/elfsight.com\/it\/pricing-table-plugin\/blogger\/#breadcrumb","itemListElement":[{"@type":"ListItem","position":1,"name":"Home","item":"https:\/\/elfsight.com\/it\/"},{"@type":"ListItem","position":2,"name":"Pricing Table","item":"https:\/\/elfsight.com\/it\/pricing-table-plugin\/"},{"@type":"ListItem","position":3,"name":"Pricing Table &#8211; Blogger"}]},{"@type":"WebSite","@id":"https:\/\/elfsight.com\/it\/#website","url":"https:\/\/elfsight.com\/it\/","name":"Elfsight IT","description":"Just another Elfsight Sites site","potentialAction":[{"@type":"SearchAction","target":{"@type":"EntryPoint","urlTemplate":"https:\/\/elfsight.com\/it\/?s={search_term_string}"},"query-input":{"@type":"PropertyValueSpecification","valueRequired":true,"valueName":"search_term_string"}}],"inLanguage":"it-IT"}]}},"meta_box":{"industry":"","seo_heading":"","heading":"","description":"","cta_heading":"","cta_description":"","application":"1296","h1":"Widget Tabella prezzi per Blogger","h1_caption":"Presenta le tue opzioni di prezzo in modo chiaro e accattivante, aiutando i clienti a scegliere facilmente il piano giusto per le loro esigenze nel tuo sito web Blogger.","application_category":[],"applications_title":"","applications_request_title":"","applications_request_button_text":"","hero_text":"","hero_video":"","hero_video_schema_markup":"","selling_points_title":"","selling_points_caption":"","selling_points":[],"selling_points_cta_text":"","features_title":"","features":"","ed_cta_examples_text":"","ed_cta_examples_hidden":"","ed_cta_demo_text":"","ed_cta_demo_hidden":"","why_caption":"","why_editor_title":"","why_editor_text":"","why_team_title":"","why_team_text":"","why_service_title":"","why_service_text":"","template_catalog_visible":"0","template_catalog_title":"","template_catalog_text":"","template_catalog_categories_visible":"","demo_title":"Crea il tuo widget Tabella dei prezzi","demo_caption":"Configura la tua tabella dei prezzi e aggiungila gratuitamente al tuo sito Blogger!","default_faq_hidden":"","app_template_category":[],"platform":"33","template_public_id":"","codecanyon_url":"","codecanyon_item_id":"","codecanyon_price":"","pricing_caption":"","pricing_elfsight_apps_hide_column":"","pricing_elfsight_apps_url":"","pricing_codecanyon_price_caption":"","integration_category":[],"integration_request_title":"","integration_request_cta":"","integration_platform":"","integrations":[],"platform_category":[],"video_schema_markup":"","price":"da $ 0 al mese","trial":"","benefits":[{"text":"Servizio di installazione gratuito"},{"text":"Servizio clienti professionale"},{"text":"Garanzia di rimborso di 14 giorni"},{"text":"Aggiornamento costante"}],"button_url":"#demo","button_target_blank":"0","button_nofollow":"0","attributes":[{"name":"Installazioni"},{"name":"Reattivo","content":"S\u00cc"},{"name":"Browser compatibili","content":"Firefox, Safari, Opera, Edge, Chrome"}],"tags":[],"tags_disable_links":"0","hide_more_platforms":"0","video_object":"","demo_hide_cta":"0","demo_hide_cloud_options":"0","pricing_title":"","pricing":[{"pricing_icon":"platform","pricing_title":"Elfsight Apps","pricing_title_caption":"Software indipendente dalla piattaforma che funziona su qualsiasi sito web","pricing_price":"da $ 0 \/ mese","pricing_price_caption":"inizia con un piano gratuito","pricing_benefits":[{"text":"Siti web illimitati"},{"text":"Assistenza clienti gratuita e ben documentata"},{"text":"Supporto gratuito per l'installazione"},{"text":"Completamente personalizzabile"}],"pricing_button_text":"Aggiungi al sito web","pricing_button_url":"#demo"}],"related_apps_title":"","related_apps_hidden":"0","author":"","image":[],"title":"","job":"","social_networks":[]},"_links":{"self":[{"href":"https:\/\/elfsight.com\/it\/wp-json\/wp\/v2\/pages\/5469","targetHints":{"allow":["GET"]}}],"collection":[{"href":"https:\/\/elfsight.com\/it\/wp-json\/wp\/v2\/pages"}],"about":[{"href":"https:\/\/elfsight.com\/it\/wp-json\/wp\/v2\/types\/page"}],"author":[{"embeddable":true,"href":"https:\/\/elfsight.com\/it\/wp-json\/wp\/v2\/users\/9"}],"replies":[{"embeddable":true,"href":"https:\/\/elfsight.com\/it\/wp-json\/wp\/v2\/comments?post=5469"}],"version-history":[{"count":3,"href":"https:\/\/elfsight.com\/it\/wp-json\/wp\/v2\/pages\/5469\/revisions"}],"predecessor-version":[{"id":9527,"href":"https:\/\/elfsight.com\/it\/wp-json\/wp\/v2\/pages\/5469\/revisions\/9527"}],"up":[{"embeddable":true,"href":"https:\/\/elfsight.com\/it\/wp-json\/wp\/v2\/pages\/1297"}],"wp:attachment":[{"href":"https:\/\/elfsight.com\/it\/wp-json\/wp\/v2\/media?parent=5469"}],"curies":[{"name":"wp","href":"https:\/\/api.w.org\/{rel}","templated":true}]}}