{"id":5461,"date":"1970-01-01T00:00:00","date_gmt":"1970-01-01T00:00:00","guid":{"rendered":"https:\/\/elfsight.com\/it\/?page_id=5461"},"modified":"2025-03-21T08:40:12","modified_gmt":"2025-03-21T08:40:12","slug":"elementor","status":"publish","type":"page","link":"https:\/\/elfsight.com\/it\/pricing-table-plugin\/elementor\/","title":{"rendered":"Pricing Table &#8211; Elementor"},"content":{"rendered":"\n<div class=\"application-platform-content-item-description application-platform-content-item\" id=\"description\" data-nav-section=\"description\"><h2>Incorpora la tabella dei prezzi su Elementor con il widget Elfsight<\/h2><p>I prezzi svolgono uno dei ruoli fondamentali nello spingere gli utenti ad acquistare. Il plug-in Elfsight non solo aiuta gli utenti del sito Web a conoscere e confrontare le tariffe disponibili in un lampo. Contribuisce inoltre ad aumentare la conversione con l&#8217;aiuto delle tendenze pi\u00f9 fresche nel design.<\/p><p><b>Aumenta le vendite del tuo sito a un livello diverso, utilizzando un prezzo intelligente.<\/b><\/p> <p><b>Ottieni pi\u00f9 clienti<\/b><br> Utilizza tutte le ultime tendenze del design dell&#8217;interfaccia, per distruggere tutte le possibili idee sbagliate che un utente potrebbe avere, mentre procede all&#8217;acquisto.<\/p><p><b>Aiuta i visitatori a effettuare un acquisto<\/b><br> Visualizza nel modo pi\u00f9 semplice ed efficiente le informazioni che i tuoi probabili visitatori stanno cercando e convincili a prendere la decisione giusta al 100%.<\/p><p><b>Istantaneo ed efficiente personalizzazione<\/b><br> Avendo un&#8217;ampia variet\u00e0 di opzioni che ti consentono di impostare vari tipi di prezzi in soli 3 clic, troverai quello che sar\u00e0 assolutamente efficace per te.<\/p><\/div> <div class=\"application-platform-content-item-features application-platform-content-item\" id=\"features\" data-nav-section=\"features\"><h2>Caratteristiche principali del widget Tabella dei prezzi<\/h2><p>Le funzionalit\u00e0 pi\u00f9 importanti che trasformano il nostro plugin nella migliore tabella dei prezzi per i siti Web Elementor.<\/p><ul><li>6 elementi di colonna predefiniti che possono essere organizzati e personalizzati per ottenere l&#8217;aspetto perfetto;<\/li><li>Elenco di funzionalit\u00e0 regolabili, completo di icone di funzionalit\u00e0, suggerimenti e numero illimitato di funzionalit\u00e0;<\/li><li>Gli elementi di ciascuna colonna gli elementi di colore possono essere personalizzati individualmente;<\/li><li>Raggio e larghezza del bordo del pulsante personalizzabili;<\/li><li>Layout ottimizzato per dispositivi mobili.<\/li><\/ul><p><a href=\"#demo \">Puoi provare tutte le funzionalit\u00e0 utilizzando il nostro editor live<\/a><\/p><\/div><div class=\"application-platform-content-item-installation application-platform-content-item\" id=\"installation\" data-nav-section=\"installation\"><h2>Come aggiungere la tabella dei prezzi al sito Web di Elementor<\/h2><div class=\"video-container\"><iframe width=\"560\" height=\"315\" src=\"https:\/\/www.youtube.com\/embed\/2iatWQq7jI0?si=7kTPntrj0nujfjCH\" frameborder=\"0\" allow=\"accelerometer; autoplay; clipboard-write; encrypted-media; gyroscope; picture-in-picture; web-share\" allowfullscreen><\/iframe><\/div><p>Consulta questo breve manuale per installare il nostro plugin sul tuo sito web. Per realizzarlo non sono necessarie competenze di programmazione n\u00e9 molto tempo. Solo un paio di semplici azioni e due o tre minuti.<\/p><ol><li><b>Crea la tua tabella dei prezzi personale<\/b><br> Utilizzando la nostra demo gratuita, genera un plugin con il layout e le opzioni selezionati .<\/li> <li><b>Acquisisci il codice univoco per aggiungere il plug-in<\/b><br> Dopo aver configurato il widget, acquisisci il tuo codice di installazione univoco per il plug-in Prezzi dalla finestra visualizzata sulle app Elfsight. <\/li><li><b>Mostra il plugin sul sito web di Elementor<\/b><br> Scegli dove inserire il plugin, incolla l\u00ec il codice di installazione e pubblica le modifiche.<\/li><li><b>L&#8217;installazione \u00e8 terminata<\/b><br> Vai al tuo sito web per vedere il tuo widget.<\/li><\/ol><p>Hai problemi con la configurazione del plugin? Mettiti in contatto con il nostro centro assistenza, ti aiuteremo con qualsiasi problema!<\/p><div class=\"faq\" data-component=\"FAQ\"> <div class=\"faq-item\">\r\n\t\t\t\t\t<div class=\"faq-item-question\">\r\n\t\t\t\t\t\t<h3 class=\"faq-item-question-text\">Come posso aggiungere una tabella dei prezzi al mio sito web Elementor senza competenze di codifica? <\/h3>\r\n\r\n\t\t\t\t\t\t<div class=\"faq-item-question-icon\"><\/div>\r\n\t\t\t\t\t<\/div>\r\n\r\n\t\t\t\t\t<div class=\"faq-item-answer\">\r\n\t\t\t\t\t\t<div class=\"faq-item-answer-text\"> <p>Elfsight fornisce un Soluzione SaaS che ti consente di creare tu stesso un widget Tabella dei prezzi, scopri quanto \u00e8 semplice il processo: lavora direttamente nell&#8217;editor online per creare un widget Tabella dei prezzi che vorresti vedere sul tuo sito web Elementor. Scegli uno dei modelli predefiniti e regola le impostazioni della tabella dei prezzi, aggiungi i tuoi contenuti, modifica il layout e i colori senza alcuna competenza di codifica. Salva la tabella dei prezzi e copia il codice di installazione, che potrai incollare facilmente nel tuo sito Web Elementor senza la necessit\u00e0 di acquistare un piano a pagamento. Con il nostro editor intuitivo qualsiasi utente di Internet pu\u00f2 creare un widget Tabella dei prezzi online e incorporarlo facilmente nel proprio sito Web Elementor. Non \u00e8 necessario pagare o inserire le credenziali della carta per accedere al servizio. In caso di problemi in qualsiasi momento, non esitate a contattare il nostro team di supporto tecnico.<\/p> <\/div>\r\n\t\t\t\t\t<\/div>\r\n\t\t\t\t<\/div> <\/div> <\/div>\n","protected":false},"excerpt":{"rendered":"","protected":false},"author":9,"featured_media":0,"parent":1297,"menu_order":0,"comment_status":"closed","ping_status":"closed","template":"templates\/template-application-platform.php","meta":{"publish_to_discourse":"","publish_post_category":"","wpdc_auto_publish_overridden":"","wpdc_topic_tags":"","wpdc_pin_topic":"","wpdc_pin_until":"","discourse_post_id":"","discourse_permalink":"","wpdc_publishing_response":"","wpdc_publishing_error":"","footnotes":""},"class_list":["post-5461","page","type-page","status-publish","hentry"],"yoast_head":"<!-- This site is optimized with the Yoast SEO plugin v25.3.1 - https:\/\/yoast.com\/wordpress\/plugins\/seo\/ -->\n<title>Widget della tabella dei prezzi per il sito Web di Elementor (2025)<\/title>\n<meta name=\"description\" content=\"Ottieni il plug-in della tabella dei prezzi per Elementor in soli 3 minuti. Prova tutti i vantaggi pi\u00f9 importanti del miglior plugin per i prezzi nel pannello gratuito.\" \/>\n<meta name=\"robots\" content=\"index, follow, max-snippet:-1, max-image-preview:large, max-video-preview:-1\" \/>\n<link rel=\"canonical\" href=\"https:\/\/elfsight.com\/it\/pricing-table-plugin\/elementor\/\" \/>\n<meta property=\"og:locale\" content=\"it_IT\" \/>\n<meta property=\"og:type\" content=\"article\" \/>\n<meta property=\"og:title\" content=\"Widget della tabella dei prezzi per il sito Web di Elementor (2025)\" \/>\n<meta property=\"og:description\" content=\"Ottieni il plug-in della tabella dei prezzi per Elementor in soli 3 minuti. Prova tutti i vantaggi pi\u00f9 importanti del miglior plugin per i prezzi nel pannello gratuito.\" \/>\n<meta property=\"og:url\" content=\"https:\/\/elfsight.com\/it\/pricing-table-plugin\/elementor\/\" \/>\n<meta property=\"og:site_name\" content=\"Elfsight IT\" \/>\n<meta property=\"article:modified_time\" content=\"2025-03-21T08:40:12+00:00\" \/>\n<meta name=\"twitter:card\" content=\"summary_large_image\" \/>\n<meta name=\"twitter:label1\" content=\"Tempo di lettura stimato\" \/>\n\t<meta name=\"twitter:data1\" content=\"4 minuti\" \/>\n<!-- \/ Yoast SEO plugin. -->","yoast_head_json":{"title":"Widget della tabella dei prezzi per il sito Web di Elementor (2025)","description":"Ottieni il plug-in della tabella dei prezzi per Elementor in soli 3 minuti. Prova tutti i vantaggi pi\u00f9 importanti del miglior plugin per i prezzi nel pannello gratuito.","robots":{"index":"index","follow":"follow","max-snippet":"max-snippet:-1","max-image-preview":"max-image-preview:large","max-video-preview":"max-video-preview:-1"},"canonical":"https:\/\/elfsight.com\/it\/pricing-table-plugin\/elementor\/","og_locale":"it_IT","og_type":"article","og_title":"Widget della tabella dei prezzi per il sito Web di Elementor (2025)","og_description":"Ottieni il plug-in della tabella dei prezzi per Elementor in soli 3 minuti. Prova tutti i vantaggi pi\u00f9 importanti del miglior plugin per i prezzi nel pannello gratuito.","og_url":"https:\/\/elfsight.com\/it\/pricing-table-plugin\/elementor\/","og_site_name":"Elfsight IT","article_modified_time":"2025-03-21T08:40:12+00:00","twitter_card":"summary_large_image","twitter_misc":{"Tempo di lettura stimato":"4 minuti"},"schema":{"@context":"https:\/\/schema.org","@graph":[{"@type":"WebPage","@id":"https:\/\/elfsight.com\/it\/pricing-table-plugin\/elementor\/","url":"https:\/\/elfsight.com\/it\/pricing-table-plugin\/elementor\/","name":"Widget della tabella dei prezzi per il sito Web di Elementor (2025)","isPartOf":{"@id":"https:\/\/elfsight.com\/it\/#website"},"datePublished":"1970-01-01T00:00:00+00:00","dateModified":"2025-03-21T08:40:12+00:00","description":"Ottieni il plug-in della tabella dei prezzi per Elementor in soli 3 minuti. Prova tutti i vantaggi pi\u00f9 importanti del miglior plugin per i prezzi nel pannello gratuito.","breadcrumb":{"@id":"https:\/\/elfsight.com\/it\/pricing-table-plugin\/elementor\/#breadcrumb"},"inLanguage":"it-IT","potentialAction":[{"@type":"ReadAction","target":["https:\/\/elfsight.com\/it\/pricing-table-plugin\/elementor\/"]}]},{"@type":"BreadcrumbList","@id":"https:\/\/elfsight.com\/it\/pricing-table-plugin\/elementor\/#breadcrumb","itemListElement":[{"@type":"ListItem","position":1,"name":"Home","item":"https:\/\/elfsight.com\/it\/"},{"@type":"ListItem","position":2,"name":"Pricing Table","item":"https:\/\/elfsight.com\/it\/pricing-table-plugin\/"},{"@type":"ListItem","position":3,"name":"Pricing Table &#8211; Elementor"}]},{"@type":"WebSite","@id":"https:\/\/elfsight.com\/it\/#website","url":"https:\/\/elfsight.com\/it\/","name":"Elfsight IT","description":"Just another Elfsight Sites site","potentialAction":[{"@type":"SearchAction","target":{"@type":"EntryPoint","urlTemplate":"https:\/\/elfsight.com\/it\/?s={search_term_string}"},"query-input":{"@type":"PropertyValueSpecification","valueRequired":true,"valueName":"search_term_string"}}],"inLanguage":"it-IT"}]}},"meta_box":{"industry":"","seo_heading":"","heading":"","description":"","cta_heading":"","cta_description":"","application":"1296","h1":"Tabella dei prezzi di Elementor","h1_caption":"Presenta le tue opzioni di prezzo in modo chiaro e accattivante, aiutando i clienti a scegliere facilmente il piano giusto per le loro esigenze nel tuo sito Web Elementor.","application_category":[],"applications_title":"","applications_request_title":"","applications_request_button_text":"","hero_text":"","hero_video":"","hero_video_schema_markup":"","selling_points_title":"","selling_points_caption":"","selling_points":[],"selling_points_cta_text":"","features_title":"","features":"","ed_cta_examples_text":"","ed_cta_examples_hidden":"","ed_cta_demo_text":"","ed_cta_demo_hidden":"","why_caption":"","why_editor_title":"","why_editor_text":"","why_team_title":"","why_team_text":"","why_service_title":"","why_service_text":"","template_catalog_visible":"0","template_catalog_title":"","template_catalog_text":"","template_catalog_categories_visible":"","demo_title":"Crea il tuo widget Tabella dei prezzi","demo_caption":"Configura la tua tabella dei prezzi e aggiungila gratuitamente al tuo sito Web Elementor!","default_faq_hidden":"","app_template_category":[],"platform":"68","template_public_id":"","codecanyon_url":"","codecanyon_item_id":"","codecanyon_price":"","pricing_caption":"","pricing_elfsight_apps_hide_column":"","pricing_elfsight_apps_url":"","pricing_codecanyon_price_caption":"","integration_category":[],"integration_request_title":"","integration_request_cta":"","integration_platform":"","integrations":[],"platform_category":[],"video_schema_markup":"","price":"da $ 0 al mese","trial":"","benefits":[{"text":"Servizio di installazione gratuito"},{"text":"Supporto eccezionale"},{"text":"Garanzia di rimborso di 14 giorni"},{"text":"Miglioramenti gratuiti continui"}],"button_url":"#demo","button_target_blank":"0","button_nofollow":"0","attributes":[{"name":"Installazioni"},{"name":"Reattivo","content":"S\u00cc"},{"name":"Browser compatibili","content":"Safari, Firefox, Edge, Chrome, Opera"}],"tags":[],"tags_disable_links":"0","hide_more_platforms":"0","video_object":"","demo_hide_cta":"0","demo_hide_cloud_options":"0","pricing_title":"","pricing":[{"pricing_icon":"platform","pricing_title":"Elfsight Apps","pricing_title_caption":"Software multipiattaforma","pricing_price":"da $ 0 \/ mese","pricing_price_caption":"inizia con il piano gratuito","pricing_benefits":[{"text":"Siti web illimitati"},{"text":"Supporto aziendale professionale"},{"text":"Aiuto per l'installazione gratuito"},{"text":"Offerta speciale per pi\u00f9 app"}],"pricing_button_text":"Aggiungi al sito web","pricing_button_url":"#demo"}],"related_apps_title":"","related_apps_hidden":"0","author":"","image":[],"title":"","job":"","social_networks":[]},"_links":{"self":[{"href":"https:\/\/elfsight.com\/it\/wp-json\/wp\/v2\/pages\/5461","targetHints":{"allow":["GET"]}}],"collection":[{"href":"https:\/\/elfsight.com\/it\/wp-json\/wp\/v2\/pages"}],"about":[{"href":"https:\/\/elfsight.com\/it\/wp-json\/wp\/v2\/types\/page"}],"author":[{"embeddable":true,"href":"https:\/\/elfsight.com\/it\/wp-json\/wp\/v2\/users\/9"}],"replies":[{"embeddable":true,"href":"https:\/\/elfsight.com\/it\/wp-json\/wp\/v2\/comments?post=5461"}],"version-history":[{"count":3,"href":"https:\/\/elfsight.com\/it\/wp-json\/wp\/v2\/pages\/5461\/revisions"}],"predecessor-version":[{"id":9529,"href":"https:\/\/elfsight.com\/it\/wp-json\/wp\/v2\/pages\/5461\/revisions\/9529"}],"up":[{"embeddable":true,"href":"https:\/\/elfsight.com\/it\/wp-json\/wp\/v2\/pages\/1297"}],"wp:attachment":[{"href":"https:\/\/elfsight.com\/it\/wp-json\/wp\/v2\/media?parent=5461"}],"curies":[{"name":"wp","href":"https:\/\/api.w.org\/{rel}","templated":true}]}}