{"id":5458,"date":"1970-01-01T00:00:00","date_gmt":"1970-01-01T00:00:00","guid":{"rendered":"https:\/\/elfsight.com\/it\/?page_id=5458"},"modified":"2025-03-21T08:54:15","modified_gmt":"2025-03-21T08:54:15","slug":"woocommerce","status":"publish","type":"page","link":"https:\/\/elfsight.com\/it\/pricing-table-plugin\/woocommerce\/","title":{"rendered":"Pricing Table &#8211; WooCommerce"},"content":{"rendered":"\n<div class=\"application-platform-content-item-description application-platform-content-item\" id=\"description\" data-nav-section=\"description\"><h2>Descrizione<\/h2><p>Il prezzo ha uno dei ruoli principali nel motivare i clienti all&#8217;acquisto. Il nostro plug-in non solo aiuta gli utenti del sito Web a esaminare e verificare rapidamente pi\u00f9 tariffe. Aiuta anche a incrementare la conversione utilizzando le tecniche pi\u00f9 innovative di progettazione e configurazione.<\/p><p><b>Porta le vendite del tuo sito web a un livello superiore, utilizzando prezzi intelligenti.<\/b><\/p><\/div> <div class=\"faq\" data-component=\"FAQ\"><div class=\"faq-item\">\r\n\t\t\t\t\t<div class=\"faq-item-question\">\r\n\t\t\t\t\t\t<h3 class=\"faq-item-question-text\">Come posso incorporare una tabella dei prezzi nel sito web WooCommerce? <\/h3>\r\n\r\n\t\t\t\t\t\t<div class=\"faq-item-question-icon\"><\/div>\r\n\t\t\t\t\t<\/div>\r\n\r\n\t\t\t\t\t<div class=\"faq-item-answer\">\r\n\t\t\t\t\t\t<div class=\"faq-item-answer-text\"><p>La creazione dello strumento avviene nelle pagine di Elfsight e non \u00e8 necessario codificare. Vai alla demo live per modellare il tuo strumento, acquisire il codice e implementarlo nel tuo sito web. <\/p><\/div>\r\n\t\t\t\t\t<\/div>\r\n\t\t\t\t<\/div><div class=\"faq-item\">\r\n\t\t\t\t\t<div class=\"faq-item-question\">\r\n\t\t\t\t\t\t<h3 class=\"faq-item-question-text\">I modi migliori per utilizzare l'integrazione del sito web della tabella dei prezzi<\/h3>\r\n\r\n\t\t\t\t\t\t<div class=\"faq-item-question-icon\"><\/div>\r\n\t\t\t\t\t<\/div>\r\n\r\n\t\t\t\t\t<div class=\"faq-item-answer\">\r\n\t\t\t\t\t\t<div class=\"faq-item-answer-text\"><p>Ti forniremo molte opportunit\u00e0 di personalizzazione: widget a lunghezza intera per aggiungere area contenuti, plugin mobili per opportunit\u00e0 di scorrimento, layout per pi\u00e8 di pagina, intestazione e tutte le varianti delle opportunit\u00e0 verticali per barre laterali e menu. <\/p><\/div>\r\n\t\t\t\t\t<\/div>\r\n\t\t\t\t<\/div><div class=\"faq-item\">\r\n\t\t\t\t\t<div class=\"faq-item-question\">\r\n\t\t\t\t\t\t<h3 class=\"faq-item-question-text\">Esiste un'opzione per creare una griglia o una tabella dei prezzi dei piani di servizio tramite l'agenzia del tuo editore? <\/h3>\r\n\r\n\t\t\t\t\t\t<div class=\"faq-item-question-icon\"><\/div>\r\n\t\t\t\t\t<\/div>\r\n\r\n\t\t\t\t\t<div class=\"faq-item-answer\">\r\n\t\t\t\t\t\t<div class=\"faq-item-answer-text\"><p>Sei libero di modellare qualsiasi widget variazioni. Ci sono tantissimi layout applicabili nell&#8217;editor e tutti possono essere facilmente modificati secondo le tue esigenze. <\/p><\/div>\r\n\t\t\t\t\t<\/div>\r\n\t\t\t\t<\/div><\/div><div class=\"application-platform-content-item-features application-platform-content-item\" id=\"features\" data-nav-section=\"features\"><h2>Le funzionalit\u00e0 principali del widget contengono<\/h2><ul><li>Avere pi\u00f9 clienti;<\/li><li>Consentire gli utenti completano un acquisto;<\/li><li>Personalizzazione istantanea ed efficace;<\/li><li>Creazione plugin in soli 80 secondi;<\/li><li>Descrivi i tuoi piani tariffari;<\/li><li>Rendi i tuoi prezzi interessanti per gli utenti.<\/li><\/ul><p><a href=\"#demo\">Puoi sentire quando il widget offre utilizzando la demo<\/a><\/p><\/div> <div class=\"application-platform-content-item-installation application-platform-content-item\" id=\"installation\" data-nav-section=\"installation\"><h2>Come posso creare una tabella dei prezzi per il mio sito web WooCommerce?<\/h2><p>Basta seguire i passaggi presentati di seguito per attivare lo strumento.<\/p><ol><li> <b>Gestione del nostro configuratore gratuito, inizia a creare il tuo strumento.<\/b><br>Scegli l&#8217;aspetto personalizzato e le caratteristiche del widget e salva le modifiche.<\/li><li><b>Ricevi il codice personale che appare nel modulo speciale su Elfsight Apps.<\/b><br>Una volta completata la personalizzazione del tuo plugin, copia il codice personale nel popup visualizzato e salvalo per un ulteriore utilizzo.<\/li><li><b>Avvia applicazione del widget sul sito WooCommerce.<\/b><br>Implementa il codice che hai copiato in precedenza nella tua pagina e applica le modifiche.<\/li><li><b>L&#8217;installazione \u00e8 completamente eseguita.<\/b><br>Visita il tuo sito per verificare il funzionamento dello strumento.<\/li><\/ol><p>Se dovessi affrontare domande o incorrere in alcune complicazioni, non esitare a contattare il nostro personale di supporto. Il nostro personale \u00e8 ansioso di risolvere tutte le difficolt\u00e0 che potresti avere con il widget.<\/p><\/div>\n","protected":false},"excerpt":{"rendered":"","protected":false},"author":9,"featured_media":0,"parent":1297,"menu_order":0,"comment_status":"closed","ping_status":"closed","template":"templates\/template-application-platform.php","meta":{"publish_to_discourse":"","publish_post_category":"","wpdc_auto_publish_overridden":"","wpdc_topic_tags":"","wpdc_pin_topic":"","wpdc_pin_until":"","discourse_post_id":"","discourse_permalink":"","wpdc_publishing_response":"","wpdc_publishing_error":"","footnotes":""},"class_list":["post-5458","page","type-page","status-publish","hentry"],"yoast_head":"<!-- This site is optimized with the Yoast SEO plugin v25.3.1 - https:\/\/yoast.com\/wordpress\/plugins\/seo\/ -->\n<title>Plugin WooCommerce per la tabella dei prezzi per il tuo sito web (2025)<\/title>\n<meta name=\"description\" content=\"Cogli subito l&#039;opportunit\u00e0 di personalizzare il plug-in Pricng Table e introdurlo nel tuo sito Web WooCommerce direttamente tramite la demo live.\" \/>\n<meta name=\"robots\" content=\"index, follow, max-snippet:-1, max-image-preview:large, max-video-preview:-1\" \/>\n<link rel=\"canonical\" href=\"https:\/\/elfsight.com\/it\/pricing-table-plugin\/woocommerce\/\" \/>\n<meta property=\"og:locale\" content=\"it_IT\" \/>\n<meta property=\"og:type\" content=\"article\" \/>\n<meta property=\"og:title\" content=\"Plugin WooCommerce per la tabella dei prezzi per il tuo sito web (2025)\" \/>\n<meta property=\"og:description\" content=\"Cogli subito l&#039;opportunit\u00e0 di personalizzare il plug-in Pricng Table e introdurlo nel tuo sito Web WooCommerce direttamente tramite la demo live.\" \/>\n<meta property=\"og:url\" content=\"https:\/\/elfsight.com\/it\/pricing-table-plugin\/woocommerce\/\" \/>\n<meta property=\"og:site_name\" content=\"Elfsight IT\" \/>\n<meta property=\"article:modified_time\" content=\"2025-03-21T08:54:15+00:00\" \/>\n<meta name=\"twitter:card\" content=\"summary_large_image\" \/>\n<meta name=\"twitter:label1\" content=\"Tempo di lettura stimato\" \/>\n\t<meta name=\"twitter:data1\" content=\"3 minuti\" \/>\n<!-- \/ Yoast SEO plugin. -->","yoast_head_json":{"title":"Plugin WooCommerce per la tabella dei prezzi per il tuo sito web (2025)","description":"Cogli subito l'opportunit\u00e0 di personalizzare il plug-in Pricng Table e introdurlo nel tuo sito Web WooCommerce direttamente tramite la demo live.","robots":{"index":"index","follow":"follow","max-snippet":"max-snippet:-1","max-image-preview":"max-image-preview:large","max-video-preview":"max-video-preview:-1"},"canonical":"https:\/\/elfsight.com\/it\/pricing-table-plugin\/woocommerce\/","og_locale":"it_IT","og_type":"article","og_title":"Plugin WooCommerce per la tabella dei prezzi per il tuo sito web (2025)","og_description":"Cogli subito l'opportunit\u00e0 di personalizzare il plug-in Pricng Table e introdurlo nel tuo sito Web WooCommerce direttamente tramite la demo live.","og_url":"https:\/\/elfsight.com\/it\/pricing-table-plugin\/woocommerce\/","og_site_name":"Elfsight IT","article_modified_time":"2025-03-21T08:54:15+00:00","twitter_card":"summary_large_image","twitter_misc":{"Tempo di lettura stimato":"3 minuti"},"schema":{"@context":"https:\/\/schema.org","@graph":[{"@type":"WebPage","@id":"https:\/\/elfsight.com\/it\/pricing-table-plugin\/woocommerce\/","url":"https:\/\/elfsight.com\/it\/pricing-table-plugin\/woocommerce\/","name":"Plugin WooCommerce per la tabella dei prezzi per il tuo sito web (2025)","isPartOf":{"@id":"https:\/\/elfsight.com\/it\/#website"},"datePublished":"1970-01-01T00:00:00+00:00","dateModified":"2025-03-21T08:54:15+00:00","description":"Cogli subito l'opportunit\u00e0 di personalizzare il plug-in Pricng Table e introdurlo nel tuo sito Web WooCommerce direttamente tramite la demo live.","breadcrumb":{"@id":"https:\/\/elfsight.com\/it\/pricing-table-plugin\/woocommerce\/#breadcrumb"},"inLanguage":"it-IT","potentialAction":[{"@type":"ReadAction","target":["https:\/\/elfsight.com\/it\/pricing-table-plugin\/woocommerce\/"]}]},{"@type":"BreadcrumbList","@id":"https:\/\/elfsight.com\/it\/pricing-table-plugin\/woocommerce\/#breadcrumb","itemListElement":[{"@type":"ListItem","position":1,"name":"Home","item":"https:\/\/elfsight.com\/it\/"},{"@type":"ListItem","position":2,"name":"Pricing Table","item":"https:\/\/elfsight.com\/it\/pricing-table-plugin\/"},{"@type":"ListItem","position":3,"name":"Pricing Table &#8211; WooCommerce"}]},{"@type":"WebSite","@id":"https:\/\/elfsight.com\/it\/#website","url":"https:\/\/elfsight.com\/it\/","name":"Elfsight IT","description":"Just another Elfsight Sites site","potentialAction":[{"@type":"SearchAction","target":{"@type":"EntryPoint","urlTemplate":"https:\/\/elfsight.com\/it\/?s={search_term_string}"},"query-input":{"@type":"PropertyValueSpecification","valueRequired":true,"valueName":"search_term_string"}}],"inLanguage":"it-IT"}]}},"meta_box":{"industry":"","seo_heading":"","heading":"","description":"","cta_heading":"","cta_description":"","application":"1296","h1":"Plug-in per la tabella dei prezzi WooCommerce","h1_caption":"Presenta le tue opzioni di prezzo in modo chiaro e accattivante, aiutando i clienti a scegliere facilmente il piano giusto per le loro esigenze nel tuo sito web WooCommerce.","application_category":[],"applications_title":"","applications_request_title":"","applications_request_button_text":"","hero_text":"","hero_video":"","hero_video_schema_markup":"","selling_points_title":"","selling_points_caption":"","selling_points":[],"selling_points_cta_text":"","features_title":"","features":"","ed_cta_examples_text":"","ed_cta_examples_hidden":"","ed_cta_demo_text":"","ed_cta_demo_hidden":"","why_caption":"","why_editor_title":"","why_editor_text":"","why_team_title":"","why_team_text":"","why_service_title":"","why_service_text":"","template_catalog_visible":"0","template_catalog_title":"","template_catalog_text":"","template_catalog_categories_visible":"","demo_title":"Crea la tua app per la tabella dei prezzi","demo_caption":"Configura la tua tabella dei prezzi e aggiungila gratuitamente al tuo sito WooCommerce!","default_faq_hidden":"","app_template_category":[],"platform":"80","template_public_id":"","codecanyon_url":"","codecanyon_item_id":"","codecanyon_price":"","pricing_caption":"","pricing_elfsight_apps_hide_column":"","pricing_elfsight_apps_url":"","pricing_codecanyon_price_caption":"","integration_category":[],"integration_request_title":"","integration_request_cta":"","integration_platform":"","integrations":[],"platform_category":[],"video_schema_markup":"","price":"da $ 0 al mese","trial":"","benefits":[{"text":"Aiuto per l'installazione gratuito"},{"text":"Supporto premium"},{"text":"Garanzia di rimborso di 14 giorni"},{"text":"Miglioramenti gratuiti continui"}],"button_url":"#demo","button_target_blank":"0","button_nofollow":"0","attributes":[{"name":"Installazioni"},{"name":"Reattivo","content":"S\u00cc"},{"name":"Browser compatibili","content":"Opera, Safari, Edge, Firefox, Chrome"}],"tags":[],"tags_disable_links":"0","hide_more_platforms":"0","video_object":"","demo_hide_cta":"0","demo_hide_cloud_options":"0","pricing_title":"","pricing":[{"pricing_icon":"platform","pricing_title":"Elfsight Apps","pricing_title_caption":"Soluzione multipiattaforma che funziona su qualsiasi sito","pricing_price":"da $ 0 \/ mese","pricing_price_caption":"inizia con un piano gratuito","pricing_benefits":[{"text":"Domini illimitati"},{"text":"Assistenza clienti 24 ore su 24, 7 giorni su 7 e ben documentata"},{"text":"Supporto per l'installazione senza costi"},{"text":"Progettazione flessibile"}],"pricing_button_text":"Aggiungi al sito web","pricing_button_url":"#demo"}],"related_apps_title":"","related_apps_hidden":"0","author":"","image":[],"title":"","job":"","social_networks":[]},"_links":{"self":[{"href":"https:\/\/elfsight.com\/it\/wp-json\/wp\/v2\/pages\/5458","targetHints":{"allow":["GET"]}}],"collection":[{"href":"https:\/\/elfsight.com\/it\/wp-json\/wp\/v2\/pages"}],"about":[{"href":"https:\/\/elfsight.com\/it\/wp-json\/wp\/v2\/types\/page"}],"author":[{"embeddable":true,"href":"https:\/\/elfsight.com\/it\/wp-json\/wp\/v2\/users\/9"}],"replies":[{"embeddable":true,"href":"https:\/\/elfsight.com\/it\/wp-json\/wp\/v2\/comments?post=5458"}],"version-history":[{"count":2,"href":"https:\/\/elfsight.com\/it\/wp-json\/wp\/v2\/pages\/5458\/revisions"}],"predecessor-version":[{"id":9541,"href":"https:\/\/elfsight.com\/it\/wp-json\/wp\/v2\/pages\/5458\/revisions\/9541"}],"up":[{"embeddable":true,"href":"https:\/\/elfsight.com\/it\/wp-json\/wp\/v2\/pages\/1297"}],"wp:attachment":[{"href":"https:\/\/elfsight.com\/it\/wp-json\/wp\/v2\/media?parent=5458"}],"curies":[{"name":"wp","href":"https:\/\/api.w.org\/{rel}","templated":true}]}}