{"id":5451,"date":"1970-01-01T00:00:00","date_gmt":"1970-01-01T00:00:00","guid":{"rendered":"https:\/\/elfsight.com\/it\/?page_id=5451"},"modified":"2024-11-11T11:25:57","modified_gmt":"2024-11-11T11:25:57","slug":"godaddy","status":"publish","type":"page","link":"https:\/\/elfsight.com\/it\/pricing-table-plugin\/godaddy\/","title":{"rendered":"Pricing Table &#8211; GoDaddy"},"content":{"rendered":"<div class=\"application-platform-content-item-description application-platform-content-item\" id=\"description\" data-nav-section=\"description\"> <h2>Incorpora la tabella dei prezzi su GoDaddy con il widget Elfsight<\/h2> <p>Il plugin della tabella dei prezzi per GoDaddy di Elfsight \u00e8 uno strumento efficace per rappresentare i tuoi piani di pagamento sul sito web in modo pi\u00f9 chiaro e intelligente. Mostra le tue offerte in dettaglio e aiuter\u00e0 i visitatori del tuo sito web a visualizzare e confrontare rapidamente le diverse funzionalit\u00e0 offerte dai tuoi piani tariffari. Utilizza la massima personalizzazione per dare ai tuoi prezzi il miglior aspetto: fallo fondere con il concetto del tuo sito web o rendilo luminoso e accattivante. Fai agire i tuoi acquirenti e aumenta la conversione! <\/p> <p><b>La decisione dei clienti \u00e8 resa pi\u00f9 semplice con prezzi informativi e comparabili!<\/b><\/p> <\/div> <div class=\"application-platform-content-item-features application-platform-content-item\" id=\"features\" data-nav-section=\"features\"> <h2>Il plugin \u00e8 pratico e veloce funzionalit\u00e0, eccone alcune: <\/h2> <ul><li>6 elementi di colonna predefiniti che possono essere organizzati e personalizzati per ottenere l&#8217;aspetto perfetto<\/li><li>Metti in evidenza qualsiasi colonna<\/li><li>Gli elementi cromatici di ciascuna colonna possono essere personalizzati individualmente<\/li><li>2 tipi predefiniti di raggio del bordo e 4 tipi predefiniti di larghezza del bordo<\/li><li>Elenco di funzioni regolabili, completo di icone di funzioni, suggerimenti e numero illimitato di funzionalit\u00e0<\/li><\/ul><p><a href=\"#demo\">Esplora tutte le impostazioni nella demo completa<\/a><\/p> <\/div> <div class=\"application-platform-content-item-installation application-platform-content-item\" id=\"installation\" data-nav-section=\"installation\"> <h2>Come incorporare una tabella dei prezzi nel mio sito web GoDaddy? <\/h2> <p>Basta seguire i passaggi descritti di seguito per incorporare lo strumento. <\/p> <ol><li><b>Esegui il nostro configuratore gratuito e inizia a costruire il tuo plugin unico. <\/b><br> Specifica il design e le caratteristiche adatte dello strumento e applica le correzioni. <\/li> <li><b>Copia il codice personale che appare nell&#8217;apposito modulo su Elfsight Apps. <\/b><br> Una volta completata la creazione del tuo plugin, copia il codice esclusivo nella casella visualizzata e conservalo per un utilizzo futuro. <\/li> <li><b>Avvia l&#8217;utilizzo del plugin sul tuo sito web GoDaddy. <\/b><br> Aggiungi il codice salvato di recente nel tuo sito web e applica le modifiche. <\/li> <li><b>L&#8217;installazione \u00e8 completamente eseguita. <\/b><br> Visita il tuo sito web per vedere le prestazioni dello strumento. <\/li><\/ol> <p>A condizione che tu abbia domande o riscontri problemi, sentiti libero di richiedere il nostro team di supporto. I nostri consulenti saranno entusiasti di aiutarti con tutte le difficolt\u00e0 che potresti avere con il prodotto. <\/p> <div class=\"faq\" data-component=\"FAQ\"> <div class=\"faq-item\">\r\n\t\t\t\t\t<div class=\"faq-item-question\">\r\n\t\t\t\t\t\t<h3 class=\"faq-item-question-text\">Come aggiungere una tabella dei prezzi al mio sito web GoDaddy senza competenze di programmazione?<\/h3>\r\n\r\n\t\t\t\t\t\t<div class=\"faq-item-question-icon\"><\/div>\r\n\t\t\t\t\t<\/div>\r\n\r\n\t\t\t\t\t<div class=\"faq-item-answer\">\r\n\t\t\t\t\t\t<div class=\"faq-item-answer-text\"> <p>Elfsight fornisce una soluzione SaaS che ti consente di creare tu stesso un widget della tabella dei prezzi, scopri quanto \u00e8 facile Il processo \u00e8: lavora direttamente nell&#8217;editor online per creare un widget della tabella dei prezzi che vorresti vedere sul tuo sito web GoDaddy. Scegli uno dei modelli predefiniti e regola le impostazioni della tabella dei prezzi, aggiungi i tuoi contenuti, modifica il layout e i colori senza alcuna competenza di codifica. Salva la tabella dei prezzi e copia il codice di installazione, che potrai facilmente incorporare nel tuo sito web GoDaddy senza acquistare un abbonamento a pagamento. Con il nostro editor intuitivo qualsiasi utente di Internet pu\u00f2 creare un widget Tabella dei prezzi online e incorporarlo facilmente nel proprio sito Web GoDaddy. Non \u00e8 necessario pagare o inserire le credenziali della carta per accedere al servizio. In caso di problemi in qualsiasi momento, non esitate a contattare il nostro team di supporto tecnico.<\/p> <\/div>\r\n\t\t\t\t\t<\/div>\r\n\t\t\t\t<\/div> <\/div> <\/div>","protected":false},"excerpt":{"rendered":"","protected":false},"author":9,"featured_media":0,"parent":1297,"menu_order":0,"comment_status":"closed","ping_status":"closed","template":"templates\/template-application-platform.php","meta":{"publish_to_discourse":"","publish_post_category":"","wpdc_auto_publish_overridden":"","wpdc_topic_tags":"","wpdc_pin_topic":"","wpdc_pin_until":"","discourse_post_id":"","discourse_permalink":"","wpdc_publishing_response":"","wpdc_publishing_error":"","footnotes":""},"class_list":["post-5451","page","type-page","status-publish","hentry"],"yoast_head":"<!-- This site is optimized with the Yoast SEO plugin v25.3.1 - https:\/\/yoast.com\/wordpress\/plugins\/seo\/ -->\n<title>Tabella dei prezzi: aggiungi il plug-in della tabella dei prezzi al sito Web di GoDaddy!<\/title>\n<meta name=\"description\" content=\"Ottieni il plug-in della tabella dei prezzi per GoDaddy in solo 1 minuto. Prova tutti i principali vantaggi del miglior plugin per i prezzi nel pannello gratuito.\" \/>\n<meta name=\"robots\" content=\"index, follow, max-snippet:-1, max-image-preview:large, max-video-preview:-1\" \/>\n<link rel=\"canonical\" href=\"https:\/\/elfsight.com\/it\/pricing-table-plugin\/godaddy\/\" \/>\n<meta property=\"og:locale\" content=\"it_IT\" \/>\n<meta property=\"og:type\" content=\"article\" \/>\n<meta property=\"og:title\" content=\"Tabella dei prezzi: aggiungi il plug-in della tabella dei prezzi al sito Web di GoDaddy!\" \/>\n<meta property=\"og:description\" content=\"Ottieni il plug-in della tabella dei prezzi per GoDaddy in solo 1 minuto. Prova tutti i principali vantaggi del miglior plugin per i prezzi nel pannello gratuito.\" \/>\n<meta property=\"og:url\" content=\"https:\/\/elfsight.com\/it\/pricing-table-plugin\/godaddy\/\" \/>\n<meta property=\"og:site_name\" content=\"Elfsight IT\" \/>\n<meta property=\"article:modified_time\" content=\"2024-11-11T11:25:57+00:00\" \/>\n<meta name=\"twitter:card\" content=\"summary_large_image\" \/>\n<meta name=\"twitter:label1\" content=\"Tempo di lettura stimato\" \/>\n\t<meta name=\"twitter:data1\" content=\"3 minuti\" \/>\n<!-- \/ Yoast SEO plugin. -->","yoast_head_json":{"title":"Tabella dei prezzi: aggiungi il plug-in della tabella dei prezzi al sito Web di GoDaddy!","description":"Ottieni il plug-in della tabella dei prezzi per GoDaddy in solo 1 minuto. Prova tutti i principali vantaggi del miglior plugin per i prezzi nel pannello gratuito.","robots":{"index":"index","follow":"follow","max-snippet":"max-snippet:-1","max-image-preview":"max-image-preview:large","max-video-preview":"max-video-preview:-1"},"canonical":"https:\/\/elfsight.com\/it\/pricing-table-plugin\/godaddy\/","og_locale":"it_IT","og_type":"article","og_title":"Tabella dei prezzi: aggiungi il plug-in della tabella dei prezzi al sito Web di GoDaddy!","og_description":"Ottieni il plug-in della tabella dei prezzi per GoDaddy in solo 1 minuto. Prova tutti i principali vantaggi del miglior plugin per i prezzi nel pannello gratuito.","og_url":"https:\/\/elfsight.com\/it\/pricing-table-plugin\/godaddy\/","og_site_name":"Elfsight IT","article_modified_time":"2024-11-11T11:25:57+00:00","twitter_card":"summary_large_image","twitter_misc":{"Tempo di lettura stimato":"3 minuti"},"schema":{"@context":"https:\/\/schema.org","@graph":[{"@type":"WebPage","@id":"https:\/\/elfsight.com\/it\/pricing-table-plugin\/godaddy\/","url":"https:\/\/elfsight.com\/it\/pricing-table-plugin\/godaddy\/","name":"Tabella dei prezzi: aggiungi il plug-in della tabella dei prezzi al sito Web di GoDaddy!","isPartOf":{"@id":"https:\/\/elfsight.com\/it\/#website"},"datePublished":"1970-01-01T00:00:00+00:00","dateModified":"2024-11-11T11:25:57+00:00","description":"Ottieni il plug-in della tabella dei prezzi per GoDaddy in solo 1 minuto. Prova tutti i principali vantaggi del miglior plugin per i prezzi nel pannello gratuito.","breadcrumb":{"@id":"https:\/\/elfsight.com\/it\/pricing-table-plugin\/godaddy\/#breadcrumb"},"inLanguage":"it-IT","potentialAction":[{"@type":"ReadAction","target":["https:\/\/elfsight.com\/it\/pricing-table-plugin\/godaddy\/"]}]},{"@type":"BreadcrumbList","@id":"https:\/\/elfsight.com\/it\/pricing-table-plugin\/godaddy\/#breadcrumb","itemListElement":[{"@type":"ListItem","position":1,"name":"Home","item":"https:\/\/elfsight.com\/it\/"},{"@type":"ListItem","position":2,"name":"Pricing Table","item":"https:\/\/elfsight.com\/it\/pricing-table-plugin\/"},{"@type":"ListItem","position":3,"name":"Pricing Table &#8211; GoDaddy"}]},{"@type":"WebSite","@id":"https:\/\/elfsight.com\/it\/#website","url":"https:\/\/elfsight.com\/it\/","name":"Elfsight IT","description":"Just another Elfsight Sites site","potentialAction":[{"@type":"SearchAction","target":{"@type":"EntryPoint","urlTemplate":"https:\/\/elfsight.com\/it\/?s={search_term_string}"},"query-input":{"@type":"PropertyValueSpecification","valueRequired":true,"valueName":"search_term_string"}}],"inLanguage":"it-IT"}]}},"meta_box":{"industry":"","seo_heading":"","heading":"","description":"","cta_heading":"","cta_description":"","application":"1296","h1":"Plug-in per la tabella dei prezzi di GoDaddy","h1_caption":"Presenta le tue opzioni di prezzo in modo chiaro e accattivante, aiutando i clienti a scegliere facilmente il piano giusto per le loro esigenze nel tuo sito web GoDaddy.","application_category":[],"applications_title":"","applications_request_title":"","applications_request_button_text":"","hero_text":"","hero_video":"","hero_video_schema_markup":"","selling_points_title":"","selling_points_caption":"","selling_points":[],"selling_points_cta_text":"","features_title":"","features":"","ed_cta_examples_text":"","ed_cta_examples_hidden":"","ed_cta_demo_text":"","ed_cta_demo_hidden":"","why_caption":"","why_editor_title":"","why_editor_text":"","why_team_title":"","why_team_text":"","why_service_title":"","why_service_text":"","template_catalog_visible":"","template_catalog_title":"","template_catalog_text":"","template_catalog_categories_visible":"","demo_title":"Crea il tuo plugin per la tabella dei prezzi","demo_caption":"Configura la tua tabella dei prezzi e aggiungila gratuitamente al tuo sito web GoDaddy!","default_faq_hidden":"","app_template_category":[],"platform":"53","template_public_id":"","codecanyon_url":"","codecanyon_item_id":"","codecanyon_price":"","pricing_caption":"","pricing_elfsight_apps_hide_column":"","pricing_elfsight_apps_url":"","pricing_codecanyon_price_caption":"","integration_category":[],"integration_request_title":"","integration_request_cta":"","integration_platform":"","integrations":[],"platform_category":[],"video_schema_markup":"","price":"da $ 0 al mese","trial":"","benefits":[{"text":"Servizio di installazione gratuito"},{"text":"Supporto eccezionale"},{"text":"Garanzia di rimborso di 14 giorni"},{"text":"Aggiornamenti a vita"}],"button_url":"#demo","button_target_blank":"","button_nofollow":"","attributes":[{"name":"Installazioni"},{"name":"Reattivo","content":"S\u00cc"},{"name":"Browser compatibili","content":"IE11, Firefox, Safari, Opera, Chrome, Edge"}],"tags":[],"tags_disable_links":"","hide_more_platforms":"","video_object":"","demo_hide_cta":"","demo_hide_cloud_options":"","pricing_title":"","pricing":[{"pricing_icon":"platform","pricing_title":"Elfsight Apps","pricing_title_caption":"Soluzione digitale multipiattaforma adatta a qualsiasi sito web","pricing_price":"da $ 0 \/ mese","pricing_price_caption":"inizia con il piano gratuito","pricing_benefits":[{"text":"Siti web illimitati"},{"text":"Supporto aziendale professionale"},{"text":"Aiuto gratuito per l'installazione"},{"text":"Completamente personalizzabile"}],"pricing_button_text":"Aggiungi al sito web","pricing_button_url":"#demo"}],"related_apps_title":"","related_apps_hidden":"","author":"","image":[],"title":"","job":"","social_networks":[]},"_links":{"self":[{"href":"https:\/\/elfsight.com\/it\/wp-json\/wp\/v2\/pages\/5451","targetHints":{"allow":["GET"]}}],"collection":[{"href":"https:\/\/elfsight.com\/it\/wp-json\/wp\/v2\/pages"}],"about":[{"href":"https:\/\/elfsight.com\/it\/wp-json\/wp\/v2\/types\/page"}],"author":[{"embeddable":true,"href":"https:\/\/elfsight.com\/it\/wp-json\/wp\/v2\/users\/9"}],"replies":[{"embeddable":true,"href":"https:\/\/elfsight.com\/it\/wp-json\/wp\/v2\/comments?post=5451"}],"version-history":[{"count":1,"href":"https:\/\/elfsight.com\/it\/wp-json\/wp\/v2\/pages\/5451\/revisions"}],"predecessor-version":[{"id":5455,"href":"https:\/\/elfsight.com\/it\/wp-json\/wp\/v2\/pages\/5451\/revisions\/5455"}],"up":[{"embeddable":true,"href":"https:\/\/elfsight.com\/it\/wp-json\/wp\/v2\/pages\/1297"}],"wp:attachment":[{"href":"https:\/\/elfsight.com\/it\/wp-json\/wp\/v2\/media?parent=5451"}],"curies":[{"name":"wp","href":"https:\/\/api.w.org\/{rel}","templated":true}]}}