{"id":5443,"date":"1970-01-01T00:00:00","date_gmt":"1970-01-01T00:00:00","guid":{"rendered":"https:\/\/elfsight.com\/it\/?page_id=5443"},"modified":"2025-03-23T19:38:18","modified_gmt":"2025-03-23T19:38:18","slug":"bigcommerce","status":"publish","type":"page","link":"https:\/\/elfsight.com\/it\/portfolio-widget\/bigcommerce\/","title":{"rendered":"Portfolio &#8211; BigCommerce"},"content":{"rendered":"\n<div class=\"application-platform-content-item-description application-platform-content-item\" id=\"description\" data-nav-section=\"description\"><h2>Descrizione<\/h2><p>Lo strumento Portfolio Elfsight \u00e8 creato per ogni persona che ha la necessit\u00e0 di esporre il proprio portfolio sul sito web e ottenere nuovi clienti. Utilizzando lo strumento, potrai rivelare progetti con immagini, contenuti video, schemi e altri materiali. Ogni contenuto pu\u00f2 avere una descrizione dettagliata e una data. Hai l&#8217;opportunit\u00e0 di associare progetti a siti Web e distribuire progetti in categorie. Gli utenti visualizzeranno il tuo portfolio, apriranno ogni progetto e visualizzeranno tutti i lavori direttamente sul sito web. L&#8217;intestazione mostrer\u00e0 il tuo nome, foto e dati di contatto, che consentono di raggiungerti. Il pulsante attivo porter\u00e0 le persone alla pagina di acquisto e ti aiuter\u00e0 ad aumentare il numero di vendite.<\/p><div class=\"faq\" data-component=\"FAQ\"> <div class=\"faq-item\">\r\n\t\t\t\t\t<div class=\"faq-item-question\">\r\n\t\t\t\t\t\t<h3 class=\"faq-item-question-text\">Dove posso aggiungere il modello di portfolio personale sul mio sito web<\/h3>\r\n\r\n\t\t\t\t\t\t<div class=\"faq-item-question-icon\"><\/div>\r\n\t\t\t\t\t<\/div>\r\n\r\n\t\t\t\t\t<div class=\"faq-item-answer\">\r\n\t\t\t\t\t\t<div class=\"faq-item-answer-text\"><p>Puoi incorporarlo su qualsiasi pagina del sito o su tutte le pagine web. I tuoi lavori accattivanti attireranno l&#8217;attenzione dei visitatori pubblicati sulla pagina principale del sito e potranno visualizzare le tue offerte sulle pagine del portfolio.<\/p><\/div>\r\n\t\t\t\t\t<\/div>\r\n\t\t\t\t<\/div><div class=\"faq-item\">\r\n\t\t\t\t\t<div class=\"faq-item-question\">\r\n\t\t\t\t\t\t<h3 class=\"faq-item-question-text\">Come potrei trarre vantaggio da questo plugin?<\/h3>\r\n\r\n\t\t\t\t\t\t<div class=\"faq-item-question-icon\"><\/div>\r\n\t\t\t\t\t<\/div>\r\n\r\n\t\t\t\t\t<div class=\"faq-item-answer\">\r\n\t\t\t\t\t\t<div class=\"faq-item-answer-text\"><p>Un portfolio impressionante con i tuoi lavori dimostrer\u00e0 ai tuoi visitatori tutte le tue grandi capacit\u00e0 e creativit\u00e0. Render\u00e0 gli utenti desiderosi di fare gli stessi lavori per loro e vedrai arrivare nuovi ordini. Inoltre, attraverso i modi rapidi per metterti in contatto con te, avrai pi\u00f9 contatti.<\/p><\/div>\r\n\t\t\t\t\t<\/div>\r\n\t\t\t\t<\/div><div class=\"faq-item\">\r\n\t\t\t\t\t<div class=\"faq-item-question\">\r\n\t\t\t\t\t\t<h3 class=\"faq-item-question-text\">Come incorporo il modello di portfolio nel mio sito BigCommerce?<\/h3>\r\n\r\n\t\t\t\t\t\t<div class=\"faq-item-question-icon\"><\/div>\r\n\t\t\t\t\t<\/div>\r\n\r\n\t\t\t\t\t<div class=\"faq-item-answer\">\r\n\t\t\t\t\t\t<div class=\"faq-item-answer-text\"><p>Tu ti servir\u00e0 solo un minuto del tuo tempo per iniziare a utilizzare l&#8217;app. L&#8217;incorporamento \u00e8 molto veloce, gratuito e senza codifica.<\/p><p>Il widget pu\u00f2 essere integrato tramite il nostro servizio o tramite il marketplace. Puoi leggere i pro e i contro di queste opzioni e scegliere la tua.<\/p><\/div>\r\n\t\t\t\t\t<\/div>\r\n\t\t\t\t<\/div><\/div><\/div><div class=\"application-platform-content-item-features application-platform-content-item\" id=\"features\" data-nav-section=\"features\"><h2>Funzionalit\u00e0<\/h2><p>In per avere una chiara percezione del portafoglio BigCommerce, puoi studiare l&#8217;elenco delle caratteristiche principali. Rendono l&#8217;app davvero efficace per te:<\/p><ul><li>Imposta pi\u00f9 progetti con titoli di progetto;<\/li><li>Imposta categorie e assegna loro progetti;<\/li><li>Scegli cosa informazioni da mostrare nel popup e al passaggio del mouse;<\/li><li>Aggiungi testi e aggiungi date a tutti i file nel progetto;<\/li><li>Il pulsante attivo nell&#8217;intestazione e nel popup porta i clienti a qualsiasi pagina.<\/li><\/ul><p><a href=\"#demo\">Controlla tutte le funzionalit\u00e0 nella demo<\/a><\/p><\/div><div class=\"application-platform-content-item-installation application-platform-content-item\" id=\"installation\" data-nav-section=\"installation\"><h2>Come aggiungere il portfolio sul tuo sito web BigCommerce<\/h2><div class=\"video-container\"><iframe width=\"560\" height=\"315\" src=\"https:\/\/www.youtube.com\/embed\/QEsX4nKvZ0o?si=KhHbqP4erVGGAxcM\" frameborder=\"0\" allow=\"accelerometer; autoplay; clipboard-write; encrypted-media; gyroscope; picture-in-picture; web-share\" allowfullscreen><\/iframe><\/div><p>Segui semplicemente i passaggi descritti di seguito per iniziare a lavorare con il plug-in su BigCommerce.<\/p> <ol><li><b>Apri il nostro demo gratuita e inizia a creare la tua app personalizzata. <\/b><br> Trova l&#8217;interfaccia e gli aspetti preferiti dello strumento e applica le correzioni. <\/li> <li><b>Ricevi il tuo codice univoco esposto nell&#8217;apposito form su Elfsight Apps. <\/b><br> Non appena viene completata la creazione del widget del tuo portfolio personale, copia il codice individuale nel popup visualizzato e salvalo per un utilizzo futuro. <\/li> <li><b>Inizia ad applicare il widget sul tuo sito web BigCommerce. <\/b><br> Inserisci il codice che hai copiato di recente nel tuo sito web e applica le modifiche. <\/li> <li><b>L&#8217;installazione \u00e8 completamente completata. <\/b><br> Vai al tuo sito web per vedere in azione come funziona il widget. <\/li><\/ol><p>Non riesci ancora a decidere? O hai domande? \u00c8 sufficiente indirizzare una richiesta al nostro servizio clienti, risolveranno qualsiasi tipo di problema.<\/p><\/div>\n","protected":false},"excerpt":{"rendered":"","protected":false},"author":9,"featured_media":0,"parent":2272,"menu_order":0,"comment_status":"closed","ping_status":"closed","template":"templates\/template-application-platform.php","meta":{"publish_to_discourse":"","publish_post_category":"","wpdc_auto_publish_overridden":"","wpdc_topic_tags":"","wpdc_pin_topic":"","wpdc_pin_until":"","discourse_post_id":"","discourse_permalink":"","wpdc_publishing_response":"","wpdc_publishing_error":"","footnotes":""},"class_list":["post-5443","page","type-page","status-publish","hentry"],"yoast_head":"<!-- This site is optimized with the Yoast SEO plugin v25.3.1 - https:\/\/yoast.com\/wordpress\/plugins\/seo\/ -->\n<title>Modello di portfolio per il sito web di BigCommerce (gratuito e veloce)<\/title>\n<meta name=\"description\" content=\"Con Elfsight, crea la tua app Portfolio e aggiungila facilmente al sito Web BigCommerce. Abbiamo un servizio clienti gratuito e altri bonus.\" \/>\n<meta name=\"robots\" content=\"index, follow, max-snippet:-1, max-image-preview:large, max-video-preview:-1\" \/>\n<link rel=\"canonical\" href=\"https:\/\/elfsight.com\/it\/portfolio-widget\/bigcommerce\/\" \/>\n<meta property=\"og:locale\" content=\"it_IT\" \/>\n<meta property=\"og:type\" content=\"article\" \/>\n<meta property=\"og:title\" content=\"Modello di portfolio per il sito web di BigCommerce (gratuito e veloce)\" \/>\n<meta property=\"og:description\" content=\"Con Elfsight, crea la tua app Portfolio e aggiungila facilmente al sito Web BigCommerce. Abbiamo un servizio clienti gratuito e altri bonus.\" \/>\n<meta property=\"og:url\" content=\"https:\/\/elfsight.com\/it\/portfolio-widget\/bigcommerce\/\" \/>\n<meta property=\"og:site_name\" content=\"Elfsight IT\" \/>\n<meta property=\"article:modified_time\" content=\"2025-03-23T19:38:18+00:00\" \/>\n<meta name=\"twitter:card\" content=\"summary_large_image\" \/>\n<meta name=\"twitter:label1\" content=\"Tempo di lettura stimato\" \/>\n\t<meta name=\"twitter:data1\" content=\"3 minuti\" \/>\n<!-- \/ Yoast SEO plugin. -->","yoast_head_json":{"title":"Modello di portfolio per il sito web di BigCommerce (gratuito e veloce)","description":"Con Elfsight, crea la tua app Portfolio e aggiungila facilmente al sito Web BigCommerce. Abbiamo un servizio clienti gratuito e altri bonus.","robots":{"index":"index","follow":"follow","max-snippet":"max-snippet:-1","max-image-preview":"max-image-preview:large","max-video-preview":"max-video-preview:-1"},"canonical":"https:\/\/elfsight.com\/it\/portfolio-widget\/bigcommerce\/","og_locale":"it_IT","og_type":"article","og_title":"Modello di portfolio per il sito web di BigCommerce (gratuito e veloce)","og_description":"Con Elfsight, crea la tua app Portfolio e aggiungila facilmente al sito Web BigCommerce. Abbiamo un servizio clienti gratuito e altri bonus.","og_url":"https:\/\/elfsight.com\/it\/portfolio-widget\/bigcommerce\/","og_site_name":"Elfsight IT","article_modified_time":"2025-03-23T19:38:18+00:00","twitter_card":"summary_large_image","twitter_misc":{"Tempo di lettura stimato":"3 minuti"},"schema":{"@context":"https:\/\/schema.org","@graph":[{"@type":"WebPage","@id":"https:\/\/elfsight.com\/it\/portfolio-widget\/bigcommerce\/","url":"https:\/\/elfsight.com\/it\/portfolio-widget\/bigcommerce\/","name":"Modello di portfolio per il sito web di BigCommerce (gratuito e veloce)","isPartOf":{"@id":"https:\/\/elfsight.com\/it\/#website"},"datePublished":"1970-01-01T00:00:00+00:00","dateModified":"2025-03-23T19:38:18+00:00","description":"Con Elfsight, crea la tua app Portfolio e aggiungila facilmente al sito Web BigCommerce. Abbiamo un servizio clienti gratuito e altri bonus.","breadcrumb":{"@id":"https:\/\/elfsight.com\/it\/portfolio-widget\/bigcommerce\/#breadcrumb"},"inLanguage":"it-IT","potentialAction":[{"@type":"ReadAction","target":["https:\/\/elfsight.com\/it\/portfolio-widget\/bigcommerce\/"]}]},{"@type":"BreadcrumbList","@id":"https:\/\/elfsight.com\/it\/portfolio-widget\/bigcommerce\/#breadcrumb","itemListElement":[{"@type":"ListItem","position":1,"name":"Home","item":"https:\/\/elfsight.com\/it\/"},{"@type":"ListItem","position":2,"name":"Portfolio","item":"https:\/\/elfsight.com\/it\/portfolio-widget\/"},{"@type":"ListItem","position":3,"name":"Portfolio &#8211; BigCommerce"}]},{"@type":"WebSite","@id":"https:\/\/elfsight.com\/it\/#website","url":"https:\/\/elfsight.com\/it\/","name":"Elfsight IT","description":"Just another Elfsight Sites site","potentialAction":[{"@type":"SearchAction","target":{"@type":"EntryPoint","urlTemplate":"https:\/\/elfsight.com\/it\/?s={search_term_string}"},"query-input":{"@type":"PropertyValueSpecification","valueRequired":true,"valueName":"search_term_string"}}],"inLanguage":"it-IT"}]}},"meta_box":{"industry":"","seo_heading":"","heading":"","description":"","cta_heading":"","cta_description":"","application":"2271","h1":"Modello di portafoglio BigCommerce","h1_caption":"Mostra il tuo lavoro in un portfolio personalizzabile, semplificando la presentazione dei tuoi progetti e risultati nel tuo sito web BigCommerce senza sforzo.","application_category":[],"applications_title":"","applications_request_title":"","applications_request_button_text":"","hero_text":"","hero_video":"","hero_video_schema_markup":"","selling_points_title":"","selling_points_caption":"","selling_points":[],"selling_points_cta_text":"","features_title":"","features":"","ed_cta_examples_text":"","ed_cta_examples_hidden":"","ed_cta_demo_text":"","ed_cta_demo_hidden":"","why_caption":"","why_editor_title":"","why_editor_text":"","why_team_title":"","why_team_text":"","why_service_title":"","why_service_text":"","template_catalog_visible":"0","template_catalog_title":"","template_catalog_text":"","template_catalog_categories_visible":"","demo_title":"Crea la tua app Portfolio","demo_caption":"Configura il tuo portfolio e aggiungilo gratuitamente al tuo sito BigCommerce!","default_faq_hidden":"","app_template_category":[],"platform":"32","template_public_id":"","codecanyon_url":"","codecanyon_item_id":"","codecanyon_price":"","pricing_caption":"","pricing_elfsight_apps_hide_column":"","pricing_elfsight_apps_url":"","pricing_codecanyon_price_caption":"","integration_category":[],"integration_request_title":"","integration_request_cta":"","integration_platform":"","integrations":[],"platform_category":[],"video_schema_markup":"","price":"da $ 0 al mese","trial":"","benefits":[{"text":"Servizio di installazione gratuito"},{"text":"Servizio clienti efficace"},{"text":"Garanzia di rimborso di 14 giorni"},{"text":"Miglioramenti regolari"}],"button_url":"#demo","button_target_blank":"0","button_nofollow":"0","attributes":[{"name":"Installazioni"},{"name":"Reattivo","content":"S\u00cc"},{"name":"Browser compatibili","content":"Firefox, Safari, Opera, Chrome, Edge"}],"tags":[],"tags_disable_links":"0","hide_more_platforms":"0","video_object":"","demo_hide_cta":"0","demo_hide_cloud_options":"0","pricing_title":"","pricing":[{"pricing_icon":"platform","pricing_title":"Elfsight Apps","pricing_title_caption":"Versione multipiattaforma che funziona su qualsiasi sito web","pricing_price":"da $ 0 \/ mese","pricing_price_caption":"inizia con un piano gratuito","pricing_benefits":[{"text":"Siti web illimitati"},{"text":"Assistenza gratuita e puntuale"},{"text":"100% personalizzabile"},{"text":"Servizio di installazione gratuito"}],"pricing_button_text":"Aggiungi al sito web","pricing_button_url":"#demo"}],"related_apps_title":"","related_apps_hidden":"0","author":"","image":[],"title":"","job":"","social_networks":[]},"_links":{"self":[{"href":"https:\/\/elfsight.com\/it\/wp-json\/wp\/v2\/pages\/5443","targetHints":{"allow":["GET"]}}],"collection":[{"href":"https:\/\/elfsight.com\/it\/wp-json\/wp\/v2\/pages"}],"about":[{"href":"https:\/\/elfsight.com\/it\/wp-json\/wp\/v2\/types\/page"}],"author":[{"embeddable":true,"href":"https:\/\/elfsight.com\/it\/wp-json\/wp\/v2\/users\/9"}],"replies":[{"embeddable":true,"href":"https:\/\/elfsight.com\/it\/wp-json\/wp\/v2\/comments?post=5443"}],"version-history":[{"count":3,"href":"https:\/\/elfsight.com\/it\/wp-json\/wp\/v2\/pages\/5443\/revisions"}],"predecessor-version":[{"id":9800,"href":"https:\/\/elfsight.com\/it\/wp-json\/wp\/v2\/pages\/5443\/revisions\/9800"}],"up":[{"embeddable":true,"href":"https:\/\/elfsight.com\/it\/wp-json\/wp\/v2\/pages\/2272"}],"wp:attachment":[{"href":"https:\/\/elfsight.com\/it\/wp-json\/wp\/v2\/media?parent=5443"}],"curies":[{"name":"wp","href":"https:\/\/api.w.org\/{rel}","templated":true}]}}