{"id":5442,"date":"1970-01-01T00:00:00","date_gmt":"1970-01-01T00:00:00","guid":{"rendered":"https:\/\/elfsight.com\/it\/?page_id=5442"},"modified":"2025-03-23T19:39:35","modified_gmt":"2025-03-23T19:39:35","slug":"blogger","status":"publish","type":"page","link":"https:\/\/elfsight.com\/it\/portfolio-widget\/blogger\/","title":{"rendered":"Portfolio &#8211; Blogger"},"content":{"rendered":"\n<div class=\"application-platform-content-item-description application-platform-content-item\" id=\"description\" data-nav-section=\"description\"><h2>Descrizione<\/h2><p>Elfsight Portfolio \u00e8 pensato per tutti coloro che desiderano pubblicare la propria collezione professionale sul sito web e attirare vendite. Avendo lo strumento, puoi rivelare raccolte di scatti, video, modelli e altri contenuti del progetto. Ogni file pu\u00f2 avere un testo e una data. Hai la possibilit\u00e0 di associare progetti a siti Web e dividere progetti in gruppi. Il tuo pubblico vedr\u00e0 il tuo portfolio, toccher\u00e0 un progetto e ne studier\u00e0 il contenuto direttamente sul tuo sito web. L&#8217;intestazione riveler\u00e0 il tuo nome, la tua immagine e i dati di contatto, il che faciliter\u00e0 il rimanere in contatto con te. Il pulsante CTA porter\u00e0 i clienti alla pagina di effettuazione dell&#8217;ordine e ti aiuter\u00e0 ad ampliare il livello delle vendite. <\/p><div class=\"faq\" data-component=\"FAQ\"><div class=\"faq-item\">\r\n\t\t\t\t\t<div class=\"faq-item-question\">\r\n\t\t\t\t\t\t<h3 class=\"faq-item-question-text\">Come posso incorporare un portfolio nel sito di Blogger? <\/h3>\r\n\r\n\t\t\t\t\t\t<div class=\"faq-item-question-icon\"><\/div>\r\n\t\t\t\t\t<\/div>\r\n\r\n\t\t\t\t\t<div class=\"faq-item-answer\">\r\n\t\t\t\t\t\t<div class=\"faq-item-answer-text\"><p>La creazione dello strumento avviene all&#8217;interno del sito web di Elfsight ed \u00e8 disponibile non c&#8217;\u00e8 bisogno di imparare a programmare. Utilizza la demo online per creare il tuo plugin, ottenere il codice e integrarlo nel tuo sito web. <\/p><\/div>\r\n\t\t\t\t\t<\/div>\r\n\t\t\t\t<\/div><div class=\"faq-item\">\r\n\t\t\t\t\t<div class=\"faq-item-question\">\r\n\t\t\t\t\t\t<h3 class=\"faq-item-question-text\">I modi migliori per utilizzare l'integrazione della galleria di portfolio<\/h3>\r\n\r\n\t\t\t\t\t\t<div class=\"faq-item-question-icon\"><\/div>\r\n\t\t\t\t\t<\/div>\r\n\r\n\t\t\t\t\t<div class=\"faq-item-answer\">\r\n\t\t\t\t\t\t<div class=\"faq-item-answer-text\"><p>Disponiamo di un&#8217;ampia gamma di possibilit\u00e0 di personalizzazione: widget su vasta scala da implementare nell&#8217;area dei contenuti , widget mobili per funzionalit\u00e0 di scorrimento, layout per pi\u00e8 di pagina, intestazione e tutte le varianti delle opportunit\u00e0 verticali per barre laterali e menu. <\/p><\/div>\r\n\t\t\t\t\t<\/div>\r\n\t\t\t\t<\/div><div class=\"faq-item\">\r\n\t\t\t\t\t<div class=\"faq-item-question\">\r\n\t\t\t\t\t\t<h3 class=\"faq-item-question-text\">Esiste un'opzione per creare un portfolio di video o illustrazioni tramite l'agenzia dell'editore? <\/h3>\r\n\r\n\t\t\t\t\t\t<div class=\"faq-item-question-icon\"><\/div>\r\n\t\t\t\t\t<\/div>\r\n\r\n\t\t\t\t\t<div class=\"faq-item-answer\">\r\n\t\t\t\t\t\t<div class=\"faq-item-answer-text\"><p>Puoi modellare le modifiche di qualsiasi widget. Ci sono tantissimi layout disponibili nell&#8217;editor e tutti possono essere facilmente personalizzati proprio come preferisci. <\/p><\/div>\r\n\t\t\t\t\t<\/div>\r\n\t\t\t\t<\/div><\/div><\/div><div class=\"application-platform-content-item-features application-platform-content-item\" id=\"features\" data-nav-section=\"features\"><h2>Caratteristiche<\/h2><p>Per avere una conoscenza completa di Portfolio, puoi dare un&#8217;occhiata alla elenco delle sue principali caratteristiche. Rendono il nostro widget davvero efficiente per te: <\/p><ul><li>Aggiungi un numero qualsiasi di progetti e aggiungi titoli; <\/li><li>Crea gruppi e unisci progetti ad essi<\/li><li>Scegli quali informazioni visualizzare nel popup e al passaggio del mouse; <\/li><li>Aggiungi testi e assegna date ai file nel progetto<\/li><li>Il pulsante di invito all&#8217;azione nell&#8217;intestazione e nel popup reindirizza i clienti a qualsiasi sito web o pagina<\/li><\/ul><p><a href=\"#demo\">Controlla tutte le funzionalit\u00e0 nella demo<\/a><\/p><\/div><div class=\"application-platform-content-item-installation application-platform-content-item\" id=\"installation\" data-nav-section=\"installation\"><h2>Come aggiungo Portfolio a il mio sito web Blogger?<\/h2><div class=\"video-container\"><iframe width=\"560\" height=\"315\" src=\"https:\/\/www.youtube.com\/embed\/bDyGvQadAmY?si=2wQhSBP5seCMISc5\" frameborder=\"0\" allow=\"accelerometer; autoplay; clipboard-write; encrypted-media; gyroscope; picture-in-picture; web-share\" allowfullscreen><\/iframe><\/div><p>Basta seguire un paio di passaggi descritti di seguito per iniziare a utilizzare il plug-in. <\/p><ol><li><b>Utilizza il nostro editor gratuito e inizia a creare il tuo widget personalizzato. <\/b><br>Trova la forma desiderabile e i tratti funzionali dello strumento e applica le correzioni. <\/li><li><b>Ricevi il codice individuale rivelato nell&#8217;apposito modulo su Elfsight Apps. <\/b><br> Non appena la configurazione del tuo widget personale sar\u00e0 completata, copia il codice individuale nel popup emerso e salvalo per occasioni future. <\/li><li><b>Inizia a utilizzare il plug-in sulla home page di Blogger. <\/b><br>Incolla il codice che hai copiato in precedenza nella tua home page e salva le modifiche. <\/li><li><b>L&#8217;installazione \u00e8 completamente terminata. <\/b><br> Visita la tua pagina web per vedere in azione le prestazioni del widget. <\/li><\/ol><p>Se dovessi affrontare domande o affrontare eventuali complicazioni, non esitare a contattare il nostro personale di supporto. I nostri consulenti saranno entusiasti di aiutarti con tutte le difficolt\u00e0 che potresti incontrare con il plugin<\/p><\/div>\n","protected":false},"excerpt":{"rendered":"","protected":false},"author":9,"featured_media":0,"parent":2272,"menu_order":0,"comment_status":"closed","ping_status":"closed","template":"templates\/template-application-platform.php","meta":{"publish_to_discourse":"","publish_post_category":"","wpdc_auto_publish_overridden":"","wpdc_topic_tags":"","wpdc_pin_topic":"","wpdc_pin_until":"","discourse_post_id":"","discourse_permalink":"","wpdc_publishing_response":"","wpdc_publishing_error":"","footnotes":""},"class_list":["post-5442","page","type-page","status-publish","hentry"],"yoast_head":"<!-- This site is optimized with the Yoast SEO plugin v25.3.1 - https:\/\/yoast.com\/wordpress\/plugins\/seo\/ -->\n<title>Modello di portfolio per il sito web di Blogger (gratuito e veloce)<\/title>\n<meta name=\"description\" content=\"Ecco la possibilit\u00e0 di aggiungere un widget Portfolio personalizzato al sito web di Blogger in modo facile e veloce. Goditi il \u200b\u200bservizio clienti gratuito e altri bonus di Elfsight.\" \/>\n<meta name=\"robots\" content=\"index, follow, max-snippet:-1, max-image-preview:large, max-video-preview:-1\" \/>\n<link rel=\"canonical\" href=\"https:\/\/elfsight.com\/it\/portfolio-widget\/blogger\/\" \/>\n<meta property=\"og:locale\" content=\"it_IT\" \/>\n<meta property=\"og:type\" content=\"article\" \/>\n<meta property=\"og:title\" content=\"Modello di portfolio per il sito web di Blogger (gratuito e veloce)\" \/>\n<meta property=\"og:description\" content=\"Ecco la possibilit\u00e0 di aggiungere un widget Portfolio personalizzato al sito web di Blogger in modo facile e veloce. Goditi il \u200b\u200bservizio clienti gratuito e altri bonus di Elfsight.\" \/>\n<meta property=\"og:url\" content=\"https:\/\/elfsight.com\/it\/portfolio-widget\/blogger\/\" \/>\n<meta property=\"og:site_name\" content=\"Elfsight IT\" \/>\n<meta property=\"article:modified_time\" content=\"2025-03-23T19:39:35+00:00\" \/>\n<meta name=\"twitter:card\" content=\"summary_large_image\" \/>\n<meta name=\"twitter:label1\" content=\"Tempo di lettura stimato\" \/>\n\t<meta name=\"twitter:data1\" content=\"3 minuti\" \/>\n<!-- \/ Yoast SEO plugin. -->","yoast_head_json":{"title":"Modello di portfolio per il sito web di Blogger (gratuito e veloce)","description":"Ecco la possibilit\u00e0 di aggiungere un widget Portfolio personalizzato al sito web di Blogger in modo facile e veloce. Goditi il \u200b\u200bservizio clienti gratuito e altri bonus di Elfsight.","robots":{"index":"index","follow":"follow","max-snippet":"max-snippet:-1","max-image-preview":"max-image-preview:large","max-video-preview":"max-video-preview:-1"},"canonical":"https:\/\/elfsight.com\/it\/portfolio-widget\/blogger\/","og_locale":"it_IT","og_type":"article","og_title":"Modello di portfolio per il sito web di Blogger (gratuito e veloce)","og_description":"Ecco la possibilit\u00e0 di aggiungere un widget Portfolio personalizzato al sito web di Blogger in modo facile e veloce. Goditi il \u200b\u200bservizio clienti gratuito e altri bonus di Elfsight.","og_url":"https:\/\/elfsight.com\/it\/portfolio-widget\/blogger\/","og_site_name":"Elfsight IT","article_modified_time":"2025-03-23T19:39:35+00:00","twitter_card":"summary_large_image","twitter_misc":{"Tempo di lettura stimato":"3 minuti"},"schema":{"@context":"https:\/\/schema.org","@graph":[{"@type":"WebPage","@id":"https:\/\/elfsight.com\/it\/portfolio-widget\/blogger\/","url":"https:\/\/elfsight.com\/it\/portfolio-widget\/blogger\/","name":"Modello di portfolio per il sito web di Blogger (gratuito e veloce)","isPartOf":{"@id":"https:\/\/elfsight.com\/it\/#website"},"datePublished":"1970-01-01T00:00:00+00:00","dateModified":"2025-03-23T19:39:35+00:00","description":"Ecco la possibilit\u00e0 di aggiungere un widget Portfolio personalizzato al sito web di Blogger in modo facile e veloce. Goditi il \u200b\u200bservizio clienti gratuito e altri bonus di Elfsight.","breadcrumb":{"@id":"https:\/\/elfsight.com\/it\/portfolio-widget\/blogger\/#breadcrumb"},"inLanguage":"it-IT","potentialAction":[{"@type":"ReadAction","target":["https:\/\/elfsight.com\/it\/portfolio-widget\/blogger\/"]}]},{"@type":"BreadcrumbList","@id":"https:\/\/elfsight.com\/it\/portfolio-widget\/blogger\/#breadcrumb","itemListElement":[{"@type":"ListItem","position":1,"name":"Home","item":"https:\/\/elfsight.com\/it\/"},{"@type":"ListItem","position":2,"name":"Portfolio","item":"https:\/\/elfsight.com\/it\/portfolio-widget\/"},{"@type":"ListItem","position":3,"name":"Portfolio &#8211; Blogger"}]},{"@type":"WebSite","@id":"https:\/\/elfsight.com\/it\/#website","url":"https:\/\/elfsight.com\/it\/","name":"Elfsight IT","description":"Just another Elfsight Sites site","potentialAction":[{"@type":"SearchAction","target":{"@type":"EntryPoint","urlTemplate":"https:\/\/elfsight.com\/it\/?s={search_term_string}"},"query-input":{"@type":"PropertyValueSpecification","valueRequired":true,"valueName":"search_term_string"}}],"inLanguage":"it-IT"}]}},"meta_box":{"industry":"","seo_heading":"","heading":"","description":"","cta_heading":"","cta_description":"","application":"2271","h1":"Modello di portfolio per blogger","h1_caption":"Mostra il tuo lavoro in un portfolio personalizzabile, semplificando la presentazione dei tuoi progetti e risultati nel tuo sito web Blogger senza sforzo.","application_category":[],"applications_title":"","applications_request_title":"","applications_request_button_text":"","hero_text":"","hero_video":"","hero_video_schema_markup":"","selling_points_title":"","selling_points_caption":"","selling_points":[],"selling_points_cta_text":"","features_title":"","features":"","ed_cta_examples_text":"","ed_cta_examples_hidden":"","ed_cta_demo_text":"","ed_cta_demo_hidden":"","why_caption":"","why_editor_title":"","why_editor_text":"","why_team_title":"","why_team_text":"","why_service_title":"","why_service_text":"","template_catalog_visible":"0","template_catalog_title":"","template_catalog_text":"","template_catalog_categories_visible":"","demo_title":"Crea il tuo widget Portafoglio","demo_caption":"Configura il tuo portfolio e aggiungilo gratuitamente al tuo sito Blogger!","default_faq_hidden":"","app_template_category":[],"platform":"33","template_public_id":"","codecanyon_url":"","codecanyon_item_id":"","codecanyon_price":"","pricing_caption":"","pricing_elfsight_apps_hide_column":"","pricing_elfsight_apps_url":"","pricing_codecanyon_price_caption":"","integration_category":[],"integration_request_title":"","integration_request_cta":"","integration_platform":"","integrations":[],"platform_category":[],"video_schema_markup":"","price":"da $ 0 al mese","trial":"","benefits":[{"text":"Aiuto gratuito per l'installazione"},{"text":"Servizio clienti competente"},{"text":"Garanzia di rimborso di 14 giorni"},{"text":"Futuri aggiornamenti gratuiti"}],"button_url":"#demo","button_target_blank":"0","button_nofollow":"0","attributes":[{"name":"Installazioni"},{"name":"Reattivo","content":"S\u00cc"},{"name":"Browser compatibili","content":"IE11, Firefox, Safari, Opera, Chrome, Edge"}],"tags":[],"tags_disable_links":"0","hide_more_platforms":"0","video_object":"","demo_hide_cta":"0","demo_hide_cloud_options":"0","pricing_title":"","pricing":[{"pricing_icon":"platform","pricing_title":"Elfsight Apps","pricing_title_caption":"Soluzione digitale indipendente dalla piattaforma adatta a qualsiasi sito","pricing_price":"da $ 0 \/ mese","pricing_price_caption":"inizia con un piano gratuito","pricing_benefits":[{"text":"Domini illimitati"},{"text":"Supporto dedicato, puntuale e ben documentato"},{"text":"Assistenza gratuita per l'installazione"},{"text":"Completamente personalizzabile"}],"pricing_button_text":"Aggiungi al sito web","pricing_button_url":"#demo"}],"related_apps_title":"","related_apps_hidden":"0","author":"","image":[],"title":"","job":"","social_networks":[]},"_links":{"self":[{"href":"https:\/\/elfsight.com\/it\/wp-json\/wp\/v2\/pages\/5442","targetHints":{"allow":["GET"]}}],"collection":[{"href":"https:\/\/elfsight.com\/it\/wp-json\/wp\/v2\/pages"}],"about":[{"href":"https:\/\/elfsight.com\/it\/wp-json\/wp\/v2\/types\/page"}],"author":[{"embeddable":true,"href":"https:\/\/elfsight.com\/it\/wp-json\/wp\/v2\/users\/9"}],"replies":[{"embeddable":true,"href":"https:\/\/elfsight.com\/it\/wp-json\/wp\/v2\/comments?post=5442"}],"version-history":[{"count":3,"href":"https:\/\/elfsight.com\/it\/wp-json\/wp\/v2\/pages\/5442\/revisions"}],"predecessor-version":[{"id":9801,"href":"https:\/\/elfsight.com\/it\/wp-json\/wp\/v2\/pages\/5442\/revisions\/9801"}],"up":[{"embeddable":true,"href":"https:\/\/elfsight.com\/it\/wp-json\/wp\/v2\/pages\/2272"}],"wp:attachment":[{"href":"https:\/\/elfsight.com\/it\/wp-json\/wp\/v2\/media?parent=5442"}],"curies":[{"name":"wp","href":"https:\/\/api.w.org\/{rel}","templated":true}]}}