{"id":5437,"date":"1970-01-01T00:00:00","date_gmt":"1970-01-01T00:00:00","guid":{"rendered":"https:\/\/elfsight.com\/it\/?page_id=5437"},"modified":"2025-03-23T19:40:40","modified_gmt":"2025-03-23T19:40:40","slug":"drupal","status":"publish","type":"page","link":"https:\/\/elfsight.com\/it\/portfolio-widget\/drupal\/","title":{"rendered":"Portfolio &#8211; Drupal"},"content":{"rendered":"\n<div class=\"application-platform-content-item-description application-platform-content-item\" id=\"description\" data-nav-section=\"description\"><h2>Descrizione<\/h2><p>Il widget Elfsight Portfolio \u00e8 fatto per chiunque sia interessato a presentare i propri fantastici progetti sul sito web e acquisire clienti. Avendo questo strumento, potrai inviare nuovamente progetti con riprese, contenuti video, schizzi e altri contenuti del progetto. Ogni file di progetto pu\u00f2 avere un testo completo e una data. Hai la possibilit\u00e0 di collegare progetti ai loro siti Web e stabilire categorie di progetti. Il tuo pubblico vedr\u00e0 il tuo portfolio di progetti, aprir\u00e0 ogni progetto e ne studier\u00e0 il contenuto direttamente sulla home page. L&#8217;intestazione del widget mostrer\u00e0 il tuo nome, la tua immagine e le informazioni di contatto, il che facilita il processo di comunicazione con te. Il pulsante attivo condurr\u00e0 i visitatori alla pagina di effettuazione dell&#8217;ordine e ti aiuter\u00e0 ad aumentare il livello delle vendite. <\/p><div class=\"faq\" data-component=\"FAQ\"><div class=\"faq-item\">\r\n\t\t\t\t\t<div class=\"faq-item-question\">\r\n\t\t\t\t\t\t<h3 class=\"faq-item-question-text\">Dove posso installare il plugin?<\/h3>\r\n\r\n\t\t\t\t\t\t<div class=\"faq-item-question-icon\"><\/div>\r\n\t\t\t\t\t<\/div>\r\n\r\n\t\t\t\t\t<div class=\"faq-item-answer\">\r\n\t\t\t\t\t\t<div class=\"faq-item-answer-text\"><p>Il widget pu\u00f2 essere posizionato su qualunque pagina del sito o su tutte le pagine.<\/p><\/div>\r\n\t\t\t\t\t<\/div>\r\n\t\t\t\t<\/div><div class=\"faq-item\">\r\n\t\t\t\t\t<div class=\"faq-item-question\">\r\n\t\t\t\t\t\t<h3 class=\"faq-item-question-text\">Quali vantaggi mi dar\u00e0?<\/h3>\r\n\r\n\t\t\t\t\t\t<div class=\"faq-item-question-icon\"><\/div>\r\n\t\t\t\t\t<\/div>\r\n\r\n\t\t\t\t\t<div class=\"faq-item-answer\">\r\n\t\t\t\t\t\t<div class=\"faq-item-answer-text\"><p>Un&#8217;affascinante raccolta dei tuoi lavori dimostrer\u00e0 agli utenti tutte le tue grandi capacit\u00e0 e creativit\u00e0. Saranno ansiosi di conoscere la tua esperienza e avrai nuovi clienti. <\/p><\/div>\r\n\t\t\t\t\t<\/div>\r\n\t\t\t\t<\/div><div class=\"faq-item\">\r\n\t\t\t\t\t<div class=\"faq-item-question\">\r\n\t\t\t\t\t\t<h3 class=\"faq-item-question-text\">Come faccio a incorporare un portfolio nel mio sito Drupal?<\/h3>\r\n\r\n\t\t\t\t\t\t<div class=\"faq-item-question-icon\"><\/div>\r\n\t\t\t\t\t<\/div>\r\n\r\n\t\t\t\t\t<div class=\"faq-item-answer\">\r\n\t\t\t\t\t\t<div class=\"faq-item-answer-text\"><p>Il processo di integrazione \u00e8 estremamente rapido, gratuito e non include la codifica. C&#8217;\u00e8 l&#8217;opportunit\u00e0 di creare un portfolio sul tuo sito web tramite il nostro servizio. Per questo dovrai controllare le istruzioni riportate di seguito in questa pagina. <\/p><\/div>\r\n\t\t\t\t\t<\/div>\r\n\t\t\t\t<\/div><\/div> <\/div> <div class=\"application-platform-content-item-features application-platform-content-item\" id=\"features\" data-nav-section=\"features\"><h2>Caratteristiche<\/h2><p>Per avere una conoscenza pi\u00f9 chiara del widget, puoi consultare l&#8217;elenco delle caratteristiche essenziali. Rendono il nostro widget davvero efficace per te: <\/p><ul><li>Imposta pi\u00f9 progetti e aggiungi i loro titoli; <\/li><li>Crea categorie e dividi i progetti in esse<\/li><li>Decidi i tipi di dati da visualizzare nel popup e al passaggio del mouse; <\/li><li>L&#8217;opzione per scrivere testi e assegnare date ai materiali nel progetto<\/li><li>Il pulsante di invito all&#8217;azione nell&#8217;intestazione e nel popup reindirizza i clienti a qualsiasi sito web<\/li> <\/ul><p><a href=\"#demo\">Controlla un elenco completo delle funzionalit\u00e0 nella nostra demo<\/a><\/p><\/div> <div class=\"application-platform-content-item-installation application-platform-content-item\" id=\"installation\" data-nav-section=\"installation\"><h2>Come fare incorporo Portfolio sul mio sito Drupal? <\/h2><p>Segui semplicemente un paio di passaggi indicati di seguito per iniziare a lavorare con lo strumento su Drupal.<\/p> <ol><li><b>Gestisci il nostro configuratore gratuito e inizia a creare il tuo modulo personalizzato. <\/b><br> Trova la forma e gli aspetti preferiti del plugin e salva le modifiche. <\/li> <li><b>Acquisisci il codice individuale mostrato nel riquadro sulle App Elfsight. <\/b><br> Non appena la configurazione del tuo modulo \u00e8 terminata, copia il codice individuale nel popup visualizzato e salvalo per necessit\u00e0 successive. <\/li> <li><b>Inizia a utilizzare il modulo Portfolio sul tuo sito Drupal. <\/b><br> Inserisci il codice salvato di recente nel tuo sito e salva i miglioramenti. <\/li> <li><b>Il gioco \u00e8 fatto! L&#8217;incorporamento \u00e8 stato completato con successo. <\/b><br> Vai al tuo sito per verificare le prestazioni del plug-in. <\/li><\/ol><p>Supponendo che tu debba affrontare alcune difficolt\u00e0, non aver paura di rivolgerti al nostro team di supporto. I nostri specialisti saranno entusiasti di risolvere tutti i problemi che potresti riscontrare con il widget.<\/p><\/div>\n","protected":false},"excerpt":{"rendered":"","protected":false},"author":9,"featured_media":0,"parent":2272,"menu_order":0,"comment_status":"closed","ping_status":"closed","template":"templates\/template-application-platform.php","meta":{"publish_to_discourse":"","publish_post_category":"","wpdc_auto_publish_overridden":"","wpdc_topic_tags":"","wpdc_pin_topic":"","wpdc_pin_until":"","discourse_post_id":"","discourse_permalink":"","wpdc_publishing_response":"","wpdc_publishing_error":"","footnotes":""},"class_list":["post-5437","page","type-page","status-publish","hentry"],"yoast_head":"<!-- This site is optimized with the Yoast SEO plugin v25.3.1 - https:\/\/yoast.com\/wordpress\/plugins\/seo\/ -->\n<title>Portfolio Drupal: aggiungi il modulo Portfolio al sito Web Drupal [2025]<\/title>\n<meta name=\"description\" content=\"Crea e personalizza un modulo Portfolio e incorporalo nel tuo sito Drupal in modo facile e veloce. Ottieni assistenza clienti gratuita e altri bonus!\" \/>\n<meta name=\"robots\" content=\"index, follow, max-snippet:-1, max-image-preview:large, max-video-preview:-1\" \/>\n<link rel=\"canonical\" href=\"https:\/\/elfsight.com\/it\/portfolio-widget\/drupal\/\" \/>\n<meta property=\"og:locale\" content=\"it_IT\" \/>\n<meta property=\"og:type\" content=\"article\" \/>\n<meta property=\"og:title\" content=\"Portfolio Drupal: aggiungi il modulo Portfolio al sito Web Drupal [2025]\" \/>\n<meta property=\"og:description\" content=\"Crea e personalizza un modulo Portfolio e incorporalo nel tuo sito Drupal in modo facile e veloce. Ottieni assistenza clienti gratuita e altri bonus!\" \/>\n<meta property=\"og:url\" content=\"https:\/\/elfsight.com\/it\/portfolio-widget\/drupal\/\" \/>\n<meta property=\"og:site_name\" content=\"Elfsight IT\" \/>\n<meta property=\"article:modified_time\" content=\"2025-03-23T19:40:40+00:00\" \/>\n<meta name=\"twitter:card\" content=\"summary_large_image\" \/>\n<meta name=\"twitter:label1\" content=\"Tempo di lettura stimato\" \/>\n\t<meta name=\"twitter:data1\" content=\"3 minuti\" \/>\n<!-- \/ Yoast SEO plugin. -->","yoast_head_json":{"title":"Portfolio Drupal: aggiungi il modulo Portfolio al sito Web Drupal [2025]","description":"Crea e personalizza un modulo Portfolio e incorporalo nel tuo sito Drupal in modo facile e veloce. Ottieni assistenza clienti gratuita e altri bonus!","robots":{"index":"index","follow":"follow","max-snippet":"max-snippet:-1","max-image-preview":"max-image-preview:large","max-video-preview":"max-video-preview:-1"},"canonical":"https:\/\/elfsight.com\/it\/portfolio-widget\/drupal\/","og_locale":"it_IT","og_type":"article","og_title":"Portfolio Drupal: aggiungi il modulo Portfolio al sito Web Drupal [2025]","og_description":"Crea e personalizza un modulo Portfolio e incorporalo nel tuo sito Drupal in modo facile e veloce. Ottieni assistenza clienti gratuita e altri bonus!","og_url":"https:\/\/elfsight.com\/it\/portfolio-widget\/drupal\/","og_site_name":"Elfsight IT","article_modified_time":"2025-03-23T19:40:40+00:00","twitter_card":"summary_large_image","twitter_misc":{"Tempo di lettura stimato":"3 minuti"},"schema":{"@context":"https:\/\/schema.org","@graph":[{"@type":"WebPage","@id":"https:\/\/elfsight.com\/it\/portfolio-widget\/drupal\/","url":"https:\/\/elfsight.com\/it\/portfolio-widget\/drupal\/","name":"Portfolio Drupal: aggiungi il modulo Portfolio al sito Web Drupal [2025]","isPartOf":{"@id":"https:\/\/elfsight.com\/it\/#website"},"datePublished":"1970-01-01T00:00:00+00:00","dateModified":"2025-03-23T19:40:40+00:00","description":"Crea e personalizza un modulo Portfolio e incorporalo nel tuo sito Drupal in modo facile e veloce. Ottieni assistenza clienti gratuita e altri bonus!","breadcrumb":{"@id":"https:\/\/elfsight.com\/it\/portfolio-widget\/drupal\/#breadcrumb"},"inLanguage":"it-IT","potentialAction":[{"@type":"ReadAction","target":["https:\/\/elfsight.com\/it\/portfolio-widget\/drupal\/"]}]},{"@type":"BreadcrumbList","@id":"https:\/\/elfsight.com\/it\/portfolio-widget\/drupal\/#breadcrumb","itemListElement":[{"@type":"ListItem","position":1,"name":"Home","item":"https:\/\/elfsight.com\/it\/"},{"@type":"ListItem","position":2,"name":"Portfolio","item":"https:\/\/elfsight.com\/it\/portfolio-widget\/"},{"@type":"ListItem","position":3,"name":"Portfolio &#8211; Drupal"}]},{"@type":"WebSite","@id":"https:\/\/elfsight.com\/it\/#website","url":"https:\/\/elfsight.com\/it\/","name":"Elfsight IT","description":"Just another Elfsight Sites site","potentialAction":[{"@type":"SearchAction","target":{"@type":"EntryPoint","urlTemplate":"https:\/\/elfsight.com\/it\/?s={search_term_string}"},"query-input":{"@type":"PropertyValueSpecification","valueRequired":true,"valueName":"search_term_string"}}],"inLanguage":"it-IT"}]}},"meta_box":{"industry":"","seo_heading":"","heading":"","description":"","cta_heading":"","cta_description":"","application":"2271","h1":"Modulo Portfolio Drupal","h1_caption":"Mostra il tuo lavoro in un portfolio personalizzabile, semplificando la presentazione dei tuoi progetti e risultati nel tuo sito Web Drupal senza sforzo.","application_category":[],"applications_title":"","applications_request_title":"","applications_request_button_text":"","hero_text":"","hero_video":"","hero_video_schema_markup":"","selling_points_title":"","selling_points_caption":"","selling_points":[],"selling_points_cta_text":"","features_title":"","features":"","ed_cta_examples_text":"","ed_cta_examples_hidden":"","ed_cta_demo_text":"","ed_cta_demo_hidden":"","why_caption":"","why_editor_title":"","why_editor_text":"","why_team_title":"","why_team_text":"","why_service_title":"","why_service_text":"","template_catalog_visible":"0","template_catalog_title":"","template_catalog_text":"","template_catalog_categories_visible":"","demo_title":"Crea il tuo modulo Portfolio","demo_caption":"Configura il tuo portfolio e aggiungilo gratuitamente al tuo sito Drupal!","default_faq_hidden":"","app_template_category":[],"platform":"34","template_public_id":"","codecanyon_url":"","codecanyon_item_id":"","codecanyon_price":"","pricing_caption":"","pricing_elfsight_apps_hide_column":"","pricing_elfsight_apps_url":"","pricing_codecanyon_price_caption":"","integration_category":[],"integration_request_title":"","integration_request_cta":"","integration_platform":"","integrations":[],"platform_category":[],"video_schema_markup":"","price":"da $ 0 al mese","trial":"","benefits":[{"text":"Servizio di installazione gratuito"},{"text":"Supporto eccezionale"},{"text":"Garanzia di rimborso di 14 giorni"},{"text":"Sviluppo continuo"}],"button_url":"#demo","button_target_blank":"0","button_nofollow":"0","attributes":[{"name":"Installazioni"},{"name":"Reattivo","content":"S\u00cc"},{"name":"Browser compatibili","content":"Firefox, Safari, Opera, Chrome, Edge"}],"tags":[],"tags_disable_links":"0","hide_more_platforms":"0","video_object":"","demo_hide_cta":"0","demo_hide_cloud_options":"0","pricing_title":"","pricing":[{"pricing_icon":"platform","pricing_title":"Elfsight Apps","pricing_title_caption":"Software multipiattaforma","pricing_price":"da $ 0 \/ mese","pricing_price_caption":"inizia con il piano gratuito","pricing_benefits":[{"text":"Domini illimitati"},{"text":"Supporto 24 ore su 24, 7 giorni su 7"},{"text":"Assistenza gratuita per l'installazione"},{"text":"Offerta a tempo limitato per pi\u00f9 app"}],"pricing_button_text":"Aggiungi al sito web","pricing_button_url":"#demo"}],"related_apps_title":"","related_apps_hidden":"0","author":"","image":[],"title":"","job":"","social_networks":[]},"_links":{"self":[{"href":"https:\/\/elfsight.com\/it\/wp-json\/wp\/v2\/pages\/5437","targetHints":{"allow":["GET"]}}],"collection":[{"href":"https:\/\/elfsight.com\/it\/wp-json\/wp\/v2\/pages"}],"about":[{"href":"https:\/\/elfsight.com\/it\/wp-json\/wp\/v2\/types\/page"}],"author":[{"embeddable":true,"href":"https:\/\/elfsight.com\/it\/wp-json\/wp\/v2\/users\/9"}],"replies":[{"embeddable":true,"href":"https:\/\/elfsight.com\/it\/wp-json\/wp\/v2\/comments?post=5437"}],"version-history":[{"count":2,"href":"https:\/\/elfsight.com\/it\/wp-json\/wp\/v2\/pages\/5437\/revisions"}],"predecessor-version":[{"id":9802,"href":"https:\/\/elfsight.com\/it\/wp-json\/wp\/v2\/pages\/5437\/revisions\/9802"}],"up":[{"embeddable":true,"href":"https:\/\/elfsight.com\/it\/wp-json\/wp\/v2\/pages\/2272"}],"wp:attachment":[{"href":"https:\/\/elfsight.com\/it\/wp-json\/wp\/v2\/media?parent=5437"}],"curies":[{"name":"wp","href":"https:\/\/api.w.org\/{rel}","templated":true}]}}