{"id":5436,"date":"1970-01-01T00:00:00","date_gmt":"1970-01-01T00:00:00","guid":{"rendered":"https:\/\/elfsight.com\/it\/?page_id=5436"},"modified":"2025-03-23T19:43:33","modified_gmt":"2025-03-23T19:43:33","slug":"elementor","status":"publish","type":"page","link":"https:\/\/elfsight.com\/it\/portfolio-widget\/elementor\/","title":{"rendered":"Portfolio &#8211; Elementor"},"content":{"rendered":"\n<div class=\"application-platform-content-item-description application-platform-content-item\" id=\"description\" data-nav-section=\"description\"><h2>Incorpora portfolio su Elementor con il widget Elfsight<\/h2><p>Il widget Portfolio Elfsight aiuter\u00e0 tutti coloro che desiderano incorporare la propria raccolta di lavoro su il sito e attirare nuove vendite. Con il nostro strumento puoi mostrare raccolte di immagini, video, disegni e altri materiali. Ogni contenuto pu\u00f2 avere una descrizione dettagliata e una data. Hai l&#8217;opportunit\u00e0 di collegare progetti ai loro siti Web e dividere i progetti in categorie. Gli utenti visualizzeranno il tuo portfolio di progetti, faranno clic su un progetto e ne visualizzeranno il contenuto direttamente sul tuo sito. L&#8217;intestazione del widget mostra il tuo nome completo, la tua foto e i dettagli di contatto, che consentono di comunicare con te. Il pulsante di invito all&#8217;azione porter\u00e0 gli utenti alla pagina di effettuazione dell&#8217;ordine e ti aiuter\u00e0 ad aumentare l&#8217;importo delle vendite.<\/p><div class=\"faq\" data-component=\"FAQ\"> <div class=\"faq-item\">\r\n\t\t\t\t\t<div class=\"faq-item-question\">\r\n\t\t\t\t\t\t<h3 class=\"faq-item-question-text\">Dove posso incorporare il widget sul mio sito web<\/h3>\r\n\r\n\t\t\t\t\t\t<div class=\"faq-item-question-icon\"><\/div>\r\n\t\t\t\t\t<\/div>\r\n\r\n\t\t\t\t\t<div class=\"faq-item-answer\">\r\n\t\t\t\t\t\t<div class=\"faq-item-answer-text\"><p>Tu puoi integrarlo in qualsiasi pagina del tuo sito cos\u00ec come su tutte le pagine web. Il tuo affascinante modello di portfolio avr\u00e0 tutta l&#8217;attenzione pubblicata sulla pagina principale del sito Web e potr\u00e0 visualizzare i tuoi servizi sulle pagine di Portfolio.<\/p><\/div>\r\n\t\t\t\t\t<\/div>\r\n\t\t\t\t<\/div><div class=\"faq-item\">\r\n\t\t\t\t\t<div class=\"faq-item-question\">\r\n\t\t\t\t\t\t<h3 class=\"faq-item-question-text\">Quali sono i vantaggi dell'incorporamento di Portfolio per me?<\/h3>\r\n\r\n\t\t\t\t\t\t<div class=\"faq-item-question-icon\"><\/div>\r\n\t\t\t\t\t<\/div>\r\n\r\n\t\t\t\t\t<div class=\"faq-item-answer\">\r\n\t\t\t\t\t\t<div class=\"faq-item-answer-text\"><p>Una bellissima collezione delle tue opere riveler\u00e0 tutte le tue elevate capacit\u00e0 e talenti ai tuoi visitatori. Li render\u00e0 ansiosi di ordinare anche i tuoi servizi e otterrai nuovi acquisti. Inoltre, grazie ai pratici modi per metterti in contatto con te, aumenterai il numero di lead.<\/p><\/div>\r\n\t\t\t\t\t<\/div>\r\n\t\t\t\t<\/div><div class=\"faq-item\">\r\n\t\t\t\t\t<div class=\"faq-item-question\">\r\n\t\t\t\t\t\t<h3 class=\"faq-item-question-text\">Di cosa ho bisogno per aggiungere Portfolio Gallery al mio sito web Elementor?<\/h3>\r\n\r\n\t\t\t\t\t\t<div class=\"faq-item-question-icon\"><\/div>\r\n\t\t\t\t\t<\/div>\r\n\r\n\t\t\t\t\t<div class=\"faq-item-answer\">\r\n\t\t\t\t\t\t<div class=\"faq-item-answer-text\"><p>Ci vuole solo un minuto del tuo tempo per configurarlo. L&#8217;installazione \u00e8 molto rapida, gratuita e non richiede codifica.<\/p><p>Puoi inserire il modello di portfolio nel sito Web tramite il nostro servizio. A tale scopo, utilizza una breve descrizione in basso in questa pagina.<\/p><\/div>\r\n\t\t\t\t\t<\/div>\r\n\t\t\t\t<\/div><\/div><\/div><div class=\"application-platform-content-item-features application-platform-content-item\" id=\"features\" data-nav-section=\"features\"><h2>Caratteristiche principali del widget Portfolio<\/h2><p>Per dare forma a una percezione completa di Elementor Photo &amp; Portfolio video, esamina l&#8217;elenco delle sue caratteristiche essenziali. Rendono il widget estremamente vantaggioso per la tua attivit\u00e0:<\/p><ul><li>Visualizza pi\u00f9 progetti e aggiungi titoli di progetto;<\/li><li>Imposta categorie e unisci progetti al loro interno;<\/li><li> Scegli i tipi di dati da visualizzare nel popup e al passaggio del mouse;<\/li><li>L&#8217;opzione per aggiungere descrizioni e assegnare date ai file nel progetto;<\/li><li>Pulsante di invito all&#8217;azione sul widget e nel popup reindirizza i client a qualsiasi pagina.<\/li><\/ul><p><a href=\"#demo\">La demo live ti mostrer\u00e0 tutte le funzionalit\u00e0<\/a><\/p><\/div><div class=\"application-platform-content-item-installation application-platform-content-item\" id=\"installation\" data-nav-section=\"installation\"><h2>Come creare il widget Portfolio sul tuo sito Elementor<\/h2><div class=\"video-container\"><iframe width=\"560\" height=\"315\" src=\"https:\/\/www.youtube.com\/embed\/H_3LicRtHrY?si=r-51C_nTU9iNW-m2\" frameborder=\"0\" allow=\"accelerometer; autoplay; clipboard-write; encrypted-media; gyroscope; picture-in-picture; web-share\" allowfullscreen><\/iframe><\/div><p>Queste diverse azioni sono l&#8217;unica cosa di cui hai bisogno per configurare il plugin sul tuo sito web. Richieder\u00e0 un paio di minuti del tuo tempo e non richiede codifica.<\/p><ol><li><b>Crea il tuo plug-in Elementor Portfolio personalizzato<\/b><br> Nel nostro configuratore gratuito, imposta crea un widget con un modello personalizzato e caratteristiche funzionali.<\/li><li><b>Ottieni il codice personale per integrare il plugin<\/b><br> Dopo aver creato il tuo widget, acquisirai il codice univoco da la finestra che appare su Elfsight Apps. Copia questo codice per un uso successivo.<\/li> <li><b>Integra il plugin sul tuo sito web Elementor<\/b><br> Vai all&#8217;area in cui desideri aggiungere il widget e incolla l\u00ec il codice copiato. Pubblica i risultati.<\/li> <li><b>Installazione completata<\/b><br> Visita il sito, per dare un&#8217;occhiata al tuo Portfolio.<\/li> <\/ol><p>Ancora dubiti di qualcosa? O ti sei imbattuto in qualcosa? Basta una singola richiesta al nostro reparto di assistenza clienti per risolvere qualsiasi problema.<\/p><\/div>\n","protected":false},"excerpt":{"rendered":"","protected":false},"author":9,"featured_media":0,"parent":2272,"menu_order":0,"comment_status":"closed","ping_status":"closed","template":"templates\/template-application-platform.php","meta":{"publish_to_discourse":"","publish_post_category":"","wpdc_auto_publish_overridden":"","wpdc_topic_tags":"","wpdc_pin_topic":"","wpdc_pin_until":"","discourse_post_id":"","discourse_permalink":"","wpdc_publishing_response":"","wpdc_publishing_error":"","footnotes":""},"class_list":["post-5436","page","type-page","status-publish","hentry"],"yoast_head":"<!-- This site is optimized with the Yoast SEO plugin v25.3.1 - https:\/\/yoast.com\/wordpress\/plugins\/seo\/ -->\n<title>Il miglior widget Portfolio per il sito Web Elementor (gratuito e veloce)<\/title>\n<meta name=\"description\" content=\"\u00c8 semplicissimo creare il modello widget del tuo portfolio e aggiungerlo al tuo sito Web Elementor. Il servizio clienti Elfsight \u00e8 gratuito e veloce.\" \/>\n<meta name=\"robots\" content=\"index, follow, max-snippet:-1, max-image-preview:large, max-video-preview:-1\" \/>\n<link rel=\"canonical\" href=\"https:\/\/elfsight.com\/it\/portfolio-widget\/elementor\/\" \/>\n<meta property=\"og:locale\" content=\"it_IT\" \/>\n<meta property=\"og:type\" content=\"article\" \/>\n<meta property=\"og:title\" content=\"Il miglior widget Portfolio per il sito Web Elementor (gratuito e veloce)\" \/>\n<meta property=\"og:description\" content=\"\u00c8 semplicissimo creare il modello widget del tuo portfolio e aggiungerlo al tuo sito Web Elementor. Il servizio clienti Elfsight \u00e8 gratuito e veloce.\" \/>\n<meta property=\"og:url\" content=\"https:\/\/elfsight.com\/it\/portfolio-widget\/elementor\/\" \/>\n<meta property=\"og:site_name\" content=\"Elfsight IT\" \/>\n<meta property=\"article:modified_time\" content=\"2025-03-23T19:43:33+00:00\" \/>\n<meta name=\"twitter:card\" content=\"summary_large_image\" \/>\n<meta name=\"twitter:label1\" content=\"Tempo di lettura stimato\" \/>\n\t<meta name=\"twitter:data1\" content=\"3 minuti\" \/>\n<!-- \/ Yoast SEO plugin. -->","yoast_head_json":{"title":"Il miglior widget Portfolio per il sito Web Elementor (gratuito e veloce)","description":"\u00c8 semplicissimo creare il modello widget del tuo portfolio e aggiungerlo al tuo sito Web Elementor. Il servizio clienti Elfsight \u00e8 gratuito e veloce.","robots":{"index":"index","follow":"follow","max-snippet":"max-snippet:-1","max-image-preview":"max-image-preview:large","max-video-preview":"max-video-preview:-1"},"canonical":"https:\/\/elfsight.com\/it\/portfolio-widget\/elementor\/","og_locale":"it_IT","og_type":"article","og_title":"Il miglior widget Portfolio per il sito Web Elementor (gratuito e veloce)","og_description":"\u00c8 semplicissimo creare il modello widget del tuo portfolio e aggiungerlo al tuo sito Web Elementor. Il servizio clienti Elfsight \u00e8 gratuito e veloce.","og_url":"https:\/\/elfsight.com\/it\/portfolio-widget\/elementor\/","og_site_name":"Elfsight IT","article_modified_time":"2025-03-23T19:43:33+00:00","twitter_card":"summary_large_image","twitter_misc":{"Tempo di lettura stimato":"3 minuti"},"schema":{"@context":"https:\/\/schema.org","@graph":[{"@type":"WebPage","@id":"https:\/\/elfsight.com\/it\/portfolio-widget\/elementor\/","url":"https:\/\/elfsight.com\/it\/portfolio-widget\/elementor\/","name":"Il miglior widget Portfolio per il sito Web Elementor (gratuito e veloce)","isPartOf":{"@id":"https:\/\/elfsight.com\/it\/#website"},"datePublished":"1970-01-01T00:00:00+00:00","dateModified":"2025-03-23T19:43:33+00:00","description":"\u00c8 semplicissimo creare il modello widget del tuo portfolio e aggiungerlo al tuo sito Web Elementor. Il servizio clienti Elfsight \u00e8 gratuito e veloce.","breadcrumb":{"@id":"https:\/\/elfsight.com\/it\/portfolio-widget\/elementor\/#breadcrumb"},"inLanguage":"it-IT","potentialAction":[{"@type":"ReadAction","target":["https:\/\/elfsight.com\/it\/portfolio-widget\/elementor\/"]}]},{"@type":"BreadcrumbList","@id":"https:\/\/elfsight.com\/it\/portfolio-widget\/elementor\/#breadcrumb","itemListElement":[{"@type":"ListItem","position":1,"name":"Home","item":"https:\/\/elfsight.com\/it\/"},{"@type":"ListItem","position":2,"name":"Portfolio","item":"https:\/\/elfsight.com\/it\/portfolio-widget\/"},{"@type":"ListItem","position":3,"name":"Portfolio &#8211; Elementor"}]},{"@type":"WebSite","@id":"https:\/\/elfsight.com\/it\/#website","url":"https:\/\/elfsight.com\/it\/","name":"Elfsight IT","description":"Just another Elfsight Sites site","potentialAction":[{"@type":"SearchAction","target":{"@type":"EntryPoint","urlTemplate":"https:\/\/elfsight.com\/it\/?s={search_term_string}"},"query-input":{"@type":"PropertyValueSpecification","valueRequired":true,"valueName":"search_term_string"}}],"inLanguage":"it-IT"}]}},"meta_box":{"industry":"","seo_heading":"","heading":"","description":"","cta_heading":"","cta_description":"","application":"2271","h1":"Il miglior widget del portfolio Elementor","h1_caption":"Mostra il tuo lavoro in un portfolio personalizzabile, semplificando la presentazione dei tuoi progetti e risultati nel tuo sito Web Elementor senza sforzo.","application_category":[],"applications_title":"","applications_request_title":"","applications_request_button_text":"","hero_text":"","hero_video":"","hero_video_schema_markup":"","selling_points_title":"","selling_points_caption":"","selling_points":[],"selling_points_cta_text":"","features_title":"","features":"","ed_cta_examples_text":"","ed_cta_examples_hidden":"","ed_cta_demo_text":"","ed_cta_demo_hidden":"","why_caption":"","why_editor_title":"","why_editor_text":"","why_team_title":"","why_team_text":"","why_service_title":"","why_service_text":"","template_catalog_visible":"0","template_catalog_title":"","template_catalog_text":"","template_catalog_categories_visible":"","demo_title":"Crea il tuo widget Portafoglio","demo_caption":"Configura il tuo portfolio e aggiungilo gratuitamente al tuo sito Web Elementor!","default_faq_hidden":"","app_template_category":[],"platform":"68","template_public_id":"","codecanyon_url":"","codecanyon_item_id":"","codecanyon_price":"","pricing_caption":"","pricing_elfsight_apps_hide_column":"","pricing_elfsight_apps_url":"","pricing_codecanyon_price_caption":"","integration_category":[],"integration_request_title":"","integration_request_cta":"","integration_platform":"","integrations":[],"platform_category":[],"video_schema_markup":"","price":"da $ 0 al mese","trial":"","benefits":[{"text":"Aiuto per l'installazione gratuito"},{"text":"Supporto premium"},{"text":"Garanzia di rimborso di 14 giorni"},{"text":"Aggiornamenti gratuiti regolari"}],"button_url":"#demo","button_target_blank":"0","button_nofollow":"0","attributes":[{"name":"Installazioni"},{"name":"Reattivo","content":"S\u00cc"},{"name":"Browser compatibili","content":"Firefox, Safari, Opera, Chrome, Edge"}],"tags":[],"tags_disable_links":"0","hide_more_platforms":"0","video_object":"","demo_hide_cta":"0","demo_hide_cloud_options":"0","pricing_title":"","pricing":[{"pricing_icon":"platform","pricing_title":"Elfsight Apps","pricing_title_caption":"Software multipiattaforma adatto a qualsiasi sito web","pricing_price":"da $ 0 \/ mese","pricing_price_caption":"inizia con il piano gratuito","pricing_benefits":[{"text":"Siti web illimitati"},{"text":"Supporto aziendale dedicato e ben documentato"},{"text":"Servizio di installazione gratuito"},{"text":"Prezzo da prendere per pi\u00f9 app"}],"pricing_button_text":"Aggiungi al sito web","pricing_button_url":"#demo"}],"related_apps_title":"","related_apps_hidden":"0","author":"","image":[],"title":"","job":"","social_networks":[]},"_links":{"self":[{"href":"https:\/\/elfsight.com\/it\/wp-json\/wp\/v2\/pages\/5436","targetHints":{"allow":["GET"]}}],"collection":[{"href":"https:\/\/elfsight.com\/it\/wp-json\/wp\/v2\/pages"}],"about":[{"href":"https:\/\/elfsight.com\/it\/wp-json\/wp\/v2\/types\/page"}],"author":[{"embeddable":true,"href":"https:\/\/elfsight.com\/it\/wp-json\/wp\/v2\/users\/9"}],"replies":[{"embeddable":true,"href":"https:\/\/elfsight.com\/it\/wp-json\/wp\/v2\/comments?post=5436"}],"version-history":[{"count":4,"href":"https:\/\/elfsight.com\/it\/wp-json\/wp\/v2\/pages\/5436\/revisions"}],"predecessor-version":[{"id":9805,"href":"https:\/\/elfsight.com\/it\/wp-json\/wp\/v2\/pages\/5436\/revisions\/9805"}],"up":[{"embeddable":true,"href":"https:\/\/elfsight.com\/it\/wp-json\/wp\/v2\/pages\/2272"}],"wp:attachment":[{"href":"https:\/\/elfsight.com\/it\/wp-json\/wp\/v2\/media?parent=5436"}],"curies":[{"name":"wp","href":"https:\/\/api.w.org\/{rel}","templated":true}]}}