{"id":5434,"date":"2024-05-03T06:44:30","date_gmt":"2024-05-03T06:44:30","guid":{"rendered":"https:\/\/elfsight.com\/it\/?page_id=5434"},"modified":"2024-11-12T08:39:33","modified_gmt":"2024-11-12T08:39:33","slug":"jquery","status":"publish","type":"page","link":"https:\/\/elfsight.com\/it\/portfolio-widget\/jquery\/","title":{"rendered":"Portfolio &#8211; jQuery"},"content":{"rendered":"<div class=\"application-platform-content-item-description application-platform-content-item\" id=\"description\" data-nav-section=\"description\"><h2>Descrizione<\/h2><p>La galleria Elfsight Portfolio \u00e8 progettata per ogni persona che ha il compito di mostrare la propria libreria di progetti sul sito web e aumentare il numero di ordini. Utilizzando la nostra galleria di portfolio reattiva con jquery, puoi rivelare selezioni di immagini, video, modelli e altri contenuti. Ogni file di progetto pu\u00f2 avere un testo e una data. Hai l&#8217;opportunit\u00e0 di associare progetti a siti Web e diffonderli in gruppi. Il tuo pubblico vedr\u00e0 il tuo portfolio, inserir\u00e0 ogni progetto e guarder\u00e0 tutti i lavori direttamente sul tuo sito. L&#8217;intestazione mostrer\u00e0 il tuo nome completo, foto e dati di contatto, che ti aiuteranno a comunicare con te. Il pulsante di invito all&#8217;azione condurr\u00e0 le persone alla pagina dell&#8217;ordine e ti aiuter\u00e0 ad aumentare il livello delle vendite.<\/p><div class=\"faq\" data-component=\"FAQ\"> <div class=\"faq-item\">\r\n\t\t\t\t\t<div class=\"faq-item-question\">\r\n\t\t\t\t\t\t<h3 class=\"faq-item-question-text\">Dove posso pubblicare questo plugin<\/h3>\r\n\r\n\t\t\t\t\t\t<div class=\"faq-item-question-icon\"><\/div>\r\n\t\t\t\t\t<\/div>\r\n\r\n\t\t\t\t\t<div class=\"faq-item-answer\">\r\n\t\t\t\t\t\t<div class=\"faq-item-answer-text\"><p>Pu\u00f2 fare il suo lavoro su qualunque pagina del sito cos\u00ec come su tutte le pagine. I tuoi materiali accattivanti attireranno l&#8217;attenzione dei visitatori pubblicati sulla pagina principale del sito e potranno illustrare le tue offerte sulle pagine del portfolio.<\/p><\/div>\r\n\t\t\t\t\t<\/div>\r\n\t\t\t\t<\/div><div class=\"faq-item\">\r\n\t\t\t\t\t<div class=\"faq-item-question\">\r\n\t\t\t\t\t\t<h3 class=\"faq-item-question-text\">Quali sono i vantaggi dell'utilizzo per me?<\/h3>\r\n\r\n\t\t\t\t\t\t<div class=\"faq-item-question-icon\"><\/div>\r\n\t\t\t\t\t<\/div>\r\n\r\n\t\t\t\t\t<div class=\"faq-item-answer\">\r\n\t\t\t\t\t\t<div class=\"faq-item-answer-text\"><p>Un&#8217;affascinante collezione delle tue opere dimostrer\u00e0 ai visitatori tutte le tue elevate capacit\u00e0 e creativit\u00e0. Render\u00e0 gli utenti desiderosi di vivere la stessa esperienza e vedrai nuovi ordini. Inoltre, utilizzando i metodi rapidi per contattarti, puoi aumentare il numero di lead.<\/p><\/div>\r\n\t\t\t\t\t<\/div>\r\n\t\t\t\t<\/div><div class=\"faq-item\">\r\n\t\t\t\t\t<div class=\"faq-item-question\">\r\n\t\t\t\t\t\t<h3 class=\"faq-item-question-text\">Di cosa ho bisogno per aggiungere Portfolio Grid sul mio sito jQuery?<\/h3>\r\n\r\n\t\t\t\t\t\t<div class=\"faq-item-question-icon\"><\/div>\r\n\t\t\t\t\t<\/div>\r\n\r\n\t\t\t\t\t<div class=\"faq-item-answer\">\r\n\t\t\t\t\t\t<div class=\"faq-item-answer-text\"><p>Ci vorranno solo due minuti del tuo tempo per iniziare a utilizzare il widget. Il processo \u00e8 estremamente rapido, gratuito e senza codifica.<\/p><p>Puoi incollare il codice Portfolio sul sito web direttamente tramite il nostro servizio. Per farlo \u00e8 necessario seguire la guida di seguito in questa pagina.<\/p><\/div>\r\n\t\t\t\t\t<\/div>\r\n\t\t\t\t<\/div><\/div><\/div><div class=\"application-platform-content-item-features application-platform-content-item\" id=\"features\" data-nav-section=\"features\"><h2>Funzionalit\u00e0<\/h2><p>Per ottenere una migliore comprensione di jQuery Portfolio Gallery, controlla l&#8217;elenco delle sue caratteristiche pi\u00f9 preziose. Rendono il nostro plugin davvero efficiente per la tua promozione:<\/p><ul><li>Dimostra un numero qualsiasi di progetti e aggiungi titoli;<\/li><li>Stabilisci gruppi e dividi progetti al loro interno;<\/li><li>Seleziona i tipi di dati da mostrare nel popup e al passaggio del mouse;<\/li><li>Aggiungi descrizioni e date ai materiali nel progetto;<\/li><li>Design completamente responsivo;<\/li><li>Chiama Il pulsante all&#8217;azione nell&#8217;intestazione del widget e nel popup reindirizza gli utenti a qualsiasi sito o pagina.<\/li><\/ul><p><a href=\"#demo\">Per esplorare tutte le funzionalit\u00e0, guarda la nostra demo live <\/a><\/p><\/div><div class=\"application-platform-content-item-installation application-platform-content-item\" id=\"installation\" data-nav-section=\"installation\"><h2>Come aggiungere il plugin Portfolio al tuo sito web jQuery<\/h2><p>Le seguenti azioni sono l&#8217;unica cosa di cui hai bisogno fare per avere il widget attivo e funzionante.<\/p><ol><li><b>Costruisci la tua griglia di portfolio<\/b><br> Tramite la nostra demo gratuita, genera un plugin con un layout personalizzato e funzionalit\u00e0 tratti. <\/li><li><b>Ricevi il codice personale per configurare il plugin<\/b><br> Dopo aver creato il tuo widget, acquisirai il tuo codice personale dalla finestra popup su Elfsight Apps. Copia questo codice per un utilizzo futuro. <\/li> <li><b>Pubblica il plugin sul tuo sito web jQuery<\/b><br> Vai nel punto in cui desideri visualizzare il widget e inserisci l\u00ec il codice salvato. Salva i risultati. <\/li> <li><b>Fatto!<\/b><br> Vai alla pagina web per controllare il plug-in Portfolio. <\/li> <\/ol><p>Hai ancora qualcosa che ti rende insicuro? O hai domande? \u00c8 sufficiente indirizzare una richiesta al nostro team di supporto per risolvere qualsiasi tipo di problema.<\/p><\/div>","protected":false},"excerpt":{"rendered":"","protected":false},"author":9,"featured_media":0,"parent":2272,"menu_order":0,"comment_status":"closed","ping_status":"closed","template":"templates\/template-application-platform.php","meta":{"publish_to_discourse":"","publish_post_category":"","wpdc_auto_publish_overridden":"","wpdc_topic_tags":"","wpdc_pin_topic":"","wpdc_pin_until":"","discourse_post_id":"","discourse_permalink":"","wpdc_publishing_response":"","wpdc_publishing_error":"","footnotes":""},"class_list":["post-5434","page","type-page","status-publish","hentry"],"yoast_head":"<!-- This site is optimized with the Yoast SEO plugin v25.3.1 - https:\/\/yoast.com\/wordpress\/plugins\/seo\/ -->\n<title>Plug-in Portfolio Gallery per il sito Web jQuery (gratuito e veloce)<\/title>\n<meta name=\"description\" content=\"Non \u00e8 un problema creare il tuo plug-in reattivo Portfolio Gallery e aggiungerlo al tuo sito Web jQuery. Il servizio clienti Elfsight \u00e8 gratuito e veloce.\" \/>\n<meta name=\"robots\" content=\"index, follow, max-snippet:-1, max-image-preview:large, max-video-preview:-1\" \/>\n<link rel=\"canonical\" href=\"https:\/\/elfsight.com\/it\/portfolio-widget\/jquery\/\" \/>\n<meta property=\"og:locale\" content=\"it_IT\" \/>\n<meta property=\"og:type\" content=\"article\" \/>\n<meta property=\"og:title\" content=\"Plug-in Portfolio Gallery per il sito Web jQuery (gratuito e veloce)\" \/>\n<meta property=\"og:description\" content=\"Non \u00e8 un problema creare il tuo plug-in reattivo Portfolio Gallery e aggiungerlo al tuo sito Web jQuery. Il servizio clienti Elfsight \u00e8 gratuito e veloce.\" \/>\n<meta property=\"og:url\" content=\"https:\/\/elfsight.com\/it\/portfolio-widget\/jquery\/\" \/>\n<meta property=\"og:site_name\" content=\"Elfsight IT\" \/>\n<meta property=\"article:modified_time\" content=\"2024-11-12T08:39:33+00:00\" \/>\n<meta name=\"twitter:card\" content=\"summary_large_image\" \/>\n<meta name=\"twitter:label1\" content=\"Tempo di lettura stimato\" \/>\n\t<meta name=\"twitter:data1\" content=\"3 minuti\" \/>\n<!-- \/ Yoast SEO plugin. -->","yoast_head_json":{"title":"Plug-in Portfolio Gallery per il sito Web jQuery (gratuito e veloce)","description":"Non \u00e8 un problema creare il tuo plug-in reattivo Portfolio Gallery e aggiungerlo al tuo sito Web jQuery. Il servizio clienti Elfsight \u00e8 gratuito e veloce.","robots":{"index":"index","follow":"follow","max-snippet":"max-snippet:-1","max-image-preview":"max-image-preview:large","max-video-preview":"max-video-preview:-1"},"canonical":"https:\/\/elfsight.com\/it\/portfolio-widget\/jquery\/","og_locale":"it_IT","og_type":"article","og_title":"Plug-in Portfolio Gallery per il sito Web jQuery (gratuito e veloce)","og_description":"Non \u00e8 un problema creare il tuo plug-in reattivo Portfolio Gallery e aggiungerlo al tuo sito Web jQuery. Il servizio clienti Elfsight \u00e8 gratuito e veloce.","og_url":"https:\/\/elfsight.com\/it\/portfolio-widget\/jquery\/","og_site_name":"Elfsight IT","article_modified_time":"2024-11-12T08:39:33+00:00","twitter_card":"summary_large_image","twitter_misc":{"Tempo di lettura stimato":"3 minuti"},"schema":{"@context":"https:\/\/schema.org","@graph":[{"@type":"WebPage","@id":"https:\/\/elfsight.com\/it\/portfolio-widget\/jquery\/","url":"https:\/\/elfsight.com\/it\/portfolio-widget\/jquery\/","name":"Plug-in Portfolio Gallery per il sito Web jQuery (gratuito e veloce)","isPartOf":{"@id":"https:\/\/elfsight.com\/it\/#website"},"datePublished":"2024-05-03T06:44:30+00:00","dateModified":"2024-11-12T08:39:33+00:00","description":"Non \u00e8 un problema creare il tuo plug-in reattivo Portfolio Gallery e aggiungerlo al tuo sito Web jQuery. Il servizio clienti Elfsight \u00e8 gratuito e veloce.","breadcrumb":{"@id":"https:\/\/elfsight.com\/it\/portfolio-widget\/jquery\/#breadcrumb"},"inLanguage":"it-IT","potentialAction":[{"@type":"ReadAction","target":["https:\/\/elfsight.com\/it\/portfolio-widget\/jquery\/"]}]},{"@type":"BreadcrumbList","@id":"https:\/\/elfsight.com\/it\/portfolio-widget\/jquery\/#breadcrumb","itemListElement":[{"@type":"ListItem","position":1,"name":"Home","item":"https:\/\/elfsight.com\/it\/"},{"@type":"ListItem","position":2,"name":"Portfolio","item":"https:\/\/elfsight.com\/it\/portfolio-widget\/"},{"@type":"ListItem","position":3,"name":"Portfolio &#8211; jQuery"}]},{"@type":"WebSite","@id":"https:\/\/elfsight.com\/it\/#website","url":"https:\/\/elfsight.com\/it\/","name":"Elfsight IT","description":"Just another Elfsight Sites site","potentialAction":[{"@type":"SearchAction","target":{"@type":"EntryPoint","urlTemplate":"https:\/\/elfsight.com\/it\/?s={search_term_string}"},"query-input":{"@type":"PropertyValueSpecification","valueRequired":true,"valueName":"search_term_string"}}],"inLanguage":"it-IT"}]}},"meta_box":{"industry":"","seo_heading":"","heading":"","description":"","cta_heading":"","cta_description":"","application":"2271","h1":"Plug-in jQuery Portfolio Gallery","h1_caption":"Mostra il tuo lavoro in un portfolio personalizzabile, semplificando la presentazione dei tuoi progetti e risultati nel tuo sito Web jQuery senza sforzo.","application_category":[],"applications_title":"","applications_request_title":"","applications_request_button_text":"","hero_text":"","hero_video":"","hero_video_schema_markup":"","selling_points_title":"","selling_points_caption":"","selling_points":[],"selling_points_cta_text":"","features_title":"","features":"","ed_cta_examples_text":"","ed_cta_examples_hidden":"","ed_cta_demo_text":"","ed_cta_demo_hidden":"","why_caption":"","why_editor_title":"","why_editor_text":"","why_team_title":"","why_team_text":"","why_service_title":"","why_service_text":"","template_catalog_visible":"","template_catalog_title":"","template_catalog_text":"","template_catalog_categories_visible":"","demo_title":"Crea il tuo plug-in Portfolio","demo_caption":"Configura il tuo portfolio e aggiungilo gratuitamente al tuo sito jQuery!","default_faq_hidden":"","app_template_category":[],"platform":"37","template_public_id":"","codecanyon_url":"","codecanyon_item_id":"","codecanyon_price":"","pricing_caption":"","pricing_elfsight_apps_hide_column":"","pricing_elfsight_apps_url":"","pricing_codecanyon_price_caption":"","integration_category":[],"integration_request_title":"","integration_request_cta":"","integration_platform":"","integrations":[],"platform_category":[],"video_schema_markup":"","price":"da $ 0 al mese","trial":"","benefits":[{"text":"Aiuto per l'installazione gratuito"},{"text":"Servizio clienti efficace"},{"text":"Garanzia di rimborso di 14 giorni"},{"text":"Miglioramenti a vita"}],"button_url":"#demo","button_target_blank":"","button_nofollow":"","attributes":[{"name":"Installazioni"},{"name":"Reattivo","content":"S\u00cc"},{"name":"Browser compatibili","content":"Firefox, Edge, Safari, Opera, Chrome"}],"tags":[],"tags_disable_links":"","hide_more_platforms":"","video_object":"","demo_hide_cta":"","demo_hide_cloud_options":"","pricing_title":"","pricing":[{"pricing_icon":"platform","pricing_title":"Elfsight Apps","pricing_title_caption":"Versione multipiattaforma adatta a qualsiasi sito","pricing_price":"da $ 0 \/ mese","pricing_price_caption":"inizia con un piano gratuito","pricing_benefits":[{"text":"Domini illimitati"},{"text":"Supporto rapido e puntuale"},{"text":"Supporto gratuito per l'installazione"},{"text":"100% personalizzabile"}],"pricing_button_text":"Aggiungi al sito web","pricing_button_url":"#demo"}],"related_apps_title":"","related_apps_hidden":"","author":"","image":[],"title":"","job":"","social_networks":[]},"_links":{"self":[{"href":"https:\/\/elfsight.com\/it\/wp-json\/wp\/v2\/pages\/5434","targetHints":{"allow":["GET"]}}],"collection":[{"href":"https:\/\/elfsight.com\/it\/wp-json\/wp\/v2\/pages"}],"about":[{"href":"https:\/\/elfsight.com\/it\/wp-json\/wp\/v2\/types\/page"}],"author":[{"embeddable":true,"href":"https:\/\/elfsight.com\/it\/wp-json\/wp\/v2\/users\/9"}],"replies":[{"embeddable":true,"href":"https:\/\/elfsight.com\/it\/wp-json\/wp\/v2\/comments?post=5434"}],"version-history":[{"count":1,"href":"https:\/\/elfsight.com\/it\/wp-json\/wp\/v2\/pages\/5434\/revisions"}],"predecessor-version":[{"id":5438,"href":"https:\/\/elfsight.com\/it\/wp-json\/wp\/v2\/pages\/5434\/revisions\/5438"}],"up":[{"embeddable":true,"href":"https:\/\/elfsight.com\/it\/wp-json\/wp\/v2\/pages\/2272"}],"wp:attachment":[{"href":"https:\/\/elfsight.com\/it\/wp-json\/wp\/v2\/media?parent=5434"}],"curies":[{"name":"wp","href":"https:\/\/api.w.org\/{rel}","templated":true}]}}