{"id":5429,"date":"1970-01-01T00:00:00","date_gmt":"1970-01-01T00:00:00","guid":{"rendered":"https:\/\/elfsight.com\/it\/?page_id=5429"},"modified":"2024-11-12T08:39:25","modified_gmt":"2024-11-12T08:39:25","slug":"magento","status":"publish","type":"page","link":"https:\/\/elfsight.com\/it\/portfolio-widget\/magento\/","title":{"rendered":"Portfolio &#8211; Magento"},"content":{"rendered":"<div class=\"application-platform-content-item-description application-platform-content-item\" id=\"description\" data-nav-section=\"description\"><h2>Descrizione<\/h2><p>L&#8217;estensione Elfsight Portfolio serve ad aiutare ogni utente che intende dimostrare il proprio portfolio di progetti sul sito e ottenere nuovi clienti. Con questo strumento avrai l&#8217;opportunit\u00e0 di esporre immagini, contenuti video, schemi e altri materiali. Ogni file pu\u00f2 essere accompagnato da una descrizione esaustiva e dalla data. \u00c8 possibile collegare i progetti ai relativi siti e stabilire le categorie di progetto. Gli utenti del sito web controlleranno il tuo portfolio, apriranno ogni progetto e ne visualizzeranno il contenuto direttamente sul sito web. L&#8217;intestazione dell&#8217;estensione introduce il tuo nome, la tua immagine e i dettagli di contatto, che consentono di metterti in contatto con te. Il pulsante attivo porter\u00e0 gli utenti alla pagina di acquisto e ti aiuter\u00e0 ad aumentare l&#8217;importo delle vendite.<\/p><div class=\"faq\" data-component=\"FAQ\"> <div class=\"faq-item\">\r\n\t\t\t\t\t<div class=\"faq-item-question\">\r\n\t\t\t\t\t\t<h3 class=\"faq-item-question-text\">Dove posso aggiungerlo sul mio sito<\/h3>\r\n\r\n\t\t\t\t\t\t<div class=\"faq-item-question-icon\"><\/div>\r\n\t\t\t\t\t<\/div>\r\n\r\n\t\t\t\t\t<div class=\"faq-item-answer\">\r\n\t\t\t\t\t\t<div class=\"faq-item-answer-text\"><p> L&#8217;estensione pu\u00f2 apparire su qualsiasi pagina del tuo sito web o su tutte le pagine web. I tuoi lavori accattivanti magnetizzeranno la massima attenzione, se inseriti nella pagina principale del sito web e potranno fornire supporto visivo dei tuoi servizi sulle pagine del portfolio.<\/p><\/div>\r\n\t\t\t\t\t<\/div>\r\n\t\t\t\t<\/div><div class=\"faq-item\">\r\n\t\t\t\t\t<div class=\"faq-item-question\">\r\n\t\t\t\t\t\t<h3 class=\"faq-item-question-text\">Come trarr\u00f2 vantaggio dall'estensione? <\/h3>\r\n\r\n\t\t\t\t\t\t<div class=\"faq-item-question-icon\"><\/div>\r\n\t\t\t\t\t<\/div>\r\n\r\n\t\t\t\t\t<div class=\"faq-item-answer\">\r\n\t\t\t\t\t\t<div class=\"faq-item-answer-text\"><p>Un portfolio impressionante con i tuoi progetti dimostrer\u00e0 al tuo pubblico tutte le tue grandi capacit\u00e0 e talenti. Saranno ansiosi di avere lo stesso e riceverai nuovi clienti. Inoltre, avendo a disposizione metodi rapidi per metterti in contatto con te, avrai pi\u00f9 contatti.<\/p><\/div>\r\n\t\t\t\t\t<\/div>\r\n\t\t\t\t<\/div><div class=\"faq-item\">\r\n\t\t\t\t\t<div class=\"faq-item-question\">\r\n\t\t\t\t\t\t<h3 class=\"faq-item-question-text\">Come aggiungo Portfolio al mio sito web Magento?<\/h3>\r\n\r\n\t\t\t\t\t\t<div class=\"faq-item-question-icon\"><\/div>\r\n\t\t\t\t\t<\/div>\r\n\r\n\t\t\t\t\t<div class=\"faq-item-answer\">\r\n\t\t\t\t\t\t<div class=\"faq-item-answer-text\"><p>Lo farai ti serve solo un minuto di tempo per incorporare l&#8217;estensione sul tuo sito. \u00c8 davvero veloce, gratuito e privo di codifica.<\/p><p>C&#8217;\u00e8 un&#8217;opzione per integrare il widget con il tuo sito nel nostro servizio. Basta vedere le istruzioni di seguito in questa pagina.<\/p><\/div>\r\n\t\t\t\t\t<\/div>\r\n\t\t\t\t<\/div><\/div><\/div><div class=\"application-platform-content-item-features application-platform-content-item\" id=\"features\" data-nav-section=\"features\"><h2>Caratteristiche<\/h2><p>Per modellare un quadro pi\u00f9 chiaro conoscenza del Portfolio Magento, visualizza l&#8217;elenco delle funzioni essenziali. Rendono l&#8217;estensione estremamente vantaggiosa per te:<\/p><ul><li>Aggiungi pi\u00f9 progetti con titoli di progetto;<\/li><li>Imposta categorie e dividi progetti in essi;<\/li><li>Imposta cosa informazioni da visualizzare in popup e al passaggio del mouse;<\/li><li>L&#8217;opzione per scrivere testi e assegnare date a tutti i file nel progetto;<\/li><li>Il pulsante attivo sull&#8217;intestazione e in popup porta i clienti a qualsiasi sito web.<\/li><\/ul><p><a href=\"#demo\">Scopri altre funzionalit\u00e0 nella nostra demo live<\/a><\/p><\/div><div class=\"application-platform-content-item-installation application-platform-content-item\" id=\"installation\" data-nav-section=\"installation\"><\/div><h2>Come incorporare l&#8217;estensione Portfolio nella tua pagina Magento<\/h2><p>Basta eseguire diversi passaggi presentati di seguito per aggiungere l&#8217;estensione su Magento.<\/p> <ol><li><b>Apri la nostra pagina gratuita demo e inizia a creare il tuo widget personalizzato. <\/b><br> Determina l&#8217;aspetto e le caratteristiche desiderabili del widget e salva le modifiche. <\/li> <li><b>Acquisisci il codice univoco che appare nella finestra sulle App Elfsight. <\/b><br> Una volta terminata la personalizzazione della tua estensione Portfolio, copia il codice personale nella finestra emersa e salvalo per un ulteriore utilizzo. <\/li> <li><b>Accedi utilizzando l&#8217;estensione sulla tua home page di Magento. <\/b><br> Inserisci il codice salvato in precedenza nel tuo sito web e salva le correzioni. <\/li> <li><b>Il gioco \u00e8 fatto! L&#8217;integrazione \u00e8 terminata con successo. <\/b><br> Vai al tuo sito web per osservare le prestazioni dello strumento. <\/li><\/ol><p>Ancora indeciso? Oppure hai problemi? Basta una singola richiesta al nostro supporto clienti per risolvere ogni problema.<\/p>","protected":false},"excerpt":{"rendered":"Come incorporare l&#8217;estensione Portfolio nella tua pagina MagentoBasta eseguire diversi passaggi presentati di seguito per aggiungere l&#8217;estensione su Magento. Apri la nostra pagina gratuita demo e inizia a creare il tuo widget personalizzato. Determina l&#8217;aspetto e le caratteristiche desiderabili del widget e salva le modifiche. Acquisisci il codice univoco che&#8230;","protected":false},"author":9,"featured_media":0,"parent":2272,"menu_order":0,"comment_status":"closed","ping_status":"closed","template":"templates\/template-application-platform.php","meta":{"publish_to_discourse":"","publish_post_category":"","wpdc_auto_publish_overridden":"","wpdc_topic_tags":"","wpdc_pin_topic":"","wpdc_pin_until":"","discourse_post_id":"","discourse_permalink":"","wpdc_publishing_response":"","wpdc_publishing_error":"","footnotes":""},"class_list":["post-5429","page","type-page","status-publish","hentry"],"yoast_head":"<!-- This site is optimized with the Yoast SEO plugin v25.3.1 - https:\/\/yoast.com\/wordpress\/plugins\/seo\/ -->\n<title>Portafoglio Magento | Aggiungi l&#039;estensione Portfolio Gallery per il sito web Magento<\/title>\n<meta name=\"description\" content=\"Con Elfsight, produci la tua estensione Portfolio e aggiungila al tuo sito Magento in pochissimo tempo. Offriamo supporto clienti gratuito e altri bonus.\" \/>\n<meta name=\"robots\" content=\"index, follow, max-snippet:-1, max-image-preview:large, max-video-preview:-1\" \/>\n<link rel=\"canonical\" href=\"https:\/\/elfsight.com\/it\/portfolio-widget\/magento\/\" \/>\n<meta property=\"og:locale\" content=\"it_IT\" \/>\n<meta property=\"og:type\" content=\"article\" \/>\n<meta property=\"og:title\" content=\"Portafoglio Magento | Aggiungi l&#039;estensione Portfolio Gallery per il sito web Magento\" \/>\n<meta property=\"og:description\" content=\"Con Elfsight, produci la tua estensione Portfolio e aggiungila al tuo sito Magento in pochissimo tempo. Offriamo supporto clienti gratuito e altri bonus.\" \/>\n<meta property=\"og:url\" content=\"https:\/\/elfsight.com\/it\/portfolio-widget\/magento\/\" \/>\n<meta property=\"og:site_name\" content=\"Elfsight IT\" \/>\n<meta property=\"article:modified_time\" content=\"2024-11-12T08:39:25+00:00\" \/>\n<meta name=\"twitter:card\" content=\"summary_large_image\" \/>\n<meta name=\"twitter:label1\" content=\"Tempo di lettura stimato\" \/>\n\t<meta name=\"twitter:data1\" content=\"3 minuti\" \/>\n<!-- \/ Yoast SEO plugin. -->","yoast_head_json":{"title":"Portafoglio Magento | Aggiungi l'estensione Portfolio Gallery per il sito web Magento","description":"Con Elfsight, produci la tua estensione Portfolio e aggiungila al tuo sito Magento in pochissimo tempo. Offriamo supporto clienti gratuito e altri bonus.","robots":{"index":"index","follow":"follow","max-snippet":"max-snippet:-1","max-image-preview":"max-image-preview:large","max-video-preview":"max-video-preview:-1"},"canonical":"https:\/\/elfsight.com\/it\/portfolio-widget\/magento\/","og_locale":"it_IT","og_type":"article","og_title":"Portafoglio Magento | Aggiungi l'estensione Portfolio Gallery per il sito web Magento","og_description":"Con Elfsight, produci la tua estensione Portfolio e aggiungila al tuo sito Magento in pochissimo tempo. Offriamo supporto clienti gratuito e altri bonus.","og_url":"https:\/\/elfsight.com\/it\/portfolio-widget\/magento\/","og_site_name":"Elfsight IT","article_modified_time":"2024-11-12T08:39:25+00:00","twitter_card":"summary_large_image","twitter_misc":{"Tempo di lettura stimato":"3 minuti"},"schema":{"@context":"https:\/\/schema.org","@graph":[{"@type":"WebPage","@id":"https:\/\/elfsight.com\/it\/portfolio-widget\/magento\/","url":"https:\/\/elfsight.com\/it\/portfolio-widget\/magento\/","name":"Portafoglio Magento | Aggiungi l'estensione Portfolio Gallery per il sito web Magento","isPartOf":{"@id":"https:\/\/elfsight.com\/it\/#website"},"datePublished":"1970-01-01T00:00:00+00:00","dateModified":"2024-11-12T08:39:25+00:00","description":"Con Elfsight, produci la tua estensione Portfolio e aggiungila al tuo sito Magento in pochissimo tempo. Offriamo supporto clienti gratuito e altri bonus.","breadcrumb":{"@id":"https:\/\/elfsight.com\/it\/portfolio-widget\/magento\/#breadcrumb"},"inLanguage":"it-IT","potentialAction":[{"@type":"ReadAction","target":["https:\/\/elfsight.com\/it\/portfolio-widget\/magento\/"]}]},{"@type":"BreadcrumbList","@id":"https:\/\/elfsight.com\/it\/portfolio-widget\/magento\/#breadcrumb","itemListElement":[{"@type":"ListItem","position":1,"name":"Home","item":"https:\/\/elfsight.com\/it\/"},{"@type":"ListItem","position":2,"name":"Portfolio","item":"https:\/\/elfsight.com\/it\/portfolio-widget\/"},{"@type":"ListItem","position":3,"name":"Portfolio &#8211; Magento"}]},{"@type":"WebSite","@id":"https:\/\/elfsight.com\/it\/#website","url":"https:\/\/elfsight.com\/it\/","name":"Elfsight IT","description":"Just another Elfsight Sites site","potentialAction":[{"@type":"SearchAction","target":{"@type":"EntryPoint","urlTemplate":"https:\/\/elfsight.com\/it\/?s={search_term_string}"},"query-input":{"@type":"PropertyValueSpecification","valueRequired":true,"valueName":"search_term_string"}}],"inLanguage":"it-IT"}]}},"meta_box":{"industry":"","seo_heading":"","heading":"","description":"","cta_heading":"","cta_description":"","application":"2271","h1":"Estensione del portafoglio Magento","h1_caption":"Mostra il tuo lavoro in un portfolio personalizzabile, semplificando la presentazione dei tuoi progetti e risultati nel tuo sito web Magento senza sforzo.","application_category":[],"applications_title":"","applications_request_title":"","applications_request_button_text":"","hero_text":"","hero_video":"","hero_video_schema_markup":"","selling_points_title":"","selling_points_caption":"","selling_points":[],"selling_points_cta_text":"","features_title":"","features":"","ed_cta_examples_text":"","ed_cta_examples_hidden":"","ed_cta_demo_text":"","ed_cta_demo_hidden":"","why_caption":"","why_editor_title":"","why_editor_text":"","why_team_title":"","why_team_text":"","why_service_title":"","why_service_text":"","template_catalog_visible":"","template_catalog_title":"","template_catalog_text":"","template_catalog_categories_visible":"","demo_title":"Crea la tua estensione di portfolio","demo_caption":"Configura il tuo portfolio e aggiungilo gratuitamente al tuo sito Magento!","default_faq_hidden":"","app_template_category":[],"platform":"39","template_public_id":"","codecanyon_url":"","codecanyon_item_id":"","codecanyon_price":"","pricing_caption":"","pricing_elfsight_apps_hide_column":"","pricing_elfsight_apps_url":"","pricing_codecanyon_price_caption":"","integration_category":[],"integration_request_title":"","integration_request_cta":"","integration_platform":"","integrations":[],"platform_category":[],"video_schema_markup":"","price":"da $ 0 al mese","trial":"","benefits":[{"text":"Servizio di installazione gratuito"},{"text":"Servizio clienti competente"},{"text":"Garanzia di rimborso di 14 giorni"},{"text":"Aggiornamento costante"}],"button_url":"#demo","button_target_blank":"","button_nofollow":"","attributes":[{"name":"Installazioni"},{"name":"Reattivo","content":"Progettazione adattiva"},{"name":"Browser compatibili","content":"Opera, Edge, Safari, Chrome, Firefox"}],"tags":[],"tags_disable_links":"","hide_more_platforms":"","video_object":"","demo_hide_cta":"","demo_hide_cloud_options":"","pricing_title":"","pricing":[{"pricing_icon":"platform","pricing_title":"Elfsight Apps","pricing_title_caption":"Soluzione indipendente dalla piattaforma che funziona su qualsiasi sito web","pricing_price":"da $ 0 \/ mese","pricing_price_caption":"inizia con un piano gratuito","pricing_benefits":[{"text":"Domini illimitati"},{"text":"Supporto aziendale professionale e ben documentato"},{"text":"Aiuto per l'installazione gratuito"},{"text":"Completamente personalizzabile"}],"pricing_button_text":"Aggiungi al sito web","pricing_button_url":"#demo"}],"related_apps_title":"","related_apps_hidden":"","author":"","image":[],"title":"","job":"","social_networks":[]},"_links":{"self":[{"href":"https:\/\/elfsight.com\/it\/wp-json\/wp\/v2\/pages\/5429","targetHints":{"allow":["GET"]}}],"collection":[{"href":"https:\/\/elfsight.com\/it\/wp-json\/wp\/v2\/pages"}],"about":[{"href":"https:\/\/elfsight.com\/it\/wp-json\/wp\/v2\/types\/page"}],"author":[{"embeddable":true,"href":"https:\/\/elfsight.com\/it\/wp-json\/wp\/v2\/users\/9"}],"replies":[{"embeddable":true,"href":"https:\/\/elfsight.com\/it\/wp-json\/wp\/v2\/comments?post=5429"}],"version-history":[{"count":1,"href":"https:\/\/elfsight.com\/it\/wp-json\/wp\/v2\/pages\/5429\/revisions"}],"predecessor-version":[{"id":5433,"href":"https:\/\/elfsight.com\/it\/wp-json\/wp\/v2\/pages\/5429\/revisions\/5433"}],"up":[{"embeddable":true,"href":"https:\/\/elfsight.com\/it\/wp-json\/wp\/v2\/pages\/2272"}],"wp:attachment":[{"href":"https:\/\/elfsight.com\/it\/wp-json\/wp\/v2\/media?parent=5429"}],"curies":[{"name":"wp","href":"https:\/\/api.w.org\/{rel}","templated":true}]}}