{"id":5428,"date":"1970-01-01T00:00:00","date_gmt":"1970-01-01T00:00:00","guid":{"rendered":"https:\/\/elfsight.com\/it\/?page_id=5428"},"modified":"2025-03-23T19:47:38","modified_gmt":"2025-03-23T19:47:38","slug":"html","status":"publish","type":"page","link":"https:\/\/elfsight.com\/it\/portfolio-widget\/html\/","title":{"rendered":"Portfolio &#8211; HTML"},"content":{"rendered":"\n<div class=\"application-platform-content-item-description application-platform-content-item\" id=\"description\" data-nav-section=\"description\"><h2>Descrizione<\/h2><p>Il widget Elfsight serve ad aiutare ogni persona che ha il compito di pubblicare il proprio portfolio attivo sul sito e attirare nuovi clienti. Avendo questo strumento, potrai esporre progetti con foto, contenuti video, mockup e altri materiali. Ogni contenuto pu\u00f2 essere accompagnato da una descrizione dettagliata e da una data. Puoi collegare progetti ai loro siti Web e creare categorie di progetti. Il tuo pubblico visualizzer\u00e0 il tuo portfolio di progetti, far\u00e0 clic su ogni progetto e visualizzer\u00e0 tutti i lavori direttamente sul sito. L&#8217;intestazione mostrer\u00e0 il tuo nome completo, foto e dati di contatto, che ti renderanno facile raggiungerti. Il pulsante di invito all&#8217;azione porter\u00e0 i visitatori alla pagina di acquisto e ti aiuter\u00e0 ad aumentare il numero di vendite.<\/p><div class=\"faq\" data-component=\"FAQ\"> <div class=\"faq-item\">\r\n\t\t\t\t\t<div class=\"faq-item-question\">\r\n\t\t\t\t\t\t<h3 class=\"faq-item-question-text\">Dove posso visualizzarlo<\/h3>\r\n\r\n\t\t\t\t\t\t<div class=\"faq-item-question-icon\"><\/div>\r\n\t\t\t\t\t<\/div>\r\n\r\n\t\t\t\t\t<div class=\"faq-item-answer\">\r\n\t\t\t\t\t\t<div class=\"faq-item-answer-text\"><p> Il widget pu\u00f2 fare il suo lavoro su qualunque pagina del tuo sito e su tutte le pagine. La tua meravigliosa e semplice Galleria di portfolio attirer\u00e0 l&#8217;attenzione dei visitatori sulla pagina principale del sito web e potr\u00e0 fornire supporto visivo dei tuoi servizi sulle pagine del portfolio.<\/p><\/div>\r\n\t\t\t\t\t<\/div>\r\n\t\t\t\t<\/div><div class=\"faq-item\">\r\n\t\t\t\t\t<div class=\"faq-item-question\">\r\n\t\t\t\t\t\t<h3 class=\"faq-item-question-text\">Quali vantaggi pu\u00f2 darmi?<\/h3>\r\n\r\n\t\t\t\t\t\t<div class=\"faq-item-question-icon\"><\/div>\r\n\t\t\t\t\t<\/div>\r\n\r\n\t\t\t\t\t<div class=\"faq-item-answer\">\r\n\t\t\t\t\t\t<div class=\"faq-item-answer-text\"> <p>Un&#8217;impressionante raccolta dei tuoi lavori dimostrer\u00e0 agli utenti tutte le tue elevate capacit\u00e0 e talenti. Render\u00e0 gli utenti desiderosi di ordinare lo stesso e avrai nuovi clienti. Inoltre, avendo a disposizione un modo semplice per contattarti, avrai pi\u00f9 contatti.<\/p><\/div>\r\n\t\t\t\t\t<\/div>\r\n\t\t\t\t<\/div><div class=\"faq-item\">\r\n\t\t\t\t\t<div class=\"faq-item-question\">\r\n\t\t\t\t\t\t<h3 class=\"faq-item-question-text\">Come posso incorporare il modello di portfolio nel codice del mio sito web HTML?<\/h3>\r\n\r\n\t\t\t\t\t\t<div class=\"faq-item-question-icon\"><\/div>\r\n\t\t\t\t\t<\/div>\r\n\r\n\t\t\t\t\t<div class=\"faq-item-answer\">\r\n\t\t\t\t\t\t<div class=\"faq-item-answer-text\"><p>Hai solo bisogno un paio di minuti di tempo per farlo. L&#8217;aggiunta \u00e8 molto veloce, gratuita e senza codifica.<\/p><p>C&#8217;\u00e8 un&#8217;opzione per inserire il widget nel sito web direttamente tramite il nostro servizio. Per questo segui la guida qui sotto in questa pagina.<\/p><\/div>\r\n\t\t\t\t\t<\/div>\r\n\t\t\t\t<\/div><\/div><\/div><div class=\"application-platform-content-item-features application-platform-content-item\" id=\"features\" data-nav-section=\"features\"><h2>Caratteristiche<\/h2><p>Per dare forma ad una conoscenza completa di HTML Portfolio, ecco l&#8217;elenco delle principali funzionalit\u00e0. Rendono il nostro widget estremamente efficiente per il tuo sito web:<\/p><ul><li>Mostra pi\u00f9 progetti con titoli di progetto;<\/li><li>Imposta gruppi e dividi progetti in essi;<\/li><li>Imposta quali informazioni mostrare in popup e al passaggio del mouse;<\/li><li>Aggiungi testi e assegna date ai lavori nel progetto;<\/li><li>Design completamente responsive;<\/li><li>Call-to -Il pulsante di azione sull&#8217;intestazione del widget e nel popup porta i clienti a qualsiasi pagina.<\/li><\/ul><p><a href=\"#demo\">La demo dal vivo ti riveler\u00e0 un elenco completo di funzionalit\u00e0<\/a><\/p><\/div><div class=\"application-platform-content-item-installation application-platform-content-item\" id=\"installation\" data-nav-section=\"installation\"><h2>Come aggiungere il modello Portfolio Gallery al sito Web HTML<\/h2><div class=\"video-container\"><iframe width=\"560\" height=\"315\" src=\"https:\/\/www.youtube.com\/embed\/7D7yK7aPl3Q?si=B9CKvcA5Imzj12qH\" frameborder=\"0\" allow=\"accelerometer; autoplay; clipboard-write; encrypted-media; gyroscope; picture-in-picture; web-share\" allowfullscreen><\/iframe><\/div><p>Un paio di semplici azioni sono l&#8217;unica cosa che devi fare.<\/p><ol><li><b>Crea il tuo modello di portfolio reattivo personale<\/b><br> Nella nostra demo gratuita, crea un widget con il layout e la funzionalit\u00e0 che preferisci.<\/li><li><b>Ottieni il codice personale per visualizzare il widget<\/b><br> Dopo aver creato il tuo plugin, acquisirai il codice univoco dalla finestra che appare su Elfsight Apps. Copia il codice.<\/li> <li><b>Pubblica il widget sul tuo sito web HTML<\/b><br> Scegli l&#8217;area in cui desideri aggiungere il plugin e aggiungi l\u00ec il codice del portfolio copiato. Pubblica i risultati.<\/li> <li><b>Hai finito!<\/b><br> Visita il sito, per visualizzare il tuo widget.<\/li> <\/ol><p>Hai ancora qualche dubbio? O avere problemi? Basta una singola richiesta al nostro team di assistenza clienti per risolvere ogni problema.<\/p><\/div>\n","protected":false},"excerpt":{"rendered":"","protected":false},"author":9,"featured_media":0,"parent":2272,"menu_order":0,"comment_status":"closed","ping_status":"closed","template":"templates\/template-application-platform.php","meta":{"publish_to_discourse":"","publish_post_category":"","wpdc_auto_publish_overridden":"","wpdc_topic_tags":"","wpdc_pin_topic":"","wpdc_pin_until":"","discourse_post_id":"","discourse_permalink":"","wpdc_publishing_response":"","wpdc_publishing_error":"","footnotes":""},"class_list":["post-5428","page","type-page","status-publish","hentry"],"yoast_head":"<!-- This site is optimized with the Yoast SEO plugin v25.3.1 - https:\/\/yoast.com\/wordpress\/plugins\/seo\/ -->\n<title>Portfolio HTML: aggiungi la Galleria portfolio al tuo sito Web HTML [2026]<\/title>\n<meta name=\"description\" content=\"Crea un semplice modello di Galleria portfolio e aggiungilo al tuo sito Web HTML. Potrai usufruire del servizio clienti gratuito e di altri bonus.\" \/>\n<meta name=\"robots\" content=\"index, follow, max-snippet:-1, max-image-preview:large, max-video-preview:-1\" \/>\n<link rel=\"canonical\" href=\"https:\/\/elfsight.com\/it\/portfolio-widget\/html\/\" \/>\n<meta property=\"og:locale\" content=\"it_IT\" \/>\n<meta property=\"og:type\" content=\"article\" \/>\n<meta property=\"og:title\" content=\"Portfolio HTML: aggiungi la Galleria portfolio al tuo sito Web HTML [2026]\" \/>\n<meta property=\"og:description\" content=\"Crea un semplice modello di Galleria portfolio e aggiungilo al tuo sito Web HTML. Potrai usufruire del servizio clienti gratuito e di altri bonus.\" \/>\n<meta property=\"og:url\" content=\"https:\/\/elfsight.com\/it\/portfolio-widget\/html\/\" \/>\n<meta property=\"og:site_name\" content=\"Elfsight IT\" \/>\n<meta property=\"article:modified_time\" content=\"2025-03-23T19:47:38+00:00\" \/>\n<meta name=\"twitter:card\" content=\"summary_large_image\" \/>\n<meta name=\"twitter:label1\" content=\"Tempo di lettura stimato\" \/>\n\t<meta name=\"twitter:data1\" content=\"3 minuti\" \/>\n<!-- \/ Yoast SEO plugin. -->","yoast_head_json":{"title":"Portfolio HTML: aggiungi la Galleria portfolio al tuo sito Web HTML [2026]","description":"Crea un semplice modello di Galleria portfolio e aggiungilo al tuo sito Web HTML. Potrai usufruire del servizio clienti gratuito e di altri bonus.","robots":{"index":"index","follow":"follow","max-snippet":"max-snippet:-1","max-image-preview":"max-image-preview:large","max-video-preview":"max-video-preview:-1"},"canonical":"https:\/\/elfsight.com\/it\/portfolio-widget\/html\/","og_locale":"it_IT","og_type":"article","og_title":"Portfolio HTML: aggiungi la Galleria portfolio al tuo sito Web HTML [2026]","og_description":"Crea un semplice modello di Galleria portfolio e aggiungilo al tuo sito Web HTML. Potrai usufruire del servizio clienti gratuito e di altri bonus.","og_url":"https:\/\/elfsight.com\/it\/portfolio-widget\/html\/","og_site_name":"Elfsight IT","article_modified_time":"2025-03-23T19:47:38+00:00","twitter_card":"summary_large_image","twitter_misc":{"Tempo di lettura stimato":"3 minuti"},"schema":{"@context":"https:\/\/schema.org","@graph":[{"@type":"WebPage","@id":"https:\/\/elfsight.com\/it\/portfolio-widget\/html\/","url":"https:\/\/elfsight.com\/it\/portfolio-widget\/html\/","name":"Portfolio HTML: aggiungi la Galleria portfolio al tuo sito Web HTML [2026]","isPartOf":{"@id":"https:\/\/elfsight.com\/it\/#website"},"datePublished":"1970-01-01T00:00:00+00:00","dateModified":"2025-03-23T19:47:38+00:00","description":"Crea un semplice modello di Galleria portfolio e aggiungilo al tuo sito Web HTML. Potrai usufruire del servizio clienti gratuito e di altri bonus.","breadcrumb":{"@id":"https:\/\/elfsight.com\/it\/portfolio-widget\/html\/#breadcrumb"},"inLanguage":"it-IT","potentialAction":[{"@type":"ReadAction","target":["https:\/\/elfsight.com\/it\/portfolio-widget\/html\/"]}]},{"@type":"BreadcrumbList","@id":"https:\/\/elfsight.com\/it\/portfolio-widget\/html\/#breadcrumb","itemListElement":[{"@type":"ListItem","position":1,"name":"Home","item":"https:\/\/elfsight.com\/it\/"},{"@type":"ListItem","position":2,"name":"Portfolio","item":"https:\/\/elfsight.com\/it\/portfolio-widget\/"},{"@type":"ListItem","position":3,"name":"Portfolio &#8211; HTML"}]},{"@type":"WebSite","@id":"https:\/\/elfsight.com\/it\/#website","url":"https:\/\/elfsight.com\/it\/","name":"Elfsight IT","description":"Just another Elfsight Sites site","potentialAction":[{"@type":"SearchAction","target":{"@type":"EntryPoint","urlTemplate":"https:\/\/elfsight.com\/it\/?s={search_term_string}"},"query-input":{"@type":"PropertyValueSpecification","valueRequired":true,"valueName":"search_term_string"}}],"inLanguage":"it-IT"}]}},"meta_box":{"industry":"","seo_heading":"","heading":"","description":"","cta_heading":"","cta_description":"","application":"2271","h1":"Modello di galleria portfolio HTML","h1_caption":"Mostra il tuo lavoro in un portfolio personalizzabile, semplificando la presentazione dei tuoi progetti e risultati nel tuo sito Web HTML senza sforzo.","application_category":[],"applications_title":"","applications_request_title":"","applications_request_button_text":"","hero_text":"","hero_video":"","hero_video_schema_markup":"","selling_points_title":"","selling_points_caption":"","selling_points":[],"selling_points_cta_text":"","features_title":"","features":"","ed_cta_examples_text":"","ed_cta_examples_hidden":"","ed_cta_demo_text":"","ed_cta_demo_hidden":"","why_caption":"","why_editor_title":"","why_editor_text":"","why_team_title":"","why_team_text":"","why_service_title":"","why_service_text":"","template_catalog_visible":"0","template_catalog_title":"","template_catalog_text":"","template_catalog_categories_visible":"","demo_title":"Crea il tuo widget Portafoglio","demo_caption":"Configura il tuo Portfolio e aggiungilo gratuitamente al tuo sito HTML!","default_faq_hidden":"","app_template_category":[],"platform":"35","template_public_id":"","codecanyon_url":"","codecanyon_item_id":"","codecanyon_price":"","pricing_caption":"","pricing_elfsight_apps_hide_column":"","pricing_elfsight_apps_url":"","pricing_codecanyon_price_caption":"","integration_category":[],"integration_request_title":"","integration_request_cta":"","integration_platform":"","integrations":[],"platform_category":[],"video_schema_markup":"","price":"da $ 0 al mese","trial":"","benefits":[{"text":"Aiuto gratuito per l'installazione"},{"text":"Supporto premium"},{"text":"Garanzia di rimborso di 14 giorni"},{"text":"Aggiornamenti gratuiti a vita"}],"button_url":"#demo","button_target_blank":"0","button_nofollow":"0","attributes":[{"name":"Installazioni"},{"name":"Reattivo","content":"S\u00cc"},{"name":"Browser compatibili","content":"Firefox, Safari, Opera, Chrome, Edge"}],"tags":[],"tags_disable_links":"0","hide_more_platforms":"0","video_object":"","demo_hide_cta":"0","demo_hide_cloud_options":"0","pricing_title":"","pricing":[{"pricing_icon":"platform","pricing_title":"Elfsight Apps","pricing_title_caption":"Software indipendente dalla piattaforma","pricing_price":"da $ 0 \/ mese","pricing_price_caption":"inizia con il piano gratuito","pricing_benefits":[{"text":"Siti web illimitati"},{"text":"Assistenza clienti gratuita e ben documentata"},{"text":"Servizio di installazione gratuito"},{"text":"Offerta speciale per pi\u00f9 app"}],"pricing_button_text":"Aggiungi al sito web","pricing_button_url":"#demo"}],"related_apps_title":"","related_apps_hidden":"0","author":"","image":[],"title":"","job":"","social_networks":[]},"_links":{"self":[{"href":"https:\/\/elfsight.com\/it\/wp-json\/wp\/v2\/pages\/5428","targetHints":{"allow":["GET"]}}],"collection":[{"href":"https:\/\/elfsight.com\/it\/wp-json\/wp\/v2\/pages"}],"about":[{"href":"https:\/\/elfsight.com\/it\/wp-json\/wp\/v2\/types\/page"}],"author":[{"embeddable":true,"href":"https:\/\/elfsight.com\/it\/wp-json\/wp\/v2\/users\/9"}],"replies":[{"embeddable":true,"href":"https:\/\/elfsight.com\/it\/wp-json\/wp\/v2\/comments?post=5428"}],"version-history":[{"count":3,"href":"https:\/\/elfsight.com\/it\/wp-json\/wp\/v2\/pages\/5428\/revisions"}],"predecessor-version":[{"id":9807,"href":"https:\/\/elfsight.com\/it\/wp-json\/wp\/v2\/pages\/5428\/revisions\/9807"}],"up":[{"embeddable":true,"href":"https:\/\/elfsight.com\/it\/wp-json\/wp\/v2\/pages\/2272"}],"wp:attachment":[{"href":"https:\/\/elfsight.com\/it\/wp-json\/wp\/v2\/media?parent=5428"}],"curies":[{"name":"wp","href":"https:\/\/api.w.org\/{rel}","templated":true}]}}