{"id":5426,"date":"1970-01-01T00:00:00","date_gmt":"1970-01-01T00:00:00","guid":{"rendered":"https:\/\/elfsight.com\/it\/?page_id=5426"},"modified":"2024-11-12T08:39:25","modified_gmt":"2024-11-12T08:39:25","slug":"opencart","status":"publish","type":"page","link":"https:\/\/elfsight.com\/it\/portfolio-widget\/opencart\/","title":{"rendered":"Portfolio &#8211; OpenCart"},"content":{"rendered":"<div class=\"application-platform-content-item-description application-platform-content-item\" id=\"description\" data-nav-section=\"description\"><h2>Descrizione<\/h2><p>L&#8217;estensione Elfsight Portfolio \u00e8 stata creata per aiutare ogni utente che desidera pubblicare la propria libreria di lavoro sul sito e attirare nuove vendite. Avendo lo strumento, avrai l&#8217;opportunit\u00e0 di rivelare immagini, contenuti video, modelli e altri contenuti del progetto. Ogni file di progetto pu\u00f2 contenere una descrizione e una data complete. \u00c8 possibile associare progetti a siti e dividere progetti in categorie. Gli utenti visualizzeranno il tuo portfolio, inseriranno ciascun progetto e ne studieranno il contenuto direttamente sul sito web. L&#8217;intestazione presenta il tuo nome completo, foto e dettagli di contatto, che ti aiutano a metterti in contatto con te. Il pulsante di invito all&#8217;azione porter\u00e0 le persone alla pagina di effettuazione dell&#8217;ordine e ti aiuter\u00e0 ad aumentare l&#8217;importo delle vendite.<\/p><div class=\"faq\" data-component=\"FAQ\"> <div class=\"faq-item\">\r\n\t\t\t\t\t<div class=\"faq-item-question\">\r\n\t\t\t\t\t\t<h3 class=\"faq-item-question-text\">Dove posso installarlo<\/h3>\r\n\r\n\t\t\t\t\t\t<div class=\"faq-item-question-icon\"><\/div>\r\n\t\t\t\t\t<\/div>\r\n\r\n\t\t\t\t\t<div class=\"faq-item-answer\">\r\n\t\t\t\t\t\t<div class=\"faq-item-answer-text\"><p>Puoi integrarlo in qualsiasi pagina del sito o su tutte le pagine web. Il tuo meraviglioso portfolio reattivo attirer\u00e0 l&#8217;attenzione dei visitatori sulla pagina principale del sito web e potr\u00e0 fornire supporto visivo delle tue offerte sulle pagine del portfolio.<\/p><\/div>\r\n\t\t\t\t\t<\/div>\r\n\t\t\t\t<\/div><div class=\"faq-item\">\r\n\t\t\t\t\t<div class=\"faq-item-question\">\r\n\t\t\t\t\t\t<h3 class=\"faq-item-question-text\">Quali vantaggi mi dar\u00e0?<\/h3>\r\n\r\n\t\t\t\t\t\t<div class=\"faq-item-question-icon\"><\/div>\r\n\t\t\t\t\t<\/div>\r\n\r\n\t\t\t\t\t<div class=\"faq-item-answer\">\r\n\t\t\t\t\t\t<div class=\"faq-item-answer-text\"><p>Una meravigliosa raccolta dei tuoi lavori dimostrer\u00e0 ai tuoi utenti tutte le tue elevate capacit\u00e0 e creativit\u00e0. Diventeranno desiderosi di avere lo stesso e tu avrai nuovi clienti. Inoltre, grazie ai modi pratici per metterti in contatto con te, avrai pi\u00f9 contatti.<\/p><\/div>\r\n\t\t\t\t\t<\/div>\r\n\t\t\t\t<\/div><div class=\"faq-item\">\r\n\t\t\t\t\t<div class=\"faq-item-question\">\r\n\t\t\t\t\t\t<h3 class=\"faq-item-question-text\">Di cosa ho bisogno per installare Portfolio sul mio sito Web OpenCart?<\/h3>\r\n\r\n\t\t\t\t\t\t<div class=\"faq-item-question-icon\"><\/div>\r\n\t\t\t\t\t<\/div>\r\n\r\n\t\t\t\t\t<div class=\"faq-item-answer\">\r\n\t\t\t\t\t\t<div class=\"faq-item-answer-text\"><p>Ci vorranno solo due minuti del tuo tempo per rendere l&#8217;estensione operativa. Il processo di integrazione \u00e8 super veloce, gratuito e senza codifica.<\/p><p>Il modulo pu\u00f2 essere integrato nel nostro servizio o sul marketplace. Puoi confrontare i vantaggi di entrambe le opzioni e scegliere quella pi\u00f9 adatta.<\/p><\/div>\r\n\t\t\t\t\t<\/div>\r\n\t\t\t\t<\/div><\/div><\/div><div class=\"application-platform-content-item-features application-platform-content-item\" id=\"features\" data-nav-section=\"features\"><h2>Caratteristiche<\/h2><p>Avere una chiara comprensione dell&#8217;estensione OpenCart Portfolio, scopri l&#8217;elenco dei suoi tratti essenziali. Rendono il modulo incredibilmente vantaggioso per il tuo sito web:<\/p><ul><li>Aggiungi pi\u00f9 progetti e aggiungi titoli di progetti;<\/li><li>Crea gruppi e unisci progetti;<\/li><li> Imposta i tipi di dati da visualizzare in popup e al passaggio del mouse;<\/li><li>L&#8217;opzione per scrivere descrizioni e assegnare date ai file nel progetto;<\/li><li>Il pulsante attivo sull&#8217;intestazione e nel popup richiede clienti a qualsiasi sito web.<\/li><\/ul><p><a href=\"#demo\">Controlla un elenco completo delle funzionalit\u00e0 nella nostra demo live<\/a><\/p><\/div><div class=\"application-platform-content-item-installazione application-platform-content-item\" id=\"installazione\" data-nav-section=\"installazione\"><h2>Come aggiungere l&#8217;estensione Portfolio al tuo sito web OpenCart<\/h2><p>Segui semplicemente i passaggi descritti di seguito per aggiungere il widget su OpenCart.<\/p> <ol><li><b>Lancia la nostra demo gratuita e inizia a creare la tua estensione unica. <\/b><br> Specifica l&#8217;aspetto e le specifiche desiderabili dell&#8217;estensione e applica le modifiche. <\/li> <li><b>Acquisisci il codice univoco che appare nel riquadro sulle App Elfsight. <\/b><br> Non appena la creazione dell&#8217;estensione del tuo portfolio personale \u00e8 completa, copia il codice esclusivo nel popup visualizzato e conservalo per necessit\u00e0 future. <\/li> <li><b>Avvia l&#8217;applicazione dello strumento sul tuo sito web OpenCart. <\/b><br> Inserisci il codice che hai salvato di recente nel tuo sito web e applica le modifiche. <\/li> <li><b>Il gioco \u00e8 fatto! L&#8217;incorporamento \u00e8 completamente completato. <\/b><br> Vai al tuo sito web per esaminare il funzionamento del widget. <\/li><\/ol> <p>Non hai ancora deciso? Oppure hai domande da porre? Basta una singola richiesta al nostro team di assistenza clienti per risolvere ogni problema.<\/p><\/div>","protected":false},"excerpt":{"rendered":"","protected":false},"author":9,"featured_media":0,"parent":2272,"menu_order":0,"comment_status":"closed","ping_status":"closed","template":"templates\/template-application-platform.php","meta":{"publish_to_discourse":"","publish_post_category":"","wpdc_auto_publish_overridden":"","wpdc_topic_tags":"","wpdc_pin_topic":"","wpdc_pin_until":"","discourse_post_id":"","discourse_permalink":"","wpdc_publishing_response":"","wpdc_publishing_error":"","footnotes":""},"class_list":["post-5426","page","type-page","status-publish","hentry"],"yoast_head":"<!-- This site is optimized with the Yoast SEO plugin v25.3.1 - https:\/\/yoast.com\/wordpress\/plugins\/seo\/ -->\n<title>La migliore estensione Portfolio per il sito Web OpenCart (gratuita e veloce)<\/title>\n<meta name=\"description\" content=\"Crea l&#039;estensione Portfolio e aggiungila al tuo sito Web OpenCart. Ottieni assistenza clienti gratuita e altri vantaggi da Elfsight.\" \/>\n<meta name=\"robots\" content=\"index, follow, max-snippet:-1, max-image-preview:large, max-video-preview:-1\" \/>\n<link rel=\"canonical\" href=\"https:\/\/elfsight.com\/it\/portfolio-widget\/opencart\/\" \/>\n<meta property=\"og:locale\" content=\"it_IT\" \/>\n<meta property=\"og:type\" content=\"article\" \/>\n<meta property=\"og:title\" content=\"La migliore estensione Portfolio per il sito Web OpenCart (gratuita e veloce)\" \/>\n<meta property=\"og:description\" content=\"Crea l&#039;estensione Portfolio e aggiungila al tuo sito Web OpenCart. Ottieni assistenza clienti gratuita e altri vantaggi da Elfsight.\" \/>\n<meta property=\"og:url\" content=\"https:\/\/elfsight.com\/it\/portfolio-widget\/opencart\/\" \/>\n<meta property=\"og:site_name\" content=\"Elfsight IT\" \/>\n<meta property=\"article:modified_time\" content=\"2024-11-12T08:39:25+00:00\" \/>\n<meta name=\"twitter:card\" content=\"summary_large_image\" \/>\n<meta name=\"twitter:label1\" content=\"Tempo di lettura stimato\" \/>\n\t<meta name=\"twitter:data1\" content=\"3 minuti\" \/>\n<!-- \/ Yoast SEO plugin. -->","yoast_head_json":{"title":"La migliore estensione Portfolio per il sito Web OpenCart (gratuita e veloce)","description":"Crea l'estensione Portfolio e aggiungila al tuo sito Web OpenCart. Ottieni assistenza clienti gratuita e altri vantaggi da Elfsight.","robots":{"index":"index","follow":"follow","max-snippet":"max-snippet:-1","max-image-preview":"max-image-preview:large","max-video-preview":"max-video-preview:-1"},"canonical":"https:\/\/elfsight.com\/it\/portfolio-widget\/opencart\/","og_locale":"it_IT","og_type":"article","og_title":"La migliore estensione Portfolio per il sito Web OpenCart (gratuita e veloce)","og_description":"Crea l'estensione Portfolio e aggiungila al tuo sito Web OpenCart. Ottieni assistenza clienti gratuita e altri vantaggi da Elfsight.","og_url":"https:\/\/elfsight.com\/it\/portfolio-widget\/opencart\/","og_site_name":"Elfsight IT","article_modified_time":"2024-11-12T08:39:25+00:00","twitter_card":"summary_large_image","twitter_misc":{"Tempo di lettura stimato":"3 minuti"},"schema":{"@context":"https:\/\/schema.org","@graph":[{"@type":"WebPage","@id":"https:\/\/elfsight.com\/it\/portfolio-widget\/opencart\/","url":"https:\/\/elfsight.com\/it\/portfolio-widget\/opencart\/","name":"La migliore estensione Portfolio per il sito Web OpenCart (gratuita e veloce)","isPartOf":{"@id":"https:\/\/elfsight.com\/it\/#website"},"datePublished":"1970-01-01T00:00:00+00:00","dateModified":"2024-11-12T08:39:25+00:00","description":"Crea l'estensione Portfolio e aggiungila al tuo sito Web OpenCart. Ottieni assistenza clienti gratuita e altri vantaggi da Elfsight.","breadcrumb":{"@id":"https:\/\/elfsight.com\/it\/portfolio-widget\/opencart\/#breadcrumb"},"inLanguage":"it-IT","potentialAction":[{"@type":"ReadAction","target":["https:\/\/elfsight.com\/it\/portfolio-widget\/opencart\/"]}]},{"@type":"BreadcrumbList","@id":"https:\/\/elfsight.com\/it\/portfolio-widget\/opencart\/#breadcrumb","itemListElement":[{"@type":"ListItem","position":1,"name":"Home","item":"https:\/\/elfsight.com\/it\/"},{"@type":"ListItem","position":2,"name":"Portfolio","item":"https:\/\/elfsight.com\/it\/portfolio-widget\/"},{"@type":"ListItem","position":3,"name":"Portfolio &#8211; OpenCart"}]},{"@type":"WebSite","@id":"https:\/\/elfsight.com\/it\/#website","url":"https:\/\/elfsight.com\/it\/","name":"Elfsight IT","description":"Just another Elfsight Sites site","potentialAction":[{"@type":"SearchAction","target":{"@type":"EntryPoint","urlTemplate":"https:\/\/elfsight.com\/it\/?s={search_term_string}"},"query-input":{"@type":"PropertyValueSpecification","valueRequired":true,"valueName":"search_term_string"}}],"inLanguage":"it-IT"}]}},"meta_box":{"industry":"","seo_heading":"","heading":"","description":"","cta_heading":"","cta_description":"","application":"2271","h1":"Estensione del portfolio OpenCart","h1_caption":"Mostra il tuo lavoro in un portfolio personalizzabile, semplificando la presentazione dei tuoi progetti e risultati nel tuo sito Web Opencart senza sforzo.","application_category":[],"applications_title":"","applications_request_title":"","applications_request_button_text":"","hero_text":"","hero_video":"","hero_video_schema_markup":"","selling_points_title":"","selling_points_caption":"","selling_points":[],"selling_points_cta_text":"","features_title":"","features":"","ed_cta_examples_text":"","ed_cta_examples_hidden":"","ed_cta_demo_text":"","ed_cta_demo_hidden":"","why_caption":"","why_editor_title":"","why_editor_text":"","why_team_title":"","why_team_text":"","why_service_title":"","why_service_text":"","template_catalog_visible":"","template_catalog_title":"","template_catalog_text":"","template_catalog_categories_visible":"","demo_title":"Crea la tua estensione di portfolio","demo_caption":"Configura il tuo portfolio e aggiungilo gratuitamente al tuo sito Web OpenCart!","default_faq_hidden":"","app_template_category":[],"platform":"41","template_public_id":"","codecanyon_url":"","codecanyon_item_id":"","codecanyon_price":"","pricing_caption":"","pricing_elfsight_apps_hide_column":"","pricing_elfsight_apps_url":"","pricing_codecanyon_price_caption":"","integration_category":[],"integration_request_title":"","integration_request_cta":"","integration_platform":"","integrations":[],"platform_category":[],"video_schema_markup":"","price":"da $ 0 al mese","trial":"","benefits":[{"text":"Aiuto gratuito per l'installazione"},{"text":"Servizio clienti professionale"},{"text":"Garanzia di rimborso di 14 giorni"},{"text":"Miglioramenti continui"}],"button_url":"#demo","button_target_blank":"","button_nofollow":"","attributes":[{"name":"Installazioni"},{"name":"Reattivo","content":"S\u00cc"},{"name":"Browser compatibili","content":"Opera, Edge, Firefox, Safari, Chrome"}],"tags":[],"tags_disable_links":"","hide_more_platforms":"","video_object":"","demo_hide_cta":"","demo_hide_cloud_options":"","pricing_title":"","pricing":[{"pricing_icon":"platform","pricing_title":"Elfsight Apps","pricing_title_caption":"Soluzione multipiattaforma che funziona su qualsiasi sito web","pricing_price":"da $ 0 \/ mese","pricing_price_caption":"inizia con il piano gratuito","pricing_benefits":[{"text":"Siti web illimitati"},{"text":"Assistenza clienti dedicata"},{"text":"Supporto gratuito per l'installazione"},{"text":"100% personalizzabile"}],"pricing_button_text":"Aggiungi al sito web","pricing_button_url":"#demo"}],"related_apps_title":"","related_apps_hidden":"","author":"","image":[],"title":"","job":"","social_networks":[]},"_links":{"self":[{"href":"https:\/\/elfsight.com\/it\/wp-json\/wp\/v2\/pages\/5426","targetHints":{"allow":["GET"]}}],"collection":[{"href":"https:\/\/elfsight.com\/it\/wp-json\/wp\/v2\/pages"}],"about":[{"href":"https:\/\/elfsight.com\/it\/wp-json\/wp\/v2\/types\/page"}],"author":[{"embeddable":true,"href":"https:\/\/elfsight.com\/it\/wp-json\/wp\/v2\/users\/9"}],"replies":[{"embeddable":true,"href":"https:\/\/elfsight.com\/it\/wp-json\/wp\/v2\/comments?post=5426"}],"version-history":[{"count":1,"href":"https:\/\/elfsight.com\/it\/wp-json\/wp\/v2\/pages\/5426\/revisions"}],"predecessor-version":[{"id":5430,"href":"https:\/\/elfsight.com\/it\/wp-json\/wp\/v2\/pages\/5426\/revisions\/5430"}],"up":[{"embeddable":true,"href":"https:\/\/elfsight.com\/it\/wp-json\/wp\/v2\/pages\/2272"}],"wp:attachment":[{"href":"https:\/\/elfsight.com\/it\/wp-json\/wp\/v2\/media?parent=5426"}],"curies":[{"name":"wp","href":"https:\/\/api.w.org\/{rel}","templated":true}]}}