{"id":5420,"date":"1970-01-01T00:00:00","date_gmt":"1970-01-01T00:00:00","guid":{"rendered":"https:\/\/elfsight.com\/it\/?page_id=5420"},"modified":"2025-03-23T19:51:27","modified_gmt":"2025-03-23T19:51:27","slug":"squarespace","status":"publish","type":"page","link":"https:\/\/elfsight.com\/it\/portfolio-widget\/squarespace\/","title":{"rendered":"Portfolio &#8211; Squarespace"},"content":{"rendered":"\n<div class=\"application-platform-content-item-description application-platform-content-item\" id=\"description\" data-nav-section=\"description\"><h2>Incorpora portfolio su Squarespace con il widget Elfsight<\/h2><p>Il plug-in Elfsight Portfolio \u00e8 progettato per ogni utente che intende incorporare il proprio portfolio professionale lavorare sul sito web e acquisire nuovi clienti. Con l&#8217;aiuto del widget Elfsight, avrai l&#8217;opportunit\u00e0 di mostrare selezioni di riprese, contenuti video, schemi e altro materiale visivo. Ogni file di progetto pu\u00f2 essere accompagnato da una descrizione completa e da una data. Hai la possibilit\u00e0 di collegare progetti ai loro siti web e diffondere progetti in gruppi. Il tuo pubblico controller\u00e0 il tuo portfolio di progetti, far\u00e0 clic su un progetto e ne studier\u00e0 il contenuto direttamente nella home page. L&#8217;intestazione del widget mostrer\u00e0 il tuo nome, foto e dati di contatto, il che facilita il processo per raggiungerti. Il pulsante di invito all&#8217;azione porter\u00e0 le persone alla pagina di acquisto e ti aiuter\u00e0 ad aumentare la quantit\u00e0 di vendite. <\/p><div class=\"faq\" data-component=\"FAQ\"><div class=\"faq-item\">\r\n\t\t\t\t\t<div class=\"faq-item-question\">\r\n\t\t\t\t\t\t<h3 class=\"faq-item-question-text\">Come posso incorporare un portfolio nel sito Squarespace? <\/h3>\r\n\r\n\t\t\t\t\t\t<div class=\"faq-item-question-icon\"><\/div>\r\n\t\t\t\t\t<\/div>\r\n\r\n\t\t\t\t\t<div class=\"faq-item-answer\">\r\n\t\t\t\t\t\t<div class=\"faq-item-answer-text\"><p>La costruzione del widget avviene all&#8217;interno del sito Elfsight e tu non \u00e8 necessario imparare a programmare. Apri la nostra demo live per creare il tuo widget, acquisisci il codice e incollalo nel tuo sito web. <\/p><\/div>\r\n\t\t\t\t\t<\/div>\r\n\t\t\t\t<\/div><div class=\"faq-item\">\r\n\t\t\t\t\t<div class=\"faq-item-question\">\r\n\t\t\t\t\t\t<h3 class=\"faq-item-question-text\">I modi migliori per utilizzare l'integrazione del portfolio online<\/h3>\r\n\r\n\t\t\t\t\t\t<div class=\"faq-item-question-icon\"><\/div>\r\n\t\t\t\t\t<\/div>\r\n\r\n\t\t\t\t\t<div class=\"faq-item-answer\">\r\n\t\t\t\t\t\t<div class=\"faq-item-answer-text\"><p>Offriamo molte possibilit\u00e0 di regolazione: widget a lunghezza intera da incorporare nell&#8217;area dei contenuti, widget mobili con funzionalit\u00e0 di scorrimento, miniature per pi\u00e8 di pagina, intestazione e tutti i tipi di possibilit\u00e0 verticali per barre laterali e menu del sito web. <\/p><\/div>\r\n\t\t\t\t\t<\/div>\r\n\t\t\t\t<\/div><div class=\"faq-item\">\r\n\t\t\t\t\t<div class=\"faq-item-question\">\r\n\t\t\t\t\t\t<h3 class=\"faq-item-question-text\">Posso creare un portfolio di video o immagini tramite il tuo editor? <\/h3>\r\n\r\n\t\t\t\t\t\t<div class=\"faq-item-question-icon\"><\/div>\r\n\t\t\t\t\t<\/div>\r\n\r\n\t\t\t\t\t<div class=\"faq-item-answer\">\r\n\t\t\t\t\t\t<div class=\"faq-item-answer-text\"><p>Sei libero di creare eventuali modifiche del widget. Ci sono molti layout applicabili nell&#8217;editor e tutti possono essere rapidamente personalizzati proprio come ti manca. <\/p><\/div>\r\n\t\t\t\t\t<\/div>\r\n\t\t\t\t<\/div><\/div><\/div> <div class=\"application-platform-content-item-features application-platform-content-item\" id=\"features\" data-nav-section=\"features\"><h2>Caratteristiche principali del widget Portfolio<\/h2><p>Per avere un&#8217;idea chiara di Portfolio, puoi studiare l&#8217;elenco delle funzionalit\u00e0 pi\u00f9 eccezionali. Rendono il widget estremamente vantaggioso per il tuo sito web: <\/p><ul><li>Aggiungi pi\u00f9 progetti e aggiungi titoli di progetto; <\/li><li>Imposta le categorie e dividi i progetti in esse<\/li><li>Scegli i tipi di informazioni da mostrare nel popup e al passaggio del mouse; <\/li><li>Aggiungi descrizioni e assegna date ai lavori nel progetto<\/li><li>Il pulsante di invito all&#8217;azione nell&#8217;intestazione e nel popup indirizza i clienti a qualsiasi sito web o pagina<\/li><\/ul><p><a href=\"#demo\">La nostra demo ti mostrer\u00e0 un elenco completo di funzionalit\u00e0<\/a><\/p><\/div> <div class=\"application-platform-content-item-installation application-platform-content-item\" id=\"installation\" data-nav-section=\"installation\"><h2>Come posso aggiungere Portfolio sul mio sito web Squarespace? <\/h2><div class=\"video-container\"><iframe width=\"560\" height=\"315\" src=\"https:\/\/www.youtube.com\/embed\/5txFGyv42DM?si=U35nLqo0b8WC9W2x\" frameborder=\"0\" allow=\"accelerometer; autoplay; clipboard-write; encrypted-media; gyroscope; picture-in-picture; web-share\" allowfullscreen><\/iframe><\/div><p>Basta seguire i passaggi presentati di seguito per inserire il plugin. <\/p><ol><li><b>Apri la nostra demo gratuita e inizia a costruire il tuo strumento unico. <\/b><br>Determina il layout e le opzioni desiderabili del plugin e applica le correzioni. <\/li><li><b>Copia il codice univoco che appare nel box su Elfsight Apps. <\/b><br>Subito dopo aver completato la generazione del plug-in, copia il codice individuale nella casella emersa e salvalo per occasioni future. <\/li><li><b>Avvia l&#8217;applicazione dello strumento su una pagina web Squarespace. <\/b><br>Implementa il codice che hai salvato in precedenza nel tuo sito web e salva le correzioni. <\/li><li><b>Fatto! L&#8217;integrazione \u00e8 terminata con successo. <\/b><br>Visita la tua pagina per vedere l&#8217;inazione e come funziona lo strumento. <\/li><\/ol><p>Se hai domande o incontri complicazioni, non esitare a metterti in contatto con il nostro team di assistenza clienti. I nostri consulenti saranno felici di risolvere tutte le difficolt\u00e0 che potresti avere con il plugin<\/p><\/div>\n","protected":false},"excerpt":{"rendered":"","protected":false},"author":9,"featured_media":0,"parent":2272,"menu_order":0,"comment_status":"closed","ping_status":"closed","template":"templates\/template-application-platform.php","meta":{"publish_to_discourse":"","publish_post_category":"","wpdc_auto_publish_overridden":"","wpdc_topic_tags":"","wpdc_pin_topic":"","wpdc_pin_until":"","discourse_post_id":"","discourse_permalink":"","wpdc_publishing_response":"","wpdc_publishing_error":"","footnotes":""},"class_list":["post-5420","page","type-page","status-publish","hentry"],"yoast_head":"<!-- This site is optimized with the Yoast SEO plugin v25.3.1 - https:\/\/yoast.com\/wordpress\/plugins\/seo\/ -->\n<title>Modello di portfolio per il sito web Squarespace (gratuito e veloce)<\/title>\n<meta name=\"description\" content=\"Ecco un&#039;opportunit\u00e0 per creare un plug-in Portfolio Squarespace e incorporarlo nel tuo sito web. Potrai usufruire di un servizio clienti gratuito per tutta la vita.\" \/>\n<meta name=\"robots\" content=\"index, follow, max-snippet:-1, max-image-preview:large, max-video-preview:-1\" \/>\n<link rel=\"canonical\" href=\"https:\/\/elfsight.com\/it\/portfolio-widget\/squarespace\/\" \/>\n<meta property=\"og:locale\" content=\"it_IT\" \/>\n<meta property=\"og:type\" content=\"article\" \/>\n<meta property=\"og:title\" content=\"Modello di portfolio per il sito web Squarespace (gratuito e veloce)\" \/>\n<meta property=\"og:description\" content=\"Ecco un&#039;opportunit\u00e0 per creare un plug-in Portfolio Squarespace e incorporarlo nel tuo sito web. Potrai usufruire di un servizio clienti gratuito per tutta la vita.\" \/>\n<meta property=\"og:url\" content=\"https:\/\/elfsight.com\/it\/portfolio-widget\/squarespace\/\" \/>\n<meta property=\"og:site_name\" content=\"Elfsight IT\" \/>\n<meta property=\"article:modified_time\" content=\"2025-03-23T19:51:27+00:00\" \/>\n<meta name=\"twitter:card\" content=\"summary_large_image\" \/>\n<meta name=\"twitter:label1\" content=\"Tempo di lettura stimato\" \/>\n\t<meta name=\"twitter:data1\" content=\"3 minuti\" \/>\n<!-- \/ Yoast SEO plugin. -->","yoast_head_json":{"title":"Modello di portfolio per il sito web Squarespace (gratuito e veloce)","description":"Ecco un'opportunit\u00e0 per creare un plug-in Portfolio Squarespace e incorporarlo nel tuo sito web. Potrai usufruire di un servizio clienti gratuito per tutta la vita.","robots":{"index":"index","follow":"follow","max-snippet":"max-snippet:-1","max-image-preview":"max-image-preview:large","max-video-preview":"max-video-preview:-1"},"canonical":"https:\/\/elfsight.com\/it\/portfolio-widget\/squarespace\/","og_locale":"it_IT","og_type":"article","og_title":"Modello di portfolio per il sito web Squarespace (gratuito e veloce)","og_description":"Ecco un'opportunit\u00e0 per creare un plug-in Portfolio Squarespace e incorporarlo nel tuo sito web. Potrai usufruire di un servizio clienti gratuito per tutta la vita.","og_url":"https:\/\/elfsight.com\/it\/portfolio-widget\/squarespace\/","og_site_name":"Elfsight IT","article_modified_time":"2025-03-23T19:51:27+00:00","twitter_card":"summary_large_image","twitter_misc":{"Tempo di lettura stimato":"3 minuti"},"schema":{"@context":"https:\/\/schema.org","@graph":[{"@type":"WebPage","@id":"https:\/\/elfsight.com\/it\/portfolio-widget\/squarespace\/","url":"https:\/\/elfsight.com\/it\/portfolio-widget\/squarespace\/","name":"Modello di portfolio per il sito web Squarespace (gratuito e veloce)","isPartOf":{"@id":"https:\/\/elfsight.com\/it\/#website"},"datePublished":"1970-01-01T00:00:00+00:00","dateModified":"2025-03-23T19:51:27+00:00","description":"Ecco un'opportunit\u00e0 per creare un plug-in Portfolio Squarespace e incorporarlo nel tuo sito web. Potrai usufruire di un servizio clienti gratuito per tutta la vita.","breadcrumb":{"@id":"https:\/\/elfsight.com\/it\/portfolio-widget\/squarespace\/#breadcrumb"},"inLanguage":"it-IT","potentialAction":[{"@type":"ReadAction","target":["https:\/\/elfsight.com\/it\/portfolio-widget\/squarespace\/"]}]},{"@type":"BreadcrumbList","@id":"https:\/\/elfsight.com\/it\/portfolio-widget\/squarespace\/#breadcrumb","itemListElement":[{"@type":"ListItem","position":1,"name":"Home","item":"https:\/\/elfsight.com\/it\/"},{"@type":"ListItem","position":2,"name":"Portfolio","item":"https:\/\/elfsight.com\/it\/portfolio-widget\/"},{"@type":"ListItem","position":3,"name":"Portfolio &#8211; Squarespace"}]},{"@type":"WebSite","@id":"https:\/\/elfsight.com\/it\/#website","url":"https:\/\/elfsight.com\/it\/","name":"Elfsight IT","description":"Just another Elfsight Sites site","potentialAction":[{"@type":"SearchAction","target":{"@type":"EntryPoint","urlTemplate":"https:\/\/elfsight.com\/it\/?s={search_term_string}"},"query-input":{"@type":"PropertyValueSpecification","valueRequired":true,"valueName":"search_term_string"}}],"inLanguage":"it-IT"}]}},"meta_box":{"industry":"","seo_heading":"","heading":"","description":"","cta_heading":"","cta_description":"","application":"2271","h1":"Modello di portfolio Squarespace","h1_caption":"Mostra il tuo lavoro in un portfolio personalizzabile, semplificando la presentazione dei tuoi progetti e risultati nel tuo sito web Squarespace senza sforzo.","application_category":[],"applications_title":"","applications_request_title":"","applications_request_button_text":"","hero_text":"","hero_video":"","hero_video_schema_markup":"","selling_points_title":"","selling_points_caption":"","selling_points":[],"selling_points_cta_text":"","features_title":"","features":"","ed_cta_examples_text":"","ed_cta_examples_hidden":"","ed_cta_demo_text":"","ed_cta_demo_hidden":"","why_caption":"","why_editor_title":"","why_editor_text":"","why_team_title":"","why_team_text":"","why_service_title":"","why_service_text":"","template_catalog_visible":"0","template_catalog_title":"","template_catalog_text":"","template_catalog_categories_visible":"","demo_title":"Crea il tuo plug-in Portfolio","demo_caption":"Configura il tuo portfolio e aggiungilo gratuitamente al tuo sito web Squarespace!","default_faq_hidden":"","app_template_category":[],"platform":"43","template_public_id":"","codecanyon_url":"","codecanyon_item_id":"","codecanyon_price":"","pricing_caption":"","pricing_elfsight_apps_hide_column":"","pricing_elfsight_apps_url":"","pricing_codecanyon_price_caption":"","integration_category":[],"integration_request_title":"","integration_request_cta":"","integration_platform":"","integrations":[],"platform_category":[],"video_schema_markup":"","price":"da $ 0 al mese","trial":"","benefits":[{"text":"Servizio di installazione gratuito"},{"text":"Servizio clienti efficace"},{"text":"Garanzia di rimborso di 14 giorni"},{"text":"Aggiornamenti continui"}],"button_url":"#demo","button_target_blank":"0","button_nofollow":"0","attributes":[{"name":"Installazioni"},{"name":"Reattivo","content":"S\u00cc"},{"name":"Browser compatibili","content":"Firefox, Safari, Opera, Chrome, Edge"}],"tags":[],"tags_disable_links":"0","hide_more_platforms":"0","video_object":"","demo_hide_cta":"0","demo_hide_cloud_options":"0","pricing_title":"","pricing":[{"pricing_icon":"platform","pricing_title":"Elfsight Apps","pricing_title_caption":"Versione multipiattaforma che funziona su qualsiasi sito web","pricing_price":"da $ 0 \/ mese","pricing_price_caption":"inizia con un piano gratuito","pricing_benefits":[{"text":"Siti web illimitati"},{"text":"Assistenza clienti veloce e ben documentata"},{"text":"Aiuto per l'installazione gratuito"},{"text":"Completamente personalizzabile"}],"pricing_button_text":"Aggiungi al sito web","pricing_button_url":"#demo"}],"related_apps_title":"","related_apps_hidden":"0","author":"","image":[],"title":"","job":"","social_networks":[]},"_links":{"self":[{"href":"https:\/\/elfsight.com\/it\/wp-json\/wp\/v2\/pages\/5420","targetHints":{"allow":["GET"]}}],"collection":[{"href":"https:\/\/elfsight.com\/it\/wp-json\/wp\/v2\/pages"}],"about":[{"href":"https:\/\/elfsight.com\/it\/wp-json\/wp\/v2\/types\/page"}],"author":[{"embeddable":true,"href":"https:\/\/elfsight.com\/it\/wp-json\/wp\/v2\/users\/9"}],"replies":[{"embeddable":true,"href":"https:\/\/elfsight.com\/it\/wp-json\/wp\/v2\/comments?post=5420"}],"version-history":[{"count":3,"href":"https:\/\/elfsight.com\/it\/wp-json\/wp\/v2\/pages\/5420\/revisions"}],"predecessor-version":[{"id":9810,"href":"https:\/\/elfsight.com\/it\/wp-json\/wp\/v2\/pages\/5420\/revisions\/9810"}],"up":[{"embeddable":true,"href":"https:\/\/elfsight.com\/it\/wp-json\/wp\/v2\/pages\/2272"}],"wp:attachment":[{"href":"https:\/\/elfsight.com\/it\/wp-json\/wp\/v2\/media?parent=5420"}],"curies":[{"name":"wp","href":"https:\/\/api.w.org\/{rel}","templated":true}]}}