{"id":5418,"date":"1970-01-01T00:00:00","date_gmt":"1970-01-01T00:00:00","guid":{"rendered":"https:\/\/elfsight.com\/it\/?page_id=5418"},"modified":"2024-11-12T08:39:16","modified_gmt":"2024-11-12T08:39:16","slug":"webnode","status":"publish","type":"page","link":"https:\/\/elfsight.com\/it\/portfolio-widget\/webnode\/","title":{"rendered":"Portfolio &#8211; Webnode"},"content":{"rendered":"<div class=\"application-platform-content-item-description application-platform-content-item\" id=\"description\" data-nav-section=\"description\"><h2>Descrizione<\/h2><p>Elfsight Portfolio \u00e8 stato creato per aiutare chiunque sia interessato a pubblicare la propria libreria attiva sul sito Web e ad avere di pi\u00f9 nuovi ordini. Con l&#8217;aiuto di questo widget, puoi inviare nuovamente raccolte di foto, video, disegni e altri contenuti del progetto. Ogni file di progetto pu\u00f2 essere accompagnato da un testo completo e da una data. Hai l&#8217;opportunit\u00e0 di collegare progetti ai loro siti Web e creare categorie di progetti. Gli utenti vedranno il tuo portfolio, toccheranno ciascun portfolio e visualizzeranno tutti i lavori direttamente sulla tua home page. L&#8217;intestazione mostrer\u00e0 il tuo nome, foto e dettagli di contatto, cos\u00ec sar\u00e0 facile metterti in contatto con te. Il pulsante CTA condurr\u00e0 i clienti alla pagina dell&#8217;ordine e ti aiuter\u00e0 ad ampliare il livello delle vendite. <\/p><div class=\"faq\" data-component=\"FAQ\"><div class=\"faq-item\">\r\n\t\t\t\t\t<div class=\"faq-item-question\">\r\n\t\t\t\t\t\t<h3 class=\"faq-item-question-text\">Dove posso inserire questo widget nel mio sito?<\/h3>\r\n\r\n\t\t\t\t\t\t<div class=\"faq-item-question-icon\"><\/div>\r\n\t\t\t\t\t<\/div>\r\n\r\n\t\t\t\t\t<div class=\"faq-item-answer\">\r\n\t\t\t\t\t\t<div class=\"faq-item-answer-text\"> <p>Il widget pu\u00f2 essere mostrato su qualunque pagina del tuo sito cos\u00ec come su tutte le pagine. <\/p><\/div>\r\n\t\t\t\t\t<\/div>\r\n\t\t\t\t<\/div><div class=\"faq-item\">\r\n\t\t\t\t\t<div class=\"faq-item-question\">\r\n\t\t\t\t\t\t<h3 class=\"faq-item-question-text\">Come trarrei beneficio dall'usarlo?<\/h3>\r\n\r\n\t\t\t\t\t\t<div class=\"faq-item-question-icon\"><\/div>\r\n\t\t\t\t\t<\/div>\r\n\r\n\t\t\t\t\t<div class=\"faq-item-answer\">\r\n\t\t\t\t\t\t<div class=\"faq-item-answer-text\"> <p>Un&#8217;impressionante raccolta dei tuoi materiali dimostrer\u00e0 al pubblico tutte le tue grandi capacit\u00e0 e talenti. Li render\u00e0 desiderosi di avere lo stesso e tu avrai nuovi clienti. <\/p><\/div>\r\n\t\t\t\t\t<\/div>\r\n\t\t\t\t<\/div><div class=\"faq-item\">\r\n\t\t\t\t\t<div class=\"faq-item-question\">\r\n\t\t\t\t\t\t<h3 class=\"faq-item-question-text\">Di cosa ho bisogno per incollare un portfolio sul mio sito Webnode?<\/h3>\r\n\r\n\t\t\t\t\t\t<div class=\"faq-item-question-icon\"><\/div>\r\n\t\t\t\t\t<\/div>\r\n\r\n\t\t\t\t\t<div class=\"faq-item-answer\">\r\n\t\t\t\t\t\t<div class=\"faq-item-answer-text\"> <p>Il processo di integrazione \u00e8 super veloce, gratuito e non include la codifica. Puoi introdurre il widget nel tuo sito web direttamente tramite il nostro servizio. Per questo segui la guida qui sotto in questa pagina. <\/p><\/div>\r\n\t\t\t\t\t<\/div>\r\n\t\t\t\t<\/div><\/div> <\/div> <div class=\"application-platform-content-item-features application-platform-content-item\" id=\"features\" data-nav-section=\"features\"><h2>Caratteristiche<\/h2><p>Per una migliore conoscenza del widget, visualizza l&#8217;elenco delle funzionalit\u00e0 essenziali funzioni. Rendono questo widget incredibilmente efficiente per la tua promozione: <\/p><ul><li>Imposta un numero qualsiasi di progetti con titoli; <\/li><li>Imposta gruppi e dividi i progetti in essi<\/li><li>Decidi quali dati mostrare nel popup e al passaggio del mouse; <\/li><li>L&#8217;opzione per aggiungere descrizioni e assegnare date a tutti i lavori nel progetto<\/li><li>Il pulsante attivo nell&#8217;intestazione e nel popup reindirizza gli utenti a qualsiasi sito Web o pagina<\/li><\/ul><p><a href=\"#demo\">Per scoprire tutte le funzionalit\u00e0, guarda la nostra demo live<\/a><\/p><\/div> <div class=\"application-platform-content-item-installation application-platform-content-item\" id=\"installation\" data-nav-section=\"installation\"><h2>Come aggiungere Portfolio in il mio sito Webnode? <\/h2><p>Segui semplicemente le linee guida seguenti per incorporare il plugin. <\/p><ol><li><b>Utilizza la nostra demo gratuita e inizia a costruire il tuo strumento personalizzato. <\/b><br>Specifica il design e la funzionalit\u00e0 preferibili del widget e applica le modifiche. <\/li><li><b>Copia il codice univoco che appare nella finestra su Elfsight Apps. <\/b><br>Non appena la personalizzazione del tuo strumento personale sar\u00e0 completata, copia il codice personale dal popup emerso e conservalo per un utilizzo successivo. <\/li><li><b>Inizia ad applicare lo strumento sul sito Webnode. <\/b><br>Inserisci il codice salvato di recente nella tua pagina e salva le correzioni. <\/li><li><b>Fatto! L&#8217;incorporamento \u00e8 stato completato con successo. <\/b><br>Visita la tua pagina per verificare come viene eseguito il plug-in. <\/li><\/ol><p>In caso di problemi, non esitate a contattare il nostro team di assistenza clienti. Il nostro personale sar\u00e0 felice di aiutarti con tutti i problemi che potresti riscontrare con il prodotto.<\/p><\/div>","protected":false},"excerpt":{"rendered":"","protected":false},"author":9,"featured_media":0,"parent":2272,"menu_order":0,"comment_status":"closed","ping_status":"closed","template":"templates\/template-application-platform.php","meta":{"publish_to_discourse":"","publish_post_category":"","wpdc_auto_publish_overridden":"","wpdc_topic_tags":"","wpdc_pin_topic":"","wpdc_pin_until":"","discourse_post_id":"","discourse_permalink":"","wpdc_publishing_response":"","wpdc_publishing_error":"","footnotes":""},"class_list":["post-5418","page","type-page","status-publish","hentry"],"yoast_head":"<!-- This site is optimized with the Yoast SEO plugin v25.3.1 - https:\/\/yoast.com\/wordpress\/plugins\/seo\/ -->\n<title>Portfolio Webnode: aggiungi il widget Portfolio al sito Web Webnode [2025]<\/title>\n<meta name=\"description\" content=\"Crea un widget Portfolio personalizzato e aggiungilo al tuo sito Webnode. Goditi l&#039;assistenza clienti gratuita e altri bonus da Elfsight.\" \/>\n<meta name=\"robots\" content=\"index, follow, max-snippet:-1, max-image-preview:large, max-video-preview:-1\" \/>\n<link rel=\"canonical\" href=\"https:\/\/elfsight.com\/it\/portfolio-widget\/webnode\/\" \/>\n<meta property=\"og:locale\" content=\"it_IT\" \/>\n<meta property=\"og:type\" content=\"article\" \/>\n<meta property=\"og:title\" content=\"Portfolio Webnode: aggiungi il widget Portfolio al sito Web Webnode [2025]\" \/>\n<meta property=\"og:description\" content=\"Crea un widget Portfolio personalizzato e aggiungilo al tuo sito Webnode. Goditi l&#039;assistenza clienti gratuita e altri bonus da Elfsight.\" \/>\n<meta property=\"og:url\" content=\"https:\/\/elfsight.com\/it\/portfolio-widget\/webnode\/\" \/>\n<meta property=\"og:site_name\" content=\"Elfsight IT\" \/>\n<meta property=\"article:modified_time\" content=\"2024-11-12T08:39:16+00:00\" \/>\n<meta name=\"twitter:card\" content=\"summary_large_image\" \/>\n<meta name=\"twitter:label1\" content=\"Tempo di lettura stimato\" \/>\n\t<meta name=\"twitter:data1\" content=\"3 minuti\" \/>\n<!-- \/ Yoast SEO plugin. -->","yoast_head_json":{"title":"Portfolio Webnode: aggiungi il widget Portfolio al sito Web Webnode [2025]","description":"Crea un widget Portfolio personalizzato e aggiungilo al tuo sito Webnode. Goditi l'assistenza clienti gratuita e altri bonus da Elfsight.","robots":{"index":"index","follow":"follow","max-snippet":"max-snippet:-1","max-image-preview":"max-image-preview:large","max-video-preview":"max-video-preview:-1"},"canonical":"https:\/\/elfsight.com\/it\/portfolio-widget\/webnode\/","og_locale":"it_IT","og_type":"article","og_title":"Portfolio Webnode: aggiungi il widget Portfolio al sito Web Webnode [2025]","og_description":"Crea un widget Portfolio personalizzato e aggiungilo al tuo sito Webnode. Goditi l'assistenza clienti gratuita e altri bonus da Elfsight.","og_url":"https:\/\/elfsight.com\/it\/portfolio-widget\/webnode\/","og_site_name":"Elfsight IT","article_modified_time":"2024-11-12T08:39:16+00:00","twitter_card":"summary_large_image","twitter_misc":{"Tempo di lettura stimato":"3 minuti"},"schema":{"@context":"https:\/\/schema.org","@graph":[{"@type":"WebPage","@id":"https:\/\/elfsight.com\/it\/portfolio-widget\/webnode\/","url":"https:\/\/elfsight.com\/it\/portfolio-widget\/webnode\/","name":"Portfolio Webnode: aggiungi il widget Portfolio al sito Web Webnode [2025]","isPartOf":{"@id":"https:\/\/elfsight.com\/it\/#website"},"datePublished":"1970-01-01T00:00:00+00:00","dateModified":"2024-11-12T08:39:16+00:00","description":"Crea un widget Portfolio personalizzato e aggiungilo al tuo sito Webnode. Goditi l'assistenza clienti gratuita e altri bonus da Elfsight.","breadcrumb":{"@id":"https:\/\/elfsight.com\/it\/portfolio-widget\/webnode\/#breadcrumb"},"inLanguage":"it-IT","potentialAction":[{"@type":"ReadAction","target":["https:\/\/elfsight.com\/it\/portfolio-widget\/webnode\/"]}]},{"@type":"BreadcrumbList","@id":"https:\/\/elfsight.com\/it\/portfolio-widget\/webnode\/#breadcrumb","itemListElement":[{"@type":"ListItem","position":1,"name":"Home","item":"https:\/\/elfsight.com\/it\/"},{"@type":"ListItem","position":2,"name":"Portfolio","item":"https:\/\/elfsight.com\/it\/portfolio-widget\/"},{"@type":"ListItem","position":3,"name":"Portfolio &#8211; Webnode"}]},{"@type":"WebSite","@id":"https:\/\/elfsight.com\/it\/#website","url":"https:\/\/elfsight.com\/it\/","name":"Elfsight IT","description":"Just another Elfsight Sites site","potentialAction":[{"@type":"SearchAction","target":{"@type":"EntryPoint","urlTemplate":"https:\/\/elfsight.com\/it\/?s={search_term_string}"},"query-input":{"@type":"PropertyValueSpecification","valueRequired":true,"valueName":"search_term_string"}}],"inLanguage":"it-IT"}]}},"meta_box":{"industry":"","seo_heading":"","heading":"","description":"","cta_heading":"","cta_description":"","application":"2271","h1":"Widget Portafoglio Webnode","h1_caption":"Esponi le tue opere e tutti i progetti nel dettaglio per acquisire nuovi clienti.","application_category":[],"applications_title":"","applications_request_title":"","applications_request_button_text":"","hero_text":"","hero_video":"","hero_video_schema_markup":"","selling_points_title":"","selling_points_caption":"","selling_points":[],"selling_points_cta_text":"","features_title":"","features":"","ed_cta_examples_text":"","ed_cta_examples_hidden":"","ed_cta_demo_text":"","ed_cta_demo_hidden":"","why_caption":"","why_editor_title":"","why_editor_text":"","why_team_title":"","why_team_text":"","why_service_title":"","why_service_text":"","template_catalog_visible":"","template_catalog_title":"","template_catalog_text":"","template_catalog_categories_visible":"","demo_title":"Crea il tuo widget Portafoglio","demo_caption":"Configura il tuo portfolio e aggiungilo gratuitamente al tuo sito Webnode!","default_faq_hidden":"","app_template_category":[],"platform":"47","template_public_id":"","codecanyon_url":"","codecanyon_item_id":"","codecanyon_price":"","pricing_caption":"","pricing_elfsight_apps_hide_column":"","pricing_elfsight_apps_url":"","pricing_codecanyon_price_caption":"","integration_category":[],"integration_request_title":"","integration_request_cta":"","integration_platform":"","integrations":[],"platform_category":[],"video_schema_markup":"","price":"da $ 0 al mese","trial":"","benefits":[{"text":"Servizio di installazione gratuito"},{"text":"Assistenza clienti professionale"},{"text":"Garanzia di rimborso di 14 giorni"},{"text":"Miglioramenti gratuiti continui"}],"button_url":"#demo","button_target_blank":"","button_nofollow":"","attributes":[{"name":"Installazioni"},{"name":"Reattivo","content":"S\u00cc"},{"name":"Browser compatibili","content":"Firefox, Safari, Opera, Chrome, Edge"}],"tags":[],"tags_disable_links":"","hide_more_platforms":"","video_object":"","demo_hide_cta":"","demo_hide_cloud_options":"","pricing_title":"","pricing":[{"pricing_icon":"platform","pricing_title":"Elfsight Apps","pricing_title_caption":"Soluzione digitale indipendente dalla piattaforma","pricing_price":"da $ 0 \/ mese","pricing_price_caption":"inizia con il piano gratuito","pricing_benefits":[{"text":"Siti web illimitati"},{"text":"Assistenza clienti premium e ben documentata"},{"text":"Assistenza gratuita per l'installazione"},{"text":"Offerta speciale per pi\u00f9 app"}],"pricing_button_text":"Aggiungi al sito web","pricing_button_url":"#demo"}],"related_apps_title":"","related_apps_hidden":"","author":"","image":[],"title":"","job":"","social_networks":[]},"_links":{"self":[{"href":"https:\/\/elfsight.com\/it\/wp-json\/wp\/v2\/pages\/5418","targetHints":{"allow":["GET"]}}],"collection":[{"href":"https:\/\/elfsight.com\/it\/wp-json\/wp\/v2\/pages"}],"about":[{"href":"https:\/\/elfsight.com\/it\/wp-json\/wp\/v2\/types\/page"}],"author":[{"embeddable":true,"href":"https:\/\/elfsight.com\/it\/wp-json\/wp\/v2\/users\/9"}],"replies":[{"embeddable":true,"href":"https:\/\/elfsight.com\/it\/wp-json\/wp\/v2\/comments?post=5418"}],"version-history":[{"count":1,"href":"https:\/\/elfsight.com\/it\/wp-json\/wp\/v2\/pages\/5418\/revisions"}],"predecessor-version":[{"id":5422,"href":"https:\/\/elfsight.com\/it\/wp-json\/wp\/v2\/pages\/5418\/revisions\/5422"}],"up":[{"embeddable":true,"href":"https:\/\/elfsight.com\/it\/wp-json\/wp\/v2\/pages\/2272"}],"wp:attachment":[{"href":"https:\/\/elfsight.com\/it\/wp-json\/wp\/v2\/media?parent=5418"}],"curies":[{"name":"wp","href":"https:\/\/api.w.org\/{rel}","templated":true}]}}