{"id":5413,"date":"1970-01-01T00:00:00","date_gmt":"1970-01-01T00:00:00","guid":{"rendered":"https:\/\/elfsight.com\/it\/?page_id=5413"},"modified":"2026-01-19T10:26:42","modified_gmt":"2026-01-19T10:26:42","slug":"wix","status":"publish","type":"page","link":"https:\/\/elfsight.com\/it\/portfolio-widget\/wix\/","title":{"rendered":"Portfolio &#8211; Wix"},"content":{"rendered":"\n<div class=\"application-platform-content-item-description application-platform-content-item\" id=\"description\" data-nav-section=\"description\"><h2>Descrizione<\/h2><p>L&#8217;app Elfsight Portfolio \u00e8 progettata per aiutare chiunque abbia bisogno di mostrare il proprio straordinario portfolio sul sito web e attirare clienti. Avendo lo strumento potrai mostrare i progetti con scatti, video, disegni e altri materiali. Ogni file pu\u00f2 avere una descrizione e una data approfondite. Puoi collegare i progetti ai loro siti Web e creare categorie di progetti. I visitatori del sito web visualizzeranno il tuo portfolio di progetti, toccheranno ogni progetto e lo visualizzeranno in dettaglio direttamente sulla tua home page. L&#8217;intestazione mostra il tuo nome completo, la tua foto e le informazioni di contatto, il che facilita il processo di contatto con te. Il pulsante attivo reindirizzer\u00e0 gli utenti alla pagina di acquisto e ti aiuter\u00e0 ad aumentare l&#8217;importo delle vendite. <\/p><div class=\"faq\" data-component=\"FAQ\"><div class=\"faq-item\">\r\n\t\t\t\t\t<div class=\"faq-item-question\">\r\n\t\t\t\t\t\t<h3 class=\"faq-item-question-text\">Come posso incorporare un portfolio nel sito Wix?<\/h3>\r\n\r\n\t\t\t\t\t\t<div class=\"faq-item-question-icon\"><\/div>\r\n\t\t\t\t\t<\/div>\r\n\r\n\t\t\t\t\t<div class=\"faq-item-answer\">\r\n\t\t\t\t\t\t<div class=\"faq-item-answer-text\"><p>La costruzione dello strumento avviene sulle pagine Elfsight e non \u00e8 necessario codificare. Utilizza la nostra demo attiva per dare forma alla tua app personale, acquisire il codice e incorporarlo nel tuo sito. <\/p><\/div>\r\n\t\t\t\t\t<\/div>\r\n\t\t\t\t<\/div><div class=\"faq-item\">\r\n\t\t\t\t\t<div class=\"faq-item-question\">\r\n\t\t\t\t\t\t<h3 class=\"faq-item-question-text\">I migliori esempi di utilizzo dell'integrazione della Portfolio Gallery<\/h3>\r\n\r\n\t\t\t\t\t\t<div class=\"faq-item-question-icon\"><\/div>\r\n\t\t\t\t\t<\/div>\r\n\r\n\t\t\t\t\t<div class=\"faq-item-answer\">\r\n\t\t\t\t\t\t<div class=\"faq-item-answer-text\"><p>Offriamo un&#8217;ampia gamma di possibilit\u00e0 di personalizzazione: widget a lunghezza intera da aggiungere nella zona dei contenuti, plugin mobili per funzionalit\u00e0 di scorrimento, layout per il pi\u00e8 di pagina del tuo sito web, sezione principale e tutti i tipi di opzioni verticali per le barre laterali e i menu del sito web. <\/p><\/div>\r\n\t\t\t\t\t<\/div>\r\n\t\t\t\t<\/div><div class=\"faq-item\">\r\n\t\t\t\t\t<div class=\"faq-item-question\">\r\n\t\t\t\t\t\t<h3 class=\"faq-item-question-text\">Come posso creare un portfolio Slider o Carousel tramite l'agenzia del tuo editor? <\/h3>\r\n\r\n\t\t\t\t\t\t<div class=\"faq-item-question-icon\"><\/div>\r\n\t\t\t\t\t<\/div>\r\n\r\n\t\t\t\t\t<div class=\"faq-item-answer\">\r\n\t\t\t\t\t\t<div class=\"faq-item-answer-text\"><p>Sei libero di apportare eventuali modifiche al widget. Esistono numerosi layout applicabili nell&#8217;editor e tutti possono essere rapidamente personalizzati in base alle tue esigenze. <\/p><\/div>\r\n\t\t\t\t\t<\/div>\r\n\t\t\t\t<\/div><\/div><\/div> <div class=\"application-platform-content-item-features application-platform-content-item\" id=\"features\" data-nav-section=\"features\"><h2>Caratteristiche<\/h2><p>Per ottenere una migliore percezione del widget, guarda l&#8217;elenco delle tratti principali. Rendono il widget incredibilmente vantaggioso per te: <\/p><ul><li>Imposta un numero qualsiasi di progetti e aggiungi titoli; <\/li><li>Crea gruppi e dividi progetti in essi<\/li><li>Seleziona i tipi di dati da mostrare nel popup e al passaggio del mouse; <\/li><li>Aggiungi descrizioni e aggiungi date a tutti i materiali del progetto<\/li><li>Il pulsante attivo nell&#8217;intestazione e nei popup porta gli utenti a qualsiasi pagina<\/li><\/ul><p><a href=\"#demo\">Esplora un elenco completo delle funzionalit\u00e0 nella nostra demo live<\/a><\/p><\/div> <div class=\"application-platform-content-item-installation application-platform-content-item\" id=\"installation\" data-nav-section=\"installation\"><h2>Come aggiungo Portfolio alla mia pagina web Wix? <\/h2><div class=\"video-container\"><iframe allowfullscreen=\"\" frameborder=\"0\" height=\"405\" src=\"https:\/\/www.youtube.com\/embed\/sqVlGIQOF1o?si=RAXGT6PiaHLvoRU6\" width=\"720\"><\/iframe><\/div><p>Segui semplicemente un paio di passaggi indicati di seguito per iniziare a lavorare con lo strumento. <\/p><ol><li><b>Esegui la nostra demo gratuita e inizia a creare il tuo plugin personalizzato. <\/b><br>Specifica il layout e la funzionalit\u00e0 adatti del plugin e salva le modifiche. <\/li><li><b>Copia il codice personale esposto nel box su Elfsight Apps. <\/b><br>Una volta terminata la configurazione del tuo widget personale, copia il codice personale nella finestra che appare e salvalo per ulteriori occasioni. <\/li><li><b>Accedi utilizzando lo strumento sul tuo sito web Wix. <\/b><br>Aggiungi il codice che hai salvato in precedenza nella tua pagina e salva le modifiche. <\/li><li><b>Fatto! La configurazione \u00e8 completamente completata. <\/b><br>Vai alla tua pagina web per vedere come sta funzionando lo strumento. <\/li><\/ol><p>Se dovessi affrontare domande o affrontare qualsiasi difficolt\u00e0, chiedi assistenza al nostro personale di supporto. I nostri consulenti saranno entusiasti di aiutarti con tutti i problemi che potresti riscontrare con lo strumento<\/p><\/div>\n","protected":false},"excerpt":{"rendered":"","protected":false},"author":9,"featured_media":0,"parent":2272,"menu_order":0,"comment_status":"closed","ping_status":"closed","template":"templates\/template-application-platform.php","meta":{"publish_to_discourse":"","publish_post_category":"","wpdc_auto_publish_overridden":"","wpdc_topic_tags":"","wpdc_pin_topic":"","wpdc_pin_until":"","discourse_post_id":"","discourse_permalink":"","wpdc_publishing_response":"","wpdc_publishing_error":"","footnotes":""},"class_list":["post-5413","page","type-page","status-publish","hentry"],"yoast_head":"<!-- This site is optimized with the Yoast SEO plugin v25.3.1 - https:\/\/yoast.com\/wordpress\/plugins\/seo\/ -->\n<title>Wix Portfolio: aggiungi il modello di app Portfolio per il sito Web Wix (gratuito e veloce)<\/title>\n<meta name=\"description\" content=\"\u00c8 assolutamente semplice creare il widget Portfolio e pubblicarlo sul tuo sito Wix. L&#039;assistenza clienti Elfsight \u00e8 gratuita.\" \/>\n<meta name=\"robots\" content=\"index, follow, max-snippet:-1, max-image-preview:large, max-video-preview:-1\" \/>\n<link rel=\"canonical\" href=\"https:\/\/elfsight.com\/it\/portfolio-widget\/wix\/\" \/>\n<meta property=\"og:locale\" content=\"it_IT\" \/>\n<meta property=\"og:type\" content=\"article\" \/>\n<meta property=\"og:title\" content=\"Wix Portfolio: aggiungi il modello di app Portfolio per il sito Web Wix (gratuito e veloce)\" \/>\n<meta property=\"og:description\" content=\"\u00c8 assolutamente semplice creare il widget Portfolio e pubblicarlo sul tuo sito Wix. L&#039;assistenza clienti Elfsight \u00e8 gratuita.\" \/>\n<meta property=\"og:url\" content=\"https:\/\/elfsight.com\/it\/portfolio-widget\/wix\/\" \/>\n<meta property=\"og:site_name\" content=\"Elfsight IT\" \/>\n<meta property=\"article:modified_time\" content=\"2026-01-19T10:26:42+00:00\" \/>\n<meta name=\"twitter:card\" content=\"summary_large_image\" \/>\n<meta name=\"twitter:label1\" content=\"Tempo di lettura stimato\" \/>\n\t<meta name=\"twitter:data1\" content=\"3 minuti\" \/>\n<!-- \/ Yoast SEO plugin. -->","yoast_head_json":{"title":"Wix Portfolio: aggiungi il modello di app Portfolio per il sito Web Wix (gratuito e veloce)","description":"\u00c8 assolutamente semplice creare il widget Portfolio e pubblicarlo sul tuo sito Wix. L'assistenza clienti Elfsight \u00e8 gratuita.","robots":{"index":"index","follow":"follow","max-snippet":"max-snippet:-1","max-image-preview":"max-image-preview:large","max-video-preview":"max-video-preview:-1"},"canonical":"https:\/\/elfsight.com\/it\/portfolio-widget\/wix\/","og_locale":"it_IT","og_type":"article","og_title":"Wix Portfolio: aggiungi il modello di app Portfolio per il sito Web Wix (gratuito e veloce)","og_description":"\u00c8 assolutamente semplice creare il widget Portfolio e pubblicarlo sul tuo sito Wix. L'assistenza clienti Elfsight \u00e8 gratuita.","og_url":"https:\/\/elfsight.com\/it\/portfolio-widget\/wix\/","og_site_name":"Elfsight IT","article_modified_time":"2026-01-19T10:26:42+00:00","twitter_card":"summary_large_image","twitter_misc":{"Tempo di lettura stimato":"3 minuti"},"schema":{"@context":"https:\/\/schema.org","@graph":[{"@type":"WebPage","@id":"https:\/\/elfsight.com\/it\/portfolio-widget\/wix\/","url":"https:\/\/elfsight.com\/it\/portfolio-widget\/wix\/","name":"Wix Portfolio: aggiungi il modello di app Portfolio per il sito Web Wix (gratuito e veloce)","isPartOf":{"@id":"https:\/\/elfsight.com\/it\/#website"},"datePublished":"1970-01-01T00:00:00+00:00","dateModified":"2026-01-19T10:26:42+00:00","description":"\u00c8 assolutamente semplice creare il widget Portfolio e pubblicarlo sul tuo sito Wix. L'assistenza clienti Elfsight \u00e8 gratuita.","breadcrumb":{"@id":"https:\/\/elfsight.com\/it\/portfolio-widget\/wix\/#breadcrumb"},"inLanguage":"it-IT","potentialAction":[{"@type":"ReadAction","target":["https:\/\/elfsight.com\/it\/portfolio-widget\/wix\/"]}]},{"@type":"BreadcrumbList","@id":"https:\/\/elfsight.com\/it\/portfolio-widget\/wix\/#breadcrumb","itemListElement":[{"@type":"ListItem","position":1,"name":"Home","item":"https:\/\/elfsight.com\/it\/"},{"@type":"ListItem","position":2,"name":"Portfolio","item":"https:\/\/elfsight.com\/it\/portfolio-widget\/"},{"@type":"ListItem","position":3,"name":"Portfolio &#8211; Wix"}]},{"@type":"WebSite","@id":"https:\/\/elfsight.com\/it\/#website","url":"https:\/\/elfsight.com\/it\/","name":"Elfsight IT","description":"Just another Elfsight Sites site","potentialAction":[{"@type":"SearchAction","target":{"@type":"EntryPoint","urlTemplate":"https:\/\/elfsight.com\/it\/?s={search_term_string}"},"query-input":{"@type":"PropertyValueSpecification","valueRequired":true,"valueName":"search_term_string"}}],"inLanguage":"it-IT"}]}},"meta_box":{"industry":"","seo_heading":"","heading":"","description":"","cta_heading":"","cta_description":"","application":"2271","h1":"Applicazione Wix Portfolio","h1_caption":"Lascia che il tuo pubblico ammiri le opere d'arte e l'intera gamma di progetti in modo pi\u00f9 dettagliato e attiri nuovi clienti","application_category":[],"applications_title":"","applications_request_title":"","applications_request_button_text":"","hero_text":"","hero_video":"","hero_video_schema_markup":"","selling_points_title":"","selling_points_caption":"","selling_points":[],"selling_points_cta_text":"","features_title":"","features":"","ed_cta_examples_text":"","ed_cta_examples_hidden":"","ed_cta_demo_text":"","ed_cta_demo_hidden":"","why_caption":"","why_editor_title":"","why_editor_text":"","why_team_title":"","why_team_text":"","why_service_title":"","why_service_text":"","template_catalog_visible":"0","template_catalog_title":"","template_catalog_text":"","template_catalog_categories_visible":"","demo_title":"Crea la tua app Portfolio","demo_caption":"Configura il tuo portfolio e aggiungilo gratuitamente al tuo sito Wix!","default_faq_hidden":"","app_template_category":[],"platform":"29","template_public_id":"","codecanyon_url":"","codecanyon_item_id":"","codecanyon_price":"","pricing_caption":"","pricing_elfsight_apps_hide_column":"","pricing_elfsight_apps_url":"","pricing_codecanyon_price_caption":"","integration_category":[],"integration_request_title":"","integration_request_cta":"","integration_platform":"","integrations":[],"platform_category":[],"video_schema_markup":"","price":"da $ 0 al mese","trial":"","benefits":[{"text":"Aiuto gratuito per l'installazione"},{"text":"Supporto premium"},{"text":"Garanzia di rimborso di 14 giorni"},{"text":"Sviluppo continuo"}],"button_url":"#demo","button_target_blank":"0","button_nofollow":"0","attributes":[{"name":"Installazioni"},{"name":"Reattivo","content":"S\u00cc"},{"name":"Browser compatibili","content":"Firefox, Safari, Opera, Chrome, Edge"}],"tags":[],"tags_disable_links":"0","hide_more_platforms":"0","video_object":"","demo_hide_cta":"0","demo_hide_cloud_options":"0","pricing_title":"","pricing":[{"pricing_icon":"platform","pricing_title":"Elfsight Apps","pricing_title_caption":"Soluzione multipiattaforma adatta a qualsiasi sito web","pricing_price":"da $ 0 \/ mese","pricing_price_caption":"inizia con il piano gratuito","pricing_benefits":[{"text":"Numero illimitato di siti web"},{"text":"Assistenza clienti professionale"},{"text":"Servizio di installazione gratuito"},{"text":"Progettazione flessibile"}],"pricing_button_text":"Aggiungi al sito web","pricing_button_url":"#demo"}],"related_apps_title":"","related_apps_hidden":"0","author":"","image":[],"title":"","job":"","social_networks":[]},"_links":{"self":[{"href":"https:\/\/elfsight.com\/it\/wp-json\/wp\/v2\/pages\/5413","targetHints":{"allow":["GET"]}}],"collection":[{"href":"https:\/\/elfsight.com\/it\/wp-json\/wp\/v2\/pages"}],"about":[{"href":"https:\/\/elfsight.com\/it\/wp-json\/wp\/v2\/types\/page"}],"author":[{"embeddable":true,"href":"https:\/\/elfsight.com\/it\/wp-json\/wp\/v2\/users\/9"}],"replies":[{"embeddable":true,"href":"https:\/\/elfsight.com\/it\/wp-json\/wp\/v2\/comments?post=5413"}],"version-history":[{"count":4,"href":"https:\/\/elfsight.com\/it\/wp-json\/wp\/v2\/pages\/5413\/revisions"}],"predecessor-version":[{"id":10588,"href":"https:\/\/elfsight.com\/it\/wp-json\/wp\/v2\/pages\/5413\/revisions\/10588"}],"up":[{"embeddable":true,"href":"https:\/\/elfsight.com\/it\/wp-json\/wp\/v2\/pages\/2272"}],"wp:attachment":[{"href":"https:\/\/elfsight.com\/it\/wp-json\/wp\/v2\/media?parent=5413"}],"curies":[{"name":"wp","href":"https:\/\/api.w.org\/{rel}","templated":true}]}}