{"id":5411,"date":"1970-01-01T00:00:00","date_gmt":"1970-01-01T00:00:00","guid":{"rendered":"https:\/\/elfsight.com\/it\/?page_id=5411"},"modified":"2026-01-15T10:11:58","modified_gmt":"2026-01-15T10:11:58","slug":"wordpress","status":"publish","type":"page","link":"https:\/\/elfsight.com\/it\/portfolio-widget\/wordpress\/","title":{"rendered":"Portfolio &#8211; WordPress"},"content":{"rendered":"\n<div class=\"application-platform-content-item-description application-platform-content-item\" id=\"description\" data-nav-section=\"description\"><h2>Incorpora Portfolio su WordPress con il widget Elfsight<\/h2><p>Elfsight Portfolio \u00e8 pensato per ogni persona che intende presentare la propria straordinaria libreria sul sito web e ottieni nuove vendite. Utilizzando il nostro strumento, potrai inviare nuovamente selezioni di immagini, contenuti video, schizzi e altri materiali. Ogni contenuto pu\u00f2 contenere testo e data dettagliati. Puoi associare progetti ai loro siti Web e diffondere progetti in gruppi. Gli utenti visualizzeranno il portfolio del tuo progetto, toccheranno un portfolio e visualizzeranno tutte le riprese e le videocassette direttamente sul tuo sito web. L&#8217;intestazione mostrer\u00e0 il tuo nome completo, foto e informazioni di contatto, che facilitano il processo per raggiungerti. Il pulsante CTA porter\u00e0 i clienti alla pagina di effettuazione dell&#8217;ordine e ti aiuter\u00e0 ad ampliare il numero di vendite. <\/p><div class=\"faq\" data-component=\"FAQ\"><div class=\"faq-item\">\r\n\t\t\t\t\t<div class=\"faq-item-question\">\r\n\t\t\t\t\t\t<h3 class=\"faq-item-question-text\">Come posso incorporare un portfolio nel mio sito Web WordPress?<\/h3>\r\n\r\n\t\t\t\t\t\t<div class=\"faq-item-question-icon\"><\/div>\r\n\t\t\t\t\t<\/div>\r\n\r\n\t\t\t\t\t<div class=\"faq-item-answer\">\r\n\t\t\t\t\t\t<div class=\"faq-item-answer-text\"><p>La fondazione del widget viene eseguita all&#8217;interno del sito Web Elfsight e non \u00e8 necessario imparare a programmare. Utilizza la nostra demo live per progettare il tuo strumento, ottenere il codice e inserirlo nel tuo sito web. <\/p><\/div>\r\n\t\t\t\t\t<\/div>\r\n\t\t\t\t<\/div><div class=\"faq-item\">\r\n\t\t\t\t\t<div class=\"faq-item-question\">\r\n\t\t\t\t\t\t<h3 class=\"faq-item-question-text\">I migliori esempi di utilizzo dell'integrazione del portfolio di siti web<\/h3>\r\n\r\n\t\t\t\t\t\t<div class=\"faq-item-question-icon\"><\/div>\r\n\t\t\t\t\t<\/div>\r\n\r\n\t\t\t\t\t<div class=\"faq-item-answer\">\r\n\t\t\t\t\t\t<div class=\"faq-item-answer-text\"><p>Ti garantiamo molte possibilit\u00e0 di personalizzazione: widget a lunghezza intera da incorporare nell&#8217;area dei contenuti, plugin mobili per le opportunit\u00e0 di scorrimento, miniature per il pi\u00e8 di pagina del tuo sito web, intestazione e tutti i tipi di possibilit\u00e0 verticali per barre laterali e menu. <\/p><\/div>\r\n\t\t\t\t\t<\/div>\r\n\t\t\t\t<\/div><div class=\"faq-item\">\r\n\t\t\t\t\t<div class=\"faq-item-question\">\r\n\t\t\t\t\t\t<h3 class=\"faq-item-question-text\">Posso creare una galleria reattiva o un portfolio di immagini tramite l'agenzia dell'editor? <\/h3>\r\n\r\n\t\t\t\t\t\t<div class=\"faq-item-question-icon\"><\/div>\r\n\t\t\t\t\t<\/div>\r\n\r\n\t\t\t\t\t<div class=\"faq-item-answer\">\r\n\t\t\t\t\t\t<div class=\"faq-item-answer-text\"><p>Puoi modellare qualsiasi variazione del widget. Ci sono molti layout disponibili nell&#8217;editor e tutti possono essere facilmente personalizzati secondo le tue necessit\u00e0. <\/p><\/div>\r\n\t\t\t\t\t<\/div>\r\n\t\t\t\t<\/div><\/div><h2>Caratteristiche principali del widget Portfolio<\/h2><p>Per avere una percezione chiara del widget, esamina l&#8217;elenco delle sue funzioni pi\u00f9 importanti. Rendono il nostro widget estremamente efficace per il tuo negozio: <\/p><ul><li>Imposta un numero qualsiasi di progetti e aggiungi titoli; <\/li><li>Stabilisci categorie e dividi i progetti in esse<\/li><li>Decidi i tipi di dati da mostrare nel popup e al passaggio del mouse; <\/li><li>L&#8217;opzione per aggiungere descrizioni e assegnare date a tutti i file nel progetto<\/li><li>Il pulsante attivo nell&#8217;intestazione e nel popup porta i clienti a qualsiasi pagina<\/li><\/ul><p><a href=\"#demo\">Per scoprire altre funzionalit\u00e0, guarda la demo<\/a><\/p><\/div> <div class=\"application-platform-content-item-installation application-platform-content-item\" id=\"installation\" data-nav-section=\"installation\"><h2>Come aggiungere portfolio a WordPress? <\/h2><div class=\"video-container\"><iframe allowfullscreen=\"\" frameborder=\"0\" height=\"405\" src=\"https:\/\/www.youtube.com\/embed\/Iz6-GukMZ4M?si=eFCMqC7ckcdrOMlH\" width=\"720\"><\/iframe><\/div><p>Basta seguire i passaggi presentati di seguito per integrare lo strumento. <\/p><ol><li><b>Gestisci il nostro configuratore gratuito e inizia a dare forma al tuo widget unico. <\/b><br>Scegli la forma e le funzionalit\u00e0 preferite del widget e applica le correzioni. <\/li><li><b>Copia il codice univoco riportato nell&#8217;apposito modulo su Elfsight Apps. <\/b><br>Non appena la configurazione del tuo plugin Portfolio \u00e8 terminata, copia il codice esclusivo nella casella emersa e conservalo per necessit\u00e0 successive. <\/li><li><b>Inizia l&#8217;utilizzo del plugin sulla tua pagina web WordPress. <\/b><br>Incolla il codice che hai salvato in precedenza nel tuo sito web e salva le modifiche. <\/li><li><b>L&#8217;installazione \u00e8 stata completata con successo. <\/b><br>Visita la tua pagina per verificare come funziona lo strumento. <\/li><\/ol><p>Per ulteriori dettagli sul plugin, consultare il <a href=\"https:\/\/elfsight.com\/blog\/how-to-add-portfolio-to-wordpress-with-elfsight-plugin\/\" target=\"_blank\" rel=\"noopener\">articolo sull&#8217;aggiunta di portfolio ai siti Web WordPress<\/a>.<\/p><p>A condizione di gestire richieste o di incontrare difficolt\u00e0, non esitate a contattare il nostro team di assistenza clienti. I nostri consulenti sono ansiosi di risolvere tutte le difficolt\u00e0 che potresti avere con il widget<\/p><\/div>\n","protected":false},"excerpt":{"rendered":"","protected":false},"author":9,"featured_media":0,"parent":2272,"menu_order":0,"comment_status":"closed","ping_status":"closed","template":"templates\/template-application-platform.php","meta":{"publish_to_discourse":"","publish_post_category":"","wpdc_auto_publish_overridden":"","wpdc_topic_tags":"","wpdc_pin_topic":"","wpdc_pin_until":"","discourse_post_id":"","discourse_permalink":"","wpdc_publishing_response":"","wpdc_publishing_error":"","footnotes":""},"class_list":["post-5411","page","type-page","status-publish","hentry"],"yoast_head":"<!-- This site is optimized with the Yoast SEO plugin v25.3.1 - https:\/\/yoast.com\/wordpress\/plugins\/seo\/ -->\n<title>Plugin Portfolio reattivo per sito WordPress (gratuito e veloce)<\/title>\n<meta name=\"description\" content=\"\u00c8 semplicissimo creare il plug-in Portfolio e inserirlo sul sito Web WordPress. L&#039;assistenza clienti Elfsight \u00e8 gratuita e veloce.\" \/>\n<meta name=\"robots\" content=\"index, follow, max-snippet:-1, max-image-preview:large, max-video-preview:-1\" \/>\n<link rel=\"canonical\" href=\"https:\/\/elfsight.com\/it\/portfolio-widget\/wordpress\/\" \/>\n<meta property=\"og:locale\" content=\"it_IT\" \/>\n<meta property=\"og:type\" content=\"article\" \/>\n<meta property=\"og:title\" content=\"Plugin Portfolio reattivo per sito WordPress (gratuito e veloce)\" \/>\n<meta property=\"og:description\" content=\"\u00c8 semplicissimo creare il plug-in Portfolio e inserirlo sul sito Web WordPress. L&#039;assistenza clienti Elfsight \u00e8 gratuita e veloce.\" \/>\n<meta property=\"og:url\" content=\"https:\/\/elfsight.com\/it\/portfolio-widget\/wordpress\/\" \/>\n<meta property=\"og:site_name\" content=\"Elfsight IT\" \/>\n<meta property=\"article:modified_time\" content=\"2026-01-15T10:11:58+00:00\" \/>\n<meta name=\"twitter:card\" content=\"summary_large_image\" \/>\n<meta name=\"twitter:label1\" content=\"Tempo di lettura stimato\" \/>\n\t<meta name=\"twitter:data1\" content=\"3 minuti\" \/>\n<!-- \/ Yoast SEO plugin. -->","yoast_head_json":{"title":"Plugin Portfolio reattivo per sito WordPress (gratuito e veloce)","description":"\u00c8 semplicissimo creare il plug-in Portfolio e inserirlo sul sito Web WordPress. L'assistenza clienti Elfsight \u00e8 gratuita e veloce.","robots":{"index":"index","follow":"follow","max-snippet":"max-snippet:-1","max-image-preview":"max-image-preview:large","max-video-preview":"max-video-preview:-1"},"canonical":"https:\/\/elfsight.com\/it\/portfolio-widget\/wordpress\/","og_locale":"it_IT","og_type":"article","og_title":"Plugin Portfolio reattivo per sito WordPress (gratuito e veloce)","og_description":"\u00c8 semplicissimo creare il plug-in Portfolio e inserirlo sul sito Web WordPress. L'assistenza clienti Elfsight \u00e8 gratuita e veloce.","og_url":"https:\/\/elfsight.com\/it\/portfolio-widget\/wordpress\/","og_site_name":"Elfsight IT","article_modified_time":"2026-01-15T10:11:58+00:00","twitter_card":"summary_large_image","twitter_misc":{"Tempo di lettura stimato":"3 minuti"},"schema":{"@context":"https:\/\/schema.org","@graph":[{"@type":"WebPage","@id":"https:\/\/elfsight.com\/it\/portfolio-widget\/wordpress\/","url":"https:\/\/elfsight.com\/it\/portfolio-widget\/wordpress\/","name":"Plugin Portfolio reattivo per sito WordPress (gratuito e veloce)","isPartOf":{"@id":"https:\/\/elfsight.com\/it\/#website"},"datePublished":"1970-01-01T00:00:00+00:00","dateModified":"2026-01-15T10:11:58+00:00","description":"\u00c8 semplicissimo creare il plug-in Portfolio e inserirlo sul sito Web WordPress. L'assistenza clienti Elfsight \u00e8 gratuita e veloce.","breadcrumb":{"@id":"https:\/\/elfsight.com\/it\/portfolio-widget\/wordpress\/#breadcrumb"},"inLanguage":"it-IT","potentialAction":[{"@type":"ReadAction","target":["https:\/\/elfsight.com\/it\/portfolio-widget\/wordpress\/"]}]},{"@type":"BreadcrumbList","@id":"https:\/\/elfsight.com\/it\/portfolio-widget\/wordpress\/#breadcrumb","itemListElement":[{"@type":"ListItem","position":1,"name":"Home","item":"https:\/\/elfsight.com\/it\/"},{"@type":"ListItem","position":2,"name":"Portfolio","item":"https:\/\/elfsight.com\/it\/portfolio-widget\/"},{"@type":"ListItem","position":3,"name":"Portfolio &#8211; WordPress"}]},{"@type":"WebSite","@id":"https:\/\/elfsight.com\/it\/#website","url":"https:\/\/elfsight.com\/it\/","name":"Elfsight IT","description":"Just another Elfsight Sites site","potentialAction":[{"@type":"SearchAction","target":{"@type":"EntryPoint","urlTemplate":"https:\/\/elfsight.com\/it\/?s={search_term_string}"},"query-input":{"@type":"PropertyValueSpecification","valueRequired":true,"valueName":"search_term_string"}}],"inLanguage":"it-IT"}]}},"meta_box":{"industry":"","seo_heading":"","heading":"","description":"","cta_heading":"","cta_description":"","application":"2271","h1":"Plug-in per portfolio WordPress","h1_caption":"Dimostra i tuoi lavori migliori e l'intera serie di progetti per attirare nuovi clienti","application_category":[],"applications_title":"","applications_request_title":"","applications_request_button_text":"","hero_text":"","hero_video":"","hero_video_schema_markup":"","selling_points_title":"","selling_points_caption":"","selling_points":[],"selling_points_cta_text":"","features_title":"","features":"","ed_cta_examples_text":"","ed_cta_examples_hidden":"","ed_cta_demo_text":"","ed_cta_demo_hidden":"","why_caption":"","why_editor_title":"","why_editor_text":"","why_team_title":"","why_team_text":"","why_service_title":"","why_service_text":"","template_catalog_visible":"0","template_catalog_title":"","template_catalog_text":"","template_catalog_categories_visible":"","demo_title":"Crea il tuo plug-in Portfolio","demo_caption":"Configura il tuo portfolio e aggiungilo gratuitamente al tuo sito WordPress!","default_faq_hidden":"","app_template_category":[],"platform":"28","template_public_id":"","codecanyon_url":"","codecanyon_item_id":"","codecanyon_price":"","pricing_caption":"","pricing_elfsight_apps_hide_column":"","pricing_elfsight_apps_url":"","pricing_codecanyon_price_caption":"","integration_category":[],"integration_request_title":"","integration_request_cta":"","integration_platform":"","integrations":[],"platform_category":[],"video_schema_markup":"","price":"da $ 0 al mese","trial":"","benefits":[{"text":"Assistenza per l'installazione gratuita"},{"text":"Supporto premium"},{"text":"Garanzia di rimborso di 14 giorni"},{"text":"Miglioramenti continui"}],"button_url":"#demo","button_target_blank":"0","button_nofollow":"0","attributes":[{"name":"Installazioni"},{"name":"Reattivo","content":"S\u00cc"},{"name":"Browser compatibili","content":"Edge, Safari, Opera, Chrome, Firefox"}],"tags":[],"tags_disable_links":"0","hide_more_platforms":"0","video_object":"","demo_hide_cta":"0","demo_hide_cloud_options":"0","pricing_title":"","pricing":[{"pricing_icon":"platform","pricing_title":"Elfsight Apps","pricing_title_caption":"Soluzione multipiattaforma","pricing_price":"da $ 0 \/ mese","pricing_price_caption":"inizia con il piano gratuito","pricing_benefits":[{"text":"Domini illimitati"},{"text":"Supporto gratuito"},{"text":"Assistenza gratuita per l'installazione"},{"text":"Offerta speciale per pi\u00f9 app"}],"pricing_button_text":"Aggiungi al sito web","pricing_button_url":"#demo"}],"related_apps_title":"","related_apps_hidden":"0","author":"","image":[],"title":"","job":"","social_networks":[]},"_links":{"self":[{"href":"https:\/\/elfsight.com\/it\/wp-json\/wp\/v2\/pages\/5411","targetHints":{"allow":["GET"]}}],"collection":[{"href":"https:\/\/elfsight.com\/it\/wp-json\/wp\/v2\/pages"}],"about":[{"href":"https:\/\/elfsight.com\/it\/wp-json\/wp\/v2\/types\/page"}],"author":[{"embeddable":true,"href":"https:\/\/elfsight.com\/it\/wp-json\/wp\/v2\/users\/9"}],"replies":[{"embeddable":true,"href":"https:\/\/elfsight.com\/it\/wp-json\/wp\/v2\/comments?post=5411"}],"version-history":[{"count":5,"href":"https:\/\/elfsight.com\/it\/wp-json\/wp\/v2\/pages\/5411\/revisions"}],"predecessor-version":[{"id":10584,"href":"https:\/\/elfsight.com\/it\/wp-json\/wp\/v2\/pages\/5411\/revisions\/10584"}],"up":[{"embeddable":true,"href":"https:\/\/elfsight.com\/it\/wp-json\/wp\/v2\/pages\/2272"}],"wp:attachment":[{"href":"https:\/\/elfsight.com\/it\/wp-json\/wp\/v2\/media?parent=5411"}],"curies":[{"name":"wp","href":"https:\/\/api.w.org\/{rel}","templated":true}]}}