{"id":5410,"date":"1970-01-01T00:00:00","date_gmt":"1970-01-01T00:00:00","guid":{"rendered":"https:\/\/elfsight.com\/it\/?page_id=5410"},"modified":"2025-03-23T19:45:55","modified_gmt":"2025-03-23T19:45:55","slug":"iframe","status":"publish","type":"page","link":"https:\/\/elfsight.com\/it\/portfolio-widget\/iframe\/","title":{"rendered":"Portfolio &#8211; iFrame"},"content":{"rendered":"\n<div class=\"application-platform-content-item-description application-platform-content-item\" id=\"description\" data-nav-section=\"description\"><h2>Incorpora portfolio su iFrame con il widget Elfsight<\/h2><p>Lo strumento Portfolio Elfsight \u00e8 creato per aiutare ogni persona che ha bisogno di esporre il proprio portafoglio sul sito e avere pi\u00f9 ordini. Con l&#8217;aiuto dello strumento avrai l&#8217;opportunit\u00e0 di presentare progetti con immagini, contenuti video, modelli e altri materiali. Ogni file di progetto pu\u00f2 essere accompagnato da una descrizione esauriente e da una data. \u00c8 possibile collegare progetti ai siti e stabilire categorie di progetti. I visitatori del sito web visualizzeranno il tuo portfolio di progetti, inseriranno ciascun progetto e lo guarderanno in dettaglio direttamente sul tuo sito. L&#8217;intestazione mostrer\u00e0 il tuo nome, la tua foto e i dati di contatto, che consentiranno di metterti in contatto con te. Il pulsante di invito all&#8217;azione condurr\u00e0 le persone alla pagina dell&#8217;ordine e ti aiuter\u00e0 ad aumentare il numero di vendite.<\/p><div class=\"faq\" data-component=\"FAQ\"> <div class=\"faq-item\">\r\n\t\t\t\t\t<div class=\"faq-item-question\">\r\n\t\t\t\t\t\t<h3 class=\"faq-item-question-text\">Dove posso pubblicare portfolio<\/h3>\r\n\r\n\t\t\t\t\t\t<div class=\"faq-item-question-icon\"><\/div>\r\n\t\t\t\t\t<\/div>\r\n\r\n\t\t\t\t\t<div class=\"faq-item-answer\">\r\n\t\t\t\t\t\t<div class=\"faq-item-answer-text\"><p> Pu\u00f2 essere integrato su qualsiasi pagina del sito cos\u00ec come su tutte le pagine web. Il tuo affascinante portfolio attirer\u00e0 l&#8217;attenzione dei visitatori posizionati sulla pagina principale del sito e potranno visualizzare i tuoi servizi nelle pagine Portfolio.<\/p><\/div>\r\n\t\t\t\t\t<\/div>\r\n\t\t\t\t<\/div><div class=\"faq-item\">\r\n\t\t\t\t\t<div class=\"faq-item-question\">\r\n\t\t\t\t\t\t<h3 class=\"faq-item-question-text\">Che vantaggi mi dar\u00e0?<\/h3>\r\n\r\n\t\t\t\t\t\t<div class=\"faq-item-question-icon\"><\/div>\r\n\t\t\t\t\t<\/div>\r\n\r\n\t\t\t\t\t<div class=\"faq-item-answer\">\r\n\t\t\t\t\t\t<div class=\"faq-item-answer-text\"><p> Un&#8217;impressionante raccolta dei tuoi lavori riveler\u00e0 agli utenti tutte le tue grandi capacit\u00e0 e creativit\u00e0. Anche loro saranno ansiosi di utilizzare i tuoi servizi e avrai nuovi ordini. Inoltre, restando facilmente contattabile, aumenterai il numero di lead.<\/p><\/div>\r\n\t\t\t\t\t<\/div>\r\n\t\t\t\t<\/div><div class=\"faq-item\">\r\n\t\t\t\t\t<div class=\"faq-item-question\">\r\n\t\t\t\t\t\t<h3 class=\"faq-item-question-text\">Come installo Portfolio sul mio sito web iFrame?<\/h3>\r\n\r\n\t\t\t\t\t\t<div class=\"faq-item-question-icon\"><\/div>\r\n\t\t\t\t\t<\/div>\r\n\r\n\t\t\t\t\t<div class=\"faq-item-answer\">\r\n\t\t\t\t\t\t<div class=\"faq-item-answer-text\"><p>Avrai solo bisogno di un un paio di minuti di tempo per iniziare a utilizzare il widget. \u00c8 estremamente veloce, gratuito e privo di codifica.<\/p><p>Puoi inserire Portfolio nella tua pagina web tramite il nostro servizio. Basta consultare la guida pi\u00f9 avanti in questa pagina.<\/p><\/div>\r\n\t\t\t\t\t<\/div>\r\n\t\t\t\t<\/div><\/div><\/div><div class=\"application-platform-content-item-features application-platform-content-item\" id=\"features\" data-nav-section=\"features\"><h2>Caratteristiche principali del widget Portfolio<\/h2><p>Per avere una conoscenza pi\u00f9 chiara di iFrame Portfolio, guarda l&#8217;elenco dei suoi tratti essenziali. Rendono il widget davvero efficiente per te:<\/p><ul><li>Visualizza qualsiasi quantit\u00e0 di progetti e aggiungi titoli di progetti;<\/li><li>Crea categorie e dividi progetti in esse;<\/li><li>Decidi i tipi di informazioni da mostrare nel popup e al passaggio del mouse;<\/li><li>L&#8217;opzione per aggiungere testi e assegnare date a tutti i materiali nel progetto;<\/li><li>Pulsante attivo sull&#8217;intestazione e in il popup porta i clienti a qualsiasi indirizzo.<\/li><\/ul><p><a href=\"#demo\">Per conoscere altre funzionalit\u00e0, guarda la demo<\/a><\/p><\/div><div class=\"application-platform-content-item-installation application-platform-content-item\" id=\"installation\" data-nav-section=\"installation\"><h2>Come aggiungere il widget Portfolio sul tuo sito web iFrame<\/h2><p>Un paio di semplici azioni sono l&#8217;unica cosa che devi fare.<\/p><ol><li><b>Progetta il tuo plugin Portfolio unico<\/b><br> Nella nostra demo gratuita, crea un plugin con l&#8217;interfaccia e le funzioni che preferisci. <\/li><li><b>Copia il codice personale per installare il plugin<\/b><br> Dopo aver personalizzato il tuo widget, otterrai il codice univoco dalla notifica che apparir\u00e0 su Elfsight Apps. Copia il codice per un ulteriore utilizzo. <\/li> <li><b>Incorpora il plug-in nel tuo sito Web iFrame<\/b><br> Vai nel luogo in cui prevedi di posizionare il plug-in e aggiungi l\u00ec il codice salvato. Applicare i risultati. <\/li> <li><b>Hai finito! <\/b><br> Entra nel negozio, per visionare i tuoi lavori. <\/li> <\/ol><p>Hai ancora dubbi o domande? Basta una singola richiesta al nostro supporto clienti per risolvere ogni problema.<\/p><div class=\"faq\" data-component=\"FAQ\"><div class=\"faq-item\">\r\n\t\t\t\t\t<div class=\"faq-item-question\">\r\n\t\t\t\t\t\t<h3 class=\"faq-item-question-text\">Come posso incorporare un widget Portfolio nel mio sito web Squarespace senza competenze di programmazione?<\/h3>\r\n\r\n\t\t\t\t\t\t<div class=\"faq-item-question-icon\"><\/div>\r\n\t\t\t\t\t<\/div>\r\n\r\n\t\t\t\t\t<div class=\"faq-item-answer\">\r\n\t\t\t\t\t\t<div class=\"faq-item-answer-text\"><p>Elfsight fornisce un servizio Cloud- soluzione basata che consente agli utenti di creare autonomamente un widget Portfolio. Scopri quanto pu\u00f2 essere semplice il processo:<\/p><ul><li>Accedi all&#8217;editor online per generare una sezione widget Portfolio che desideri includere nel tuo sito Squarespace.<\/li><li>Seleziona uno dei nostri modelli predefiniti e configura le impostazioni del widget Portfolio, regola il layout e la combinazione di colori e incorpora i tuoi contenuti senza la necessit\u00e0 di codifica.<\/li><li>Conserva le impostazioni che hai configurato per il widget Portfolio e acquisisci il codice per l&#8217;incorporamento, che pu\u00f2 essere inserito facilmente e gratuitamente nel tuo sito Squarespace.<\/li><\/ul><p>Lavorando nell&#8217;editor intuitivo, qualsiasi utente di Internet pu\u00f2 creare una sezione widget Portfolio e aggiungerla a il loro sito web Squarespace. Non \u00e8 necessario effettuare alcun pagamento o condividere i dati della tua carta di credito per accedere all&#8217;editor Elfsight. Se riscontri problemi in qualsiasi fase, non esitare a contattare la nostra assistenza clienti per assistenza.<\/p><\/div>\r\n\t\t\t\t\t<\/div>\r\n\t\t\t\t<\/div><\/div><\/div><!-- \/wp:html - &gt; \/wp:html -->\n","protected":false},"excerpt":{"rendered":"","protected":false},"author":9,"featured_media":0,"parent":2272,"menu_order":0,"comment_status":"closed","ping_status":"closed","template":"templates\/template-application-platform.php","meta":{"publish_to_discourse":"","publish_post_category":"","wpdc_auto_publish_overridden":"","wpdc_topic_tags":"","wpdc_pin_topic":"","wpdc_pin_until":"","discourse_post_id":"","discourse_permalink":"","wpdc_publishing_response":"","wpdc_publishing_error":"","footnotes":""},"class_list":["post-5410","page","type-page","status-publish","hentry"],"yoast_head":"<!-- This site is optimized with the Yoast SEO plugin v25.3.1 - https:\/\/yoast.com\/wordpress\/plugins\/seo\/ -->\n<title>Widget iFrame Portfolio per il tuo sito web (gratuito e veloce)<\/title>\n<meta name=\"description\" content=\"Con Elfsight, costruisci il tuo widget Portfolio e pubblicalo rapidamente sul tuo sito web iFrame. Abbiamo supporto clienti gratuito e pi\u00f9 bonus.\" \/>\n<meta name=\"robots\" content=\"index, follow, max-snippet:-1, max-image-preview:large, max-video-preview:-1\" \/>\n<link rel=\"canonical\" href=\"https:\/\/elfsight.com\/it\/portfolio-widget\/iframe\/\" \/>\n<meta property=\"og:locale\" content=\"it_IT\" \/>\n<meta property=\"og:type\" content=\"article\" \/>\n<meta property=\"og:title\" content=\"Widget iFrame Portfolio per il tuo sito web (gratuito e veloce)\" \/>\n<meta property=\"og:description\" content=\"Con Elfsight, costruisci il tuo widget Portfolio e pubblicalo rapidamente sul tuo sito web iFrame. Abbiamo supporto clienti gratuito e pi\u00f9 bonus.\" \/>\n<meta property=\"og:url\" content=\"https:\/\/elfsight.com\/it\/portfolio-widget\/iframe\/\" \/>\n<meta property=\"og:site_name\" content=\"Elfsight IT\" \/>\n<meta property=\"article:modified_time\" content=\"2025-03-23T19:45:55+00:00\" \/>\n<meta name=\"twitter:card\" content=\"summary_large_image\" \/>\n<meta name=\"twitter:label1\" content=\"Tempo di lettura stimato\" \/>\n\t<meta name=\"twitter:data1\" content=\"4 minuti\" \/>\n<!-- \/ Yoast SEO plugin. -->","yoast_head_json":{"title":"Widget iFrame Portfolio per il tuo sito web (gratuito e veloce)","description":"Con Elfsight, costruisci il tuo widget Portfolio e pubblicalo rapidamente sul tuo sito web iFrame. Abbiamo supporto clienti gratuito e pi\u00f9 bonus.","robots":{"index":"index","follow":"follow","max-snippet":"max-snippet:-1","max-image-preview":"max-image-preview:large","max-video-preview":"max-video-preview:-1"},"canonical":"https:\/\/elfsight.com\/it\/portfolio-widget\/iframe\/","og_locale":"it_IT","og_type":"article","og_title":"Widget iFrame Portfolio per il tuo sito web (gratuito e veloce)","og_description":"Con Elfsight, costruisci il tuo widget Portfolio e pubblicalo rapidamente sul tuo sito web iFrame. Abbiamo supporto clienti gratuito e pi\u00f9 bonus.","og_url":"https:\/\/elfsight.com\/it\/portfolio-widget\/iframe\/","og_site_name":"Elfsight IT","article_modified_time":"2025-03-23T19:45:55+00:00","twitter_card":"summary_large_image","twitter_misc":{"Tempo di lettura stimato":"4 minuti"},"schema":{"@context":"https:\/\/schema.org","@graph":[{"@type":"WebPage","@id":"https:\/\/elfsight.com\/it\/portfolio-widget\/iframe\/","url":"https:\/\/elfsight.com\/it\/portfolio-widget\/iframe\/","name":"Widget iFrame Portfolio per il tuo sito web (gratuito e veloce)","isPartOf":{"@id":"https:\/\/elfsight.com\/it\/#website"},"datePublished":"1970-01-01T00:00:00+00:00","dateModified":"2025-03-23T19:45:55+00:00","description":"Con Elfsight, costruisci il tuo widget Portfolio e pubblicalo rapidamente sul tuo sito web iFrame. Abbiamo supporto clienti gratuito e pi\u00f9 bonus.","breadcrumb":{"@id":"https:\/\/elfsight.com\/it\/portfolio-widget\/iframe\/#breadcrumb"},"inLanguage":"it-IT","potentialAction":[{"@type":"ReadAction","target":["https:\/\/elfsight.com\/it\/portfolio-widget\/iframe\/"]}]},{"@type":"BreadcrumbList","@id":"https:\/\/elfsight.com\/it\/portfolio-widget\/iframe\/#breadcrumb","itemListElement":[{"@type":"ListItem","position":1,"name":"Home","item":"https:\/\/elfsight.com\/it\/"},{"@type":"ListItem","position":2,"name":"Portfolio","item":"https:\/\/elfsight.com\/it\/portfolio-widget\/"},{"@type":"ListItem","position":3,"name":"Portfolio &#8211; iFrame"}]},{"@type":"WebSite","@id":"https:\/\/elfsight.com\/it\/#website","url":"https:\/\/elfsight.com\/it\/","name":"Elfsight IT","description":"Just another Elfsight Sites site","potentialAction":[{"@type":"SearchAction","target":{"@type":"EntryPoint","urlTemplate":"https:\/\/elfsight.com\/it\/?s={search_term_string}"},"query-input":{"@type":"PropertyValueSpecification","valueRequired":true,"valueName":"search_term_string"}}],"inLanguage":"it-IT"}]}},"meta_box":{"industry":"","seo_heading":"","heading":"","description":"","cta_heading":"","cta_description":"","application":"2271","h1":"Widget Portafoglio iFrame","h1_caption":"Mostra il tuo lavoro in un portfolio personalizzabile, semplificando la presentazione dei tuoi progetti e risultati nel tuo sito web iFrame senza sforzo.","application_category":[],"applications_title":"","applications_request_title":"","applications_request_button_text":"","hero_text":"","hero_video":"","hero_video_schema_markup":"","selling_points_title":"","selling_points_caption":"","selling_points":[],"selling_points_cta_text":"","features_title":"","features":"","ed_cta_examples_text":"","ed_cta_examples_hidden":"","ed_cta_demo_text":"","ed_cta_demo_hidden":"","why_caption":"","why_editor_title":"","why_editor_text":"","why_team_title":"","why_team_text":"","why_service_title":"","why_service_text":"","template_catalog_visible":"0","template_catalog_title":"","template_catalog_text":"","template_catalog_categories_visible":"","demo_title":"Crea il tuo widget Portafoglio","demo_caption":"Configura il tuo portfolio e aggiungilo gratuitamente al tuo sito iFrame!","default_faq_hidden":"","app_template_category":[],"platform":"54","template_public_id":"","codecanyon_url":"","codecanyon_item_id":"","codecanyon_price":"","pricing_caption":"","pricing_elfsight_apps_hide_column":"","pricing_elfsight_apps_url":"","pricing_codecanyon_price_caption":"","integration_category":[],"integration_request_title":"","integration_request_cta":"","integration_platform":"","integrations":[],"platform_category":[],"video_schema_markup":"","price":"da $ 0 al mese","trial":"","benefits":[{"text":"Servizio di installazione gratuito"},{"text":"Assistenza clienti con esperienza"},{"text":"Garanzia di rimborso di 14 giorni"},{"text":"Aggiornamenti gratuiti a vita"}],"button_url":"#demo","button_target_blank":"0","button_nofollow":"0","attributes":[{"name":"Installazioni"},{"name":"Reattivo","content":"S\u00cc"},{"name":"Browser compatibili","content":"Firefox, Safari, Opera, Chrome, Edge"}],"tags":[],"tags_disable_links":"0","hide_more_platforms":"0","video_object":"","demo_hide_cta":"0","demo_hide_cloud_options":"0","pricing_title":"","pricing":[{"pricing_icon":"platform","pricing_title":"Elfsight Apps","pricing_title_caption":"Software multipiattaforma","pricing_price":"da $ 0 \/ mese","pricing_price_caption":"inizia con il piano gratuito","pricing_benefits":[{"text":"Siti web illimitati"},{"text":"Assistenza clienti gratuita"},{"text":"Servizio di installazione gratuito"},{"text":"Ottimo affare per pi\u00f9 app"}],"pricing_button_text":"Aggiungi al sito web","pricing_button_url":"#demo"}],"related_apps_title":"","related_apps_hidden":"0","author":"","image":[],"title":"","job":"","social_networks":[]},"_links":{"self":[{"href":"https:\/\/elfsight.com\/it\/wp-json\/wp\/v2\/pages\/5410","targetHints":{"allow":["GET"]}}],"collection":[{"href":"https:\/\/elfsight.com\/it\/wp-json\/wp\/v2\/pages"}],"about":[{"href":"https:\/\/elfsight.com\/it\/wp-json\/wp\/v2\/types\/page"}],"author":[{"embeddable":true,"href":"https:\/\/elfsight.com\/it\/wp-json\/wp\/v2\/users\/9"}],"replies":[{"embeddable":true,"href":"https:\/\/elfsight.com\/it\/wp-json\/wp\/v2\/comments?post=5410"}],"version-history":[{"count":2,"href":"https:\/\/elfsight.com\/it\/wp-json\/wp\/v2\/pages\/5410\/revisions"}],"predecessor-version":[{"id":9806,"href":"https:\/\/elfsight.com\/it\/wp-json\/wp\/v2\/pages\/5410\/revisions\/9806"}],"up":[{"embeddable":true,"href":"https:\/\/elfsight.com\/it\/wp-json\/wp\/v2\/pages\/2272"}],"wp:attachment":[{"href":"https:\/\/elfsight.com\/it\/wp-json\/wp\/v2\/media?parent=5410"}],"curies":[{"name":"wp","href":"https:\/\/api.w.org\/{rel}","templated":true}]}}