{"id":5405,"date":"1970-01-01T00:00:00","date_gmt":"1970-01-01T00:00:00","guid":{"rendered":"https:\/\/elfsight.com\/it\/?page_id=5405"},"modified":"2024-11-12T08:31:37","modified_gmt":"2024-11-12T08:31:37","slug":"facebook","status":"publish","type":"page","link":"https:\/\/elfsight.com\/it\/portfolio-widget\/facebook\/","title":{"rendered":"Portfolio &#8211; Facebook Page"},"content":{"rendered":"<div class=\"application-platform-content-item-description application-platform-content-item\" id=\"description\" data-nav-section=\"description\"><h2>Descrizione<\/h2><p>Il widget Elfsight Portfolio \u00e8 stato creato per aiutare chiunque sia interessato a dimostrare i propri fantastici progetti sul sito web e ottenere vendite fresche. Con il widget Elfsight puoi mostrare raccolte di foto, contenuti video, disegni e altri contenuti di progetto. Ogni file pu\u00f2 contenere testo e data approfonditi. Hai la possibilit\u00e0 di associare progetti a siti Web e stabilire categorie di progetti. Gli utenti del sito web visualizzeranno il tuo portfolio di progetti, apriranno ogni progetto e guarderanno tutti i lavori direttamente sulla tua home page. L&#8217;intestazione del widget mostrer\u00e0 il tuo nome completo, la tua immagine e i dettagli di contatto, che ti aiuteranno a raggiungerti. Il pulsante di invito all&#8217;azione indirizzer\u00e0 i clienti alla pagina dell&#8217;ordine e ti aiuter\u00e0 a migliorare il livello delle vendite. <\/p><div class=\"faq\" data-component=\"FAQ\"><div class=\"faq-item\">\r\n\t\t\t\t\t<div class=\"faq-item-question\">\r\n\t\t\t\t\t\t<h3 class=\"faq-item-question-text\">Dove posso aggiungere questo plugin? <\/h3>\r\n\r\n\t\t\t\t\t\t<div class=\"faq-item-question-icon\"><\/div>\r\n\t\t\t\t\t<\/div>\r\n\r\n\t\t\t\t\t<div class=\"faq-item-answer\">\r\n\t\t\t\t\t\t<div class=\"faq-item-answer-text\"><p>Elfsight Portfolio pu\u00f2 essere mostrato su qualsiasi pagina del tuo sito web o su tutte le pagine. <\/p><\/div>\r\n\t\t\t\t\t<\/div>\r\n\t\t\t\t<\/div><div class=\"faq-item\">\r\n\t\t\t\t\t<div class=\"faq-item-question\">\r\n\t\t\t\t\t\t<h3 class=\"faq-item-question-text\">Come potrei trarre vantaggio dall'utilizzo del widget?<\/h3>\r\n\r\n\t\t\t\t\t\t<div class=\"faq-item-question-icon\"><\/div>\r\n\t\t\t\t\t<\/div>\r\n\r\n\t\t\t\t\t<div class=\"faq-item-answer\">\r\n\t\t\t\t\t\t<div class=\"faq-item-answer-text\"> <p>Un bellissimo portfolio con i tuoi lavori dimostrer\u00e0 tutte le tue elevate capacit\u00e0 e talenti ai tuoi visitatori. Render\u00e0 gli utenti desiderosi di ordinare i tuoi servizi e avrai nuovi acquisti. <\/p><\/div>\r\n\t\t\t\t\t<\/div>\r\n\t\t\t\t<\/div><div class=\"faq-item\">\r\n\t\t\t\t\t<div class=\"faq-item-question\">\r\n\t\t\t\t\t\t<h3 class=\"faq-item-question-text\">Come posso introdurre un widget Portfolio sulla mia pagina Facebook?<\/h3>\r\n\r\n\t\t\t\t\t\t<div class=\"faq-item-question-icon\"><\/div>\r\n\t\t\t\t\t<\/div>\r\n\r\n\t\t\t\t\t<div class=\"faq-item-answer\">\r\n\t\t\t\t\t\t<div class=\"faq-item-answer-text\"> <p>\u00c8 davvero veloce, gratuito e non richiede programmazione. Puoi posizionare il widget sul sito web tramite il nostro servizio. Per questo eseguire la guida di seguito in questa pagina. <\/p><\/div>\r\n\t\t\t\t\t<\/div>\r\n\t\t\t\t<\/div><\/div> <\/div> <div class=\"application-platform-content-item-features application-platform-content-item\" id=\"features\" data-nav-section=\"features\"><h2>Funzionalit\u00e0<\/h2><p>Per una migliore conoscenza del widget, puoi consultare l&#8217;elenco delle funzioni essenziali. Rendono il widget estremamente vantaggioso per la tua attivit\u00e0: <\/p><ul><li>Aggiungi qualsiasi quantit\u00e0 di progetti con i titoli dei progetti; <\/li><li>Crea gruppi e dividi progetti in essi<\/li><li>Seleziona i tipi di dati da mostrare nel popup e al passaggio del mouse; <\/li><li>L&#8217;opzione per scrivere descrizioni e aggiungere date ai materiali nel progetto<\/li><li>Il pulsante attivo nell&#8217;intestazione del widget e nel popup porta i clienti a qualsiasi indirizzo<\/li><\/ul><p><a href=\"#demo\">Per visualizzare un elenco completo delle funzionalit\u00e0, vedere la demo live<\/a><\/p><\/div> <div class=\"application-platform-content-item-installation application-platform-content-item\" id=\"installation\" data-nav-section=\"installation\"><h2>Come posso aggiungere portfolio nel mio sito Facebook? <\/h2><p>Segui semplicemente le linee guida riportate di seguito per iniziare a lavorare con il plugin. <\/p><ol><li><b>Utilizza la nostra demo gratuita e inizia a dare forma al tuo plugin personalizzato. <\/b><br>Determina l&#8217;aspetto e le caratteristiche preferite dello strumento e applica le correzioni. <\/li><li><b>Ricevi il tuo codice personale mostrato nell&#8217;apposito form su Elfsight Apps. <\/b><br>Una volta terminata la configurazione del tuo plugin personale, copia il codice individuale dalla finestra visualizzata e salvalo per ulteriori occasioni. <\/li><li><b>Inizia l&#8217;utilizzo del widget sul sito Facebook. <\/b><br>Implementa il codice copiato di recente nella tua pagina web e applica le modifiche. <\/li><li><b>L&#8217;installazione \u00e8 completamente terminata. <\/b><br>Vai alla tua pagina web per dare un&#8217;occhiata alle prestazioni dello strumento. <\/li><\/ol><p>Se riscontri domande o incontri qualche complicazione, non esitare a metterti in contatto con il nostro personale di supporto. Il nostro personale \u00e8 pronto ad aiutarti con tutte le domande che potresti avere sul widget.<\/p><\/div>","protected":false},"excerpt":{"rendered":"","protected":false},"author":9,"featured_media":0,"parent":2272,"menu_order":0,"comment_status":"closed","ping_status":"closed","template":"templates\/template-application-platform.php","meta":{"publish_to_discourse":"","publish_post_category":"","wpdc_auto_publish_overridden":"","wpdc_topic_tags":"","wpdc_pin_topic":"","wpdc_pin_until":"","discourse_post_id":"","discourse_permalink":"","wpdc_publishing_response":"","wpdc_publishing_error":"","footnotes":""},"class_list":["post-5405","page","type-page","status-publish","hentry"],"yoast_head":"<!-- This site is optimized with the Yoast SEO plugin v25.3.1 - https:\/\/yoast.com\/wordpress\/plugins\/seo\/ -->\n<title>Pagina Portfolio Facebook: aggiungi il widget Portfolio alla pagina Facebook [2025]<\/title>\n<meta name=\"description\" content=\"Progetta un widget Portfolio efficiente e aggiungilo alla scheda personalizzata di Facebook. Goditi l&#039;assistenza clienti gratuita e altri vantaggi.\" \/>\n<meta name=\"robots\" content=\"index, follow, max-snippet:-1, max-image-preview:large, max-video-preview:-1\" \/>\n<link rel=\"canonical\" href=\"https:\/\/elfsight.com\/it\/portfolio-widget\/facebook\/\" \/>\n<meta property=\"og:locale\" content=\"it_IT\" \/>\n<meta property=\"og:type\" content=\"article\" \/>\n<meta property=\"og:title\" content=\"Pagina Portfolio Facebook: aggiungi il widget Portfolio alla pagina Facebook [2025]\" \/>\n<meta property=\"og:description\" content=\"Progetta un widget Portfolio efficiente e aggiungilo alla scheda personalizzata di Facebook. Goditi l&#039;assistenza clienti gratuita e altri vantaggi.\" \/>\n<meta property=\"og:url\" content=\"https:\/\/elfsight.com\/it\/portfolio-widget\/facebook\/\" \/>\n<meta property=\"og:site_name\" content=\"Elfsight IT\" \/>\n<meta property=\"article:modified_time\" content=\"2024-11-12T08:31:37+00:00\" \/>\n<meta name=\"twitter:card\" content=\"summary_large_image\" \/>\n<meta name=\"twitter:label1\" content=\"Tempo di lettura stimato\" \/>\n\t<meta name=\"twitter:data1\" content=\"3 minuti\" \/>\n<!-- \/ Yoast SEO plugin. -->","yoast_head_json":{"title":"Pagina Portfolio Facebook: aggiungi il widget Portfolio alla pagina Facebook [2025]","description":"Progetta un widget Portfolio efficiente e aggiungilo alla scheda personalizzata di Facebook. Goditi l'assistenza clienti gratuita e altri vantaggi.","robots":{"index":"index","follow":"follow","max-snippet":"max-snippet:-1","max-image-preview":"max-image-preview:large","max-video-preview":"max-video-preview:-1"},"canonical":"https:\/\/elfsight.com\/it\/portfolio-widget\/facebook\/","og_locale":"it_IT","og_type":"article","og_title":"Pagina Portfolio Facebook: aggiungi il widget Portfolio alla pagina Facebook [2025]","og_description":"Progetta un widget Portfolio efficiente e aggiungilo alla scheda personalizzata di Facebook. Goditi l'assistenza clienti gratuita e altri vantaggi.","og_url":"https:\/\/elfsight.com\/it\/portfolio-widget\/facebook\/","og_site_name":"Elfsight IT","article_modified_time":"2024-11-12T08:31:37+00:00","twitter_card":"summary_large_image","twitter_misc":{"Tempo di lettura stimato":"3 minuti"},"schema":{"@context":"https:\/\/schema.org","@graph":[{"@type":"WebPage","@id":"https:\/\/elfsight.com\/it\/portfolio-widget\/facebook\/","url":"https:\/\/elfsight.com\/it\/portfolio-widget\/facebook\/","name":"Pagina Portfolio Facebook: aggiungi il widget Portfolio alla pagina Facebook [2025]","isPartOf":{"@id":"https:\/\/elfsight.com\/it\/#website"},"datePublished":"1970-01-01T00:00:00+00:00","dateModified":"2024-11-12T08:31:37+00:00","description":"Progetta un widget Portfolio efficiente e aggiungilo alla scheda personalizzata di Facebook. Goditi l'assistenza clienti gratuita e altri vantaggi.","breadcrumb":{"@id":"https:\/\/elfsight.com\/it\/portfolio-widget\/facebook\/#breadcrumb"},"inLanguage":"it-IT","potentialAction":[{"@type":"ReadAction","target":["https:\/\/elfsight.com\/it\/portfolio-widget\/facebook\/"]}]},{"@type":"BreadcrumbList","@id":"https:\/\/elfsight.com\/it\/portfolio-widget\/facebook\/#breadcrumb","itemListElement":[{"@type":"ListItem","position":1,"name":"Home","item":"https:\/\/elfsight.com\/it\/"},{"@type":"ListItem","position":2,"name":"Portfolio","item":"https:\/\/elfsight.com\/it\/portfolio-widget\/"},{"@type":"ListItem","position":3,"name":"Portfolio &#8211; Facebook Page"}]},{"@type":"WebSite","@id":"https:\/\/elfsight.com\/it\/#website","url":"https:\/\/elfsight.com\/it\/","name":"Elfsight IT","description":"Just another Elfsight Sites site","potentialAction":[{"@type":"SearchAction","target":{"@type":"EntryPoint","urlTemplate":"https:\/\/elfsight.com\/it\/?s={search_term_string}"},"query-input":{"@type":"PropertyValueSpecification","valueRequired":true,"valueName":"search_term_string"}}],"inLanguage":"it-IT"}]}},"meta_box":{"industry":"","seo_heading":"","heading":"","description":"","cta_heading":"","cta_description":"","application":"2271","h1":"Pagina portfolio di Facebook","h1_caption":"Mostra il tuo lavoro in un portfolio personalizzabile, semplificando la presentazione dei tuoi progetti e risultati nel sito web della tua pagina Facebook.","application_category":[],"applications_title":"","applications_request_title":"","applications_request_button_text":"","hero_text":"","hero_video":"","hero_video_schema_markup":"","selling_points_title":"","selling_points_caption":"","selling_points":[],"selling_points_cta_text":"","features_title":"","features":"","ed_cta_examples_text":"","ed_cta_examples_hidden":"","ed_cta_demo_text":"","ed_cta_demo_hidden":"","why_caption":"","why_editor_title":"","why_editor_text":"","why_team_title":"","why_team_text":"","why_service_title":"","why_service_text":"","template_catalog_visible":"","template_catalog_title":"","template_catalog_text":"","template_catalog_categories_visible":"","demo_title":"Crea il tuo widget Portafoglio","demo_caption":"Configura il tuo Portfolio e aggiungilo gratuitamente al sito della tua Pagina Facebook!","default_faq_hidden":"","app_template_category":[],"platform":"77","template_public_id":"","codecanyon_url":"","codecanyon_item_id":"","codecanyon_price":"","pricing_caption":"","pricing_elfsight_apps_hide_column":"","pricing_elfsight_apps_url":"","pricing_codecanyon_price_caption":"","integration_category":[],"integration_request_title":"","integration_request_cta":"","integration_platform":"","integrations":[],"platform_category":[],"video_schema_markup":"","price":"da $ 0 al mese","trial":"","benefits":[{"text":"Assistenza gratuita per l'installazione"},{"text":"Servizio clienti competente"},{"text":"Garanzia di rimborso di 14 giorni"},{"text":"Futuri aggiornamenti gratuiti"}],"button_url":"#demo","button_target_blank":"","button_nofollow":"","attributes":[{"name":"Installazioni"},{"name":"Reattivo","content":"S\u00cc"},{"name":"Browser compatibili","content":"Firefox, Safari, Opera, Chrome, Edge"}],"tags":[],"tags_disable_links":"","hide_more_platforms":"","video_object":"","demo_hide_cta":"","demo_hide_cloud_options":"","pricing_title":"","pricing":[{"pricing_icon":"platform","pricing_title":"Elfsight Apps","pricing_title_caption":"Versione multipiattaforma","pricing_price":"da $ 0 \/ mese","pricing_price_caption":"inizia con il piano gratuito","pricing_benefits":[{"text":"Siti web illimitati"},{"text":"Assistenza clienti premium"},{"text":"Aiuto per l'installazione gratuito"},{"text":"100% personalizzabile"}],"pricing_button_text":"Aggiungi al sito web","pricing_button_url":"#demo"}],"related_apps_title":"","related_apps_hidden":"","author":"","image":[],"title":"","job":"","social_networks":[]},"_links":{"self":[{"href":"https:\/\/elfsight.com\/it\/wp-json\/wp\/v2\/pages\/5405","targetHints":{"allow":["GET"]}}],"collection":[{"href":"https:\/\/elfsight.com\/it\/wp-json\/wp\/v2\/pages"}],"about":[{"href":"https:\/\/elfsight.com\/it\/wp-json\/wp\/v2\/types\/page"}],"author":[{"embeddable":true,"href":"https:\/\/elfsight.com\/it\/wp-json\/wp\/v2\/users\/9"}],"replies":[{"embeddable":true,"href":"https:\/\/elfsight.com\/it\/wp-json\/wp\/v2\/comments?post=5405"}],"version-history":[{"count":1,"href":"https:\/\/elfsight.com\/it\/wp-json\/wp\/v2\/pages\/5405\/revisions"}],"predecessor-version":[{"id":5409,"href":"https:\/\/elfsight.com\/it\/wp-json\/wp\/v2\/pages\/5405\/revisions\/5409"}],"up":[{"embeddable":true,"href":"https:\/\/elfsight.com\/it\/wp-json\/wp\/v2\/pages\/2272"}],"wp:attachment":[{"href":"https:\/\/elfsight.com\/it\/wp-json\/wp\/v2\/media?parent=5405"}],"curies":[{"name":"wp","href":"https:\/\/api.w.org\/{rel}","templated":true}]}}