{"id":5402,"date":"1970-01-01T00:00:00","date_gmt":"1970-01-01T00:00:00","guid":{"rendered":"https:\/\/elfsight.com\/it\/?page_id=5402"},"modified":"2024-11-12T08:01:50","modified_gmt":"2024-11-12T08:01:50","slug":"google-sites","status":"publish","type":"page","link":"https:\/\/elfsight.com\/it\/portfolio-widget\/google-sites\/","title":{"rendered":"Portfolio &#8211; Google Sites"},"content":{"rendered":"<div class=\"application-platform-content-item-description application-platform-content-item\" id=\"description\" data-nav-section=\"description\"><h2>Incorpora portfolio su Google Sites con il widget Elfsight<\/h2><p>Lo strumento Portfolio Elfsight \u00e8 stato creato per aiutare chiunque desideri mostrare i loro progetti professionali sul sito web e attirare clienti. Utilizzando il widget Elfsight, avrai la possibilit\u00e0 di esporre progetti con riprese, contenuti video, disegni e altri materiali. Ogni file di progetto pu\u00f2 avere una descrizione e una data approfondite. Puoi associare progetti ai loro siti Web e impostare categorie di progetti. Gli utenti del sito web vedranno il tuo portfolio di progetti, faranno clic su ciascun progetto e lo visualizzeranno in dettaglio direttamente sul sito web. L&#8217;intestazione mostrer\u00e0 il tuo nome, la tua foto e le informazioni di contatto, che ti aiuteranno a raggiungerti. Il pulsante di invito all&#8217;azione condurr\u00e0 gli utenti alla pagina dell&#8217;ordine e ti aiuter\u00e0 ad aumentare il numero di vendite. <\/p><div class=\"faq\" data-component=\"FAQ\"><div class=\"faq-item\">\r\n\t\t\t\t\t<div class=\"faq-item-question\">\r\n\t\t\t\t\t\t<h3 class=\"faq-item-question-text\">Come posso incorporare un portfolio nel mio sito web Google Sites? <\/h3>\r\n\r\n\t\t\t\t\t\t<div class=\"faq-item-question-icon\"><\/div>\r\n\t\t\t\t\t<\/div>\r\n\r\n\t\t\t\t\t<div class=\"faq-item-answer\">\r\n\t\t\t\t\t\t<div class=\"faq-item-answer-text\"><p>La costruzione dello strumento avviene all&#8217;interno del sito web Elfsight e non \u00e8 necessario imparare a programmare. Applica la demo live per personalizzare il tuo widget personale, ottieni il codice e aggiungilo al tuo sito web. <\/p><\/div>\r\n\t\t\t\t\t<\/div>\r\n\t\t\t\t<\/div><div class=\"faq-item\">\r\n\t\t\t\t\t<div class=\"faq-item-question\">\r\n\t\t\t\t\t\t<h3 class=\"faq-item-question-text\">I modi migliori per utilizzare l'integrazione della Portfolio Gallery<\/h3>\r\n\r\n\t\t\t\t\t\t<div class=\"faq-item-question-icon\"><\/div>\r\n\t\t\t\t\t<\/div>\r\n\r\n\t\t\t\t\t<div class=\"faq-item-answer\">\r\n\t\t\t\t\t\t<div class=\"faq-item-answer-text\"><p>Ti forniremo tantissime possibilit\u00e0 di personalizzazione: widget a grandezza naturale da aggiungere al zona dei contenuti, plugin mobili per opportunit\u00e0 di scorrimento, miniature per il pi\u00e8 di pagina, sezione principale e tutti i tipi di opportunit\u00e0 verticali per le barre laterali e i menu del sito web. <\/p><\/div>\r\n\t\t\t\t\t<\/div>\r\n\t\t\t\t<\/div><div class=\"faq-item\">\r\n\t\t\t\t\t<div class=\"faq-item-question\">\r\n\t\t\t\t\t\t<h3 class=\"faq-item-question-text\">Come posso creare un blog di viaggio o un portfolio di architettura tramite l'agenzia dell'editore? <\/h3>\r\n\r\n\t\t\t\t\t\t<div class=\"faq-item-question-icon\"><\/div>\r\n\t\t\t\t\t<\/div>\r\n\r\n\t\t\t\t\t<div class=\"faq-item-answer\">\r\n\t\t\t\t\t\t<div class=\"faq-item-answer-text\"><p>Sei libero di creare qualsiasi variazione del widget. Ci sono tantissimi layout disponibili nell&#8217;editor e tutti possono essere facilmente personalizzati nel modo desiderato. <\/p><\/div>\r\n\t\t\t\t\t<\/div>\r\n\t\t\t\t<\/div><\/div><\/div> <div class=\"application-platform-content-item-features application-platform-content-item\" id=\"features\" data-nav-section=\"features\"><h2>Caratteristiche principali del widget Portfolio<\/h2><p>Per avere una chiara percezione di Portfolio, consultare la elenco delle principali caratteristiche. Rendono il nostro widget incredibilmente vantaggioso per il tuo negozio: <\/p><ul><li>Crea pi\u00f9 progetti e aggiungi i titoli; <\/li><li>Crea categorie e assegna loro progetti<\/li><li>Seleziona quali informazioni visualizzare nel popup e al passaggio del mouse; <\/li><li>L&#8217;opzione per scrivere testi e assegnare date a tutti i lavori nel progetto<\/li><li>Il pulsante attivo nell&#8217;intestazione del widget e nel popup reindirizza gli utenti a qualsiasi indirizzo<\/li><\/ul><p><a href=\"#demo\">La demo dal vivo ti mostrer\u00e0 tutte le funzionalit\u00e0<\/a><\/p><\/div> <div class=\"application-platform-content-item-installation application-platform-content-item\" id=\"installation\" data-nav-section=\"installation\"><h2>Come faccio ad aggiungere Portfolio in il mio sito Google? <\/h2><p>Basta applicare le istruzioni seguenti per iniziare a utilizzare il plugin. <\/p><ol><li><b>Gestisci il nostro editor gratuito e inizia a dare forma al tuo widget unico. <\/b><br>Specifica l&#8217;interfaccia e la funzionalit\u00e0 preferite del widget e salva le modifiche. <\/li><li><b>Ricevi il codice personale esposto nel box su Elfsight Apps. <\/b><br>Subito dopo aver terminato la configurazione del tuo strumento, copia il codice esclusivo nel popup emerso e salvalo per occasioni future. <\/li><li><b>Inizia a utilizzare il plug-in sulla tua pagina web di Google. <\/b><br>Inserisci il codice che hai copiato di recente nella tua home page e salva le modifiche. <\/li><li><b>Fatto! L&#8217;integrazione \u00e8 terminata con successo. <\/b><br>Visita il tuo sito web per verificare le prestazioni dello strumento. <\/li><\/ol><div class=\"tip-yellow tip\"><b>A causa delle peculiarit\u00e0 del funzionamento di Google Sites, il widget potrebbe avere un aspetto diverso dalla demo online. Ci scusiamo per gli eventuali disagi causati.<\/b><\/div><p>A condizione di avere domande o di incontrare difficolt\u00e0, non aver paura di rivolgerti al nostro personale del servizio clienti. I nostri consulenti non vedono l&#8217;ora di aiutarti con tutte le domande che potresti avere sullo strumento.<\/p><\/div>","protected":false},"excerpt":{"rendered":"","protected":false},"author":9,"featured_media":0,"parent":2272,"menu_order":0,"comment_status":"closed","ping_status":"closed","template":"templates\/template-application-platform.php","meta":{"publish_to_discourse":"","publish_post_category":"","wpdc_auto_publish_overridden":"","wpdc_topic_tags":"","wpdc_pin_topic":"","wpdc_pin_until":"","discourse_post_id":"","discourse_permalink":"","wpdc_publishing_response":"","wpdc_publishing_error":"","footnotes":""},"class_list":["post-5402","page","type-page","status-publish","hentry"],"yoast_head":"<!-- This site is optimized with the Yoast SEO plugin v25.3.1 - https:\/\/yoast.com\/wordpress\/plugins\/seo\/ -->\n<title>Portfolio di Google Sites: aggiungi il widget Portfolio a Google Sites<\/title>\n<meta name=\"description\" content=\"Crea un widget Portfolio di Google Sites e aggiungilo al tuo sito web in modo facile e veloce. Potrai usufruire del servizio clienti gratuito di Elfsight.\" \/>\n<meta name=\"robots\" content=\"index, follow, max-snippet:-1, max-image-preview:large, max-video-preview:-1\" \/>\n<link rel=\"canonical\" href=\"https:\/\/elfsight.com\/it\/portfolio-widget\/google-sites\/\" \/>\n<meta property=\"og:locale\" content=\"it_IT\" \/>\n<meta property=\"og:type\" content=\"article\" \/>\n<meta property=\"og:title\" content=\"Portfolio di Google Sites: aggiungi il widget Portfolio a Google Sites\" \/>\n<meta property=\"og:description\" content=\"Crea un widget Portfolio di Google Sites e aggiungilo al tuo sito web in modo facile e veloce. Potrai usufruire del servizio clienti gratuito di Elfsight.\" \/>\n<meta property=\"og:url\" content=\"https:\/\/elfsight.com\/it\/portfolio-widget\/google-sites\/\" \/>\n<meta property=\"og:site_name\" content=\"Elfsight IT\" \/>\n<meta property=\"article:modified_time\" content=\"2024-11-12T08:01:50+00:00\" \/>\n<meta name=\"twitter:card\" content=\"summary_large_image\" \/>\n<meta name=\"twitter:label1\" content=\"Tempo di lettura stimato\" \/>\n\t<meta name=\"twitter:data1\" content=\"3 minuti\" \/>\n<!-- \/ Yoast SEO plugin. -->","yoast_head_json":{"title":"Portfolio di Google Sites: aggiungi il widget Portfolio a Google Sites","description":"Crea un widget Portfolio di Google Sites e aggiungilo al tuo sito web in modo facile e veloce. Potrai usufruire del servizio clienti gratuito di Elfsight.","robots":{"index":"index","follow":"follow","max-snippet":"max-snippet:-1","max-image-preview":"max-image-preview:large","max-video-preview":"max-video-preview:-1"},"canonical":"https:\/\/elfsight.com\/it\/portfolio-widget\/google-sites\/","og_locale":"it_IT","og_type":"article","og_title":"Portfolio di Google Sites: aggiungi il widget Portfolio a Google Sites","og_description":"Crea un widget Portfolio di Google Sites e aggiungilo al tuo sito web in modo facile e veloce. Potrai usufruire del servizio clienti gratuito di Elfsight.","og_url":"https:\/\/elfsight.com\/it\/portfolio-widget\/google-sites\/","og_site_name":"Elfsight IT","article_modified_time":"2024-11-12T08:01:50+00:00","twitter_card":"summary_large_image","twitter_misc":{"Tempo di lettura stimato":"3 minuti"},"schema":{"@context":"https:\/\/schema.org","@graph":[{"@type":"WebPage","@id":"https:\/\/elfsight.com\/it\/portfolio-widget\/google-sites\/","url":"https:\/\/elfsight.com\/it\/portfolio-widget\/google-sites\/","name":"Portfolio di Google Sites: aggiungi il widget Portfolio a Google Sites","isPartOf":{"@id":"https:\/\/elfsight.com\/it\/#website"},"datePublished":"1970-01-01T00:00:00+00:00","dateModified":"2024-11-12T08:01:50+00:00","description":"Crea un widget Portfolio di Google Sites e aggiungilo al tuo sito web in modo facile e veloce. Potrai usufruire del servizio clienti gratuito di Elfsight.","breadcrumb":{"@id":"https:\/\/elfsight.com\/it\/portfolio-widget\/google-sites\/#breadcrumb"},"inLanguage":"it-IT","potentialAction":[{"@type":"ReadAction","target":["https:\/\/elfsight.com\/it\/portfolio-widget\/google-sites\/"]}]},{"@type":"BreadcrumbList","@id":"https:\/\/elfsight.com\/it\/portfolio-widget\/google-sites\/#breadcrumb","itemListElement":[{"@type":"ListItem","position":1,"name":"Home","item":"https:\/\/elfsight.com\/it\/"},{"@type":"ListItem","position":2,"name":"Portfolio","item":"https:\/\/elfsight.com\/it\/portfolio-widget\/"},{"@type":"ListItem","position":3,"name":"Portfolio &#8211; Google Sites"}]},{"@type":"WebSite","@id":"https:\/\/elfsight.com\/it\/#website","url":"https:\/\/elfsight.com\/it\/","name":"Elfsight IT","description":"Just another Elfsight Sites site","potentialAction":[{"@type":"SearchAction","target":{"@type":"EntryPoint","urlTemplate":"https:\/\/elfsight.com\/it\/?s={search_term_string}"},"query-input":{"@type":"PropertyValueSpecification","valueRequired":true,"valueName":"search_term_string"}}],"inLanguage":"it-IT"}]}},"meta_box":{"industry":"","seo_heading":"","heading":"","description":"","cta_heading":"","cta_description":"","application":"2271","h1":"Widget Portfolio di Google Sites","h1_caption":"Mostra il tuo lavoro in un portfolio personalizzabile, semplificando la presentazione dei tuoi progetti e risultati nei tuoi siti Google.","application_category":[],"applications_title":"","applications_request_title":"","applications_request_button_text":"","hero_text":"","hero_video":"","hero_video_schema_markup":"","selling_points_title":"","selling_points_caption":"","selling_points":[],"selling_points_cta_text":"","features_title":"","features":"","ed_cta_examples_text":"","ed_cta_examples_hidden":"","ed_cta_demo_text":"","ed_cta_demo_hidden":"","why_caption":"","why_editor_title":"","why_editor_text":"","why_team_title":"","why_team_text":"","why_service_title":"","why_service_text":"","template_catalog_visible":"","template_catalog_title":"","template_catalog_text":"","template_catalog_categories_visible":"","demo_title":"Crea il tuo widget Portafoglio","demo_caption":"Configura il tuo portfolio e aggiungilo gratuitamente al tuo sito web Google Sites!","default_faq_hidden":"","app_template_category":[],"platform":"105","template_public_id":"","codecanyon_url":"","codecanyon_item_id":"","codecanyon_price":"","pricing_caption":"","pricing_elfsight_apps_hide_column":"","pricing_elfsight_apps_url":"","pricing_codecanyon_price_caption":"","integration_category":[],"integration_request_title":"","integration_request_cta":"","integration_platform":"","integrations":[],"platform_category":[],"video_schema_markup":"","price":"da $ 0 al mese","trial":"","benefits":[{"text":"Servizio di installazione gratuito"},{"text":"Supporto eccezionale"},{"text":"Garanzia di rimborso di 14 giorni"},{"text":"Sviluppo continuo"}],"button_url":"#demo","button_target_blank":"","button_nofollow":"","attributes":[{"name":"Installazioni"},{"name":"Reattivo","content":"S\u00cc"},{"name":"Browser compatibili","content":"Firefox, Safari, Opera, Chrome, Edge"}],"tags":[],"tags_disable_links":"","hide_more_platforms":"","video_object":"","demo_hide_cta":"","demo_hide_cloud_options":"","pricing_title":"","pricing":[{"pricing_icon":"platform","pricing_title":"Elfsight Apps","pricing_title_caption":"Soluzione digitale multipiattaforma","pricing_price":"da $ 0 \/ mese","pricing_price_caption":"inizia con il piano gratuito","pricing_benefits":[{"text":"Numero illimitato di siti web"},{"text":"Assistenza clienti gratuita"},{"text":"Assistenza gratuita per l'installazione"},{"text":"Offerta speciale per pi\u00f9 app"}],"pricing_button_text":"Aggiungi al sito web","pricing_button_url":"#demo"}],"related_apps_title":"","related_apps_hidden":"","author":"","image":[],"title":"","job":"","social_networks":[]},"_links":{"self":[{"href":"https:\/\/elfsight.com\/it\/wp-json\/wp\/v2\/pages\/5402","targetHints":{"allow":["GET"]}}],"collection":[{"href":"https:\/\/elfsight.com\/it\/wp-json\/wp\/v2\/pages"}],"about":[{"href":"https:\/\/elfsight.com\/it\/wp-json\/wp\/v2\/types\/page"}],"author":[{"embeddable":true,"href":"https:\/\/elfsight.com\/it\/wp-json\/wp\/v2\/users\/9"}],"replies":[{"embeddable":true,"href":"https:\/\/elfsight.com\/it\/wp-json\/wp\/v2\/comments?post=5402"}],"version-history":[{"count":1,"href":"https:\/\/elfsight.com\/it\/wp-json\/wp\/v2\/pages\/5402\/revisions"}],"predecessor-version":[{"id":5406,"href":"https:\/\/elfsight.com\/it\/wp-json\/wp\/v2\/pages\/5402\/revisions\/5406"}],"up":[{"embeddable":true,"href":"https:\/\/elfsight.com\/it\/wp-json\/wp\/v2\/pages\/2272"}],"wp:attachment":[{"href":"https:\/\/elfsight.com\/it\/wp-json\/wp\/v2\/media?parent=5402"}],"curies":[{"name":"wp","href":"https:\/\/api.w.org\/{rel}","templated":true}]}}