{"id":5389,"date":"1970-01-01T00:00:00","date_gmt":"1970-01-01T00:00:00","guid":{"rendered":"https:\/\/elfsight.com\/it\/?page_id=5389"},"modified":"2025-03-13T15:44:59","modified_gmt":"2025-03-13T15:44:59","slug":"bigcommerce","status":"publish","type":"page","link":"https:\/\/elfsight.com\/it\/popup-widget\/bigcommerce\/","title":{"rendered":"Popup &#8211; BigCommerce"},"content":{"rendered":"\n<div class=\"application-platform-content-item-description application-platform-content-item\" id=\"description\" data-nav-section=\"description\"> <h2>Descrizione<\/h2> <p>Con l&#8217;aiuto dell&#8217;app Elfsight Pop up, sei in grado di configurare i tuoi popup di qualsiasi tipo e mostrali sulla tua pagina web. Dai forma al pop up pi\u00f9 adatto, utilizzando diverse tipologie di elementi. Cambiare l&#8217;aspetto e la disposizione; selezionare il grilletto di apertura e regolare i tempi per ottenere una migliore efficacia. Popup di diversi tipi consentiranno alle persone di iscriversi al tuo messaggio e-mail, scoprire di pi\u00f9 sulle tue offerte, copiare buoni sconto, conoscere saldi e offerte speciali, informarsi sui prossimi eventi sul tuo sito web e altro ancora.<\/p><p> <b>I popup ti aiuteranno a vendere in modo pi\u00f9 efficace, ad annunciare le attivit\u00e0 imminenti, a ricevere feedback e iscritti e molto altro ancora.<\/b><\/p> <\/div><div class=\"application-platform-content-item-features application-platform-content-item\" id=\"features\" data-nav-section=\"features\"> <h2>Funzionalit\u00e0<\/h2> <p>Vedi tutte le funzionalit\u00e0 del widget. Sono disponibili direttamente nell&#8217;editor e ti aiuteranno a configurare il widget esattamente per il tuo caso. <\/p> <ul><li>Dodici diversi blocchi per formare un pop-up;<\/li> <li>5 layout pop-up inclusi per vari casi;<\/li> <li>Posiziona pulsanti per il reindirizzamento a qualsiasi indirizzo; <\/li> <li>Caricamento di un&#8217;immagine per lo sfondo;<\/li> <li>Il popup pu\u00f2 apparire dopo un determinato tempo trascorso sulla pagina Web o una percentuale di scorrimento;<\/li> <li>Attivatori popup: clic su un determinato elemento o scorrendo verso il basso fino ad esso.<\/li> <\/ul> <p><a href=\"#demo\">Prova tutte le altre funzioni nella demo<\/a><\/p> <\/div><div class=\"application-platform-content-item-installation application-platform-content-item\" id=\"installation\" data-nav-section=\"installation\"><h2>Come incorporo l&#8217;app Popup nel negozio BigCommerce?<\/h2><div class=\"video-container\"><iframe width=\"560\" height=\"315\" src=\"https:\/\/www.youtube.com\/embed\/szhSWHuYstw?si=r93JC0GfG_hqYPzS\" frameborder=\"0\" allow=\"accelerometer; autoplay; clipboard-write; encrypted-media; gyroscope; picture-in-picture; web-share\" allowfullscreen><\/iframe><\/div> <p>Segui semplicemente questi passaggi presentati di seguito per inserire il widget su BigCommerce.<\/p> <ol><li><b>Utilizza il nostro editor gratuito e inizia a creare la tua app personalizzata. <\/b><br> Scegli l&#8217;interfaccia e le caratteristiche adatte del widget e salva le modifiche. <\/li> <li><b>Ricevi il tuo codice univoco visualizzato nella finestra delle app Elfsight. <\/b><br> Una volta terminata la configurazione del tuo widget Popup, copia il codice personale nel popup visualizzato e salvalo per un utilizzo futuro. <\/li> <li><b>Avvia l&#8217;utilizzo del plug-in sul sito BigCommerce. <\/b><br> Implementa il codice copiato di recente nel tuo sito web e salva i miglioramenti. <\/li> <li><b>Il gioco \u00e8 fatto! L&#8217;integrazione \u00e8 stata completata con successo. <\/b><br> Vai al tuo sito per vedere in azione le prestazioni dello strumento. <\/li><\/ol><p>Sentiti libero di rivolgerti al nostro servizio di supporto quando hai bisogno di aiuto o hai domande. Daremo una mano con ogni richiesta. <\/p> <div class=\"faq\" data-component=\"FAQ\">  \n<div class=\"faq-item\">\r\n\t\t\t\t\t<div class=\"faq-item-question\">\r\n\t\t\t\t\t\t<h3 class=\"faq-item-question-text\">Come posso aggiungere un popup al mio sito BigCommerce?<\/h3>\r\n\r\n\t\t\t\t\t\t<div class=\"faq-item-question-icon\"><\/div>\r\n\t\t\t\t\t<\/div>\r\n\r\n\t\t\t\t\t<div class=\"faq-item-answer\">\r\n\t\t\t\t\t\t<div class=\"faq-item-answer-text\">  \n<p>Per aggiungere un popup alla tua pagina su BigCommerce, utilizza l&#8217;editor Elfsight per creare la tua applicazione. Non \u00e8 necessaria alcuna esperienza di programmazione, poich\u00e9 il generatore di popup offre un&#8217;interfaccia intuitiva che permette a chiunque di progettare e personalizzare la notifica. Basta copiare il codice HTML generato e incollarlo nel CMS di BigCommerce.<\/p>  \n<\/div>\r\n\t\t\t\t\t<\/div>\r\n\t\t\t\t<\/div>  \n\n<div class=\"faq-item\">\r\n\t\t\t\t\t<div class=\"faq-item-question\">\r\n\t\t\t\t\t\t<h3 class=\"faq-item-question-text\">Il generatore di popup \u00e8 gratuito?<\/h3>\r\n\r\n\t\t\t\t\t\t<div class=\"faq-item-question-icon\"><\/div>\r\n\t\t\t\t\t<\/div>\r\n\r\n\t\t\t\t\t<div class=\"faq-item-answer\">\r\n\t\t\t\t\t\t<div class=\"faq-item-answer-text\">  \n<p>S\u00ec, il generatore di popup per BigCommerce \u00e8 disponibile gratuitamente, consentendo anche agli utenti con un budget limitato di sfruttare questa utile funzionalit\u00e0. Sono inoltre disponibili piani a pagamento con funzionalit\u00e0 avanzate.<\/p>  \n<\/div>\r\n\t\t\t\t\t<\/div>\r\n\t\t\t\t<\/div>  \n\n<div class=\"faq-item\">\r\n\t\t\t\t\t<div class=\"faq-item-question\">\r\n\t\t\t\t\t\t<h3 class=\"faq-item-question-text\">Qual \u00e8 il posto migliore per aggiungere il popup banner sul mio sito?<\/h3>\r\n\r\n\t\t\t\t\t\t<div class=\"faq-item-question-icon\"><\/div>\r\n\t\t\t\t\t<\/div>\r\n\r\n\t\t\t\t\t<div class=\"faq-item-answer\">\r\n\t\t\t\t\t\t<div class=\"faq-item-answer-text\">  \n<p>Con il nostro strumento popup, puoi creare:  \n<ul>  \n <li>Un popup a schermo intero per attirare immediatamente l&#8217;attenzione dei visitatori;<\/li>  \n <li>Un popup flottante per coinvolgere i visitatori mentre navigano sulla tua pagina;<\/li>   \n <li>Un widget nel footer, nell&#8217;header o nella sidebar per mantenere il tuo messaggio visibile senza interrompere la navigazione.<\/li>  \n<\/ul>  \n<p>Queste opzioni di posizionamento flessibili ti permettono di collocare i popup in modo strategico, garantendo visibilit\u00e0 e aumentando il coinvolgimento degli utenti.<\/p>  \n<\/div>\r\n\t\t\t\t\t<\/div>\r\n\t\t\t\t<\/div>  \n<\/div>  \n<\/div>\n","protected":false},"excerpt":{"rendered":"","protected":false},"author":9,"featured_media":0,"parent":1196,"menu_order":0,"comment_status":"closed","ping_status":"closed","template":"templates\/template-application-platform.php","meta":{"publish_to_discourse":"","publish_post_category":"","wpdc_auto_publish_overridden":"","wpdc_topic_tags":"","wpdc_pin_topic":"","wpdc_pin_until":"","discourse_post_id":"","discourse_permalink":"","wpdc_publishing_response":"","wpdc_publishing_error":"","footnotes":""},"class_list":["post-5389","page","type-page","status-publish","hentry"],"yoast_head":"<!-- This site is optimized with the Yoast SEO plugin v25.3.1 - https:\/\/yoast.com\/wordpress\/plugins\/seo\/ -->\n<title>Widget popup | Aggiungi l&#039;app Popup al sito web BigCommerce (gratuito e veloce)<\/title>\n<meta name=\"description\" content=\"Con Elfsight, dai forma alla tua app Pop up e mostrala rapidamente sullo store BigCommerce. Offriamo assistenza clienti gratuita e pi\u00f9 bonus.\" \/>\n<meta name=\"robots\" content=\"index, follow, max-snippet:-1, max-image-preview:large, max-video-preview:-1\" \/>\n<link rel=\"canonical\" href=\"https:\/\/elfsight.com\/it\/popup-widget\/bigcommerce\/\" \/>\n<meta property=\"og:locale\" content=\"it_IT\" \/>\n<meta property=\"og:type\" content=\"article\" \/>\n<meta property=\"og:title\" content=\"Widget popup | Aggiungi l&#039;app Popup al sito web BigCommerce (gratuito e veloce)\" \/>\n<meta property=\"og:description\" content=\"Con Elfsight, dai forma alla tua app Pop up e mostrala rapidamente sullo store BigCommerce. Offriamo assistenza clienti gratuita e pi\u00f9 bonus.\" \/>\n<meta property=\"og:url\" content=\"https:\/\/elfsight.com\/it\/popup-widget\/bigcommerce\/\" \/>\n<meta property=\"og:site_name\" content=\"Elfsight IT\" \/>\n<meta property=\"article:modified_time\" content=\"2025-03-13T15:44:59+00:00\" \/>\n<meta name=\"twitter:card\" content=\"summary_large_image\" \/>\n<meta name=\"twitter:label1\" content=\"Tempo di lettura stimato\" \/>\n\t<meta name=\"twitter:data1\" content=\"3 minuti\" \/>\n<!-- \/ Yoast SEO plugin. -->","yoast_head_json":{"title":"Widget popup | Aggiungi l'app Popup al sito web BigCommerce (gratuito e veloce)","description":"Con Elfsight, dai forma alla tua app Pop up e mostrala rapidamente sullo store BigCommerce. Offriamo assistenza clienti gratuita e pi\u00f9 bonus.","robots":{"index":"index","follow":"follow","max-snippet":"max-snippet:-1","max-image-preview":"max-image-preview:large","max-video-preview":"max-video-preview:-1"},"canonical":"https:\/\/elfsight.com\/it\/popup-widget\/bigcommerce\/","og_locale":"it_IT","og_type":"article","og_title":"Widget popup | Aggiungi l'app Popup al sito web BigCommerce (gratuito e veloce)","og_description":"Con Elfsight, dai forma alla tua app Pop up e mostrala rapidamente sullo store BigCommerce. Offriamo assistenza clienti gratuita e pi\u00f9 bonus.","og_url":"https:\/\/elfsight.com\/it\/popup-widget\/bigcommerce\/","og_site_name":"Elfsight IT","article_modified_time":"2025-03-13T15:44:59+00:00","twitter_card":"summary_large_image","twitter_misc":{"Tempo di lettura stimato":"3 minuti"},"schema":{"@context":"https:\/\/schema.org","@graph":[{"@type":"WebPage","@id":"https:\/\/elfsight.com\/it\/popup-widget\/bigcommerce\/","url":"https:\/\/elfsight.com\/it\/popup-widget\/bigcommerce\/","name":"Widget popup | Aggiungi l'app Popup al sito web BigCommerce (gratuito e veloce)","isPartOf":{"@id":"https:\/\/elfsight.com\/it\/#website"},"datePublished":"1970-01-01T00:00:00+00:00","dateModified":"2025-03-13T15:44:59+00:00","description":"Con Elfsight, dai forma alla tua app Pop up e mostrala rapidamente sullo store BigCommerce. Offriamo assistenza clienti gratuita e pi\u00f9 bonus.","breadcrumb":{"@id":"https:\/\/elfsight.com\/it\/popup-widget\/bigcommerce\/#breadcrumb"},"inLanguage":"it-IT","potentialAction":[{"@type":"ReadAction","target":["https:\/\/elfsight.com\/it\/popup-widget\/bigcommerce\/"]}]},{"@type":"BreadcrumbList","@id":"https:\/\/elfsight.com\/it\/popup-widget\/bigcommerce\/#breadcrumb","itemListElement":[{"@type":"ListItem","position":1,"name":"Home","item":"https:\/\/elfsight.com\/it\/"},{"@type":"ListItem","position":2,"name":"Popup","item":"https:\/\/elfsight.com\/it\/popup-widget\/"},{"@type":"ListItem","position":3,"name":"Popup &#8211; BigCommerce"}]},{"@type":"WebSite","@id":"https:\/\/elfsight.com\/it\/#website","url":"https:\/\/elfsight.com\/it\/","name":"Elfsight IT","description":"Just another Elfsight Sites site","potentialAction":[{"@type":"SearchAction","target":{"@type":"EntryPoint","urlTemplate":"https:\/\/elfsight.com\/it\/?s={search_term_string}"},"query-input":{"@type":"PropertyValueSpecification","valueRequired":true,"valueName":"search_term_string"}}],"inLanguage":"it-IT"}]}},"meta_box":{"industry":"","seo_heading":"","heading":"","description":"","cta_heading":"","cta_description":"","application":"1195","h1":"Applicazione pop-up BigCommerce","h1_caption":"Visualizza popup per catturare l'attenzione dei visitatori, promuovere offerte o raccogliere contatti senza interrompere l'esperienza del sito Web nel tuo sito Web BigCommerce senza sforzo.","application_category":[],"applications_title":"","applications_request_title":"","applications_request_button_text":"","hero_text":"","hero_video":"","hero_video_schema_markup":"","selling_points_title":"","selling_points_caption":"","selling_points":[],"selling_points_cta_text":"","features_title":"","features":"","ed_cta_examples_text":"","ed_cta_examples_hidden":"","ed_cta_demo_text":"","ed_cta_demo_hidden":"","why_caption":"","why_editor_title":"","why_editor_text":"","why_team_title":"","why_team_text":"","why_service_title":"","why_service_text":"","template_catalog_visible":"0","template_catalog_title":"","template_catalog_text":"","template_catalog_categories_visible":"","demo_title":"Crea la tua app Popup","demo_caption":"Configura il tuo Popup e aggiungilo gratuitamente al tuo sito BigCommerce!","default_faq_hidden":"","app_template_category":[],"platform":"32","template_public_id":"","codecanyon_url":"","codecanyon_item_id":"","codecanyon_price":"","pricing_caption":"","pricing_elfsight_apps_hide_column":"","pricing_elfsight_apps_url":"","pricing_codecanyon_price_caption":"","integration_category":[],"integration_request_title":"","integration_request_cta":"","integration_platform":"","integrations":[],"platform_category":[],"video_schema_markup":"","price":"da $ 0 al mese","trial":"","benefits":[{"text":"Assistenza per l'installazione gratuita"},{"text":"Supporto premium"},{"text":"Garanzia di rimborso di 14 giorni"},{"text":"Aggiornamento costante"}],"button_url":"#demo","button_target_blank":"0","button_nofollow":"0","attributes":[{"name":"Installazioni"},{"name":"Reattivo","content":"S\u00cc"},{"name":"Browser compatibili","content":"Firefox, Safari, Opera, Chrome, Edge"}],"tags":[],"tags_disable_links":"0","hide_more_platforms":"0","video_object":"","demo_hide_cta":"0","demo_hide_cloud_options":"0","pricing_title":"","pricing":[{"pricing_icon":"platform","pricing_title":"Elfsight Apps","pricing_title_caption":"Software indipendente dalla piattaforma che funziona su qualsiasi sito","pricing_price":"da $ 0 \/ mese","pricing_price_caption":"inizia con il piano gratuito","pricing_benefits":[{"text":"Domini illimitati"},{"text":"Assistenza clienti 24 ore su 24, 7 giorni su 7 e ben documentata"},{"text":"Supporto gratuito per l'installazione"},{"text":"100% personalizzabile"}],"pricing_button_text":"Aggiungi al sito web","pricing_button_url":"#demo"}],"related_apps_title":"","related_apps_hidden":"0","author":"","image":[],"title":"","job":"","social_networks":[]},"_links":{"self":[{"href":"https:\/\/elfsight.com\/it\/wp-json\/wp\/v2\/pages\/5389","targetHints":{"allow":["GET"]}}],"collection":[{"href":"https:\/\/elfsight.com\/it\/wp-json\/wp\/v2\/pages"}],"about":[{"href":"https:\/\/elfsight.com\/it\/wp-json\/wp\/v2\/types\/page"}],"author":[{"embeddable":true,"href":"https:\/\/elfsight.com\/it\/wp-json\/wp\/v2\/users\/9"}],"replies":[{"embeddable":true,"href":"https:\/\/elfsight.com\/it\/wp-json\/wp\/v2\/comments?post=5389"}],"version-history":[{"count":5,"href":"https:\/\/elfsight.com\/it\/wp-json\/wp\/v2\/pages\/5389\/revisions"}],"predecessor-version":[{"id":8651,"href":"https:\/\/elfsight.com\/it\/wp-json\/wp\/v2\/pages\/5389\/revisions\/8651"}],"up":[{"embeddable":true,"href":"https:\/\/elfsight.com\/it\/wp-json\/wp\/v2\/pages\/1196"}],"wp:attachment":[{"href":"https:\/\/elfsight.com\/it\/wp-json\/wp\/v2\/media?parent=5389"}],"curies":[{"name":"wp","href":"https:\/\/api.w.org\/{rel}","templated":true}]}}