{"id":5388,"date":"1970-01-01T00:00:00","date_gmt":"1970-01-01T00:00:00","guid":{"rendered":"https:\/\/elfsight.com\/it\/?page_id=5388"},"modified":"2025-03-13T15:50:53","modified_gmt":"2025-03-13T15:50:53","slug":"blogger","status":"publish","type":"page","link":"https:\/\/elfsight.com\/it\/popup-widget\/blogger\/","title":{"rendered":"Popup &#8211; Blogger"},"content":{"rendered":"\n<div class=\"application-platform-content-item-description application-platform-content-item\" id=\"description\" data-nav-section=\"description\"> <h2>Descrizione<\/h2> <p>Utilizzando lo strumento Elfsight Pop up, ognuno ha la possibilit\u00e0 di creare i propri popup personalizzati di ogni tipo e di introdurli sul tuo sito Configura il tuo popup, aggiungendo una variet\u00e0 di componenti inclusi. Variare il layout e la composizione; assegnare trigger popup e determinare i tempi per massimizzare l&#8217;efficacia del popup. I popup consentiranno agli utenti di creare un abbonamento a Blogger, esplorare i tuoi prodotti e servizi, copiare i loro coupon, partecipare a saldi e offerte speciali, essere informati su occasioni importanti sul tuo sito e molto altro ancora. <\/p> <p><b>I popup ti consentiranno di vendere pi\u00f9 velocemente, promuovere gli eventi pianificati, ottenere impressioni e lead e molto altro ancora.<\/b><\/p> <\/div><div class=\"application-platform-content-item- features application-platform-content-item\" id=\" features\" data-nav-section=\" features\"> <h2>Caratteristiche principali del widget Popup<\/h2> <p>Ecco un elenco di tutte le funzioni del nostro widget. Sono disponibili direttamente nell&#8217;editor e ti aiuteranno a creare il widget adatto al tuo caso d&#8217;uso.<\/p> <ul><li>12 diversi elementi per costruire un popup<\/li> <li>Cinque layout popup gi\u00e0 pronti per vari casi<\/li> <li>Aggiungi pulsanti per reindirizzare gli utenti a qualsiasi pagina<\/li> <li>Carica un&#8217;immagine per lo sfondo<\/li> <li>Il popup pu\u00f2 verificarsi dopo un tempo specifico trascorso dall&#8217;utente o dopo una percentuale di scorrimento nella pagina di Blogger<\/li> <li>Attivazione del pop-up facendo clic sull&#8217;elemento selezionato o scorrendo verso il basso<\/li> <\/ul> <p><a href=\"#demo\">Puoi testare tutti i widget tratti funzionali direttamente nella demo<\/a><\/p> <\/div><div class=\"application-platform-content-item-installation application-platform-content-item\" id=\"installation\" data-nav-section=\"installation\"><h2>Come aggiungere un widget Popup a un sito Web Blogger?<\/h2> <div class=\"video-container\"><iframe width=\"560\" height=\"315\" src=\"https:\/\/www.youtube.com\/embed\/0_KjGHzXocI?si=FPEDHCjMCFz-jJ_b\" frameborder=\"0\" allow=\"accelerometer; autoplay; clipboard-write; encrypted-media; gyroscope; picture-in-picture; web-share\" allowfullscreen><\/iframe><\/div><p>Per introdurre il widget, segui le linee guida seguenti:<\/p> <ol><li><b>Genera il tuo plugin Popup personalizzato<\/b><br> Nel nostro configuratore gratuito, crea un plugin Blogger con un composizione e funzioni preferibili.<\/li><li><b>Ricevi il codice personale per incorporare il plugin<\/b><br> Dopo aver generato il tuo widget, otterrai il codice individuale dalla notifica pop up su Elfsight App. Copia il codice della finestra pop up per Blogger per utilizzarlo ulteriormente. <\/li> <li><b>Aggiungi il plugin al tuo sito web Blogger<\/b><br> Seleziona l&#8217;area in cui desideri rivelare il plugin e aggiungi l\u00ec il codice salvato. Salva i risultati. <\/li> <li><b>Congratulazioni! Hai appena incorporato il widget!<\/b><br> Vai al sito web di Blogger per controllare il popup.<\/li> <\/ol><p>Non esitare a contattare il nostro team di assistenza clienti nel caso in cui hai bisogno di assistenza o riscontri problemi con l&#8217;installazione del widget su Blogger. Saremo felici di aiutarti con ogni richiesta.<\/p> <div class=\"faq\" data-component=\"FAQ\">  \n<div class=\"faq-item\">\r\n\t\t\t\t\t<div class=\"faq-item-question\">\r\n\t\t\t\t\t\t<h3 class=\"faq-item-question-text\">Come posso aggiungere un popup al mio sito Blogger?<\/h3>\r\n\r\n\t\t\t\t\t\t<div class=\"faq-item-question-icon\"><\/div>\r\n\t\t\t\t\t<\/div>\r\n\r\n\t\t\t\t\t<div class=\"faq-item-answer\">\r\n\t\t\t\t\t\t<div class=\"faq-item-answer-text\">  \n<p>Per aggiungere un popup al tuo sito Blogger, utilizza l&#8217;editor Elfsight per creare il tuo widget. Non sono necessarie competenze di programmazione, poich\u00e9 il generatore di popup offre un&#8217;interfaccia intuitiva che permette a chiunque di progettare e personalizzare la notifica popup. Basta copiare lo script HTML generato e inserirlo nel CMS di Blogger.<\/p>  \n<\/div>\r\n\t\t\t\t\t<\/div>\r\n\t\t\t\t<\/div>  \n\n<div class=\"faq-item\">\r\n\t\t\t\t\t<div class=\"faq-item-question\">\r\n\t\t\t\t\t\t<h3 class=\"faq-item-question-text\">Il generatore di popup \u00e8 gratuito?<\/h3>\r\n\r\n\t\t\t\t\t\t<div class=\"faq-item-question-icon\"><\/div>\r\n\t\t\t\t\t<\/div>\r\n\r\n\t\t\t\t\t<div class=\"faq-item-answer\">\r\n\t\t\t\t\t\t<div class=\"faq-item-answer-text\">  \n<p>S\u00ec, il generatore di popup per Blogger \u00e8 disponibile gratuitamente, consentendo anche agli utenti con risorse limitate di sfruttare questa preziosa funzionalit\u00e0. Sono inoltre disponibili piani a pagamento con funzionalit\u00e0 avanzate.<\/p>  \n<\/div>\r\n\t\t\t\t\t<\/div>\r\n\t\t\t\t<\/div>  \n\n<div class=\"faq-item\">\r\n\t\t\t\t\t<div class=\"faq-item-question\">\r\n\t\t\t\t\t\t<h3 class=\"faq-item-question-text\">Qual \u00e8 il posto migliore per aggiungere il popup banner sul mio sito?<\/h3>\r\n\r\n\t\t\t\t\t\t<div class=\"faq-item-question-icon\"><\/div>\r\n\t\t\t\t\t<\/div>\r\n\r\n\t\t\t\t\t<div class=\"faq-item-answer\">\r\n\t\t\t\t\t\t<div class=\"faq-item-answer-text\">  \n<p>Con il nostro generatore di popup, puoi creare:  \n<ul>  \n <li>Un popup a schermo intero per attirare immediatamente l&#8217;attenzione del tuo pubblico;<\/li>  \n <li>Un popup flottante per coinvolgere i visitatori mentre navigano sul tuo sito;<\/li>  \n <li>Un widget nel footer, nell&#8217;header o nella sidebar per mantenere il tuo messaggio visibile senza interrompere l&#8217;esperienza utente.<\/li>  \n<\/ul>  \n<p>Queste opzioni di posizionamento dinamiche ti permettono di collocare i popup in modo efficace, garantendo visibilit\u00e0 e aumentando il coinvolgimento.<\/p>  \n<\/div>\r\n\t\t\t\t\t<\/div>\r\n\t\t\t\t<\/div>  \n\n<div class=\"faq-item\">\r\n\t\t\t\t\t<div class=\"faq-item-question\">\r\n\t\t\t\t\t\t<h3 class=\"faq-item-question-text\">Quali tipi di popup per Blogger posso creare con Elfsight?<\/h3>\r\n\r\n\t\t\t\t\t\t<div class=\"faq-item-question-icon\"><\/div>\r\n\t\t\t\t\t<\/div>\r\n\r\n\t\t\t\t\t<div class=\"faq-item-answer\">\r\n\t\t\t\t\t\t<div class=\"faq-item-answer-text\">  \n<p>Puoi creare una vasta gamma di popup personalizzati per diversi obiettivi.<\/p>  \n<p>Ad esempio, puoi realizzare un popup per l&#8217;iscrizione alla newsletter per incoraggiare i visitatori a iscriversi alla tua mailing list, un popup promozionale per aumentare le vendite con offerte a tempo limitato, oppure un popup sconto per evidenziare promozioni lampo e incentivare gli acquisti.<\/p>  \n<p>In totale, sono disponibili oltre <a href=\"https:\/\/elfsight.com\/popup-widget\/templates\/\" target=\"_blank\" rel=\"noopener\">100 modelli di popup<\/a>, permettendoti di trovare facilmente il design perfetto per le tue esigenze.<\/p>  \n<\/div>\r\n\t\t\t\t\t<\/div>\r\n\t\t\t\t<\/div>  \n\n<div class=\"faq-item\">\r\n\t\t\t\t\t<div class=\"faq-item-question\">\r\n\t\t\t\t\t\t<h3 class=\"faq-item-question-text\">Quali trigger sono disponibili per l'apertura del popup?<\/h3>\r\n\r\n\t\t\t\t\t\t<div class=\"faq-item-question-icon\"><\/div>\r\n\t\t\t\t\t<\/div>\r\n\r\n\t\t\t\t\t<div class=\"faq-item-answer\">\r\n\t\t\t\t\t\t<div class=\"faq-item-answer-text\">  \n<p>Con il widget popup di Elfsight, hai a disposizione diversi trigger per controllare quando la tua notifica verr\u00e0 visualizzata. Puoi impostarlo per apparire al caricamento della pagina, dopo un determinato tempo trascorso sul sito o quando un visitatore scorre una certa parte della pagina.<\/p>  \n<p>Inoltre, i popup possono essere attivati al clic, quando un utente sta per lasciare il sito, oppure tramite un pulsante CTA per l&#8217;attivazione manuale. Questi trigger flessibili ti consentono di personalizzare il comportamento del widget per massimizzare il coinvolgimento.<\/p>  \n<\/div>\r\n\t\t\t\t\t<\/div>\r\n\t\t\t\t<\/div>  \n<\/div>  \n<\/div>\n","protected":false},"excerpt":{"rendered":"","protected":false},"author":9,"featured_media":0,"parent":1196,"menu_order":0,"comment_status":"closed","ping_status":"closed","template":"templates\/template-application-platform.php","meta":{"publish_to_discourse":"","publish_post_category":"","wpdc_auto_publish_overridden":"","wpdc_topic_tags":"","wpdc_pin_topic":"","wpdc_pin_until":"","discourse_post_id":"","discourse_permalink":"","wpdc_publishing_response":"","wpdc_publishing_error":"","footnotes":""},"class_list":["post-5388","page","type-page","status-publish","hentry"],"yoast_head":"<!-- This site is optimized with the Yoast SEO plugin v25.3.1 - https:\/\/yoast.com\/wordpress\/plugins\/seo\/ -->\n<title>Aggiungi un widget Popup a un sito web di Blogger<\/title>\n<meta name=\"description\" content=\"Crea un popup su Blogger senza codifica!\" \/>\n<meta name=\"robots\" content=\"index, follow, max-snippet:-1, max-image-preview:large, max-video-preview:-1\" \/>\n<link rel=\"canonical\" href=\"https:\/\/elfsight.com\/it\/popup-widget\/blogger\/\" \/>\n<meta property=\"og:locale\" content=\"it_IT\" \/>\n<meta property=\"og:type\" content=\"article\" \/>\n<meta property=\"og:title\" content=\"Aggiungi un widget Popup a un sito web di Blogger\" \/>\n<meta property=\"og:description\" content=\"Crea un popup su Blogger senza codifica!\" \/>\n<meta property=\"og:url\" content=\"https:\/\/elfsight.com\/it\/popup-widget\/blogger\/\" \/>\n<meta property=\"og:site_name\" content=\"Elfsight IT\" \/>\n<meta property=\"article:modified_time\" content=\"2025-03-13T15:50:53+00:00\" \/>\n<meta name=\"twitter:card\" content=\"summary_large_image\" \/>\n<meta name=\"twitter:label1\" content=\"Tempo di lettura stimato\" \/>\n\t<meta name=\"twitter:data1\" content=\"4 minuti\" \/>\n<!-- \/ Yoast SEO plugin. -->","yoast_head_json":{"title":"Aggiungi un widget Popup a un sito web di Blogger","description":"Crea un popup su Blogger senza codifica!","robots":{"index":"index","follow":"follow","max-snippet":"max-snippet:-1","max-image-preview":"max-image-preview:large","max-video-preview":"max-video-preview:-1"},"canonical":"https:\/\/elfsight.com\/it\/popup-widget\/blogger\/","og_locale":"it_IT","og_type":"article","og_title":"Aggiungi un widget Popup a un sito web di Blogger","og_description":"Crea un popup su Blogger senza codifica!","og_url":"https:\/\/elfsight.com\/it\/popup-widget\/blogger\/","og_site_name":"Elfsight IT","article_modified_time":"2025-03-13T15:50:53+00:00","twitter_card":"summary_large_image","twitter_misc":{"Tempo di lettura stimato":"4 minuti"},"schema":{"@context":"https:\/\/schema.org","@graph":[{"@type":"WebPage","@id":"https:\/\/elfsight.com\/it\/popup-widget\/blogger\/","url":"https:\/\/elfsight.com\/it\/popup-widget\/blogger\/","name":"Aggiungi un widget Popup a un sito web di Blogger","isPartOf":{"@id":"https:\/\/elfsight.com\/it\/#website"},"datePublished":"1970-01-01T00:00:00+00:00","dateModified":"2025-03-13T15:50:53+00:00","description":"Crea un popup su Blogger senza codifica!","breadcrumb":{"@id":"https:\/\/elfsight.com\/it\/popup-widget\/blogger\/#breadcrumb"},"inLanguage":"it-IT","potentialAction":[{"@type":"ReadAction","target":["https:\/\/elfsight.com\/it\/popup-widget\/blogger\/"]}]},{"@type":"BreadcrumbList","@id":"https:\/\/elfsight.com\/it\/popup-widget\/blogger\/#breadcrumb","itemListElement":[{"@type":"ListItem","position":1,"name":"Home","item":"https:\/\/elfsight.com\/it\/"},{"@type":"ListItem","position":2,"name":"Popup","item":"https:\/\/elfsight.com\/it\/popup-widget\/"},{"@type":"ListItem","position":3,"name":"Popup &#8211; Blogger"}]},{"@type":"WebSite","@id":"https:\/\/elfsight.com\/it\/#website","url":"https:\/\/elfsight.com\/it\/","name":"Elfsight IT","description":"Just another Elfsight Sites site","potentialAction":[{"@type":"SearchAction","target":{"@type":"EntryPoint","urlTemplate":"https:\/\/elfsight.com\/it\/?s={search_term_string}"},"query-input":{"@type":"PropertyValueSpecification","valueRequired":true,"valueName":"search_term_string"}}],"inLanguage":"it-IT"}]}},"meta_box":{"industry":"","seo_heading":"","heading":"","description":"","cta_heading":"","cta_description":"","application":"1195","h1":"Widget popup di Blogger","h1_caption":"Visualizza popup per catturare l'attenzione dei visitatori, promuovere offerte o raccogliere lead senza interrompere facilmente l'esperienza del sito Web nel tuo sito Web Blogger.","application_category":[],"applications_title":"","applications_request_title":"","applications_request_button_text":"","hero_text":"","hero_video":"","hero_video_schema_markup":"","selling_points_title":"","selling_points_caption":"","selling_points":[],"selling_points_cta_text":"","features_title":"","features":"","ed_cta_examples_text":"","ed_cta_examples_hidden":"","ed_cta_demo_text":"","ed_cta_demo_hidden":"","why_caption":"","why_editor_title":"","why_editor_text":"","why_team_title":"","why_team_text":"","why_service_title":"","why_service_text":"","template_catalog_visible":"0","template_catalog_title":"","template_catalog_text":"","template_catalog_categories_visible":"","demo_title":"Crea il tuo widget pop-up","demo_caption":"Configura il tuo Popup e aggiungilo gratuitamente al tuo sito Blogger!","default_faq_hidden":"","app_template_category":[],"platform":"33","template_public_id":"","codecanyon_url":"","codecanyon_item_id":"","codecanyon_price":"","pricing_caption":"","pricing_elfsight_apps_hide_column":"","pricing_elfsight_apps_url":"","pricing_codecanyon_price_caption":"","integration_category":[],"integration_request_title":"","integration_request_cta":"","integration_platform":"","integrations":[],"platform_category":[],"video_schema_markup":"","price":"da $ 0 al mese","trial":"","benefits":[{"text":"Servizio di installazione gratuito"},{"text":"Servizio clienti competente"},{"text":"Garanzia di rimborso di 14 giorni"},{"text":"Aggiornamenti futuri"}],"button_url":"#demo","button_target_blank":"0","button_nofollow":"0","attributes":[{"name":"Installazioni"},{"name":"Reattivo","content":"S\u00cc"},{"name":"Browser compatibili","content":"Firefox, Safari, Opera, Chrome, Edge"}],"tags":[],"tags_disable_links":"0","hide_more_platforms":"0","video_object":"","demo_hide_cta":"0","demo_hide_cloud_options":"0","pricing_title":"","pricing":[{"pricing_icon":"platform","pricing_title":"Elfsight Apps","pricing_title_caption":"Soluzione digitale multipiattaforma adatta a qualsiasi sito web","pricing_price":"da $ 0 \/ mese","pricing_price_caption":"inizia con un piano gratuito","pricing_benefits":[{"text":"Siti web illimitati"},{"text":"Supporto 24 ore su 24, 7 giorni su 7"},{"text":"Aiuto gratuito per l'installazione"},{"text":"Progettazione flessibile"}],"pricing_button_text":"Aggiungi al sito web","pricing_button_url":"#demo"}],"related_apps_title":"","related_apps_hidden":"0","author":"","image":[],"title":"","job":"","social_networks":[]},"_links":{"self":[{"href":"https:\/\/elfsight.com\/it\/wp-json\/wp\/v2\/pages\/5388","targetHints":{"allow":["GET"]}}],"collection":[{"href":"https:\/\/elfsight.com\/it\/wp-json\/wp\/v2\/pages"}],"about":[{"href":"https:\/\/elfsight.com\/it\/wp-json\/wp\/v2\/types\/page"}],"author":[{"embeddable":true,"href":"https:\/\/elfsight.com\/it\/wp-json\/wp\/v2\/users\/9"}],"replies":[{"embeddable":true,"href":"https:\/\/elfsight.com\/it\/wp-json\/wp\/v2\/comments?post=5388"}],"version-history":[{"count":3,"href":"https:\/\/elfsight.com\/it\/wp-json\/wp\/v2\/pages\/5388\/revisions"}],"predecessor-version":[{"id":8653,"href":"https:\/\/elfsight.com\/it\/wp-json\/wp\/v2\/pages\/5388\/revisions\/8653"}],"up":[{"embeddable":true,"href":"https:\/\/elfsight.com\/it\/wp-json\/wp\/v2\/pages\/1196"}],"wp:attachment":[{"href":"https:\/\/elfsight.com\/it\/wp-json\/wp\/v2\/media?parent=5388"}],"curies":[{"name":"wp","href":"https:\/\/api.w.org\/{rel}","templated":true}]}}