{"id":5387,"date":"1970-01-01T00:00:00","date_gmt":"1970-01-01T00:00:00","guid":{"rendered":"https:\/\/elfsight.com\/it\/?page_id=5387"},"modified":"2025-03-13T15:56:26","modified_gmt":"2025-03-13T15:56:26","slug":"drupal","status":"publish","type":"page","link":"https:\/\/elfsight.com\/it\/popup-widget\/drupal\/","title":{"rendered":"Popup &#8211; Drupal"},"content":{"rendered":"\n<div class=\"application-platform-content-item-description application-platform-content-item\" id=\"description\" data-nav-section=\"description\"> <h2>Descrizione<\/h2> <p>Applicando il modulo Elfsight Popup, hai la possibilit\u00e0 di creare i tuoi popup personalizzati di vario tipo e visualizzarli sul posto. Costruisci un pop-up autentico, utilizzando diversi tipi di blocchi. Modificare il design e il posizionamento; scegli il grilletto di apertura e determina la frequenza per aumentare l&#8217;efficienza del pop-up. I popup di diversi tipi consentono alle persone di iscriversi alle e-mail, conoscere i tuoi prodotti o servizi, utilizzare buoni sconto, utilizzare le tue vendite e offerte speciali, essere informato sugli eventi futuri sul tuo sito web e altro ancora.<\/p><p><b>I popup ti permetteranno di vendere di pi\u00f9, annunciare le prossime attivit\u00e0, ricevere feedback, abbonamenti e molto altro ancora.<\/b><\/p> <\/div><div class=\"application-platform-content-item-features application-platform-content-item\" id=\"features\" data-nav-section=\"features\"> <h2>Caratteristiche principali del popup module<\/h2> <p>Qui puoi vedere tutte le caratteristiche funzionali del widget. Puoi modificarli direttamente nell&#8217;editor e ti aiuteranno a modellare il widget pi\u00f9 adatto al tuo sito Drupal.<\/p> <ul><li>Dodici elementi inclusi per costruire un popup;<\/li> <li>5 inclusi layout pop-up per vari casi;<\/li> <li>Aggiungi pulsanti per il reindirizzamento a qualsiasi indirizzo;<\/li> <li>Caricamento di un&#8217;immagine per lo sfondo del popup;<\/li> <li>Il pop-up pu\u00f2 essere attivato dopo un tempo preciso trascorso sulla pagina web o una percentuale di scorrimento; <\/li> <li>Attivazione del popup facendo clic su un determinato elemento della pagina o scorrendo verso il basso fino ad esso. <\/li> <li>Puoi aggiungere un popup di modulo web a Drupal in pochi secondi.<\/li><\/ul> <p><a href=\"#demo\">Controlla tutte le funzionalit\u00e0 di un messaggio popup, nel nostro demo<\/a><\/p> <\/div><div class=\"application-platform-content-item-installation application-platform-content-item\" id=\"installation\" data-nav-section=\"installation\"><h2>Come aggiungere il modulo Popup al mio sito Drupal?<\/h2><div class=\"video-container\"><iframe width=\"560\" height=\"315\" src=\"https:\/\/www.youtube.com\/embed\/Itm9A8V1q3s?si=5rUVbdMso16TDW7c\" frameborder=\"0\" allow=\"accelerometer; autoplay; clipboard-write; encrypted-media; gyroscope; picture-in-picture; web-share\" allowfullscreen><\/iframe><\/div><p>Prendi semplicemente questi passaggi indicati di seguito per incorporare il modulo webform su Drupal.<\/p> <ol><li><b>Utilizza il nostro configuratore gratuito e inizia a dare forma al tuo widget personalizzato. <\/b><br> Determina la forma e le caratteristiche adatte del popup del modulo web e applica le modifiche. <\/li> <li><b>Copia il tuo codice messaggio popup univoco sulle app Elfsight. <\/b><br> Dopo aver completato la creazione del tuo widget Popup personale, copia il codice personale nella casella visualizzata e conservalo. Avrai bisogno del codice del messaggio Drupal Popup per un ulteriore utilizzo. <\/li> <li><b>Avvia l&#8217;utilizzo dello strumento sul tuo sito Drupal. <\/b><br> Inserisci il codice copiato prima nel tuo sito web e applica i miglioramenti. <\/li> <li><b>Fatto! La configurazione del messaggio popup su Drupal \u00e8 completata. <\/b><br> Vai al tuo sito per visualizzare le prestazioni dello strumento modulo web. <\/li><\/ol><p>Prenditi un minuto per contattare l&#8217;assistenza clienti se hai bisogno di consigli o hai domande. I nostri specialisti vi daranno una mano con ogni richiesta. <\/p> <div class=\"faq\" data-component=\"FAQ\">  \n<div class=\"faq-item\">\r\n\t\t\t\t\t<div class=\"faq-item-question\">\r\n\t\t\t\t\t\t<h3 class=\"faq-item-question-text\">Come posso aggiungere un popup al mio sito Drupal?<\/h3>\r\n\r\n\t\t\t\t\t\t<div class=\"faq-item-question-icon\"><\/div>\r\n\t\t\t\t\t<\/div>\r\n\r\n\t\t\t\t\t<div class=\"faq-item-answer\">\r\n\t\t\t\t\t\t<div class=\"faq-item-answer-text\">  \n<p>Per aggiungere un popup alla tua pagina Drupal, utilizza l&#8217;editor Elfsight per creare il tuo modulo. Non sono necessarie competenze di programmazione, poich\u00e9 il generatore di popup offre un&#8217;interfaccia intuitiva che permette a chiunque di progettare e personalizzare la notifica popup. Basta copiare il codice HTML generato e inserirlo nel CMS di Drupal.<\/p>  \n<\/div>\r\n\t\t\t\t\t<\/div>\r\n\t\t\t\t<\/div>  \n\n<div class=\"faq-item\">\r\n\t\t\t\t\t<div class=\"faq-item-question\">\r\n\t\t\t\t\t\t<h3 class=\"faq-item-question-text\">Il generatore di popup \u00e8 gratuito?<\/h3>\r\n\r\n\t\t\t\t\t\t<div class=\"faq-item-question-icon\"><\/div>\r\n\t\t\t\t\t<\/div>\r\n\r\n\t\t\t\t\t<div class=\"faq-item-answer\">\r\n\t\t\t\t\t\t<div class=\"faq-item-answer-text\">  \n<p>S\u00ec, lo strumento di popup per Drupal \u00e8 disponibile gratuitamente, consentendo anche agli utenti con risorse limitate di sfruttare questa funzionalit\u00e0 utile. Sono inoltre disponibili opzioni a pagamento con funzionalit\u00e0 avanzate.<\/p>  \n<\/div>\r\n\t\t\t\t\t<\/div>\r\n\t\t\t\t<\/div>  \n\n<div class=\"faq-item\">\r\n\t\t\t\t\t<div class=\"faq-item-question\">\r\n\t\t\t\t\t\t<h3 class=\"faq-item-question-text\">Qual \u00e8 il posto migliore per aggiungere il popup banner sul mio sito?<\/h3>\r\n\r\n\t\t\t\t\t\t<div class=\"faq-item-question-icon\"><\/div>\r\n\t\t\t\t\t<\/div>\r\n\r\n\t\t\t\t\t<div class=\"faq-item-answer\">\r\n\t\t\t\t\t\t<div class=\"faq-item-answer-text\">  \n<p>Con il nostro generatore di popup, puoi creare:  \n<ul>  \n <li>Un modulo popup a schermo intero per catturare immediatamente l&#8217;attenzione dei tuoi visitatori;<\/li>  \n <li>Un popup flottante per coinvolgere gli utenti mentre navigano nel tuo sito;<\/li>  \n <li>Un modulo nel footer, nell&#8217;header o nella sidebar per mantenere il tuo messaggio visibile senza interrompere la navigazione.<\/li>  \n<\/ul>  \n<p>Queste opzioni di posizionamento versatili ti consentono di collocare i popup in modo efficace, garantendo visibilit\u00e0 e aumentando il coinvolgimento.<\/p>  \n<\/div>\r\n\t\t\t\t\t<\/div>\r\n\t\t\t\t<\/div>  \n\n<div class=\"faq-item\">\r\n\t\t\t\t\t<div class=\"faq-item-question\">\r\n\t\t\t\t\t\t<h3 class=\"faq-item-question-text\">Quali tipi di moduli popup per Drupal posso creare con Elfsight?<\/h3>\r\n\r\n\t\t\t\t\t\t<div class=\"faq-item-question-icon\"><\/div>\r\n\t\t\t\t\t<\/div>\r\n\r\n\t\t\t\t\t<div class=\"faq-item-answer\">\r\n\t\t\t\t\t\t<div class=\"faq-item-answer-text\">  \n<p>Puoi creare una vasta gamma di popup personalizzati per diversi obiettivi.<\/p>  \n<p>Ad esempio, puoi realizzare un popup per l&#8217;iscrizione alla newsletter per incoraggiare i visitatori a iscriversi alla tua mailing list, un popup promozionale per aumentare le vendite con offerte VIP, oppure un popup sconto per evidenziare promozioni a tempo limitato e incentivare gli acquisti.<\/p>  \n<p>In totale, sono disponibili oltre <a href=\"https:\/\/elfsight.com\/popup-widget\/templates\/\" target=\"_blank\" rel=\"noopener\">100 modelli di popup<\/a>, permettendoti di scegliere facilmente il design perfetto per i tuoi obiettivi.<\/p>  \n<\/div>\r\n\t\t\t\t\t<\/div>\r\n\t\t\t\t<\/div>  \n\n<div class=\"faq-item\">\r\n\t\t\t\t\t<div class=\"faq-item-question\">\r\n\t\t\t\t\t\t<h3 class=\"faq-item-question-text\">Quali trigger sono disponibili per l'apertura del popup?<\/h3>\r\n\r\n\t\t\t\t\t\t<div class=\"faq-item-question-icon\"><\/div>\r\n\t\t\t\t\t<\/div>\r\n\r\n\t\t\t\t\t<div class=\"faq-item-answer\">\r\n\t\t\t\t\t\t<div class=\"faq-item-answer-text\">  \n<p>Con il modulo popup di Elfsight, hai a disposizione diversi trigger per controllare quando la tua notifica verr\u00e0 visualizzata. Puoi impostarlo per apparire al caricamento della pagina, dopo un determinato tempo trascorso sul sito o quando un utente scorre una certa parte della pagina.<\/p>  \n<p>Inoltre, i popup possono essere attivati al clic, quando un visitatore sta per lasciare il sito, oppure tramite un pulsante CTA per l&#8217;attivazione manuale. Questi trigger flessibili ti consentono di personalizzare il comportamento del modulo per massimizzare il coinvolgimento.<\/p>  \n<\/div>\r\n\t\t\t\t\t<\/div>\r\n\t\t\t\t<\/div>  \n<\/div>  \n<\/div>\n","protected":false},"excerpt":{"rendered":"","protected":false},"author":9,"featured_media":0,"parent":1196,"menu_order":0,"comment_status":"closed","ping_status":"closed","template":"templates\/template-application-platform.php","meta":{"publish_to_discourse":"","publish_post_category":"","wpdc_auto_publish_overridden":"","wpdc_topic_tags":"","wpdc_pin_topic":"","wpdc_pin_until":"","discourse_post_id":"","discourse_permalink":"","wpdc_publishing_response":"","wpdc_publishing_error":"","footnotes":""},"class_list":["post-5387","page","type-page","status-publish","hentry"],"yoast_head":"<!-- This site is optimized with the Yoast SEO plugin v25.3.1 - https:\/\/yoast.com\/wordpress\/plugins\/seo\/ -->\n<title>Aggiungi un modulo Popup a un sito Web Drupal<\/title>\n<meta name=\"description\" content=\"Crea popup su Drupal senza codifica!\" \/>\n<meta name=\"robots\" content=\"index, follow, max-snippet:-1, max-image-preview:large, max-video-preview:-1\" \/>\n<link rel=\"canonical\" href=\"https:\/\/elfsight.com\/it\/popup-widget\/drupal\/\" \/>\n<meta property=\"og:locale\" content=\"it_IT\" \/>\n<meta property=\"og:type\" content=\"article\" \/>\n<meta property=\"og:title\" content=\"Aggiungi un modulo Popup a un sito Web Drupal\" \/>\n<meta property=\"og:description\" content=\"Crea popup su Drupal senza codifica!\" \/>\n<meta property=\"og:url\" content=\"https:\/\/elfsight.com\/it\/popup-widget\/drupal\/\" \/>\n<meta property=\"og:site_name\" content=\"Elfsight IT\" \/>\n<meta property=\"article:modified_time\" content=\"2025-03-13T15:56:26+00:00\" \/>\n<meta name=\"twitter:card\" content=\"summary_large_image\" \/>\n<meta name=\"twitter:label1\" content=\"Tempo di lettura stimato\" \/>\n\t<meta name=\"twitter:data1\" content=\"5 minuti\" \/>\n<!-- \/ Yoast SEO plugin. -->","yoast_head_json":{"title":"Aggiungi un modulo Popup a un sito Web Drupal","description":"Crea popup su Drupal senza codifica!","robots":{"index":"index","follow":"follow","max-snippet":"max-snippet:-1","max-image-preview":"max-image-preview:large","max-video-preview":"max-video-preview:-1"},"canonical":"https:\/\/elfsight.com\/it\/popup-widget\/drupal\/","og_locale":"it_IT","og_type":"article","og_title":"Aggiungi un modulo Popup a un sito Web Drupal","og_description":"Crea popup su Drupal senza codifica!","og_url":"https:\/\/elfsight.com\/it\/popup-widget\/drupal\/","og_site_name":"Elfsight IT","article_modified_time":"2025-03-13T15:56:26+00:00","twitter_card":"summary_large_image","twitter_misc":{"Tempo di lettura stimato":"5 minuti"},"schema":{"@context":"https:\/\/schema.org","@graph":[{"@type":"WebPage","@id":"https:\/\/elfsight.com\/it\/popup-widget\/drupal\/","url":"https:\/\/elfsight.com\/it\/popup-widget\/drupal\/","name":"Aggiungi un modulo Popup a un sito Web Drupal","isPartOf":{"@id":"https:\/\/elfsight.com\/it\/#website"},"datePublished":"1970-01-01T00:00:00+00:00","dateModified":"2025-03-13T15:56:26+00:00","description":"Crea popup su Drupal senza codifica!","breadcrumb":{"@id":"https:\/\/elfsight.com\/it\/popup-widget\/drupal\/#breadcrumb"},"inLanguage":"it-IT","potentialAction":[{"@type":"ReadAction","target":["https:\/\/elfsight.com\/it\/popup-widget\/drupal\/"]}]},{"@type":"BreadcrumbList","@id":"https:\/\/elfsight.com\/it\/popup-widget\/drupal\/#breadcrumb","itemListElement":[{"@type":"ListItem","position":1,"name":"Home","item":"https:\/\/elfsight.com\/it\/"},{"@type":"ListItem","position":2,"name":"Popup","item":"https:\/\/elfsight.com\/it\/popup-widget\/"},{"@type":"ListItem","position":3,"name":"Popup &#8211; Drupal"}]},{"@type":"WebSite","@id":"https:\/\/elfsight.com\/it\/#website","url":"https:\/\/elfsight.com\/it\/","name":"Elfsight IT","description":"Just another Elfsight Sites site","potentialAction":[{"@type":"SearchAction","target":{"@type":"EntryPoint","urlTemplate":"https:\/\/elfsight.com\/it\/?s={search_term_string}"},"query-input":{"@type":"PropertyValueSpecification","valueRequired":true,"valueName":"search_term_string"}}],"inLanguage":"it-IT"}]}},"meta_box":{"industry":"","seo_heading":"","heading":"","description":"","cta_heading":"","cta_description":"","application":"1195","h1":"Modulo Drupal Popup","h1_caption":"Visualizza popup per catturare l'attenzione dei visitatori, promuovere offerte o raccogliere contatti senza interrompere l'esperienza del sito Web nel tuo sito Drupal senza sforzo.","application_category":[],"applications_title":"","applications_request_title":"","applications_request_button_text":"","hero_text":"","hero_video":"","hero_video_schema_markup":"","selling_points_title":"","selling_points_caption":"","selling_points":[],"selling_points_cta_text":"","features_title":"","features":"","ed_cta_examples_text":"","ed_cta_examples_hidden":"","ed_cta_demo_text":"","ed_cta_demo_hidden":"","why_caption":"","why_editor_title":"","why_editor_text":"","why_team_title":"","why_team_text":"","why_service_title":"","why_service_text":"","template_catalog_visible":"0","template_catalog_title":"","template_catalog_text":"","template_catalog_categories_visible":"","demo_title":"Crea il tuo modulo Popup","demo_caption":"Configura il tuo Popup e aggiungilo gratuitamente al tuo sito Drupal!","default_faq_hidden":"","app_template_category":[],"platform":"34","template_public_id":"","codecanyon_url":"","codecanyon_item_id":"","codecanyon_price":"","pricing_caption":"","pricing_elfsight_apps_hide_column":"","pricing_elfsight_apps_url":"","pricing_codecanyon_price_caption":"","integration_category":[],"integration_request_title":"","integration_request_cta":"","integration_platform":"","integrations":[],"platform_category":[],"video_schema_markup":"","price":"da $ 0 al mese","trial":"","benefits":[{"text":"Aiuto per l'installazione gratuito"},{"text":"Servizio clienti competente"},{"text":"Garanzia di rimborso di 14 giorni"},{"text":"Futuri aggiornamenti gratuiti"}],"button_url":"#demo","button_target_blank":"0","button_nofollow":"0","attributes":[{"name":"Installazioni"},{"name":"Reattivo","content":"S\u00cc"},{"name":"Browser compatibili","content":"Firefox, Safari, Opera, Chrome, Edge"}],"tags":[],"tags_disable_links":"0","hide_more_platforms":"0","video_object":"","demo_hide_cta":"0","demo_hide_cloud_options":"0","pricing_title":"","pricing":[{"pricing_icon":"platform","pricing_title":"Elfsight Apps","pricing_title_caption":"Soluzione digitale multipiattaforma adatta a qualsiasi sito","pricing_price":"da $ 0 \/ mese","pricing_price_caption":"inizia con il piano gratuito","pricing_benefits":[{"text":"Siti web illimitati"},{"text":"Supporto aziendale professionale"},{"text":"Aiuto per l'installazione gratuito"},{"text":"Ottimo affare per pi\u00f9 app"}],"pricing_button_text":"Aggiungi al sito web","pricing_button_url":"#demo"}],"related_apps_title":"","related_apps_hidden":"0","author":"","image":[],"title":"","job":"","social_networks":[]},"_links":{"self":[{"href":"https:\/\/elfsight.com\/it\/wp-json\/wp\/v2\/pages\/5387","targetHints":{"allow":["GET"]}}],"collection":[{"href":"https:\/\/elfsight.com\/it\/wp-json\/wp\/v2\/pages"}],"about":[{"href":"https:\/\/elfsight.com\/it\/wp-json\/wp\/v2\/types\/page"}],"author":[{"embeddable":true,"href":"https:\/\/elfsight.com\/it\/wp-json\/wp\/v2\/users\/9"}],"replies":[{"embeddable":true,"href":"https:\/\/elfsight.com\/it\/wp-json\/wp\/v2\/comments?post=5387"}],"version-history":[{"count":3,"href":"https:\/\/elfsight.com\/it\/wp-json\/wp\/v2\/pages\/5387\/revisions"}],"predecessor-version":[{"id":8655,"href":"https:\/\/elfsight.com\/it\/wp-json\/wp\/v2\/pages\/5387\/revisions\/8655"}],"up":[{"embeddable":true,"href":"https:\/\/elfsight.com\/it\/wp-json\/wp\/v2\/pages\/1196"}],"wp:attachment":[{"href":"https:\/\/elfsight.com\/it\/wp-json\/wp\/v2\/media?parent=5387"}],"curies":[{"name":"wp","href":"https:\/\/api.w.org\/{rel}","templated":true}]}}