{"id":5381,"date":"1970-01-01T00:00:00","date_gmt":"1970-01-01T00:00:00","guid":{"rendered":"https:\/\/elfsight.com\/it\/?page_id=5381"},"modified":"2024-11-12T08:35:36","modified_gmt":"2024-11-12T08:35:36","slug":"joomla","status":"publish","type":"page","link":"https:\/\/elfsight.com\/it\/popup-widget\/joomla\/","title":{"rendered":"Popup &#8211; Joomla"},"content":{"rendered":"<div class=\"application-platform-content-item-description application-platform-content-item\" id=\"description\" data-nav-section=\"description\"> <h2>Descrizione<\/h2> <p>Applicando l&#8217;estensione Elfsight Popup, sei libero di creare i tuoi popup di qualsiasi tipo e visualizzarli sul tuo sito web. Crea un pop-up autentico utilizzando diversi tipi di componenti integrati. Trova il look e la disposizione migliore; scegli il trigger di attivazione e determina i tempi per ottenere una migliore efficacia del pop-up. I popup consentono agli utenti di creare un abbonamento, conoscere le tue offerte, utilizzare i loro coupon, vedere le tue vendite e le offerte speciali, essere informato su eventi importanti sul tuo sito web e altro ancora.<\/p> <p><b>I popup verranno visualizzati aiutarti a vendere meglio, promuovere gli eventi in programma, raccogliere opinioni e iscritti e molto altro ancora. <\/b><\/p> <\/div><div class=\"faq\" data-component=\"FAQ\"><div class=\"faq-item\">\r\n\t\t\t\t\t<div class=\"faq-item-question\">\r\n\t\t\t\t\t\t<h3 class=\"faq-item-question-text\">In che modo incorporo un popup nel mio Joomla? <\/h3>\r\n\r\n\t\t\t\t\t\t<div class=\"faq-item-question-icon\"><\/div>\r\n\t\t\t\t\t<\/div>\r\n\r\n\t\t\t\t\t<div class=\"faq-item-answer\">\r\n\t\t\t\t\t\t<div class=\"faq-item-answer-text\"><p>La creazione del Il modulo di contatto popup di Joomla si trova nelle app Elfsight e non \u00e8 necessario scrivere codice. Utilizza la nostra demo attiva per modellare il tuo widget personale, ottenere il codice e integrarlo nel tuo sito. <\/p><\/div>\r\n\t\t\t\t\t<\/div>\r\n\t\t\t\t<\/div><div class=\"faq-item\">\r\n\t\t\t\t\t<div class=\"faq-item-question\">\r\n\t\t\t\t\t\t<h3 class=\"faq-item-question-text\">I migliori esempi di utilizzo dell'integrazione pop-up reattiva<\/h3>\r\n\r\n\t\t\t\t\t\t<div class=\"faq-item-question-icon\"><\/div>\r\n\t\t\t\t\t<\/div>\r\n\r\n\t\t\t\t\t<div class=\"faq-item-answer\">\r\n\t\t\t\t\t\t<div class=\"faq-item-answer-text\"><p>Offriamo molte possibilit\u00e0 di personalizzazione per un modulo di contatto Joomla: widget a grandezza naturale per inserimento nell&#8217;area del contenuto, widget mobili con opportunit\u00e0 di scorrimento, layout per il pi\u00e8 di pagina, la sezione principale e tutti i tipi di possibilit\u00e0 verticali per le barre laterali e i menu del sito web.<\/p><\/div>\r\n\t\t\t\t\t<\/div>\r\n\t\t\t\t<\/div><div class=\"faq-item\">\r\n\t\t\t\t\t<div class=\"faq-item-question\">\r\n\t\t\t\t\t\t<h3 class=\"faq-item-question-text\">Can Creo un popup Black Friday o Exit Intent con l'aiuto del tuo editor? <\/h3>\r\n\r\n\t\t\t\t\t\t<div class=\"faq-item-question-icon\"><\/div>\r\n\t\t\t\t\t<\/div>\r\n\r\n\t\t\t\t\t<div class=\"faq-item-answer\">\r\n\t\t\t\t\t\t<div class=\"faq-item-answer-text\"><p>Sei libero di apportare eventuali modifiche al widget. Esistono tantissimi layout per i moduli di contatto e tutti possono essere facilmente modificati in base alle tue esigenze. Oltre a ci\u00f2, puoi creare un video pop-up per Joomla semplicemente incollando un collegamento al video di YouTube in un determinato campo.<\/p><\/div>\r\n\t\t\t\t\t<\/div>\r\n\t\t\t\t<\/div><\/div><div class=\"application-platform-content-item-features application-platform-content-item\" id=\"features\" data-nav-section=\"features\"> <h2>Caratteristiche principali del modulo Popup<\/h2> <p>Vedi tutte le funzionalit\u00e0 dell&#8217;estensione. Puoi modificarli direttamente nell&#8217;editor e ti aiuteranno a creare il modulo esattamente per le tue esigenze.<\/p> <ul><li>12 vari elementi per configurare un popup<\/li> <li>Cinque layout popup inclusi per casi diversi<\/li> <li>Incorpora pulsanti per indirizzare gli utenti a qualsiasi pagina<\/li><li>Opportunit\u00e0 di creare un popup per il modulo di contatto<\/li><li>Caricare un&#8217;immagine per lo sfondo e un video su un Popup Joomla<\/li> <li>Il popup pu\u00f2 verificarsi dopo un tempo specifico sulla pagina o dopo una quantit\u00e0 di scorrimento<\/li> <li>Attivatori popup: fare clic su un elemento o scorrere verso il basso fino ad esso<\/li> <\/ul> <p><a href=\"#demo\">Puoi provare tutte le funzionalit\u00e0 del widget direttamente nella demo<\/a><\/p> <\/div><div class=\"application-platform-content-item-installation application-platform-content-item\" id=\"installation\" data-nav-section=\"installation\"><h2>Come posso aggiungere Estensione popup al sito web Joomla?<\/h2><div class=\"video-container\"><iframe width=\"720\" height=\"405\" src=\"https:\/\/www.youtube.com\/embed\/K8lRf1BJjqg\" frameborder=\"0\" allowfullscreen=\"\"><\/iframe><\/div><p>Segui semplicemente i passaggi indicati di seguito per aggiungere lo strumento su Joomla.<\/p> <ol><li><b>Utilizza il nostro servizio gratuito demo e inizia a creare il tuo plugin unico.<\/b><br> Trova il layout e gli aspetti selezionati dello strumento e salva le modifiche.<\/li> <li><b>Acquisisci il tuo codice individuale mostrato nella casella sulle app Elfsight .<\/b><br> Dopo aver completato la creazione dell&#8217;estensione Popup, copia il codice personale dalla casella emersa e salvalo per un uso successivo.<\/li> <li><b>Inizia a utilizzare lo strumento su Joomla sito.<\/b><br> Implementa il codice che hai salvato in precedenza nel tuo sito web e applica le modifiche.<\/li> <li><b>Il gioco \u00e8 fatto! L&#8217;incorporamento \u00e8 completamente eseguito.<\/b><br> Vai al tuo sito Joomla per vedere come funziona l&#8217;estensione.<\/li><\/ol><p>Non esitare a rivolgerti al servizio di supporto se hai bisogno di assistenza Installazione di Joomla. Saremo felici di darti una mano con qualsiasi richiesta.<\/p> <\/div>","protected":false},"excerpt":{"rendered":"","protected":false},"author":9,"featured_media":0,"parent":1196,"menu_order":0,"comment_status":"closed","ping_status":"closed","template":"templates\/template-application-platform.php","meta":{"publish_to_discourse":"","publish_post_category":"","wpdc_auto_publish_overridden":"","wpdc_topic_tags":"","wpdc_pin_topic":"","wpdc_pin_until":"","discourse_post_id":"","discourse_permalink":"","wpdc_publishing_response":"","wpdc_publishing_error":"","footnotes":""},"class_list":["post-5381","page","type-page","status-publish","hentry"],"yoast_head":"<!-- This site is optimized with the Yoast SEO plugin v25.3.1 - https:\/\/yoast.com\/wordpress\/plugins\/seo\/ -->\n<title>Aggiungi gratuitamente un modulo Popup a un sito Web Joomla<\/title>\n<meta name=\"description\" content=\"Crea un popup su Joomla senza scrivere codice!\" \/>\n<meta name=\"robots\" content=\"index, follow, max-snippet:-1, max-image-preview:large, max-video-preview:-1\" \/>\n<link rel=\"canonical\" href=\"https:\/\/elfsight.com\/it\/popup-widget\/joomla\/\" \/>\n<meta property=\"og:locale\" content=\"it_IT\" \/>\n<meta property=\"og:type\" content=\"article\" \/>\n<meta property=\"og:title\" content=\"Aggiungi gratuitamente un modulo Popup a un sito Web Joomla\" \/>\n<meta property=\"og:description\" content=\"Crea un popup su Joomla senza scrivere codice!\" \/>\n<meta property=\"og:url\" content=\"https:\/\/elfsight.com\/it\/popup-widget\/joomla\/\" \/>\n<meta property=\"og:site_name\" content=\"Elfsight IT\" \/>\n<meta property=\"article:modified_time\" content=\"2024-11-12T08:35:36+00:00\" \/>\n<meta name=\"twitter:card\" content=\"summary_large_image\" \/>\n<meta name=\"twitter:label1\" content=\"Tempo di lettura stimato\" \/>\n\t<meta name=\"twitter:data1\" content=\"3 minuti\" \/>\n<!-- \/ Yoast SEO plugin. -->","yoast_head_json":{"title":"Aggiungi gratuitamente un modulo Popup a un sito Web Joomla","description":"Crea un popup su Joomla senza scrivere codice!","robots":{"index":"index","follow":"follow","max-snippet":"max-snippet:-1","max-image-preview":"max-image-preview:large","max-video-preview":"max-video-preview:-1"},"canonical":"https:\/\/elfsight.com\/it\/popup-widget\/joomla\/","og_locale":"it_IT","og_type":"article","og_title":"Aggiungi gratuitamente un modulo Popup a un sito Web Joomla","og_description":"Crea un popup su Joomla senza scrivere codice!","og_url":"https:\/\/elfsight.com\/it\/popup-widget\/joomla\/","og_site_name":"Elfsight IT","article_modified_time":"2024-11-12T08:35:36+00:00","twitter_card":"summary_large_image","twitter_misc":{"Tempo di lettura stimato":"3 minuti"},"schema":{"@context":"https:\/\/schema.org","@graph":[{"@type":"WebPage","@id":"https:\/\/elfsight.com\/it\/popup-widget\/joomla\/","url":"https:\/\/elfsight.com\/it\/popup-widget\/joomla\/","name":"Aggiungi gratuitamente un modulo Popup a un sito Web Joomla","isPartOf":{"@id":"https:\/\/elfsight.com\/it\/#website"},"datePublished":"1970-01-01T00:00:00+00:00","dateModified":"2024-11-12T08:35:36+00:00","description":"Crea un popup su Joomla senza scrivere codice!","breadcrumb":{"@id":"https:\/\/elfsight.com\/it\/popup-widget\/joomla\/#breadcrumb"},"inLanguage":"it-IT","potentialAction":[{"@type":"ReadAction","target":["https:\/\/elfsight.com\/it\/popup-widget\/joomla\/"]}]},{"@type":"BreadcrumbList","@id":"https:\/\/elfsight.com\/it\/popup-widget\/joomla\/#breadcrumb","itemListElement":[{"@type":"ListItem","position":1,"name":"Home","item":"https:\/\/elfsight.com\/it\/"},{"@type":"ListItem","position":2,"name":"Popup","item":"https:\/\/elfsight.com\/it\/popup-widget\/"},{"@type":"ListItem","position":3,"name":"Popup &#8211; Joomla"}]},{"@type":"WebSite","@id":"https:\/\/elfsight.com\/it\/#website","url":"https:\/\/elfsight.com\/it\/","name":"Elfsight IT","description":"Just another Elfsight Sites site","potentialAction":[{"@type":"SearchAction","target":{"@type":"EntryPoint","urlTemplate":"https:\/\/elfsight.com\/it\/?s={search_term_string}"},"query-input":{"@type":"PropertyValueSpecification","valueRequired":true,"valueName":"search_term_string"}}],"inLanguage":"it-IT"}]}},"meta_box":{"industry":"","seo_heading":"","heading":"","description":"","cta_heading":"","cta_description":"","application":"1195","h1":"Modulo popup Joomla","h1_caption":"Visualizza popup per catturare l'attenzione dei visitatori, promuovere offerte o raccogliere contatti senza interrompere l'esperienza del sito Web nel tuo sito Web Joomla senza sforzo.","application_category":[],"applications_title":"","applications_request_title":"","applications_request_button_text":"","hero_text":"","hero_video":"","hero_video_schema_markup":"","selling_points_title":"","selling_points_caption":"","selling_points":[],"selling_points_cta_text":"","features_title":"","features":"","ed_cta_examples_text":"","ed_cta_examples_hidden":"","ed_cta_demo_text":"","ed_cta_demo_hidden":"","why_caption":"","why_editor_title":"","why_editor_text":"","why_team_title":"","why_team_text":"","why_service_title":"","why_service_text":"","template_catalog_visible":"0","template_catalog_title":"","template_catalog_text":"","template_catalog_categories_visible":"","demo_title":"Crea il tuo plugin Popup","demo_caption":"Configura il tuo Popup e aggiungilo gratuitamente al tuo sito Joomla!","default_faq_hidden":"","app_template_category":[],"platform":"36","template_public_id":"","codecanyon_url":"","codecanyon_item_id":"","codecanyon_price":"","pricing_caption":"","pricing_elfsight_apps_hide_column":"","pricing_elfsight_apps_url":"","pricing_codecanyon_price_caption":"","integration_category":[],"integration_request_title":"","integration_request_cta":"","integration_platform":"","integrations":[],"platform_category":[],"video_schema_markup":"","price":"da $ 0 al mese","trial":"","benefits":[{"text":"Assistenza per l'installazione gratuita"},{"text":"Supporto eccezionale"},{"text":"Garanzia di rimborso di 14 giorni"},{"text":"Aggiornamento costante"}],"button_url":"#demo","button_target_blank":"0","button_nofollow":"0","attributes":[{"name":"Installazioni"},{"name":"Reattivo","content":"S\u00cc"},{"name":"Browser compatibili","content":"IE11, Firefox, Safari, Opera, Chrome, Edge"}],"tags":[],"tags_disable_links":"0","hide_more_platforms":"","video_object":"","demo_hide_cta":"0","demo_hide_cloud_options":"0","pricing_title":"","pricing":[{"pricing_icon":"platform","pricing_title":"Elfsight Apps","pricing_title_caption":"Versione multipiattaforma adatta a qualsiasi sito web","pricing_price":"da $ 0 \/ mese","pricing_price_caption":"inizia con il piano gratuito","pricing_benefits":[{"text":"Siti web illimitati"},{"text":"Assistenza clienti 24 ore su 24, 7 giorni su 7"},{"text":"Assistenza gratuita per l'installazione"},{"text":"Offerta speciale per pi\u00f9 app"}],"pricing_button_text":"Aggiungi al sito web","pricing_button_url":"#demo"}],"related_apps_title":"","related_apps_hidden":"0","author":"","image":[],"title":"","job":"","social_networks":[]},"_links":{"self":[{"href":"https:\/\/elfsight.com\/it\/wp-json\/wp\/v2\/pages\/5381","targetHints":{"allow":["GET"]}}],"collection":[{"href":"https:\/\/elfsight.com\/it\/wp-json\/wp\/v2\/pages"}],"about":[{"href":"https:\/\/elfsight.com\/it\/wp-json\/wp\/v2\/types\/page"}],"author":[{"embeddable":true,"href":"https:\/\/elfsight.com\/it\/wp-json\/wp\/v2\/users\/9"}],"replies":[{"embeddable":true,"href":"https:\/\/elfsight.com\/it\/wp-json\/wp\/v2\/comments?post=5381"}],"version-history":[{"count":3,"href":"https:\/\/elfsight.com\/it\/wp-json\/wp\/v2\/pages\/5381\/revisions"}],"predecessor-version":[{"id":7550,"href":"https:\/\/elfsight.com\/it\/wp-json\/wp\/v2\/pages\/5381\/revisions\/7550"}],"up":[{"embeddable":true,"href":"https:\/\/elfsight.com\/it\/wp-json\/wp\/v2\/pages\/1196"}],"wp:attachment":[{"href":"https:\/\/elfsight.com\/it\/wp-json\/wp\/v2\/media?parent=5381"}],"curies":[{"name":"wp","href":"https:\/\/api.w.org\/{rel}","templated":true}]}}