{"id":5380,"date":"1970-01-01T00:00:00","date_gmt":"1970-01-01T00:00:00","guid":{"rendered":"https:\/\/elfsight.com\/it\/?page_id=5380"},"modified":"2025-03-13T16:03:38","modified_gmt":"2025-03-13T16:03:38","slug":"jquery","status":"publish","type":"page","link":"https:\/\/elfsight.com\/it\/popup-widget\/jquery\/","title":{"rendered":"Popup &#8211; jQuery"},"content":{"rendered":"\n<div class=\"application-platform-content-item-description application-platform-content-item\" id=\"description\" data-nav-section=\"description\"> <h2>Descrizione<\/h2> <p>Con l&#8217;aiuto del plugin Elfsight Pop up, tutti possono costruire i tuoi popup personalizzati di qualsiasi tipo e introdurli sulla pagina web. Costruisci il tuo popup, utilizzando diversi blocchi inclusi. Modificare il layout e la disposizione; assegnare un trigger pop-up e trovare la frequenza giusta per ottenere una maggiore efficacia del pop-up. Pop-up di diversi tipi consentono alle persone di iscriversi alle tue e-mail, scoprire i tuoi prodotti, copiare buoni sconto, conoscere le tue vendite e le offerte speciali. Le finestre popup JQuery avvisano sulle prossime occasioni sul tuo sito web e molto altro ancora.<\/p> <p><b>I popup consentiranno le vendite in modo pi\u00f9 efficiente, promuoveranno i prossimi eventi, otterranno feedback e abbonati e molto altro ancora.<\/b> <\/p> <\/div><div class=\"faq\" data-component=\"FAQ\"><div class=\"faq-item\">\r\n\t\t\t\t\t<div class=\"faq-item-question\">\r\n\t\t\t\t\t\t<h3 class=\"faq-item-question-text\">In che modo posso aggiungere un popup al mio sito jQuery?<\/h3>\r\n\r\n\t\t\t\t\t\t<div class=\"faq-item-question-icon\"><\/div>\r\n\t\t\t\t\t<\/div>\r\n\r\n\t\t\t\t\t<div class=\"faq-item-answer\">\r\n\t\t\t\t\t\t<div class=\"faq-item-answer-text\"><p>Avviene la costruzione del widget sulle pagine Elfsight e non \u00e8 necessario scrivere codice. Vai alla demo attiva per personalizzare il tuo plugin personale, ottieni il codice e incollalo nel tuo sito. Puoi aggiungerlo ovunque e hai l&#8217;opportunit\u00e0 di mostrare un popup jQuery nel menu.<\/p><\/div>\r\n\t\t\t\t\t<\/div>\r\n\t\t\t\t<\/div><div class=\"faq-item\">\r\n\t\t\t\t\t<div class=\"faq-item-question\">\r\n\t\t\t\t\t\t<h3 class=\"faq-item-question-text\">I migliori esempi di utilizzo dell'integrazione delle finestre popup<\/h3>\r\n\r\n\t\t\t\t\t\t<div class=\"faq-item-question-icon\"><\/div>\r\n\t\t\t\t\t<\/div>\r\n\r\n\t\t\t\t\t<div class=\"faq-item-answer\">\r\n\t\t\t\t\t\t<div class=\"faq-item-answer-text\"><p>Ti garantiamo una serie di opportunit\u00e0 di regolazione: widget su vasta scala da aggiungere nella sezione dei contenuti, plugin mobili per la funzionalit\u00e0 di scorrimento, layout per il pi\u00e8 di pagina, l&#8217;intestazione e tutte le varianti delle opportunit\u00e0 verticali per le barre laterali e i menu del sito web. Puoi creare facilmente un popup di conferma jQuery o qualsiasi altro tipo di casella con l&#8217;aiuto di modelli gi\u00e0 pronti.<\/p><\/div>\r\n\t\t\t\t\t<\/div>\r\n\t\t\t\t<\/div><div class=\"faq-item\">\r\n\t\t\t\t\t<div class=\"faq-item-question\">\r\n\t\t\t\t\t\t<h3 class=\"faq-item-question-text\">Posso creare un Black Friday o un Popup di notifica jQuery tramite l'editor? <\/h3>\r\n\r\n\t\t\t\t\t\t<div class=\"faq-item-question-icon\"><\/div>\r\n\t\t\t\t\t<\/div>\r\n\r\n\t\t\t\t\t<div class=\"faq-item-answer\">\r\n\t\t\t\t\t\t<div class=\"faq-item-answer-text\"><p>Sei libero di creare qualsiasi modifica del widget. Esistono molti layout per le finestre popup jQuery e tutti possono essere rapidamente personalizzati nel modo desiderato. Puoi aggiungere un coupon o una notifica al tuo popup e goderti la crescita delle conversioni.<\/p><\/div>\r\n\t\t\t\t\t<\/div>\r\n\t\t\t\t<\/div><\/div><div class=\"application-platform-content-item-features application-platform-content-item\" id=\"features\" data-nav-section=\"features\"> <h2>Caratteristiche principali del widget Popup<\/h2> <p>Controlla un elenco di tutte le funzionalit\u00e0 del widget. Puoi gestire le caselle popup jQuery direttamente nell&#8217;editor e questo ti aiuter\u00e0 a configurare il widget per adattarlo a ogni caso. <\/p> <ul><li>Dodici blocchi di contenuto per creare un popup<\/li> <li>Cinque layout popup inclusi per casi diversi<\/li> <li>Aggiungi pulsanti per indirizzare i visitatori a qualsiasi indirizzo da un popup box<\/li> <li>Opzione per caricare un&#8217;immagine per lo sfondo del plug-in<\/li> <li>I popup possono verificarsi dopo un tempo specifico trascorso sulla pagina Web o una quantit\u00e0 di scorrimento<\/li> <li>Attivatori di popup: facendo clic su un determinato elemento o scorrendo verso il basso fino ad esso<\/li> <\/ul> <p><a href=\"#demo\">Controlla tutte le altre funzioni nella demo<\/a><\/p> <\/div><div class=\"application-platform-content-item-installation application-platform-content-item\" id=\"installation\" data-nav-section=\"installation\"><h2>Come incorporare jQuery Pop up nel sito web?<\/h2> <p>Per aggiungere il widget, esegui i seguenti rapidi passaggi<\/p> <ol><li><b>Genera il tuo plugin Pop up personalizzato<\/b><br> Vai al nostro configuratore gratuito, scegli un esempio di Popup jQuery e genera un widget con aspetto e funzionalit\u00e0 preferibili.<\/li><li><b>Acquisisci il codice individuale per installa il plugin<\/b><br> Dopo aver creato il tuo widget, riceverai il tuo codice personale dalla finestra visualizzata su Elfsight Apps. Copia il codice.<\/li> <li><b>Integra il plugin nel tuo sito jQuery<\/b><br> Seleziona la posizione in cui desideri aggiungere il widget e inserisci l\u00ec il codice salvato. Salva le modifiche.<\/li> <li><b>Hai completato con successo l&#8217;installazione<\/b><br> Accedi alla pagina web, per dare un&#8217;occhiata al tuo Popup.<\/li> <\/ol><p> Puoi rivolgerti all&#8217;assistenza clienti nel caso in cui hai bisogno di aiuto o hai domande. I nostri specialisti saranno lieti di assistere con ogni richiesta.<\/p> <\/div>\n","protected":false},"excerpt":{"rendered":"","protected":false},"author":9,"featured_media":0,"parent":1196,"menu_order":0,"comment_status":"closed","ping_status":"closed","template":"templates\/template-application-platform.php","meta":{"publish_to_discourse":"","publish_post_category":"","wpdc_auto_publish_overridden":"","wpdc_topic_tags":"","wpdc_pin_topic":"","wpdc_pin_until":"","discourse_post_id":"","discourse_permalink":"","wpdc_publishing_response":"","wpdc_publishing_error":"","footnotes":""},"class_list":["post-5380","page","type-page","status-publish","hentry"],"yoast_head":"<!-- This site is optimized with the Yoast SEO plugin v25.3.1 - https:\/\/yoast.com\/wordpress\/plugins\/seo\/ -->\n<title>Aggiungi un widget Popup a un sito Web jQuery<\/title>\n<meta name=\"description\" content=\"Crea un popup su jQuery senza codifica!\" \/>\n<meta name=\"robots\" content=\"index, follow, max-snippet:-1, max-image-preview:large, max-video-preview:-1\" \/>\n<link rel=\"canonical\" href=\"https:\/\/elfsight.com\/it\/popup-widget\/jquery\/\" \/>\n<meta property=\"og:locale\" content=\"it_IT\" \/>\n<meta property=\"og:type\" content=\"article\" \/>\n<meta property=\"og:title\" content=\"Aggiungi un widget Popup a un sito Web jQuery\" \/>\n<meta property=\"og:description\" content=\"Crea un popup su jQuery senza codifica!\" \/>\n<meta property=\"og:url\" content=\"https:\/\/elfsight.com\/it\/popup-widget\/jquery\/\" \/>\n<meta property=\"og:site_name\" content=\"Elfsight IT\" \/>\n<meta property=\"article:modified_time\" content=\"2025-03-13T16:03:38+00:00\" \/>\n<meta name=\"twitter:card\" content=\"summary_large_image\" \/>\n<meta name=\"twitter:label1\" content=\"Tempo di lettura stimato\" \/>\n\t<meta name=\"twitter:data1\" content=\"4 minuti\" \/>\n<!-- \/ Yoast SEO plugin. -->","yoast_head_json":{"title":"Aggiungi un widget Popup a un sito Web jQuery","description":"Crea un popup su jQuery senza codifica!","robots":{"index":"index","follow":"follow","max-snippet":"max-snippet:-1","max-image-preview":"max-image-preview:large","max-video-preview":"max-video-preview:-1"},"canonical":"https:\/\/elfsight.com\/it\/popup-widget\/jquery\/","og_locale":"it_IT","og_type":"article","og_title":"Aggiungi un widget Popup a un sito Web jQuery","og_description":"Crea un popup su jQuery senza codifica!","og_url":"https:\/\/elfsight.com\/it\/popup-widget\/jquery\/","og_site_name":"Elfsight IT","article_modified_time":"2025-03-13T16:03:38+00:00","twitter_card":"summary_large_image","twitter_misc":{"Tempo di lettura stimato":"4 minuti"},"schema":{"@context":"https:\/\/schema.org","@graph":[{"@type":"WebPage","@id":"https:\/\/elfsight.com\/it\/popup-widget\/jquery\/","url":"https:\/\/elfsight.com\/it\/popup-widget\/jquery\/","name":"Aggiungi un widget Popup a un sito Web jQuery","isPartOf":{"@id":"https:\/\/elfsight.com\/it\/#website"},"datePublished":"1970-01-01T00:00:00+00:00","dateModified":"2025-03-13T16:03:38+00:00","description":"Crea un popup su jQuery senza codifica!","breadcrumb":{"@id":"https:\/\/elfsight.com\/it\/popup-widget\/jquery\/#breadcrumb"},"inLanguage":"it-IT","potentialAction":[{"@type":"ReadAction","target":["https:\/\/elfsight.com\/it\/popup-widget\/jquery\/"]}]},{"@type":"BreadcrumbList","@id":"https:\/\/elfsight.com\/it\/popup-widget\/jquery\/#breadcrumb","itemListElement":[{"@type":"ListItem","position":1,"name":"Home","item":"https:\/\/elfsight.com\/it\/"},{"@type":"ListItem","position":2,"name":"Popup","item":"https:\/\/elfsight.com\/it\/popup-widget\/"},{"@type":"ListItem","position":3,"name":"Popup &#8211; jQuery"}]},{"@type":"WebSite","@id":"https:\/\/elfsight.com\/it\/#website","url":"https:\/\/elfsight.com\/it\/","name":"Elfsight IT","description":"Just another Elfsight Sites site","potentialAction":[{"@type":"SearchAction","target":{"@type":"EntryPoint","urlTemplate":"https:\/\/elfsight.com\/it\/?s={search_term_string}"},"query-input":{"@type":"PropertyValueSpecification","valueRequired":true,"valueName":"search_term_string"}}],"inLanguage":"it-IT"}]}},"meta_box":{"industry":"","seo_heading":"","heading":"","description":"","cta_heading":"","cta_description":"","application":"1195","h1":"Plug-in jQuery Popup","h1_caption":"Visualizza popup per catturare l'attenzione dei visitatori, promuovere offerte o raccogliere lead senza interrompere l'esperienza del sito Web nel tuo sito Web jQuery senza sforzo.","application_category":[],"applications_title":"","applications_request_title":"","applications_request_button_text":"","hero_text":"","hero_video":"","hero_video_schema_markup":"","selling_points_title":"","selling_points_caption":"","selling_points":[],"selling_points_cta_text":"","features_title":"","features":"","ed_cta_examples_text":"","ed_cta_examples_hidden":"","ed_cta_demo_text":"","ed_cta_demo_hidden":"","why_caption":"","why_editor_title":"","why_editor_text":"","why_team_title":"","why_team_text":"","why_service_title":"","why_service_text":"","template_catalog_visible":"0","template_catalog_title":"","template_catalog_text":"","template_catalog_categories_visible":"","demo_title":"Crea il tuo plugin Popup","demo_caption":"Configura il tuo Popup e aggiungilo gratuitamente al tuo sito jQuery!","default_faq_hidden":"","app_template_category":[],"platform":"37","template_public_id":"","codecanyon_url":"","codecanyon_item_id":"","codecanyon_price":"","pricing_caption":"","pricing_elfsight_apps_hide_column":"","pricing_elfsight_apps_url":"","pricing_codecanyon_price_caption":"","integration_category":[],"integration_request_title":"","integration_request_cta":"","integration_platform":"","integrations":[],"platform_category":[],"video_schema_markup":"","price":"da $ 0 al mese","trial":"","benefits":[{"text":"Aiuto per l'installazione gratuito"},{"text":"Supporto eccezionale"},{"text":"Garanzia di rimborso di 14 giorni"},{"text":"Aggiornamenti continui"}],"button_url":"#demo","button_target_blank":"0","button_nofollow":"0","attributes":[{"name":"Installazioni"},{"name":"Reattivo","content":"S\u00cc"},{"name":"Browser compatibili","content":"Firefox, Safari, Opera, Chrome, Edge"}],"tags":[],"tags_disable_links":"0","hide_more_platforms":"0","video_object":"","demo_hide_cta":"0","demo_hide_cloud_options":"0","pricing_title":"","pricing":[{"pricing_icon":"platform","pricing_title":"Elfsight Apps","pricing_title_caption":"Versione indipendente dalla piattaforma adatta a qualsiasi sito","pricing_price":"da $ 0 \/ mese","pricing_price_caption":"inizia con un piano gratuito","pricing_benefits":[{"text":"Siti web illimitati"},{"text":"Supporto aziendale dedicato e ben documentato"},{"text":"Assistenza gratuita per l'installazione"},{"text":"100% personalizzabile"}],"pricing_button_text":"Aggiungi al sito web","pricing_button_url":"#demo"}],"related_apps_title":"","related_apps_hidden":"0","author":"","image":[],"title":"","job":"","social_networks":[]},"_links":{"self":[{"href":"https:\/\/elfsight.com\/it\/wp-json\/wp\/v2\/pages\/5380","targetHints":{"allow":["GET"]}}],"collection":[{"href":"https:\/\/elfsight.com\/it\/wp-json\/wp\/v2\/pages"}],"about":[{"href":"https:\/\/elfsight.com\/it\/wp-json\/wp\/v2\/types\/page"}],"author":[{"embeddable":true,"href":"https:\/\/elfsight.com\/it\/wp-json\/wp\/v2\/users\/9"}],"replies":[{"embeddable":true,"href":"https:\/\/elfsight.com\/it\/wp-json\/wp\/v2\/comments?post=5380"}],"version-history":[{"count":2,"href":"https:\/\/elfsight.com\/it\/wp-json\/wp\/v2\/pages\/5380\/revisions"}],"predecessor-version":[{"id":8659,"href":"https:\/\/elfsight.com\/it\/wp-json\/wp\/v2\/pages\/5380\/revisions\/8659"}],"up":[{"embeddable":true,"href":"https:\/\/elfsight.com\/it\/wp-json\/wp\/v2\/pages\/1196"}],"wp:attachment":[{"href":"https:\/\/elfsight.com\/it\/wp-json\/wp\/v2\/media?parent=5380"}],"curies":[{"name":"wp","href":"https:\/\/api.w.org\/{rel}","templated":true}]}}