{"id":5379,"date":"1970-01-01T00:00:00","date_gmt":"1970-01-01T00:00:00","guid":{"rendered":"https:\/\/elfsight.com\/it\/?page_id=5379"},"modified":"2024-11-12T08:35:36","modified_gmt":"2024-11-12T08:35:36","slug":"magento","status":"publish","type":"page","link":"https:\/\/elfsight.com\/it\/popup-widget\/magento\/","title":{"rendered":"Popup &#8211; Magento"},"content":{"rendered":"<div class=\"application-platform-content-item-description application-platform-content-item\" id=\"description\" data-nav-section=\"description\"> <h2>Descrizione<\/h2> <p>Con l&#8217;estensione Elfsight Pop up, tutti hanno la possibilit\u00e0 di creare i propri popup personalizzati di qualsiasi tipo e di integrarli sul tuo sito web Magento. Crea un pop-up personalizzato, una variet\u00e0 di elementi integrati. Cambia l&#8217;interfaccia e la composizione; scegli il grilletto di apertura e determina i tempi per aumentare l&#8217;efficacia. I pop-up consentiranno ai visitatori di iscriversi alla posta, scoprire le tue offerte, copiare buoni sconto, utilizzare saldi e offerte speciali, essere informato di eventi importanti sul tuo sito web e molto altro ancora. Ad esempio, puoi utilizzare il popup di conferma di Magento dopo che un utente ha acquistato qualcosa sul tuo sito e ha acquistato un articolo.<\/p><p><b>I popup consentiranno di vendere in modo pi\u00f9 efficace, annunciare attivit\u00e0 pianificate, raccogliere impressioni e lead , e altro ancora. <\/b><\/p> <\/div><div class=\"faq\" data-component=\"FAQ\"><div class=\"faq-item\">\r\n\t\t\t\t\t<div class=\"faq-item-question\">\r\n\t\t\t\t\t\t<h3 class=\"faq-item-question-text\">In che modo incorporo un popup nel sito Magento? <\/h3>\r\n\r\n\t\t\t\t\t\t<div class=\"faq-item-question-icon\"><\/div>\r\n\t\t\t\t\t<\/div>\r\n\r\n\t\t\t\t\t<div class=\"faq-item-answer\">\r\n\t\t\t\t\t\t<div class=\"faq-item-answer-text\"><p>La creazione di il widget si svolge sulle pagine di Elfsight e non \u00e8 necessaria alcuna codifica. Utilizza la nostra demo online per personalizzare il tuo widget personale, acquisire il codice e inserirlo nel tuo sito web. <\/p><\/div>\r\n\t\t\t\t\t<\/div>\r\n\t\t\t\t<\/div><div class=\"faq-item\">\r\n\t\t\t\t\t<div class=\"faq-item-question\">\r\n\t\t\t\t\t\t<h3 class=\"faq-item-question-text\">I migliori esempi di utilizzo dell'integrazione dei banner popup<\/h3>\r\n\r\n\t\t\t\t\t\t<div class=\"faq-item-question-icon\"><\/div>\r\n\t\t\t\t\t<\/div>\r\n\r\n\t\t\t\t\t<div class=\"faq-item-answer\">\r\n\t\t\t\t\t\t<div class=\"faq-item-answer-text\"><p>Ti forniremo molte opzioni di personalizzazione: widget a lunghezza intera per aggiungere contenuti area, plugin mobili per funzionalit\u00e0 di scorrimento, miniature per il pi\u00e8 di pagina, sezione principale e tutti i tipi di opportunit\u00e0 verticali per barre laterali e menu. <\/p><\/div>\r\n\t\t\t\t\t<\/div>\r\n\t\t\t\t<\/div><div class=\"faq-item\">\r\n\t\t\t\t\t<div class=\"faq-item-question\">\r\n\t\t\t\t\t\t<h3 class=\"faq-item-question-text\">Posso creare un popup per la newsletter Magento tramite l'editor? <\/h3>\r\n\r\n\t\t\t\t\t\t<div class=\"faq-item-question-icon\"><\/div>\r\n\t\t\t\t\t<\/div>\r\n\r\n\t\t\t\t\t<div class=\"faq-item-answer\">\r\n\t\t\t\t\t\t<div class=\"faq-item-answer-text\"><p>Sei libero di apportare qualsiasi modifica al widget. Basta andare nella sezione dei modelli, trovare l\u00ec un design per newsletter, personalizzarlo leggermente e installarlo su un sito Web Magento. C&#8217;\u00e8 una miriade di layout nell&#8217;editor, inclusa l&#8217;estensione gratuita Magento Newsletter Popup. Tutti possono essere rapidamente personalizzati in base alle tue esigenze. <\/p><\/div>\r\n\t\t\t\t\t<\/div>\r\n\t\t\t\t<\/div><\/div><div class=\"application-platform-content-item-features application-platform-content-item\" id=\"features\" data-nav-section=\"features\"> <h2>Caratteristiche principali dell&#8217;estensione Popup<\/h2> <p>Qui puoi vedere tutte le funzioni del widget. Sono disponibili direttamente nell&#8217;editor e ti aiuteranno a creare il widget newsletter pi\u00f9 adatto alle tue esigenze.<\/p> <ul><li>Numerosi modelli gi\u00e0 pronti: popup di conferma Magento, newsletter, Black Friday e cos\u00ec via .<\/li><li>12 vari elementi per costruire un popup<\/li> <li>5 layout popup pronti per vari casi<\/li> <li>Pulsanti incorporati per il reindirizzamento a qualsiasi indirizzo<\/li> <li>Carica un&#8217;immagine per lo sfondo<\/li> <li>Il popup pu\u00f2 essere attivato dopo un tempo specifico sulla pagina o dopo un determinato importo di scorrimento<\/li> <li>Il popup pu\u00f2 essere attivato facendo clic sull&#8217;elemento selezionato o scorrendo verso il basso fino a it<\/li> <\/ul> <p><a href=\"#demo\">Controlla come funzionano tutte le funzionalit\u00e0, nella nostra demo<\/a><\/p> <\/div><div class=\"application-platform-content-item-installation application-platform-content-item\" id=\"installation\" data-nav-section=\"installation\"><h2>Come aggiungo Popup al mio sito web Magento?<\/h2> <p>Basta seguire un paio di passaggi descritti di seguito per incorporare il widget su Magento.<\/p> <ol><li><b>Avvia la nostra demo gratuita e inizia a creare la tua estensione personalizzata. <\/b><br> Trova la forma e le specifiche desiderate dell&#8217;estensione e salva le correzioni. <\/li> <li><b>Copia il tuo codice individuale mostrato nella finestra sulle App Elfsight. <\/b><br> Non appena la configurazione del tuo strumento \u00e8 completa, copia il codice esclusivo nel popup visualizzato e salvalo per occasioni future. <\/li> <li><b>Inizia a utilizzare l&#8217;estensione Popup sul tuo sito Magento. <\/b><br> Inserisci il codice che hai copiato di recente nella tua pagina e applica le modifiche. <\/li> <li><b>L&#8217;installazione \u00e8 stata completata con successo. <\/b><br> Visita il tuo sito Magento per dare un&#8217;occhiata alle prestazioni del widget. <\/li><\/ol><p>Non pensarci due volte e contatta l&#8217;assistenza clienti di Elfsight nel caso in cui avessi bisogno di consigli sull&#8217;installazione su Magento. Daremo una mano con ogni richiesta.<\/p> <\/div>","protected":false},"excerpt":{"rendered":"","protected":false},"author":9,"featured_media":0,"parent":1196,"menu_order":0,"comment_status":"closed","ping_status":"closed","template":"templates\/template-application-platform.php","meta":{"publish_to_discourse":"","publish_post_category":"","wpdc_auto_publish_overridden":"","wpdc_topic_tags":"","wpdc_pin_topic":"","wpdc_pin_until":"","discourse_post_id":"","discourse_permalink":"","wpdc_publishing_response":"","wpdc_publishing_error":"","footnotes":""},"class_list":["post-5379","page","type-page","status-publish","hentry"],"yoast_head":"<!-- This site is optimized with the Yoast SEO plugin v25.3.1 - https:\/\/yoast.com\/wordpress\/plugins\/seo\/ -->\n<title>Aggiungi gratuitamente un&#039;estensione Popup a un sito web Magento<\/title>\n<meta name=\"description\" content=\"Crea un popup su Magento senza codificare!\" \/>\n<meta name=\"robots\" content=\"index, follow, max-snippet:-1, max-image-preview:large, max-video-preview:-1\" \/>\n<link rel=\"canonical\" href=\"https:\/\/elfsight.com\/it\/popup-widget\/magento\/\" \/>\n<meta property=\"og:locale\" content=\"it_IT\" \/>\n<meta property=\"og:type\" content=\"article\" \/>\n<meta property=\"og:title\" content=\"Aggiungi gratuitamente un&#039;estensione Popup a un sito web Magento\" \/>\n<meta property=\"og:description\" content=\"Crea un popup su Magento senza codificare!\" \/>\n<meta property=\"og:url\" content=\"https:\/\/elfsight.com\/it\/popup-widget\/magento\/\" \/>\n<meta property=\"og:site_name\" content=\"Elfsight IT\" \/>\n<meta property=\"article:modified_time\" content=\"2024-11-12T08:35:36+00:00\" \/>\n<meta name=\"twitter:card\" content=\"summary_large_image\" \/>\n<meta name=\"twitter:label1\" content=\"Tempo di lettura stimato\" \/>\n\t<meta name=\"twitter:data1\" content=\"3 minuti\" \/>\n<!-- \/ Yoast SEO plugin. -->","yoast_head_json":{"title":"Aggiungi gratuitamente un'estensione Popup a un sito web Magento","description":"Crea un popup su Magento senza codificare!","robots":{"index":"index","follow":"follow","max-snippet":"max-snippet:-1","max-image-preview":"max-image-preview:large","max-video-preview":"max-video-preview:-1"},"canonical":"https:\/\/elfsight.com\/it\/popup-widget\/magento\/","og_locale":"it_IT","og_type":"article","og_title":"Aggiungi gratuitamente un'estensione Popup a un sito web Magento","og_description":"Crea un popup su Magento senza codificare!","og_url":"https:\/\/elfsight.com\/it\/popup-widget\/magento\/","og_site_name":"Elfsight IT","article_modified_time":"2024-11-12T08:35:36+00:00","twitter_card":"summary_large_image","twitter_misc":{"Tempo di lettura stimato":"3 minuti"},"schema":{"@context":"https:\/\/schema.org","@graph":[{"@type":"WebPage","@id":"https:\/\/elfsight.com\/it\/popup-widget\/magento\/","url":"https:\/\/elfsight.com\/it\/popup-widget\/magento\/","name":"Aggiungi gratuitamente un'estensione Popup a un sito web Magento","isPartOf":{"@id":"https:\/\/elfsight.com\/it\/#website"},"datePublished":"1970-01-01T00:00:00+00:00","dateModified":"2024-11-12T08:35:36+00:00","description":"Crea un popup su Magento senza codificare!","breadcrumb":{"@id":"https:\/\/elfsight.com\/it\/popup-widget\/magento\/#breadcrumb"},"inLanguage":"it-IT","potentialAction":[{"@type":"ReadAction","target":["https:\/\/elfsight.com\/it\/popup-widget\/magento\/"]}]},{"@type":"BreadcrumbList","@id":"https:\/\/elfsight.com\/it\/popup-widget\/magento\/#breadcrumb","itemListElement":[{"@type":"ListItem","position":1,"name":"Home","item":"https:\/\/elfsight.com\/it\/"},{"@type":"ListItem","position":2,"name":"Popup","item":"https:\/\/elfsight.com\/it\/popup-widget\/"},{"@type":"ListItem","position":3,"name":"Popup &#8211; Magento"}]},{"@type":"WebSite","@id":"https:\/\/elfsight.com\/it\/#website","url":"https:\/\/elfsight.com\/it\/","name":"Elfsight IT","description":"Just another Elfsight Sites site","potentialAction":[{"@type":"SearchAction","target":{"@type":"EntryPoint","urlTemplate":"https:\/\/elfsight.com\/it\/?s={search_term_string}"},"query-input":{"@type":"PropertyValueSpecification","valueRequired":true,"valueName":"search_term_string"}}],"inLanguage":"it-IT"}]}},"meta_box":{"industry":"","seo_heading":"","heading":"","description":"","cta_heading":"","cta_description":"","application":"1195","h1":"Estensione Magento Popup","h1_caption":"Visualizza popup per catturare l'attenzione dei visitatori, promuovere offerte o raccogliere contatti senza interrompere l'esperienza del sito Web nel tuo sito Web Magento senza sforzo.","application_category":[],"applications_title":"","applications_request_title":"","applications_request_button_text":"","hero_text":"","hero_video":"","hero_video_schema_markup":"","selling_points_title":"","selling_points_caption":"","selling_points":[],"selling_points_cta_text":"","features_title":"","features":"","ed_cta_examples_text":"","ed_cta_examples_hidden":"","ed_cta_demo_text":"","ed_cta_demo_hidden":"","why_caption":"","why_editor_title":"","why_editor_text":"","why_team_title":"","why_team_text":"","why_service_title":"","why_service_text":"","template_catalog_visible":"","template_catalog_title":"","template_catalog_text":"","template_catalog_categories_visible":"","demo_title":"Crea la tua estensione Popup","demo_caption":"Configura il tuo Popup e aggiungilo gratuitamente al tuo sito Magento!","default_faq_hidden":"","app_template_category":[],"platform":"39","template_public_id":"","codecanyon_url":"","codecanyon_item_id":"","codecanyon_price":"","pricing_caption":"","pricing_elfsight_apps_hide_column":"","pricing_elfsight_apps_url":"","pricing_codecanyon_price_caption":"","integration_category":[],"integration_request_title":"","integration_request_cta":"","integration_platform":"","integrations":[],"platform_category":[],"video_schema_markup":"","price":"da $ 0 al mese","trial":"","benefits":[{"text":"Aiuto gratuito per l'installazione"},{"text":"Assistenza clienti con esperienza"},{"text":"Garanzia di rimborso di 14 giorni"},{"text":"Miglioramenti gratuiti continui"}],"button_url":"#demo","button_target_blank":"","button_nofollow":"","attributes":[{"name":"Installazioni"},{"name":"Reattivo","content":"S\u00cc"},{"name":"Browser compatibili","content":"Firefox, Safari, Opera, Chrome, Edge"}],"tags":[],"tags_disable_links":"","hide_more_platforms":"","video_object":"","demo_hide_cta":"","demo_hide_cloud_options":"","pricing_title":"","pricing":[{"pricing_icon":"platform","pricing_title":"Elfsight Apps","pricing_title_caption":"Soluzione digitale multipiattaforma adatta a qualsiasi sito","pricing_price":"da $ 0 \/ mese","pricing_price_caption":"inizia con un piano gratuito","pricing_benefits":[{"text":"Siti web illimitati"},{"text":"Supporto professionale e puntuale e ben documentato"},{"text":"Assistenza gratuita per l'installazione"},{"text":"Completamente personalizzabile"}],"pricing_button_text":"Aggiungi al sito web","pricing_button_url":"#demo"}],"related_apps_title":"","related_apps_hidden":"","author":"","image":[],"title":"","job":"","social_networks":[]},"_links":{"self":[{"href":"https:\/\/elfsight.com\/it\/wp-json\/wp\/v2\/pages\/5379","targetHints":{"allow":["GET"]}}],"collection":[{"href":"https:\/\/elfsight.com\/it\/wp-json\/wp\/v2\/pages"}],"about":[{"href":"https:\/\/elfsight.com\/it\/wp-json\/wp\/v2\/types\/page"}],"author":[{"embeddable":true,"href":"https:\/\/elfsight.com\/it\/wp-json\/wp\/v2\/users\/9"}],"replies":[{"embeddable":true,"href":"https:\/\/elfsight.com\/it\/wp-json\/wp\/v2\/comments?post=5379"}],"version-history":[{"count":1,"href":"https:\/\/elfsight.com\/it\/wp-json\/wp\/v2\/pages\/5379\/revisions"}],"predecessor-version":[{"id":5383,"href":"https:\/\/elfsight.com\/it\/wp-json\/wp\/v2\/pages\/5379\/revisions\/5383"}],"up":[{"embeddable":true,"href":"https:\/\/elfsight.com\/it\/wp-json\/wp\/v2\/pages\/1196"}],"wp:attachment":[{"href":"https:\/\/elfsight.com\/it\/wp-json\/wp\/v2\/media?parent=5379"}],"curies":[{"name":"wp","href":"https:\/\/api.w.org\/{rel}","templated":true}]}}