{"id":5371,"date":"1970-01-01T00:00:00","date_gmt":"1970-01-01T00:00:00","guid":{"rendered":"https:\/\/elfsight.com\/it\/?page_id=5371"},"modified":"2024-11-12T08:35:28","modified_gmt":"2024-11-12T08:35:28","slug":"shopify","status":"publish","type":"page","link":"https:\/\/elfsight.com\/it\/popup-widget\/shopify\/","title":{"rendered":"Popup &#8211; Shopify"},"content":{"rendered":"<div class=\"application-platform-content-item-description application-platform-content-item\" id=\"description\" data-nav-section=\"description\"> <h2>Incorpora popup su Shopify con il widget Elfsight<\/h2> <p>Tramite l&#8217;app Elfsight Popup, puoi configurare il tuo popup personalizzato up di vario tipo e visualizzarli sulla tua pagina web. Costruisci un pop up personalizzato, utilizzando diversi tipi di componenti. Modificare il design e la disposizione; seleziona il miglior trigger pop-up e regola i tempi per aumentarne l&#8217;efficienza. I popup consentiranno ai visitatori di creare un abbonamento, esplorare i tuoi prodotti e servizi, utilizzare i loro coupon, utilizzare saldi e offerte speciali, ricevere notifiche sulle nuove occasioni sul tuo sito Web e altro ancora. Ad esempio, un popup newsletter per Shopify pu\u00f2 aiutarti a raccogliere le email degli utenti in cambio di una newsletter.<\/p> <p><b>I popup ti aiuteranno a vendere di pi\u00f9, pubblicizzare i prossimi eventi, ottenere feedback e abbonamenti , e molto di pi\u00f9. <\/b><\/p> <\/div><div class=\"faq\" data-component=\"FAQ\"><div class=\"faq-item\">\r\n\t\t\t\t\t<div class=\"faq-item-question\">\r\n\t\t\t\t\t\t<h3 class=\"faq-item-question-text\">Come posso incorporare un popup nel sito web Shopify?<\/h3>\r\n\r\n\t\t\t\t\t\t<div class=\"faq-item-question-icon\"><\/div>\r\n\t\t\t\t\t<\/div>\r\n\r\n\t\t\t\t\t<div class=\"faq-item-answer\">\r\n\t\t\t\t\t\t<div class=\"faq-item-answer-text\"><p>La costruzione del widget si verifica all&#8217;interno del servizio Elfsight e non \u00e8 necessario imparare a programmare. Utilizza la demo live per personalizzare il tuo strumento, ottenere il codice e incorporarlo nel tuo sito web. <\/p><\/div>\r\n\t\t\t\t\t<\/div>\r\n\t\t\t\t<\/div><div class=\"faq-item\">\r\n\t\t\t\t\t<div class=\"faq-item-question\">\r\n\t\t\t\t\t\t<h3 class=\"faq-item-question-text\">I migliori esempi di utilizzo dell'integrazione di immagini pop-up<\/h3>\r\n\r\n\t\t\t\t\t\t<div class=\"faq-item-question-icon\"><\/div>\r\n\t\t\t\t\t<\/div>\r\n\r\n\t\t\t\t\t<div class=\"faq-item-answer\">\r\n\t\t\t\t\t\t<div class=\"faq-item-answer-text\"><p>Ti forniremo una miriade di possibilit\u00e0 di personalizzazione: widget a grandezza naturale da incorporare nella sezione dei contenuti, plugin mobili con opportunit\u00e0 di scorrimento, layout per il pi\u00e8 di pagina del tuo sito web, sezione principale e tutti i tipi di opportunit\u00e0 verticali per barre laterali e menu. Inoltre, puoi aggiungere un popup email a Shopify e raccogliere facilmente gli indirizzi degli utenti.<\/p><\/div>\r\n\t\t\t\t\t<\/div>\r\n\t\t\t\t<\/div><div class=\"faq-item\">\r\n\t\t\t\t\t<div class=\"faq-item-question\">\r\n\t\t\t\t\t\t<h3 class=\"faq-item-question-text\">Come posso creare una newsletter o aggiornare un popup tramite l'editor? <\/h3>\r\n\r\n\t\t\t\t\t\t<div class=\"faq-item-question-icon\"><\/div>\r\n\t\t\t\t\t<\/div>\r\n\r\n\t\t\t\t\t<div class=\"faq-item-answer\">\r\n\t\t\t\t\t\t<div class=\"faq-item-answer-text\"> <p>Sei libero di apportare qualsiasi modifica al widget. Ci sono una serie di layout a tua disposizione nell&#8217;editor e tutti possono essere facilmente modificati in base alle tue esigenze. Cerca semplicemente un modello di newsletter che funzioni perfettamente su Shopify, personalizzalo un po&#8217; e aggiungi il codice al tuo sito web. Questa semplice sequenza di azioni ti aiuter\u00e0 a mostrare una modalit\u00e0 Shopify sul tuo sito web.<\/p><\/div>\r\n\t\t\t\t\t<\/div>\r\n\t\t\t\t<\/div><\/div><div class=\"application-platform-content-item-features application-platform-content-item\" id=\"features\" data-nav-section=\"features\"> <h2>Caratteristiche principali di un&#8217;app Popup<\/h2> <p>Ecco un elenco di tutte le funzioni del widget. Sono disponibili direttamente nell&#8217;editor per aiutarti a modellare il widget esattamente in base alle tue esigenze. <\/p> <ul><li>Dodici elementi diversi per creare un popup<\/li> <li>Cinque layout popup inclusi per vari casi<\/li> <li>Pulsanti incorporati per il reindirizzamento a qualsiasi pagina<\/li> <li>Caricamento di un&#8217;immagine per lo sfondo del popup<\/li> <li>Il popup pu\u00f2 verificarsi dopo un tempo preciso trascorso dall&#8217;utente sulla pagina o una percentuale di scorrimento<\/li> <li>Il popup pu\u00f2 essere attivato facendo clic sulla pagina selezionata elemento o scorrendo verso il basso<\/li><li>Raccogli le email su un negozio Shopify con un popup<\/li><li>Inserimento del codice popup in pochi secondi<\/li><\/ul> <p><a href=\" #demo\">Puoi provare tutte le funzionalit\u00e0 del widget direttamente nella demo<\/a><\/p> <\/div><div class=\"application-platform-content-item-installation application-platform-content-item\" id=\"installation\" data-nav-section=\"installation\"><h2>Come aggiungere l&#8217;app pop-up al negozio Shopify?<\/h2> <div class=\"video-container\"><iframe width=\"720\" Height=\"405\" src=\"https:\/\/www.youtube.com\/embed\/8j6PPtBn5lw\"> <\/iframe><\/div><p>Per iniziare a utilizzare il widget, segui questi rapidi passaggi:<\/p> <ol><li><b>Utilizza la nostra demo gratuita e inizia a creare la tua app personalizzata. <\/b><br> Trova il design e le caratteristiche selezionati dell&#8217;app e applica tutte le correzioni. Non \u00e8 necessario codificare in questa fase!<\/li> <li><b>Ricevi il codice univoco mostrato nell&#8217;apposito modulo su Elfsight Apps. <\/b><br> Una volta completata la personalizzazione della tua app personale, copia il codice personale nella casella visualizzata e salvalo per un uso successivo. <\/li> <li><b>Inizia a utilizzare l&#8217;app sulla tua pagina web Shopify. <\/b><br> <a href=\"https:\/\/elfsight.com\/blog\/how-to-add-popup-app-to-shopify-for-free\/\" target=\"_blank\" rel=\"noopener\">Aggiungi il codice popup al tuo sito web Shopify<\/a> e applica i miglioramenti. <\/li> <li><b>Fatto! L&#8217;incorporamento del popup modale di Shopify \u00e8 completato. <\/b><br> Apri il tuo sito web per dare un&#8217;occhiata al funzionamento dell&#8217;app.<\/li><\/ol><p>Dopodich\u00e9, non dovrai applicare alcuna modifica al codice Shopify: verranno si riflettono automaticamente dopo averli realizzati su Elfsight. Non esitare a contattare l&#8217;assistenza clienti Elfsight se hai bisogno di aiuto con l&#8217;inserimento di un codice popup Shopify. Ti aiuteremo con qualsiasi domanda o richiesta di codice personalizzato.<\/p> <\/div>","protected":false},"excerpt":{"rendered":"","protected":false},"author":9,"featured_media":0,"parent":1196,"menu_order":0,"comment_status":"closed","ping_status":"closed","template":"templates\/template-application-platform.php","meta":{"publish_to_discourse":"","publish_post_category":"","wpdc_auto_publish_overridden":"","wpdc_topic_tags":"","wpdc_pin_topic":"","wpdc_pin_until":"","discourse_post_id":"","discourse_permalink":"","wpdc_publishing_response":"","wpdc_publishing_error":"","footnotes":""},"class_list":["post-5371","page","type-page","status-publish","hentry"],"yoast_head":"<!-- This site is optimized with the Yoast SEO plugin v25.3.1 - https:\/\/yoast.com\/wordpress\/plugins\/seo\/ -->\n<title>Aggiungi un&#039;app popup a un sito web Shopify<\/title>\n<meta name=\"description\" content=\"Crea un popup su Shopify senza codificare!\" \/>\n<meta name=\"robots\" content=\"index, follow, max-snippet:-1, max-image-preview:large, max-video-preview:-1\" \/>\n<link rel=\"canonical\" href=\"https:\/\/elfsight.com\/it\/popup-widget\/shopify\/\" \/>\n<meta property=\"og:locale\" content=\"it_IT\" \/>\n<meta property=\"og:type\" content=\"article\" \/>\n<meta property=\"og:title\" content=\"Aggiungi un&#039;app popup a un sito web Shopify\" \/>\n<meta property=\"og:description\" content=\"Crea un popup su Shopify senza codificare!\" \/>\n<meta property=\"og:url\" content=\"https:\/\/elfsight.com\/it\/popup-widget\/shopify\/\" \/>\n<meta property=\"og:site_name\" content=\"Elfsight IT\" \/>\n<meta property=\"article:modified_time\" content=\"2024-11-12T08:35:28+00:00\" \/>\n<meta name=\"twitter:card\" content=\"summary_large_image\" \/>\n<meta name=\"twitter:label1\" content=\"Tempo di lettura stimato\" \/>\n\t<meta name=\"twitter:data1\" content=\"4 minuti\" \/>\n<!-- \/ Yoast SEO plugin. -->","yoast_head_json":{"title":"Aggiungi un'app popup a un sito web Shopify","description":"Crea un popup su Shopify senza codificare!","robots":{"index":"index","follow":"follow","max-snippet":"max-snippet:-1","max-image-preview":"max-image-preview:large","max-video-preview":"max-video-preview:-1"},"canonical":"https:\/\/elfsight.com\/it\/popup-widget\/shopify\/","og_locale":"it_IT","og_type":"article","og_title":"Aggiungi un'app popup a un sito web Shopify","og_description":"Crea un popup su Shopify senza codificare!","og_url":"https:\/\/elfsight.com\/it\/popup-widget\/shopify\/","og_site_name":"Elfsight IT","article_modified_time":"2024-11-12T08:35:28+00:00","twitter_card":"summary_large_image","twitter_misc":{"Tempo di lettura stimato":"4 minuti"},"schema":{"@context":"https:\/\/schema.org","@graph":[{"@type":"WebPage","@id":"https:\/\/elfsight.com\/it\/popup-widget\/shopify\/","url":"https:\/\/elfsight.com\/it\/popup-widget\/shopify\/","name":"Aggiungi un'app popup a un sito web Shopify","isPartOf":{"@id":"https:\/\/elfsight.com\/it\/#website"},"datePublished":"1970-01-01T00:00:00+00:00","dateModified":"2024-11-12T08:35:28+00:00","description":"Crea un popup su Shopify senza codificare!","breadcrumb":{"@id":"https:\/\/elfsight.com\/it\/popup-widget\/shopify\/#breadcrumb"},"inLanguage":"it-IT","potentialAction":[{"@type":"ReadAction","target":["https:\/\/elfsight.com\/it\/popup-widget\/shopify\/"]}]},{"@type":"BreadcrumbList","@id":"https:\/\/elfsight.com\/it\/popup-widget\/shopify\/#breadcrumb","itemListElement":[{"@type":"ListItem","position":1,"name":"Home","item":"https:\/\/elfsight.com\/it\/"},{"@type":"ListItem","position":2,"name":"Popup","item":"https:\/\/elfsight.com\/it\/popup-widget\/"},{"@type":"ListItem","position":3,"name":"Popup &#8211; Shopify"}]},{"@type":"WebSite","@id":"https:\/\/elfsight.com\/it\/#website","url":"https:\/\/elfsight.com\/it\/","name":"Elfsight IT","description":"Just another Elfsight Sites site","potentialAction":[{"@type":"SearchAction","target":{"@type":"EntryPoint","urlTemplate":"https:\/\/elfsight.com\/it\/?s={search_term_string}"},"query-input":{"@type":"PropertyValueSpecification","valueRequired":true,"valueName":"search_term_string"}}],"inLanguage":"it-IT"}]}},"meta_box":{"industry":"","seo_heading":"","heading":"","description":"","cta_heading":"","cta_description":"","application":"1195","h1":"Shopify App pop-up","h1_caption":"Visualizza popup per catturare l'attenzione dei visitatori, promuovere offerte o raccogliere lead senza interrompere l'esperienza del sito Web nel tuo sito Web Shopify senza sforzo.","application_category":[],"applications_title":"","applications_request_title":"","applications_request_button_text":"","hero_text":"","hero_video":"","hero_video_schema_markup":"","selling_points_title":"","selling_points_caption":"","selling_points":[],"selling_points_cta_text":"","features_title":"","features":"","ed_cta_examples_text":"","ed_cta_examples_hidden":"","ed_cta_demo_text":"","ed_cta_demo_hidden":"","why_caption":"","why_editor_title":"","why_editor_text":"","why_team_title":"","why_team_text":"","why_service_title":"","why_service_text":"","template_catalog_visible":"0","template_catalog_title":"","template_catalog_text":"","template_catalog_categories_visible":"","demo_title":"Crea la tua app Popup","demo_caption":"Configura il tuo Popup e aggiungilo gratuitamente al tuo sito Shopify!","default_faq_hidden":"","app_template_category":[],"platform":"42","template_public_id":"","codecanyon_url":"","codecanyon_item_id":"","codecanyon_price":"","pricing_caption":"","pricing_elfsight_apps_hide_column":"","pricing_elfsight_apps_url":"","pricing_codecanyon_price_caption":"","integration_category":[],"integration_request_title":"","integration_request_cta":"","integration_platform":"","integrations":[],"platform_category":[],"video_schema_markup":"","price":"da $ 0 al mese","trial":"","benefits":[{"text":"Servizio di installazione gratuito"},{"text":"Supporto premium"},{"text":"Garanzia di rimborso di 14 giorni"},{"text":"Aggiornamenti gratuiti continui"}],"button_url":"#demo","button_target_blank":"0","button_nofollow":"0","attributes":[{"name":"Installazioni"},{"name":"Reattivo","content":"Funziona e si presenta perfettamente sulla versione mobile del sito web"},{"name":"Browser compatibili","content":"Chrome, Safari, Opera, Firefox, Edge"}],"tags":[],"tags_disable_links":"0","hide_more_platforms":"","video_object":"","demo_hide_cta":"0","demo_hide_cloud_options":"0","pricing_title":"","pricing":[{"pricing_icon":"cloud","pricing_title":"Elfsight Apps","pricing_title_caption":"Versione multipiattaforma che funziona su qualsiasi sito web","pricing_price":"da $ 0 \/ mese","pricing_price_caption":"inizia con il piano gratuito","pricing_benefits":[{"text":"Siti web illimitati"},{"text":"Supporto premium"},{"text":"Servizio di installazione gratuito"},{"text":"Offerta speciale per pi\u00f9 app"}],"pricing_button_text":"Aggiungi al sito web","pricing_button_url":"#demo"}],"related_apps_title":"","related_apps_hidden":"0","author":"","image":[],"title":"","job":"","social_networks":[]},"_links":{"self":[{"href":"https:\/\/elfsight.com\/it\/wp-json\/wp\/v2\/pages\/5371","targetHints":{"allow":["GET"]}}],"collection":[{"href":"https:\/\/elfsight.com\/it\/wp-json\/wp\/v2\/pages"}],"about":[{"href":"https:\/\/elfsight.com\/it\/wp-json\/wp\/v2\/types\/page"}],"author":[{"embeddable":true,"href":"https:\/\/elfsight.com\/it\/wp-json\/wp\/v2\/users\/9"}],"replies":[{"embeddable":true,"href":"https:\/\/elfsight.com\/it\/wp-json\/wp\/v2\/comments?post=5371"}],"version-history":[{"count":3,"href":"https:\/\/elfsight.com\/it\/wp-json\/wp\/v2\/pages\/5371\/revisions"}],"predecessor-version":[{"id":7552,"href":"https:\/\/elfsight.com\/it\/wp-json\/wp\/v2\/pages\/5371\/revisions\/7552"}],"up":[{"embeddable":true,"href":"https:\/\/elfsight.com\/it\/wp-json\/wp\/v2\/pages\/1196"}],"wp:attachment":[{"href":"https:\/\/elfsight.com\/it\/wp-json\/wp\/v2\/media?parent=5371"}],"curies":[{"name":"wp","href":"https:\/\/api.w.org\/{rel}","templated":true}]}}