{"id":5365,"date":"1970-01-01T00:00:00","date_gmt":"1970-01-01T00:00:00","guid":{"rendered":"https:\/\/elfsight.com\/it\/?page_id=5365"},"modified":"2025-12-02T14:39:30","modified_gmt":"2025-12-02T14:39:30","slug":"webflow","status":"publish","type":"page","link":"https:\/\/elfsight.com\/it\/popup-widget\/webflow\/","title":{"rendered":"Popup &#8211; Webflow"},"content":{"rendered":"<div class=\"application-platform-content-item-description application-platform-content-item\" id=\"description\" data-nav-section=\"description\"> <h2>Incorpora popup su Webflow con il widget Elfsight<\/h2> <p>Con il widget Elfsight Popup, tutti possono progettare i propri popup personalizzati per qualsiasi scopo e visualizzarli sul sito. Crea un pop-up autentico utilizzando diversi componenti integrati. Modificare lo stile e la disposizione; scegli l&#8217;attivatore popup e regola la frequenza per massimizzare l&#8217;efficacia del widget. Popup di vario tipo consentiranno alle persone di creare un abbonamento, scoprire le tue offerte, copiare buoni sconto, conoscere le tue vendite e le offerte speciali. Il <a href=\"https:\/\/elfsight.com\/blog\/how-to-add-popup-to-webflow-for-free\/\">Webflow Popup Form<\/a> aiuta le persone a rimanere informate su occasioni importanti in cambio di i loro indirizzi email sul tuo sito web e molto altro ancora. <\/p> <p><b>I pop-up ti permetteranno di vendere di pi\u00f9, pubblicizzare attivit\u00e0 future, raccogliere feedback e iscritti e molto altro ancora. <\/b><\/p> <\/div><div class=\"application-platform-content-item-features application-platform-content-item\" id=\"features\" data-nav-section=\"features\"> <h2>Caratteristiche principali del plugin Popup<\/h2> <p>Ecco un elenco di tutte le funzioni del widget. Puoi impostarli direttamente nell&#8217;editor e ti aiuteranno a configurare il widget Webflow Form pi\u00f9 adatto al tuo caso d&#8217;uso. <\/p> <ul><li>Dodici diversi componenti per costruire un popup<\/li> <li>5 layout popup inclusi per diversi casi<\/li> <li>Aggiungi pulsanti per reindirizzare gli utenti a qualsiasi pagina<\/li> <li>Caricamento di un&#8217;immagine per lo sfondo del popup<\/li> <li>Il popup pu\u00f2 apparire dopo un tempo prestabilito sulla pagina web<\/li><li>Apri Webflow Popup al caricamento della pagina subito dopo che una persona apre un sito web <\/li><li>Attivatori popup: facendo clic sull&#8217;elemento selezionato o scorrendo verso il basso fino ad esso<\/li> <\/ul> <p><a href=\"#demo\">Prova tutte le altre funzioni nella demo<\/a><\/p> <\/div><div class=\"application-platform-content-item-installazione application-platform-content-item\" id=\"installazione\" data-nav-section=\"installazione\"><h2>Come posso integrare il widget Popup con il sito Web Webflow? <\/h2><div class=\"video-container\">\n<iframe width=\"720\" height=\"405\" src=\"https:\/\/www.youtube.com\/embed\/vI8oMEAkZZg?si=JJeDcvy_mtQHABLT\" frameborder=\"0\" allowfullscreen=\"\"><\/iframe>\n<\/div><p>Per introdurre il widget, esegui semplicemente un paio di rapidi passaggi:<\/p><p> <\/p><ol><li><b>Crea il tuo widget personalizzato Plug-in pop-up<\/b><br> Nel nostro editor gratuito, imposta un widget con un&#8217;interfaccia e funzionalit\u00e0 personalizzate. <\/li><li><b>Acquisisci il codice individuale per configurare il plugin<\/b><br> Dopo aver personalizzato il tuo widget, riceverai il codice di installazione dalla finestra visualizzata sulle app Elfsight. Copialo per un ulteriore utilizzo. <\/li> <li><b>Incorpora il plug-in nel tuo sito Web Webflow.<\/b><br> Vai nel punto in cui desideri incorporare il widget e incolla l\u00ec il codice copiato. Pubblica le modifiche in una modalit\u00e0 del flusso Web. <\/li> <li><b>L&#8217;incorporamento della modale popup Webflow \u00e8 riuscito! <\/b><br> Visita il tuo sito Web Webflow per controllare il popup. <\/li> <\/ol><p>Non esitate a contattare il servizio clienti Elfsight nel caso abbiate bisogno di consigli o abbiate problemi con l&#8217;installazione di Webflow. I nostri specialisti saranno felici di aiutarvi con ogni richiesta. <\/p> <div class=\"faq\" data-component=\"FAQ\"> <div class=\"faq-item\">\r\n\t\t\t\t\t<div class=\"faq-item-question\">\r\n\t\t\t\t\t\t<h3 class=\"faq-item-question-text\">Come aggiungere un widget Popup al mio sito web Webflow senza competenze di codifica?<\/h3>\r\n\r\n\t\t\t\t\t\t<div class=\"faq-item-question-icon\"><\/div>\r\n\t\t\t\t\t<\/div>\r\n\r\n\t\t\t\t\t<div class=\"faq-item-answer\">\r\n\t\t\t\t\t\t<div class=\"faq-item-answer-text\"> <p>Elfsight fornisce una soluzione SaaS che ti consente di creare tu stesso un widget Popup, guarda quanto \u00e8 facile il processo \u00e8: lavora direttamente nell&#8217;editor online per creare un widget widget popup che vorresti vedere sul tuo sito web Webflow. Scegli uno dei modelli predefiniti e regola le impostazioni del widget Popup, aggiungi i tuoi contenuti, modifica il layout e i colori senza alcuna competenza di codifica. Salva il pulsante PayPal e copia il suo codice di installazione, che potrai facilmente incorporare nel tuo sito Webflow senza la necessit\u00e0 di acquistare un abbonamento a pagamento. Con il nostro editor intuitivo qualsiasi utente di Internet pu\u00f2 creare un widget popup online e incorporarlo facilmente nel proprio sito Web Flow. Non \u00e8 necessario pagare o inserire le credenziali della carta per accedere al servizio. In caso di problemi in qualsiasi momento, non esitate a contattare il nostro team di supporto tecnico.<\/p> <\/div>\r\n\t\t\t\t\t<\/div>\r\n\t\t\t\t<\/div> <\/div> <\/div>","protected":false},"excerpt":{"rendered":"","protected":false},"author":9,"featured_media":0,"parent":1196,"menu_order":0,"comment_status":"closed","ping_status":"closed","template":"templates\/template-application-platform.php","meta":{"publish_to_discourse":"","publish_post_category":"","wpdc_auto_publish_overridden":"","wpdc_topic_tags":"","wpdc_pin_topic":"","wpdc_pin_until":"","discourse_post_id":"","discourse_permalink":"","wpdc_publishing_response":"","wpdc_publishing_error":"","footnotes":""},"class_list":["post-5365","page","type-page","status-publish","hentry"],"yoast_head":"<!-- This site is optimized with the Yoast SEO plugin v25.3.1 - https:\/\/yoast.com\/wordpress\/plugins\/seo\/ -->\n<title>Aggiungi un plug-in Popup a un sito Web Webflow<\/title>\n<meta name=\"description\" content=\"Crea un popup per Webflow senza codifica!\" \/>\n<meta name=\"robots\" content=\"index, follow, max-snippet:-1, max-image-preview:large, max-video-preview:-1\" \/>\n<link rel=\"canonical\" href=\"https:\/\/elfsight.com\/it\/popup-widget\/webflow\/\" \/>\n<meta property=\"og:locale\" content=\"it_IT\" \/>\n<meta property=\"og:type\" content=\"article\" \/>\n<meta property=\"og:title\" content=\"Aggiungi un plug-in Popup a un sito Web Webflow\" \/>\n<meta property=\"og:description\" content=\"Crea un popup per Webflow senza codifica!\" \/>\n<meta property=\"og:url\" content=\"https:\/\/elfsight.com\/it\/popup-widget\/webflow\/\" \/>\n<meta property=\"og:site_name\" content=\"Elfsight IT\" \/>\n<meta property=\"article:modified_time\" content=\"2025-12-02T14:39:30+00:00\" \/>\n<meta name=\"twitter:card\" content=\"summary_large_image\" \/>\n<meta name=\"twitter:label1\" content=\"Tempo di lettura stimato\" \/>\n\t<meta name=\"twitter:data1\" content=\"3 minuti\" \/>\n<!-- \/ Yoast SEO plugin. -->","yoast_head_json":{"title":"Aggiungi un plug-in Popup a un sito Web Webflow","description":"Crea un popup per Webflow senza codifica!","robots":{"index":"index","follow":"follow","max-snippet":"max-snippet:-1","max-image-preview":"max-image-preview:large","max-video-preview":"max-video-preview:-1"},"canonical":"https:\/\/elfsight.com\/it\/popup-widget\/webflow\/","og_locale":"it_IT","og_type":"article","og_title":"Aggiungi un plug-in Popup a un sito Web Webflow","og_description":"Crea un popup per Webflow senza codifica!","og_url":"https:\/\/elfsight.com\/it\/popup-widget\/webflow\/","og_site_name":"Elfsight IT","article_modified_time":"2025-12-02T14:39:30+00:00","twitter_card":"summary_large_image","twitter_misc":{"Tempo di lettura stimato":"3 minuti"},"schema":{"@context":"https:\/\/schema.org","@graph":[{"@type":"WebPage","@id":"https:\/\/elfsight.com\/it\/popup-widget\/webflow\/","url":"https:\/\/elfsight.com\/it\/popup-widget\/webflow\/","name":"Aggiungi un plug-in Popup a un sito Web Webflow","isPartOf":{"@id":"https:\/\/elfsight.com\/it\/#website"},"datePublished":"1970-01-01T00:00:00+00:00","dateModified":"2025-12-02T14:39:30+00:00","description":"Crea un popup per Webflow senza codifica!","breadcrumb":{"@id":"https:\/\/elfsight.com\/it\/popup-widget\/webflow\/#breadcrumb"},"inLanguage":"it-IT","potentialAction":[{"@type":"ReadAction","target":["https:\/\/elfsight.com\/it\/popup-widget\/webflow\/"]}]},{"@type":"BreadcrumbList","@id":"https:\/\/elfsight.com\/it\/popup-widget\/webflow\/#breadcrumb","itemListElement":[{"@type":"ListItem","position":1,"name":"Home","item":"https:\/\/elfsight.com\/it\/"},{"@type":"ListItem","position":2,"name":"Popup","item":"https:\/\/elfsight.com\/it\/popup-widget\/"},{"@type":"ListItem","position":3,"name":"Popup &#8211; Webflow"}]},{"@type":"WebSite","@id":"https:\/\/elfsight.com\/it\/#website","url":"https:\/\/elfsight.com\/it\/","name":"Elfsight IT","description":"Just another Elfsight Sites site","potentialAction":[{"@type":"SearchAction","target":{"@type":"EntryPoint","urlTemplate":"https:\/\/elfsight.com\/it\/?s={search_term_string}"},"query-input":{"@type":"PropertyValueSpecification","valueRequired":true,"valueName":"search_term_string"}}],"inLanguage":"it-IT"}]}},"meta_box":{"industry":"","seo_heading":"","heading":"","description":"","cta_heading":"","cta_description":"","application":"1195","h1":"Widget popup del flusso Web","h1_caption":"Visualizza popup per catturare l'attenzione dei visitatori, promuovere offerte o raccogliere lead senza interrompere facilmente l'esperienza del sito Web nel tuo sito Web Webflow.","application_category":[],"applications_title":"","applications_request_title":"","applications_request_button_text":"","hero_text":"","hero_video":"","hero_video_schema_markup":"","selling_points_title":"","selling_points_caption":"","selling_points":[],"selling_points_cta_text":"","features_title":"","features":"","ed_cta_examples_text":"","ed_cta_examples_hidden":"","ed_cta_demo_text":"","ed_cta_demo_hidden":"","why_caption":"","why_editor_title":"","why_editor_text":"","why_team_title":"","why_team_text":"","why_service_title":"","why_service_text":"","template_catalog_visible":"0","template_catalog_title":"","template_catalog_text":"","template_catalog_categories_visible":"","demo_title":"Crea il tuo widget pop-up","demo_caption":"Configura il tuo Popup e aggiungilo gratuitamente al tuo sito Webflow!","default_faq_hidden":"","app_template_category":[],"platform":"44","template_public_id":"","codecanyon_url":"","codecanyon_item_id":"","codecanyon_price":"","pricing_caption":"","pricing_elfsight_apps_hide_column":"","pricing_elfsight_apps_url":"","pricing_codecanyon_price_caption":"","integration_category":[],"integration_request_title":"","integration_request_cta":"","integration_platform":"","integrations":[],"platform_category":[],"video_schema_markup":"","price":"da $ 0 al mese","trial":"","benefits":[{"text":"Servizio di installazione gratuito"},{"text":"Assistenza clienti professionale"},{"text":"Garanzia di rimborso di 14 giorni"},{"text":"Futuri miglioramenti gratuiti"}],"button_url":"#demo","button_target_blank":"0","button_nofollow":"0","attributes":[{"name":"Installazioni"},{"name":"Reattivo","content":"S\u00cc"},{"name":"Browser compatibili","content":"Firefox, Safari, Opera, Chrome, Edge"}],"tags":[],"tags_disable_links":"0","hide_more_platforms":"0","video_object":"","demo_hide_cta":"0","demo_hide_cloud_options":"0","pricing_title":"","pricing":[{"pricing_icon":"platform","pricing_title":"Elfsight Apps","pricing_title_caption":"Versione indipendente dalla piattaforma che funziona su qualsiasi sito web","pricing_price":"da $ 0 \/ mese","pricing_price_caption":"inizia con il piano gratuito","pricing_benefits":[{"text":"Domini illimitati"},{"text":"Assistenza clienti gratuita"},{"text":"Servizio di installazione gratuito"},{"text":"Offerta speciale per pi\u00f9 app"}],"pricing_button_text":"Aggiungi al sito web","pricing_button_url":"#demo"}],"related_apps_title":"","related_apps_hidden":"0","author":"","image":[],"title":"","job":"","social_networks":[]},"_links":{"self":[{"href":"https:\/\/elfsight.com\/it\/wp-json\/wp\/v2\/pages\/5365","targetHints":{"allow":["GET"]}}],"collection":[{"href":"https:\/\/elfsight.com\/it\/wp-json\/wp\/v2\/pages"}],"about":[{"href":"https:\/\/elfsight.com\/it\/wp-json\/wp\/v2\/types\/page"}],"author":[{"embeddable":true,"href":"https:\/\/elfsight.com\/it\/wp-json\/wp\/v2\/users\/9"}],"replies":[{"embeddable":true,"href":"https:\/\/elfsight.com\/it\/wp-json\/wp\/v2\/comments?post=5365"}],"version-history":[{"count":4,"href":"https:\/\/elfsight.com\/it\/wp-json\/wp\/v2\/pages\/5365\/revisions"}],"predecessor-version":[{"id":10560,"href":"https:\/\/elfsight.com\/it\/wp-json\/wp\/v2\/pages\/5365\/revisions\/10560"}],"up":[{"embeddable":true,"href":"https:\/\/elfsight.com\/it\/wp-json\/wp\/v2\/pages\/1196"}],"wp:attachment":[{"href":"https:\/\/elfsight.com\/it\/wp-json\/wp\/v2\/media?parent=5365"}],"curies":[{"name":"wp","href":"https:\/\/api.w.org\/{rel}","templated":true}]}}