{"id":5364,"date":"1970-01-01T00:00:00","date_gmt":"1970-01-01T00:00:00","guid":{"rendered":"https:\/\/elfsight.com\/it\/?page_id=5364"},"modified":"2025-03-13T16:26:03","modified_gmt":"2025-03-13T16:26:03","slug":"webnode","status":"publish","type":"page","link":"https:\/\/elfsight.com\/it\/popup-widget\/webnode\/","title":{"rendered":"Popup &#8211; Webnode"},"content":{"rendered":"\n<div class=\"application-platform-content-item-description application-platform-content-item\" id=\"description\" data-nav-section=\"description\"> <h2>Descrizione<\/h2> <p>Utilizzando lo strumento Elfsight Popup, sei libero di progettare i tuoi popup personalizzati per qualsiasi attivit\u00e0 e integrarli nel luogo. Crea un pop up unico, con l&#8217;aiuto di una variet\u00e0 di elementi. Regola l&#8217;aspetto e la posizione; scegli il grilletto di apertura e regola i tempi per ottenere una maggiore efficacia del pop-up. I popup consentono alle persone di iscriversi alle e-mail, scoprire di pi\u00f9 sulle tue offerte, utilizzare i propri coupon, partecipare a saldi e offerte speciali, ricevere notifiche sui prossimi eventi sul tuo sito e molto altro ancora. <\/p> <p><b>I popup ti aiuteranno a vendere in modo pi\u00f9 efficiente, ad annunciare le occasioni pianificate, a ricevere feedback e abbonamenti e molto altro ancora. <\/b><\/p> <\/div><div class=\"application-platform-content-item-features application-platform-content-item\" id=\"features\" data-nav-section=\"features\"> <h2>Caratteristiche<\/h2> <p>Ecco un elenco di tutte le funzioni del widget. Sono disponibili direttamente nell&#8217;editor e ti aiuteranno a modellare il widget adatto al tuo caso d&#8217;uso. <\/p> <ul><li>Dodici blocchi inclusi per modellare un popup; <\/li> <li>Cinque layout pop-up inclusi per vari casi; <\/li> <li>Aggiungi pulsanti per portare gli utenti a qualsiasi pagina; <\/li> <li>Opzione per caricare un&#8217;immagine per lo sfondo; <\/li> <li>Il popup pu\u00f2 essere attivato dopo un tempo impostato sulla pagina o una percentuale di scorrimento; <\/li> <li>Attivazione del popup facendo clic su un elemento o scorrendo verso il basso fino ad esso. <\/li> <\/ul> <p><a href=\"#demo\">Prova tutte le altre funzioni nella demo<\/a><\/p> <\/div><div class=\"application-platform-content-item-installation application-platform-content-item\" id=\"installation\" data-nav-section=\"installation\"><h2> Come integro il widget Popup con il mio sito Webnode? <\/h2> <p>Per introdurre il widget, segui questi rapidi passaggi:<p> <ol><li><b>Crea il tuo plug-in pop-up personale<\/b><br> Nella nostra demo gratuita, crea un widget con un aspetto e una funzionalit\u00e0 preferiti. <\/li><li><b>Ottieni il codice personale per visualizzare il plugin<\/b><br> Dopo aver creato il tuo widget, otterrai il codice di installazione dalla finestra che appare su Elfsight Apps. Copia il codice. <\/li> <li><b>Integra il plugin nel tuo sito Webnode<\/b><br> Definisci l&#8217;area in cui desideri visualizzare il widget e aggiungi l\u00ec il codice copiato. Pubblica le modifiche. <\/li> <li><b>Congratulazioni! Hai appena integrato il widget! <\/b><br> Vai alla pagina web, per controllare il tuo lavoro. <\/li><\/ol><p>Non pensarci due volte e contatta l&#8217;assistenza clienti se hai bisogno di consigli o hai domande. Ti daremo una mano con ogni richiesta. <\/p> <div class=\"faq\" data-component=\"FAQ\">\n<div class=\"faq-item\">\r\n\t\t\t\t\t<div class=\"faq-item-question\">\r\n\t\t\t\t\t\t<h3 class=\"faq-item-question-text\">Come posso aggiungere un Popup al mio sito Webnode?<\/h3>\r\n\r\n\t\t\t\t\t\t<div class=\"faq-item-question-icon\"><\/div>\r\n\t\t\t\t\t<\/div>\r\n\r\n\t\t\t\t\t<div class=\"faq-item-answer\">\r\n\t\t\t\t\t\t<div class=\"faq-item-answer-text\">\n<p>Per inserire un popup nel tuo sito Webnode, usa l&#8217;editor di Elfsight per progettare il tuo widget. Non sono necessarie conoscenze di programmazione, poich\u00e9 il creatore di popup ha un&#8217;interfaccia facile da usare, permettendo a chiunque di creare e personalizzare la notifica popup. Basta copiare il codice HTML generato e incollarlo nel tuo CMS di Webnode.<\/p>\n<\/div>\r\n\t\t\t\t\t<\/div>\r\n\t\t\t\t<\/div>\n\n<div class=\"faq-item\">\r\n\t\t\t\t\t<div class=\"faq-item-question\">\r\n\t\t\t\t\t\t<h3 class=\"faq-item-question-text\">Il creatore di popup \u00e8 gratuito?<\/h3>\r\n\r\n\t\t\t\t\t\t<div class=\"faq-item-question-icon\"><\/div>\r\n\t\t\t\t\t<\/div>\r\n\r\n\t\t\t\t\t<div class=\"faq-item-answer\">\r\n\t\t\t\t\t\t<div class=\"faq-item-answer-text\">\n<p>S\u00ec, lo strumento per la creazione di popup per Webnode \u00e8 disponibile gratuitamente, permettendo a chi ha un budget limitato di usufruire di questa utile funzionalit\u00e0. Esistono anche piani in abbonamento che offrono vantaggi aggiuntivi.<\/p>\n<\/div>\r\n\t\t\t\t\t<\/div>\r\n\t\t\t\t<\/div>\n\n<div class=\"faq-item\">\r\n\t\t\t\t\t<div class=\"faq-item-question\">\r\n\t\t\t\t\t\t<h3 class=\"faq-item-question-text\">Qual \u00e8 il posto migliore per aggiungere il popup banner sul mio sito?<\/h3>\r\n\r\n\t\t\t\t\t\t<div class=\"faq-item-question-icon\"><\/div>\r\n\t\t\t\t\t<\/div>\r\n\r\n\t\t\t\t\t<div class=\"faq-item-answer\">\r\n\t\t\t\t\t\t<div class=\"faq-item-answer-text\">\n<p>Con il nostro strumento popup, puoi creare:\n<ul>\n <li>Popup a schermo intero per catturare immediatamente l&#8217;attenzione dei tuoi visitatori;<\/li>\n <li>Popup flottante per coinvolgere gli utenti mentre navigano nel tuo sito;<\/li>\n <li>Widget nel footer, header e sidebar per mantenere il tuo messaggio in evidenza senza interrompere il flusso di navigazione.<\/li>\n<\/ul>\n<p>Questi posizionamenti flessibili permettono una posizione ottimale, assicurando che i popup banner attirino l&#8217;attenzione e aumentino l&#8217;interazione.<\/p>\n<\/div>\r\n\t\t\t\t\t<\/div>\r\n\t\t\t\t<\/div>\n\n<div class=\"faq-item\">\r\n\t\t\t\t\t<div class=\"faq-item-question\">\r\n\t\t\t\t\t\t<h3 class=\"faq-item-question-text\">Che tipo di widget popup per Webnode posso creare con Elfsight?<\/h3>\r\n\r\n\t\t\t\t\t\t<div class=\"faq-item-question-icon\"><\/div>\r\n\t\t\t\t\t<\/div>\r\n\r\n\t\t\t\t\t<div class=\"faq-item-answer\">\r\n\t\t\t\t\t\t<div class=\"faq-item-answer-text\">\n<p>Puoi creare una variet\u00e0 di popup adatti a scopi diversi.<\/p>\n<p>Ad esempio, puoi creare un popup per l&#8217;iscrizione alla newsletter per incentivare il pubblico a unirsi alla tua lista di contatti, un popup promozionale per aumentare le conversioni offrendo offerte VIP, o un popup con sconto per evidenziare offerte lampo e stimolare gli acquisti.<\/p>\n<p>In totale, sono disponibili oltre <a href=\"https:\/\/elfsight.com\/popup-widget\/templates\/\" target=\"_blank\" rel=\"noopener\">100+ modelli di popup<\/a>, quindi puoi facilmente trovare il design giusto per le tue esigenze.<\/p>\n<\/div>\r\n\t\t\t\t\t<\/div>\r\n\t\t\t\t<\/div>\n\n<div class=\"faq-item\">\r\n\t\t\t\t\t<div class=\"faq-item-question\">\r\n\t\t\t\t\t\t<h3 class=\"faq-item-question-text\">Quali trigger sono disponibili per l'apertura del popup?<\/h3>\r\n\r\n\t\t\t\t\t\t<div class=\"faq-item-question-icon\"><\/div>\r\n\t\t\t\t\t<\/div>\r\n\r\n\t\t\t\t\t<div class=\"faq-item-answer\">\r\n\t\t\t\t\t\t<div class=\"faq-item-answer-text\">\n<p>Con il widget popup di Elfsight, hai diversi trigger per controllare quando mostrare la tua notifica. Puoi impostarlo per visualizzarlo all&#8217;ingresso della pagina, dopo un certo tempo trascorso sulla pagina, o quando un cliente scorre un determinato numero di righe nella pagina.<\/p>\n<p>Inoltre, i popup possono essere attivati con un click, quando la persona intende lasciare il sito, o tramite un pulsante CTA per attivare manualmente il popup. Questi trigger versatili ti aiutano a personalizzare il lancio del widget per ottimizzare l&#8217;interazione.<\/p>\n<\/div>\r\n\t\t\t\t\t<\/div>\r\n\t\t\t\t<\/div>\n<\/div>\n<\/div>\n","protected":false},"excerpt":{"rendered":"","protected":false},"author":9,"featured_media":0,"parent":1196,"menu_order":0,"comment_status":"closed","ping_status":"closed","template":"templates\/template-application-platform.php","meta":{"publish_to_discourse":"","publish_post_category":"","wpdc_auto_publish_overridden":"","wpdc_topic_tags":"","wpdc_pin_topic":"","wpdc_pin_until":"","discourse_post_id":"","discourse_permalink":"","wpdc_publishing_response":"","wpdc_publishing_error":"","footnotes":""},"class_list":["post-5364","page","type-page","status-publish","hentry"],"yoast_head":"<!-- This site is optimized with the Yoast SEO plugin v25.3.1 - https:\/\/yoast.com\/wordpress\/plugins\/seo\/ -->\n<title>Aggiungi widget popup al sito Webnode (gratuito e veloce)<\/title>\n<meta name=\"description\" content=\"Con Elfsight, progetta il tuo widget Popup e mostralo rapidamente sul tuo sito Webnode. Offriamo assistenza clienti gratuita e altri bonus.\" \/>\n<meta name=\"robots\" content=\"index, follow, max-snippet:-1, max-image-preview:large, max-video-preview:-1\" \/>\n<link rel=\"canonical\" href=\"https:\/\/elfsight.com\/it\/popup-widget\/webnode\/\" \/>\n<meta property=\"og:locale\" content=\"it_IT\" \/>\n<meta property=\"og:type\" content=\"article\" \/>\n<meta property=\"og:title\" content=\"Aggiungi widget popup al sito Webnode (gratuito e veloce)\" \/>\n<meta property=\"og:description\" content=\"Con Elfsight, progetta il tuo widget Popup e mostralo rapidamente sul tuo sito Webnode. Offriamo assistenza clienti gratuita e altri bonus.\" \/>\n<meta property=\"og:url\" content=\"https:\/\/elfsight.com\/it\/popup-widget\/webnode\/\" \/>\n<meta property=\"og:site_name\" content=\"Elfsight IT\" \/>\n<meta property=\"article:modified_time\" content=\"2025-03-13T16:26:03+00:00\" \/>\n<meta name=\"twitter:card\" content=\"summary_large_image\" \/>\n<meta name=\"twitter:label1\" content=\"Tempo di lettura stimato\" \/>\n\t<meta name=\"twitter:data1\" content=\"4 minuti\" \/>\n<!-- \/ Yoast SEO plugin. -->","yoast_head_json":{"title":"Aggiungi widget popup al sito Webnode (gratuito e veloce)","description":"Con Elfsight, progetta il tuo widget Popup e mostralo rapidamente sul tuo sito Webnode. Offriamo assistenza clienti gratuita e altri bonus.","robots":{"index":"index","follow":"follow","max-snippet":"max-snippet:-1","max-image-preview":"max-image-preview:large","max-video-preview":"max-video-preview:-1"},"canonical":"https:\/\/elfsight.com\/it\/popup-widget\/webnode\/","og_locale":"it_IT","og_type":"article","og_title":"Aggiungi widget popup al sito Webnode (gratuito e veloce)","og_description":"Con Elfsight, progetta il tuo widget Popup e mostralo rapidamente sul tuo sito Webnode. Offriamo assistenza clienti gratuita e altri bonus.","og_url":"https:\/\/elfsight.com\/it\/popup-widget\/webnode\/","og_site_name":"Elfsight IT","article_modified_time":"2025-03-13T16:26:03+00:00","twitter_card":"summary_large_image","twitter_misc":{"Tempo di lettura stimato":"4 minuti"},"schema":{"@context":"https:\/\/schema.org","@graph":[{"@type":"WebPage","@id":"https:\/\/elfsight.com\/it\/popup-widget\/webnode\/","url":"https:\/\/elfsight.com\/it\/popup-widget\/webnode\/","name":"Aggiungi widget popup al sito Webnode (gratuito e veloce)","isPartOf":{"@id":"https:\/\/elfsight.com\/it\/#website"},"datePublished":"1970-01-01T00:00:00+00:00","dateModified":"2025-03-13T16:26:03+00:00","description":"Con Elfsight, progetta il tuo widget Popup e mostralo rapidamente sul tuo sito Webnode. Offriamo assistenza clienti gratuita e altri bonus.","breadcrumb":{"@id":"https:\/\/elfsight.com\/it\/popup-widget\/webnode\/#breadcrumb"},"inLanguage":"it-IT","potentialAction":[{"@type":"ReadAction","target":["https:\/\/elfsight.com\/it\/popup-widget\/webnode\/"]}]},{"@type":"BreadcrumbList","@id":"https:\/\/elfsight.com\/it\/popup-widget\/webnode\/#breadcrumb","itemListElement":[{"@type":"ListItem","position":1,"name":"Home","item":"https:\/\/elfsight.com\/it\/"},{"@type":"ListItem","position":2,"name":"Popup","item":"https:\/\/elfsight.com\/it\/popup-widget\/"},{"@type":"ListItem","position":3,"name":"Popup &#8211; Webnode"}]},{"@type":"WebSite","@id":"https:\/\/elfsight.com\/it\/#website","url":"https:\/\/elfsight.com\/it\/","name":"Elfsight IT","description":"Just another Elfsight Sites site","potentialAction":[{"@type":"SearchAction","target":{"@type":"EntryPoint","urlTemplate":"https:\/\/elfsight.com\/it\/?s={search_term_string}"},"query-input":{"@type":"PropertyValueSpecification","valueRequired":true,"valueName":"search_term_string"}}],"inLanguage":"it-IT"}]}},"meta_box":{"industry":"","seo_heading":"","heading":"","description":"","cta_heading":"","cta_description":"","application":"1195","h1":"Widget popup di Webnode","h1_caption":"Visualizza popup per catturare l'attenzione dei visitatori, promuovere offerte o raccogliere contatti senza interrompere l'esperienza del sito web nel tuo sito Webnode senza sforzo.","application_category":[],"applications_title":"","applications_request_title":"","applications_request_button_text":"","hero_text":"","hero_video":"","hero_video_schema_markup":"","selling_points_title":"","selling_points_caption":"","selling_points":[],"selling_points_cta_text":"","features_title":"","features":"","ed_cta_examples_text":"","ed_cta_examples_hidden":"","ed_cta_demo_text":"","ed_cta_demo_hidden":"","why_caption":"","why_editor_title":"","why_editor_text":"","why_team_title":"","why_team_text":"","why_service_title":"","why_service_text":"","template_catalog_visible":"0","template_catalog_title":"","template_catalog_text":"","template_catalog_categories_visible":"","demo_title":"Crea il tuo widget pop-up","demo_caption":"Configura il tuo Popup e aggiungilo gratuitamente al tuo sito Webnode!","default_faq_hidden":"","app_template_category":[],"platform":"47","template_public_id":"","codecanyon_url":"","codecanyon_item_id":"","codecanyon_price":"","pricing_caption":"","pricing_elfsight_apps_hide_column":"","pricing_elfsight_apps_url":"","pricing_codecanyon_price_caption":"","integration_category":[],"integration_request_title":"","integration_request_cta":"","integration_platform":"","integrations":[],"platform_category":[],"video_schema_markup":"","price":"da $ 0 \/ meseCrea widget","trial":"","benefits":[{"text":"Aiuto per l'installazione gratuito"},{"text":"Assistenza clienti con esperienza"},{"text":"Garanzia di rimborso di 14 giorni"},{"text":"Aggiornamento costante"}],"button_url":"#demo","button_target_blank":"0","button_nofollow":"0","attributes":[{"name":"Installazioni"},{"name":"Reattivo","content":"S\u00cc"},{"name":"Browser compatibili","content":"Firefox, Safari, Opera, Chrome, Edge"}],"tags":[],"tags_disable_links":"0","hide_more_platforms":"0","video_object":"","demo_hide_cta":"0","demo_hide_cloud_options":"0","pricing_title":"","pricing":[{"pricing_icon":"platform","pricing_title":"Elfsight Apps","pricing_title_caption":"Soluzione digitale multipiattaforma","pricing_price":"da $ 0 \/ mese","pricing_price_caption":"inizia con il piano gratuito","pricing_benefits":[{"text":"Siti web illimitati"},{"text":"Supporto aziendale rapido e ben documentato"},{"text":"Aiuto gratuito per l'installazione"},{"text":"Offerta speciale per pi\u00f9 app"}],"pricing_button_text":"Aggiungi al sito web","pricing_button_url":"#demo"}],"related_apps_title":"","related_apps_hidden":"0","author":"","image":[],"title":"","job":"","social_networks":[]},"_links":{"self":[{"href":"https:\/\/elfsight.com\/it\/wp-json\/wp\/v2\/pages\/5364","targetHints":{"allow":["GET"]}}],"collection":[{"href":"https:\/\/elfsight.com\/it\/wp-json\/wp\/v2\/pages"}],"about":[{"href":"https:\/\/elfsight.com\/it\/wp-json\/wp\/v2\/types\/page"}],"author":[{"embeddable":true,"href":"https:\/\/elfsight.com\/it\/wp-json\/wp\/v2\/users\/9"}],"replies":[{"embeddable":true,"href":"https:\/\/elfsight.com\/it\/wp-json\/wp\/v2\/comments?post=5364"}],"version-history":[{"count":2,"href":"https:\/\/elfsight.com\/it\/wp-json\/wp\/v2\/pages\/5364\/revisions"}],"predecessor-version":[{"id":8663,"href":"https:\/\/elfsight.com\/it\/wp-json\/wp\/v2\/pages\/5364\/revisions\/8663"}],"up":[{"embeddable":true,"href":"https:\/\/elfsight.com\/it\/wp-json\/wp\/v2\/pages\/1196"}],"wp:attachment":[{"href":"https:\/\/elfsight.com\/it\/wp-json\/wp\/v2\/media?parent=5364"}],"curies":[{"name":"wp","href":"https:\/\/api.w.org\/{rel}","templated":true}]}}