{"id":5357,"date":"1970-01-01T00:00:00","date_gmt":"1970-01-01T00:00:00","guid":{"rendered":"https:\/\/elfsight.com\/it\/?page_id=5357"},"modified":"2024-11-12T08:35:11","modified_gmt":"2024-11-12T08:35:11","slug":"wordpress","status":"publish","type":"page","link":"https:\/\/elfsight.com\/it\/popup-widget\/wordpress\/","title":{"rendered":"Popup &#8211; WordPress"},"content":{"rendered":"<div class=\"application-platform-content-item-description application-platform-content-item\" id=\"description\" data-nav-section=\"description\"> <h2>Descrizione<\/h2> <p>Applicando il plugin Elfsight Popup, chiunque pu\u00f2 progettare finestre modali personalizzate di ogni tipo e introdurle su un sito WordPress gratuito. Costruisci il pop-up pi\u00f9 adatto scegliendo gli elementi da una variet\u00e0 di quelli integrati. Cambiare lo stile e la disposizione; scegli il grilletto di attivazione e regola i tempi per ottenere una migliore efficienza di pop-up. Popup di vario tipo consentono agli utenti di iscriversi alla posta, conoscere i tuoi prodotti e servizi, copiare i loro coupon, conoscere saldi e offerte speciali, rimanere informati sugli eventi importanti sul tuo sito web e altro ancora. <\/p> <p><b>Il creatore di popup di WordPress ti aiuter\u00e0 a guadagnare di pi\u00f9, pubblicizzare le tue prossime occasioni, ottenere feedback, abbonamenti e molto altro ancora.<\/b><\/p> <\/div><div class=\"faq\" data-component=\"FAQ\"><div class=\"faq-item\">\r\n\t\t\t\t\t<div class=\"faq-item-question\">\r\n\t\t\t\t\t\t<h3 class=\"faq-item-question-text\">Come posso aggiungere un popup al mio sito WordPress?<\/h3>\r\n\r\n\t\t\t\t\t\t<div class=\"faq-item-question-icon\"><\/div>\r\n\t\t\t\t\t<\/div>\r\n\r\n\t\t\t\t\t<div class=\"faq-item-answer\">\r\n\t\t\t\t\t\t<div class=\"faq-item-answer-text\"><p>La creazione del widget avviene all&#8217;interno del sito web Elfsight e non \u00e8 necessario imparare a programmare e utilizzare un generatore di popup WordPress. Applica la nostra demo attiva per progettare il tuo modulo popup, ottieni il codice e inseriscilo nel tuo sito web. <\/p><\/div>\r\n\t\t\t\t\t<\/div>\r\n\t\t\t\t<\/div><div class=\"faq-item\">\r\n\t\t\t\t\t<div class=\"faq-item-question\">\r\n\t\t\t\t\t\t<h3 class=\"faq-item-question-text\">I modi migliori per utilizzare l'integrazione dei banner pop-up<\/h3>\r\n\r\n\t\t\t\t\t\t<div class=\"faq-item-question-icon\"><\/div>\r\n\t\t\t\t\t<\/div>\r\n\r\n\t\t\t\t\t<div class=\"faq-item-answer\">\r\n\t\t\t\t\t\t<div class=\"faq-item-answer-text\"><p>Offriamo numerose opportunit\u00e0 di personalizzazione in Popup Builder. Sono disponibili widget su vasta scala da inserire nell&#8217;area del contenuto, plug-in mobili con opportunit\u00e0 di scorrimento, layout per il pi\u00e8 di pagina del tuo sito Web, intestazione e tutti i tipi di opportunit\u00e0 verticali per barre laterali e menu. <\/p><\/div>\r\n\t\t\t\t\t<\/div>\r\n\t\t\t\t<\/div><div class=\"faq-item\">\r\n\t\t\t\t\t<div class=\"faq-item-question\">\r\n\t\t\t\t\t\t<h3 class=\"faq-item-question-text\">Posso creare una newsletter o offrire popup tramite l'editor?<\/h3>\r\n\r\n\t\t\t\t\t\t<div class=\"faq-item-question-icon\"><\/div>\r\n\t\t\t\t\t<\/div>\r\n\r\n\t\t\t\t\t<div class=\"faq-item-answer\">\r\n\t\t\t\t\t\t<div class=\"faq-item-answer-text\"><p>Sei libero di creare qualsiasi modifica del plugin WordPress Popup. Ci sono una serie di layout a tua disposizione nel generatore Popup e tutti possono essere facilmente personalizzati in base alle tue esigenze.<\/p><\/div>\r\n\t\t\t\t\t<\/div>\r\n\t\t\t\t<\/div><div class=\"faq-item\">\r\n\t\t\t\t\t<div class=\"faq-item-question\">\r\n\t\t\t\t\t\t<h3 class=\"faq-item-question-text\">Quali attivatori sono disponibili per i popup apertura?<\/h3>\r\n\r\n\t\t\t\t\t\t<div class=\"faq-item-question-icon\"><\/div>\r\n\t\t\t\t\t<\/div>\r\n\r\n\t\t\t\t\t<div class=\"faq-item-answer\">\r\n\t\t\t\t\t\t<div class=\"faq-item-answer-text\"><p>Hai la possibilit\u00e0 di far apparire un popup WordPress al clic, quando l&#8217;utente intende uscire o semplicemente al caricamento della pagina. Puoi far apparire un popup dopo un certo tempo sul sito o dopo che una persona ha fatto scorrere una certa percentuale di contenuto. Infine, puoi inserire un invito all&#8217;azione per aprire il popup in WordPress.<\/p><\/div>\r\n\t\t\t\t\t<\/div>\r\n\t\t\t\t<\/div><\/div><div class=\"application-platform-content-item-features application-platform-content-item\" id=\"features\" data-nav-section=\"features\"> <h2>Caratteristiche principali del plugin Popup<\/h2> <p>Vedi tutte le caratteristiche funzionali del widget. Puoi gestirli direttamente nel builder e ti aiuteranno a modellare il widget appositamente per il tuo caso d&#8217;uso.<\/p> <ul><li>12 blocchi disponibili per creare un popup<\/li> <li>5 pronti -usa layout pop-up per vari casi<\/li> <li>Posiziona pulsanti per reindirizzare gli utenti a qualsiasi pagina WordPress<\/li> <li>Caricare un&#8217;immagine per lo sfondo del plugin<\/li> <li>Il pop-up pu\u00f2 essere attivato dopo un tempo specifico trascorso sulla pagina o una percentuale di scorrimento<\/li> <li>Attivazione popup: facendo clic su un elemento o scorrendo verso il basso fino ad esso<\/li> <\/ul> <p><a href=\"#demo\">Guarda come funzionano tutte le funzionalit\u00e0, nella nostra demo<\/a><\/p> <\/div><div class=\"application-platform-content-item-installation application-platform-content-item\" id=\"installation\" data-nav-section=\"installation\"><h2>Come aggiungere il plug-in Popup al sito Web WordPress?<\/h2> <div class=\"contenitore-video\"><iframe src=\"https:\/\/www.youtube.com\/embed\/LhmryTr-ECE\" allowfullscreen=\"\" width=\"720\" height=\"405\" frameborder=\"0\"><\/iframe><\/div><p>Segui semplicemente i passaggi descritti di seguito per attivare il widget su WordPress.<\/p> <ol><li><b>Lancia il nostro creatore di popup gratuito e inizia a creare il tuo plugin unico. <\/b><br> Specifica l&#8217;aspetto e le funzionalit\u00e0 desiderabili dello strumento e applica le correzioni. <\/li> <li><b>Copia il codice individuale mostrato nella finestra modale sulle App Elfsight. <\/b><br> Dopo aver completato la configurazione del tuo plug-in Popup personale, copia il codice esclusivo nella finestra visualizzata e salvalo per un uso successivo. <\/li> <li><b>Avviare l&#8217;utilizzo del plugin sul sito WordPress. <\/b><br> Inserisci il codice del plugin WordPress Popup nel tuo sito web e applica le correzioni. <\/li> <li><b>L&#8217;installazione \u00e8 stata completata con successo. <\/b><br> Vai al tuo sito WordPress per dare un&#8217;occhiata a come funziona lo strumento. <\/li><\/ol> <p>Sentiti libero di contattare il nostro servizio di supporto nel caso avessi bisogno di aiuto con l&#8217;installazione di WordPress. Saremo lieti di aiutarti con ogni richiesta.<\/p> <\/div>","protected":false},"excerpt":{"rendered":"","protected":false},"author":9,"featured_media":0,"parent":1196,"menu_order":0,"comment_status":"closed","ping_status":"closed","template":"templates\/template-application-platform.php","meta":{"publish_to_discourse":"","publish_post_category":"","wpdc_auto_publish_overridden":"","wpdc_topic_tags":"","wpdc_pin_topic":"","wpdc_pin_until":"","discourse_post_id":"","discourse_permalink":"","wpdc_publishing_response":"","wpdc_publishing_error":"","footnotes":""},"class_list":["post-5357","page","type-page","status-publish","hentry"],"yoast_head":"<!-- This site is optimized with the Yoast SEO plugin v25.3.1 - https:\/\/yoast.com\/wordpress\/plugins\/seo\/ -->\n<title>Il miglior plugin popup per WordPress | Il modo n. 1 per aggiungere Pop-up Maker a WP<\/title>\n<meta name=\"description\" content=\"\u00c8 facile aggiungere un popup sul sito Web WordPress con Elfsight Popup Builder. Finestre modali, banner, messaggi: tutto ci\u00f2 di cui hai bisogno per apparire.\" \/>\n<meta name=\"robots\" content=\"index, follow, max-snippet:-1, max-image-preview:large, max-video-preview:-1\" \/>\n<link rel=\"canonical\" href=\"https:\/\/elfsight.com\/it\/popup-widget\/wordpress\/\" \/>\n<meta property=\"og:locale\" content=\"it_IT\" \/>\n<meta property=\"og:type\" content=\"article\" \/>\n<meta property=\"og:title\" content=\"Il miglior plugin popup per WordPress | Il modo n. 1 per aggiungere Pop-up Maker a WP\" \/>\n<meta property=\"og:description\" content=\"\u00c8 facile aggiungere un popup sul sito Web WordPress con Elfsight Popup Builder. Finestre modali, banner, messaggi: tutto ci\u00f2 di cui hai bisogno per apparire.\" \/>\n<meta property=\"og:url\" content=\"https:\/\/elfsight.com\/it\/popup-widget\/wordpress\/\" \/>\n<meta property=\"og:site_name\" content=\"Elfsight IT\" \/>\n<meta property=\"article:modified_time\" content=\"2024-11-12T08:35:11+00:00\" \/>\n<meta name=\"twitter:card\" content=\"summary_large_image\" \/>\n<meta name=\"twitter:label1\" content=\"Tempo di lettura stimato\" \/>\n\t<meta name=\"twitter:data1\" content=\"4 minuti\" \/>\n<!-- \/ Yoast SEO plugin. -->","yoast_head_json":{"title":"Il miglior plugin popup per WordPress | Il modo n. 1 per aggiungere Pop-up Maker a WP","description":"\u00c8 facile aggiungere un popup sul sito Web WordPress con Elfsight Popup Builder. Finestre modali, banner, messaggi: tutto ci\u00f2 di cui hai bisogno per apparire.","robots":{"index":"index","follow":"follow","max-snippet":"max-snippet:-1","max-image-preview":"max-image-preview:large","max-video-preview":"max-video-preview:-1"},"canonical":"https:\/\/elfsight.com\/it\/popup-widget\/wordpress\/","og_locale":"it_IT","og_type":"article","og_title":"Il miglior plugin popup per WordPress | Il modo n. 1 per aggiungere Pop-up Maker a WP","og_description":"\u00c8 facile aggiungere un popup sul sito Web WordPress con Elfsight Popup Builder. Finestre modali, banner, messaggi: tutto ci\u00f2 di cui hai bisogno per apparire.","og_url":"https:\/\/elfsight.com\/it\/popup-widget\/wordpress\/","og_site_name":"Elfsight IT","article_modified_time":"2024-11-12T08:35:11+00:00","twitter_card":"summary_large_image","twitter_misc":{"Tempo di lettura stimato":"4 minuti"},"schema":{"@context":"https:\/\/schema.org","@graph":[{"@type":"WebPage","@id":"https:\/\/elfsight.com\/it\/popup-widget\/wordpress\/","url":"https:\/\/elfsight.com\/it\/popup-widget\/wordpress\/","name":"Il miglior plugin popup per WordPress | Il modo n. 1 per aggiungere Pop-up Maker a WP","isPartOf":{"@id":"https:\/\/elfsight.com\/it\/#website"},"datePublished":"1970-01-01T00:00:00+00:00","dateModified":"2024-11-12T08:35:11+00:00","description":"\u00c8 facile aggiungere un popup sul sito Web WordPress con Elfsight Popup Builder. Finestre modali, banner, messaggi: tutto ci\u00f2 di cui hai bisogno per apparire.","breadcrumb":{"@id":"https:\/\/elfsight.com\/it\/popup-widget\/wordpress\/#breadcrumb"},"inLanguage":"it-IT","potentialAction":[{"@type":"ReadAction","target":["https:\/\/elfsight.com\/it\/popup-widget\/wordpress\/"]}]},{"@type":"BreadcrumbList","@id":"https:\/\/elfsight.com\/it\/popup-widget\/wordpress\/#breadcrumb","itemListElement":[{"@type":"ListItem","position":1,"name":"Home","item":"https:\/\/elfsight.com\/it\/"},{"@type":"ListItem","position":2,"name":"Popup","item":"https:\/\/elfsight.com\/it\/popup-widget\/"},{"@type":"ListItem","position":3,"name":"Popup &#8211; WordPress"}]},{"@type":"WebSite","@id":"https:\/\/elfsight.com\/it\/#website","url":"https:\/\/elfsight.com\/it\/","name":"Elfsight IT","description":"Just another Elfsight Sites site","potentialAction":[{"@type":"SearchAction","target":{"@type":"EntryPoint","urlTemplate":"https:\/\/elfsight.com\/it\/?s={search_term_string}"},"query-input":{"@type":"PropertyValueSpecification","valueRequired":true,"valueName":"search_term_string"}}],"inLanguage":"it-IT"}]}},"meta_box":{"industry":"","seo_heading":"","heading":"","description":"","cta_heading":"","cta_description":"","application":"1195","h1":"Plug-in pop-up WordPress","h1_caption":"Visualizza popup per catturare l'attenzione dei visitatori, promuovere offerte o raccogliere contatti senza interrompere l'esperienza del sito Web nel tuo sito Web WordPress senza sforzo.","application_category":[],"applications_title":"","applications_request_title":"","applications_request_button_text":"","hero_text":"","hero_video":"","hero_video_schema_markup":"","selling_points_title":"","selling_points_caption":"","selling_points":[],"selling_points_cta_text":"","features_title":"","features":"","ed_cta_examples_text":"","ed_cta_examples_hidden":"","ed_cta_demo_text":"","ed_cta_demo_hidden":"","why_caption":"","why_editor_title":"","why_editor_text":"","why_team_title":"","why_team_text":"","why_service_title":"","why_service_text":"","template_catalog_visible":"0","template_catalog_title":"","template_catalog_text":"","template_catalog_categories_visible":"","demo_title":"Crea il tuo plugin Popup","demo_caption":"Configura il tuo Popup e aggiungilo gratuitamente al tuo sito WordPress!","default_faq_hidden":"","app_template_category":[],"platform":"28","template_public_id":"","codecanyon_url":"","codecanyon_item_id":"","codecanyon_price":"","pricing_caption":"","pricing_elfsight_apps_hide_column":"","pricing_elfsight_apps_url":"","pricing_codecanyon_price_caption":"","integration_category":[],"integration_request_title":"","integration_request_cta":"","integration_platform":"","integrations":[],"platform_category":[],"video_schema_markup":"","price":"da $ 0","trial":"","benefits":[{"text":"Configurazione in 1 minuto"},{"text":"100% personalizzabile"},{"text":"Splendidamente progettato"},{"text":"Generatore di popup facile da usare"}],"button_url":"#demo","button_target_blank":"0","button_nofollow":"0","attributes":[{"name":"Installazioni"},{"name":"Reattivo","content":"S\u00cc"},{"name":"Browser compatibili","content":"Firefox, Opera, Chrome, Edge, Safari"}],"tags":[],"tags_disable_links":"0","hide_more_platforms":"","video_object":"","demo_hide_cta":"0","demo_hide_cloud_options":"0","pricing_title":"","pricing":[{"pricing_icon":"platform","pricing_title":"Elfsight Apps","pricing_title_caption":"Compatibile al 100% con il tuo sito web","pricing_price":"da $ 0 \/ mese","pricing_price_caption":"inizia con un piano gratuito","pricing_benefits":[{"text":"Il modo n. 1 per aggiungere popup in WP"},{"text":"Oltre 20 modelli integrati"},{"text":"Oltre 100 funzioni professionali"},{"text":"Pronto per qualsiasi evento o vendita"}],"pricing_button_text":"Aggiungi al sito web","pricing_button_url":"#demo"}],"related_apps_title":"","related_apps_hidden":"0","author":"","image":[],"title":"","job":"","social_networks":[]},"_links":{"self":[{"href":"https:\/\/elfsight.com\/it\/wp-json\/wp\/v2\/pages\/5357","targetHints":{"allow":["GET"]}}],"collection":[{"href":"https:\/\/elfsight.com\/it\/wp-json\/wp\/v2\/pages"}],"about":[{"href":"https:\/\/elfsight.com\/it\/wp-json\/wp\/v2\/types\/page"}],"author":[{"embeddable":true,"href":"https:\/\/elfsight.com\/it\/wp-json\/wp\/v2\/users\/9"}],"replies":[{"embeddable":true,"href":"https:\/\/elfsight.com\/it\/wp-json\/wp\/v2\/comments?post=5357"}],"version-history":[{"count":3,"href":"https:\/\/elfsight.com\/it\/wp-json\/wp\/v2\/pages\/5357\/revisions"}],"predecessor-version":[{"id":7556,"href":"https:\/\/elfsight.com\/it\/wp-json\/wp\/v2\/pages\/5357\/revisions\/7556"}],"up":[{"embeddable":true,"href":"https:\/\/elfsight.com\/it\/wp-json\/wp\/v2\/pages\/1196"}],"wp:attachment":[{"href":"https:\/\/elfsight.com\/it\/wp-json\/wp\/v2\/media?parent=5357"}],"curies":[{"name":"wp","href":"https:\/\/api.w.org\/{rel}","templated":true}]}}