{"id":5356,"date":"1970-01-01T00:00:00","date_gmt":"1970-01-01T00:00:00","guid":{"rendered":"https:\/\/elfsight.com\/it\/?page_id=5356"},"modified":"2024-11-12T08:35:11","modified_gmt":"2024-11-12T08:35:11","slug":"iframe","status":"publish","type":"page","link":"https:\/\/elfsight.com\/it\/popup-widget\/iframe\/","title":{"rendered":"Popup &#8211; iFrame"},"content":{"rendered":"<div class=\"application-platform-content-item-description application-platform-content-item\" id=\"description\" data-nav-section=\"description\"> <h2>Incorpora popup su iFrame con il widget Elfsight<\/h2> <p>Tramite il widget Elfsight Popup, chiunque \u00e8 in grado di creare popup personalizzati di qualsiasi digitarli e mostrarli su un sito iFrame. Crea il pop-up pi\u00f9 adatto, scegliendo tra una variet\u00e0 di blocchi inclusi. Modificare il layout e la composizione; applica un trigger di attivazione e regola la frequenza per ottenere una maggiore efficacia del pop-up. I popup consentono agli utenti di creare un abbonamento, conoscere le tue offerte, utilizzare buoni sconto, utilizzare saldi e offerte speciali, ricevere notifiche sui nuovi eventi sul tuo sito e molto altro ancora. <\/p> <p><b>I pop-up ti aiuteranno a vendere pi\u00f9 velocemente, ad annunciare eventi pianificati, a ricevere feedback e abbonamenti e molto altro ancora. <\/b><\/p> <\/div><div class=\"faq\" data-component=\"FAQ\"><div class=\"faq-item\">\r\n\t\t\t\t\t<div class=\"faq-item-question\">\r\n\t\t\t\t\t\t<h3 class=\"faq-item-question-text\">Come posso aggiungere un popup all'iFrame?<\/h3>\r\n\r\n\t\t\t\t\t\t<div class=\"faq-item-question-icon\"><\/div>\r\n\t\t\t\t\t<\/div>\r\n\r\n\t\t\t\t\t<div class=\"faq-item-answer\">\r\n\t\t\t\t\t\t<div class=\"faq-item-answer-text\"><p>La creazione del widget avviene all&#8217;interno del servizio Elfsight e non \u00e8 necessaria la codifica. Vai alla nostra demo live per personalizzare il tuo plugin personale, ottenere il codice e implementarlo nel tuo sito web iFrame. <\/p><\/div>\r\n\t\t\t\t\t<\/div>\r\n\t\t\t\t<\/div><div class=\"faq-item\">\r\n\t\t\t\t\t<div class=\"faq-item-question\">\r\n\t\t\t\t\t\t<h3 class=\"faq-item-question-text\">I modi migliori per utilizzare l'integrazione delle finestre pop-up<\/h3>\r\n\r\n\t\t\t\t\t\t<div class=\"faq-item-question-icon\"><\/div>\r\n\t\t\t\t\t<\/div>\r\n\r\n\t\t\t\t\t<div class=\"faq-item-answer\">\r\n\t\t\t\t\t\t<div class=\"faq-item-answer-text\"><p>Ti garantiamo numerose opzioni di personalizzazione: widget a grandezza naturale da implementare nella sezione dei contenuti , widget mobili per le opzioni di scorrimento, miniature per il pi\u00e8 di pagina del tuo sito web, intestazione e tutte le varianti delle opzioni verticali per barre laterali e menu. <\/p><\/div>\r\n\t\t\t\t\t<\/div>\r\n\t\t\t\t<\/div><div class=\"faq-item\">\r\n\t\t\t\t\t<div class=\"faq-item-question\">\r\n\t\t\t\t\t\t<h3 class=\"faq-item-question-text\">Posso creare un popup delle vendite recenti o di una nuova collezione tramite il tuo editor? <\/h3>\r\n\r\n\t\t\t\t\t\t<div class=\"faq-item-question-icon\"><\/div>\r\n\t\t\t\t\t<\/div>\r\n\r\n\t\t\t\t\t<div class=\"faq-item-answer\">\r\n\t\t\t\t\t\t<div class=\"faq-item-answer-text\"><p>Sei libero di creare qualsiasi modifica del widget. Ci sono molti layout disponibili nell&#8217;editor. Tutti i popup modali iFrame possono essere rapidamente adattati nel modo che preferisci. <\/p><\/div>\r\n\t\t\t\t\t<\/div>\r\n\t\t\t\t<\/div><\/div><div class=\"application-platform-content-item-features application-platform-content-item\" id=\"features\" data-nav-section=\"features\"> <h2>Caratteristiche principali del widget Popup<\/h2> <p>Qui puoi vedere tutte le caratteristiche funzionali del widget. Sono disponibili direttamente nell&#8217;editor e ti aiuteranno a creare il widget pi\u00f9 adatto al tuo caso. <\/p> <ul><li>Dodici elementi disponibili per costruire un popup<\/li> <li>Cinque layout popup pronti all&#8217;uso per vari casi<\/li> <li>Pulsanti Posiziona per reindirizzare a qualsiasi pagina <\/li> <li>Caricamento di un&#8217;immagine per lo sfondo del popup<\/li> <li>Il popup pu\u00f2 apparire dopo un tempo specifico sulla pagina web o una certa quantit\u00e0 di scorrimento<\/li> <li>Attivazione del popup tramite facendo clic su un elemento della pagina o scorri verso il basso fino ad esso<\/li><li>Incorpora popup in iFrame in pochi secondi <\/li><\/ul> <p><a href=\"#demo\">Controlla tutte le altre funzioni nella demo <\/a><\/p> <\/div><div class=\"application-platform-content-item-installation application-platform-content-item\" id=\"installation\" data-nav-section=\"installation\"><h2>Come incorporare un widget Popup nel sito web iFrame? <\/h2> <p>Per aggiungere il widget, segui le linee guida seguenti:<\/p> <ol><li><b>Progetta il tuo plug-in pop-up<\/b><br> Con l&#8217;aiuto della nostra demo gratuita , ottieni un widget con una composizione e funzionalit\u00e0 selezionate.<\/li><li><b>Copia il codice individuale per visualizzare il plugin<\/b><br> Dopo aver creato il tuo widget, riceverai il codice di installazione su App Elfsight. Copialo.<\/li> <li><b>Incorpora il plugin nel tuo sito iFrame<\/b><br> Seleziona l&#8217;area della pagina o la parte del template in cui vuoi mostrare il widget e inserisci il widget salvato codice l\u00ec. Pubblica i risultati.<\/li> <li><b>Hai completato l&#8217;installazione<\/b><br> Vai al tuo sito web iFrame per dare un&#8217;occhiata al tuo pop-up.<\/li> <\/ol><p>Sentiti libero di contattare la nostra assistenza clienti se hai bisogno di assistenza o se riscontri problemi con un popup sovrapposto iFrame. Ti aiuteremo con qualsiasi richiesta.<\/p> <\/div>","protected":false},"excerpt":{"rendered":"","protected":false},"author":9,"featured_media":0,"parent":1196,"menu_order":0,"comment_status":"closed","ping_status":"closed","template":"templates\/template-application-platform.php","meta":{"publish_to_discourse":"","publish_post_category":"","wpdc_auto_publish_overridden":"","wpdc_topic_tags":"","wpdc_pin_topic":"","wpdc_pin_until":"","discourse_post_id":"","discourse_permalink":"","wpdc_publishing_response":"","wpdc_publishing_error":"","footnotes":""},"class_list":["post-5356","page","type-page","status-publish","hentry"],"yoast_head":"<!-- This site is optimized with the Yoast SEO plugin v25.3.1 - https:\/\/yoast.com\/wordpress\/plugins\/seo\/ -->\n<title>Aggiungi un widget Popup a un sito Web iFrame<\/title>\n<meta name=\"description\" content=\"Crea un popup su iFrame senza codifica!\" \/>\n<meta name=\"robots\" content=\"index, follow, max-snippet:-1, max-image-preview:large, max-video-preview:-1\" \/>\n<link rel=\"canonical\" href=\"https:\/\/elfsight.com\/it\/popup-widget\/iframe\/\" \/>\n<meta property=\"og:locale\" content=\"it_IT\" \/>\n<meta property=\"og:type\" content=\"article\" \/>\n<meta property=\"og:title\" content=\"Aggiungi un widget Popup a un sito Web iFrame\" \/>\n<meta property=\"og:description\" content=\"Crea un popup su iFrame senza codifica!\" \/>\n<meta property=\"og:url\" content=\"https:\/\/elfsight.com\/it\/popup-widget\/iframe\/\" \/>\n<meta property=\"og:site_name\" content=\"Elfsight IT\" \/>\n<meta property=\"article:modified_time\" content=\"2024-11-12T08:35:11+00:00\" \/>\n<meta name=\"twitter:card\" content=\"summary_large_image\" \/>\n<meta name=\"twitter:label1\" content=\"Tempo di lettura stimato\" \/>\n\t<meta name=\"twitter:data1\" content=\"3 minuti\" \/>\n<!-- \/ Yoast SEO plugin. -->","yoast_head_json":{"title":"Aggiungi un widget Popup a un sito Web iFrame","description":"Crea un popup su iFrame senza codifica!","robots":{"index":"index","follow":"follow","max-snippet":"max-snippet:-1","max-image-preview":"max-image-preview:large","max-video-preview":"max-video-preview:-1"},"canonical":"https:\/\/elfsight.com\/it\/popup-widget\/iframe\/","og_locale":"it_IT","og_type":"article","og_title":"Aggiungi un widget Popup a un sito Web iFrame","og_description":"Crea un popup su iFrame senza codifica!","og_url":"https:\/\/elfsight.com\/it\/popup-widget\/iframe\/","og_site_name":"Elfsight IT","article_modified_time":"2024-11-12T08:35:11+00:00","twitter_card":"summary_large_image","twitter_misc":{"Tempo di lettura stimato":"3 minuti"},"schema":{"@context":"https:\/\/schema.org","@graph":[{"@type":"WebPage","@id":"https:\/\/elfsight.com\/it\/popup-widget\/iframe\/","url":"https:\/\/elfsight.com\/it\/popup-widget\/iframe\/","name":"Aggiungi un widget Popup a un sito Web iFrame","isPartOf":{"@id":"https:\/\/elfsight.com\/it\/#website"},"datePublished":"1970-01-01T00:00:00+00:00","dateModified":"2024-11-12T08:35:11+00:00","description":"Crea un popup su iFrame senza codifica!","breadcrumb":{"@id":"https:\/\/elfsight.com\/it\/popup-widget\/iframe\/#breadcrumb"},"inLanguage":"it-IT","potentialAction":[{"@type":"ReadAction","target":["https:\/\/elfsight.com\/it\/popup-widget\/iframe\/"]}]},{"@type":"BreadcrumbList","@id":"https:\/\/elfsight.com\/it\/popup-widget\/iframe\/#breadcrumb","itemListElement":[{"@type":"ListItem","position":1,"name":"Home","item":"https:\/\/elfsight.com\/it\/"},{"@type":"ListItem","position":2,"name":"Popup","item":"https:\/\/elfsight.com\/it\/popup-widget\/"},{"@type":"ListItem","position":3,"name":"Popup &#8211; iFrame"}]},{"@type":"WebSite","@id":"https:\/\/elfsight.com\/it\/#website","url":"https:\/\/elfsight.com\/it\/","name":"Elfsight IT","description":"Just another Elfsight Sites site","potentialAction":[{"@type":"SearchAction","target":{"@type":"EntryPoint","urlTemplate":"https:\/\/elfsight.com\/it\/?s={search_term_string}"},"query-input":{"@type":"PropertyValueSpecification","valueRequired":true,"valueName":"search_term_string"}}],"inLanguage":"it-IT"}]}},"meta_box":{"industry":"","seo_heading":"","heading":"","description":"","cta_heading":"","cta_description":"","application":"1195","h1":"Widget pop-up iFrame","h1_caption":"Visualizza popup per catturare l'attenzione dei visitatori, promuovere offerte o raccogliere contatti senza interrompere l'esperienza del sito Web nel tuo sito Web iFrame senza sforzo.","application_category":[],"applications_title":"","applications_request_title":"","applications_request_button_text":"","hero_text":"","hero_video":"","hero_video_schema_markup":"","selling_points_title":"","selling_points_caption":"","selling_points":[],"selling_points_cta_text":"","features_title":"","features":"","ed_cta_examples_text":"","ed_cta_examples_hidden":"","ed_cta_demo_text":"","ed_cta_demo_hidden":"","why_caption":"","why_editor_title":"","why_editor_text":"","why_team_title":"","why_team_text":"","why_service_title":"","why_service_text":"","template_catalog_visible":"","template_catalog_title":"","template_catalog_text":"","template_catalog_categories_visible":"","demo_title":"Crea il tuo widget pop-up","demo_caption":"Configura il tuo Popup e aggiungilo gratuitamente al tuo sito iFrame!","default_faq_hidden":"","app_template_category":[],"platform":"54","template_public_id":"","codecanyon_url":"","codecanyon_item_id":"","codecanyon_price":"","pricing_caption":"","pricing_elfsight_apps_hide_column":"","pricing_elfsight_apps_url":"","pricing_codecanyon_price_caption":"","integration_category":[],"integration_request_title":"","integration_request_cta":"","integration_platform":"","integrations":[],"platform_category":[],"video_schema_markup":"","price":"da $ 0 al mese","trial":"","benefits":[{"text":"Assistenza gratuita per l'installazione"},{"text":"Servizio clienti competente"},{"text":"Garanzia di rimborso di 14 giorni"},{"text":"Miglioramenti continui"}],"button_url":"#demo","button_target_blank":"","button_nofollow":"","attributes":[{"name":"Installazioni"},{"name":"Reattivo","content":"S\u00cc"},{"name":"Browser compatibili","content":"Firefox, Safari, Opera, Chrome, Edge"}],"tags":[],"tags_disable_links":"","hide_more_platforms":"","video_object":"","demo_hide_cta":"","demo_hide_cloud_options":"","pricing_title":"","pricing":[{"pricing_icon":"platform","pricing_title":"Elfsight Apps","pricing_title_caption":"Versione multipiattaforma adatta a qualsiasi sito web","pricing_price":"da $ 0 \/ mese","pricing_price_caption":"inizia con il piano gratuito","pricing_benefits":[{"text":"Numero illimitato di siti web"},{"text":"Supporto veloce"},{"text":"Servizio di installazione gratuito"},{"text":"Offerta speciale per pi\u00f9 app"}],"pricing_button_text":"Aggiungi al sito web","pricing_button_url":"#demo"}],"related_apps_title":"","related_apps_hidden":"","author":"","image":[],"title":"","job":"","social_networks":[]},"_links":{"self":[{"href":"https:\/\/elfsight.com\/it\/wp-json\/wp\/v2\/pages\/5356","targetHints":{"allow":["GET"]}}],"collection":[{"href":"https:\/\/elfsight.com\/it\/wp-json\/wp\/v2\/pages"}],"about":[{"href":"https:\/\/elfsight.com\/it\/wp-json\/wp\/v2\/types\/page"}],"author":[{"embeddable":true,"href":"https:\/\/elfsight.com\/it\/wp-json\/wp\/v2\/users\/9"}],"replies":[{"embeddable":true,"href":"https:\/\/elfsight.com\/it\/wp-json\/wp\/v2\/comments?post=5356"}],"version-history":[{"count":1,"href":"https:\/\/elfsight.com\/it\/wp-json\/wp\/v2\/pages\/5356\/revisions"}],"predecessor-version":[{"id":5360,"href":"https:\/\/elfsight.com\/it\/wp-json\/wp\/v2\/pages\/5356\/revisions\/5360"}],"up":[{"embeddable":true,"href":"https:\/\/elfsight.com\/it\/wp-json\/wp\/v2\/pages\/1196"}],"wp:attachment":[{"href":"https:\/\/elfsight.com\/it\/wp-json\/wp\/v2\/media?parent=5356"}],"curies":[{"name":"wp","href":"https:\/\/api.w.org\/{rel}","templated":true}]}}