{"id":5355,"date":"1970-01-01T00:00:00","date_gmt":"1970-01-01T00:00:00","guid":{"rendered":"https:\/\/elfsight.com\/it\/?page_id=5355"},"modified":"2025-03-13T16:00:29","modified_gmt":"2025-03-13T16:00:29","slug":"facebook","status":"publish","type":"page","link":"https:\/\/elfsight.com\/it\/popup-widget\/facebook\/","title":{"rendered":"Popup &#8211; Facebook Page"},"content":{"rendered":"\n<div class=\"application-platform-content-item-description application-platform-content-item\" id=\"description\" data-nav-section=\"description\"><h2>Descrizione<\/h2><p>Applicando lo strumento Elfsight Popup, puoi configurare i loro popup personalizzati di vario tipo e aggiungerli sulla tua pagina Costruisci un popup unico, da diversi blocchi. Cambiare l&#8217;interfaccia e la disposizione; scegli l&#8217;attivazione del trigger e trova il momento giusto per aumentare l&#8217;efficacia del pop-up. I popup consentiranno ai visitatori di iscriversi alla tua mailing, scoprire i tuoi prodotti, copiare buoni sconto, utilizzare saldi e offerte speciali, ricevere notifiche su occasioni future sulla tua pagina e molto altro ancora.<\/p><p><b>I popup ti aiuteranno vendi pi\u00f9 velocemente, annunci eventi futuri, ricevi impressioni e abbonamenti e molto altro ancora.<\/b><\/p><\/div> <div class=\"application-platform-content-item-features application-platform-content-item\" id=\"features\" data-nav-section=\"features\"><h2>Funzionalit\u00e0<\/h2><p>Ecco un elenco di tutte le funzionalit\u00e0 del widget Popup. Sono disponibili direttamente nell&#8217;editor e ti aiuteranno a modellare il widget adatto alle tue esigenze. <\/p><ul><li>Dodici blocchi inclusi per configurare un popup; <\/li><li>Cinque layout pop-up pronti all&#8217;uso per vari casi; <\/li><li>Incorpora pulsanti per reindirizzare gli utenti a qualsiasi indirizzo; <\/li><li>Caricare un&#8217;immagine per lo sfondo; <\/li><li>Il popup pu\u00f2 essere attivato dopo un tempo specifico sulla pagina web o una quantit\u00e0 di scorrimento; <\/li><li>Trigger pop-up: facendo clic su un determinato elemento o scorrendo verso il basso fino ad esso. <\/li><\/ul><p><a href=\"#demo\">Controlla tutte le altre funzioni nella demo<\/a><\/p><\/div> <div class=\"application-platform-content-item-installation application-platform-content-item\" id=\"installation\" data-nav-section=\"installation\"><h2> Come aggiungere Popup alla scheda della tua Pagina Facebook?<\/h2><p>Per integrare il prodotto, segui semplicemente i seguenti rapidi passaggi<p><ul><li><b>Costruisci il tuo plugin Popup unico<\/b><br>Gestione del nostro configuratore gratuito, genera un plugin con le impostazioni e le funzioni dell&#8217;interfaccia preferite. <\/li><li><b>Acquisisci il codice personale per aggiungere il plugin<\/b><br>Dopo aver generato il tuo widget, otterrai il codice univoco dalla finestra che appare su Elfsight Apps. Copialo. <\/li><li><b>Aggiungi il widget alla pagina Facebook<\/b><br> Crea la tua scheda Facebook personalizzata. Inserisci nella scheda il codice che hai ricevuto su elfsight apps. In caso di problemi, consulta la nostra guida su <a href=\"https:\/\/elfsight.com\/blog\/how-to-add-custom-tab-to-facebook-page\/\" target=\"_blank\" rel=\"noopener noreferrer\">creazione di una scheda Facebook personalizzata<\/a><\/li><li><b>Fatto! <\/b><br>Vai alla pagina per visualizzare il tuo widget. <\/li><\/ul><p>Non pensarci due volte per contattare il nostro supporto clienti quando hai bisogno di assistenza o hai domande. Daremo una mano con ogni richiesta. <\/p><div class=\"faq\" data-component=\"FAQ\">  \n<div class=\"faq-item\">\r\n\t\t\t\t\t<div class=\"faq-item-question\">\r\n\t\t\t\t\t\t<h3 class=\"faq-item-question-text\">Come posso aggiungere un popup alla mia pagina Facebook?<\/h3>\r\n\r\n\t\t\t\t\t\t<div class=\"faq-item-question-icon\"><\/div>\r\n\t\t\t\t\t<\/div>\r\n\r\n\t\t\t\t\t<div class=\"faq-item-answer\">\r\n\t\t\t\t\t\t<div class=\"faq-item-answer-text\">  \n<p>Per aggiungere un popup alla tua pagina Facebook, utilizza l&#8217;editor Elfsight per creare il tuo widget. Non sono necessarie competenze di programmazione, poich\u00e9 il generatore di popup offre un&#8217;interfaccia intuitiva che permette a chiunque di progettare e personalizzare la notifica. Basta copiare il codice HTML generato e inserirlo nel CMS di Facebook.<\/p>  \n<\/div>\r\n\t\t\t\t\t<\/div>\r\n\t\t\t\t<\/div>  \n\n<div class=\"faq-item\">\r\n\t\t\t\t\t<div class=\"faq-item-question\">\r\n\t\t\t\t\t\t<h3 class=\"faq-item-question-text\">Il generatore di popup \u00e8 gratuito?<\/h3>\r\n\r\n\t\t\t\t\t\t<div class=\"faq-item-question-icon\"><\/div>\r\n\t\t\t\t\t<\/div>\r\n\r\n\t\t\t\t\t<div class=\"faq-item-answer\">\r\n\t\t\t\t\t\t<div class=\"faq-item-answer-text\">  \n<p>S\u00ec, lo strumento di popup per Facebook \u00e8 disponibile gratuitamente, consentendo anche agli utenti con risorse limitate di sfruttare questa funzionalit\u00e0 utile. Sono inoltre disponibili opzioni a pagamento con funzionalit\u00e0 avanzate.<\/p>  \n<\/div>\r\n\t\t\t\t\t<\/div>\r\n\t\t\t\t<\/div>  \n\n<div class=\"faq-item\">\r\n\t\t\t\t\t<div class=\"faq-item-question\">\r\n\t\t\t\t\t\t<h3 class=\"faq-item-question-text\">Qual \u00e8 il posto migliore per aggiungere il banner pop-up alla mia pagina?<\/h3>\r\n\r\n\t\t\t\t\t\t<div class=\"faq-item-question-icon\"><\/div>\r\n\t\t\t\t\t<\/div>\r\n\r\n\t\t\t\t\t<div class=\"faq-item-answer\">\r\n\t\t\t\t\t\t<div class=\"faq-item-answer-text\">  \n<p>Con il nostro strumento di popup, puoi creare:  \n<ul>  \n <li>Un widget popup a schermo intero per catturare immediatamente l&#8217;attenzione dei tuoi utenti;<\/li>  \n <li>Un popup flottante per coinvolgere il pubblico mentre naviga sulla tua pagina;<\/li>  \n <li>Un widget nel footer, nell&#8217;header o nella sidebar per mantenere il tuo messaggio in evidenza senza interrompere l&#8217;esperienza utente.<\/li>  \n<\/ul>  \n<p>Queste opzioni di posizionamento versatili ti consentono di collocare i popup in modo strategico, garantendo visibilit\u00e0 e aumentando il coinvolgimento.<\/p>  \n<\/div>\r\n\t\t\t\t\t<\/div>\r\n\t\t\t\t<\/div>  \n\n<div class=\"faq-item\">\r\n\t\t\t\t\t<div class=\"faq-item-question\">\r\n\t\t\t\t\t\t<h3 class=\"faq-item-question-text\">Quali tipi di widget popup per Facebook posso creare con Elfsight?<\/h3>\r\n\r\n\t\t\t\t\t\t<div class=\"faq-item-question-icon\"><\/div>\r\n\t\t\t\t\t<\/div>\r\n\r\n\t\t\t\t\t<div class=\"faq-item-answer\">\r\n\t\t\t\t\t\t<div class=\"faq-item-answer-text\">  \n<p>Puoi creare una vasta gamma di popup personalizzati per diversi obiettivi.<\/p>  \n<p>Ad esempio, puoi realizzare un popup per l&#8217;iscrizione alla newsletter per incoraggiare i visitatori a iscriversi alla tua mailing list, un popup promozionale per aumentare le conversioni con offerte VIP, oppure un popup sconto per evidenziare promozioni lampo e incentivare gli acquisti.<\/p>  \n<p>In totale, sono disponibili oltre <a href=\"https:\/\/elfsight.com\/popup-widget\/templates\/\" target=\"_blank\" rel=\"noopener\">100 modelli di popup<\/a>, permettendoti di scegliere facilmente il design perfetto per le tue esigenze.<\/p>  \n<\/div>\r\n\t\t\t\t\t<\/div>\r\n\t\t\t\t<\/div>  \n\n<div class=\"faq-item\">\r\n\t\t\t\t\t<div class=\"faq-item-question\">\r\n\t\t\t\t\t\t<h3 class=\"faq-item-question-text\">Quali trigger sono disponibili per l'apertura del popup?<\/h3>\r\n\r\n\t\t\t\t\t\t<div class=\"faq-item-question-icon\"><\/div>\r\n\t\t\t\t\t<\/div>\r\n\r\n\t\t\t\t\t<div class=\"faq-item-answer\">\r\n\t\t\t\t\t\t<div class=\"faq-item-answer-text\">  \n<p>Con il widget popup di Elfsight, hai a disposizione diversi trigger per controllare quando la tua notifica verr\u00e0 visualizzata. Puoi impostarlo per apparire al caricamento della pagina, dopo un determinato tempo trascorso sulla pagina o quando l&#8217;utente scorre una certa percentuale della pagina.<\/p>  \n<p>Inoltre, i popup possono essere attivati al clic, quando il cliente sta per chiudere il sito, oppure tramite un pulsante CTA per l&#8217;attivazione manuale. Questi trigger flessibili ti consentono di personalizzare il comportamento del widget per massimizzare il coinvolgimento.<\/p>  \n<\/div>\r\n\t\t\t\t\t<\/div>\r\n\t\t\t\t<\/div>  \n<\/div>  \n<\/div>\n","protected":false},"excerpt":{"rendered":"","protected":false},"author":9,"featured_media":0,"parent":1196,"menu_order":0,"comment_status":"closed","ping_status":"closed","template":"templates\/template-application-platform.php","meta":{"publish_to_discourse":"","publish_post_category":"","wpdc_auto_publish_overridden":"","wpdc_topic_tags":"","wpdc_pin_topic":"","wpdc_pin_until":"","discourse_post_id":"","discourse_permalink":"","wpdc_publishing_response":"","wpdc_publishing_error":"","footnotes":""},"class_list":["post-5355","page","type-page","status-publish","hentry"],"yoast_head":"<!-- This site is optimized with the Yoast SEO plugin v25.3.1 - https:\/\/yoast.com\/wordpress\/plugins\/seo\/ -->\n<title>Aggiungi la scheda popup alla pagina aziendale di Facebook [2025]<\/title>\n<meta name=\"description\" content=\"Ecco un&#039;opportunit\u00e0 per creare una scheda Popup e aggiungerla alla tua pagina aziendale di Facebook. Ottieni assistenza clienti gratuita e altri vantaggi da Elfsight.\" \/>\n<meta name=\"robots\" content=\"index, follow, max-snippet:-1, max-image-preview:large, max-video-preview:-1\" \/>\n<link rel=\"canonical\" href=\"https:\/\/elfsight.com\/it\/popup-widget\/facebook\/\" \/>\n<meta property=\"og:locale\" content=\"it_IT\" \/>\n<meta property=\"og:type\" content=\"article\" \/>\n<meta property=\"og:title\" content=\"Aggiungi la scheda popup alla pagina aziendale di Facebook [2025]\" \/>\n<meta property=\"og:description\" content=\"Ecco un&#039;opportunit\u00e0 per creare una scheda Popup e aggiungerla alla tua pagina aziendale di Facebook. Ottieni assistenza clienti gratuita e altri vantaggi da Elfsight.\" \/>\n<meta property=\"og:url\" content=\"https:\/\/elfsight.com\/it\/popup-widget\/facebook\/\" \/>\n<meta property=\"og:site_name\" content=\"Elfsight IT\" \/>\n<meta property=\"article:modified_time\" content=\"2025-03-13T16:00:29+00:00\" \/>\n<meta name=\"twitter:card\" content=\"summary_large_image\" \/>\n<meta name=\"twitter:label1\" content=\"Tempo di lettura stimato\" \/>\n\t<meta name=\"twitter:data1\" content=\"4 minuti\" \/>\n<!-- \/ Yoast SEO plugin. -->","yoast_head_json":{"title":"Aggiungi la scheda popup alla pagina aziendale di Facebook [2025]","description":"Ecco un'opportunit\u00e0 per creare una scheda Popup e aggiungerla alla tua pagina aziendale di Facebook. Ottieni assistenza clienti gratuita e altri vantaggi da Elfsight.","robots":{"index":"index","follow":"follow","max-snippet":"max-snippet:-1","max-image-preview":"max-image-preview:large","max-video-preview":"max-video-preview:-1"},"canonical":"https:\/\/elfsight.com\/it\/popup-widget\/facebook\/","og_locale":"it_IT","og_type":"article","og_title":"Aggiungi la scheda popup alla pagina aziendale di Facebook [2025]","og_description":"Ecco un'opportunit\u00e0 per creare una scheda Popup e aggiungerla alla tua pagina aziendale di Facebook. Ottieni assistenza clienti gratuita e altri vantaggi da Elfsight.","og_url":"https:\/\/elfsight.com\/it\/popup-widget\/facebook\/","og_site_name":"Elfsight IT","article_modified_time":"2025-03-13T16:00:29+00:00","twitter_card":"summary_large_image","twitter_misc":{"Tempo di lettura stimato":"4 minuti"},"schema":{"@context":"https:\/\/schema.org","@graph":[{"@type":"WebPage","@id":"https:\/\/elfsight.com\/it\/popup-widget\/facebook\/","url":"https:\/\/elfsight.com\/it\/popup-widget\/facebook\/","name":"Aggiungi la scheda popup alla pagina aziendale di Facebook [2025]","isPartOf":{"@id":"https:\/\/elfsight.com\/it\/#website"},"datePublished":"1970-01-01T00:00:00+00:00","dateModified":"2025-03-13T16:00:29+00:00","description":"Ecco un'opportunit\u00e0 per creare una scheda Popup e aggiungerla alla tua pagina aziendale di Facebook. Ottieni assistenza clienti gratuita e altri vantaggi da Elfsight.","breadcrumb":{"@id":"https:\/\/elfsight.com\/it\/popup-widget\/facebook\/#breadcrumb"},"inLanguage":"it-IT","potentialAction":[{"@type":"ReadAction","target":["https:\/\/elfsight.com\/it\/popup-widget\/facebook\/"]}]},{"@type":"BreadcrumbList","@id":"https:\/\/elfsight.com\/it\/popup-widget\/facebook\/#breadcrumb","itemListElement":[{"@type":"ListItem","position":1,"name":"Home","item":"https:\/\/elfsight.com\/it\/"},{"@type":"ListItem","position":2,"name":"Popup","item":"https:\/\/elfsight.com\/it\/popup-widget\/"},{"@type":"ListItem","position":3,"name":"Popup &#8211; Facebook Page"}]},{"@type":"WebSite","@id":"https:\/\/elfsight.com\/it\/#website","url":"https:\/\/elfsight.com\/it\/","name":"Elfsight IT","description":"Just another Elfsight Sites site","potentialAction":[{"@type":"SearchAction","target":{"@type":"EntryPoint","urlTemplate":"https:\/\/elfsight.com\/it\/?s={search_term_string}"},"query-input":{"@type":"PropertyValueSpecification","valueRequired":true,"valueName":"search_term_string"}}],"inLanguage":"it-IT"}]}},"meta_box":{"industry":"","seo_heading":"","heading":"","description":"","cta_heading":"","cta_description":"","application":"1195","h1":"Popup per la pagina aziendale di Facebook","h1_caption":"Visualizza popup per catturare l'attenzione dei visitatori, promuovere offerte o raccogliere contatti senza interrompere l'esperienza del sito Web nel sito Web della tua pagina Facebook senza sforzo.","application_category":[],"applications_title":"","applications_request_title":"","applications_request_button_text":"","hero_text":"","hero_video":"","hero_video_schema_markup":"","selling_points_title":"","selling_points_caption":"","selling_points":[],"selling_points_cta_text":"","features_title":"","features":"","ed_cta_examples_text":"","ed_cta_examples_hidden":"","ed_cta_demo_text":"","ed_cta_demo_hidden":"","why_caption":"","why_editor_title":"","why_editor_text":"","why_team_title":"","why_team_text":"","why_service_title":"","why_service_text":"","template_catalog_visible":"0","template_catalog_title":"","template_catalog_text":"","template_catalog_categories_visible":"","demo_title":"Crea il tuo widget pop-up","demo_caption":"Configura il tuo Popup e aggiungilo gratuitamente al sito della tua Pagina Facebook!","default_faq_hidden":"","app_template_category":[],"platform":"77","template_public_id":"","codecanyon_url":"","codecanyon_item_id":"","codecanyon_price":"","pricing_caption":"","pricing_elfsight_apps_hide_column":"","pricing_elfsight_apps_url":"","pricing_codecanyon_price_caption":"","integration_category":[],"integration_request_title":"","integration_request_cta":"","integration_platform":"","integrations":[],"platform_category":[],"video_schema_markup":"","price":"da $ 0 al mese","trial":"","benefits":[{"text":"Aiuto gratuito per l'installazione"},{"text":"Servizio clienti professionale"},{"text":"Garanzia di rimborso di 14 giorni"},{"text":"Aggiornamenti futuri"}],"button_url":"#demo","button_target_blank":"0","button_nofollow":"0","attributes":[{"name":"Installazioni"},{"name":"Reattivo","content":"S\u00cc"},{"name":"Browser compatibili","content":"Firefox, Safari, Opera, Chrome, Edge"}],"tags":[],"tags_disable_links":"0","hide_more_platforms":"0","video_object":"","demo_hide_cta":"0","demo_hide_cloud_options":"0","pricing_title":"","pricing":[{"pricing_icon":"platform","pricing_title":"Elfsight Apps","pricing_title_caption":"Soluzione digitale multipiattaforma adatta a qualsiasi sito web","pricing_price":"da $ 0 \/ mese","pricing_price_caption":"inizia con il piano gratuito","pricing_benefits":[{"text":"Siti web illimitati"},{"text":"Supporto premium e puntuale"},{"text":"Assistenza per l'installazione gratuita"},{"text":"Offerta speciale per pi\u00f9 app"}],"pricing_button_text":"Aggiungi al sito web","pricing_button_url":"#demo"}],"related_apps_title":"","related_apps_hidden":"0","author":"","image":[],"title":"","job":"","social_networks":[]},"_links":{"self":[{"href":"https:\/\/elfsight.com\/it\/wp-json\/wp\/v2\/pages\/5355","targetHints":{"allow":["GET"]}}],"collection":[{"href":"https:\/\/elfsight.com\/it\/wp-json\/wp\/v2\/pages"}],"about":[{"href":"https:\/\/elfsight.com\/it\/wp-json\/wp\/v2\/types\/page"}],"author":[{"embeddable":true,"href":"https:\/\/elfsight.com\/it\/wp-json\/wp\/v2\/users\/9"}],"replies":[{"embeddable":true,"href":"https:\/\/elfsight.com\/it\/wp-json\/wp\/v2\/comments?post=5355"}],"version-history":[{"count":2,"href":"https:\/\/elfsight.com\/it\/wp-json\/wp\/v2\/pages\/5355\/revisions"}],"predecessor-version":[{"id":8657,"href":"https:\/\/elfsight.com\/it\/wp-json\/wp\/v2\/pages\/5355\/revisions\/8657"}],"up":[{"embeddable":true,"href":"https:\/\/elfsight.com\/it\/wp-json\/wp\/v2\/pages\/1196"}],"wp:attachment":[{"href":"https:\/\/elfsight.com\/it\/wp-json\/wp\/v2\/media?parent=5355"}],"curies":[{"name":"wp","href":"https:\/\/api.w.org\/{rel}","templated":true}]}}