{"id":5354,"date":"2024-05-03T06:43:50","date_gmt":"2024-05-03T06:43:50","guid":{"rendered":"https:\/\/elfsight.com\/it\/?page_id=5354"},"modified":"2024-11-12T08:23:54","modified_gmt":"2024-11-12T08:23:54","slug":"woocommerce","status":"publish","type":"page","link":"https:\/\/elfsight.com\/it\/popup-widget\/woocommerce\/","title":{"rendered":"Popup &#8211; WooCommerce"},"content":{"rendered":"<div class=\"application-platform-content-item-description application-platform-content-item\" id=\"description\" data-nav-section=\"description\"><h2>Descrizione<\/h2><p><p>Con il plugin Elfsight Popup, ognuno \u00e8 in grado di progettare il proprio popup personalizzato per qualsiasi scopo e mostrarlo sulla loro pagina web WooCommerce. Costruisci il pop up pi\u00f9 adatto, utilizzando una variet\u00e0 di elementi. Imposta l&#8217;interfaccia e il posizionamento perfetti; assegna trigger di apertura e trova la frequenza giusta per raggiungere i tuoi obiettivi. Popup di diversi tipi consentono agli utenti di iscriversi alla posta, scoprire i tuoi prodotti, utilizzare buoni sconto, partecipare a saldi e offerte speciali, ricevere notifiche sui prossimi eventi sul tuo sito e altro ancora. <\/p><\/p><p><b>I popup ti aiutano a vendere pi\u00f9 velocemente, a promuovere eventi pianificati, a ottenere feedback e lead e molto altro ancora.<\/b><\/p><\/div> <div class=\"faq\" data-component=\"FAQ\"><div class=\"faq-item\">\r\n\t\t\t\t\t<div class=\"faq-item-question\">\r\n\t\t\t\t\t\t<h3 class=\"faq-item-question-text\">Come posso incorporare un popup nel mio sito web WooCommerce?<\/h3>\r\n\r\n\t\t\t\t\t\t<div class=\"faq-item-question-icon\"><\/div>\r\n\t\t\t\t\t<\/div>\r\n\r\n\t\t\t\t\t<div class=\"faq-item-answer\">\r\n\t\t\t\t\t\t<div class=\"faq-item-answer-text\"><p>La creazione dello strumento avviene all&#8217;interno del sito Elfsight e non \u00e8 necessario imparare a programmare. Utilizza la nostra demo live per personalizzare la tua app personale, acquisire il codice e incollarlo sul tuo sito web. <\/p><\/div>\r\n\t\t\t\t\t<\/div>\r\n\t\t\t\t<\/div><div class=\"faq-item\">\r\n\t\t\t\t\t<div class=\"faq-item-question\">\r\n\t\t\t\t\t\t<h3 class=\"faq-item-question-text\">I migliori esempi di utilizzo dell'integrazione dei banner popup<\/h3>\r\n\r\n\t\t\t\t\t\t<div class=\"faq-item-question-icon\"><\/div>\r\n\t\t\t\t\t<\/div>\r\n\r\n\t\t\t\t\t<div class=\"faq-item-answer\">\r\n\t\t\t\t\t\t<div class=\"faq-item-answer-text\"><p>Offriamo molte opportunit\u00e0 di regolazione: widget a lunghezza intera da implementare nella sezione dei contenuti, widget mobili per opportunit\u00e0 di scorrimento, miniature per il pi\u00e8 di pagina, sezione principale e tutti i tipi di opzioni verticali per le barre laterali e i menu del sito Web Woocommerce. <\/p><\/div>\r\n\t\t\t\t\t<\/div>\r\n\t\t\t\t<\/div><div class=\"faq-item\">\r\n\t\t\t\t\t<div class=\"faq-item-question\">\r\n\t\t\t\t\t\t<h3 class=\"faq-item-question-text\">Come posso creare un popup di vendita o offerta tramite il tuo editor? <\/h3>\r\n\r\n\t\t\t\t\t\t<div class=\"faq-item-question-icon\"><\/div>\r\n\t\t\t\t\t<\/div>\r\n\r\n\t\t\t\t\t<div class=\"faq-item-answer\">\r\n\t\t\t\t\t\t<div class=\"faq-item-answer-text\"><p>Puoi apportare qualsiasi modifica al widget. Ci sono tantissimi layout a tua disposizione nell&#8217;editor e tutti possono essere facilmente personalizzati nel modo desiderato. <\/p><\/div>\r\n\t\t\t\t\t<\/div>\r\n\t\t\t\t<\/div><\/div><div class=\"application-platform-content-item-features application-platform-content-item\" id=\"features\" data-nav-section=\"features\"><h2>Caratteristiche principali del plugin Popup<\/h2><ul><li>Dodici diversi componenti per costruire un popup<\/li> <li>5 layout popup inclusi per vari casi<\/li><li>Pulsanti incorporati per reindirizzare i visitatori a qualsiasi pagina WooCommerce<\/li><li>Opzione per caricare un&#8217;immagine per lo sfondo<\/li><li>Il popup pu\u00f2 vengono visualizzati dopo un certo tempo trascorso sulla pagina o dopo una percentuale di scorrimento<\/li><li>Attivatori popup: facendo clic sull&#8217;elemento selezionato o scorrendo verso il basso fino ad esso<\/li><\/ul><p><a href=\"#demo \">Puoi vedere l&#8217;elenco completo delle funzionalit\u00e0 del widget nella demo proprio qui<\/a><\/p><\/div><div class=\"application-platform-content-item-installation application-platform-content-item\" id=\"installation\" data-nav-section=\"installation\"><h2>Come aggiungere Popup sul mio sito web WooCommerce?<\/h2><p>Segui semplicemente le linee guida seguenti per inserire lo strumento.<\/p><ol><li><b>Utilizza la nostra demo gratuita e inizia a creare il tuo plugin personalizzato.<\/b><br>Scegli quello selezionato layout e funzionalit\u00e0 del widget e applica le modifiche.<\/li><li><b>Ottieni il codice individuale dalla casella su Elfsight Apps.<\/b><br>Non appena la creazione del tuo widget \u00e8 terminata, copia il codice esclusivo nella finestra visualizzata e conservalo per un ulteriore utilizzo.<\/li><li><b>Avvia l&#8217;utilizzo del widget sul tuo sito WooCommerce.<\/b><br>Inserisci il codice che hai salvato di recente nella tua home page e applica i miglioramenti.<\/li><li><b>Fatto! La configurazione \u00e8 completamente completata.<\/b><br>Vai al tuo sito per esaminare come funziona il messaggio pop-up di WooCommerce.<\/li><\/ol><p>A condizione di gestire richieste o di riscontrare alcuni problemi, sentiti libero di contattare il nostro personale del servizio clienti. I nostri consulenti non vedono l&#8217;ora di aiutarti con tutte le domande che potresti avere sul messaggio pop-up WooCommerce.<\/p><\/div>","protected":false},"excerpt":{"rendered":"","protected":false},"author":9,"featured_media":0,"parent":1196,"menu_order":0,"comment_status":"closed","ping_status":"closed","template":"templates\/template-application-platform.php","meta":{"publish_to_discourse":"","publish_post_category":"","wpdc_auto_publish_overridden":"","wpdc_topic_tags":"","wpdc_pin_topic":"","wpdc_pin_until":"","discourse_post_id":"","discourse_permalink":"","wpdc_publishing_response":"","wpdc_publishing_error":"","footnotes":""},"class_list":["post-5354","page","type-page","status-publish","hentry"],"yoast_head":"<!-- This site is optimized with the Yoast SEO plugin v25.3.1 - https:\/\/yoast.com\/wordpress\/plugins\/seo\/ -->\n<title>Aggiungi un plugin Popup a un sito web WooCommerce<\/title>\n<meta name=\"description\" content=\"Crea un popup su WooCommerce senza scrivere codice!\" \/>\n<meta name=\"robots\" content=\"index, follow, max-snippet:-1, max-image-preview:large, max-video-preview:-1\" \/>\n<link rel=\"canonical\" href=\"https:\/\/elfsight.com\/it\/popup-widget\/woocommerce\/\" \/>\n<meta property=\"og:locale\" content=\"it_IT\" \/>\n<meta property=\"og:type\" content=\"article\" \/>\n<meta property=\"og:title\" content=\"Aggiungi un plugin Popup a un sito web WooCommerce\" \/>\n<meta property=\"og:description\" content=\"Crea un popup su WooCommerce senza scrivere codice!\" \/>\n<meta property=\"og:url\" content=\"https:\/\/elfsight.com\/it\/popup-widget\/woocommerce\/\" \/>\n<meta property=\"og:site_name\" content=\"Elfsight IT\" \/>\n<meta property=\"article:modified_time\" content=\"2024-11-12T08:23:54+00:00\" \/>\n<meta name=\"twitter:card\" content=\"summary_large_image\" \/>\n<meta name=\"twitter:label1\" content=\"Tempo di lettura stimato\" \/>\n\t<meta name=\"twitter:data1\" content=\"3 minuti\" \/>\n<!-- \/ Yoast SEO plugin. -->","yoast_head_json":{"title":"Aggiungi un plugin Popup a un sito web WooCommerce","description":"Crea un popup su WooCommerce senza scrivere codice!","robots":{"index":"index","follow":"follow","max-snippet":"max-snippet:-1","max-image-preview":"max-image-preview:large","max-video-preview":"max-video-preview:-1"},"canonical":"https:\/\/elfsight.com\/it\/popup-widget\/woocommerce\/","og_locale":"it_IT","og_type":"article","og_title":"Aggiungi un plugin Popup a un sito web WooCommerce","og_description":"Crea un popup su WooCommerce senza scrivere codice!","og_url":"https:\/\/elfsight.com\/it\/popup-widget\/woocommerce\/","og_site_name":"Elfsight IT","article_modified_time":"2024-11-12T08:23:54+00:00","twitter_card":"summary_large_image","twitter_misc":{"Tempo di lettura stimato":"3 minuti"},"schema":{"@context":"https:\/\/schema.org","@graph":[{"@type":"WebPage","@id":"https:\/\/elfsight.com\/it\/popup-widget\/woocommerce\/","url":"https:\/\/elfsight.com\/it\/popup-widget\/woocommerce\/","name":"Aggiungi un plugin Popup a un sito web WooCommerce","isPartOf":{"@id":"https:\/\/elfsight.com\/it\/#website"},"datePublished":"2024-05-03T06:43:50+00:00","dateModified":"2024-11-12T08:23:54+00:00","description":"Crea un popup su WooCommerce senza scrivere codice!","breadcrumb":{"@id":"https:\/\/elfsight.com\/it\/popup-widget\/woocommerce\/#breadcrumb"},"inLanguage":"it-IT","potentialAction":[{"@type":"ReadAction","target":["https:\/\/elfsight.com\/it\/popup-widget\/woocommerce\/"]}]},{"@type":"BreadcrumbList","@id":"https:\/\/elfsight.com\/it\/popup-widget\/woocommerce\/#breadcrumb","itemListElement":[{"@type":"ListItem","position":1,"name":"Home","item":"https:\/\/elfsight.com\/it\/"},{"@type":"ListItem","position":2,"name":"Popup","item":"https:\/\/elfsight.com\/it\/popup-widget\/"},{"@type":"ListItem","position":3,"name":"Popup &#8211; WooCommerce"}]},{"@type":"WebSite","@id":"https:\/\/elfsight.com\/it\/#website","url":"https:\/\/elfsight.com\/it\/","name":"Elfsight IT","description":"Just another Elfsight Sites site","potentialAction":[{"@type":"SearchAction","target":{"@type":"EntryPoint","urlTemplate":"https:\/\/elfsight.com\/it\/?s={search_term_string}"},"query-input":{"@type":"PropertyValueSpecification","valueRequired":true,"valueName":"search_term_string"}}],"inLanguage":"it-IT"}]}},"meta_box":{"industry":"","seo_heading":"","heading":"","description":"","cta_heading":"","cta_description":"","application":"1195","h1":"Plug-in popup WooCommerce","h1_caption":"Visualizza popup per catturare l'attenzione dei visitatori, promuovere offerte o raccogliere contatti senza interrompere l'esperienza del sito Web nel tuo sito Web WooCommerce senza sforzo.","application_category":[],"applications_title":"","applications_request_title":"","applications_request_button_text":"","hero_text":"","hero_video":"","hero_video_schema_markup":"","selling_points_title":"","selling_points_caption":"","selling_points":[],"selling_points_cta_text":"","features_title":"","features":"","ed_cta_examples_text":"","ed_cta_examples_hidden":"","ed_cta_demo_text":"","ed_cta_demo_hidden":"","why_caption":"","why_editor_title":"","why_editor_text":"","why_team_title":"","why_team_text":"","why_service_title":"","why_service_text":"","template_catalog_visible":"","template_catalog_title":"","template_catalog_text":"","template_catalog_categories_visible":"","demo_title":"Crea la tua app Popup","demo_caption":"Configura il tuo Popup e aggiungilo gratuitamente al tuo sito WooCommerce!","default_faq_hidden":"","app_template_category":[],"platform":"80","template_public_id":"","codecanyon_url":"","codecanyon_item_id":"","codecanyon_price":"","pricing_caption":"","pricing_elfsight_apps_hide_column":"","pricing_elfsight_apps_url":"","pricing_codecanyon_price_caption":"","integration_category":[],"integration_request_title":"","integration_request_cta":"","integration_platform":"","integrations":[],"platform_category":[],"video_schema_markup":"","price":"da $ 0 al mese","trial":"","benefits":[{"text":"Aiuto per l'installazione gratuito"},{"text":"Servizio clienti professionale"},{"text":"Garanzia di rimborso di 14 giorni"},{"text":"Miglioramenti gratuiti continui"}],"button_url":"#demo","button_target_blank":"","button_nofollow":"","attributes":[{"name":"Installazioni"},{"name":"Reattivo","content":"S\u00cc"},{"name":"Browser compatibili","content":"Firefox, Safari, Opera, Chrome, Edge"}],"tags":[],"tags_disable_links":"","hide_more_platforms":"","video_object":"","demo_hide_cta":"","demo_hide_cloud_options":"","pricing_title":"","pricing":[{"pricing_icon":"platform","pricing_title":"Elfsight Apps","pricing_title_caption":"Soluzione multipiattaforma adatta a qualsiasi sito web","pricing_price":"da $ 0 \/ mese","pricing_price_caption":"inizia con un piano gratuito","pricing_benefits":[{"text":"Domini illimitati"},{"text":"Assistenza clienti professionale e ben documentata"},{"text":"Aiuto gratuito per l'installazione"},{"text":"Progettazione flessibile"}],"pricing_button_text":"Aggiungi al sito web","pricing_button_url":"#demo"}],"related_apps_title":"","related_apps_hidden":"","author":"","image":[],"title":"","job":"","social_networks":[]},"_links":{"self":[{"href":"https:\/\/elfsight.com\/it\/wp-json\/wp\/v2\/pages\/5354","targetHints":{"allow":["GET"]}}],"collection":[{"href":"https:\/\/elfsight.com\/it\/wp-json\/wp\/v2\/pages"}],"about":[{"href":"https:\/\/elfsight.com\/it\/wp-json\/wp\/v2\/types\/page"}],"author":[{"embeddable":true,"href":"https:\/\/elfsight.com\/it\/wp-json\/wp\/v2\/users\/9"}],"replies":[{"embeddable":true,"href":"https:\/\/elfsight.com\/it\/wp-json\/wp\/v2\/comments?post=5354"}],"version-history":[{"count":1,"href":"https:\/\/elfsight.com\/it\/wp-json\/wp\/v2\/pages\/5354\/revisions"}],"predecessor-version":[{"id":5358,"href":"https:\/\/elfsight.com\/it\/wp-json\/wp\/v2\/pages\/5354\/revisions\/5358"}],"up":[{"embeddable":true,"href":"https:\/\/elfsight.com\/it\/wp-json\/wp\/v2\/pages\/1196"}],"wp:attachment":[{"href":"https:\/\/elfsight.com\/it\/wp-json\/wp\/v2\/media?parent=5354"}],"curies":[{"name":"wp","href":"https:\/\/api.w.org\/{rel}","templated":true}]}}