{"id":5347,"date":"1970-01-01T00:00:00","date_gmt":"1970-01-01T00:00:00","guid":{"rendered":"https:\/\/elfsight.com\/it\/?page_id=5347"},"modified":"2025-03-13T16:44:49","modified_gmt":"2025-03-13T16:44:49","slug":"godaddy","status":"publish","type":"page","link":"https:\/\/elfsight.com\/it\/popup-widget\/godaddy\/","title":{"rendered":"Popup &#8211; GoDaddy"},"content":{"rendered":"\n<div class=\"application-platform-content-item-description application-platform-content-item\" id=\"description\" data-nav-section=\"description\"> <h2>Incorpora popup su GoDaddy con il widget Elfsight<\/h2> <p>Applicando lo strumento Elfsight Popup, hai la possibilit\u00e0 di creare il tuo widget personalizzato popup di vario tipo e mostrali sul tuo sito GoDaddy. Crea un popup unico, partendo da diversi elementi integrati. Variare lo stile e la posizione; assegnare trigger popup e regolare la frequenza per aumentare l&#8217;efficacia. I popup consentiranno agli utenti di sottoscrivere un abbonamento, scoprire di pi\u00f9 sui tuoi beni e servizi, utilizzare i loro coupon, conoscere le tue vendite e le offerte speciali, informarsi sui prossimi eventi su un sito GoDaddy e molto altro ancora.<\/p> <p> <b>I popup consentiranno le vendite in modo pi\u00f9 efficace, promuoveranno le occasioni pianificate, otterranno impressioni e lead e molto altro ancora.<\/b><\/p> <\/div><div class=\"application-platform-content-item-features application-platform-content-item\" id=\"features\" data-nav-section=\"features\"> <h2>Caratteristiche principali di il widget Popup<\/h2> <p>Controlla tutte le funzionalit\u00e0 del plugin. Sono disponibili direttamente nell&#8217;editor e ti aiuteranno a costruire il plugin appositamente per le tue esigenze.<\/p> <ul><li>Dodici diversi blocchi per costruire un popup<\/li> <li>Cinque layout popup inclusi per diversi casi<\/li> <li>Posiziona pulsanti per reindirizzare gli utenti a qualsiasi indirizzo<\/li> <li>Carica un&#8217;immagine per lo sfondo del popup<\/li> <li>Il popup pu\u00f2 apparire dopo un tempo preciso sulla pagina web o scorrere percentuale<\/li> <li>Attivazione del popup facendo clic su un elemento o scorrendo verso il basso<\/li><li>Creazione senza utilizzare il generatore di siti web GoDaddy Popup<\/li><\/ul> <p><a href=\"#demo\">Scopri come tutte le funzionalit\u00e0 funzionano nella nostra demo<\/a><\/p> <\/div><div class=\"application-platform-content-item-installation application-platform-content-item\" id=\"installation\" data-nav-section=\"installation\"><h2>Come integrare Popup con il mio sito web GoDaddy? <\/h2> <p>Per inserire il plugin, applica semplicemente le istruzioni seguenti<\/p><p> <\/p><ol><li><b>Utilizza il nostro editor gratuito e inizia a modellare il tuo strumento personalizzato. <\/b><br> Specifica la forma e la funzionalit\u00e0 preferibili del plugin e applica le modifiche.<\/li> <li><b>Ottieni il tuo codice personale esposto nella finestra sulle app Elfsight.<\/b><br> Una volta terminata la creazione del plug-in, copia il codice individuale nella casella emersa e conservalo per un uso successivo.<\/li> <li><b>Avvia l&#8217;applicazione del widget sul tuo sito Web GoDaddy.<\/b><br> Vai al costruttore del tuo sito web. Incolla il codice che hai copiato in precedenza nell&#8217;HTML della tua pagina web e salva le modifiche.<\/li> <li><b>L&#8217;installazione \u00e8 stata completata con successo.<\/b><br> Vai al tuo sito GoDaddy per esaminare come funziona plugin \u00e8 in esecuzione.<\/li><\/ol> <div class=\"tip-yellow tip\"><b>A causa delle peculiarit\u00e0 della visualizzazione di inserti personalizzati con codice, i modelli mobili potrebbero avere un aspetto diverso dalla demo online. Prenditi il \u200b\u200btuo tempo per testare i tuoi widget GoDaddy.<\/b><\/div><p><\/p><p>Sentiti libero di contattare il servizio di supporto nel caso abbia bisogno di assistenza o abbia qualcosa da chiedere. I nostri specialisti ti aiuteranno con qualsiasi richiesta.<\/p> <div class=\"faq\" data-component=\"FAQ\">  \n<div class=\"faq-item\">\r\n\t\t\t\t\t<div class=\"faq-item-question\">\r\n\t\t\t\t\t\t<h3 class=\"faq-item-question-text\">Come posso aggiungere un popup al mio sito GoDaddy?<\/h3>\r\n\r\n\t\t\t\t\t\t<div class=\"faq-item-question-icon\"><\/div>\r\n\t\t\t\t\t<\/div>\r\n\r\n\t\t\t\t\t<div class=\"faq-item-answer\">\r\n\t\t\t\t\t\t<div class=\"faq-item-answer-text\">  \n<p>Per inserire un popup nel tuo sito GoDaddy, utilizza l&#8217;editor di Elfsight per progettare il tuo plugin. Non sono richieste competenze di programmazione, poich\u00e9 il generatore di popup offre un&#8217;interfaccia intuitiva che permette a chiunque di creare e personalizzare la notifica. Basta copiare il frammento di codice HTML generato e inserirlo nel CMS di GoDaddy.<\/p>  \n<\/div>\r\n\t\t\t\t\t<\/div>\r\n\t\t\t\t<\/div>  \n\n<div class=\"faq-item\">\r\n\t\t\t\t\t<div class=\"faq-item-question\">\r\n\t\t\t\t\t\t<h3 class=\"faq-item-question-text\">Il generatore di popup \u00e8 gratuito?<\/h3>\r\n\r\n\t\t\t\t\t\t<div class=\"faq-item-question-icon\"><\/div>\r\n\t\t\t\t\t<\/div>\r\n\r\n\t\t\t\t\t<div class=\"faq-item-answer\">\r\n\t\t\t\t\t\t<div class=\"faq-item-answer-text\">  \n<p>S\u00ec, lo strumento popup per GoDaddy \u00e8 accessibile gratuitamente, consentendo anche a chi ha un budget limitato di sfruttare questa utile funzionalit\u00e0. Sono inoltre disponibili piani in abbonamento che offrono funzionalit\u00e0 premium.<\/p>  \n<\/div>\r\n\t\t\t\t\t<\/div>\r\n\t\t\t\t<\/div>  \n\n<div class=\"faq-item\">\r\n\t\t\t\t\t<div class=\"faq-item-question\">\r\n\t\t\t\t\t\t<h3 class=\"faq-item-question-text\">Qual \u00e8 il posto migliore per aggiungere il banner popup al mio sito?<\/h3>\r\n\r\n\t\t\t\t\t\t<div class=\"faq-item-question-icon\"><\/div>\r\n\t\t\t\t\t<\/div>\r\n\r\n\t\t\t\t\t<div class=\"faq-item-answer\">\r\n\t\t\t\t\t\t<div class=\"faq-item-answer-text\">  \n<p>Con il nostro creatore di popup, puoi progettare:  \n<ul>  \n <li>Un popup a schermo intero per catturare immediatamente l&#8217;attenzione degli utenti;<\/li>  \n <li>Un popup flottante per coinvolgere il pubblico mentre naviga nel tuo sito;<\/li>  \n <li>Un popup nel footer, nell&#8217;header o nella sidebar per mantenere il tuo messaggio visibile senza disturbare l&#8217;esperienza utente.<\/li>  \n<\/ul>  \n<p>Queste posizioni versatili permettono un posizionamento strategico, garantendo che i banner popup catturino l&#8217;attenzione e aumentino il coinvolgimento.<\/p>  \n<\/div>\r\n\t\t\t\t\t<\/div>\r\n\t\t\t\t<\/div>  \n\n<div class=\"faq-item\">\r\n\t\t\t\t\t<div class=\"faq-item-question\">\r\n\t\t\t\t\t\t<h3 class=\"faq-item-question-text\">Quali tipi di plugin popup per GoDaddy posso creare con Elfsight?<\/h3>\r\n\r\n\t\t\t\t\t\t<div class=\"faq-item-question-icon\"><\/div>\r\n\t\t\t\t\t<\/div>\r\n\r\n\t\t\t\t\t<div class=\"faq-item-answer\">\r\n\t\t\t\t\t\t<div class=\"faq-item-answer-text\">  \n<p>Puoi creare una variet\u00e0 di popup adatti a scopi specifici.<\/p>  \n<p>Ad esempio, puoi progettare un popup di iscrizione alla newsletter per incoraggiare gli utenti a unirsi alla tua lista di abbonati, un popup promozionale per aumentare le conversioni offrendo offerte VIP o un popup con sconti per evidenziare vendite lampo e incentivare gli acquisti.<\/p>  \n\n<p>In totale, sono disponibili oltre <a href=\"https:\/\/elfsight.com\/popup-widget\/templates\/\" target=\"_blank\" rel=\"noopener\">100 modelli di popup<\/a>, cos\u00ec puoi facilmente trovare il design pi\u00f9 adatto ai tuoi obiettivi.<\/p>  \n<\/div>\r\n\t\t\t\t\t<\/div>\r\n\t\t\t\t<\/div>  \n\n<div class=\"faq-item\">\r\n\t\t\t\t\t<div class=\"faq-item-question\">\r\n\t\t\t\t\t\t<h3 class=\"faq-item-question-text\">Quali trigger sono disponibili per l'apertura del popup?<\/h3>\r\n\r\n\t\t\t\t\t\t<div class=\"faq-item-question-icon\"><\/div>\r\n\t\t\t\t\t<\/div>\r\n\r\n\t\t\t\t\t<div class=\"faq-item-answer\">\r\n\t\t\t\t\t\t<div class=\"faq-item-answer-text\">  \n<p>Con il plugin popup di Elfsight, hai diversi trigger per controllare quando la notifica viene mostrata. Puoi impostarla per aprirsi all&#8217;ingresso sulla pagina, dopo un determinato tempo trascorso sulla pagina o quando un visitatore scorre fino a una certa percentuale della pagina.<\/p>  \n\n<p>Inoltre, i popup possono essere attivati al clic, quando il visitatore sta per lasciare il sito o tramite un pulsante CTA per un&#8217;attivazione manuale. Questi trigger flessibili ti permettono di personalizzare il momento di apertura del popup per ottimizzare il coinvolgimento.<\/p>  \n<\/div>\r\n\t\t\t\t\t<\/div>\r\n\t\t\t\t<\/div>  \n<\/div>  \n<\/div>\n","protected":false},"excerpt":{"rendered":"","protected":false},"author":9,"featured_media":0,"parent":1196,"menu_order":0,"comment_status":"closed","ping_status":"closed","template":"templates\/template-application-platform.php","meta":{"publish_to_discourse":"","publish_post_category":"","wpdc_auto_publish_overridden":"","wpdc_topic_tags":"","wpdc_pin_topic":"","wpdc_pin_until":"","discourse_post_id":"","discourse_permalink":"","wpdc_publishing_response":"","wpdc_publishing_error":"","footnotes":""},"class_list":["post-5347","page","type-page","status-publish","hentry"],"yoast_head":"<!-- This site is optimized with the Yoast SEO plugin v25.3.1 - https:\/\/yoast.com\/wordpress\/plugins\/seo\/ -->\n<title>Aggiungi un widget popup a un sito Web GoDaddy<\/title>\n<meta name=\"description\" content=\"Crea un popup su GoDaddy senza scrivere codice!\" \/>\n<meta name=\"robots\" content=\"index, follow, max-snippet:-1, max-image-preview:large, max-video-preview:-1\" \/>\n<link rel=\"canonical\" href=\"https:\/\/elfsight.com\/it\/popup-widget\/godaddy\/\" \/>\n<meta property=\"og:locale\" content=\"it_IT\" \/>\n<meta property=\"og:type\" content=\"article\" \/>\n<meta property=\"og:title\" content=\"Aggiungi un widget popup a un sito Web GoDaddy\" \/>\n<meta property=\"og:description\" content=\"Crea un popup su GoDaddy senza scrivere codice!\" \/>\n<meta property=\"og:url\" content=\"https:\/\/elfsight.com\/it\/popup-widget\/godaddy\/\" \/>\n<meta property=\"og:site_name\" content=\"Elfsight IT\" \/>\n<meta property=\"article:modified_time\" content=\"2025-03-13T16:44:49+00:00\" \/>\n<meta name=\"twitter:card\" content=\"summary_large_image\" \/>\n<meta name=\"twitter:label1\" content=\"Tempo di lettura stimato\" \/>\n\t<meta name=\"twitter:data1\" content=\"5 minuti\" \/>\n<!-- \/ Yoast SEO plugin. -->","yoast_head_json":{"title":"Aggiungi un widget popup a un sito Web GoDaddy","description":"Crea un popup su GoDaddy senza scrivere codice!","robots":{"index":"index","follow":"follow","max-snippet":"max-snippet:-1","max-image-preview":"max-image-preview:large","max-video-preview":"max-video-preview:-1"},"canonical":"https:\/\/elfsight.com\/it\/popup-widget\/godaddy\/","og_locale":"it_IT","og_type":"article","og_title":"Aggiungi un widget popup a un sito Web GoDaddy","og_description":"Crea un popup su GoDaddy senza scrivere codice!","og_url":"https:\/\/elfsight.com\/it\/popup-widget\/godaddy\/","og_site_name":"Elfsight IT","article_modified_time":"2025-03-13T16:44:49+00:00","twitter_card":"summary_large_image","twitter_misc":{"Tempo di lettura stimato":"5 minuti"},"schema":{"@context":"https:\/\/schema.org","@graph":[{"@type":"WebPage","@id":"https:\/\/elfsight.com\/it\/popup-widget\/godaddy\/","url":"https:\/\/elfsight.com\/it\/popup-widget\/godaddy\/","name":"Aggiungi un widget popup a un sito Web GoDaddy","isPartOf":{"@id":"https:\/\/elfsight.com\/it\/#website"},"datePublished":"1970-01-01T00:00:00+00:00","dateModified":"2025-03-13T16:44:49+00:00","description":"Crea un popup su GoDaddy senza scrivere codice!","breadcrumb":{"@id":"https:\/\/elfsight.com\/it\/popup-widget\/godaddy\/#breadcrumb"},"inLanguage":"it-IT","potentialAction":[{"@type":"ReadAction","target":["https:\/\/elfsight.com\/it\/popup-widget\/godaddy\/"]}]},{"@type":"BreadcrumbList","@id":"https:\/\/elfsight.com\/it\/popup-widget\/godaddy\/#breadcrumb","itemListElement":[{"@type":"ListItem","position":1,"name":"Home","item":"https:\/\/elfsight.com\/it\/"},{"@type":"ListItem","position":2,"name":"Popup","item":"https:\/\/elfsight.com\/it\/popup-widget\/"},{"@type":"ListItem","position":3,"name":"Popup &#8211; GoDaddy"}]},{"@type":"WebSite","@id":"https:\/\/elfsight.com\/it\/#website","url":"https:\/\/elfsight.com\/it\/","name":"Elfsight IT","description":"Just another Elfsight Sites site","potentialAction":[{"@type":"SearchAction","target":{"@type":"EntryPoint","urlTemplate":"https:\/\/elfsight.com\/it\/?s={search_term_string}"},"query-input":{"@type":"PropertyValueSpecification","valueRequired":true,"valueName":"search_term_string"}}],"inLanguage":"it-IT"}]}},"meta_box":{"industry":"","seo_heading":"","heading":"","description":"","cta_heading":"","cta_description":"","application":"1195","h1":"Plug-in GoDaddy Popup","h1_caption":"Visualizza popup per catturare l'attenzione dei visitatori, promuovere offerte o raccogliere contatti senza interrompere facilmente l'esperienza del sito Web nel tuo sito Web GoDaddy.","application_category":[],"applications_title":"","applications_request_title":"","applications_request_button_text":"","hero_text":"","hero_video":"","hero_video_schema_markup":"","selling_points_title":"","selling_points_caption":"","selling_points":[],"selling_points_cta_text":"","features_title":"","features":"","ed_cta_examples_text":"","ed_cta_examples_hidden":"","ed_cta_demo_text":"","ed_cta_demo_hidden":"","why_caption":"","why_editor_title":"","why_editor_text":"","why_team_title":"","why_team_text":"","why_service_title":"","why_service_text":"","template_catalog_visible":"0","template_catalog_title":"","template_catalog_text":"","template_catalog_categories_visible":"","demo_title":"Crea il tuo plugin Popup","demo_caption":"Configura il tuo Popup e aggiungilo gratuitamente al tuo sito web GoDaddy!","default_faq_hidden":"","app_template_category":[],"platform":"53","template_public_id":"","codecanyon_url":"","codecanyon_item_id":"","codecanyon_price":"","pricing_caption":"","pricing_elfsight_apps_hide_column":"","pricing_elfsight_apps_url":"","pricing_codecanyon_price_caption":"","integration_category":[],"integration_request_title":"","integration_request_cta":"","integration_platform":"","integrations":[],"platform_category":[],"video_schema_markup":"","price":"da $ 0 al mese","trial":"","benefits":[{"text":"Servizio di installazione gratuito"},{"text":"Servizio clienti competente"},{"text":"Garanzia di rimborso di 14 giorni"},{"text":"Aggiornamento costante"}],"button_url":"#demo","button_target_blank":"0","button_nofollow":"0","attributes":[{"name":"Installazioni"},{"name":"Reattivo","content":"S\u00cc"},{"name":"Browser compatibili","content":"Firefox, Safari, Opera, Chrome, Edge"}],"tags":[],"tags_disable_links":"0","hide_more_platforms":"0","video_object":"","demo_hide_cta":"0","demo_hide_cloud_options":"0","pricing_title":"","pricing":[{"pricing_icon":"platform","pricing_title":"Elfsight Apps","pricing_title_caption":"Soluzione multipiattaforma che funziona su qualsiasi sito web","pricing_price":"da $ 0 \/ mese","pricing_price_caption":"inizia con il piano gratuito","pricing_benefits":[{"text":"Siti web illimitati"},{"text":"Supporto aziendale premium e ben documentato"},{"text":"Assistenza gratuita per l'installazione"},{"text":"Completamente personalizzabile"}],"pricing_button_text":"Aggiungi al sito web","pricing_button_url":"#demo"}],"related_apps_title":"","related_apps_hidden":"0","author":"","image":[],"title":"","job":"","social_networks":[]},"_links":{"self":[{"href":"https:\/\/elfsight.com\/it\/wp-json\/wp\/v2\/pages\/5347","targetHints":{"allow":["GET"]}}],"collection":[{"href":"https:\/\/elfsight.com\/it\/wp-json\/wp\/v2\/pages"}],"about":[{"href":"https:\/\/elfsight.com\/it\/wp-json\/wp\/v2\/types\/page"}],"author":[{"embeddable":true,"href":"https:\/\/elfsight.com\/it\/wp-json\/wp\/v2\/users\/9"}],"replies":[{"embeddable":true,"href":"https:\/\/elfsight.com\/it\/wp-json\/wp\/v2\/comments?post=5347"}],"version-history":[{"count":2,"href":"https:\/\/elfsight.com\/it\/wp-json\/wp\/v2\/pages\/5347\/revisions"}],"predecessor-version":[{"id":8670,"href":"https:\/\/elfsight.com\/it\/wp-json\/wp\/v2\/pages\/5347\/revisions\/8670"}],"up":[{"embeddable":true,"href":"https:\/\/elfsight.com\/it\/wp-json\/wp\/v2\/pages\/1196"}],"wp:attachment":[{"href":"https:\/\/elfsight.com\/it\/wp-json\/wp\/v2\/media?parent=5347"}],"curies":[{"name":"wp","href":"https:\/\/api.w.org\/{rel}","templated":true}]}}