{"id":5346,"date":"1970-01-01T00:00:00","date_gmt":"1970-01-01T00:00:00","guid":{"rendered":"https:\/\/elfsight.com\/it\/?page_id=5346"},"modified":"2024-11-11T11:23:11","modified_gmt":"2024-11-11T11:23:11","slug":"prestashop","status":"publish","type":"page","link":"https:\/\/elfsight.com\/it\/popup-widget\/prestashop\/","title":{"rendered":"Popup &#8211; PrestaShop"},"content":{"rendered":"<div class=\"application-platform-content-item-description application-platform-content-item\" id=\"description\" data-nav-section=\"description\"> <h2>Descrizione<\/h2> <p>Con l&#8217;aiuto del componente aggiuntivo Elfsight Popup, ognuno ha la possibilit\u00e0 di creare i propri popup per qualsiasi attivit\u00e0 e incorporarli nel sito Web Prestashop. Configura un popup personalizzato, da una variet\u00e0 di elementi integrati. Variare lo stile e la posizione; scegli l&#8217;attivazione dei trigger e trova il momento giusto per aumentarne l&#8217;efficienza. Pop Up di vario tipo consentono alle persone di sottoscrivere un abbonamento, scoprire i tuoi prodotti, utilizzare i propri coupon, partecipare a saldi e offerte speciali, rimanere informati sui nuovi eventi sul tuo sito Prestashop e altro ancora. <\/p><p><b>Ottieni il meglio di Popup per affrontare le tue sfide aziendali con meno sforzo! <\/b><\/p> <\/div> <div class=\"application-platform-content-item-features application-platform-content-item\" id=\"features\" data-nav-section=\"features\"> <h2>Caratteristiche principali del modulo Popup<\/h2> <ul><li>Dodici diversi blocchi di elementi per costruire un popup<\/li><li>elimina, riordina, clona, \u200b\u200baggiungi elementi illimitati<\/li><li>5 layout popup per vari aspetti<\/li><li>Aggiungi pulsanti per reindirizzare gli utenti<\/li><li>Mostra coupon copiabili<\/li><li>Inserisci elementi HTML e iFrame<\/li><li>Forma popup rettangolare o arrotondata<\/li><li>Carica o scegli un&#8217;immagine per lo sfondo<\/li><li>Incorpora popup su tutti o definiti pagine<\/li><li>Aggiungi o rimuovi il pulsante di chiusura del popup e scegline il colore<\/li><li>Il popup pu\u00f2 essere attivato dopo un certo tempo sulla pagina o la percentuale di scorrimento<\/li><li>Viene visualizzato il popup dell&#8217;intento di uscita quando un visitatore sta per chiudere la scheda<\/li><li>Il popup di benvenuto viene visualizzato subito dopo il caricamento della pagina<\/li><li>Quattro varianti di periodicit\u00e0 del popup: giornaliera, una volta, settimanale o ogni volta che funziona il trigger <\/li><li>Scegli il tipo di dispositivo su cui verr\u00e0 visualizzato il popup: tablet, tutti, mobile o desktop<\/li><\/ul><p><a href=\"#demo\">Esamina tutti i impostazioni nella demo completa<\/a><\/p> <\/div> <div class=\"application-platform-content-item-installation application-platform-content-item\" id=\"installation\" data-nav-section=\"installation\"> <h2>Come incorporare Popup nel mio sito web PrestaShop? <\/h2> <p>Basta seguire diversi passaggi descritti di seguito per inserire lo strumento. <\/p> <ol><li><b>Lancia la nostra demo gratuita e inizia a dare forma al tuo componente aggiuntivo personalizzato. <\/b><br> Trova l&#8217;interfaccia e le funzionalit\u00e0 adatte del modulo popup per PrestaShop e applica le modifiche. <\/li> <li><b>Ricevi il codice univoco che viene visualizzato nell&#8217;apposito modulo su Elfsight Apps. <\/b><br> Una volta terminata la personalizzazione del tuo componente aggiuntivo personale, copia il codice personale dalla finestra visualizzata e salvalo per necessit\u00e0 successive. <\/li> <li><b>Accedi utilizzando il widget sul tuo sito PrestaShop. <\/b><br> Implementa il codice che hai copiato in precedenza nella tua pagina web e applica le correzioni. <\/li> <li><b>L&#8217;installazione \u00e8 terminata con successo. <\/b><br> Vai al tuo sito web PrestaShop per vedere in azione come funziona lo strumento. <\/li><\/ol> <p>Se riscontri alcune difficolt\u00e0, non esitare a chiedere assistenza al nostro team di supporto. I nostri consulenti saranno felici di risolvere tutte le domande che potresti avere con lo strumento. <\/p> <div class=\"faq\" data-component=\"FAQ\"> <div class=\"faq-item\">\r\n\t\t\t\t\t<div class=\"faq-item-question\">\r\n\t\t\t\t\t\t<h3 class=\"faq-item-question-text\">Come posso aggiungere un pulsante PayPal al mio sito web PrestaShop senza competenze di programmazione?<\/h3>\r\n\r\n\t\t\t\t\t\t<div class=\"faq-item-question-icon\"><\/div>\r\n\t\t\t\t\t<\/div>\r\n\r\n\t\t\t\t\t<div class=\"faq-item-answer\">\r\n\t\t\t\t\t\t<div class=\"faq-item-answer-text\"> <p>Elfsight fornisce una soluzione SaaS che ti consente di creare tu stesso un widget pulsante PayPal, scopri come \u00e8 facile il processo \u00e8: lavora direttamente nell&#8217;editor online per creare un widget del pulsante PayPal che vorresti vedere sul tuo sito PrestaShop. Scegli uno dei modelli predefiniti e regola le impostazioni del pulsante PayPal, aggiungi i tuoi contenuti, modifica il layout e i colori senza alcuna competenza di codifica. Salva il pulsante PayPal e copia il suo codice di installazione, che potrai semplicemente includere nel tuo sito PrestaShop senza dover acquistare un abbonamento a pagamento. Con il nostro editor intuitivo qualsiasi utente di Internet pu\u00f2 creare un widget pulsante PayPal online e incorporarlo facilmente nel proprio sito Web PrestaShop. Non \u00e8 necessario pagare o inserire le credenziali della carta per accedere al servizio. In caso di problemi in qualsiasi momento, non esitate a contattare il nostro team di supporto tecnico.<\/p> <\/div>\r\n\t\t\t\t\t<\/div>\r\n\t\t\t\t<\/div> <\/div> <\/div>","protected":false},"excerpt":{"rendered":"","protected":false},"author":9,"featured_media":0,"parent":1196,"menu_order":0,"comment_status":"closed","ping_status":"closed","template":"templates\/template-application-platform.php","meta":{"publish_to_discourse":"","publish_post_category":"","wpdc_auto_publish_overridden":"","wpdc_topic_tags":"","wpdc_pin_topic":"","wpdc_pin_until":"","discourse_post_id":"","discourse_permalink":"","wpdc_publishing_response":"","wpdc_publishing_error":"","footnotes":""},"class_list":["post-5346","page","type-page","status-publish","hentry"],"yoast_head":"<!-- This site is optimized with the Yoast SEO plugin v25.3.1 - https:\/\/yoast.com\/wordpress\/plugins\/seo\/ -->\n<title>Aggiungi gratuitamente un modulo Popup a un sito web PrestaShop<\/title>\n<meta name=\"description\" content=\"Crea un popup su PrestaShop senza scrivere codice!\" \/>\n<meta name=\"robots\" content=\"index, follow, max-snippet:-1, max-image-preview:large, max-video-preview:-1\" \/>\n<link rel=\"canonical\" href=\"https:\/\/elfsight.com\/it\/popup-widget\/prestashop\/\" \/>\n<meta property=\"og:locale\" content=\"it_IT\" \/>\n<meta property=\"og:type\" content=\"article\" \/>\n<meta property=\"og:title\" content=\"Aggiungi gratuitamente un modulo Popup a un sito web PrestaShop\" \/>\n<meta property=\"og:description\" content=\"Crea un popup su PrestaShop senza scrivere codice!\" \/>\n<meta property=\"og:url\" content=\"https:\/\/elfsight.com\/it\/popup-widget\/prestashop\/\" \/>\n<meta property=\"og:site_name\" content=\"Elfsight IT\" \/>\n<meta property=\"article:modified_time\" content=\"2024-11-11T11:23:11+00:00\" \/>\n<meta name=\"twitter:card\" content=\"summary_large_image\" \/>\n<meta name=\"twitter:label1\" content=\"Tempo di lettura stimato\" \/>\n\t<meta name=\"twitter:data1\" content=\"3 minuti\" \/>\n<!-- \/ Yoast SEO plugin. -->","yoast_head_json":{"title":"Aggiungi gratuitamente un modulo Popup a un sito web PrestaShop","description":"Crea un popup su PrestaShop senza scrivere codice!","robots":{"index":"index","follow":"follow","max-snippet":"max-snippet:-1","max-image-preview":"max-image-preview:large","max-video-preview":"max-video-preview:-1"},"canonical":"https:\/\/elfsight.com\/it\/popup-widget\/prestashop\/","og_locale":"it_IT","og_type":"article","og_title":"Aggiungi gratuitamente un modulo Popup a un sito web PrestaShop","og_description":"Crea un popup su PrestaShop senza scrivere codice!","og_url":"https:\/\/elfsight.com\/it\/popup-widget\/prestashop\/","og_site_name":"Elfsight IT","article_modified_time":"2024-11-11T11:23:11+00:00","twitter_card":"summary_large_image","twitter_misc":{"Tempo di lettura stimato":"3 minuti"},"schema":{"@context":"https:\/\/schema.org","@graph":[{"@type":"WebPage","@id":"https:\/\/elfsight.com\/it\/popup-widget\/prestashop\/","url":"https:\/\/elfsight.com\/it\/popup-widget\/prestashop\/","name":"Aggiungi gratuitamente un modulo Popup a un sito web PrestaShop","isPartOf":{"@id":"https:\/\/elfsight.com\/it\/#website"},"datePublished":"1970-01-01T00:00:00+00:00","dateModified":"2024-11-11T11:23:11+00:00","description":"Crea un popup su PrestaShop senza scrivere codice!","breadcrumb":{"@id":"https:\/\/elfsight.com\/it\/popup-widget\/prestashop\/#breadcrumb"},"inLanguage":"it-IT","potentialAction":[{"@type":"ReadAction","target":["https:\/\/elfsight.com\/it\/popup-widget\/prestashop\/"]}]},{"@type":"BreadcrumbList","@id":"https:\/\/elfsight.com\/it\/popup-widget\/prestashop\/#breadcrumb","itemListElement":[{"@type":"ListItem","position":1,"name":"Home","item":"https:\/\/elfsight.com\/it\/"},{"@type":"ListItem","position":2,"name":"Popup","item":"https:\/\/elfsight.com\/it\/popup-widget\/"},{"@type":"ListItem","position":3,"name":"Popup &#8211; PrestaShop"}]},{"@type":"WebSite","@id":"https:\/\/elfsight.com\/it\/#website","url":"https:\/\/elfsight.com\/it\/","name":"Elfsight IT","description":"Just another Elfsight Sites site","potentialAction":[{"@type":"SearchAction","target":{"@type":"EntryPoint","urlTemplate":"https:\/\/elfsight.com\/it\/?s={search_term_string}"},"query-input":{"@type":"PropertyValueSpecification","valueRequired":true,"valueName":"search_term_string"}}],"inLanguage":"it-IT"}]}},"meta_box":{"industry":"","seo_heading":"","heading":"","description":"","cta_heading":"","cta_description":"","application":"1195","h1":"Componente aggiuntivo popup di PrestaShop","h1_caption":"Visualizza popup per catturare l'attenzione dei visitatori, promuovere offerte o raccogliere contatti senza interrompere l'esperienza del sito Web nel tuo sito Web Prestashop senza sforzo.","application_category":[],"applications_title":"","applications_request_title":"","applications_request_button_text":"","hero_text":"","hero_video":"","hero_video_schema_markup":"","selling_points_title":"","selling_points_caption":"","selling_points":[],"selling_points_cta_text":"","features_title":"","features":"","ed_cta_examples_text":"","ed_cta_examples_hidden":"","ed_cta_demo_text":"","ed_cta_demo_hidden":"","why_caption":"","why_editor_title":"","why_editor_text":"","why_team_title":"","why_team_text":"","why_service_title":"","why_service_text":"","template_catalog_visible":"","template_catalog_title":"","template_catalog_text":"","template_catalog_categories_visible":"","demo_title":"Crea il tuo componente aggiuntivo Popup","demo_caption":"Configura il tuo Popup e aggiungilo gratuitamente al tuo sito PrestaShop!","default_faq_hidden":"","app_template_category":[],"platform":"1023","template_public_id":"","codecanyon_url":"","codecanyon_item_id":"","codecanyon_price":"","pricing_caption":"","pricing_elfsight_apps_hide_column":"","pricing_elfsight_apps_url":"","pricing_codecanyon_price_caption":"","integration_category":[],"integration_request_title":"","integration_request_cta":"","integration_platform":"","integrations":[],"platform_category":[],"video_schema_markup":"","price":"da $ 0 al mese","trial":"","benefits":[{"text":"Servizio di installazione gratuito"},{"text":"Supporto eccezionale"},{"text":"Garanzia di rimborso di 14 giorni"},{"text":"Miglioramenti gratuiti regolari"}],"button_url":"#demo","button_target_blank":"","button_nofollow":"","attributes":[{"name":"Installazioni"},{"name":"Reattivo","content":"S\u00cc"},{"name":"Browser compatibili","content":"Chrome, Safari, Firefox, Opera, Edge"}],"tags":[],"tags_disable_links":"","hide_more_platforms":"","video_object":"","demo_hide_cta":"","demo_hide_cloud_options":"","pricing_title":"","pricing":[{"pricing_icon":"platform","pricing_title":"Elfsight Apps","pricing_title_caption":"Soluzione digitale multipiattaforma adatta a qualsiasi sito web","pricing_price":"da $ 0 \/ mese","pricing_price_caption":"inizia con un piano gratuito","pricing_benefits":[{"text":"Siti web illimitati"},{"text":"Supporto 24 ore su 24, 7 giorni su 7"},{"text":"Aiuto gratuito per l'installazione"},{"text":"Progettazione flessibile"}],"pricing_button_text":"Aggiungi al sito web","pricing_button_url":"#demo"}],"related_apps_title":"","related_apps_hidden":"","author":"","image":[],"title":"","job":"","social_networks":[]},"_links":{"self":[{"href":"https:\/\/elfsight.com\/it\/wp-json\/wp\/v2\/pages\/5346","targetHints":{"allow":["GET"]}}],"collection":[{"href":"https:\/\/elfsight.com\/it\/wp-json\/wp\/v2\/pages"}],"about":[{"href":"https:\/\/elfsight.com\/it\/wp-json\/wp\/v2\/types\/page"}],"author":[{"embeddable":true,"href":"https:\/\/elfsight.com\/it\/wp-json\/wp\/v2\/users\/9"}],"replies":[{"embeddable":true,"href":"https:\/\/elfsight.com\/it\/wp-json\/wp\/v2\/comments?post=5346"}],"version-history":[{"count":1,"href":"https:\/\/elfsight.com\/it\/wp-json\/wp\/v2\/pages\/5346\/revisions"}],"predecessor-version":[{"id":5350,"href":"https:\/\/elfsight.com\/it\/wp-json\/wp\/v2\/pages\/5346\/revisions\/5350"}],"up":[{"embeddable":true,"href":"https:\/\/elfsight.com\/it\/wp-json\/wp\/v2\/pages\/1196"}],"wp:attachment":[{"href":"https:\/\/elfsight.com\/it\/wp-json\/wp\/v2\/media?parent=5346"}],"curies":[{"name":"wp","href":"https:\/\/api.w.org\/{rel}","templated":true}]}}