{"id":5325,"date":"1970-01-01T00:00:00","date_gmt":"1970-01-01T00:00:00","guid":{"rendered":"https:\/\/elfsight.com\/it\/?page_id=5325"},"modified":"2025-03-19T06:21:26","modified_gmt":"2025-03-19T06:21:26","slug":"jquery","status":"publish","type":"page","link":"https:\/\/elfsight.com\/it\/podcast-player-widget\/jquery\/","title":{"rendered":"Podcast Player &#8211; jQuery"},"content":{"rendered":"\n<div class=\"application-platform-content-item-description application-platform-content-item\" id=\"description\" data-nav-section=\"description\"> <h2>Descrizione<\/h2> <p>Elfsight Podcast Player \u00e8 un semplice plugin per siti web jQuery che ti d\u00e0 l&#8217;opportunit\u00e0 di trasmettere podcast direttamente sul tuo web pagina. Il widget \u00e8 totalmente modificabile: puoi cambiarne la posizione, impostandolo in qualsiasi punto della pagina, ridimensionarne le dimensioni, ridipingere lo sfondo e altri elementi per fonderlo con il design del tuo sito, applicare un tema scuro, mostrare immagini e mostrare o nascondere 3 giocatori aggiuntivi parti come la barra di avanzamento e altri. Intrattieni i tuoi visitatori, attiva la riproduzione automatica e non avere dubbi: i tuoi visitatori non lasceranno immediatamente la tua pagina web! <\/p> <p><b>Affascina i tuoi visitatori fornendo loro materiali utili e interessanti tramite Elfsight Podcast Player.<\/b><\/p> <\/div> <div class=\"application-platform-content-item-features application-platform-content-item\" id=\"features\" data-nav-section=\"features\"> <h2> Queste sono solo alcune delle varie funzionalit\u00e0 del plugin: <\/h2> <ul><li>Varie varianti di colore. <\/li><li>Due layout applicabili. <\/li><li>Possibilit\u00e0 di utilizzare un&#8217;immagine di sfondo. <\/li><li>Un numero illimitato di tracce. <\/li><li>Un&#8217;opzione per modellare la tua combinazione di colori personalizzata. <\/li><\/ul><p><a href=\"#demo\">Puoi scoprire tutte le funzionalit\u00e0 del plugin nella demo proprio qui<\/a><\/p> <\/div> <div class=\"application-platform-content-item-installazione application-platform-content-item\" id=\"installazione\" data-nav-section=\"installazione\"> <h2>Come posso aggiungere Podcast Player sul mio sito web jQuery? <\/h2> <p>Segui semplicemente questi passaggi indicati di seguito per incorporare il plugin. <\/p> <ol><li><b>Utilizza la nostra demo gratuita e inizia a costruire il tuo strumento personalizzato. <\/b><br> Trova l&#8217;interfaccia e la funzionalit\u00e0 adatte del plugin e applica le modifiche. <\/li> <li><b>Ricevi il tuo codice univoco che viene mostrato nella vedova su Elfsight Apps. <\/b><br> Non appena completata la configurazione del tuo strumento, copia il codice esclusivo dalla casella visualizzata e salvalo per un utilizzo futuro. <\/li> <li><b>Inizia l&#8217;utilizzo del plugin sulla home page di jQuery. <\/b><br> Inserisci il codice salvato in precedenza nella tua pagina e salva le modifiche. <\/li> <li><b>Il gioco \u00e8 fatto! La configurazione \u00e8 completamente completata. <\/b><br> Visita il tuo sito per verificare come funziona lo strumento. <\/li><\/ol> <p>Se hai qualche difficolt\u00e0, non esitare a contattare il nostro team di supporto. I nostri consulenti non vedono l&#8217;ora di aiutarti con tutte le difficolt\u00e0 che potresti incontrare con lo strumento. <\/p> <\/div>\n","protected":false},"excerpt":{"rendered":"","protected":false},"author":9,"featured_media":0,"parent":2250,"menu_order":0,"comment_status":"closed","ping_status":"closed","template":"templates\/template-application-platform.php","meta":{"publish_to_discourse":"","publish_post_category":"","wpdc_auto_publish_overridden":"","wpdc_topic_tags":"","wpdc_pin_topic":"","wpdc_pin_until":"","discourse_post_id":"","discourse_permalink":"","wpdc_publishing_response":"","wpdc_publishing_error":"","footnotes":""},"class_list":["post-5325","page","type-page","status-publish","hentry"],"yoast_head":"<!-- This site is optimized with the Yoast SEO plugin v25.3.1 - https:\/\/yoast.com\/wordpress\/plugins\/seo\/ -->\n<title>Elfsight Podcast Player per il sito web jQuery (facile e veloce)<\/title>\n<meta name=\"description\" content=\"Utilizza la nostra demo accessibile e integra un Podcast Player reattivo sulla tua pagina web jQuery. Incorpora la nostra pratica demo e crea il tuo widget su misura senza alcuno sforzo!\" \/>\n<meta name=\"robots\" content=\"index, follow, max-snippet:-1, max-image-preview:large, max-video-preview:-1\" \/>\n<link rel=\"canonical\" href=\"https:\/\/elfsight.com\/it\/podcast-player-widget\/jquery\/\" \/>\n<meta property=\"og:locale\" content=\"it_IT\" \/>\n<meta property=\"og:type\" content=\"article\" \/>\n<meta property=\"og:title\" content=\"Elfsight Podcast Player per il sito web jQuery (facile e veloce)\" \/>\n<meta property=\"og:description\" content=\"Utilizza la nostra demo accessibile e integra un Podcast Player reattivo sulla tua pagina web jQuery. Incorpora la nostra pratica demo e crea il tuo widget su misura senza alcuno sforzo!\" \/>\n<meta property=\"og:url\" content=\"https:\/\/elfsight.com\/it\/podcast-player-widget\/jquery\/\" \/>\n<meta property=\"og:site_name\" content=\"Elfsight IT\" \/>\n<meta property=\"article:modified_time\" content=\"2025-03-19T06:21:26+00:00\" \/>\n<meta name=\"twitter:card\" content=\"summary_large_image\" \/>\n<meta name=\"twitter:label1\" content=\"Tempo di lettura stimato\" \/>\n\t<meta name=\"twitter:data1\" content=\"2 minuti\" \/>\n<!-- \/ Yoast SEO plugin. -->","yoast_head_json":{"title":"Elfsight Podcast Player per il sito web jQuery (facile e veloce)","description":"Utilizza la nostra demo accessibile e integra un Podcast Player reattivo sulla tua pagina web jQuery. Incorpora la nostra pratica demo e crea il tuo widget su misura senza alcuno sforzo!","robots":{"index":"index","follow":"follow","max-snippet":"max-snippet:-1","max-image-preview":"max-image-preview:large","max-video-preview":"max-video-preview:-1"},"canonical":"https:\/\/elfsight.com\/it\/podcast-player-widget\/jquery\/","og_locale":"it_IT","og_type":"article","og_title":"Elfsight Podcast Player per il sito web jQuery (facile e veloce)","og_description":"Utilizza la nostra demo accessibile e integra un Podcast Player reattivo sulla tua pagina web jQuery. Incorpora la nostra pratica demo e crea il tuo widget su misura senza alcuno sforzo!","og_url":"https:\/\/elfsight.com\/it\/podcast-player-widget\/jquery\/","og_site_name":"Elfsight IT","article_modified_time":"2025-03-19T06:21:26+00:00","twitter_card":"summary_large_image","twitter_misc":{"Tempo di lettura stimato":"2 minuti"},"schema":{"@context":"https:\/\/schema.org","@graph":[{"@type":"WebPage","@id":"https:\/\/elfsight.com\/it\/podcast-player-widget\/jquery\/","url":"https:\/\/elfsight.com\/it\/podcast-player-widget\/jquery\/","name":"Elfsight Podcast Player per il sito web jQuery (facile e veloce)","isPartOf":{"@id":"https:\/\/elfsight.com\/it\/#website"},"datePublished":"1970-01-01T00:00:00+00:00","dateModified":"2025-03-19T06:21:26+00:00","description":"Utilizza la nostra demo accessibile e integra un Podcast Player reattivo sulla tua pagina web jQuery. Incorpora la nostra pratica demo e crea il tuo widget su misura senza alcuno sforzo!","breadcrumb":{"@id":"https:\/\/elfsight.com\/it\/podcast-player-widget\/jquery\/#breadcrumb"},"inLanguage":"it-IT","potentialAction":[{"@type":"ReadAction","target":["https:\/\/elfsight.com\/it\/podcast-player-widget\/jquery\/"]}]},{"@type":"BreadcrumbList","@id":"https:\/\/elfsight.com\/it\/podcast-player-widget\/jquery\/#breadcrumb","itemListElement":[{"@type":"ListItem","position":1,"name":"Home","item":"https:\/\/elfsight.com\/it\/"},{"@type":"ListItem","position":2,"name":"Podcast Player","item":"https:\/\/elfsight.com\/it\/podcast-player-widget\/"},{"@type":"ListItem","position":3,"name":"Podcast Player &#8211; jQuery"}]},{"@type":"WebSite","@id":"https:\/\/elfsight.com\/it\/#website","url":"https:\/\/elfsight.com\/it\/","name":"Elfsight IT","description":"Just another Elfsight Sites site","potentialAction":[{"@type":"SearchAction","target":{"@type":"EntryPoint","urlTemplate":"https:\/\/elfsight.com\/it\/?s={search_term_string}"},"query-input":{"@type":"PropertyValueSpecification","valueRequired":true,"valueName":"search_term_string"}}],"inLanguage":"it-IT"}]}},"meta_box":{"industry":"","seo_heading":"","heading":"","description":"","cta_heading":"","cta_description":"","application":"2249","h1":"Plug-in jQuery Podcast Player","h1_caption":"Incorpora un lettore di podcast direttamente nel tuo sito web, consentendo agli utenti di ascoltare i tuoi episodi senza lasciare la pagina nel tuo sito web jQuery senza sforzo.","application_category":[],"applications_title":"","applications_request_title":"","applications_request_button_text":"","hero_text":"","hero_video":"","hero_video_schema_markup":"","selling_points_title":"","selling_points_caption":"","selling_points":[],"selling_points_cta_text":"","features_title":"","features":"","ed_cta_examples_text":"","ed_cta_examples_hidden":"","ed_cta_demo_text":"","ed_cta_demo_hidden":"","why_caption":"","why_editor_title":"","why_editor_text":"","why_team_title":"","why_team_text":"","why_service_title":"","why_service_text":"","template_catalog_visible":"0","template_catalog_title":"","template_catalog_text":"","template_catalog_categories_visible":"","demo_title":"Crea il tuo plug-in Podcast Player","demo_caption":"Configura il tuo Podcast Player e aggiungilo gratuitamente al tuo sito jQuery!","default_faq_hidden":"","app_template_category":[],"platform":"37","template_public_id":"","codecanyon_url":"","codecanyon_item_id":"","codecanyon_price":"","pricing_caption":"","pricing_elfsight_apps_hide_column":"","pricing_elfsight_apps_url":"","pricing_codecanyon_price_caption":"","integration_category":[],"integration_request_title":"","integration_request_cta":"","integration_platform":"","integrations":[],"platform_category":[],"video_schema_markup":"","price":"da $ 0 al mese","trial":"","benefits":[{"text":"Servizio di installazione gratuito"},{"text":"Assistenza clienti con esperienza"},{"text":"Garanzia di rimborso di 14 giorni"},{"text":"Futuri aggiornamenti gratuiti"}],"button_url":"#demo","button_target_blank":"0","button_nofollow":"0","attributes":[{"name":"Installazioni"},{"name":"Reattivo","content":"S\u00cc"},{"name":"Browser compatibili","content":"Firefox, Safari, Opera, Chrome, Edge"}],"tags":[],"tags_disable_links":"0","hide_more_platforms":"0","video_object":"","demo_hide_cta":"0","demo_hide_cloud_options":"0","pricing_title":"","pricing":[{"pricing_icon":"platform","pricing_title":"Elfsight Apps","pricing_title_caption":"Soluzione multipiattaforma che funziona su qualsiasi sito","pricing_price":"da $ 0 \/ mese","pricing_price_caption":"inizia con un piano gratuito","pricing_benefits":[{"text":"Domini illimitati"},{"text":"Supporto professionale e puntuale e ben documentato"},{"text":"Supporto per l'installazione senza costi"},{"text":"Progettazione flessibile"}],"pricing_button_text":"Aggiungi al sito web","pricing_button_url":"#demo"}],"related_apps_title":"","related_apps_hidden":"0","author":"","image":[],"title":"","job":"","social_networks":[]},"_links":{"self":[{"href":"https:\/\/elfsight.com\/it\/wp-json\/wp\/v2\/pages\/5325","targetHints":{"allow":["GET"]}}],"collection":[{"href":"https:\/\/elfsight.com\/it\/wp-json\/wp\/v2\/pages"}],"about":[{"href":"https:\/\/elfsight.com\/it\/wp-json\/wp\/v2\/types\/page"}],"author":[{"embeddable":true,"href":"https:\/\/elfsight.com\/it\/wp-json\/wp\/v2\/users\/9"}],"replies":[{"embeddable":true,"href":"https:\/\/elfsight.com\/it\/wp-json\/wp\/v2\/comments?post=5325"}],"version-history":[{"count":2,"href":"https:\/\/elfsight.com\/it\/wp-json\/wp\/v2\/pages\/5325\/revisions"}],"predecessor-version":[{"id":9187,"href":"https:\/\/elfsight.com\/it\/wp-json\/wp\/v2\/pages\/5325\/revisions\/9187"}],"up":[{"embeddable":true,"href":"https:\/\/elfsight.com\/it\/wp-json\/wp\/v2\/pages\/2250"}],"wp:attachment":[{"href":"https:\/\/elfsight.com\/it\/wp-json\/wp\/v2\/media?parent=5325"}],"curies":[{"name":"wp","href":"https:\/\/api.w.org\/{rel}","templated":true}]}}