{"id":5324,"date":"1970-01-01T00:00:00","date_gmt":"1970-01-01T00:00:00","guid":{"rendered":"https:\/\/elfsight.com\/it\/?page_id=5324"},"modified":"2025-03-19T06:24:49","modified_gmt":"2025-03-19T06:24:49","slug":"iframe","status":"publish","type":"page","link":"https:\/\/elfsight.com\/it\/podcast-player-widget\/iframe\/","title":{"rendered":"Podcast Player &#8211; iFrame"},"content":{"rendered":"\n<div class=\"application-platform-content-item-description application-platform-content-item\" id=\"description\" data-nav-section=\"description\"> <h2>Incorpora Podcast Player su iFrame con il widget Elfsight<\/h2> <p>Elfsight Podcast Player \u00e8 un semplice strumento per iFrame che ti offre l&#8217;opportunit\u00e0 per riprodurre i podcast direttamente sul tuo sito. Il plugin \u00e8 estremamente regolabile: puoi alterarne il posizionamento, inserendolo in qualsiasi punto della pagina, modificarne le dimensioni, ricolorare lo sfondo e altri elementi per combinarlo con il design del tuo sito web, utilizzare uno schema di colori scuri, visualizzare immagini e mostrare o nascondere altri 3 componenti del lettore come la barra di avanzamento e molti altri. Intrattieni i tuoi utenti, attiva l&#8217;opzione di riproduzione automatica e non avere dubbi: il tuo pubblico non abbandoner\u00e0 immediatamente la tua home page! <\/p> <p><b>Delizia i tuoi utenti fornendo loro materiali utili e interessanti utilizzando Elfsight Podcast Player.<\/b><\/p> <\/div> <div class=\"application-platform-content-item-features application-platform-content-item\" id=\"features\" data-nav-section=\"features\"> <h2>La chiave Le funzionalit\u00e0 del widget offrono<\/h2> <ul><li>Varie alterazioni di colore. <\/li><li>Due layout applicabili. <\/li><li>Un&#8217;opportunit\u00e0 per aggiungere un&#8217;immagine di sfondo. <\/li><li>Un numero illimitato di tracce. <\/li><li>Una possibilit\u00e0 di creare la tua combinazione di colori personalizzata. <\/li><\/ul><p><a href=\"#demo\">Puoi esplorare tutte le funzionalit\u00e0 del widget nella demo qui sotto<\/a><\/p> <\/div> <div class=\"application-platform-content-item- installazione application-platform-content-item\" id=\" installazione\" data-nav-section=\" installazione\"> <h2>Come faccio ad aggiungere Podcast Player sulla mia pagina web iFrame? <\/h2> <p>Segui semplicemente questi passaggi presentati di seguito per attivare lo strumento. <\/p> <ol><li><b>Gestisci la nostra demo gratuita e inizia a dare forma al tuo strumento personalizzato. <\/b><br> Trova l&#8217;aspetto e i parametri personalizzati dello strumento e salva le modifiche. <\/li> <li><b>Ricevi il codice individuale che appare nel riquadro delle App Elfsight. <\/b><br> Subito dopo aver completato la personalizzazione del tuo plugin, copia il codice individuale nel popup visualizzato e conservalo per un ulteriore utilizzo. <\/li> <li><b>Inizia a utilizzare il plug-in sul tuo sito web iFrame. <\/b><br> Inserisci il codice che hai copiato in precedenza nella tua home page e salva le correzioni. <\/li> <li><b>L&#8217;installazione \u00e8 terminata con successo. <\/b><br> Visita il tuo sito web per osservare come funziona il plug-in. <\/li><\/ol> <p>Se dovessi affrontare domande o incontrare qualche complicazione, non esitare a rivolgerti al nostro personale del servizio clienti. Il nostro personale sar\u00e0 lieto di risolvere tutti i problemi che potresti riscontrare con il plugin. <\/p> <div class=\"faq\" data-component=\"FAQ\"><div class=\"faq-item\">\r\n\t\t\t\t\t<div class=\"faq-item-question\">\r\n\t\t\t\t\t\t<h3 class=\"faq-item-question-text\">Come posso integrare un widget Podcast Player nel mio sito web iFrame senza competenze di codifica?<\/h3>\r\n\r\n\t\t\t\t\t\t<div class=\"faq-item-question-icon\"><\/div>\r\n\t\t\t\t\t<\/div>\r\n\r\n\t\t\t\t\t<div class=\"faq-item-answer\">\r\n\t\t\t\t\t\t<div class=\"faq-item-answer-text\"><p>Elfsight offre una soluzione basata su cloud che consente agli utenti di generare un widget Podcast Player tramite loro stessi. Scopri quanto \u00e8 semplice il processo:<\/p><ul><li>Accedi all&#8217;editor online per creare una sezione widget di Podcast Player che desideri incorporare nel tuo sito iFrame.<\/li><li>Seleziona uno dei nostri modelli predefiniti e configura le impostazioni del widget Podcast Player, personalizza il layout e la combinazione di colori, incorpora i tuoi contenuti senza alcun requisito di codifica.<\/li><li>Conserva le impostazioni che hai regolato per il widget Podcast Player e acquisisci il snippet di codice da incorporare, che pu\u00f2 essere facilmente inserito nel tuo sito iFrame senza alcun costo.<\/li><\/ul><p>Utilizzando l&#8217;editor intuitivo, qualsiasi utente di Internet pu\u00f2 creare una sezione widget di Podcast Player e aggiungerla al loro sito web iframe. Non \u00e8 necessario effettuare pagamenti o condividere i dettagli della tua carta di credito per accedere all&#8217;editor Elfsight. Se riscontri problemi in qualsiasi fase, non esitare a contattare il nostro supporto clienti per assistenza.<\/p><\/div>\r\n\t\t\t\t\t<\/div>\r\n\t\t\t\t<\/div><\/div><\/div>\n","protected":false},"excerpt":{"rendered":"","protected":false},"author":9,"featured_media":0,"parent":2250,"menu_order":0,"comment_status":"closed","ping_status":"closed","template":"templates\/template-application-platform.php","meta":{"publish_to_discourse":"","publish_post_category":"","wpdc_auto_publish_overridden":"","wpdc_topic_tags":"","wpdc_pin_topic":"","wpdc_pin_until":"","discourse_post_id":"","discourse_permalink":"","wpdc_publishing_response":"","wpdc_publishing_error":"","footnotes":""},"class_list":["post-5324","page","type-page","status-publish","hentry"],"yoast_head":"<!-- This site is optimized with the Yoast SEO plugin v25.3.1 - https:\/\/yoast.com\/wordpress\/plugins\/seo\/ -->\n<title>Sito web Elfsight Podcast Player per iFrame (facile e gratuito)<\/title>\n<meta name=\"description\" content=\"Utilizza la nostra demo gestibile e integra un Podcast Player reattivo sulla tua home page iFrame. Utilizza la nostra utile demo e crea il tuo widget su misura senza alcuno sforzo!\" \/>\n<meta name=\"robots\" content=\"index, follow, max-snippet:-1, max-image-preview:large, max-video-preview:-1\" \/>\n<link rel=\"canonical\" href=\"https:\/\/elfsight.com\/it\/podcast-player-widget\/iframe\/\" \/>\n<meta property=\"og:locale\" content=\"it_IT\" \/>\n<meta property=\"og:type\" content=\"article\" \/>\n<meta property=\"og:title\" content=\"Sito web Elfsight Podcast Player per iFrame (facile e gratuito)\" \/>\n<meta property=\"og:description\" content=\"Utilizza la nostra demo gestibile e integra un Podcast Player reattivo sulla tua home page iFrame. Utilizza la nostra utile demo e crea il tuo widget su misura senza alcuno sforzo!\" \/>\n<meta property=\"og:url\" content=\"https:\/\/elfsight.com\/it\/podcast-player-widget\/iframe\/\" \/>\n<meta property=\"og:site_name\" content=\"Elfsight IT\" \/>\n<meta property=\"article:modified_time\" content=\"2025-03-19T06:24:49+00:00\" \/>\n<meta name=\"twitter:card\" content=\"summary_large_image\" \/>\n<meta name=\"twitter:label1\" content=\"Tempo di lettura stimato\" \/>\n\t<meta name=\"twitter:data1\" content=\"3 minuti\" \/>\n<!-- \/ Yoast SEO plugin. -->","yoast_head_json":{"title":"Sito web Elfsight Podcast Player per iFrame (facile e gratuito)","description":"Utilizza la nostra demo gestibile e integra un Podcast Player reattivo sulla tua home page iFrame. Utilizza la nostra utile demo e crea il tuo widget su misura senza alcuno sforzo!","robots":{"index":"index","follow":"follow","max-snippet":"max-snippet:-1","max-image-preview":"max-image-preview:large","max-video-preview":"max-video-preview:-1"},"canonical":"https:\/\/elfsight.com\/it\/podcast-player-widget\/iframe\/","og_locale":"it_IT","og_type":"article","og_title":"Sito web Elfsight Podcast Player per iFrame (facile e gratuito)","og_description":"Utilizza la nostra demo gestibile e integra un Podcast Player reattivo sulla tua home page iFrame. Utilizza la nostra utile demo e crea il tuo widget su misura senza alcuno sforzo!","og_url":"https:\/\/elfsight.com\/it\/podcast-player-widget\/iframe\/","og_site_name":"Elfsight IT","article_modified_time":"2025-03-19T06:24:49+00:00","twitter_card":"summary_large_image","twitter_misc":{"Tempo di lettura stimato":"3 minuti"},"schema":{"@context":"https:\/\/schema.org","@graph":[{"@type":"WebPage","@id":"https:\/\/elfsight.com\/it\/podcast-player-widget\/iframe\/","url":"https:\/\/elfsight.com\/it\/podcast-player-widget\/iframe\/","name":"Sito web Elfsight Podcast Player per iFrame (facile e gratuito)","isPartOf":{"@id":"https:\/\/elfsight.com\/it\/#website"},"datePublished":"1970-01-01T00:00:00+00:00","dateModified":"2025-03-19T06:24:49+00:00","description":"Utilizza la nostra demo gestibile e integra un Podcast Player reattivo sulla tua home page iFrame. Utilizza la nostra utile demo e crea il tuo widget su misura senza alcuno sforzo!","breadcrumb":{"@id":"https:\/\/elfsight.com\/it\/podcast-player-widget\/iframe\/#breadcrumb"},"inLanguage":"it-IT","potentialAction":[{"@type":"ReadAction","target":["https:\/\/elfsight.com\/it\/podcast-player-widget\/iframe\/"]}]},{"@type":"BreadcrumbList","@id":"https:\/\/elfsight.com\/it\/podcast-player-widget\/iframe\/#breadcrumb","itemListElement":[{"@type":"ListItem","position":1,"name":"Home","item":"https:\/\/elfsight.com\/it\/"},{"@type":"ListItem","position":2,"name":"Podcast Player","item":"https:\/\/elfsight.com\/it\/podcast-player-widget\/"},{"@type":"ListItem","position":3,"name":"Podcast Player &#8211; iFrame"}]},{"@type":"WebSite","@id":"https:\/\/elfsight.com\/it\/#website","url":"https:\/\/elfsight.com\/it\/","name":"Elfsight IT","description":"Just another Elfsight Sites site","potentialAction":[{"@type":"SearchAction","target":{"@type":"EntryPoint","urlTemplate":"https:\/\/elfsight.com\/it\/?s={search_term_string}"},"query-input":{"@type":"PropertyValueSpecification","valueRequired":true,"valueName":"search_term_string"}}],"inLanguage":"it-IT"}]}},"meta_box":{"industry":"","seo_heading":"","heading":"","description":"","cta_heading":"","cta_description":"","application":"2249","h1":"Widget iFrame Podcast Player","h1_caption":"Incorpora un lettore di podcast direttamente nel tuo sito web, consentendo agli utenti di ascoltare i tuoi episodi senza lasciare la pagina nel tuo sito web iFrame senza sforzo.","application_category":[],"applications_title":"","applications_request_title":"","applications_request_button_text":"","hero_text":"","hero_video":"","hero_video_schema_markup":"","selling_points_title":"","selling_points_caption":"","selling_points":[],"selling_points_cta_text":"","features_title":"","features":"","ed_cta_examples_text":"","ed_cta_examples_hidden":"","ed_cta_demo_text":"","ed_cta_demo_hidden":"","why_caption":"","why_editor_title":"","why_editor_text":"","why_team_title":"","why_team_text":"","why_service_title":"","why_service_text":"","template_catalog_visible":"0","template_catalog_title":"","template_catalog_text":"","template_catalog_categories_visible":"","demo_title":"Crea il tuo widget Podcast Player","demo_caption":"Configura il tuo Podcast Player e aggiungilo gratuitamente al tuo sito iFrame!","default_faq_hidden":"","app_template_category":[],"platform":"54","template_public_id":"","codecanyon_url":"","codecanyon_item_id":"","codecanyon_price":"","pricing_caption":"","pricing_elfsight_apps_hide_column":"","pricing_elfsight_apps_url":"","pricing_codecanyon_price_caption":"","integration_category":[],"integration_request_title":"","integration_request_cta":"","integration_platform":"","integrations":[],"platform_category":[],"video_schema_markup":"","price":"da $ 0 al mese","trial":"","benefits":[{"text":"Assistenza gratuita per l'installazione"},{"text":"Supporto eccezionale"},{"text":"Garanzia di rimborso di 14 giorni"},{"text":"Aggiornamenti gratuiti continui"}],"button_url":"#demo","button_target_blank":"0","button_nofollow":"0","attributes":[{"name":"Installazioni"},{"name":"Reattivo","content":"S\u00cc"},{"name":"Browser compatibili","content":"IE11, Firefox, Safari, Opera, Chrome, Edge"}],"tags":[],"tags_disable_links":"0","hide_more_platforms":"0","video_object":"","demo_hide_cta":"0","demo_hide_cloud_options":"0","pricing_title":"","pricing":[{"pricing_icon":"platform","pricing_title":"Elfsight Apps","pricing_title_caption":"Soluzione digitale multipiattaforma adatta ad ogni sito","pricing_price":"da $ 0 \/ mese","pricing_price_caption":"inizia con il piano gratuito","pricing_benefits":[{"text":"Domini illimitati"},{"text":"Supporto gratuito"},{"text":"Aiuto per l'installazione gratuito"},{"text":"Offerta speciale per pi\u00f9 app"}],"pricing_button_text":"Aggiungi al sito web","pricing_button_url":"#demo"}],"related_apps_title":"","related_apps_hidden":"0","author":"","image":[],"title":"","job":"","social_networks":[]},"_links":{"self":[{"href":"https:\/\/elfsight.com\/it\/wp-json\/wp\/v2\/pages\/5324","targetHints":{"allow":["GET"]}}],"collection":[{"href":"https:\/\/elfsight.com\/it\/wp-json\/wp\/v2\/pages"}],"about":[{"href":"https:\/\/elfsight.com\/it\/wp-json\/wp\/v2\/types\/page"}],"author":[{"embeddable":true,"href":"https:\/\/elfsight.com\/it\/wp-json\/wp\/v2\/users\/9"}],"replies":[{"embeddable":true,"href":"https:\/\/elfsight.com\/it\/wp-json\/wp\/v2\/comments?post=5324"}],"version-history":[{"count":3,"href":"https:\/\/elfsight.com\/it\/wp-json\/wp\/v2\/pages\/5324\/revisions"}],"predecessor-version":[{"id":9191,"href":"https:\/\/elfsight.com\/it\/wp-json\/wp\/v2\/pages\/5324\/revisions\/9191"}],"up":[{"embeddable":true,"href":"https:\/\/elfsight.com\/it\/wp-json\/wp\/v2\/pages\/2250"}],"wp:attachment":[{"href":"https:\/\/elfsight.com\/it\/wp-json\/wp\/v2\/media?parent=5324"}],"curies":[{"name":"wp","href":"https:\/\/api.w.org\/{rel}","templated":true}]}}