{"id":5315,"date":"1970-01-01T00:00:00","date_gmt":"1970-01-01T00:00:00","guid":{"rendered":"https:\/\/elfsight.com\/it\/?page_id=5315"},"modified":"2025-03-19T06:30:23","modified_gmt":"2025-03-19T06:30:23","slug":"shopify","status":"publish","type":"page","link":"https:\/\/elfsight.com\/it\/podcast-player-widget\/shopify\/","title":{"rendered":"Podcast Player &#8211; Shopify"},"content":{"rendered":"\n<div class=\"application-platform-content-item-description application-platform-content-item\" id=\"description\" data-nav-section=\"description\"> <h2>Incorpora Podcast Player su Shopify con il widget Elfsight<\/h2> <p>Elfsight Podcast Player \u00e8 una semplice app per i siti Web Shopify che ti consente di riprodurre podcast sulle pagine del tuo sito web. Il widget \u00e8 totalmente personalizzabile: puoi modificarne il posizionamento, incorporandolo in qualsiasi punto della pagina, ridimensionarne le dimensioni, ricolorare lo sfondo e tutti gli altri elementi per combinarlo con il layout del tuo sito, utilizzare combinazioni di colori scuri, mostrare copertine e visualizzare o nascondere 3 dettagli aggiuntivi del giocatore, ad esempio barra di avanzamento e altri. Intrattieni i tuoi visitatori, attiva l&#8217;opzione di riproduzione automatica e non esitare: i tuoi utenti non lasceranno il tuo sito web in fretta!<\/p> <p><b>Delizia il tuo pubblico fornendo loro informazioni preziose e interessanti con l&#8217;aiuto di Elfsight Podcast Player.<\/b><\/p> <\/div> <div class=\"application-platform-content-item-features application-platform-content-item\" id=\"features\" data-nav-section=\"features\"> <h2>Visualizza l&#8217;elenco delle funzionalit\u00e0 pi\u00f9 utili: <\/h2> <ul><li>Alterazioni di colore illimitate. <\/li><li>2 layout pronti per l&#8217;uso. <\/li><li>Un&#8217;opzione per aggiungere un&#8217;immagine di sfondo. <\/li><li>Aggiungi un numero illimitato di tracce. <\/li><li>Una possibilit\u00e0 di progettare il proprio tema di colori. <\/li><\/ul><p><a href=\"#demo\">Prova tutte le opzioni di personalizzazione nella demo completa<\/a><\/p> <\/div> <div class=\"application-platform-content-item-installation application-platform-content-item\" id=\"installation\" data-nav-section=\"installation\"> <h2>Come incorporare Podcast Player nel mio sito web Shopify? <\/h2><div class=\"video-container\"><iframe width=\"560\" height=\"315\" src=\"https:\/\/www.youtube.com\/embed\/Fi5U7dgsZAo?si=zNxXezV-cCTbR29z\" frameborder=\"0\" allow=\"accelerometer; autoplay; clipboard-write; encrypted-media; gyroscope; picture-in-picture; web-share\" allowfullscreen><\/iframe><\/div><p>Segui semplicemente i passaggi descritti di seguito per integrare l&#8217;app. <\/p> <ol><li><b>Utilizza il nostro configuratore gratuito e inizia a lavorare con la tua app personalizzata. <\/b><br> Determina la forma selezionata e le caratteristiche dell&#8217;app e salva tutte le correzioni. <\/li> <li><b>Ricevi il tuo codice individuale visualizzato nella casella delle app Elfsight. <\/b><br> Una volta completata la creazione della tua app personale, copia il codice individuale nel riquadro visualizzato e conservalo per future necessit\u00e0. <\/li> <li><b>Inizia a utilizzare l&#8217;app sul tuo sito Shopify. <\/b><br> Implementa il codice che hai salvato di recente nella tua pagina web e applica le modifiche. <\/li> <li><b>Fatto! L&#8217;integrazione \u00e8 terminata con successo. <\/b><br> Apri il tuo sito web per vedere come funziona l&#8217;app. <\/li><\/ol><p>In caso di difficolt\u00e0, non aver paura di chiedere assistenza al nostro team di supporto. I nostri consulenti saranno lieti di aiutarti con tutti i problemi che potresti riscontrare con lo strumento. <\/p><div class=\"faq\" data-component=\"FAQ\"><div class=\"faq-item\">\r\n\t\t\t\t\t<div class=\"faq-item-question\">\r\n\t\t\t\t\t\t<h3 class=\"faq-item-question-text\">Come posso incorporare un Podcast Player per Shopify senza competenze di programmazione?<\/h3>\r\n\r\n\t\t\t\t\t\t<div class=\"faq-item-question-icon\"><\/div>\r\n\t\t\t\t\t<\/div>\r\n\r\n\t\t\t\t\t<div class=\"faq-item-answer\">\r\n\t\t\t\t\t\t<div class=\"faq-item-answer-text\"><p>Elfsight fornisce una soluzione basata su cloud che consente agli utenti di creare da soli un Podcast Player per Shopify. Scopri quanto pu\u00f2 essere semplice il processo:<\/p><ul><li>Accedi all&#8217;editor online per generare una sezione Podcast Player che desideri integrare nel tuo negozio Shopify.<\/li><li>Scegli uno dei i nostri modelli predefiniti e personalizza le impostazioni di Podcast Player, regolando il layout e la combinazione di colori e includendo i tuoi contenuti senza alcuna necessit\u00e0 di codifica.<\/li><li>Salva le impostazioni che hai configurato per Podcast Player e ottieni il codice per l&#8217;incorporamento, che pu\u00f2 essere aggiunto facilmente e gratuitamente al tuo negozio Shopify.<\/li><\/ul><p>Lavorando nell&#8217;editor intuitivo, qualsiasi utente di Internet pu\u00f2 creare una sezione Podcast Player e incorporarla il loro negozio Shopify. Non \u00e8 richiesto alcun pagamento o la necessit\u00e0 di divulgare i dati della tua carta per accedere all&#8217;editor Elfsight. Se riscontri difficolt\u00e0 in qualsiasi momento, non esitare a contattare la nostra assistenza clienti.<\/p><\/div>\r\n\t\t\t\t\t<\/div>\r\n\t\t\t\t<\/div><\/div> <\/div>\n","protected":false},"excerpt":{"rendered":"","protected":false},"author":9,"featured_media":0,"parent":2250,"menu_order":0,"comment_status":"closed","ping_status":"closed","template":"templates\/template-application-platform.php","meta":{"publish_to_discourse":"","publish_post_category":"","wpdc_auto_publish_overridden":"","wpdc_topic_tags":"","wpdc_pin_topic":"","wpdc_pin_until":"","discourse_post_id":"","discourse_permalink":"","wpdc_publishing_response":"","wpdc_publishing_error":"","footnotes":""},"class_list":["post-5315","page","type-page","status-publish","hentry"],"yoast_head":"<!-- This site is optimized with the Yoast SEO plugin v25.3.1 - https:\/\/yoast.com\/wordpress\/plugins\/seo\/ -->\n<title>Elfsight Podcast Player per il sito Web Shopify (gratuito e semplice)<\/title>\n<meta name=\"description\" content=\"Applica la nostra demo accessibile e implementa un Podcast Player reattivo sul tuo sito web Shopify. Incorpora la nostra demo gestibile e crea la tua app personalizzata in 1-2-3!\" \/>\n<meta name=\"robots\" content=\"index, follow, max-snippet:-1, max-image-preview:large, max-video-preview:-1\" \/>\n<link rel=\"canonical\" href=\"https:\/\/elfsight.com\/it\/podcast-player-widget\/shopify\/\" \/>\n<meta property=\"og:locale\" content=\"it_IT\" \/>\n<meta property=\"og:type\" content=\"article\" \/>\n<meta property=\"og:title\" content=\"Elfsight Podcast Player per il sito Web Shopify (gratuito e semplice)\" \/>\n<meta property=\"og:description\" content=\"Applica la nostra demo accessibile e implementa un Podcast Player reattivo sul tuo sito web Shopify. Incorpora la nostra demo gestibile e crea la tua app personalizzata in 1-2-3!\" \/>\n<meta property=\"og:url\" content=\"https:\/\/elfsight.com\/it\/podcast-player-widget\/shopify\/\" \/>\n<meta property=\"og:site_name\" content=\"Elfsight IT\" \/>\n<meta property=\"article:modified_time\" content=\"2025-03-19T06:30:23+00:00\" \/>\n<meta name=\"twitter:card\" content=\"summary_large_image\" \/>\n<meta name=\"twitter:label1\" content=\"Tempo di lettura stimato\" \/>\n\t<meta name=\"twitter:data1\" content=\"3 minuti\" \/>\n<!-- \/ Yoast SEO plugin. -->","yoast_head_json":{"title":"Elfsight Podcast Player per il sito Web Shopify (gratuito e semplice)","description":"Applica la nostra demo accessibile e implementa un Podcast Player reattivo sul tuo sito web Shopify. Incorpora la nostra demo gestibile e crea la tua app personalizzata in 1-2-3!","robots":{"index":"index","follow":"follow","max-snippet":"max-snippet:-1","max-image-preview":"max-image-preview:large","max-video-preview":"max-video-preview:-1"},"canonical":"https:\/\/elfsight.com\/it\/podcast-player-widget\/shopify\/","og_locale":"it_IT","og_type":"article","og_title":"Elfsight Podcast Player per il sito Web Shopify (gratuito e semplice)","og_description":"Applica la nostra demo accessibile e implementa un Podcast Player reattivo sul tuo sito web Shopify. Incorpora la nostra demo gestibile e crea la tua app personalizzata in 1-2-3!","og_url":"https:\/\/elfsight.com\/it\/podcast-player-widget\/shopify\/","og_site_name":"Elfsight IT","article_modified_time":"2025-03-19T06:30:23+00:00","twitter_card":"summary_large_image","twitter_misc":{"Tempo di lettura stimato":"3 minuti"},"schema":{"@context":"https:\/\/schema.org","@graph":[{"@type":"WebPage","@id":"https:\/\/elfsight.com\/it\/podcast-player-widget\/shopify\/","url":"https:\/\/elfsight.com\/it\/podcast-player-widget\/shopify\/","name":"Elfsight Podcast Player per il sito Web Shopify (gratuito e semplice)","isPartOf":{"@id":"https:\/\/elfsight.com\/it\/#website"},"datePublished":"1970-01-01T00:00:00+00:00","dateModified":"2025-03-19T06:30:23+00:00","description":"Applica la nostra demo accessibile e implementa un Podcast Player reattivo sul tuo sito web Shopify. Incorpora la nostra demo gestibile e crea la tua app personalizzata in 1-2-3!","breadcrumb":{"@id":"https:\/\/elfsight.com\/it\/podcast-player-widget\/shopify\/#breadcrumb"},"inLanguage":"it-IT","potentialAction":[{"@type":"ReadAction","target":["https:\/\/elfsight.com\/it\/podcast-player-widget\/shopify\/"]}]},{"@type":"BreadcrumbList","@id":"https:\/\/elfsight.com\/it\/podcast-player-widget\/shopify\/#breadcrumb","itemListElement":[{"@type":"ListItem","position":1,"name":"Home","item":"https:\/\/elfsight.com\/it\/"},{"@type":"ListItem","position":2,"name":"Podcast Player","item":"https:\/\/elfsight.com\/it\/podcast-player-widget\/"},{"@type":"ListItem","position":3,"name":"Podcast Player &#8211; Shopify"}]},{"@type":"WebSite","@id":"https:\/\/elfsight.com\/it\/#website","url":"https:\/\/elfsight.com\/it\/","name":"Elfsight IT","description":"Just another Elfsight Sites site","potentialAction":[{"@type":"SearchAction","target":{"@type":"EntryPoint","urlTemplate":"https:\/\/elfsight.com\/it\/?s={search_term_string}"},"query-input":{"@type":"PropertyValueSpecification","valueRequired":true,"valueName":"search_term_string"}}],"inLanguage":"it-IT"}]}},"meta_box":{"industry":"","seo_heading":"","heading":"","description":"","cta_heading":"","cta_description":"","application":"2249","h1":"Applicazione Shopify Podcast Player","h1_caption":"Incorpora un lettore di podcast direttamente nel tuo sito web, consentendo agli utenti di ascoltare i tuoi episodi senza lasciare la pagina nel tuo sito web Shopify senza sforzo.","application_category":[],"applications_title":"","applications_request_title":"","applications_request_button_text":"","hero_text":"","hero_video":"","hero_video_schema_markup":"","selling_points_title":"","selling_points_caption":"","selling_points":[],"selling_points_cta_text":"","features_title":"","features":"","ed_cta_examples_text":"","ed_cta_examples_hidden":"","ed_cta_demo_text":"","ed_cta_demo_hidden":"","why_caption":"","why_editor_title":"","why_editor_text":"","why_team_title":"","why_team_text":"","why_service_title":"","why_service_text":"","template_catalog_visible":"0","template_catalog_title":"","template_catalog_text":"","template_catalog_categories_visible":"","demo_title":"Crea la tua app Podcast Player","demo_caption":"Configura il tuo Podcast Player e aggiungilo gratuitamente al tuo sito Shopify!","default_faq_hidden":"","app_template_category":[],"platform":"42","template_public_id":"","codecanyon_url":"","codecanyon_item_id":"","codecanyon_price":"","pricing_caption":"","pricing_elfsight_apps_hide_column":"","pricing_elfsight_apps_url":"","pricing_codecanyon_price_caption":"","integration_category":[],"integration_request_title":"","integration_request_cta":"","integration_platform":"","integrations":[],"platform_category":[],"video_schema_markup":"","price":"da $ 0 al mese","trial":"","benefits":[{"text":"Servizio di installazione gratuito"},{"text":"Supporto premium"},{"text":"Garanzia di rimborso di 14 giorni"},{"text":"Aggiornamenti gratuiti continui"}],"button_url":"#demo","button_target_blank":"0","button_nofollow":"0","attributes":[{"name":"Installazioni"},{"name":"Reattivo","content":"S\u00cc"},{"name":"Browser compatibili","content":"Firefox, Safari, Opera, Chrome, Edge"}],"tags":[],"tags_disable_links":"0","hide_more_platforms":"0","video_object":"","demo_hide_cta":"0","demo_hide_cloud_options":"0","pricing_title":"","pricing":[{"pricing_icon":"cloud","pricing_title":"Elfsight Apps","pricing_title_caption":"Versione multipiattaforma che funziona su ogni sito","pricing_price":"da $ 0 \/ mese","pricing_price_caption":"inizia con il piano gratuito","pricing_benefits":[{"text":"Siti web illimitati"},{"text":"Supporto premium"},{"text":"Servizio di installazione gratuito"},{"text":"Offerta speciale per pi\u00f9 app"}],"pricing_button_text":"Aggiungi al sito web","pricing_button_url":"#demo"}],"related_apps_title":"","related_apps_hidden":"0","author":"","image":[],"title":"","job":"","social_networks":[]},"_links":{"self":[{"href":"https:\/\/elfsight.com\/it\/wp-json\/wp\/v2\/pages\/5315","targetHints":{"allow":["GET"]}}],"collection":[{"href":"https:\/\/elfsight.com\/it\/wp-json\/wp\/v2\/pages"}],"about":[{"href":"https:\/\/elfsight.com\/it\/wp-json\/wp\/v2\/types\/page"}],"author":[{"embeddable":true,"href":"https:\/\/elfsight.com\/it\/wp-json\/wp\/v2\/users\/9"}],"replies":[{"embeddable":true,"href":"https:\/\/elfsight.com\/it\/wp-json\/wp\/v2\/comments?post=5315"}],"version-history":[{"count":3,"href":"https:\/\/elfsight.com\/it\/wp-json\/wp\/v2\/pages\/5315\/revisions"}],"predecessor-version":[{"id":9197,"href":"https:\/\/elfsight.com\/it\/wp-json\/wp\/v2\/pages\/5315\/revisions\/9197"}],"up":[{"embeddable":true,"href":"https:\/\/elfsight.com\/it\/wp-json\/wp\/v2\/pages\/2250"}],"wp:attachment":[{"href":"https:\/\/elfsight.com\/it\/wp-json\/wp\/v2\/media?parent=5315"}],"curies":[{"name":"wp","href":"https:\/\/api.w.org\/{rel}","templated":true}]}}