{"id":5308,"date":"1970-01-01T00:00:00","date_gmt":"1970-01-01T00:00:00","guid":{"rendered":"https:\/\/elfsight.com\/it\/?page_id=5308"},"modified":"2025-03-19T06:37:52","modified_gmt":"2025-03-19T06:37:52","slug":"webnode","status":"publish","type":"page","link":"https:\/\/elfsight.com\/it\/podcast-player-widget\/webnode\/","title":{"rendered":"Podcast Player &#8211; Webnode"},"content":{"rendered":"\n<div class=\"application-platform-content-item-description application-platform-content-item\" id=\"description\" data-nav-section=\"description\"> <h2>Descrizione<\/h2> <p>Elfsight Podcast Player \u00e8 un semplice strumento per Webnode che ti d\u00e0 l&#8217;opportunit\u00e0 di trasmettere podcast in streaming sulle pagine del tuo sito web. Il widget \u00e8 notevolmente modificabile: sei libero di cambiare la sua posizione, incorporarlo in qualsiasi punto della pagina, cambiarne le dimensioni, ricolorare lo sfondo e tutti gli altri elementi per fonderlo con lo stile del tuo sito web, utilizzare una combinazione di colori scuri, mostrare copertine e mostrare o nascondere altri 3 componenti del lettore, ad esempio la barra di avanzamento e altri. Coinvolgi i tuoi visitatori, attiva l&#8217;opzione di riproduzione automatica e non esitare: i tuoi visitatori non lasceranno il tuo sito web in fretta!<\/p> <p><b>Delizia i tuoi utenti fornendo loro informazioni utili e divertenti utilizzando Elfsight Podcast Player.<\/b><\/p> <\/div> <div class=\"application-platform-content-item-features application-platform-content-item\" id=\"features\" data-nav-section=\"features\"> <h2>Questi sono solo alcune delle numerose funzionalit\u00e0 del widget: <\/h2> <ul><li>Varie varianti di colore. <\/li><li>2 layout applicabili. <\/li><li>Un&#8217;opzione per utilizzare l&#8217;immagine di sfondo. <\/li><li>Aggiungi una quantit\u00e0 infinita di tracce. <\/li><li>Una possibilit\u00e0 di progettare il tuo tema colore personalizzato. <\/li><\/ul><p><a href=\"#demo\">Puoi provare come funziona il widget con l&#8217;aiuto della demo<\/a><\/p> <\/div> <div class=\"application-platform-content-item- installazione application-platform-content-item\" id=\" installazione\" data-nav-section=\" installazione\"> <h2>Come incorporo Podcast Player nel mio sito Webnode? <\/h2> <p>Segui semplicemente le linee guida seguenti per integrare lo strumento. <\/p> <ol><li><b>Apri il nostro configuratore gratuito e inizia a costruire il tuo strumento personalizzato. <\/b><br> Scegli il design e le caratteristiche selezionati del widget e applica le modifiche. <\/li> <li><b>Copia il tuo codice individuale rivelato nella casella su Elfsight Apps. <\/b><br> Non appena terminata la configurazione del tuo plugin personale, copia il codice individuale nella casella visualizzata e salvalo per necessit\u00e0 future. <\/li> <li><b>Accedi utilizzando lo strumento sulla tua pagina web Webnode. <\/b><br> Inserisci il codice che hai copiato in precedenza nel tuo sito web e salva le modifiche. <\/li> <li><b>L&#8217;installazione \u00e8 stata eseguita con successo. <\/b><br> Visita la tua pagina per vedere in azione come funziona il widget. <\/li><\/ol> <p>Se incontri qualche difficolt\u00e0, rivolgiti al nostro team di supporto. I nostri consulenti desiderano risolvere tutti i problemi che potresti avere con il prodotto. <\/p> <\/div>\n","protected":false},"excerpt":{"rendered":"","protected":false},"author":9,"featured_media":0,"parent":2250,"menu_order":0,"comment_status":"closed","ping_status":"closed","template":"templates\/template-application-platform.php","meta":{"publish_to_discourse":"","publish_post_category":"","wpdc_auto_publish_overridden":"","wpdc_topic_tags":"","wpdc_pin_topic":"","wpdc_pin_until":"","discourse_post_id":"","discourse_permalink":"","wpdc_publishing_response":"","wpdc_publishing_error":"","footnotes":""},"class_list":["post-5308","page","type-page","status-publish","hentry"],"yoast_head":"<!-- This site is optimized with the Yoast SEO plugin v25.3.1 - https:\/\/yoast.com\/wordpress\/plugins\/seo\/ -->\n<title>Elfsight Podcast Player per il sito Webnode (gratuito e facile)<\/title>\n<meta name=\"description\" content=\"Inizia a utilizzare la nostra demo accessibile e incorpora un Podcast Player reattivo nella tua home page di Webnode. Incorpora la nostra utile demo e crea il tuo plugin personalizzato senza alcuno sforzo!\" \/>\n<meta name=\"robots\" content=\"index, follow, max-snippet:-1, max-image-preview:large, max-video-preview:-1\" \/>\n<link rel=\"canonical\" href=\"https:\/\/elfsight.com\/it\/podcast-player-widget\/webnode\/\" \/>\n<meta property=\"og:locale\" content=\"it_IT\" \/>\n<meta property=\"og:type\" content=\"article\" \/>\n<meta property=\"og:title\" content=\"Elfsight Podcast Player per il sito Webnode (gratuito e facile)\" \/>\n<meta property=\"og:description\" content=\"Inizia a utilizzare la nostra demo accessibile e incorpora un Podcast Player reattivo nella tua home page di Webnode. Incorpora la nostra utile demo e crea il tuo plugin personalizzato senza alcuno sforzo!\" \/>\n<meta property=\"og:url\" content=\"https:\/\/elfsight.com\/it\/podcast-player-widget\/webnode\/\" \/>\n<meta property=\"og:site_name\" content=\"Elfsight IT\" \/>\n<meta property=\"article:modified_time\" content=\"2025-03-19T06:37:52+00:00\" \/>\n<meta name=\"twitter:card\" content=\"summary_large_image\" \/>\n<meta name=\"twitter:label1\" content=\"Tempo di lettura stimato\" \/>\n\t<meta name=\"twitter:data1\" content=\"2 minuti\" \/>\n<!-- \/ Yoast SEO plugin. -->","yoast_head_json":{"title":"Elfsight Podcast Player per il sito Webnode (gratuito e facile)","description":"Inizia a utilizzare la nostra demo accessibile e incorpora un Podcast Player reattivo nella tua home page di Webnode. Incorpora la nostra utile demo e crea il tuo plugin personalizzato senza alcuno sforzo!","robots":{"index":"index","follow":"follow","max-snippet":"max-snippet:-1","max-image-preview":"max-image-preview:large","max-video-preview":"max-video-preview:-1"},"canonical":"https:\/\/elfsight.com\/it\/podcast-player-widget\/webnode\/","og_locale":"it_IT","og_type":"article","og_title":"Elfsight Podcast Player per il sito Webnode (gratuito e facile)","og_description":"Inizia a utilizzare la nostra demo accessibile e incorpora un Podcast Player reattivo nella tua home page di Webnode. Incorpora la nostra utile demo e crea il tuo plugin personalizzato senza alcuno sforzo!","og_url":"https:\/\/elfsight.com\/it\/podcast-player-widget\/webnode\/","og_site_name":"Elfsight IT","article_modified_time":"2025-03-19T06:37:52+00:00","twitter_card":"summary_large_image","twitter_misc":{"Tempo di lettura stimato":"2 minuti"},"schema":{"@context":"https:\/\/schema.org","@graph":[{"@type":"WebPage","@id":"https:\/\/elfsight.com\/it\/podcast-player-widget\/webnode\/","url":"https:\/\/elfsight.com\/it\/podcast-player-widget\/webnode\/","name":"Elfsight Podcast Player per il sito Webnode (gratuito e facile)","isPartOf":{"@id":"https:\/\/elfsight.com\/it\/#website"},"datePublished":"1970-01-01T00:00:00+00:00","dateModified":"2025-03-19T06:37:52+00:00","description":"Inizia a utilizzare la nostra demo accessibile e incorpora un Podcast Player reattivo nella tua home page di Webnode. Incorpora la nostra utile demo e crea il tuo plugin personalizzato senza alcuno sforzo!","breadcrumb":{"@id":"https:\/\/elfsight.com\/it\/podcast-player-widget\/webnode\/#breadcrumb"},"inLanguage":"it-IT","potentialAction":[{"@type":"ReadAction","target":["https:\/\/elfsight.com\/it\/podcast-player-widget\/webnode\/"]}]},{"@type":"BreadcrumbList","@id":"https:\/\/elfsight.com\/it\/podcast-player-widget\/webnode\/#breadcrumb","itemListElement":[{"@type":"ListItem","position":1,"name":"Home","item":"https:\/\/elfsight.com\/it\/"},{"@type":"ListItem","position":2,"name":"Podcast Player","item":"https:\/\/elfsight.com\/it\/podcast-player-widget\/"},{"@type":"ListItem","position":3,"name":"Podcast Player &#8211; Webnode"}]},{"@type":"WebSite","@id":"https:\/\/elfsight.com\/it\/#website","url":"https:\/\/elfsight.com\/it\/","name":"Elfsight IT","description":"Just another Elfsight Sites site","potentialAction":[{"@type":"SearchAction","target":{"@type":"EntryPoint","urlTemplate":"https:\/\/elfsight.com\/it\/?s={search_term_string}"},"query-input":{"@type":"PropertyValueSpecification","valueRequired":true,"valueName":"search_term_string"}}],"inLanguage":"it-IT"}]}},"meta_box":{"industry":"","seo_heading":"","heading":"","description":"","cta_heading":"","cta_description":"","application":"2249","h1":"Widget del lettore podcast di Webnode","h1_caption":"Incorpora un lettore di podcast direttamente sul tuo sito web, consentendo agli utenti di ascoltare i tuoi episodi senza lasciare la pagina del tuo sito Webnode senza sforzo.","application_category":[],"applications_title":"","applications_request_title":"","applications_request_button_text":"","hero_text":"","hero_video":"","hero_video_schema_markup":"","selling_points_title":"","selling_points_caption":"","selling_points":[],"selling_points_cta_text":"","features_title":"","features":"","ed_cta_examples_text":"","ed_cta_examples_hidden":"","ed_cta_demo_text":"","ed_cta_demo_hidden":"","why_caption":"","why_editor_title":"","why_editor_text":"","why_team_title":"","why_team_text":"","why_service_title":"","why_service_text":"","template_catalog_visible":"0","template_catalog_title":"","template_catalog_text":"","template_catalog_categories_visible":"","demo_title":"Crea il tuo widget Podcast Player","demo_caption":"Configura il tuo Podcast Player e aggiungilo gratuitamente al tuo sito Webnode!","default_faq_hidden":"","app_template_category":[],"platform":"47","template_public_id":"","codecanyon_url":"","codecanyon_item_id":"","codecanyon_price":"","pricing_caption":"","pricing_elfsight_apps_hide_column":"","pricing_elfsight_apps_url":"","pricing_codecanyon_price_caption":"","integration_category":[],"integration_request_title":"","integration_request_cta":"","integration_platform":"","integrations":[],"platform_category":[],"video_schema_markup":"","price":"da $ 0 al mese","trial":"","benefits":[{"text":"Servizio di installazione gratuito"},{"text":"Servizio clienti competente"},{"text":"Garanzia di rimborso di 14 giorni"},{"text":"Aggiornamento costante"}],"button_url":"#demo","button_target_blank":"0","button_nofollow":"0","attributes":[{"name":"Installazioni"},{"name":"Reattivo","content":"S\u00cc"},{"name":"Browser compatibili","content":"Firefox, Edge, Safari, Chrome, Opera"}],"tags":[],"tags_disable_links":"0","hide_more_platforms":"0","video_object":"","demo_hide_cta":"0","demo_hide_cloud_options":"0","pricing_title":"","pricing":[{"pricing_icon":"platform","pricing_title":"Elfsight Apps","pricing_title_caption":"Soluzione digitale indipendente dalla piattaforma adatta a qualsiasi sito","pricing_price":"da $ 0 \/ mese","pricing_price_caption":"inizia con il piano gratuito","pricing_benefits":[{"text":"Siti web illimitati"},{"text":"Supporto aziendale dedicato"},{"text":"Aiuto per l'installazione gratuito"},{"text":"Offerta speciale per pi\u00f9 app"}],"pricing_button_text":"Aggiungi al sito web","pricing_button_url":"#demo"}],"related_apps_title":"","related_apps_hidden":"0","author":"","image":[],"title":"","job":"","social_networks":[]},"_links":{"self":[{"href":"https:\/\/elfsight.com\/it\/wp-json\/wp\/v2\/pages\/5308","targetHints":{"allow":["GET"]}}],"collection":[{"href":"https:\/\/elfsight.com\/it\/wp-json\/wp\/v2\/pages"}],"about":[{"href":"https:\/\/elfsight.com\/it\/wp-json\/wp\/v2\/types\/page"}],"author":[{"embeddable":true,"href":"https:\/\/elfsight.com\/it\/wp-json\/wp\/v2\/users\/9"}],"replies":[{"embeddable":true,"href":"https:\/\/elfsight.com\/it\/wp-json\/wp\/v2\/comments?post=5308"}],"version-history":[{"count":2,"href":"https:\/\/elfsight.com\/it\/wp-json\/wp\/v2\/pages\/5308\/revisions"}],"predecessor-version":[{"id":9203,"href":"https:\/\/elfsight.com\/it\/wp-json\/wp\/v2\/pages\/5308\/revisions\/9203"}],"up":[{"embeddable":true,"href":"https:\/\/elfsight.com\/it\/wp-json\/wp\/v2\/pages\/2250"}],"wp:attachment":[{"href":"https:\/\/elfsight.com\/it\/wp-json\/wp\/v2\/media?parent=5308"}],"curies":[{"name":"wp","href":"https:\/\/api.w.org\/{rel}","templated":true}]}}